{"id":39255,"date":"2025-08-28T18:02:09","date_gmt":"2025-08-28T18:02:09","guid":{"rendered":"https:\/\/live-southcoast-health-multi.southcoast-health.org\/?page_id=39255"},"modified":"2025-10-08T19:35:44","modified_gmt":"2025-10-08T19:35:44","slug":"other-ways-to-give","status":"publish","type":"page","link":"https:\/\/www.southcoast.org\/pt\/giving\/other-ways-to-give\/","title":{"rendered":"Outras formas de dar"},"content":{"rendered":"<div  class=\"blockSettings  paddingTopSM paddingBottomMD heroBasicFluid darkTheme\" style=\"background-image:url(https:\/\/www.southcoast.org\/wp-content\/uploads\/2025\/06\/career_eras_tour_hero.webp);background-size:cover;background-position:center center;\"><div class=\"overlay\"><\/div><div class=\"container\">\n            <div class=\"grid\">\n            <div class=\"col-sm-12 col-bleed-y\">\n                <div class=\"Center\">\n                    <div class=\"breadcrumbsWrapper desktop-breadcrumbs\"><nav id=\"breadcrumbs\" aria-label=\"P\u00e3o ralado\"><ol><li><a href=\"https:\/\/www.southcoast.org\/pt\/\"><i class=\"fa-light fa-house\"><\/i><span class=\"visually-hidden\">In\u00edcio<\/span><\/a><\/li><\/ol><\/nav><\/div><div class=\"breadcrumbsWrapper mobile-breadcrumbs\"><p id=\"mobile-breadcrumbs\"><span><span><a href=\"https:\/\/www.southcoast.org\/pt\"><i class=\"far fa-home\"><\/i><\/a><\/span> <i class=\"fa-solid fa-chevron-right separator\"><\/i> <span><a href=\"https:\/\/www.southcoast.org\/pt\/giving\/\">Dar<\/a><\/span><\/span><\/p><\/div>                <\/div>\n            <\/div>\n        <\/div>\n        <div class=\"grid align-center\">\n        <div class=\"col-sm-10\">\n            <div class=\"Center\">\n\n                    <div class=\"mainCopyWrap\">\n            <h1>Outras formas de dar<\/h1>\n    <div class=\"paragraphWrap\"><p>Desde distribui\u00e7\u00f5es de caridade qualificadas de uma conta de reforma a fundos aconselhados por doadores, a Southcoast Health oferece v\u00e1rias formas de doa\u00e7\u00e3o. <\/p><\/div>    <\/div>\n    \n                \n            <\/div>\n        <\/div>\n    <\/div>\n<\/div>\n    <div class=\"cornerArtWrapper cornerArt-small\">\n        <img decoding=\"async\" class=\"cornerArt\" src=\"https:\/\/www.southcoast.org\/wp-content\/themes\/southcoast_multisite\/images\/corner-art.svg\" alt=\"\">\n    <\/div>\n<\/div>\n\n\n\n\n<div  class=\"blockSettings  paddingTopMD paddingBottomSM media-object-block light\" style=\"background-color:#fff;\"><div class=\"container\">\n\t<div class=\"grid\">\n\t\t<div class=\"col-sm-12\">\n\t\t\t<div class=\"inner image-right list-style-disc inner-white-bg\" style=\"background-color: #fff;\">\n\t\t\t\t<div class=\"copy\">\n\t\t\t\t\t    <div class=\"mainCopyWrap\">\n            <h2>A cura come\u00e7a em si<\/h2>\n    <div class=\"paragraphWrap\"><p><span class=\"TextRun SCXW174920741 BCX8\" lang=\"EN-US\" xml:lang=\"EN-US\" data-contrast=\"auto\"><span class=\"NormalTextRun SCXW174920741 BCX8\">Ofertas do seu plano de reforma<\/span><span class=\"NormalTextRun SCXW174920741 BCX8\"> (como uma distribui\u00e7\u00e3o m\u00ednima exigida)<\/span><span class=\"NormalTextRun SCXW174920741 BCX8\"> ou fundo de donativos aconselhados s\u00e3o <\/span><span class=\"NormalTextRun SCXW174920741 BCX8\">uma \u00f3ptima maneira<\/span><span class=\"NormalTextRun SCXW174920741 BCX8\"> para fazer uma doa\u00e7\u00e3o significativa \u00e0 Southcoast Health e, ao mesmo tempo, receber vantagens e poupan\u00e7as fiscais<\/span><span class=\"NormalTextRun SCXW174920741 BCX8\">. <\/span><span class=\"NormalTextRun SCXW174920741 BCX8\">Contactar <a href=\"mailto:traci.r.calabrese@southcoast.org\">Traci Calabrese <\/a><\/span><\/span><span class=\"TextRun SCXW174920741 BCX8\" lang=\"EN-US\" xml:lang=\"EN-US\" data-contrast=\"auto\"><span class=\"NormalTextRun SCXW174920741 BCX8\">com qualquer <\/span><span class=\"NormalTextRun SCXW174920741 BCX8\">adicionais<\/span><span class=\"NormalTextRun SCXW174920741 BCX8\"> perguntas.<\/span><\/span><span class=\"EOP SCXW174920741 BCX8\" data-ccp-props=\"{}\">\u00a0<\/span><\/p>\n<p><span class=\"NormalTextRun SCXW26469188 BCX8\">A Southcoast Health aceita, com gratid\u00e3o, donativos equivalentes dos empregadores. Por favor, verifique <\/span><span class=\"NormalTextRun SCXW26469188 BCX8\">para ver se a sua empresa oferece uma correspond\u00eancia<\/span><span class=\"NormalTextRun SCXW26469188 BCX8\"> ou contactar <a href=\"mailto:chrystal.l.walsh@southcoast.org\">Chrystal Walsh<\/a>.<\/span><\/p>\n<\/div>    <\/div>\n        <div class=\"ctaWrap\">\n                    <a aria-label=\"liga\u00e7\u00e3o para enviar um e-mail a Traci Calabrese\" class=\"mainCTA shadow light1\" href=\"mailto:traci.r.calabrese@southcoast.org\" target=\"_blank\" title=\"Abre o e-mail Traci Calabrese em uma nova guia ou janela\" rel=\"noopener noreferrer\">Email Traci Calabrese<span class=\"fa-regular fa-up-right-from-square\"><\/span><\/a>                    <a aria-label=\"liga\u00e7\u00e3o para enviar um e-mail a Chrystal Walsh\" class=\"mainCTA shadow light1\" href=\"mailto:chrystal.l.walsh@southcoast.org\" target=\"_blank\" title=\"Abre o Email Chrystal Walsh num novo separador ou janela\" rel=\"noopener noreferrer\">Correio eletr\u00f3nico Chrystal Walsh<span class=\"fa-regular fa-up-right-from-square\"><\/span><\/a>            <\/div>\n    \t\t\t\t<\/div>\n\t\t\t\t\t\t\t\t<div class=\"images\">\n\t\t\t\t\t\t<img decoding=\"async\" class=\"single\" src=\"https:\/\/www.southcoast.org\/wp-content\/uploads\/2025\/08\/Pediatric-Rehabilitation.jpg\" alt=\"\">\n\t\t\t\t\t\t\t\t\t\t<\/div>\n\t\t\t\t\n\t\t\t<\/div>\n\t\t<\/div>\n\t<\/div>\n<\/div>\n<\/div>\n\n\n<div  class=\"blockSettings  paddingTopSM paddingBottomSM cardImageFluid darkTheme\" style=\"background: linear-gradient(110deg, #0A4A3D 2.57%, rgba(5, 116, 99, 0.99) 59.47%, #009984 99.08%);\"><div class=\"container\" role=\"region\" aria-roledescription=\"carousel\" aria-label=\"Como pode fazer a diferen\u00e7a\">\n\t<div class=\"grid\">\n\t\t<div class=\"col-sm-12\">\n\t\t\t    <div class=\"introWithSliderControls centerAlign\">\n            <div class=\"mainCopyWrap\">\n            <h2>Como pode fazer a diferen\u00e7a<\/h2>\n        <\/div>\n            <!-- Desktop + leftAlign Slider arrows -->\n        <div class=\"sliderControls sliderArrows\">\n            <button title=\"diapositivo anterior\" class=\"prev-slide\" aria-label=\"Deslizamento anterior\"><i class=\"fa-light fa-chevron-left\" aria-hidden=\"true\"><\/i><\/button>\n            <button title=\"diapositivo seguinte\" class=\"next-slide\" aria-label=\"Pr\u00f3ximo slide\"><i class=\"fa-light fa-chevron-right\" aria-hidden=\"true\"><\/i><\/button>\n        <\/div>\n            <\/div>\n\n\t\t<\/div>\n\t<\/div>\n\t<div class=\"blockSeparator\"><\/div>\n\t<div class=\"cardImageContentWrap\">\n\t\t\t\t\t<div class=\"sliderControls sliderArrows centerIntroAlign\">\n\t\t\t\t<button title=\"diapositivo anterior\" class=\"prev-slide\" aria-label=\"Deslizamento anterior\"><i class=\"fa-light fa-chevron-left\" aria-hidden=\"true\"><\/i><\/button>\n\t\t\t\t<button title=\"diapositivo seguinte\" class=\"next-slide\" aria-label=\"Pr\u00f3ximo slide\"><i class=\"fa-light fa-chevron-right\" aria-hidden=\"true\"><\/i><\/button>\n\t\t\t<\/div>\n\t\t\t\t\t\t\t<div class=\"grid  cardSlider\" data-slide-cols=\"4\" >\n\t\t\t\t\t\t\t\t\t\t\t\t\t\t\t<div class=\"col-sm-6 col-md-3 col-grid\" role=\"group\" aria-roledescription=\"slide\" aria-label=\"Sociedade de Doa\u00e7\u00e3o de Lideran\u00e7a\">\n\t\t\t\t\t\t\t<div class=\"cardBasic border center Vertical\">\n\t\t\t\t\t\t\t\t<div class=\"cardImage\" style=\"background-image:url('https:\/\/www.southcoast.org\/wp-content\/uploads\/2025\/08\/leadership-giving-hero.jpg');\">\n\t\t\t\t\t\t\t\t\t\t\t\t\t\t\t\t\t<\/div>\n\t\t\t\t\t\t\t\t<div class=\"cardBasicBody\">\n\t\t\t\t\t\t\t\t\t\t\t\t\t\t\t\t\t\t<p class=\"cardBasicBodyTitle\">Sociedade de Doa\u00e7\u00e3o de Lideran\u00e7a<\/p>\n\t\t\t\t\t\t\t\t\t\t\t\t\t\t\t\t\t\t\t\t\t\t\t\t\t\t\t\t\t\t\t\t\t\t\t\t\t\t\t<!-- Use post permalink if no external link -->\n\t\t\t\t\t\t\t\t\t\t\t<a aria-label=\"liga\u00e7\u00e3o \u00e0 Leadership Giving Society\" title=\"liga\u00e7\u00e3o \u00e0 Leadership Giving Society\" href=\"https:\/\/www.southcoast.org\/pt\/giving\/leadership-giving-society\/\" class=\"readMore\"><i class=\"fa-regular fa-arrow-up-right readMoreIcon\"><\/i> Ler mais<\/a>\n\t\t\t\t\t\t\t\t\t\t\t\t\t\t\t\t\t\t\t\t\t\t\t\t\t\t\t<\/div>\n\t\t\t\t\t\t\t<\/div>\n\t\t\t\t\t\t<\/div>\n\t\t\t\t\t\t\t\t\t\t\t<div class=\"col-sm-6 col-md-3 col-grid\" role=\"group\" aria-roledescription=\"slide\" aria-label=\"Doente agradecido\">\n\t\t\t\t\t\t\t<div class=\"cardBasic border center Vertical\">\n\t\t\t\t\t\t\t\t<div class=\"cardImage\" style=\"background-image:url('https:\/\/www.southcoast.org\/wp-content\/uploads\/2025\/01\/Kari-Star_Grateful-Patient_Southcoast-Star-scaled-1.jpg');\">\n\t\t\t\t\t\t\t\t\t\t\t\t\t\t\t\t\t<\/div>\n\t\t\t\t\t\t\t\t<div class=\"cardBasicBody\">\n\t\t\t\t\t\t\t\t\t\t\t\t\t\t\t\t\t\t<p class=\"cardBasicBodyTitle\">Doente agradecido<\/p>\n\t\t\t\t\t\t\t\t\t\t\t\t\t\t\t\t\t\t\t\t\t\t\t\t\t\t\t\t\t\t\t\t\t\t\t\t\t\t\t<!-- Use post permalink if no external link -->\n\t\t\t\t\t\t\t\t\t\t\t<a aria-label=\"liga\u00e7\u00e3o para Grateful Patient\" title=\"liga\u00e7\u00e3o para Grateful Patient\" href=\"https:\/\/www.southcoast.org\/pt\/giving\/grateful-patient\/\" class=\"readMore\"><i class=\"fa-regular fa-arrow-up-right readMoreIcon\"><\/i> Ler mais<\/a>\n\t\t\t\t\t\t\t\t\t\t\t\t\t\t\t\t\t\t\t\t\t\t\t\t\t\t\t<\/div>\n\t\t\t\t\t\t\t<\/div>\n\t\t\t\t\t\t<\/div>\n\t\t\t\t\t\t\t\t\t\t\t<div class=\"col-sm-6 col-md-3 col-grid\" role=\"group\" aria-roledescription=\"slide\" aria-label=\"Homenagem e doa\u00e7\u00e3o em mem\u00f3ria\">\n\t\t\t\t\t\t\t<div class=\"cardBasic border center Vertical\">\n\t\t\t\t\t\t\t\t<div class=\"cardImage\" style=\"background-image:url('https:\/\/www.southcoast.org\/wp-content\/uploads\/2025\/08\/at-Home-Patient-with-Staff-scaled.jpg');\">\n\t\t\t\t\t\t\t\t\t\t\t\t\t\t\t\t\t<\/div>\n\t\t\t\t\t\t\t\t<div class=\"cardBasicBody\">\n\t\t\t\t\t\t\t\t\t\t\t\t\t\t\t\t\t\t<p class=\"cardBasicBodyTitle\">Homenagem e doa\u00e7\u00e3o em mem\u00f3ria<\/p>\n\t\t\t\t\t\t\t\t\t\t\t\t\t\t\t\t\t\t\t\t\t\t\t\t\t\t\t\t\t\t\t\t\t\t\t\t\t\t\t<!-- Use post permalink if no external link -->\n\t\t\t\t\t\t\t\t\t\t\t<a aria-label=\"liga\u00e7\u00e3o para Homenagem e Doa\u00e7\u00f5es em Mem\u00f3ria\" title=\"liga\u00e7\u00e3o para Homenagem e Doa\u00e7\u00f5es em Mem\u00f3ria\" href=\"https:\/\/www.southcoast.org\/pt\/giving\/tribute-giving\/\" class=\"readMore\"><i class=\"fa-regular fa-arrow-up-right readMoreIcon\"><\/i> Ler mais<\/a>\n\t\t\t\t\t\t\t\t\t\t\t\t\t\t\t\t\t\t\t\t\t\t\t\t\t\t\t<\/div>\n\t\t\t\t\t\t\t<\/div>\n\t\t\t\t\t\t<\/div>\n\t\t\t\t\t\t\t\t\t\t\t<div class=\"col-sm-6 col-md-3 col-grid\" role=\"group\" aria-roledescription=\"slide\" aria-label=\"Doa\u00e7\u00e3o de legado\">\n\t\t\t\t\t\t\t<div class=\"cardBasic border center Vertical\">\n\t\t\t\t\t\t\t\t<div class=\"cardImage\" style=\"background-image:url('https:\/\/www.southcoast.org\/wp-content\/uploads\/2025\/08\/Couto-Fund-Scarf-Donation-2024-Cancer-Care-scaled.jpg');\">\n\t\t\t\t\t\t\t\t\t\t\t\t\t\t\t\t\t<\/div>\n\t\t\t\t\t\t\t\t<div class=\"cardBasicBody\">\n\t\t\t\t\t\t\t\t\t\t\t\t\t\t\t\t\t\t<p class=\"cardBasicBodyTitle\">Doa\u00e7\u00e3o de legado<\/p>\n\t\t\t\t\t\t\t\t\t\t\t\t\t\t\t\t\t\t\t\t\t\t\t\t\t\t\t\t\t\t\t\t\t\t\t\t\t\t\t<!-- Use post permalink if no external link -->\n\t\t\t\t\t\t\t\t\t\t\t<a aria-label=\"liga\u00e7\u00e3o para Legacy Giving\" title=\"liga\u00e7\u00e3o para Legacy Giving\" href=\"https:\/\/www.southcoast.org\/pt\/giving\/legacy\/\" class=\"readMore\"><i class=\"fa-regular fa-arrow-up-right readMoreIcon\"><\/i> Ler mais<\/a>\n\t\t\t\t\t\t\t\t\t\t\t\t\t\t\t\t\t\t\t\t\t\t\t\t\t\t\t<\/div>\n\t\t\t\t\t\t\t<\/div>\n\t\t\t\t\t\t<\/div>\n\t\t\t\t\t\t\t\t\t\t\t<div class=\"col-sm-6 col-md-3 col-grid\" role=\"group\" aria-roledescription=\"slide\" aria-label=\"Eventos e patroc\u00ednios\">\n\t\t\t\t\t\t\t<div class=\"cardBasic border center Vertical\">\n\t\t\t\t\t\t\t\t<div class=\"cardImage\" style=\"background-image:url('https:\/\/www.southcoast.org\/wp-content\/uploads\/2025\/08\/2024-Nicole-Podkowa-Race-Day-171-scaled.jpg');\">\n\t\t\t\t\t\t\t\t\t\t\t\t\t\t\t\t\t<\/div>\n\t\t\t\t\t\t\t\t<div class=\"cardBasicBody\">\n\t\t\t\t\t\t\t\t\t\t\t\t\t\t\t\t\t\t<p class=\"cardBasicBodyTitle\">Eventos e patroc\u00ednios<\/p>\n\t\t\t\t\t\t\t\t\t\t\t\t\t\t\t\t\t\t\t\t\t\t\t\t\t\t\t\t\t\t\t\t\t\t\t\t\t\t\t<!-- Use post permalink if no external link -->\n\t\t\t\t\t\t\t\t\t\t\t<a aria-label=\"liga\u00e7\u00e3o para Eventos e Patroc\u00ednios\" title=\"liga\u00e7\u00e3o para Eventos e Patroc\u00ednios\" href=\"https:\/\/www.southcoast.org\/pt\/giving\/events-and-sponsorships\/\" class=\"readMore\"><i class=\"fa-regular fa-arrow-up-right readMoreIcon\"><\/i> Ler mais<\/a>\n\t\t\t\t\t\t\t\t\t\t\t\t\t\t\t\t\t\t\t\t\t\t\t\t\t\t\t<\/div>\n\t\t\t\t\t\t\t<\/div>\n\t\t\t\t\t\t<\/div>\n\t\t\t\t\t\t\t\t\t\t\t<div class=\"col-sm-6 col-md-3 col-grid\" role=\"group\" aria-roledescription=\"slide\" aria-label=\"Outras formas de dar\">\n\t\t\t\t\t\t\t<div class=\"cardBasic border center Vertical\">\n\t\t\t\t\t\t\t\t<div class=\"cardImage\" style=\"background-image:url('https:\/\/www.southcoast.org\/wp-content\/uploads\/2025\/08\/Other-Ways-to-Give-giving-Page-Laura-Brain-and-Spine-Patient.jpg');\">\n\t\t\t\t\t\t\t\t\t\t\t\t\t\t\t\t\t<\/div>\n\t\t\t\t\t\t\t\t<div class=\"cardBasicBody\">\n\t\t\t\t\t\t\t\t\t\t\t\t\t\t\t\t\t\t<p class=\"cardBasicBodyTitle\">Outras formas de dar<\/p>\n\t\t\t\t\t\t\t\t\t\t\t\t\t\t\t\t\t\t\t\t\t\t\t\t\t\t\t\t\t\t\t\t\t\t\t\t\t\t\t<!-- Use post permalink if no external link -->\n\t\t\t\t\t\t\t\t\t\t\t<a aria-label=\"liga\u00e7\u00e3o para Outras formas de dar\" title=\"liga\u00e7\u00e3o para Outras formas de dar\" href=\"https:\/\/www.southcoast.org\/pt\/giving\/other-ways-to-give\/\" class=\"readMore\"><i class=\"fa-regular fa-arrow-up-right readMoreIcon\"><\/i> Ler mais<\/a>\n\t\t\t\t\t\t\t\t\t\t\t\t\t\t\t\t\t\t\t\t\t\t\t\t\t\t\t<\/div>\n\t\t\t\t\t\t\t<\/div>\n\t\t\t\t\t\t<\/div>\n\t\t\t\t\t\t\t\t\t\t\t<div class=\"col-sm-6 col-md-3 col-grid\" role=\"group\" aria-roledescription=\"slide\" aria-label=\"Volunt\u00e1rio\">\n\t\t\t\t\t\t\t<div class=\"cardBasic border center Vertical\">\n\t\t\t\t\t\t\t\t<div class=\"cardImage\" style=\"background-image:url('https:\/\/www.southcoast.org\/wp-content\/uploads\/2025\/07\/Untitled-design.png');\">\n\t\t\t\t\t\t\t\t\t\t\t\t\t\t\t\t\t<\/div>\n\t\t\t\t\t\t\t\t<div class=\"cardBasicBody\">\n\t\t\t\t\t\t\t\t\t\t\t\t\t\t\t\t\t\t<p class=\"cardBasicBodyTitle\">Volunt\u00e1rio<\/p>\n\t\t\t\t\t\t\t\t\t\t\t\t\t\t\t\t\t\t\t\t\t\t\t\t\t\t\t\t\t\t\t\t\t\t\t\t\t\t\t<!-- Use post permalink if no external link -->\n\t\t\t\t\t\t\t\t\t\t\t<a aria-label=\"liga\u00e7\u00e3o para Volunt\u00e1rio\" title=\"liga\u00e7\u00e3o para Volunt\u00e1rio\" href=\"https:\/\/www.southcoast.org\/pt\/volunteer\/\" class=\"readMore\"><i class=\"fa-regular fa-arrow-up-right readMoreIcon\"><\/i> Ler mais<\/a>\n\t\t\t\t\t\t\t\t\t\t\t\t\t\t\t\t\t\t\t\t\t\t\t\t\t\t\t<\/div>\n\t\t\t\t\t\t\t<\/div>\n\t\t\t\t\t\t<\/div>\n\t\t\t\t\t\t\t\t\t\t\t\t<\/div>\n\t\t\t<\/div>\n\t<\/div>\n\n<\/div>","protected":false},"excerpt":{"rendered":"","protected":false},"author":11,"featured_media":39256,"parent":10815,"menu_order":0,"comment_status":"closed","ping_status":"closed","template":"","meta":{"_acf_changed":false,"footnotes":""},"class_list":["post-39255","page","type-page","status-publish","has-post-thumbnail","hentry"],"acf":[],"yoast_head":"<!-- This site is optimized with the Yoast SEO plugin v26.0 - https:\/\/yoast.com\/wordpress\/plugins\/seo\/ -->\n<title>Other Ways to Give - Southcoast Health<\/title>\n<meta name=\"description\" content=\"From qualified charitable distributions from a retirement account to donor-advised funds, Southcoast Health offers multiple ways you can give.\" \/>\n<meta name=\"robots\" content=\"index, follow, max-snippet:-1, max-image-preview:large, max-video-preview:-1\" \/>\n<link rel=\"canonical\" href=\"https:\/\/www.southcoast.org\/pt\/giving\/other-ways-to-give\/\" \/>\n<meta property=\"og:locale\" content=\"pt_PT\" \/>\n<meta property=\"og:type\" content=\"article\" \/>\n<meta property=\"og:title\" content=\"Other Ways to Give - Southcoast Health\" \/>\n<meta property=\"og:description\" content=\"From qualified charitable distributions from a retirement account to donor-advised funds, Southcoast Health offers multiple ways you can give.\" \/>\n<meta property=\"og:url\" content=\"https:\/\/www.southcoast.org\/pt\/giving\/other-ways-to-give\/\" \/>\n<meta property=\"og:site_name\" content=\"Southcoast Health\" \/>\n<meta property=\"article:modified_time\" content=\"2025-10-08T19:35:44+00:00\" \/>\n<meta property=\"og:image\" content=\"https:\/\/www.southcoast.org\/wp-content\/uploads\/2025\/08\/Other-Ways-to-Give-giving-Page-Laura-Brain-and-Spine-Patient.jpg\" \/>\n\t<meta property=\"og:image:width\" content=\"1200\" \/>\n\t<meta property=\"og:image:height\" content=\"800\" \/>\n\t<meta property=\"og:image:type\" content=\"image\/jpeg\" \/>\n<meta name=\"twitter:card\" content=\"summary_large_image\" \/>\n<meta name=\"twitter:label1\" content=\"Est. reading time\" \/>\n\t<meta name=\"twitter:data1\" content=\"1 minute\" \/>\n<script type=\"application\/ld+json\" class=\"yoast-schema-graph\">{\"@context\":\"https:\/\/schema.org\",\"@graph\":[{\"@type\":\"WebPage\",\"@id\":\"https:\/\/www.southcoast.org\/giving\/other-ways-to-give\/\",\"url\":\"https:\/\/www.southcoast.org\/giving\/other-ways-to-give\/\",\"name\":\"Other Ways to Give - Southcoast Health\",\"isPartOf\":{\"@id\":\"https:\/\/www.southcoast.org\/#website\"},\"primaryImageOfPage\":{\"@id\":\"https:\/\/www.southcoast.org\/giving\/other-ways-to-give\/#primaryimage\"},\"image\":{\"@id\":\"https:\/\/www.southcoast.org\/giving\/other-ways-to-give\/#primaryimage\"},\"thumbnailUrl\":\"https:\/\/www.southcoast.org\/wp-content\/uploads\/2025\/08\/Other-Ways-to-Give-giving-Page-Laura-Brain-and-Spine-Patient.jpg\",\"datePublished\":\"2025-08-28T18:02:09+00:00\",\"dateModified\":\"2025-10-08T19:35:44+00:00\",\"description\":\"From qualified charitable distributions from a retirement account to donor-advised funds, Southcoast Health offers multiple ways you can give.\",\"breadcrumb\":{\"@id\":\"https:\/\/www.southcoast.org\/giving\/other-ways-to-give\/#breadcrumb\"},\"inLanguage\":\"pt-PT\",\"potentialAction\":[{\"@type\":\"ReadAction\",\"target\":[\"https:\/\/www.southcoast.org\/giving\/other-ways-to-give\/\"]}]},{\"@type\":\"ImageObject\",\"inLanguage\":\"pt-PT\",\"@id\":\"https:\/\/www.southcoast.org\/giving\/other-ways-to-give\/#primaryimage\",\"url\":\"https:\/\/www.southcoast.org\/wp-content\/uploads\/2025\/08\/Other-Ways-to-Give-giving-Page-Laura-Brain-and-Spine-Patient.jpg\",\"contentUrl\":\"https:\/\/www.southcoast.org\/wp-content\/uploads\/2025\/08\/Other-Ways-to-Give-giving-Page-Laura-Brain-and-Spine-Patient.jpg\",\"width\":1200,\"height\":800},{\"@type\":\"BreadcrumbList\",\"@id\":\"https:\/\/www.southcoast.org\/giving\/other-ways-to-give\/#breadcrumb\",\"itemListElement\":[{\"@type\":\"ListItem\",\"position\":1,\"name\":\"\",\"item\":\"https:\/\/www.southcoast.org\/\"},{\"@type\":\"ListItem\",\"position\":2,\"name\":\"Giving\",\"item\":\"https:\/\/www.southcoast.org\/giving\/\"},{\"@type\":\"ListItem\",\"position\":3,\"name\":\"Other Ways to Give\"}]},{\"@type\":\"WebSite\",\"@id\":\"https:\/\/www.southcoast.org\/#website\",\"url\":\"https:\/\/www.southcoast.org\/\",\"name\":\"Southcoast Health\",\"description\":\"More than medicine.\",\"potentialAction\":[{\"@type\":\"SearchAction\",\"target\":{\"@type\":\"EntryPoint\",\"urlTemplate\":\"https:\/\/www.southcoast.org\/?s={search_term_string}\"},\"query-input\":{\"@type\":\"PropertyValueSpecification\",\"valueRequired\":true,\"valueName\":\"search_term_string\"}}],\"inLanguage\":\"pt-PT\"}]}<\/script>\n<!-- \/ Yoast SEO plugin. -->","yoast_head_json":{"title":"Outras formas de dar - Southcoast Health","description":"Desde distribui\u00e7\u00f5es de caridade qualificadas de uma conta de reforma a fundos aconselhados por doadores, a Southcoast Health oferece v\u00e1rias formas de doa\u00e7\u00e3o.","robots":{"index":"index","follow":"follow","max-snippet":"max-snippet:-1","max-image-preview":"max-image-preview:large","max-video-preview":"max-video-preview:-1"},"canonical":"https:\/\/www.southcoast.org\/pt\/giving\/other-ways-to-give\/","og_locale":"pt_PT","og_type":"article","og_title":"Other Ways to Give - Southcoast Health","og_description":"From qualified charitable distributions from a retirement account to donor-advised funds, Southcoast Health offers multiple ways you can give.","og_url":"https:\/\/www.southcoast.org\/pt\/giving\/other-ways-to-give\/","og_site_name":"Southcoast Health","article_modified_time":"2025-10-08T19:35:44+00:00","og_image":[{"width":1200,"height":800,"url":"https:\/\/www.southcoast.org\/wp-content\/uploads\/2025\/08\/Other-Ways-to-Give-giving-Page-Laura-Brain-and-Spine-Patient.jpg","type":"image\/jpeg"}],"twitter_card":"summary_large_image","twitter_misc":{"Est. reading time":"1 minute"},"schema":{"@context":"https:\/\/schema.org","@graph":[{"@type":"WebPage","@id":"https:\/\/www.southcoast.org\/giving\/other-ways-to-give\/","url":"https:\/\/www.southcoast.org\/giving\/other-ways-to-give\/","name":"Outras formas de dar - Southcoast Health","isPartOf":{"@id":"https:\/\/www.southcoast.org\/#website"},"primaryImageOfPage":{"@id":"https:\/\/www.southcoast.org\/giving\/other-ways-to-give\/#primaryimage"},"image":{"@id":"https:\/\/www.southcoast.org\/giving\/other-ways-to-give\/#primaryimage"},"thumbnailUrl":"https:\/\/www.southcoast.org\/wp-content\/uploads\/2025\/08\/Other-Ways-to-Give-giving-Page-Laura-Brain-and-Spine-Patient.jpg","datePublished":"2025-08-28T18:02:09+00:00","dateModified":"2025-10-08T19:35:44+00:00","description":"Desde distribui\u00e7\u00f5es de caridade qualificadas de uma conta de reforma a fundos aconselhados por doadores, a Southcoast Health oferece v\u00e1rias formas de doa\u00e7\u00e3o.","breadcrumb":{"@id":"https:\/\/www.southcoast.org\/giving\/other-ways-to-give\/#breadcrumb"},"inLanguage":"pt-PT","potentialAction":[{"@type":"ReadAction","target":["https:\/\/www.southcoast.org\/giving\/other-ways-to-give\/"]}]},{"@type":"ImageObject","inLanguage":"pt-PT","@id":"https:\/\/www.southcoast.org\/giving\/other-ways-to-give\/#primaryimage","url":"https:\/\/www.southcoast.org\/wp-content\/uploads\/2025\/08\/Other-Ways-to-Give-giving-Page-Laura-Brain-and-Spine-Patient.jpg","contentUrl":"https:\/\/www.southcoast.org\/wp-content\/uploads\/2025\/08\/Other-Ways-to-Give-giving-Page-Laura-Brain-and-Spine-Patient.jpg","width":1200,"height":800},{"@type":"BreadcrumbList","@id":"https:\/\/www.southcoast.org\/giving\/other-ways-to-give\/#breadcrumb","itemListElement":[{"@type":"ListItem","position":1,"name":"","item":"https:\/\/www.southcoast.org\/"},{"@type":"ListItem","position":2,"name":"Giving","item":"https:\/\/www.southcoast.org\/giving\/"},{"@type":"ListItem","position":3,"name":"Other Ways to Give"}]},{"@type":"WebSite","@id":"https:\/\/www.southcoast.org\/#website","url":"https:\/\/www.southcoast.org\/","name":"Sa\u00fade no Sudeste","description":"Mais do que medicamentos.","potentialAction":[{"@type":"SearchAction","target":{"@type":"EntryPoint","urlTemplate":"https:\/\/www.southcoast.org\/?s={search_term_string}"},"query-input":{"@type":"PropertyValueSpecification","valueRequired":true,"valueName":"search_term_string"}}],"inLanguage":"pt-PT"}]}},"_links":{"self":[{"href":"https:\/\/www.southcoast.org\/pt\/wp-json\/wp\/v2\/pages\/39255","targetHints":{"allow":["GET"]}}],"collection":[{"href":"https:\/\/www.southcoast.org\/pt\/wp-json\/wp\/v2\/pages"}],"about":[{"href":"https:\/\/www.southcoast.org\/pt\/wp-json\/wp\/v2\/types\/page"}],"author":[{"embeddable":true,"href":"https:\/\/www.southcoast.org\/pt\/wp-json\/wp\/v2\/users\/11"}],"replies":[{"embeddable":true,"href":"https:\/\/www.southcoast.org\/pt\/wp-json\/wp\/v2\/comments?post=39255"}],"version-history":[{"count":6,"href":"https:\/\/www.southcoast.org\/pt\/wp-json\/wp\/v2\/pages\/39255\/revisions"}],"predecessor-version":[{"id":279885,"href":"https:\/\/www.southcoast.org\/pt\/wp-json\/wp\/v2\/pages\/39255\/revisions\/279885"}],"up":[{"embeddable":true,"href":"https:\/\/www.southcoast.org\/pt\/wp-json\/wp\/v2\/pages\/10815"}],"wp:featuredmedia":[{"embeddable":true,"href":"https:\/\/www.southcoast.org\/pt\/wp-json\/wp\/v2\/media\/39256"}],"wp:attachment":[{"href":"https:\/\/www.southcoast.org\/pt\/wp-json\/wp\/v2\/media?parent=39255"}],"curies":[{"name":"wp","href":"https:\/\/api.w.org\/{rel}","templated":true}]}}