{"id":32297,"date":"2025-08-14T18:22:32","date_gmt":"2025-08-14T18:22:32","guid":{"rendered":"https:\/\/test-southcoast-health-multi.southcoast-health.org\/?page_id=32297"},"modified":"2026-02-22T15:40:54","modified_gmt":"2026-02-22T20:40:54","slug":"winter-safety","status":"publish","type":"page","link":"https:\/\/www.southcoast.org\/pt\/winter-safety\/","title":{"rendered":"Seguran\u00e7a no inverno"},"content":{"rendered":"<div  class=\"blockSettings  paddingTopSM paddingBottomMD media-object-video-block light\" style=\"\"><div class=\"container\">\n    <div class=\"grid\">\n        <div class=\"col-sm-12\">\n            <div class=\"inner video-right list-style-disc inner-gray-bg\">\n                <div class=\"copy\">\n                                                                <h2>Manter-se seguro nas condi\u00e7\u00f5es de inverno<\/h2>\n                                                                <p id=\"h-we-hope-to-serve-each-and-every-one-of-your-medical-needs-with-compassionate-and-advanced-care-in-your-community\" class=\"wp-block-heading\">As dicas seguintes podem ajud\u00e1-lo a si e aos seus familiares a manterem-se seguros no inverno.<\/p>\n                    \n                    <div class=\"cta-wrap\">\n\n                                                                                                        \n                                                                                                                            <\/div>\n\n                <\/div>\n                <div class=\"video-container\">\n                                            <div class=\"video-wrapper\">\n                                                                                                <a href=\"https:\/\/www.southcoast.org\/wp-content\/uploads\/2025\/08\/Know_where_to_go_for_care.mp4\" class=\"popup-mp4 video-placeholder\">\n                                        <img decoding=\"async\" src=\"https:\/\/www.southcoast.org\/wp-content\/uploads\/2025\/08\/Know-Where-to-Go-Image-Placeholder.png\" alt=\"Southcoast Health logo with text &quot;Know where to go&quot;\">\n                                        <div class=\"play-button\">\n                                            <i class=\"fa fa-play-circle\"><\/i>\n                                        <\/div>\n                                    <\/a>\n                                                            \n                                                            <img decoding=\"async\" class=\"corner-art\" src=\"https:\/\/www.southcoast.org\/wp-content\/themes\/southcoast_multisite\/images\/corner-art-wide.svg\" alt=\"corner art\">\n                                                    <\/div>\n                                    <\/div>\n            <\/div>\n        <\/div>\n    <\/div>\n<\/div>\n<\/div>\n\n\n<div  class=\"blockSettings  paddingTopSM paddingBottomNone copyFullFluid light\" style=\"background-color:#e1f5fa;\">\t<div class=\"container\">\n\t\t<div class=\"grid\">\n            \t\t\t<div class=\"copyFullWrap\">\n\t\t\t\t<div class=\"col-sm-12\">\n                    <div class=\"maincopy\">\n                        <h2 style=\"text-align: center;\">Abrigos de emerg\u00eancia e de acolhimento em Fall River e New Bedford<\/h2>\n<p style=\"text-align: center;\">Quem precisar de ajuda deve telefonar para <strong>(508) 676-3528 <\/strong>a linha direta para os sem-abrigo da Equipa de Resposta FAST, que funciona 24 horas por dia.<\/p>\n                    <\/div>\n\n                    \n                    <div class=\"ctaWrap ctaCenter\">\n                                                                                                        \n                                                                                                                            <\/div>\n\n\t\t\t\t<\/div>\n\t\t\t<\/div>\n            \n\n            \n\n            \t\t<\/div>\n\t<\/div>\n<\/div>\n\n\n<div  class=\"blockSettings  paddingTopNone paddingBottomSM copyFullFluid darkTheme\" style=\"background-color:#e1f5fa;\">\t<div class=\"container\">\n\t\t<div class=\"grid\">\n            \n\n                            <div class=\"col-sm-6\">\n                    <div class=\"maincopy\">\n                        <p><strong><span style=\"text-decoration: underline;\">Fall River<\/span><\/strong><\/p>\n<p><strong>Abrigo de emerg\u00eancia para tempo frio extremo <\/strong><\/p>\n<p>- Abrigo de emerg\u00eancia fornecido por <strong>Pousada First Step<\/strong> na Durfee Street, 134, estar\u00e1 aberta a partir de domingo, 22 de fevereiro, \u00e0s 16 horas.<br \/>\n- Qualquer pessoa que necessite de assist\u00eancia deve telefonar para o n\u00famero (508) 676-3528, a linha direta para os sem-abrigo da FAST Response Team, que funciona 24 horas por dia.<br \/>\n- Para necessidades de abrigo permanente, contacte o First Step in atrav\u00e9s do n\u00famero (508) 679-8001.<\/p>\n<p><strong>First Step Inn &amp; Timao Center - Abrigos de emerg\u00eancia<\/strong><\/p>\n<p>508-679-8001 para ser adicionado \u00e0 lista de abrigos de emerg\u00eancia<br \/>\n- O Centro Timao disp\u00f5e de 25 camas de acolhimento (apenas no inverno).<br \/>\n- Ambos os abrigos utilizam uma lista de espera rotativa.<br \/>\n- A coloca\u00e7\u00e3o depende da disponibilidade de camas.<br \/>\n<strong>- \u00c9 necess\u00e1rio um documento de identifica\u00e7\u00e3o com fotografia<\/strong><\/p>\n<p><strong>Igreja de Cristo a Rocha<br \/>\n<\/strong>\u00a0414 Rock Street, Fall Roiver<br \/>\n508-617-8245<br \/>\nAbrir\u00e1 um centro de aquecimento. Apare\u00e7a sem telefonar.<\/p>\n<p><strong>Sal\u00e3o Paroquial do Bom Pastor<br \/>\n<\/strong>1598 S. Main St, Fall River<br \/>\n508-678-7412<br \/>\n<strong>Aberto de quarta a sexta-feira, das 10:00 \u00e0s 13:00<\/strong> (Espa\u00e7o interior e alimenta\u00e7\u00e3o dispon\u00edveis)<\/p>\n<p><strong>THRIVE for Humanity<br \/>\n<\/strong>620 Plymouth Ave, Fall River, MA<br \/>\n508-916-8161<br \/>\n<strong>Aberto: <\/strong><strong>Quinta-feira, das 10:00 \u00e0s 14:00 e <\/strong><strong>S\u00e1bado, 11:00-13:00<\/strong><\/p>\n<p><strong>Primeira Igreja Batista<br \/>\n<\/strong>228 N. Main St, Fall River, MA<br \/>\n508-672-5381<strong><br \/>\nAberto: <\/strong><strong>Ter\u00e7a-feira e quinta-feira, 16:00-18:00<\/strong><\/p>\n<p><strong>Projeto FAIHR<\/strong><br \/>\n134 Durfee Street, Fall River, MA<br \/>\n774-992-0655<\/p>\n                    <\/div>\n                <\/div>\n                <div class=\"col-sm-6\">\n                    <div class=\"maincopy\">\n                        <p><span style=\"text-decoration: underline;\"><strong>Nova Bedford<\/strong><\/span><\/p>\n<p><strong>Abrigo de emerg\u00eancia para o tempo frio de New Bedford<br \/>\n<\/strong>(Ativado quando a temperatura ou \"Real Feel\" \u00e9 de 30\u00b0F ou inferior, primeiro a chegar, primeiro a ser servido - capacidade de 30 camas)<br \/>\n- Coloca\u00e7\u00f5es separadas por g\u00e9nero (homens com homens, mulheres com mulheres)<br \/>\n- Transporte: Fornecido a partir das 15:00<br \/>\n- Sa\u00edda di\u00e1ria: Os h\u00f3spedes devem deixar o motel at\u00e9 \u00e0s 6:00 a.m.<br \/>\n- Transporte de regresso dos h\u00f3spedes ao Merry Meals de manh\u00e3<\/p>\n<p><strong>Casa Sister Rose (masculino) e Casa Grace (feminino)<br \/>\n<\/strong>75 Division St, New Bedford, MA 02744<br \/>\n2 Acushnet Ave, New Bedford, MA 02744<br \/>\nContactar Ray Duarte (774) 628-9743 ou (508) 997-3202<strong><br \/>\n<\/strong><\/p>\n<p><strong>Centro de Aquecimento PAACA<br \/>\n<\/strong>360 Coggeshall St New Bedford, MA<br \/>\n508-997-9051<br \/>\n<strong>Aberto<\/strong><strong> S\u00e1bado, 24 de janeiro ao meio-dia at\u00e9 <\/strong><strong>26 de janeiro \u00e0s 8 horas<\/strong><\/p>\n<p><strong><span style=\"text-decoration: underline;\">Wareham, MA<\/span><\/strong><br \/>\n<strong><br \/>\nPonto de viragem<br \/>\n<\/strong>777 Main St, Wareham, MA<br \/>\n508-291-3562<br \/>\nAbrigo durante a tempestade<\/p>\n<p><strong>Centro multi-servi\u00e7os de Wareham<br \/>\n<\/strong>48 Marion Road, Wareham, MA<br \/>\n<strong>Aberto de s\u00e1bado a segunda-feira, das 11:00 \u00e0s 15:00<\/strong><br \/>\n<strong><br \/>\n<\/strong><\/p>\n<p>&nbsp;<\/p>\n                    <\/div>\n                <\/div>\n                                    <div class=\"col-sm-12\">\n                        <div class=\"ctaCenter\">\n                                                                                                                        \n                                                                                                                                                <\/div>\n                    <\/div>\n                            \n\n            \t\t<\/div>\n\t<\/div>\n<\/div>\n\n\n<div  class=\"blockSettings  paddingTopSM paddingBottomSM cardsQuickFluid light\" style=\"background-color:#E9F7F4;\"><div class=\"container\">\n        <div class=\"grid\">\n        <div class=\"col-sm-12 maincopy\">\n                <div class=\"introWithCta leftAlign\">\n            <div class=\"mainCopyWrap\">\n            <h2>Dicas para o clima de inverno<\/h2>\n    <div class=\"paragraphWrap\"><p>Southcoast Health recorda-lhe que deve manter-se vigilante e n\u00e3o ignorar os seus sintomas ou ferimentos. Somos o seu recurso para cuidados de classe mundial perto de casa, incluindo tratamento para doen\u00e7as sazonais, ferimentos ligeiros e muito mais.<\/p>\n<p>Como sempre, se estiver a passar por uma emerg\u00eancia m\u00e9dica, ligue para o 911 ou dirija-se ao servi\u00e7o de urg\u00eancias mais pr\u00f3ximo. Os nossos centros de cuidados urgentes tamb\u00e9m est\u00e3o dispon\u00edveis para ferimentos ou doen\u00e7as menos graves.<\/p>\n<\/div>    <\/div>\n        <\/div>\n            <\/div>\n\n\n\n    <\/div>\n                <div class=\"blockSeparator\"><\/div>\n        <div class=\"grid\" role=\"list\">\n                                        <div class=\"col-sm-6 col-lg-auto\" role=\"listitem\">\n                        <a href=\"https:\/\/www.mass.gov\/info-details\/warming-centers-guidance\" target=\"_blank\" class=\"quick-link\" style=\"\">\n                                                        <span lang=\"en\">Centros de Aquecimento de Massachusetts<\/span>\n                            <i class=\"fa-solid fa-arrow-up-right\"><\/i>\n                        <\/a>\n                    <\/div>\n                                \n                                                <div class=\"col-sm-6 col-lg-auto\" role=\"listitem\">\n                        <a href=\"https:\/\/riema.ri.gov\/planning-mitigation\/resources-businesses\/warming-centers\" target=\"_blank\" class=\"quick-link\" style=\"\">\n                                                        <span lang=\"en\">Centros de Aquecimento de Rhode Island<\/span>\n                            <i class=\"fa-solid fa-arrow-up-right\"><\/i>\n                        <\/a>\n                    <\/div>\n                                \n                                                <div class=\"col-sm-6 col-lg-auto\" role=\"listitem\">\n                        <a href=\"https:\/\/www.mass.gov\/info-details\/extreme-cold-safety-tips\" target=\"_blank\" class=\"quick-link\" style=\"\">\n                                                        <span lang=\"en\">Seguran\u00e7a contra o frio extremo<\/span>\n                            <i class=\"fa-solid fa-arrow-up-right\"><\/i>\n                        <\/a>\n                    <\/div>\n                                \n                                        <\/div>\n<\/div>\n<\/div>\n\n\n<div id=\"shoveling\" class=\"blockSettings  paddingTopSM paddingBottomNone media-object-block light\" style=\"\"><div class=\"container\">\n\t<div class=\"grid\">\n\t\t<div class=\"col-sm-12\">\n\t\t\t<div class=\"inner image-right list-style-disc inner-white-bg\" style=\"background-color: #fff;\">\n\t\t\t\t<div class=\"copy\">\n\t\t\t\t\t    <div class=\"mainCopyWrap\">\n            <h2>Seguran\u00e7a na limpeza da neve: Proteja o seu cora\u00e7\u00e3o este inverno<\/h2>\n    <div class=\"paragraphWrap\"><p>Todos os anos, os servi\u00e7os de urg\u00eancia registam um aumento de ocorr\u00eancias relacionadas com o cora\u00e7\u00e3o e com a limpeza da neve. Tomar algumas precau\u00e7\u00f5es simples pode ajud\u00e1-lo a manter-se seguro enquanto limpa a sua entrada ou passeio.<\/p>\n<p><strong>Porque \u00e9 que a limpeza da neve pode ser arriscada<\/strong><br \/>\nO tempo frio provoca a contra\u00e7\u00e3o dos vasos sangu\u00edneos, aumentando a press\u00e3o arterial e fazendo com que o cora\u00e7\u00e3o trabalhe mais. A limpeza de neve pesada e h\u00famida envolve muitas vezes um esfor\u00e7o s\u00fabito e levantamentos repetitivos, aumentando o risco de ataque card\u00edaco, especialmente para pessoas com doen\u00e7as card\u00edacas e outros factores de risco.<\/p>\n<\/div>    <\/div>\n    \t\t\t\t<\/div>\n\t\t\t\t\t\t\t\t<div class=\"images\">\n\t\t\t\t\t\t<img decoding=\"async\" class=\"single\" src=\"https:\/\/www.southcoast.org\/wp-content\/uploads\/2026\/01\/Shoveling.png\" alt=\"Shoveling Snow\">\n\t\t\t\t\t\t\t\t\t\t<\/div>\n\t\t\t\t\n\t\t\t<\/div>\n\t\t<\/div>\n\t<\/div>\n<\/div>\n<\/div>\n\n\n<div  class=\"blockSettings  paddingTopNone paddingBottomNone copyFullFluid fullwidth light\" style=\"\">\t<div class=\"container\">\n\t\t<div class=\"grid\">\n            \t\t\t<div class=\"copyFullWrap bg-white\">\n\t\t\t\t<div class=\"col-sm-12\">\n                    <div class=\"maincopy\">\n                        <h2><strong>Dicas para limpar a neve com seguran\u00e7a<\/strong><\/h2>\n<ul>\n<li><strong>Aquecer primeiro.<\/strong> Alongue-se ou caminhe no lugar durante alguns minutos para preparar os seus m\u00fasculos e o seu cora\u00e7\u00e3o.<\/li>\n<li><strong>Fazer pausas frequentes.<\/strong> Tenha calma e evite apressar-se para terminar rapidamente.<\/li>\n<li><strong>Utilizar uma t\u00e9cnica correta.<\/strong> Empurre a neve sempre que poss\u00edvel; n\u00e3o a levante. Se for necess\u00e1rio levantar, mantenha as cargas pequenas e dobre-se com os joelhos, n\u00e3o com as costas.<\/li>\n<li><strong>Mantenha-se hidratado.<\/strong> Mesmo com tempo frio, a desidrata\u00e7\u00e3o pode afetar o cora\u00e7\u00e3o.<\/li>\n<li><strong>Conhe\u00e7a os seus limites.<\/strong> Se a sua sa\u00fade estiver comprometida, considere a possibilidade de pedir ajuda.<\/li>\n<\/ul>\n<h3><\/h3>\n<h3><strong>Saber\u00a0<\/strong><strong>os sinais de alerta<\/strong><\/h3>\n<p>Procure ajuda m\u00e9dica imediatamente se tiver <strong>dor ou press\u00e3o no peito, falta de ar, tonturas, n\u00e1useas ou dor que se propague para os bra\u00e7os, pesco\u00e7o ou maxilar. <\/strong>Ouvir o seu corpo e tomar precau\u00e7\u00f5es pode reduzir o risco de ataque card\u00edaco e ajud\u00e1-lo a manter-se saud\u00e1vel durante o inverno.<\/p>\n                    <\/div>\n\n                    \n                    <div class=\"ctaWrap ctaCenter\">\n                                                                                                        \n                                                                                                                            <\/div>\n\n\t\t\t\t<\/div>\n\t\t\t<\/div>\n            \n\n            \n\n            \t\t<\/div>\n\t<\/div>\n<\/div>\n\n\n<div  class=\"blockSettings  paddingTopSM paddingBottomSM media-object-block light\" style=\"\"><div class=\"container\">\n\t<div class=\"grid\">\n\t\t<div class=\"col-sm-12\">\n\t\t\t<div class=\"inner image-right list-style-disc inner-bg\" style=\"background-color: #E9F7F4;\">\n\t\t\t\t<div class=\"copy\">\n\t\t\t\t\t    <div class=\"mainCopyWrap\">\n            <h2>Cuidados urgentes convenientemente localizados perto de si<\/h2>\n    <div class=\"paragraphWrap\"><p>Se precisar de cuidados m\u00e9dicos r\u00e1pidos em que voc\u00ea e a sua fam\u00edlia possam confiar, encontre o local de cuidados urgentes mais pr\u00f3ximo de si e fa\u00e7a o check-in online em qualquer altura! Tamb\u00e9m aceitamos de bom grado visitas, pelo que n\u00e3o \u00e9 necess\u00e1rio marcar hora.<\/p>\n<p><em>Se o seu estado de sa\u00fade for uma emerg\u00eancia, ligue para o 112 ou dirija-se ao servi\u00e7o de urg\u00eancia mais pr\u00f3ximo.<\/em><\/p>\n<\/div>    <\/div>\n        <div class=\"ctaWrap\">\n                    <a aria-label=\"link para guardar o seu lugar online\" class=\"mainCTA shadow light1\" href=\"https:\/\/www.southcoast.org\/pt\/urgent-care\/\" title=\"Abrir o Save Your Spot Online\" >Guardar o seu lugar online<\/a>            <\/div>\n    \t\t\t\t<\/div>\n\t\t\t\t\t\t\t\t<div class=\"images\">\n\t\t\t\t\t\t<img decoding=\"async\" class=\"single\" src=\"https:\/\/www.southcoast.org\/wp-content\/uploads\/2025\/01\/FR-UrgentCare-01-1.jpg\" alt=\"Southcoast Health Urgent Care facility, with storefront signage and windows on a brick building surrounded by trees.\">\n\t\t\t\t\t\t\t\t\t\t<\/div>\n\t\t\t\t\n\t\t\t<\/div>\n\t\t<\/div>\n\t<\/div>\n<\/div>\n<\/div>","protected":false},"excerpt":{"rendered":"","protected":false},"author":20,"featured_media":284303,"parent":0,"menu_order":0,"comment_status":"closed","ping_status":"closed","template":"","meta":{"_acf_changed":false,"footnotes":""},"class_list":["post-32297","page","type-page","status-publish","has-post-thumbnail","hentry"],"acf":[],"yoast_head":"<!-- This site is optimized with the Yoast SEO plugin v26.0 - https:\/\/yoast.com\/wordpress\/plugins\/seo\/ -->\n<title>Winter Safety - Southcoast Health<\/title>\n<meta name=\"description\" content=\"tips that can help you and your loved ones stay safe in winter conditions.\" \/>\n<meta name=\"robots\" content=\"index, follow, max-snippet:-1, max-image-preview:large, max-video-preview:-1\" \/>\n<link rel=\"canonical\" href=\"https:\/\/www.southcoast.org\/pt\/winter-safety\/\" \/>\n<meta property=\"og:locale\" content=\"pt_PT\" \/>\n<meta property=\"og:type\" content=\"article\" \/>\n<meta property=\"og:title\" content=\"Winter Safety - Southcoast Health\" \/>\n<meta property=\"og:description\" content=\"tips that can help you and your loved ones stay safe in winter conditions.\" \/>\n<meta property=\"og:url\" content=\"https:\/\/www.southcoast.org\/pt\/winter-safety\/\" \/>\n<meta property=\"og:site_name\" content=\"Southcoast Health\" \/>\n<meta property=\"article:modified_time\" content=\"2026-02-22T20:40:54+00:00\" \/>\n<meta property=\"og:image\" content=\"https:\/\/www.southcoast.org\/wp-content\/uploads\/2026\/01\/Winter-Safety-Featured-Photo-1024x1024.png\" \/>\n\t<meta property=\"og:image:width\" content=\"1024\" \/>\n\t<meta property=\"og:image:height\" content=\"1024\" \/>\n\t<meta property=\"og:image:type\" content=\"image\/png\" \/>\n<meta name=\"twitter:card\" content=\"summary_large_image\" \/>\n<meta name=\"twitter:label1\" content=\"Est. reading time\" \/>\n\t<meta name=\"twitter:data1\" content=\"1 minute\" \/>\n<script type=\"application\/ld+json\" class=\"yoast-schema-graph\">{\"@context\":\"https:\/\/schema.org\",\"@graph\":[{\"@type\":\"WebPage\",\"@id\":\"https:\/\/www.southcoast.org\/winter-safety\/\",\"url\":\"https:\/\/www.southcoast.org\/winter-safety\/\",\"name\":\"Winter Safety - Southcoast Health\",\"isPartOf\":{\"@id\":\"https:\/\/www.southcoast.org\/#website\"},\"primaryImageOfPage\":{\"@id\":\"https:\/\/www.southcoast.org\/winter-safety\/#primaryimage\"},\"image\":{\"@id\":\"https:\/\/www.southcoast.org\/winter-safety\/#primaryimage\"},\"thumbnailUrl\":\"https:\/\/www.southcoast.org\/wp-content\/uploads\/2026\/01\/Winter-Safety-Featured-Photo.png\",\"datePublished\":\"2025-08-14T18:22:32+00:00\",\"dateModified\":\"2026-02-22T20:40:54+00:00\",\"description\":\"tips that can help you and your loved ones stay safe in winter conditions.\",\"breadcrumb\":{\"@id\":\"https:\/\/www.southcoast.org\/winter-safety\/#breadcrumb\"},\"inLanguage\":\"pt-PT\",\"potentialAction\":[{\"@type\":\"ReadAction\",\"target\":[\"https:\/\/www.southcoast.org\/winter-safety\/\"]}]},{\"@type\":\"ImageObject\",\"inLanguage\":\"pt-PT\",\"@id\":\"https:\/\/www.southcoast.org\/winter-safety\/#primaryimage\",\"url\":\"https:\/\/www.southcoast.org\/wp-content\/uploads\/2026\/01\/Winter-Safety-Featured-Photo.png\",\"contentUrl\":\"https:\/\/www.southcoast.org\/wp-content\/uploads\/2026\/01\/Winter-Safety-Featured-Photo.png\",\"width\":1080,\"height\":1080},{\"@type\":\"BreadcrumbList\",\"@id\":\"https:\/\/www.southcoast.org\/winter-safety\/#breadcrumb\",\"itemListElement\":[{\"@type\":\"ListItem\",\"position\":1,\"name\":\"\",\"item\":\"https:\/\/www.southcoast.org\/\"},{\"@type\":\"ListItem\",\"position\":2,\"name\":\"Winter Safety\"}]},{\"@type\":\"WebSite\",\"@id\":\"https:\/\/www.southcoast.org\/#website\",\"url\":\"https:\/\/www.southcoast.org\/\",\"name\":\"Southcoast Health\",\"description\":\"More than medicine.\",\"potentialAction\":[{\"@type\":\"SearchAction\",\"target\":{\"@type\":\"EntryPoint\",\"urlTemplate\":\"https:\/\/www.southcoast.org\/?s={search_term_string}\"},\"query-input\":{\"@type\":\"PropertyValueSpecification\",\"valueRequired\":true,\"valueName\":\"search_term_string\"}}],\"inLanguage\":\"pt-PT\"}]}<\/script>\n<!-- \/ Yoast SEO plugin. -->","yoast_head_json":{"title":"Seguran\u00e7a no inverno - Southcoast Health","description":"dicas que o podem ajudar a si e aos seus familiares a manterem-se seguros no inverno.","robots":{"index":"index","follow":"follow","max-snippet":"max-snippet:-1","max-image-preview":"max-image-preview:large","max-video-preview":"max-video-preview:-1"},"canonical":"https:\/\/www.southcoast.org\/pt\/winter-safety\/","og_locale":"pt_PT","og_type":"article","og_title":"Winter Safety - Southcoast Health","og_description":"tips that can help you and your loved ones stay safe in winter conditions.","og_url":"https:\/\/www.southcoast.org\/pt\/winter-safety\/","og_site_name":"Southcoast Health","article_modified_time":"2026-02-22T20:40:54+00:00","og_image":[{"width":1024,"height":1024,"url":"https:\/\/www.southcoast.org\/wp-content\/uploads\/2026\/01\/Winter-Safety-Featured-Photo-1024x1024.png","type":"image\/png"}],"twitter_card":"summary_large_image","twitter_misc":{"Est. reading time":"1 minute"},"schema":{"@context":"https:\/\/schema.org","@graph":[{"@type":"WebPage","@id":"https:\/\/www.southcoast.org\/winter-safety\/","url":"https:\/\/www.southcoast.org\/winter-safety\/","name":"Seguran\u00e7a no inverno - Southcoast Health","isPartOf":{"@id":"https:\/\/www.southcoast.org\/#website"},"primaryImageOfPage":{"@id":"https:\/\/www.southcoast.org\/winter-safety\/#primaryimage"},"image":{"@id":"https:\/\/www.southcoast.org\/winter-safety\/#primaryimage"},"thumbnailUrl":"https:\/\/www.southcoast.org\/wp-content\/uploads\/2026\/01\/Winter-Safety-Featured-Photo.png","datePublished":"2025-08-14T18:22:32+00:00","dateModified":"2026-02-22T20:40:54+00:00","description":"dicas que o podem ajudar a si e aos seus familiares a manterem-se seguros no inverno.","breadcrumb":{"@id":"https:\/\/www.southcoast.org\/winter-safety\/#breadcrumb"},"inLanguage":"pt-PT","potentialAction":[{"@type":"ReadAction","target":["https:\/\/www.southcoast.org\/winter-safety\/"]}]},{"@type":"ImageObject","inLanguage":"pt-PT","@id":"https:\/\/www.southcoast.org\/winter-safety\/#primaryimage","url":"https:\/\/www.southcoast.org\/wp-content\/uploads\/2026\/01\/Winter-Safety-Featured-Photo.png","contentUrl":"https:\/\/www.southcoast.org\/wp-content\/uploads\/2026\/01\/Winter-Safety-Featured-Photo.png","width":1080,"height":1080},{"@type":"BreadcrumbList","@id":"https:\/\/www.southcoast.org\/winter-safety\/#breadcrumb","itemListElement":[{"@type":"ListItem","position":1,"name":"","item":"https:\/\/www.southcoast.org\/"},{"@type":"ListItem","position":2,"name":"Winter Safety"}]},{"@type":"WebSite","@id":"https:\/\/www.southcoast.org\/#website","url":"https:\/\/www.southcoast.org\/","name":"Sa\u00fade no Sudeste","description":"Mais do que medicamentos.","potentialAction":[{"@type":"SearchAction","target":{"@type":"EntryPoint","urlTemplate":"https:\/\/www.southcoast.org\/?s={search_term_string}"},"query-input":{"@type":"PropertyValueSpecification","valueRequired":true,"valueName":"search_term_string"}}],"inLanguage":"pt-PT"}]}},"_links":{"self":[{"href":"https:\/\/www.southcoast.org\/pt\/wp-json\/wp\/v2\/pages\/32297","targetHints":{"allow":["GET"]}}],"collection":[{"href":"https:\/\/www.southcoast.org\/pt\/wp-json\/wp\/v2\/pages"}],"about":[{"href":"https:\/\/www.southcoast.org\/pt\/wp-json\/wp\/v2\/types\/page"}],"author":[{"embeddable":true,"href":"https:\/\/www.southcoast.org\/pt\/wp-json\/wp\/v2\/users\/20"}],"replies":[{"embeddable":true,"href":"https:\/\/www.southcoast.org\/pt\/wp-json\/wp\/v2\/comments?post=32297"}],"version-history":[{"count":64,"href":"https:\/\/www.southcoast.org\/pt\/wp-json\/wp\/v2\/pages\/32297\/revisions"}],"predecessor-version":[{"id":286348,"href":"https:\/\/www.southcoast.org\/pt\/wp-json\/wp\/v2\/pages\/32297\/revisions\/286348"}],"wp:featuredmedia":[{"embeddable":true,"href":"https:\/\/www.southcoast.org\/pt\/wp-json\/wp\/v2\/media\/284303"}],"wp:attachment":[{"href":"https:\/\/www.southcoast.org\/pt\/wp-json\/wp\/v2\/media?parent=32297"}],"curies":[{"name":"wp","href":"https:\/\/api.w.org\/{rel}","templated":true}]}}