{"id":32033,"date":"2025-08-13T16:54:07","date_gmt":"2025-08-13T16:54:07","guid":{"rendered":"https:\/\/test-southcoast-health-multi.southcoast-health.org\/?page_id=32033"},"modified":"2025-10-02T14:18:42","modified_gmt":"2025-10-02T14:18:42","slug":"screenings","status":"publish","type":"page","link":"https:\/\/www.southcoast.org\/pt\/screenings\/","title":{"rendered":"Rastreio do cancro"},"content":{"rendered":"<div  class=\"blockSettings  paddingTopSM paddingBottomMD heroBasicFluid darkTheme\" style=\"background: linear-gradient(110deg, #0A4A3D 2.57%, rgba(5, 116, 99, 0.99) 59.47%, #009984 99.08%);\"><div class=\"container\">\n            <div class=\"grid\">\n            <div class=\"col-sm-12 col-bleed-y\">\n                <div class=\"Center\">\n                    <div class=\"breadcrumbsWrapper desktop-breadcrumbs\"><nav id=\"breadcrumbs\" aria-label=\"P\u00e3o ralado\"><ol><li><a href=\"https:\/\/www.southcoast.org\/pt\/\"><i class=\"fa-light fa-house\"><\/i><span class=\"visually-hidden\">In\u00edcio<\/span><\/a><\/li><\/ol><\/nav><\/div><div class=\"breadcrumbsWrapper mobile-breadcrumbs\"><p id=\"mobile-breadcrumbs\" class=\"mobile-back-nav\"><span><span><a href=\"#\" onclick=\"return handleBackNavigation();\"><i class=\"fa-solid fa-chevron-left back-arrow\"><\/i> Voltar<\/a><\/span><\/span><\/p>\t\t<script>\n\t\t\tfunction handleBackNavigation() {\n\t\t\t\tif (window.history.length > 1) {\n\t\t\t\t\twindow.history.back();\n\t\t\t\t} else {\n\t\t\t\t\twindow.location.href = 'https:\/\/www.southcoast.org\/pt';\n\t\t\t\t}\n\t\t\t\treturn false;\n\t\t\t}\n\t\t<\/script>\n<\/div>                <\/div>\n            <\/div>\n        <\/div>\n        <div class=\"grid align-center\">\n        <div class=\"col-sm-10\">\n            <div class=\"Center\">\n\n                    <div class=\"mainCopyWrap\">\n            <h1>Rastreio do cancro<\/h1>\n    <div class=\"paragraphWrap\"><p>A sua sa\u00fade \u00e9 o seu bem mais valioso - e os rastreios regulares s\u00e3o uma das ferramentas mais eficazes para a proteger.<\/p><\/div>    <\/div>\n    \n                \n            <\/div>\n        <\/div>\n    <\/div>\n<\/div>\n    <div class=\"cornerArtWrapper cornerArt-small\">\n        <img decoding=\"async\" class=\"cornerArt\" src=\"https:\/\/www.southcoast.org\/wp-content\/themes\/southcoast_multisite\/images\/corner-art.svg\" alt=\"\">\n    <\/div>\n<\/div>\n\n\n\n\n<div id=\"prioritizeyourhealth\" class=\"blockSettings  paddingTopSM paddingBottomMD media-object-block light\" style=\"\"><div class=\"container\">\n\t<div class=\"grid\">\n\t\t<div class=\"col-sm-12\">\n\t\t\t<div class=\"inner image-right list-style-disc inner-bg\" style=\"background-color: #f6f7f7;\">\n\t\t\t\t<div class=\"copy\">\n\t\t\t\t\t    <div class=\"mainCopyWrap\">\n            <h2>D\u00ea prioridade \u00e0 sua sa\u00fade com exames preventivos<\/h2>\n    <div class=\"paragraphWrap\"><p>Muitas doen\u00e7as graves, incluindo o cancro, muitas vezes n\u00e3o apresentam sintomas nas suas fases iniciais. Os exames de rastreio podem detetar problemas antes de se tornarem graves, oferecendo-lhe a melhor hip\u00f3tese de tratamento e recupera\u00e7\u00e3o bem sucedidos.<\/p>\n<p>O seu prestador de cuidados prim\u00e1rios (PCP) desempenha um papel central na orienta\u00e7\u00e3o dos seus cuidados de sa\u00fade preventivos. Ele conhece o seu historial de sa\u00fade pessoal e familiar e pode ajudar a identificar quais os exames mais adequados para si com base na sua idade, factores de risco e estilo de vida. Se ainda n\u00e3o fez o seu check-up anual, esta \u00e9 a altura ideal para o marcar - \u00e9 a porta de entrada para se manter proactivo em rela\u00e7\u00e3o \u00e0 sua sa\u00fade.<\/p>\n<\/div>    <\/div>\n    \t\t\t\t<\/div>\n\t\t\t\t\t\t\t\t<div class=\"images\">\n\t\t\t\t\t\t<img decoding=\"async\" class=\"single\" src=\"https:\/\/www.southcoast.org\/wp-content\/uploads\/2025\/07\/Stock-Photo-Female-Patient-Provider-OBGYN.jpg\" alt=\"Young woman in patterned scrubs smiles warmly at a provider.\">\n\t\t\t\t\t\t\t\t\t\t<\/div>\n\t\t\t\t\n\t\t\t<\/div>\n\t\t<\/div>\n\t<\/div>\n<\/div>\n<\/div>\n\n\n<div id=\"screeningofferings\" class=\"blockSettings  paddingTopSM paddingBottomMD cardIconsFluid cardIconsImageFluid light\" style=\"background-color:#E9F7F4;\">\t<div class=\"container\">\n\t\t\t\t\t<div class=\"grid\">\n\t\t\t\t<div class=\"col-sm-12\">\n\t\t\t\t\t<div class=\"introCenter\">\n\t\t\t\t\t\t<div class=\"maincopy intro\">\n\t\t\t\t\t\t\t<h2>Rastreios de cancro da Southcoast Health<\/h2>\n\t\t\t\t\t\t\t\t\t\t\t\t\t\t\t<p><p>Na luta contra o cancro, a dete\u00e7\u00e3o precoce pode ser uma defesa fundamental, permitindo um tratamento mais precoce e melhores resultados. A Southcoast Health est\u00e1 aqui para o ajudar a inform\u00e1-lo sobre a import\u00e2ncia dos rastreios do cancro, com uma marca\u00e7\u00e3o conveniente e testes avan\u00e7ados.<\/p>\n<\/p>\n\t\t\t\t\t\t\t\t\t\t\t\t\t<\/div>\n\t\t\t\t\t\t\t\t\t\t\t\t\t\t\t\t\t\t\t\t\t\t\t\t\t\t                                                                                                        \t\t\t\t\t<\/div>\n\t\t\t\t<\/div>\n\t\t\t<\/div>\n\t\t\n\t\t\t\t\t<!--Manual Cards-->\n\t\t\t<div class=\"grid\">\n\t\t\t\t\t\t\t\t\t\t\t<div class=\"col-sm-6 col-md-4 col-grid\">\n\t\t\t\t\t\t\t\t<div class=\"cardBasic  Left Vertical\">\n\t\t\t\t\t\t\t\t\t\t\t\t\t\t\t\t\t\t\t<span class=\"icon fa-classic fa-light fa-stomach\"><\/span>\n\t\t\t\t\t\t\t\t\t\t\t\t\t\t\t\t\t\t\n\t\t\t\t\t\t\t\t\t<div class=\"cardBasicBody\">\n\t\t\t\t\t\t\t\t\t\t<div class=\"cardBasicBodyTitle\" role=\"title\">Rastreios do cancro colorrectal<\/div>\n\t\t\t\t\t\t\t\t\t\t\t\t\t\t\t\t\t\t\t\t<div class=\"excerpt\">\n\t\t\t\t\t\t\t\t\t\t\t<p>Southcoast Health oferece exames de cancro colorrectal para aumentar as suas hip\u00f3teses de dete\u00e7\u00e3o precoce. Os nossos exames podem ajudar a encontrar p\u00f3lipos pr\u00e9-cancerosos, para que possam ser removidos cirurgicamente antes de terem a oportunidade de se transformarem em cancro. Os exames regulares tamb\u00e9m podem ajudar a detetar o cancro colorrectal nas fases iniciais, quando os tratamentos para este tipo de cancro s\u00e3o mais eficazes.<\/p>\n<p>Certos factores de risco aumentam a probabilidade de desenvolver cancro do c\u00f3lon, incluindo<\/p>\n<ul class=\"wp-block-list\">\n<li>Idade - 90% dos cancros do c\u00f3lon ocorrem em pessoas com 45 anos ou mais<\/li>\n<li>Hist\u00f3ria familiar ou pessoal de p\u00f3lipos ou cancro colorrectal<\/li>\n<li>Gen\u00e9tica - 5 a 10% dos cancros do c\u00f3lon est\u00e3o relacionados com muta\u00e7\u00f5es em genes e s\u00edndromes gen\u00e9ticos<\/li>\n<li>Antecedentes pessoais de doen\u00e7a inflamat\u00f3ria intestinal - colite ulcerosa e doen\u00e7a de Crohn<\/li>\n<li>Diabetes tipo 2<\/li>\n<li>Factores relacionados com o estilo de vida, como a obesidade, a falta de exerc\u00edcio f\u00edsico, o tabagismo, a m\u00e1 alimenta\u00e7\u00e3o e o consumo excessivo de \u00e1lcool<\/li>\n<\/ul>\n\t\t\t\t\t\t\t\t\t\t<\/div>\n\t\t\t\t\t\t\t\t\t\t\t\t\t\t\t\t\t\t\t\t\t\t\t\t\t\t\t\t\t<\/div>\n\t\t\t\t\t\t\t\t<\/div>\n\t\t\t\t\t\t\t<\/div>\n\t\t\t\t\t\t\t\t\t\t\t\t<div class=\"col-sm-6 col-md-4 col-grid\">\n\t\t\t\t\t\t\t\t<div class=\"cardBasic  Left Vertical\">\n\t\t\t\t\t\t\t\t\t\t\t\t\t\t\t\t\t\t\t<span class=\"icon fa-classic fa-light fa-lungs\"><\/span>\n\t\t\t\t\t\t\t\t\t\t\t\t\t\t\t\t\t\t\n\t\t\t\t\t\t\t\t\t<div class=\"cardBasicBody\">\n\t\t\t\t\t\t\t\t\t\t<div class=\"cardBasicBodyTitle\" role=\"title\">Rastreio do cancro do pulm\u00e3o<\/div>\n\t\t\t\t\t\t\t\t\t\t\t\t\t\t\t\t\t\t\t\t<div class=\"excerpt\">\n\t\t\t\t\t\t\t\t\t\t\t<p>A Southcoast Health oferece rastreios do cancro do pulm\u00e3o para aumentar as suas hip\u00f3teses de dete\u00e7\u00e3o e tratamento precoces. Oferecemos exames de TAC de baixa dose (LDCT), um teste de rastreio coberto pela maioria dos seguros, para pacientes com um risco elevado de desenvolver cancro do pulm\u00e3o.<\/p>\n<p>Certos factores de risco aumentam a probabilidade de desenvolver cancro do pulm\u00e3o, incluindo<\/p>\n<ul>\n<li>Idade entre 50 e 80 anos<\/li>\n<li>Hist\u00f3ria de tabagismo igual ou superior a 20 ma\u00e7os por ano<\/li>\n<li>Se for ex-fumador e tiver deixado de fumar nos \u00faltimos 15 anos<\/li>\n<li>Nenhum exame de TC tor\u00e1cica no \u00faltimo ano<\/li>\n<\/ul>\n<p>&nbsp;<\/p>\n\t\t\t\t\t\t\t\t\t\t<\/div>\n\t\t\t\t\t\t\t\t\t\t\t\t\t\t\t\t\t\t\t\t\t\t\t\t\t\t\t\t\t<\/div>\n\t\t\t\t\t\t\t\t<\/div>\n\t\t\t\t\t\t\t<\/div>\n\t\t\t\t\t\t\t\t\t\t\t\t<div class=\"col-sm-6 col-md-4 col-grid\">\n\t\t\t\t\t\t\t\t<div class=\"cardBasic  Left Vertical\">\n\t\t\t\t\t\t\t\t\t\t\t\t\t\t\t\t\t\t\t<span class=\"icon fa-classic fa-light fa-person-breastfeeding\"><\/span>\n\t\t\t\t\t\t\t\t\t\t\t\t\t\t\t\t\t\t\n\t\t\t\t\t\t\t\t\t<div class=\"cardBasicBody\">\n\t\t\t\t\t\t\t\t\t\t<div class=\"cardBasicBodyTitle\" role=\"title\">Rastreios do cancro da mama<\/div>\n\t\t\t\t\t\t\t\t\t\t\t\t\t\t\t\t\t\t\t\t<div class=\"excerpt\">\n\t\t\t\t\t\t\t\t\t\t\t<p data-start=\"124\" data-end=\"434\">Os exames de mamografia podem detetar muitos cancros da mama antes do aparecimento de sintomas. A maioria das mulheres deve come\u00e7ar a fazer mamografias anuais entre os 40 e os 45 anos, dependendo dos seus factores de risco individuais. Os rastreios regulares - normalmente uma vez por ano - devem continuar enquanto forem recomendados pelo seu profissional de sa\u00fade.<\/p>\n<p data-start=\"436\" data-end=\"560\">Embora o cancro da mama inicial n\u00e3o tenha frequentemente sintomas, o sinal mais comum \u00e9 um n\u00f3dulo ou massa. Outros sintomas podem incluir:<\/p>\n<ul>\n<li>Altera\u00e7\u00f5es no tamanho, forma ou aspeto da mama ou do mamilo<\/li>\n<li>Um mamilo que fica invertido ou desenvolve um corrimento invulgar (n\u00e3o \u00e9 leite materno)<\/li>\n<li>Altera\u00e7\u00f5es da pele da mama ou do mamilo, como covinhas, vermelhid\u00e3o ou espessamento<\/li>\n<li>Incha\u00e7o de toda ou parte da mama, mesmo que n\u00e3o se sinta nenhum n\u00f3dulo<\/li>\n<\/ul>\n\t\t\t\t\t\t\t\t\t\t<\/div>\n\t\t\t\t\t\t\t\t\t\t\t\t\t\t\t\t\t\t\t\t\t\t\t\t\t\t\t\t\t<\/div>\n\t\t\t\t\t\t\t\t<\/div>\n\t\t\t\t\t\t\t<\/div>\n\t\t\t\t\t\t\t\t<\/div>\n\t\t\t<\/div>\n<\/div>\n\n\n<div id=\"\" class=\"bannerFluidTwo paddingTopNone paddingBottomMD\">\n    \n        <div class=\"grid\">\n            <div class=\"col-sm-12 col-bleed\">\n                <div class=\"banner-content-wrap  darkTheme\" style=\"background-image:url(https:\/\/www.southcoast.org\/wp-content\/uploads\/2025\/07\/SCH-Cancer-Banner-2209267.jpg);background-size:cover;background-position:center center; \">\n                    \n                                            <div class=\"overlay\" style=\"\"><\/div>\n                    \n                    <div class=\"banner-content container\">\n                            <div class=\"mainCopyWrap\">\n            <h2>Cuidados de sa\u00fade contra o cancro em Southcoast<\/h2>\n    <div class=\"paragraphWrap\"><p>O Southcoast Health Cancer Care cobre todas as suas necessidades de rastreio do cancro. Para discutir as melhores op\u00e7\u00f5es de rastreio para si, fale com o seu prestador de cuidados prim\u00e1rios para conhecer as suas op\u00e7\u00f5es. <\/p><\/div>    <\/div>\n                                <div class=\"ctaWrap\">\n                    <a aria-label=\"liga\u00e7\u00e3o para Southcoast Health Cancer Care\" class=\"mainCTA shadow dark1\" href=\"http:\/\/cancer.southcoast.org\" target=\"_blank\" title=\"Abre o Southcoast Health Cancer Care num novo separador ou janela\" rel=\"noopener noreferrer\">Cuidados de sa\u00fade contra o cancro em Southcoast<span class=\"fa-regular fa-up-right-from-square\"><\/span><\/a>            <\/div>\n    \n                    <\/div>\n                <\/div>\n            <\/div>\n        <\/div>\n\n        <\/div>","protected":false},"excerpt":{"rendered":"","protected":false},"author":11,"featured_media":32024,"parent":0,"menu_order":0,"comment_status":"closed","ping_status":"closed","template":"","meta":{"_acf_changed":false,"footnotes":""},"class_list":["post-32033","page","type-page","status-publish","has-post-thumbnail","hentry"],"acf":[],"yoast_head":"<!-- This site is optimized with the Yoast SEO plugin v26.0 - https:\/\/yoast.com\/wordpress\/plugins\/seo\/ -->\n<title>Cancer Screenings - Southcoast Health<\/title>\n<meta name=\"description\" content=\"To discuss the best screening options for you, talk to your primary care provider to learn your options.\" \/>\n<meta name=\"robots\" content=\"index, follow, max-snippet:-1, max-image-preview:large, max-video-preview:-1\" \/>\n<link rel=\"canonical\" href=\"https:\/\/www.southcoast.org\/pt\/screenings\/\" \/>\n<meta property=\"og:locale\" content=\"pt_PT\" \/>\n<meta property=\"og:type\" content=\"article\" \/>\n<meta property=\"og:title\" content=\"Cancer Screenings - Southcoast Health\" \/>\n<meta property=\"og:description\" content=\"To discuss the best screening options for you, talk to your primary care provider to learn your options.\" \/>\n<meta property=\"og:url\" content=\"https:\/\/www.southcoast.org\/pt\/screenings\/\" \/>\n<meta property=\"og:site_name\" content=\"Southcoast Health\" \/>\n<meta property=\"article:modified_time\" content=\"2025-10-02T14:18:42+00:00\" \/>\n<meta property=\"og:image\" content=\"https:\/\/www.southcoast.org\/wp-content\/uploads\/2025\/07\/Stock-Photo-Female-Patient-Provider-OBGYN.jpg\" \/>\n\t<meta property=\"og:image:width\" content=\"2121\" \/>\n\t<meta property=\"og:image:height\" content=\"1414\" \/>\n\t<meta property=\"og:image:type\" content=\"image\/jpeg\" \/>\n<meta name=\"twitter:card\" content=\"summary_large_image\" \/>\n<meta name=\"twitter:label1\" content=\"Est. reading time\" \/>\n\t<meta name=\"twitter:data1\" content=\"1 minute\" \/>\n<script type=\"application\/ld+json\" class=\"yoast-schema-graph\">{\"@context\":\"https:\/\/schema.org\",\"@graph\":[{\"@type\":\"WebPage\",\"@id\":\"https:\/\/www.southcoast.org\/screenings\/\",\"url\":\"https:\/\/www.southcoast.org\/screenings\/\",\"name\":\"Cancer Screenings - Southcoast Health\",\"isPartOf\":{\"@id\":\"https:\/\/www.southcoast.org\/#website\"},\"primaryImageOfPage\":{\"@id\":\"https:\/\/www.southcoast.org\/screenings\/#primaryimage\"},\"image\":{\"@id\":\"https:\/\/www.southcoast.org\/screenings\/#primaryimage\"},\"thumbnailUrl\":\"https:\/\/www.southcoast.org\/wp-content\/uploads\/2025\/07\/Stock-Photo-Female-Patient-Provider-OBGYN.jpg\",\"datePublished\":\"2025-08-13T16:54:07+00:00\",\"dateModified\":\"2025-10-02T14:18:42+00:00\",\"description\":\"To discuss the best screening options for you, talk to your primary care provider to learn your options.\",\"breadcrumb\":{\"@id\":\"https:\/\/www.southcoast.org\/screenings\/#breadcrumb\"},\"inLanguage\":\"pt-PT\",\"potentialAction\":[{\"@type\":\"ReadAction\",\"target\":[\"https:\/\/www.southcoast.org\/screenings\/\"]}]},{\"@type\":\"ImageObject\",\"inLanguage\":\"pt-PT\",\"@id\":\"https:\/\/www.southcoast.org\/screenings\/#primaryimage\",\"url\":\"https:\/\/www.southcoast.org\/wp-content\/uploads\/2025\/07\/Stock-Photo-Female-Patient-Provider-OBGYN.jpg\",\"contentUrl\":\"https:\/\/www.southcoast.org\/wp-content\/uploads\/2025\/07\/Stock-Photo-Female-Patient-Provider-OBGYN.jpg\",\"width\":2121,\"height\":1414,\"caption\":\"The young adult woman smiles at provider.\"},{\"@type\":\"BreadcrumbList\",\"@id\":\"https:\/\/www.southcoast.org\/screenings\/#breadcrumb\",\"itemListElement\":[{\"@type\":\"ListItem\",\"position\":1,\"name\":\"\",\"item\":\"https:\/\/www.southcoast.org\/\"},{\"@type\":\"ListItem\",\"position\":2,\"name\":\"Cancer Screenings\"}]},{\"@type\":\"WebSite\",\"@id\":\"https:\/\/www.southcoast.org\/#website\",\"url\":\"https:\/\/www.southcoast.org\/\",\"name\":\"Southcoast Health\",\"description\":\"More than medicine.\",\"potentialAction\":[{\"@type\":\"SearchAction\",\"target\":{\"@type\":\"EntryPoint\",\"urlTemplate\":\"https:\/\/www.southcoast.org\/?s={search_term_string}\"},\"query-input\":{\"@type\":\"PropertyValueSpecification\",\"valueRequired\":true,\"valueName\":\"search_term_string\"}}],\"inLanguage\":\"pt-PT\"}]}<\/script>\n<!-- \/ Yoast SEO plugin. -->","yoast_head_json":{"title":"Cancer Screenings - Southcoast Health","description":"To discuss the best screening options for you, talk to your primary care provider to learn your options.","robots":{"index":"index","follow":"follow","max-snippet":"max-snippet:-1","max-image-preview":"max-image-preview:large","max-video-preview":"max-video-preview:-1"},"canonical":"https:\/\/www.southcoast.org\/pt\/screenings\/","og_locale":"pt_PT","og_type":"article","og_title":"Cancer Screenings - Southcoast Health","og_description":"To discuss the best screening options for you, talk to your primary care provider to learn your options.","og_url":"https:\/\/www.southcoast.org\/pt\/screenings\/","og_site_name":"Southcoast Health","article_modified_time":"2025-10-02T14:18:42+00:00","og_image":[{"width":2121,"height":1414,"url":"https:\/\/www.southcoast.org\/wp-content\/uploads\/2025\/07\/Stock-Photo-Female-Patient-Provider-OBGYN.jpg","type":"image\/jpeg"}],"twitter_card":"summary_large_image","twitter_misc":{"Est. reading time":"1 minute"},"schema":{"@context":"https:\/\/schema.org","@graph":[{"@type":"WebPage","@id":"https:\/\/www.southcoast.org\/screenings\/","url":"https:\/\/www.southcoast.org\/screenings\/","name":"Cancer Screenings - Southcoast Health","isPartOf":{"@id":"https:\/\/www.southcoast.org\/#website"},"primaryImageOfPage":{"@id":"https:\/\/www.southcoast.org\/screenings\/#primaryimage"},"image":{"@id":"https:\/\/www.southcoast.org\/screenings\/#primaryimage"},"thumbnailUrl":"https:\/\/www.southcoast.org\/wp-content\/uploads\/2025\/07\/Stock-Photo-Female-Patient-Provider-OBGYN.jpg","datePublished":"2025-08-13T16:54:07+00:00","dateModified":"2025-10-02T14:18:42+00:00","description":"To discuss the best screening options for you, talk to your primary care provider to learn your options.","breadcrumb":{"@id":"https:\/\/www.southcoast.org\/screenings\/#breadcrumb"},"inLanguage":"pt-PT","potentialAction":[{"@type":"ReadAction","target":["https:\/\/www.southcoast.org\/screenings\/"]}]},{"@type":"ImageObject","inLanguage":"pt-PT","@id":"https:\/\/www.southcoast.org\/screenings\/#primaryimage","url":"https:\/\/www.southcoast.org\/wp-content\/uploads\/2025\/07\/Stock-Photo-Female-Patient-Provider-OBGYN.jpg","contentUrl":"https:\/\/www.southcoast.org\/wp-content\/uploads\/2025\/07\/Stock-Photo-Female-Patient-Provider-OBGYN.jpg","width":2121,"height":1414,"caption":"The young adult woman smiles at provider."},{"@type":"BreadcrumbList","@id":"https:\/\/www.southcoast.org\/screenings\/#breadcrumb","itemListElement":[{"@type":"ListItem","position":1,"name":"","item":"https:\/\/www.southcoast.org\/"},{"@type":"ListItem","position":2,"name":"Cancer Screenings"}]},{"@type":"WebSite","@id":"https:\/\/www.southcoast.org\/#website","url":"https:\/\/www.southcoast.org\/","name":"Sa\u00fade no Sudeste","description":"Mais do que medicamentos.","potentialAction":[{"@type":"SearchAction","target":{"@type":"EntryPoint","urlTemplate":"https:\/\/www.southcoast.org\/?s={search_term_string}"},"query-input":{"@type":"PropertyValueSpecification","valueRequired":true,"valueName":"search_term_string"}}],"inLanguage":"pt-PT"}]}},"_links":{"self":[{"href":"https:\/\/www.southcoast.org\/pt\/wp-json\/wp\/v2\/pages\/32033","targetHints":{"allow":["GET"]}}],"collection":[{"href":"https:\/\/www.southcoast.org\/pt\/wp-json\/wp\/v2\/pages"}],"about":[{"href":"https:\/\/www.southcoast.org\/pt\/wp-json\/wp\/v2\/types\/page"}],"author":[{"embeddable":true,"href":"https:\/\/www.southcoast.org\/pt\/wp-json\/wp\/v2\/users\/11"}],"replies":[{"embeddable":true,"href":"https:\/\/www.southcoast.org\/pt\/wp-json\/wp\/v2\/comments?post=32033"}],"version-history":[{"count":19,"href":"https:\/\/www.southcoast.org\/pt\/wp-json\/wp\/v2\/pages\/32033\/revisions"}],"predecessor-version":[{"id":278449,"href":"https:\/\/www.southcoast.org\/pt\/wp-json\/wp\/v2\/pages\/32033\/revisions\/278449"}],"wp:featuredmedia":[{"embeddable":true,"href":"https:\/\/www.southcoast.org\/pt\/wp-json\/wp\/v2\/media\/32024"}],"wp:attachment":[{"href":"https:\/\/www.southcoast.org\/pt\/wp-json\/wp\/v2\/media?parent=32033"}],"curies":[{"name":"wp","href":"https:\/\/api.w.org\/{rel}","templated":true}]}}