{"id":286956,"date":"2026-03-17T07:50:32","date_gmt":"2026-03-17T12:50:32","guid":{"rendered":"https:\/\/www.southcoast.org\/?page_id=286956"},"modified":"2026-05-15T15:37:19","modified_gmt":"2026-05-15T20:37:19","slug":"2026-communitys-choice-awards","status":"publish","type":"page","link":"https:\/\/www.southcoast.org\/pt\/2026-communitys-choice-awards\/","title":{"rendered":"Pr\u00e9mios Escolha da Comunidade 2026"},"content":{"rendered":"<div  class=\"blockSettings  paddingTopSM paddingBottomMD heroBasicFluid darkTheme\" style=\"background: linear-gradient(110deg, #0A4A3D 2.57%, rgba(5, 116, 99, 0.99) 59.47%, #009984 99.08%);\"><div class=\"container\">\n            <div class=\"grid\">\n            <div class=\"col-sm-12 col-bleed-y\">\n                <div class=\"Center\">\n                    <div class=\"breadcrumbsWrapper desktop-breadcrumbs\"><nav id=\"breadcrumbs\" aria-label=\"P\u00e3o ralado\"><ol><li><a href=\"https:\/\/www.southcoast.org\/pt\/\"><i class=\"fa-light fa-house\"><\/i><span class=\"visually-hidden\">In\u00edcio<\/span><\/a><\/li><\/ol><\/nav><\/div><div class=\"breadcrumbsWrapper mobile-breadcrumbs\"><p id=\"mobile-breadcrumbs\" class=\"mobile-back-nav\"><span><span><a href=\"#\" onclick=\"return handleBackNavigation();\"><i class=\"fa-solid fa-chevron-left back-arrow\"><\/i> Voltar<\/a><\/span><\/span><\/p>\t\t<script>\n\t\t\tfunction handleBackNavigation() {\n\t\t\t\tif (window.history.length > 1) {\n\t\t\t\t\twindow.history.back();\n\t\t\t\t} else {\n\t\t\t\t\twindow.location.href = 'https:\/\/www.southcoast.org\/pt';\n\t\t\t\t}\n\t\t\t\treturn false;\n\t\t\t}\n\t\t<\/script>\n<\/div>                <\/div>\n            <\/div>\n        <\/div>\n        <div class=\"grid align-center\">\n        <div class=\"col-sm-10\">\n            <div class=\"Center\">\n\n                    <div class=\"mainCopyWrap\">\n            <h1>Pr\u00e9mios Escolha da Comunidade 2026<\/h1>\n        <\/div>\n    \n                \n            <\/div>\n        <\/div>\n    <\/div>\n<\/div>\n    <div class=\"cornerArtWrapper cornerArt-small\">\n        <img decoding=\"async\" class=\"cornerArt\" src=\"https:\/\/www.southcoast.org\/wp-content\/themes\/southcoast_multisite\/images\/corner-art.svg\" alt=\"\">\n    <\/div>\n<\/div>\n\n\n\n\n<div  class=\"blockSettings  paddingTopNone paddingBottomNone media-object-block light\" style=\"\"><div class=\"container\">\n\t<div class=\"grid\">\n\t\t<div class=\"col-sm-12\">\n\t\t\t<div class=\"inner image-right list-style-disc inner-white-bg\" style=\"background-color: #fff;\">\n\t\t\t\t<div class=\"copy\">\n\t\t\t\t\t    <div class=\"mainCopyWrap\">\n            <h2>Thank You for Nominating Southcoast Health as the Community\u2019s Choice in 11 Categories!<\/h2>\n    <div class=\"paragraphWrap\"><ul>\n<li><strong>Top Employer 500+ Employees<\/strong><\/li>\n<li><strong>Best Place to Work<\/strong><\/li>\n<li>Vida Assistida\/S\u00e9nior<\/li>\n<li>Centro de aparelhos auditivos\/especialistas em audi\u00e7\u00e3o<\/li>\n<li>Servi\u00e7os de cuidados de sa\u00fade ao domic\u00edlio<\/li>\n<li>Cuidados paliativos<\/li>\n<li>Hospital\/Centro M\u00e9dico<\/li>\n<li>Cuidados com a mem\u00f3ria<\/li>\n<li>Lar de idosos<\/li>\n<li>Centro de Reabilita\u00e7\u00e3o<\/li>\n<li>Urgent Care\/Walk-in Clinic<\/li>\n<\/ul>\n<table width=\"100%\">\n<tbody>\n<tr>\n<td><\/td>\n<\/tr>\n<\/tbody>\n<\/table>\n<\/div>    <\/div>\n    \t\t\t\t<\/div>\n\t\t\t\t\t\t\t\t<div class=\"images\">\n\t\t\t\t\t\t<img decoding=\"async\" class=\"single\" src=\"https:\/\/www.southcoast.org\/wp-content\/uploads\/2026\/03\/Communitys-Choice-Award.png\" alt=\"Communitys-Choice-Award\">\n\t\t\t\t\t\t\t\t\t\t<\/div>\n\t\t\t\t\n\t\t\t<\/div>\n\t\t<\/div>\n\t<\/div>\n<\/div>\n<\/div>\n\n\n<div  class=\"blockSettings  paddingTopMD paddingBottomMD cardIconsFluid cardIconsImageFluid light\" style=\"background-color:#E9F7F4;\">\t<div class=\"container\">\n\t\t\t\t\t<div class=\"grid\">\n\t\t\t\t<div class=\"col-sm-12\">\n\t\t\t\t\t<div class=\"introCenter\">\n\t\t\t\t\t\t<div class=\"maincopy intro\">\n\t\t\t\t\t\t\t<h2>Now that the nomination round has ended, the voting round for the 2026 Community\u2019s Choice Awards is underway!<\/h2>\n\t\t\t\t\t\t\t\t\t\t\t\t\t\t\t<p><p>Whether you received exceptional care, felt supported during an important moment, or simply want to show your appreciation, your vote is a meaningful way to say thank you.<\/p>\n<p>Anyone who votes in 25 or more categories will also be automatically entered for a chance to win a <strong>$250 gift card from SouthCoast Media Group<\/strong>.<\/p>\n<p>You can cast your votes once a day through May 29 through the links below.<\/p>\n<\/p>\n\t\t\t\t\t\t\t\t\t\t\t\t\t<\/div>\n\t\t\t\t\t\t\t\t\t\t\t\t\t\t\t\t\t\t\t\t\t\t\t\t\t\t                                                                                                        \t\t\t\t\t<\/div>\n\t\t\t\t<\/div>\n\t\t\t<\/div>\n\t\t\n\t\t\t\t\t<!--Manual Cards-->\n\t\t\t<div class=\"grid\">\n\t\t\t\t\t\t\t\t\t\t\t<div class=\"col-sm-6 col-md-4 col-grid\">\n\t\t\t\t\t\t\t\t<div class=\"cardBasic strokeBar Center Vertical\">\n\t\t\t\t\t\t\t\t\t\t\t\t\t\t\t\t\t\t\t<span class=\"icon fa-classic fa-light fa-award\"><\/span>\n\t\t\t\t\t\t\t\t\t\t\t\t\t\t\t\t\t\t\n\t\t\t\t\t\t\t\t\t<div class=\"cardBasicBody\">\n\t\t\t\t\t\t\t\t\t\t<div class=\"cardBasicBodyTitle\" role=\"title\">Vote for Southcoast Health as Top Employer (500+ Employees) and Best Place to Work<\/div>\n\t\t\t\t\t\t\t\t\t\t\t\t\t\t\t\t\t\t\t\t<div class=\"excerpt\">\n\t\t\t\t\t\t\t\t\t\t\t<p><a href=\"https:\/\/southcoasttoday.gannettcontests.com\/2026-SouthCoast-Communitys-Choice-Awards\/gallery?group=546718\"><b>Empregador - 500+ Empregados<\/b><\/a><\/p>\n<p><a href=\"https:\/\/southcoasttoday.gannettcontests.com\/2026-SouthCoast-Communitys-Choice-Awards\/gallery?group=546718\"><b>Local de trabalho<\/b><\/a><\/p>\n\t\t\t\t\t\t\t\t\t\t<\/div>\n\t\t\t\t\t\t\t\t\t\t\t\t\t\t\t\t\t\t\t\t\t\t\t\t\t\t\t\t\t\t\t<div class=\"cardLinks\">\n\t\t\t\t\t\t\t\t\t\t\t\t\t\t\t\t\t\t\t\t\t\t\t<a aria-label=\"link to Vote Here of Vote for Southcoast Health as Top Employer (500+ Employees) and Best Place to Work\" title=\"link to Vote Here\" href=\"https:\/\/southcoasttoday.gannettcontests.com\/2026-SouthCoast-Communitys-Choice-Awards\/gallery?group=546718\" target=\"_blank\" class=\"mainCTA light3\">\n\t\t\t\t\t\t\t\t\t\t\t\t\t<span class=\"icon-cta fa-regular fa-arrow-up-right\" aria-hidden=\"true\"><\/span>\n\t\t\t\t\t\t\t\t\t\t\t\t\tVote Here <span class=\"fa-regular fa-arrow-up-right-from-square readMoreIconTarget\"><\/span>\t\t\t\t\t\t\t\t\t\t\t\t<\/a>\n\t\t\t\t\t\t\t\t\t\t\t\t\t\t\t\t\t\t\t\t\t\t\t\n\t\t\t\t\t\t\t\t\t\t\t\t\t\t\t\t\t\t\t\t\t\t<\/div>\n\t\t\t\t\t\t\t\t\t\t\t\t\t\t\t\t\t\t\t<\/div>\n\t\t\t\t\t\t\t\t<\/div>\n\t\t\t\t\t\t\t<\/div>\n\t\t\t\t\t\t\t\t\t\t\t\t<div class=\"col-sm-6 col-md-4 col-grid\">\n\t\t\t\t\t\t\t\t<div class=\"cardBasic strokeBar Center Vertical\">\n\t\t\t\t\t\t\t\t\t\t\t\t\t\t\t\t\t\t\t<span class=\"icon fa-classic fa-light fa-award\"><\/span>\n\t\t\t\t\t\t\t\t\t\t\t\t\t\t\t\t\t\t\n\t\t\t\t\t\t\t\t\t<div class=\"cardBasicBody\">\n\t\t\t\t\t\t\t\t\t\t<div class=\"cardBasicBodyTitle\" role=\"title\">Vote for Southcoast Health in Any of the Following Beauty &amp; Health Categories<\/div>\n\t\t\t\t\t\t\t\t\t\t\t\t\t\t\t\t\t\t\t\t<div class=\"excerpt\">\n\t\t\t\t\t\t\t\t\t\t\t<p><a href=\"https:\/\/southcoasttoday.gannettcontests.com\/2026-SouthCoast-Communitys-Choice-Awards\/gallery?group=546705\"><strong>Centro de aparelhos auditivos\/especialistas em audi\u00e7\u00e3o<\/strong><\/a><\/p>\n<p><strong><a href=\"https:\/\/southcoasttoday.gannettcontests.com\/2026-SouthCoast-Communitys-Choice-Awards\/gallery?group=546705\">Servi\u00e7os de cuidados de sa\u00fade ao domic\u00edlio<\/a><\/strong><\/p>\n<p><strong><a href=\"https:\/\/southcoasttoday.gannettcontests.com\/2026-SouthCoast-Communitys-Choice-Awards\/gallery?group=546705\">Cuidados paliativos\u00a0<\/a><\/strong><\/p>\n<p><a href=\"https:\/\/southcoasttoday.gannettcontests.com\/2026-SouthCoast-Communitys-Choice-Awards\/gallery?group=546705\"><strong>Hospital\/Centro M\u00e9dico<\/strong><\/a><\/p>\n<p><a href=\"https:\/\/southcoasttoday.gannettcontests.com\/2026-SouthCoast-Communitys-Choice-Awards\/gallery?group=546705\"><strong>Centro de Reabilita\u00e7\u00e3o<\/strong><\/a><\/p>\n<p><a href=\"https:\/\/southcoasttoday.gannettcontests.com\/2026-SouthCoast-Communitys-Choice-Awards\/gallery?group=546705\"><strong>Cuidados Urgentes\/Cl\u00ednica de Passagem<\/strong><\/a><\/p>\n<p>&nbsp;<\/p>\n\t\t\t\t\t\t\t\t\t\t<\/div>\n\t\t\t\t\t\t\t\t\t\t\t\t\t\t\t\t\t\t\t\t\t\t\t\t\t\t\t\t\t\t\t<div class=\"cardLinks\">\n\t\t\t\t\t\t\t\t\t\t\t\t\t\t\t\t\t\t\t\t\t\t\t<a aria-label=\"link to Vote Here of Vote for Southcoast Health in Any of the Following Beauty &amp; Health Categories\" title=\"link to Vote Here\" href=\"https:\/\/southcoasttoday.gannettcontests.com\/2026-SouthCoast-Communitys-Choice-Awards\/gallery?group=546705\" target=\"_blank\" class=\"mainCTA light3\">\n\t\t\t\t\t\t\t\t\t\t\t\t\t<span class=\"icon-cta fa-regular fa-arrow-up-right\" aria-hidden=\"true\"><\/span>\n\t\t\t\t\t\t\t\t\t\t\t\t\tVote Here <span class=\"fa-regular fa-arrow-up-right-from-square readMoreIconTarget\"><\/span>\t\t\t\t\t\t\t\t\t\t\t\t<\/a>\n\t\t\t\t\t\t\t\t\t\t\t\t\t\t\t\t\t\t\t\t\t\t\t\n\t\t\t\t\t\t\t\t\t\t\t\t\t\t\t\t\t\t\t\t\t\t<\/div>\n\t\t\t\t\t\t\t\t\t\t\t\t\t\t\t\t\t\t\t<\/div>\n\t\t\t\t\t\t\t\t<\/div>\n\t\t\t\t\t\t\t<\/div>\n\t\t\t\t\t\t\t\t\t\t\t\t<div class=\"col-sm-6 col-md-4 col-grid\">\n\t\t\t\t\t\t\t\t<div class=\"cardBasic strokeBar Center Vertical\">\n\t\t\t\t\t\t\t\t\t\t\t\t\t\t\t\t\t\t\t<span class=\"icon fa-classic fa-light fa-award\"><\/span>\n\t\t\t\t\t\t\t\t\t\t\t\t\t\t\t\t\t\t\n\t\t\t\t\t\t\t\t\t<div class=\"cardBasicBody\">\n\t\t\t\t\t\t\t\t\t\t<div class=\"cardBasicBodyTitle\" role=\"title\">Vote for Southcoast Health in the Following Services Categories<\/div>\n\t\t\t\t\t\t\t\t\t\t\t\t\t\t\t\t\t\t\t\t<div class=\"excerpt\">\n\t\t\t\t\t\t\t\t\t\t\t<p><a href=\"https:\/\/southcoasttoday.gannettcontests.com\/2026-SouthCoast-Communitys-Choice-Awards\/gallery?group=546713\"><b>Vida Assistida\/S\u00e9nior<\/b><\/a><br \/>\n\"Cuidados de Enfermagem Alden Court\"<\/p>\n<p><a href=\"https:\/\/southcoasttoday.gannettcontests.com\/2026-SouthCoast-Communitys-Choice-Awards\/gallery?group=546713\"><b>Cuidados com a mem\u00f3ria<\/b><\/a><\/p>\n<p><a href=\"https:\/\/southcoasttoday.gannettcontests.com\/2026-SouthCoast-Communitys-Choice-Awards\/gallery?group=546713\"><strong>Lar de idosos<\/strong><\/a><br \/>\n\"Cuidados de Enfermagem Alden Court\"<\/p>\n\t\t\t\t\t\t\t\t\t\t<\/div>\n\t\t\t\t\t\t\t\t\t\t\t\t\t\t\t\t\t\t\t\t\t\t\t\t\t\t\t\t\t\t\t<div class=\"cardLinks\">\n\t\t\t\t\t\t\t\t\t\t\t\t\t\t\t\t\t\t\t\t\t\t\t<a aria-label=\"link to Vote Here of Vote for Southcoast Health in the Following Services Categories\" title=\"link to Vote Here\" href=\"https:\/\/southcoasttoday.gannettcontests.com\/2026-SouthCoast-Communitys-Choice-Awards\/gallery?group=546713\" target=\"_blank\" class=\"mainCTA light3\">\n\t\t\t\t\t\t\t\t\t\t\t\t\t<span class=\"icon-cta fa-regular fa-arrow-up-right\" aria-hidden=\"true\"><\/span>\n\t\t\t\t\t\t\t\t\t\t\t\t\tVote Here <span class=\"fa-regular fa-arrow-up-right-from-square readMoreIconTarget\"><\/span>\t\t\t\t\t\t\t\t\t\t\t\t<\/a>\n\t\t\t\t\t\t\t\t\t\t\t\t\t\t\t\t\t\t\t\t\t\t\t\n\t\t\t\t\t\t\t\t\t\t\t\t\t\t\t\t\t\t\t\t\t\t<\/div>\n\t\t\t\t\t\t\t\t\t\t\t\t\t\t\t\t\t\t\t<\/div>\n\t\t\t\t\t\t\t\t<\/div>\n\t\t\t\t\t\t\t<\/div>\n\t\t\t\t\t\t\t\t<\/div>\n\t\t\t<\/div>\n<\/div>","protected":false},"excerpt":{"rendered":"","protected":false},"author":20,"featured_media":0,"parent":0,"menu_order":0,"comment_status":"closed","ping_status":"closed","template":"","meta":{"_acf_changed":false,"footnotes":""},"class_list":["post-286956","page","type-page","status-publish","hentry"],"acf":[],"yoast_head":"<!-- This site is optimized with the Yoast SEO plugin v26.0 - https:\/\/yoast.com\/wordpress\/plugins\/seo\/ -->\n<title>2026 Community&#039;s Choice Awards - Southcoast Health<\/title>\n<meta name=\"robots\" content=\"index, follow, max-snippet:-1, max-image-preview:large, max-video-preview:-1\" \/>\n<link rel=\"canonical\" href=\"https:\/\/www.southcoast.org\/pt\/2026-communitys-choice-awards\/\" \/>\n<meta property=\"og:locale\" content=\"pt_PT\" \/>\n<meta property=\"og:type\" content=\"article\" \/>\n<meta property=\"og:title\" content=\"2026 Community&#039;s Choice Awards - Southcoast Health\" \/>\n<meta property=\"og:url\" content=\"https:\/\/www.southcoast.org\/pt\/2026-communitys-choice-awards\/\" \/>\n<meta property=\"og:site_name\" content=\"Southcoast Health\" \/>\n<meta property=\"article:modified_time\" content=\"2026-05-15T20:37:19+00:00\" \/>\n<meta name=\"twitter:card\" content=\"summary_large_image\" \/>\n<script type=\"application\/ld+json\" class=\"yoast-schema-graph\">{\"@context\":\"https:\/\/schema.org\",\"@graph\":[{\"@type\":\"WebPage\",\"@id\":\"https:\/\/www.southcoast.org\/2026-communitys-choice-awards\/\",\"url\":\"https:\/\/www.southcoast.org\/2026-communitys-choice-awards\/\",\"name\":\"2026 Community's Choice Awards - Southcoast Health\",\"isPartOf\":{\"@id\":\"https:\/\/www.southcoast.org\/#website\"},\"datePublished\":\"2026-03-17T12:50:32+00:00\",\"dateModified\":\"2026-05-15T20:37:19+00:00\",\"breadcrumb\":{\"@id\":\"https:\/\/www.southcoast.org\/2026-communitys-choice-awards\/#breadcrumb\"},\"inLanguage\":\"pt-PT\",\"potentialAction\":[{\"@type\":\"ReadAction\",\"target\":[\"https:\/\/www.southcoast.org\/2026-communitys-choice-awards\/\"]}]},{\"@type\":\"BreadcrumbList\",\"@id\":\"https:\/\/www.southcoast.org\/2026-communitys-choice-awards\/#breadcrumb\",\"itemListElement\":[{\"@type\":\"ListItem\",\"position\":1,\"name\":\"\",\"item\":\"https:\/\/www.southcoast.org\/\"},{\"@type\":\"ListItem\",\"position\":2,\"name\":\"2026 Community&#8217;s Choice Awards\"}]},{\"@type\":\"WebSite\",\"@id\":\"https:\/\/www.southcoast.org\/#website\",\"url\":\"https:\/\/www.southcoast.org\/\",\"name\":\"Southcoast Health\",\"description\":\"More than medicine.\",\"potentialAction\":[{\"@type\":\"SearchAction\",\"target\":{\"@type\":\"EntryPoint\",\"urlTemplate\":\"https:\/\/www.southcoast.org\/?s={search_term_string}\"},\"query-input\":{\"@type\":\"PropertyValueSpecification\",\"valueRequired\":true,\"valueName\":\"search_term_string\"}}],\"inLanguage\":\"pt-PT\"}]}<\/script>\n<!-- \/ Yoast SEO plugin. -->","yoast_head_json":{"title":"2026 Community's Choice Awards - Southcoast Health","robots":{"index":"index","follow":"follow","max-snippet":"max-snippet:-1","max-image-preview":"max-image-preview:large","max-video-preview":"max-video-preview:-1"},"canonical":"https:\/\/www.southcoast.org\/pt\/2026-communitys-choice-awards\/","og_locale":"pt_PT","og_type":"article","og_title":"2026 Community's Choice Awards - Southcoast Health","og_url":"https:\/\/www.southcoast.org\/pt\/2026-communitys-choice-awards\/","og_site_name":"Southcoast Health","article_modified_time":"2026-05-15T20:37:19+00:00","twitter_card":"summary_large_image","schema":{"@context":"https:\/\/schema.org","@graph":[{"@type":"WebPage","@id":"https:\/\/www.southcoast.org\/2026-communitys-choice-awards\/","url":"https:\/\/www.southcoast.org\/2026-communitys-choice-awards\/","name":"2026 Community's Choice Awards - Southcoast Health","isPartOf":{"@id":"https:\/\/www.southcoast.org\/#website"},"datePublished":"2026-03-17T12:50:32+00:00","dateModified":"2026-05-15T20:37:19+00:00","breadcrumb":{"@id":"https:\/\/www.southcoast.org\/2026-communitys-choice-awards\/#breadcrumb"},"inLanguage":"pt-PT","potentialAction":[{"@type":"ReadAction","target":["https:\/\/www.southcoast.org\/2026-communitys-choice-awards\/"]}]},{"@type":"BreadcrumbList","@id":"https:\/\/www.southcoast.org\/2026-communitys-choice-awards\/#breadcrumb","itemListElement":[{"@type":"ListItem","position":1,"name":"","item":"https:\/\/www.southcoast.org\/"},{"@type":"ListItem","position":2,"name":"2026 Community&#8217;s Choice Awards"}]},{"@type":"WebSite","@id":"https:\/\/www.southcoast.org\/#website","url":"https:\/\/www.southcoast.org\/","name":"Sa\u00fade no Sudeste","description":"Mais do que medicamentos.","potentialAction":[{"@type":"SearchAction","target":{"@type":"EntryPoint","urlTemplate":"https:\/\/www.southcoast.org\/?s={search_term_string}"},"query-input":{"@type":"PropertyValueSpecification","valueRequired":true,"valueName":"search_term_string"}}],"inLanguage":"pt-PT"}]}},"_links":{"self":[{"href":"https:\/\/www.southcoast.org\/pt\/wp-json\/wp\/v2\/pages\/286956","targetHints":{"allow":["GET"]}}],"collection":[{"href":"https:\/\/www.southcoast.org\/pt\/wp-json\/wp\/v2\/pages"}],"about":[{"href":"https:\/\/www.southcoast.org\/pt\/wp-json\/wp\/v2\/types\/page"}],"author":[{"embeddable":true,"href":"https:\/\/www.southcoast.org\/pt\/wp-json\/wp\/v2\/users\/20"}],"replies":[{"embeddable":true,"href":"https:\/\/www.southcoast.org\/pt\/wp-json\/wp\/v2\/comments?post=286956"}],"version-history":[{"count":90,"href":"https:\/\/www.southcoast.org\/pt\/wp-json\/wp\/v2\/pages\/286956\/revisions"}],"predecessor-version":[{"id":288958,"href":"https:\/\/www.southcoast.org\/pt\/wp-json\/wp\/v2\/pages\/286956\/revisions\/288958"}],"wp:attachment":[{"href":"https:\/\/www.southcoast.org\/pt\/wp-json\/wp\/v2\/media?parent=286956"}],"curies":[{"name":"wp","href":"https:\/\/api.w.org\/{rel}","templated":true}]}}