{"id":286871,"date":"2026-03-12T15:33:27","date_gmt":"2026-03-12T20:33:27","guid":{"rendered":"https:\/\/www.southcoast.org\/?page_id=286871"},"modified":"2026-03-12T15:38:49","modified_gmt":"2026-03-12T20:38:49","slug":"mens-health","status":"publish","type":"page","link":"https:\/\/www.southcoast.org\/pt\/mens-health\/","title":{"rendered":"Sa\u00fade do homem"},"content":{"rendered":"<div  class=\"blockSettings  paddingTopSM paddingBottomMD heroBasicFluid darkTheme\" style=\"background: linear-gradient(110deg, #0A4A3D 2.57%, rgba(5, 116, 99, 0.99) 59.47%, #009984 99.08%);\"><div class=\"container\">\n            <div class=\"grid\">\n            <div class=\"col-sm-12 col-bleed-y\">\n                <div class=\"Center\">\n                    <div class=\"breadcrumbsWrapper desktop-breadcrumbs\"><nav id=\"breadcrumbs\" aria-label=\"P\u00e3o ralado\"><ol><li><a href=\"https:\/\/www.southcoast.org\/pt\/\"><i class=\"fa-light fa-house\"><\/i><span class=\"visually-hidden\">In\u00edcio<\/span><\/a><\/li><\/ol><\/nav><\/div><div class=\"breadcrumbsWrapper mobile-breadcrumbs\"><p id=\"mobile-breadcrumbs\" class=\"mobile-back-nav\"><span><span><a href=\"#\" onclick=\"return handleBackNavigation();\"><i class=\"fa-solid fa-chevron-left back-arrow\"><\/i> Voltar<\/a><\/span><\/span><\/p>\t\t<script>\n\t\t\tfunction handleBackNavigation() {\n\t\t\t\tif (window.history.length > 1) {\n\t\t\t\t\twindow.history.back();\n\t\t\t\t} else {\n\t\t\t\t\twindow.location.href = 'https:\/\/www.southcoast.org\/pt';\n\t\t\t\t}\n\t\t\t\treturn false;\n\t\t\t}\n\t\t<\/script>\n<\/div>                <\/div>\n            <\/div>\n        <\/div>\n        <div class=\"grid align-center\">\n        <div class=\"col-sm-10\">\n            <div class=\"Center\">\n\n                    <div class=\"mainCopyWrap\">\n            <h1>Sa\u00fade do homem<\/h1>\n        <\/div>\n    \n                \n            <\/div>\n        <\/div>\n    <\/div>\n<\/div>\n    <div class=\"cornerArtWrapper cornerArt-small\">\n        <img decoding=\"async\" class=\"cornerArt\" src=\"https:\/\/www.southcoast.org\/wp-content\/themes\/southcoast_multisite\/images\/corner-art.svg\" alt=\"\">\n    <\/div>\n<\/div>\n\n\n\n\n<div  class=\"blockSettings  paddingTopSM paddingBottomSM media-object-block light\" style=\"background-color:#fff;\"><div class=\"container\">\n\t<div class=\"grid\">\n\t\t<div class=\"col-sm-12\">\n\t\t\t<div class=\"inner image-left list-style-disc inner-white-bg\" style=\"background-color: #fff;\">\n\t\t\t\t<div class=\"copy\">\n\t\t\t\t\t    <div class=\"mainCopyWrap\">\n            <h2>Proteja a sua sa\u00fade em todas as fases da vida<\/h2>\n    <div class=\"paragraphWrap\"><p>Muitas vezes, os homens adiam os cuidados, saltam os rastreios ou ignoram os primeiros sinais de alerta. Mas adotar uma abordagem proactiva em rela\u00e7\u00e3o \u00e0 sua sa\u00fade pode ajudar a prevenir doen\u00e7as graves e garantir que se mant\u00e9m ativo e saud\u00e1vel nos pr\u00f3ximos anos.<\/p>\n<p>Na Southcoast Health, os nossos prestadores de cuidados prim\u00e1rios e especialistas trabalham em conjunto para ajudar os homens a gerir a sua sa\u00fade com exames preventivos, tratamentos avan\u00e7ados e cuidados especializados numa vasta gama de servi\u00e7os.<\/p>\n<\/div>    <\/div>\n    \t\t\t\t<\/div>\n\t\t\t\t\t\t\t\t<div class=\"images\">\n\t\t\t\t\t\t<img decoding=\"async\" class=\"single\" src=\"https:\/\/www.southcoast.org\/wp-content\/uploads\/2026\/03\/Mens-Health.png\" alt=\"Mens Health\">\n\t\t\t\t\t\t\t\t\t\t<\/div>\n\t\t\t\t\n\t\t\t<\/div>\n\t\t<\/div>\n\t<\/div>\n<\/div>\n<\/div>\n\n\n<div  class=\"blockSettings  paddingTopNone paddingBottomNone media-object-block light\" style=\"\"><div class=\"container\">\n\t<div class=\"grid\">\n\t\t<div class=\"col-sm-12\">\n\t\t\t<div class=\"inner image-right list-style-disc inner-bg\" style=\"background-color: #f6f7f7;\">\n\t\t\t\t<div class=\"copy\">\n\t\t\t\t\t    <div class=\"mainCopyWrap\">\n            <h2>Quando \u00e9 que os homens devem consultar um m\u00e9dico?<\/h2>\n    <div class=\"paragraphWrap\"><p>Os check-ups regulares ajudam a detetar problemas de sa\u00fade antes que se tornem graves.<\/p>\n<p>Os homens devem consultar um prestador de cuidados prim\u00e1rios anualmente e agendar exames com base na idade e nos factores de risco.<\/p>\n<p>Os principais exames de sa\u00fade para os homens incluem:<\/p>\n<ul>\n<li>Controlo da tens\u00e3o arterial<\/li>\n<li>Rastreio do colesterol<\/li>\n<li>Rastreio da diabetes<\/li>\n<li>Rastreio do cancro do c\u00f3lon<\/li>\n<li>Avalia\u00e7\u00e3o da sa\u00fade da pr\u00f3stata<\/li>\n<\/ul>\n<\/div>    <\/div>\n    \t\t\t\t<\/div>\n\t\t\t\t\t\t\t\t<div class=\"images\">\n\t\t\t\t\t\t<img decoding=\"async\" class=\"single\" src=\"https:\/\/www.southcoast.org\/wp-content\/uploads\/2026\/03\/5.png\" alt=\"Doctor men&#039;s health\">\n\t\t\t\t\t\t\t\t\t\t<\/div>\n\t\t\t\t\n\t\t\t<\/div>\n\t\t<\/div>\n\t<\/div>\n<\/div>\n<\/div>\n\n\n<div  class=\"blockSettings  paddingTopMD paddingBottomNone tabsFluid light\" style=\"\"><div class=\"container\">\n\n            <div class=\"grid\">\n            <div class=\"col-sm-12\">\n                <div class=\"introCenter intro-content\">\n                        <div class=\"mainCopyWrap\">\n            <h2>T\u00f3picos de sa\u00fade masculina<\/h2>\n        <\/div>\n    \n\n                <\/div>\n            <\/div>\n        <\/div>\n    \n   \n        <div class=\"blockSeparator\"><\/div>\n    \n\n    <!--Desktop Tabs-->\n    <div class=\"grid tab tabHorizontal\">\n        <div class=\"col-sm-12\">\n            <ul class=\"tab__head\" role=\"tablist\" aria-label=\"T\u00f3picos de sa\u00fade masculina - Tabs\">\n                                                            <li role=\"tab\" class=\"is-open\"><a href=\"#tabH1\" id=\"tabH1-tab\" title=\"\"\n                                                                    role=\"tab\"\n                                                                    aria-controls=\"tabH1\"\n                                                                    aria-selected=\"true\">Sa\u00fade do cora\u00e7\u00e3o para homens<\/a><\/li>\n                                            <li role=\"tab\" class=\"\"><a href=\"#tabH2\" id=\"tabH2-tab\" title=\"\"\n                                                                    role=\"tab\"\n                                                                    aria-controls=\"tabH2\"\n                                                                    aria-selected=\"false\">Sa\u00fade da pr\u00f3stata e rastreio do cancro<\/a><\/li>\n                                            <li role=\"tab\" class=\"\"><a href=\"#tabH3\" id=\"tabH3-tab\" title=\"\"\n                                                                    role=\"tab\"\n                                                                    aria-controls=\"tabH3\"\n                                                                    aria-selected=\"false\">Rastreio do cancro do c\u00f3lon<\/a><\/li>\n                                                <\/ul>\n        <\/div>\n        <div class=\"col-sm-12\">\n                                                <div class=\"beefup tab__item tabH is-open\" id=\"tabH1\" role=\"tabpanel\" aria-labelledby=\"tabH1-tab\" aria-hidden=\"false\">\n                                                    <div class=\"grid justify-center\">\n                                                                                                            <div class=\"col-sm-6\">\n                                            <div class=\"beefup__image\">\n                                                <img loading=\"lazy\" decoding=\"async\" width=\"1024\" height=\"1024\" src=\"https:\/\/www.southcoast.org\/wp-content\/uploads\/2026\/03\/3.png\" class=\"attachment-full size-full\" alt=\"Heart Health for Men\" srcset=\"https:\/\/www.southcoast.org\/wp-content\/uploads\/2026\/03\/3.png 1024w, https:\/\/www.southcoast.org\/wp-content\/uploads\/2026\/03\/3-300x300.png 300w, https:\/\/www.southcoast.org\/wp-content\/uploads\/2026\/03\/3-150x150.png 150w, https:\/\/www.southcoast.org\/wp-content\/uploads\/2026\/03\/3-768x768.png 768w, https:\/\/www.southcoast.org\/wp-content\/uploads\/2026\/03\/3-12x12.png 12w\" sizes=\"auto, (max-width: 1024px) 100vw, 1024px\" \/>                                            <\/div>\n                                        <\/div>\n                                                                        <div class=\"col-sm-6\">\n                                        <article aria-labelledby=\"Heart Health for Men content.\" class=\"beefup__body\" role=\"region\" style=\"overflow: hidden;\">\n                                            <div class=\"maincopy intro\">\n                                                <p>As doen\u00e7as card\u00edacas s\u00e3o a principal causa de morte dos homens nos Estados Unidos. Exames regulares e escolhas de estilo de vida saud\u00e1veis podem reduzir significativamente o seu risco.<\/p>\n<p>Os factores de risco mais comuns incluem:<\/p>\n<ul>\n<li>Tens\u00e3o arterial elevada<\/li>\n<li>Colesterol elevado<\/li>\n<li>Fumar<\/li>\n<li>Diabetes<\/li>\n<li>Obesidade<\/li>\n<li>Hist\u00f3ria familiar de doen\u00e7a card\u00edaca<\/li>\n<\/ul>\n<p>Os nossos especialistas em cardiologia oferecem testes de diagn\u00f3stico avan\u00e7ados, estrat\u00e9gias de preven\u00e7\u00e3o e tratamentos de ponta para doen\u00e7as card\u00edacas.<\/p>\n                                            <\/div>\n                                        <\/article>\n                                            <div class=\"ctaWrap\">\n                    <a aria-label=\"liga\u00e7\u00e3o para saber mais\" class=\"mainCTA shadow light1\" href=\"https:\/\/heart.southcoast.org\/%20\" title=\"Abrir Saiba mais\" >Saiba mais<\/a>            <\/div>\n                                        <\/div>\n                                                            <\/div>\n                                            <\/div>\n                                    <div class=\"beefup tab__item tabH\" id=\"tabH2\" role=\"tabpanel\" aria-labelledby=\"tabH2-tab\" aria-hidden=\"true\">\n                                                    <div class=\"grid justify-center\">\n                                                                                                            <div class=\"col-sm-6\">\n                                            <div class=\"beefup__image\">\n                                                <img loading=\"lazy\" decoding=\"async\" width=\"1024\" height=\"1024\" src=\"https:\/\/www.southcoast.org\/wp-content\/uploads\/2026\/03\/Prostrate.png\" class=\"attachment-full size-full\" alt=\"Prostate\" srcset=\"https:\/\/www.southcoast.org\/wp-content\/uploads\/2026\/03\/Prostrate.png 1024w, https:\/\/www.southcoast.org\/wp-content\/uploads\/2026\/03\/Prostrate-300x300.png 300w, https:\/\/www.southcoast.org\/wp-content\/uploads\/2026\/03\/Prostrate-150x150.png 150w, https:\/\/www.southcoast.org\/wp-content\/uploads\/2026\/03\/Prostrate-768x768.png 768w, https:\/\/www.southcoast.org\/wp-content\/uploads\/2026\/03\/Prostrate-12x12.png 12w\" sizes=\"auto, (max-width: 1024px) 100vw, 1024px\" \/>                                            <\/div>\n                                        <\/div>\n                                                                        <div class=\"col-sm-6\">\n                                        <article aria-labelledby=\"Prostate Health &amp; Cancer Screening content.\" class=\"beefup__body\" role=\"region\" style=\"overflow: none;\">\n                                            <div class=\"maincopy intro\">\n                                                <p>O cancro da pr\u00f3stata \u00e9 um dos cancros mais comuns entre os homens, mas quando detectado precocemente, \u00e9 altamente trat\u00e1vel.<\/p>\n<p>Os nossos especialistas em urologia oferecem op\u00e7\u00f5es avan\u00e7adas de rastreio e tratamento para doen\u00e7as da pr\u00f3stata, incluindo procedimentos minimamente invasivos e cuidados personalizados.<\/p>\n<p>Fale com o seu prestador de cuidados prim\u00e1rios sobre o rastreio da pr\u00f3stata se<\/p>\n<ul>\n<li>Ter mais de 50 anos<\/li>\n<li>Ter um historial familiar de cancro da pr\u00f3stata<\/li>\n<li>Apresenta sintomas urin\u00e1rios<\/li>\n<\/ul>\n                                            <\/div>\n                                        <\/article>\n                                            <div class=\"ctaWrap\">\n                    <a aria-label=\"liga\u00e7\u00e3o para saber mais\" class=\"mainCTA shadow light1\" href=\"https:\/\/www.southcoast.org\/pt\/services\/urology\/#\/slot-search\/specialtyGroup\/8AA27185-C038-4039-B571-197C30613201%20\" title=\"Abrir Saiba mais\" >Saiba mais<\/a>            <\/div>\n                                        <\/div>\n                                                            <\/div>\n                                            <\/div>\n                                    <div class=\"beefup tab__item tabH\" id=\"tabH3\" role=\"tabpanel\" aria-labelledby=\"tabH3-tab\" aria-hidden=\"true\">\n                                                    <div class=\"grid justify-center\">\n                                                                                                            <div class=\"col-sm-6\">\n                                            <div class=\"beefup__image\">\n                                                <img loading=\"lazy\" decoding=\"async\" width=\"1024\" height=\"1024\" src=\"https:\/\/www.southcoast.org\/wp-content\/uploads\/2026\/03\/Intestines.png\" class=\"attachment-full size-full\" alt=\"colon cancer\" srcset=\"https:\/\/www.southcoast.org\/wp-content\/uploads\/2026\/03\/Intestines.png 1024w, https:\/\/www.southcoast.org\/wp-content\/uploads\/2026\/03\/Intestines-300x300.png 300w, https:\/\/www.southcoast.org\/wp-content\/uploads\/2026\/03\/Intestines-150x150.png 150w, https:\/\/www.southcoast.org\/wp-content\/uploads\/2026\/03\/Intestines-768x768.png 768w, https:\/\/www.southcoast.org\/wp-content\/uploads\/2026\/03\/Intestines-12x12.png 12w\" sizes=\"auto, (max-width: 1024px) 100vw, 1024px\" \/>                                            <\/div>\n                                        <\/div>\n                                                                        <div class=\"col-sm-6\">\n                                        <article aria-labelledby=\"Colon Cancer Screening content.\" class=\"beefup__body\" role=\"region\" style=\"overflow: none;\">\n                                            <div class=\"maincopy intro\">\n                                                <p>O cancro do c\u00f3lon \u00e9 altamente evit\u00e1vel atrav\u00e9s do rastreio precoce. As colonoscopias e outras op\u00e7\u00f5es de rastreio podem detetar p\u00f3lipos pr\u00e9-cancerosos antes de se tornarem cancro.<\/p>\n<p>A maioria dos homens deve come\u00e7ar a fazer o rastreio aos 45 anos, ou mais cedo se tiverem factores de risco:<\/p>\n<ul>\n<li>Hist\u00f3ria familiar de cancro colorrectal ou p\u00f3lipos<\/li>\n<li>Hist\u00f3ria pessoal de cancro<\/li>\n<li>Sofre de colite ulcerosa ou doen\u00e7a de Crohn<\/li>\n<li>Dieta pouco saud\u00e1vel<\/li>\n<li>Inatividade e obesidade<\/li>\n<li>Fumar cigarros<\/li>\n<li>Mais de 50 anos<\/li>\n<\/ul>\n                                            <\/div>\n                                        <\/article>\n                                            <div class=\"ctaWrap\">\n                    <a aria-label=\"liga\u00e7\u00e3o para saber mais\" class=\"mainCTA shadow light1\" href=\"https:\/\/cancer.southcoast.org\/digestive-cancer\/colorectal-cancer\/%20\" title=\"Abrir Saiba mais\" >Saiba mais<\/a>            <\/div>\n                                        <\/div>\n                                                            <\/div>\n                                            <\/div>\n                                    <\/div>\n    <\/div>\n<\/div>\n<\/div>\n\n\n<div  class=\"blockSettings  paddingTopMD paddingBottomMD media-object-block light\" style=\"\"><div class=\"container\">\n\t<div class=\"grid\">\n\t\t<div class=\"col-sm-12\">\n\t\t\t<div class=\"inner image-right list-style-disc inner-bg\" style=\"background-color: #f6f7f7;\">\n\t\t\t\t<div class=\"copy\">\n\t\t\t\t\t    <div class=\"mainCopyWrap\">\n            <h2>Dor nas articula\u00e7\u00f5es, mobilidade e cuidados ortop\u00e9dicos<\/h2>\n    <div class=\"paragraphWrap\"><p>Manter-se ativo \u00e9 importante para a sa\u00fade a longo prazo. Os nossos especialistas em ortopedia tratam les\u00f5es desportivas, artrite e dores nas articula\u00e7\u00f5es utilizando op\u00e7\u00f5es n\u00e3o cir\u00fargicas e op\u00e7\u00f5es cir\u00fargicas avan\u00e7adas.<\/p>\n<p>O nosso apoio vai muito para al\u00e9m da cirurgia. Desde a sua consulta inicial at\u00e9 todas as fases da recupera\u00e7\u00e3o, toda a nossa equipa de cuidados est\u00e1 ao seu lado.<\/p>\n<p><strong>D\u00ea o pr\u00f3ximo passo em dire\u00e7\u00e3o a uma sa\u00fade melhor<\/strong><\/p>\n<p>A sua sa\u00fade \u00e9 importante - e tomar medidas hoje pode ajudar a proteger o seu futuro.<\/p>\n<\/div>    <\/div>\n        <div class=\"ctaWrap\">\n                    <a aria-label=\"liga\u00e7\u00e3o para saber mais\" class=\"mainCTA shadow light1\" href=\"https:\/\/orthopedics.southcoast.org\/\" title=\"Abrir Saiba mais\" >Saiba mais<\/a>            <\/div>\n    \t\t\t\t<\/div>\n\t\t\t\t\t\t\t\t<div class=\"images\">\n\t\t\t\t\t\t<img decoding=\"async\" class=\"single\" src=\"https:\/\/www.southcoast.org\/wp-content\/uploads\/2026\/03\/orthopedic.png\" alt=\"orthopedic\">\n\t\t\t\t\t\t\t\t\t\t<\/div>\n\t\t\t\t\n\t\t\t<\/div>\n\t\t<\/div>\n\t<\/div>\n<\/div>\n<\/div>","protected":false},"excerpt":{"rendered":"","protected":false},"author":27,"featured_media":0,"parent":0,"menu_order":0,"comment_status":"closed","ping_status":"closed","template":"","meta":{"_acf_changed":false,"footnotes":""},"class_list":["post-286871","page","type-page","status-publish","hentry"],"acf":[],"yoast_head":"<!-- This site is optimized with the Yoast SEO plugin v26.0 - https:\/\/yoast.com\/wordpress\/plugins\/seo\/ -->\n<title>Men&#039;s Health - Southcoast Health<\/title>\n<meta name=\"robots\" content=\"index, follow, max-snippet:-1, max-image-preview:large, max-video-preview:-1\" \/>\n<link rel=\"canonical\" href=\"https:\/\/www.southcoast.org\/pt\/mens-health\/\" \/>\n<meta property=\"og:locale\" content=\"pt_PT\" \/>\n<meta property=\"og:type\" content=\"article\" \/>\n<meta property=\"og:title\" content=\"Men&#039;s Health - Southcoast Health\" \/>\n<meta property=\"og:url\" content=\"https:\/\/www.southcoast.org\/pt\/mens-health\/\" \/>\n<meta property=\"og:site_name\" content=\"Southcoast Health\" \/>\n<meta property=\"article:modified_time\" content=\"2026-03-12T20:38:49+00:00\" \/>\n<meta name=\"twitter:card\" content=\"summary_large_image\" \/>\n<script type=\"application\/ld+json\" class=\"yoast-schema-graph\">{\"@context\":\"https:\/\/schema.org\",\"@graph\":[{\"@type\":\"WebPage\",\"@id\":\"https:\/\/www.southcoast.org\/mens-health\/\",\"url\":\"https:\/\/www.southcoast.org\/mens-health\/\",\"name\":\"Men's Health - Southcoast Health\",\"isPartOf\":{\"@id\":\"https:\/\/www.southcoast.org\/#website\"},\"datePublished\":\"2026-03-12T20:33:27+00:00\",\"dateModified\":\"2026-03-12T20:38:49+00:00\",\"breadcrumb\":{\"@id\":\"https:\/\/www.southcoast.org\/mens-health\/#breadcrumb\"},\"inLanguage\":\"pt-PT\",\"potentialAction\":[{\"@type\":\"ReadAction\",\"target\":[\"https:\/\/www.southcoast.org\/mens-health\/\"]}]},{\"@type\":\"BreadcrumbList\",\"@id\":\"https:\/\/www.southcoast.org\/mens-health\/#breadcrumb\",\"itemListElement\":[{\"@type\":\"ListItem\",\"position\":1,\"name\":\"\",\"item\":\"https:\/\/www.southcoast.org\/\"},{\"@type\":\"ListItem\",\"position\":2,\"name\":\"Men&#8217;s Health\"}]},{\"@type\":\"WebSite\",\"@id\":\"https:\/\/www.southcoast.org\/#website\",\"url\":\"https:\/\/www.southcoast.org\/\",\"name\":\"Southcoast Health\",\"description\":\"More than medicine.\",\"potentialAction\":[{\"@type\":\"SearchAction\",\"target\":{\"@type\":\"EntryPoint\",\"urlTemplate\":\"https:\/\/www.southcoast.org\/?s={search_term_string}\"},\"query-input\":{\"@type\":\"PropertyValueSpecification\",\"valueRequired\":true,\"valueName\":\"search_term_string\"}}],\"inLanguage\":\"pt-PT\"}]}<\/script>\n<!-- \/ Yoast SEO plugin. -->","yoast_head_json":{"title":"Men's Health - Southcoast Health","robots":{"index":"index","follow":"follow","max-snippet":"max-snippet:-1","max-image-preview":"max-image-preview:large","max-video-preview":"max-video-preview:-1"},"canonical":"https:\/\/www.southcoast.org\/pt\/mens-health\/","og_locale":"pt_PT","og_type":"article","og_title":"Men's Health - Southcoast Health","og_url":"https:\/\/www.southcoast.org\/pt\/mens-health\/","og_site_name":"Southcoast Health","article_modified_time":"2026-03-12T20:38:49+00:00","twitter_card":"summary_large_image","schema":{"@context":"https:\/\/schema.org","@graph":[{"@type":"WebPage","@id":"https:\/\/www.southcoast.org\/mens-health\/","url":"https:\/\/www.southcoast.org\/mens-health\/","name":"Men's Health - Southcoast Health","isPartOf":{"@id":"https:\/\/www.southcoast.org\/#website"},"datePublished":"2026-03-12T20:33:27+00:00","dateModified":"2026-03-12T20:38:49+00:00","breadcrumb":{"@id":"https:\/\/www.southcoast.org\/mens-health\/#breadcrumb"},"inLanguage":"pt-PT","potentialAction":[{"@type":"ReadAction","target":["https:\/\/www.southcoast.org\/mens-health\/"]}]},{"@type":"BreadcrumbList","@id":"https:\/\/www.southcoast.org\/mens-health\/#breadcrumb","itemListElement":[{"@type":"ListItem","position":1,"name":"","item":"https:\/\/www.southcoast.org\/"},{"@type":"ListItem","position":2,"name":"Men&#8217;s Health"}]},{"@type":"WebSite","@id":"https:\/\/www.southcoast.org\/#website","url":"https:\/\/www.southcoast.org\/","name":"Sa\u00fade no Sudeste","description":"Mais do que medicamentos.","potentialAction":[{"@type":"SearchAction","target":{"@type":"EntryPoint","urlTemplate":"https:\/\/www.southcoast.org\/?s={search_term_string}"},"query-input":{"@type":"PropertyValueSpecification","valueRequired":true,"valueName":"search_term_string"}}],"inLanguage":"pt-PT"}]}},"_links":{"self":[{"href":"https:\/\/www.southcoast.org\/pt\/wp-json\/wp\/v2\/pages\/286871","targetHints":{"allow":["GET"]}}],"collection":[{"href":"https:\/\/www.southcoast.org\/pt\/wp-json\/wp\/v2\/pages"}],"about":[{"href":"https:\/\/www.southcoast.org\/pt\/wp-json\/wp\/v2\/types\/page"}],"author":[{"embeddable":true,"href":"https:\/\/www.southcoast.org\/pt\/wp-json\/wp\/v2\/users\/27"}],"replies":[{"embeddable":true,"href":"https:\/\/www.southcoast.org\/pt\/wp-json\/wp\/v2\/comments?post=286871"}],"version-history":[{"count":24,"href":"https:\/\/www.southcoast.org\/pt\/wp-json\/wp\/v2\/pages\/286871\/revisions"}],"predecessor-version":[{"id":286906,"href":"https:\/\/www.southcoast.org\/pt\/wp-json\/wp\/v2\/pages\/286871\/revisions\/286906"}],"wp:attachment":[{"href":"https:\/\/www.southcoast.org\/pt\/wp-json\/wp\/v2\/media?parent=286871"}],"curies":[{"name":"wp","href":"https:\/\/api.w.org\/{rel}","templated":true}]}}