{"id":285193,"date":"2026-02-12T14:32:41","date_gmt":"2026-02-12T19:32:41","guid":{"rendered":"https:\/\/www.southcoast.org\/?page_id=285193"},"modified":"2026-02-13T17:02:23","modified_gmt":"2026-02-13T22:02:23","slug":"accessibility-statement","status":"publish","type":"page","link":"https:\/\/www.southcoast.org\/pt\/accessibility-statement\/","title":{"rendered":"Declara\u00e7\u00e3o de acessibilidade"},"content":{"rendered":"<div  class=\"blockSettings  paddingTopSM paddingBottomSM heroBasicFluid darkTheme\" style=\"background: linear-gradient(110deg, #0A4A3D 2.57%, rgba(5, 116, 99, 0.99) 59.47%, #009984 99.08%);\"><div class=\"container\">\n            <div class=\"grid\">\n            <div class=\"col-sm-12 col-bleed-y\">\n                <div class=\"Center\">\n                    <div class=\"breadcrumbsWrapper desktop-breadcrumbs\"><nav id=\"breadcrumbs\" aria-label=\"P\u00e3o ralado\"><ol><li><a href=\"https:\/\/www.southcoast.org\/pt\/\"><i class=\"fa-light fa-house\"><\/i><span class=\"visually-hidden\">In\u00edcio<\/span><\/a><\/li><\/ol><\/nav><\/div><div class=\"breadcrumbsWrapper mobile-breadcrumbs\"><p id=\"mobile-breadcrumbs\" class=\"mobile-back-nav\"><span><span><a href=\"#\" onclick=\"return handleBackNavigation();\"><i class=\"fa-solid fa-chevron-left back-arrow\"><\/i> Voltar<\/a><\/span><\/span><\/p>\t\t<script>\n\t\t\tfunction handleBackNavigation() {\n\t\t\t\tif (window.history.length > 1) {\n\t\t\t\t\twindow.history.back();\n\t\t\t\t} else {\n\t\t\t\t\twindow.location.href = 'https:\/\/www.southcoast.org\/pt';\n\t\t\t\t}\n\t\t\t\treturn false;\n\t\t\t}\n\t\t<\/script>\n<\/div>                <\/div>\n            <\/div>\n        <\/div>\n        <div class=\"grid align-center\">\n        <div class=\"col-sm-10\">\n            <div class=\"Center\">\n\n                    <div class=\"mainCopyWrap\">\n            <h1>Declara\u00e7\u00e3o de acessibilidade<\/h1>\n        <\/div>\n    \n                \n            <\/div>\n        <\/div>\n    <\/div>\n<\/div>\n    <div class=\"cornerArtWrapper cornerArt-small\">\n        <img decoding=\"async\" class=\"cornerArt\" src=\"https:\/\/www.southcoast.org\/wp-content\/themes\/southcoast_multisite\/images\/corner-art.svg\" alt=\"\">\n    <\/div>\n<\/div>\n\n\n\n\n<div  class=\"blockSettings  paddingTopSM paddingBottomSM copyFullFluid light\" style=\"\">\t<div class=\"container\">\n\t\t<div class=\"grid\">\n            \t\t\t<div class=\"copyFullWrap bg-white\">\n\t\t\t\t<div class=\"col-sm-12\">\n                    <div class=\"maincopy\">\n                        <p>A Southcoast Health est\u00e1 empenhada em garantir que o seu s\u00edtio Web seja acess\u00edvel aos seus utilizadores, incluindo pessoas com defici\u00eancia. Esfor\u00e7amo-nos por proporcionar uma experi\u00eancia digital inclusiva a todos os visitantes do s\u00edtio Web.<\/p>\n<h2>O nosso compromisso<\/h2>\n<p>A Southcoast Health concebeu e desenvolveu o seu s\u00edtio Web utilizando as Diretrizes de Acessibilidade ao Conte\u00fado da Web (WCAG) 2.2 N\u00edveis A e AA. Estas diretrizes ajudam a garantir que o conte\u00fado do s\u00edtio Web \u00e9..:<\/p>\n<ul>\n<li>Percet\u00edvel - A informa\u00e7\u00e3o pode ser apresentada de diferentes formas<\/li>\n<li>Oper\u00e1vel - Os componentes da interface s\u00e3o funcionais para todos os utilizadores<\/li>\n<li>Compreens\u00edvel - A informa\u00e7\u00e3o e o funcionamento s\u00e3o claros<\/li>\n<li>Robusto - O conte\u00fado funciona com v\u00e1rias tecnologias de assist\u00eancia<\/li>\n<\/ul>\n<h2><strong>Conformidade de acessibilidade <\/strong><\/h2>\n<p>Uma auditoria completa da acessibilidade do s\u00edtio Web, <a href=\"https:\/\/www.southcoast.org\/pt\/\">southcoast.org<\/a> foi conduzida em 2025 para avaliar o cumprimento de:<\/p>\n<ul>\n<li>WCAG 2.2 (N\u00edveis A e AA)<\/li>\n<li>Sec\u00e7\u00e3o 508 da Lei da Reabilita\u00e7\u00e3o<\/li>\n<\/ul>\n<p>A auditoria de acessibilidade incluiu testes automatizados e avalia\u00e7\u00e3o manual utilizando leitores de ecr\u00e3 (NVDA, JAWS, VoiceOver, TalkBack) e navega\u00e7\u00e3o por teclado em v\u00e1rios navegadores e sistemas operativos.<\/p>\n<h2>Modelo Volunt\u00e1rio de Acessibilidade dos Produtos (VPAT)<\/h2>\n<p>Um VPAT documenta a conformidade do s\u00edtio Web com as normas de acessibilidade da Web.<\/p>\n<h3><a href=\"https:\/\/www.southcoast.org\/wp-content\/uploads\/2026\/02\/Accessibility-Conformance-Report-November-2025.pdf\"><u>Ler o Relat\u00f3rio de Conformidade de Acessibilidade (VPAT) atual do s\u00edtio Web<\/u><\/a><\/h3>\n<p><strong><br \/>\nMelhorias em curso <\/strong><\/p>\n<p>Estamos empenhados em rever e testar continuamente a acessibilidade do s\u00edtio Web:<\/p>\n<ul>\n<li>Corre\u00e7\u00e3o priorit\u00e1ria de quaisquer problemas identificados<\/li>\n<li>Auditorias e controlo regulares da acessibilidade<\/li>\n<li>Forma\u00e7\u00e3o do pessoal sobre as melhores pr\u00e1ticas de acessibilidade<\/li>\n<li>Integra\u00e7\u00e3o do feedback do utilizador<\/li>\n<\/ul>\n<p><strong><br \/>\nContactar-nos <\/strong><\/p>\n<p>Os seus coment\u00e1rios ajudam-nos a melhorar. Se encontrar alguma barreira de acessibilidade ou tiver sugest\u00f5es de melhoria, contacte-nos atrav\u00e9s do nosso <a href=\"https:\/\/southcoast.wufoo.com\/forms\/m1ts8rbr0ojwdqx\">formul\u00e1rio de feedback do paciente<\/a>.<\/p>\n<p>Responderemos aos coment\u00e1rios sobre acessibilidade no prazo de 5 dias \u00fateis e trabalharemos para resolver prontamente os problemas identificados.<\/p>\n<p><em>Esta declara\u00e7\u00e3o foi actualizada pela \u00faltima vez em fevereiro de 2026.<\/em><\/p>\n<h2><strong>Declara\u00e7\u00e3o MyChart<\/strong><\/h2>\n<p>A Epic visa a conformidade com as normas WCAG 2.1 AA nas suas aplica\u00e7\u00f5es de experi\u00eancia do doente baseadas na Web e em plataformas m\u00f3veis. Tenha em aten\u00e7\u00e3o que as aplica\u00e7\u00f5es baseadas na plataforma m\u00f3vel da Epic dependem das capacidades dos sistemas operativos iOS e Android para atingir algumas partes das normas. Atualmente, o MyChart visa a conformidade com estas normas como parte da plataforma MyChart Mobile em smartphones iOS e Android.<\/p>\n<p>A MyChart utiliza ferramentas de teste automatizadas e processos de teste manuais ao longo do nosso ciclo de desenvolvimento. O principal conjunto de crit\u00e9rios de teste baseia-se nos crit\u00e9rios de N\u00edvel AA do<a href=\"https:\/\/www.w3.org\/TR\/WCAG21\/\">\u00a0Diretrizes de Acessibilidade para o Conte\u00fado da Web (WCAG) 2.1<\/a>. Uma avalia\u00e7\u00e3o suplementar em rela\u00e7\u00e3o a\u00a0<a href=\"https:\/\/www.access-board.gov\/ict\/#d22\">Sec\u00e7\u00e3o 508 da Lei Federal de Reabilita\u00e7\u00e3o<\/a>\u00a0tamb\u00e9m est\u00e1 inclu\u00eddo.<\/p>\n                    <\/div>\n\n                    \n                    <div class=\"ctaWrap ctaCenter\">\n                                                                                        <a aria-label=\"liga\u00e7\u00e3o para o Relat\u00f3rio de Conformidade de Acessibilidade\" class=\"mainCTA shadow light1 ctaRight\" href=\"https:\/\/www.southcoast.org\/wp-content\/uploads\/2026\/02\/Accessibility-Conformance-Report-November-2025.pdf\" target=\"_blank\" title=\"Abre o Relat\u00f3rio de Conformidade de Acessibilidade num novo separador ou janela\" rel=\"noopener noreferrer\">Relat\u00f3rio de Conformidade de Acessibilidade<span class=\"fa-regular fa-download\"><\/span><\/a>                                                                                    \n                                                                                                                            <\/div>\n\n\t\t\t\t<\/div>\n\t\t\t<\/div>\n            \n\n            \n\n            \t\t<\/div>\n\t<\/div>\n<\/div>","protected":false},"excerpt":{"rendered":"","protected":false},"author":11,"featured_media":0,"parent":0,"menu_order":0,"comment_status":"closed","ping_status":"closed","template":"","meta":{"_acf_changed":false,"footnotes":""},"class_list":["post-285193","page","type-page","status-publish","hentry"],"acf":[],"yoast_head":"<!-- This site is optimized with the Yoast SEO plugin v26.0 - https:\/\/yoast.com\/wordpress\/plugins\/seo\/ -->\n<title>Accessibility Statement - Southcoast Health<\/title>\n<meta name=\"description\" content=\"Southcoast health is committed to ensuring our website is accessible to its users, including individuals with disabilities. We strive to provide an inclusive digital experience for all website visitors.\" \/>\n<meta name=\"robots\" content=\"index, follow, max-snippet:-1, max-image-preview:large, max-video-preview:-1\" \/>\n<link rel=\"canonical\" href=\"https:\/\/www.southcoast.org\/pt\/accessibility-statement\/\" \/>\n<meta property=\"og:locale\" content=\"pt_PT\" \/>\n<meta property=\"og:type\" content=\"article\" \/>\n<meta property=\"og:title\" content=\"Accessibility Statement - Southcoast Health\" \/>\n<meta property=\"og:description\" content=\"Southcoast health is committed to ensuring our website is accessible to its users, including individuals with disabilities. We strive to provide an inclusive digital experience for all website visitors.\" \/>\n<meta property=\"og:url\" content=\"https:\/\/www.southcoast.org\/pt\/accessibility-statement\/\" \/>\n<meta property=\"og:site_name\" content=\"Southcoast Health\" \/>\n<meta property=\"article:modified_time\" content=\"2026-02-13T22:02:23+00:00\" \/>\n<meta name=\"twitter:card\" content=\"summary_large_image\" \/>\n<script type=\"application\/ld+json\" class=\"yoast-schema-graph\">{\"@context\":\"https:\/\/schema.org\",\"@graph\":[{\"@type\":\"WebPage\",\"@id\":\"https:\/\/www.southcoast.org\/accessibility-statement\/\",\"url\":\"https:\/\/www.southcoast.org\/accessibility-statement\/\",\"name\":\"Accessibility Statement - Southcoast Health\",\"isPartOf\":{\"@id\":\"https:\/\/www.southcoast.org\/#website\"},\"datePublished\":\"2026-02-12T19:32:41+00:00\",\"dateModified\":\"2026-02-13T22:02:23+00:00\",\"description\":\"Southcoast health is committed to ensuring our website is accessible to its users, including individuals with disabilities. We strive to provide an inclusive digital experience for all website visitors.\",\"breadcrumb\":{\"@id\":\"https:\/\/www.southcoast.org\/accessibility-statement\/#breadcrumb\"},\"inLanguage\":\"pt-PT\",\"potentialAction\":[{\"@type\":\"ReadAction\",\"target\":[\"https:\/\/www.southcoast.org\/accessibility-statement\/\"]}]},{\"@type\":\"BreadcrumbList\",\"@id\":\"https:\/\/www.southcoast.org\/accessibility-statement\/#breadcrumb\",\"itemListElement\":[{\"@type\":\"ListItem\",\"position\":1,\"name\":\"\",\"item\":\"https:\/\/www.southcoast.org\/\"},{\"@type\":\"ListItem\",\"position\":2,\"name\":\"Accessibility Statement\"}]},{\"@type\":\"WebSite\",\"@id\":\"https:\/\/www.southcoast.org\/#website\",\"url\":\"https:\/\/www.southcoast.org\/\",\"name\":\"Southcoast Health\",\"description\":\"More than medicine.\",\"potentialAction\":[{\"@type\":\"SearchAction\",\"target\":{\"@type\":\"EntryPoint\",\"urlTemplate\":\"https:\/\/www.southcoast.org\/?s={search_term_string}\"},\"query-input\":{\"@type\":\"PropertyValueSpecification\",\"valueRequired\":true,\"valueName\":\"search_term_string\"}}],\"inLanguage\":\"pt-PT\"}]}<\/script>\n<!-- \/ Yoast SEO plugin. -->","yoast_head_json":{"title":"Declara\u00e7\u00e3o de acessibilidade - Southcoast Health","description":"A Southcoast Health est\u00e1 empenhada em garantir que o nosso s\u00edtio Web seja acess\u00edvel aos seus utilizadores, incluindo pessoas com defici\u00eancia. Esfor\u00e7amo-nos por proporcionar uma experi\u00eancia digital inclusiva a todos os visitantes do s\u00edtio Web.","robots":{"index":"index","follow":"follow","max-snippet":"max-snippet:-1","max-image-preview":"max-image-preview:large","max-video-preview":"max-video-preview:-1"},"canonical":"https:\/\/www.southcoast.org\/pt\/accessibility-statement\/","og_locale":"pt_PT","og_type":"article","og_title":"Accessibility Statement - Southcoast Health","og_description":"Southcoast health is committed to ensuring our website is accessible to its users, including individuals with disabilities. We strive to provide an inclusive digital experience for all website visitors.","og_url":"https:\/\/www.southcoast.org\/pt\/accessibility-statement\/","og_site_name":"Southcoast Health","article_modified_time":"2026-02-13T22:02:23+00:00","twitter_card":"summary_large_image","schema":{"@context":"https:\/\/schema.org","@graph":[{"@type":"WebPage","@id":"https:\/\/www.southcoast.org\/accessibility-statement\/","url":"https:\/\/www.southcoast.org\/accessibility-statement\/","name":"Declara\u00e7\u00e3o de acessibilidade - Southcoast Health","isPartOf":{"@id":"https:\/\/www.southcoast.org\/#website"},"datePublished":"2026-02-12T19:32:41+00:00","dateModified":"2026-02-13T22:02:23+00:00","description":"A Southcoast Health est\u00e1 empenhada em garantir que o nosso s\u00edtio Web seja acess\u00edvel aos seus utilizadores, incluindo pessoas com defici\u00eancia. Esfor\u00e7amo-nos por proporcionar uma experi\u00eancia digital inclusiva a todos os visitantes do s\u00edtio Web.","breadcrumb":{"@id":"https:\/\/www.southcoast.org\/accessibility-statement\/#breadcrumb"},"inLanguage":"pt-PT","potentialAction":[{"@type":"ReadAction","target":["https:\/\/www.southcoast.org\/accessibility-statement\/"]}]},{"@type":"BreadcrumbList","@id":"https:\/\/www.southcoast.org\/accessibility-statement\/#breadcrumb","itemListElement":[{"@type":"ListItem","position":1,"name":"","item":"https:\/\/www.southcoast.org\/"},{"@type":"ListItem","position":2,"name":"Accessibility Statement"}]},{"@type":"WebSite","@id":"https:\/\/www.southcoast.org\/#website","url":"https:\/\/www.southcoast.org\/","name":"Sa\u00fade no Sudeste","description":"Mais do que medicamentos.","potentialAction":[{"@type":"SearchAction","target":{"@type":"EntryPoint","urlTemplate":"https:\/\/www.southcoast.org\/?s={search_term_string}"},"query-input":{"@type":"PropertyValueSpecification","valueRequired":true,"valueName":"search_term_string"}}],"inLanguage":"pt-PT"}]}},"_links":{"self":[{"href":"https:\/\/www.southcoast.org\/pt\/wp-json\/wp\/v2\/pages\/285193","targetHints":{"allow":["GET"]}}],"collection":[{"href":"https:\/\/www.southcoast.org\/pt\/wp-json\/wp\/v2\/pages"}],"about":[{"href":"https:\/\/www.southcoast.org\/pt\/wp-json\/wp\/v2\/types\/page"}],"author":[{"embeddable":true,"href":"https:\/\/www.southcoast.org\/pt\/wp-json\/wp\/v2\/users\/11"}],"replies":[{"embeddable":true,"href":"https:\/\/www.southcoast.org\/pt\/wp-json\/wp\/v2\/comments?post=285193"}],"version-history":[{"count":4,"href":"https:\/\/www.southcoast.org\/pt\/wp-json\/wp\/v2\/pages\/285193\/revisions"}],"predecessor-version":[{"id":286227,"href":"https:\/\/www.southcoast.org\/pt\/wp-json\/wp\/v2\/pages\/285193\/revisions\/286227"}],"wp:attachment":[{"href":"https:\/\/www.southcoast.org\/pt\/wp-json\/wp\/v2\/media?parent=285193"}],"curies":[{"name":"wp","href":"https:\/\/api.w.org\/{rel}","templated":true}]}}