{"id":282093,"date":"2025-11-10T16:42:19","date_gmt":"2025-11-10T16:42:19","guid":{"rendered":"https:\/\/www.southcoast.org\/?page_id=282093"},"modified":"2026-02-04T10:41:17","modified_gmt":"2026-02-04T15:41:17","slug":"sms-reminders-terms-of-service-and-privacy-policy","status":"publish","type":"page","link":"https:\/\/www.southcoast.org\/pt\/sms-reminders-terms-of-service-and-privacy-policy\/","title":{"rendered":"Termos de Servi\u00e7o e Pol\u00edtica de Privacidade dos Lembretes SMS"},"content":{"rendered":"<div  class=\"blockSettings  paddingTopSM paddingBottomMD heroBasicFluid darkTheme\" style=\"background: linear-gradient(110deg, #0A4A3D 2.57%, rgba(5, 116, 99, 0.99) 59.47%, #009984 99.08%);\"><div class=\"container\">\n            <div class=\"grid\">\n            <div class=\"col-sm-12 col-bleed-y\">\n                <div class=\"Center\">\n                    <div class=\"breadcrumbsWrapper desktop-breadcrumbs\"><nav id=\"breadcrumbs\" aria-label=\"P\u00e3o ralado\"><ol><li><a href=\"https:\/\/www.southcoast.org\/pt\/\"><i class=\"fa-light fa-house\"><\/i><span class=\"visually-hidden\">In\u00edcio<\/span><\/a><\/li><\/ol><\/nav><\/div><div class=\"breadcrumbsWrapper mobile-breadcrumbs\"><p id=\"mobile-breadcrumbs\" class=\"mobile-back-nav\"><span><span><a href=\"#\" onclick=\"return handleBackNavigation();\"><i class=\"fa-solid fa-chevron-left back-arrow\"><\/i> Voltar<\/a><\/span><\/span><\/p>\t\t<script>\n\t\t\tfunction handleBackNavigation() {\n\t\t\t\tif (window.history.length > 1) {\n\t\t\t\t\twindow.history.back();\n\t\t\t\t} else {\n\t\t\t\t\twindow.location.href = 'https:\/\/www.southcoast.org\/pt';\n\t\t\t\t}\n\t\t\t\treturn false;\n\t\t\t}\n\t\t<\/script>\n<\/div>                <\/div>\n            <\/div>\n        <\/div>\n        <div class=\"grid align-center\">\n        <div class=\"col-sm-10\">\n            <div class=\"Center\">\n\n                    <div class=\"mainCopyWrap\">\n            <h1>Termos de Servi\u00e7o e Pol\u00edtica de Privacidade dos Lembretes SMS<\/h1>\n        <\/div>\n    \n                \n            <\/div>\n        <\/div>\n    <\/div>\n<\/div>\n    <div class=\"cornerArtWrapper cornerArt-small\">\n        <img decoding=\"async\" class=\"cornerArt\" src=\"https:\/\/www.southcoast.org\/wp-content\/themes\/southcoast_multisite\/images\/corner-art.svg\" alt=\"\">\n    <\/div>\n<\/div>\n\n\n\n\n<div  class=\"blockSettings  paddingTopSM paddingBottomSM tabsFluid light\" style=\"\"><div class=\"container\">\n\n    \n   \n        <div class=\"blockSeparator\"><\/div>\n    \n\n    <!--Desktop Tabs-->\n    <div class=\"grid tab tabHorizontal\">\n        <div class=\"col-sm-12\">\n            <ul class=\"tab__head\" role=\"tablist\" aria-label=\"Seaction - Tabs\">\n                                                            <li role=\"tab\" class=\"is-open\"><a href=\"#tabH1\" id=\"tabH1-tab\" title=\"\"\n                                                                    role=\"tab\"\n                                                                    aria-controls=\"tabH1\"\n                                                                    aria-selected=\"true\">31060<\/a><\/li>\n                                            <li role=\"tab\" class=\"\"><a href=\"#tabH2\" id=\"tabH2-tab\" title=\"\"\n                                                                    role=\"tab\"\n                                                                    aria-controls=\"tabH2\"\n                                                                    aria-selected=\"false\">639104<\/a><\/li>\n                                                <\/ul>\n        <\/div>\n        <div class=\"col-sm-12\">\n                                                <div class=\"beefup tab__item tabH is-open\" id=\"tabH1\" role=\"tabpanel\" aria-labelledby=\"tabH1-tab\" aria-hidden=\"false\">\n                                                    <div class=\"grid justify-center\">\n                                                                                                        <div class=\"col-sm-8\">\n                                        <article aria-labelledby=\"31060 content.\" class=\"beefup__body\" role=\"region\" style=\"overflow: hidden;\">\n                                            <div class=\"maincopy intro\">\n                                                <p><strong>Lembretes de sa\u00fade de Southcoast<\/strong>\u00a0(C\u00f3digo curto: 31060)<\/p>\n<p><strong>Contacto principal:\u00a0<\/strong>Southcoast Health System, Inc. 844-744-5544<\/p>\n<ol class=\"wp-block-list\">\n<li>O servi\u00e7o Southcoast Health Reminders enviar-lhe-\u00e1 alertas por SMS relacionados com a sua consulta. Por exemplo, lembrando-o da sua pr\u00f3xima consulta ou de cancelamentos por motivos climat\u00e9ricos que possam afetar a sua hora de consulta.<\/li>\n<li><strong>Op\u00e7\u00e3o de ades\u00e3o do utilizador:<\/strong>\n<ul>\n<li>\u00a0Ao marcar uma consulta por telefone, recolheremos o seu n\u00famero de telem\u00f3vel e perguntar-lhe-emos verbalmente se deseja aderir ao nosso servi\u00e7o de lembretes por SMS<\/li>\n<li>Ao efetuar uma marca\u00e7\u00e3o online, iremos recolher o seu n\u00famero de telem\u00f3vel e solicitar-lhe que confirme que pretende aderir ao nosso servi\u00e7o de lembretes por SMS<\/li>\n<li>Atrav\u00e9s do portal do doente MyChart, nas prefer\u00eancias de comunica\u00e7\u00e3o, pode optar por receber comunica\u00e7\u00f5es por SMS<\/li>\n<\/ul>\n<\/li>\n<li><strong>Op\u00e7\u00e3o de exclus\u00e3o do utilizador:<\/strong>\n<ul>\n<li>Pode cancelar o servi\u00e7o SMS em qualquer altura. Basta enviar a mensagem \"STOP\" para o c\u00f3digo curto. Depois de nos enviar a mensagem SMS \"STOP\", enviar-lhe-emos uma mensagem SMS para confirmar que a sua inscri\u00e7\u00e3o foi anulada. Depois disso, deixar\u00e1 de receber mensagens SMS da nossa parte. Se pretender aderir de novo, basta voltar a aderir utilizando os m\u00e9todos indicados na sec\u00e7\u00e3o \"Aderir\" acima.<\/li>\n<\/ul>\n<\/li>\n<li>Se, em qualquer altura, se esquecer das palavras-chave suportadas, basta enviar a mensagem \"HELP\" para o c\u00f3digo curto. Depois de nos enviar a mensagem SMS \"HELP\", responderemos com instru\u00e7\u00f5es sobre como utilizar o nosso servi\u00e7o e como cancelar a subscri\u00e7\u00e3o.<\/li>\n<li>Podemos enviar mensagens para as seguintes operadoras de telem\u00f3veis: Principais operadoras: AT&amp;T, Verizon Wireless, Sprint, T-Mobile, MetroPCS, U.S. Cellular, Alltel, Boost Mobile, Nextel e Virgin Mobile. Operadoras menores: Alaska Communications Systems (ACS), Appalachian Wireless (EKN), Bluegrass Cellular, Cellular One of East Central IL (ECIT), Cellular One of Northeast Pennsylvania, Cincinnati Bell Wireless, Cricket, Coral Wireless (Mobi PCS), COX, Cross, Element Mobile (Flat Wireless), Epic Touch (Elkhart Telephone), GCI, Golden State, Hawkeye (Chat Mobility), Hawkeye (NW Missouri), Illinois Valley Cellular, Inland Cellular, iWireless (Iowa Wireless), Keystone Wireless (Immix Wireless\/PC Man), Mosaic (Consolidated ou CTC Telecom), Nex-Tech Wireless, NTelos, Panhandle Communications, Pioneer, Plateau (Texas RSA 3 Ltd), Revol, RINA, Simmetry (TMP Corporation), Thumb Cellular, Union Wireless, United Wireless, Viaero Wireless e West Central (WCC ou 5 Star Wireless).\u00a0<strong><em>Os transportadores n\u00e3o s\u00e3o respons\u00e1veis por mensagens atrasadas ou n\u00e3o entregues<\/em><\/strong><\/li>\n<li>Como sempre, podem ser aplicadas tarifas de mensagens e de dados a quaisquer mensagens enviadas ao utilizador por n\u00f3s e a n\u00f3s pelo utilizador. A frequ\u00eancia das mensagens varia. Se tiver alguma d\u00favida sobre o seu plano de texto ou de dados, \u00e9 melhor contactar o seu fornecedor de servi\u00e7os sem fios. Para todas as quest\u00f5es sobre os servi\u00e7os fornecidos por este c\u00f3digo curto, pode enviar uma mensagem de correio eletr\u00f3nico para helpdesk@southcoast.org.<\/li>\n<\/ol>\n<p><strong>POL\u00cdTICA DE PRIVACIDADE:<\/strong><\/p>\n<p>A Southcoast Health s\u00f3 usar\u00e1 o seu n\u00famero de telem\u00f3vel para transmitir alertas m\u00f3veis e mensagens de texto de acordo com o Servi\u00e7o de Lembretes da Southcoast Health. A Southcoast Health reserva-se o direito de, a qualquer momento, divulgar qualquer informa\u00e7\u00e3o necess\u00e1ria para cumprir qualquer lei, regulamento ou solicita\u00e7\u00e3o governamental, para evitar responsabilidades ou para proteger seus direitos e propriedade.<\/p>\n<p><strong>MODIFICA\u00c7\u00d5ES:<\/strong><\/p>\n<p>A Southcoast Health reserva-se o direito de modificar estes termos de uso a qualquer momento, publicando os termos de uso revisados neste site. O uso continuado dos Lembretes da Southcoast Health ser\u00e1 considerado uma aceita\u00e7\u00e3o irrevog\u00e1vel dessas revis\u00f5es ap\u00f3s a publica\u00e7\u00e3o das revis\u00f5es dos termos de uso neste site. Se o utilizador n\u00e3o concordar com (ou n\u00e3o puder cumprir) estas condi\u00e7\u00f5es de utiliza\u00e7\u00e3o, tal como alteradas, dever\u00e1 \"optar por sair\" do servi\u00e7o Lembrete de Sa\u00fade Southcoast. Consulte a sec\u00e7\u00e3o \"Desativa\u00e7\u00e3o do utilizador\" acima. A Southcoast Health reserva-se o direito de alterar, modificar, suspender ou descontinuar todos ou quaisquer aspectos do servi\u00e7o Southcoast Health Reminder a qualquer momento, sem aviso pr\u00e9vio.<\/p>\n                                            <\/div>\n                                        <\/article>\n                                                                            <\/div>\n                                                            <\/div>\n                                            <\/div>\n                                    <div class=\"beefup tab__item tabH\" id=\"tabH2\" role=\"tabpanel\" aria-labelledby=\"tabH2-tab\" aria-hidden=\"true\">\n                                                    <div class=\"grid justify-center\">\n                                                                                                        <div class=\"col-sm-8\">\n                                        <article aria-labelledby=\"639104 content.\" class=\"beefup__body\" role=\"region\" style=\"overflow: none;\">\n                                            <div class=\"maincopy intro\">\n                                                <p><strong>Lembretes de sa\u00fade de Southcoast<\/strong>\u00a0(C\u00f3digo curto: 639104)<\/p>\n<p><strong>Contacto principal:\u00a0<\/strong>Southcoast Health System, Inc. 844-744-5544<\/p>\n<ol>\n<li>O servi\u00e7o Southcoast Health Reminders enviar-lhe-\u00e1 alertas por SMS que incluem actualiza\u00e7\u00f5es das suas consultas, conta MyChart, c\u00f3digo de acesso \u00fanico, notifica\u00e7\u00f5es de fatura\u00e7\u00e3o, lembretes de receitas m\u00e9dicas e gest\u00e3o de cuidados.<\/li>\n<li><strong>Op\u00e7\u00e3o de ades\u00e3o do utilizador:<\/strong>\n<ul>\n<li>Ao marcar uma consulta por telefone, recolheremos o seu n\u00famero de telem\u00f3vel e perguntar-lhe-emos verbalmente se deseja aderir ao nosso servi\u00e7o de lembretes por SMS<\/li>\n<li>Ao efetuar uma marca\u00e7\u00e3o online, iremos recolher o seu n\u00famero de telem\u00f3vel e solicitar-lhe que confirme que pretende aderir ao nosso servi\u00e7o de lembretes por SMS<\/li>\n<li>Atrav\u00e9s do portal do doente MyChart, nas prefer\u00eancias de comunica\u00e7\u00e3o, pode optar por receber comunica\u00e7\u00f5es por SMS<\/li>\n<\/ul>\n<\/li>\n<li><strong>Op\u00e7\u00e3o de exclus\u00e3o do utilizador:<\/strong>\n<ul>\n<li>Pode cancelar o servi\u00e7o SMS em qualquer altura. Basta enviar a mensagem \"STOP\" para o c\u00f3digo curto. Depois de nos enviar a mensagem SMS \"STOP\", enviar-lhe-emos uma mensagem SMS para confirmar que a sua inscri\u00e7\u00e3o foi anulada. Depois disso, deixar\u00e1 de receber mensagens SMS da nossa parte. Se pretender aderir de novo, basta voltar a aderir utilizando os m\u00e9todos indicados na sec\u00e7\u00e3o \"Aderir\" acima.<\/li>\n<\/ul>\n<\/li>\n<li>Se, em qualquer altura, se esquecer das palavras-chave suportadas, basta enviar a mensagem \"HELP\" para o c\u00f3digo curto. Depois de nos enviar a mensagem SMS \"HELP\", responderemos com instru\u00e7\u00f5es sobre como utilizar o nosso servi\u00e7o e como cancelar a subscri\u00e7\u00e3o.<\/li>\n<li>Os transportadores n\u00e3o s\u00e3o respons\u00e1veis por mensagens atrasadas ou n\u00e3o entregues<\/li>\n<li>Como sempre, podem ser aplicadas tarifas de mensagens e de dados a quaisquer mensagens enviadas ao utilizador por n\u00f3s e a n\u00f3s pelo utilizador. A frequ\u00eancia das mensagens varia. Se tiver alguma d\u00favida sobre o seu plano de texto ou de dados, \u00e9 melhor contactar o seu fornecedor de servi\u00e7os sem fios. Para todas as quest\u00f5es sobre os servi\u00e7os fornecidos por este c\u00f3digo curto, pode enviar uma mensagem de correio eletr\u00f3nico para helpdesk@southcoast.org.<\/li>\n<\/ol>\n<p><strong>POL\u00cdTICA DE PRIVACIDADE:<\/strong><\/p>\n<p>A Southcoast Health s\u00f3 usar\u00e1 o seu n\u00famero de telem\u00f3vel para transmitir alertas m\u00f3veis e mensagens de texto de acordo com o Servi\u00e7o de Lembretes da Southcoast Health. A Southcoast Health reserva-se o direito de, a qualquer momento, divulgar qualquer informa\u00e7\u00e3o necess\u00e1ria para cumprir qualquer lei, regulamento ou solicita\u00e7\u00e3o governamental, para evitar responsabilidades ou para proteger seus direitos e propriedade.<\/p>\n<p><strong>MODIFICA\u00c7\u00d5ES:<\/strong><\/p>\n<p>A Southcoast Health reserva-se o direito de modificar estes termos de uso a qualquer momento, publicando os termos de uso revisados neste site. O uso continuado dos Lembretes da Southcoast Health ser\u00e1 considerado uma aceita\u00e7\u00e3o irrevog\u00e1vel dessas revis\u00f5es ap\u00f3s a publica\u00e7\u00e3o das revis\u00f5es dos termos de uso neste site. Se o utilizador n\u00e3o concordar com (ou n\u00e3o puder cumprir) estas condi\u00e7\u00f5es de utiliza\u00e7\u00e3o, tal como alteradas, dever\u00e1 \"optar por sair\" do servi\u00e7o Lembrete de Sa\u00fade Southcoast. Consulte a sec\u00e7\u00e3o \"Desativa\u00e7\u00e3o do utilizador\" acima. A Southcoast Health reserva-se o direito de alterar, modificar, suspender ou descontinuar todos ou quaisquer aspectos do servi\u00e7o Southcoast Health Reminder a qualquer momento, sem aviso pr\u00e9vio.<\/p>\n                                            <\/div>\n                                        <\/article>\n                                                                            <\/div>\n                                                            <\/div>\n                                            <\/div>\n                                    <\/div>\n    <\/div>\n<\/div>\n<\/div>","protected":false},"excerpt":{"rendered":"","protected":false},"author":14,"featured_media":0,"parent":0,"menu_order":0,"comment_status":"closed","ping_status":"closed","template":"","meta":{"_acf_changed":false,"footnotes":""},"class_list":["post-282093","page","type-page","status-publish","hentry"],"acf":[],"yoast_head":"<!-- This site is optimized with the Yoast SEO plugin v26.0 - https:\/\/yoast.com\/wordpress\/plugins\/seo\/ -->\n<title>SMS Reminders Terms of Service and Privacy Policy - Southcoast Health<\/title>\n<meta name=\"description\" content=\"Southcoast Health SMS Reminders Terms of Service and Privacy Policies,\" \/>\n<meta name=\"robots\" content=\"index, follow, max-snippet:-1, max-image-preview:large, max-video-preview:-1\" \/>\n<link rel=\"canonical\" href=\"https:\/\/www.southcoast.org\/pt\/sms-reminders-terms-of-service-and-privacy-policy\/\" \/>\n<meta property=\"og:locale\" content=\"pt_PT\" \/>\n<meta property=\"og:type\" content=\"article\" \/>\n<meta property=\"og:title\" content=\"SMS Reminders Terms of Service and Privacy Policy - Southcoast Health\" \/>\n<meta property=\"og:description\" content=\"Southcoast Health SMS Reminders Terms of Service and Privacy Policies,\" \/>\n<meta property=\"og:url\" content=\"https:\/\/www.southcoast.org\/pt\/sms-reminders-terms-of-service-and-privacy-policy\/\" \/>\n<meta property=\"og:site_name\" content=\"Southcoast Health\" \/>\n<meta property=\"article:modified_time\" content=\"2026-02-04T15:41:17+00:00\" \/>\n<meta name=\"twitter:card\" content=\"summary_large_image\" \/>\n<script type=\"application\/ld+json\" class=\"yoast-schema-graph\">{\"@context\":\"https:\/\/schema.org\",\"@graph\":[{\"@type\":\"WebPage\",\"@id\":\"https:\/\/www.southcoast.org\/sms-reminders-terms-of-service-and-privacy-policy\/\",\"url\":\"https:\/\/www.southcoast.org\/sms-reminders-terms-of-service-and-privacy-policy\/\",\"name\":\"SMS Reminders Terms of Service and Privacy Policy - Southcoast Health\",\"isPartOf\":{\"@id\":\"https:\/\/www.southcoast.org\/#website\"},\"datePublished\":\"2025-11-10T16:42:19+00:00\",\"dateModified\":\"2026-02-04T15:41:17+00:00\",\"description\":\"Southcoast Health SMS Reminders Terms of Service and Privacy Policies,\",\"breadcrumb\":{\"@id\":\"https:\/\/www.southcoast.org\/sms-reminders-terms-of-service-and-privacy-policy\/#breadcrumb\"},\"inLanguage\":\"pt-PT\",\"potentialAction\":[{\"@type\":\"ReadAction\",\"target\":[\"https:\/\/www.southcoast.org\/sms-reminders-terms-of-service-and-privacy-policy\/\"]}]},{\"@type\":\"BreadcrumbList\",\"@id\":\"https:\/\/www.southcoast.org\/sms-reminders-terms-of-service-and-privacy-policy\/#breadcrumb\",\"itemListElement\":[{\"@type\":\"ListItem\",\"position\":1,\"name\":\"\",\"item\":\"https:\/\/www.southcoast.org\/\"},{\"@type\":\"ListItem\",\"position\":2,\"name\":\"SMS Reminders Terms of Service and Privacy Policy\"}]},{\"@type\":\"WebSite\",\"@id\":\"https:\/\/www.southcoast.org\/#website\",\"url\":\"https:\/\/www.southcoast.org\/\",\"name\":\"Southcoast Health\",\"description\":\"More than medicine.\",\"potentialAction\":[{\"@type\":\"SearchAction\",\"target\":{\"@type\":\"EntryPoint\",\"urlTemplate\":\"https:\/\/www.southcoast.org\/?s={search_term_string}\"},\"query-input\":{\"@type\":\"PropertyValueSpecification\",\"valueRequired\":true,\"valueName\":\"search_term_string\"}}],\"inLanguage\":\"pt-PT\"}]}<\/script>\n<!-- \/ Yoast SEO plugin. -->","yoast_head_json":{"title":"SMS Reminders Terms of Service and Privacy Policy - Southcoast Health","description":"Southcoast Health SMS Reminders Terms of Service and Privacy Policies,","robots":{"index":"index","follow":"follow","max-snippet":"max-snippet:-1","max-image-preview":"max-image-preview:large","max-video-preview":"max-video-preview:-1"},"canonical":"https:\/\/www.southcoast.org\/pt\/sms-reminders-terms-of-service-and-privacy-policy\/","og_locale":"pt_PT","og_type":"article","og_title":"SMS Reminders Terms of Service and Privacy Policy - Southcoast Health","og_description":"Southcoast Health SMS Reminders Terms of Service and Privacy Policies,","og_url":"https:\/\/www.southcoast.org\/pt\/sms-reminders-terms-of-service-and-privacy-policy\/","og_site_name":"Southcoast Health","article_modified_time":"2026-02-04T15:41:17+00:00","twitter_card":"summary_large_image","schema":{"@context":"https:\/\/schema.org","@graph":[{"@type":"WebPage","@id":"https:\/\/www.southcoast.org\/sms-reminders-terms-of-service-and-privacy-policy\/","url":"https:\/\/www.southcoast.org\/sms-reminders-terms-of-service-and-privacy-policy\/","name":"SMS Reminders Terms of Service and Privacy Policy - Southcoast Health","isPartOf":{"@id":"https:\/\/www.southcoast.org\/#website"},"datePublished":"2025-11-10T16:42:19+00:00","dateModified":"2026-02-04T15:41:17+00:00","description":"Southcoast Health SMS Reminders Terms of Service and Privacy Policies,","breadcrumb":{"@id":"https:\/\/www.southcoast.org\/sms-reminders-terms-of-service-and-privacy-policy\/#breadcrumb"},"inLanguage":"pt-PT","potentialAction":[{"@type":"ReadAction","target":["https:\/\/www.southcoast.org\/sms-reminders-terms-of-service-and-privacy-policy\/"]}]},{"@type":"BreadcrumbList","@id":"https:\/\/www.southcoast.org\/sms-reminders-terms-of-service-and-privacy-policy\/#breadcrumb","itemListElement":[{"@type":"ListItem","position":1,"name":"","item":"https:\/\/www.southcoast.org\/"},{"@type":"ListItem","position":2,"name":"SMS Reminders Terms of Service and Privacy Policy"}]},{"@type":"WebSite","@id":"https:\/\/www.southcoast.org\/#website","url":"https:\/\/www.southcoast.org\/","name":"Sa\u00fade no Sudeste","description":"Mais do que medicamentos.","potentialAction":[{"@type":"SearchAction","target":{"@type":"EntryPoint","urlTemplate":"https:\/\/www.southcoast.org\/?s={search_term_string}"},"query-input":{"@type":"PropertyValueSpecification","valueRequired":true,"valueName":"search_term_string"}}],"inLanguage":"pt-PT"}]}},"_links":{"self":[{"href":"https:\/\/www.southcoast.org\/pt\/wp-json\/wp\/v2\/pages\/282093","targetHints":{"allow":["GET"]}}],"collection":[{"href":"https:\/\/www.southcoast.org\/pt\/wp-json\/wp\/v2\/pages"}],"about":[{"href":"https:\/\/www.southcoast.org\/pt\/wp-json\/wp\/v2\/types\/page"}],"author":[{"embeddable":true,"href":"https:\/\/www.southcoast.org\/pt\/wp-json\/wp\/v2\/users\/14"}],"replies":[{"embeddable":true,"href":"https:\/\/www.southcoast.org\/pt\/wp-json\/wp\/v2\/comments?post=282093"}],"version-history":[{"count":6,"href":"https:\/\/www.southcoast.org\/pt\/wp-json\/wp\/v2\/pages\/282093\/revisions"}],"predecessor-version":[{"id":284954,"href":"https:\/\/www.southcoast.org\/pt\/wp-json\/wp\/v2\/pages\/282093\/revisions\/284954"}],"wp:attachment":[{"href":"https:\/\/www.southcoast.org\/pt\/wp-json\/wp\/v2\/media?parent=282093"}],"curies":[{"name":"wp","href":"https:\/\/api.w.org\/{rel}","templated":true}]}}