{"id":279736,"date":"2025-10-07T20:26:46","date_gmt":"2025-10-07T20:26:46","guid":{"rendered":"https:\/\/www.southcoast.org\/?page_id=279736"},"modified":"2026-01-21T15:04:46","modified_gmt":"2026-01-21T20:04:46","slug":"aco","status":"publish","type":"page","link":"https:\/\/www.southcoast.org\/pt\/aco\/","title":{"rendered":"Organiza\u00e7\u00e3o de Cuidados Respons\u00e1veis"},"content":{"rendered":"<div  class=\"blockSettings  paddingTopSM paddingBottomSM heroBasicFluid darkTheme\" style=\"background: linear-gradient(110deg, #0A4A3D 2.57%, rgba(5, 116, 99, 0.99) 59.47%, #009984 99.08%);\"><div class=\"container\">\n        <div class=\"grid align-center\">\n        <div class=\"col-sm-10\">\n            <div class=\"Center\">\n\n                    <div class=\"mainCopyWrap\">\n            <h1>Organiza\u00e7\u00e3o de Cuidados Respons\u00e1veis<\/h1>\n    <div class=\"paragraphWrap\"><p>Nome e localiza\u00e7\u00e3o da ACO\r\n\r\nOrganiza\u00e7\u00e3o de Cuidados Respons\u00e1veis de Southcoast, LLC\r\n101 Page Street\r\nNew Bedford, MA 02740<\/p><\/div>    <\/div>\n    \n                \n            <\/div>\n        <\/div>\n    <\/div>\n<\/div>\n    <div class=\"cornerArtWrapper cornerArt-small\">\n        <img decoding=\"async\" class=\"cornerArt\" src=\"https:\/\/www.southcoast.org\/wp-content\/themes\/southcoast_multisite\/images\/corner-art.svg\" alt=\"\">\n    <\/div>\n<\/div>\n\n\n\n\n<div  class=\"blockSettings  paddingTopSM paddingBottomSM tableblockFluid light\" style=\"\"><div class=\"container\">\n\n    \n    \n<div class=\"tableblock\">\n  <div class=\"tableblock__inner\">\n                  <div class=\"tableblock__item table-with-intro\">\n                      <div class=\"grid\">\n              <div class=\"col-sm-12\">\n                  <div class=\"introCenter\">\n                                            <div class=\"mainCopyWrap\">\n                          <h2><\/h2>\n                                                      <div class=\"paragraphWrap\">\n                            <p><a href=\"https:\/\/www.southcoast.org\/wp-content\/uploads\/2026\/01\/Public_Reporting_01152026.pdf\">Relat\u00f3rios p\u00fablicos do Programa de Poupan\u00e7a Partilhada - Ver o relat\u00f3rio completo<\/a><\/p>\n                            <\/div>\n                                                <\/div>\n                                                                                                                                                                                                                                        <\/div>\n              <\/div>\n            <\/div>\n                    \n          <div class=\"grid justify-center\">\n            <div class=\"col-sm-12 col-md-12\">\n              <div class=\"tableblock__table grid\"><div class=\"tablePressWrap col-sm-12 col-md-12\"><h5 class=\"tablePressName\">Contacto principal do ACO<\/h5>\n<table id=\"tablepress-7\" class=\"tablepress tablepress-id-7\">\n<thead>\n<tr class=\"row-1\">\n\t<th class=\"column-1\">Nome do contacto principal <\/th><th class=\"column-2\">Jennifer Schachter<\/th>\n<\/tr>\n<\/thead>\n<tbody class=\"row-striping row-hover\">\n<tr class=\"row-2\">\n\t<td class=\"column-1\">N\u00famero de telefone do contacto principal<\/td><td class=\"column-2\">774-762-0480<\/td>\n<\/tr>\n<tr class=\"row-3\">\n\t<td class=\"column-1\">Endere\u00e7o de correio eletr\u00f3nico do contacto principal   <\/td><td class=\"column-2\">SchachterJ@southcoast.org<br \/>\n<\/td>\n<\/tr>\n<\/tbody>\n<\/table>\n<!-- #tablepress-7 from cache --><\/div><\/div>\n            <\/div>\n          <\/div>\n        <\/div>\n            <\/div>\n<\/div>\n<\/div>\n<\/div>","protected":false},"excerpt":{"rendered":"","protected":false},"author":11,"featured_media":0,"parent":0,"menu_order":0,"comment_status":"closed","ping_status":"closed","template":"","meta":{"_acf_changed":false,"footnotes":""},"class_list":["post-279736","page","type-page","status-publish","hentry"],"acf":[],"yoast_head":"<!-- This site is optimized with the Yoast SEO plugin v26.0 - https:\/\/yoast.com\/wordpress\/plugins\/seo\/ -->\n<title>Accountable Care Organization - Southcoast Health<\/title>\n<meta name=\"robots\" content=\"index, follow, max-snippet:-1, max-image-preview:large, max-video-preview:-1\" \/>\n<link rel=\"canonical\" href=\"https:\/\/www.southcoast.org\/pt\/aco\/\" \/>\n<meta property=\"og:locale\" content=\"pt_PT\" \/>\n<meta property=\"og:type\" content=\"article\" \/>\n<meta property=\"og:title\" content=\"Accountable Care Organization - Southcoast Health\" \/>\n<meta property=\"og:url\" content=\"https:\/\/www.southcoast.org\/pt\/aco\/\" \/>\n<meta property=\"og:site_name\" content=\"Southcoast Health\" \/>\n<meta property=\"article:modified_time\" content=\"2026-01-21T20:04:46+00:00\" \/>\n<meta name=\"twitter:card\" content=\"summary_large_image\" \/>\n<script type=\"application\/ld+json\" class=\"yoast-schema-graph\">{\"@context\":\"https:\/\/schema.org\",\"@graph\":[{\"@type\":\"WebPage\",\"@id\":\"https:\/\/www.southcoast.org\/aco\/\",\"url\":\"https:\/\/www.southcoast.org\/aco\/\",\"name\":\"Accountable Care Organization - Southcoast Health\",\"isPartOf\":{\"@id\":\"https:\/\/www.southcoast.org\/#website\"},\"datePublished\":\"2025-10-07T20:26:46+00:00\",\"dateModified\":\"2026-01-21T20:04:46+00:00\",\"breadcrumb\":{\"@id\":\"https:\/\/www.southcoast.org\/aco\/#breadcrumb\"},\"inLanguage\":\"pt-PT\",\"potentialAction\":[{\"@type\":\"ReadAction\",\"target\":[\"https:\/\/www.southcoast.org\/aco\/\"]}]},{\"@type\":\"BreadcrumbList\",\"@id\":\"https:\/\/www.southcoast.org\/aco\/#breadcrumb\",\"itemListElement\":[{\"@type\":\"ListItem\",\"position\":1,\"name\":\"\",\"item\":\"https:\/\/www.southcoast.org\/\"},{\"@type\":\"ListItem\",\"position\":2,\"name\":\"Accountable Care Organization\"}]},{\"@type\":\"WebSite\",\"@id\":\"https:\/\/www.southcoast.org\/#website\",\"url\":\"https:\/\/www.southcoast.org\/\",\"name\":\"Southcoast Health\",\"description\":\"More than medicine.\",\"potentialAction\":[{\"@type\":\"SearchAction\",\"target\":{\"@type\":\"EntryPoint\",\"urlTemplate\":\"https:\/\/www.southcoast.org\/?s={search_term_string}\"},\"query-input\":{\"@type\":\"PropertyValueSpecification\",\"valueRequired\":true,\"valueName\":\"search_term_string\"}}],\"inLanguage\":\"pt-PT\"}]}<\/script>\n<!-- \/ Yoast SEO plugin. -->","yoast_head_json":{"title":"Organiza\u00e7\u00e3o de Cuidados Respons\u00e1veis - Southcoast Health","robots":{"index":"index","follow":"follow","max-snippet":"max-snippet:-1","max-image-preview":"max-image-preview:large","max-video-preview":"max-video-preview:-1"},"canonical":"https:\/\/www.southcoast.org\/pt\/aco\/","og_locale":"pt_PT","og_type":"article","og_title":"Accountable Care Organization - Southcoast Health","og_url":"https:\/\/www.southcoast.org\/pt\/aco\/","og_site_name":"Southcoast Health","article_modified_time":"2026-01-21T20:04:46+00:00","twitter_card":"summary_large_image","schema":{"@context":"https:\/\/schema.org","@graph":[{"@type":"WebPage","@id":"https:\/\/www.southcoast.org\/aco\/","url":"https:\/\/www.southcoast.org\/aco\/","name":"Organiza\u00e7\u00e3o de Cuidados Respons\u00e1veis - Southcoast Health","isPartOf":{"@id":"https:\/\/www.southcoast.org\/#website"},"datePublished":"2025-10-07T20:26:46+00:00","dateModified":"2026-01-21T20:04:46+00:00","breadcrumb":{"@id":"https:\/\/www.southcoast.org\/aco\/#breadcrumb"},"inLanguage":"pt-PT","potentialAction":[{"@type":"ReadAction","target":["https:\/\/www.southcoast.org\/aco\/"]}]},{"@type":"BreadcrumbList","@id":"https:\/\/www.southcoast.org\/aco\/#breadcrumb","itemListElement":[{"@type":"ListItem","position":1,"name":"","item":"https:\/\/www.southcoast.org\/"},{"@type":"ListItem","position":2,"name":"Accountable Care Organization"}]},{"@type":"WebSite","@id":"https:\/\/www.southcoast.org\/#website","url":"https:\/\/www.southcoast.org\/","name":"Sa\u00fade no Sudeste","description":"Mais do que medicamentos.","potentialAction":[{"@type":"SearchAction","target":{"@type":"EntryPoint","urlTemplate":"https:\/\/www.southcoast.org\/?s={search_term_string}"},"query-input":{"@type":"PropertyValueSpecification","valueRequired":true,"valueName":"search_term_string"}}],"inLanguage":"pt-PT"}]}},"_links":{"self":[{"href":"https:\/\/www.southcoast.org\/pt\/wp-json\/wp\/v2\/pages\/279736","targetHints":{"allow":["GET"]}}],"collection":[{"href":"https:\/\/www.southcoast.org\/pt\/wp-json\/wp\/v2\/pages"}],"about":[{"href":"https:\/\/www.southcoast.org\/pt\/wp-json\/wp\/v2\/types\/page"}],"author":[{"embeddable":true,"href":"https:\/\/www.southcoast.org\/pt\/wp-json\/wp\/v2\/users\/11"}],"replies":[{"embeddable":true,"href":"https:\/\/www.southcoast.org\/pt\/wp-json\/wp\/v2\/comments?post=279736"}],"version-history":[{"count":51,"href":"https:\/\/www.southcoast.org\/pt\/wp-json\/wp\/v2\/pages\/279736\/revisions"}],"predecessor-version":[{"id":284147,"href":"https:\/\/www.southcoast.org\/pt\/wp-json\/wp\/v2\/pages\/279736\/revisions\/284147"}],"wp:attachment":[{"href":"https:\/\/www.southcoast.org\/pt\/wp-json\/wp\/v2\/media?parent=279736"}],"curies":[{"name":"wp","href":"https:\/\/api.w.org\/{rel}","templated":true}]}}