{"id":278486,"date":"2025-10-02T21:06:34","date_gmt":"2025-10-02T21:06:34","guid":{"rendered":"https:\/\/www.southcoast.org\/?page_id=278486"},"modified":"2026-02-20T17:54:54","modified_gmt":"2026-02-20T22:54:54","slug":"southcoast-health-care-charges","status":"publish","type":"page","link":"https:\/\/www.southcoast.org\/pt\/southcoast-health-care-charges\/","title":{"rendered":"Encargos dos cuidados de sa\u00fade de Southcoast"},"content":{"rendered":"<div  class=\"blockSettings  paddingTopSM paddingBottomSM heroBasicFluid darkTheme\" style=\"background: linear-gradient(110deg, #0A4A3D 2.57%, rgba(5, 116, 99, 0.99) 59.47%, #009984 99.08%);\"><div class=\"container\">\n            <div class=\"grid\">\n            <div class=\"col-sm-12 col-bleed-y\">\n                <div class=\"Center\">\n                    <div class=\"breadcrumbsWrapper desktop-breadcrumbs\"><nav id=\"breadcrumbs\" aria-label=\"P\u00e3o ralado\"><ol><li><a href=\"https:\/\/www.southcoast.org\/pt\/\"><i class=\"fa-light fa-house\"><\/i><span class=\"visually-hidden\">In\u00edcio<\/span><\/a><\/li><\/ol><\/nav><\/div><div class=\"breadcrumbsWrapper mobile-breadcrumbs\"><p id=\"mobile-breadcrumbs\" class=\"mobile-back-nav\"><span><span><a href=\"#\" onclick=\"return handleBackNavigation();\"><i class=\"fa-solid fa-chevron-left back-arrow\"><\/i> Voltar<\/a><\/span><\/span><\/p>\t\t<script>\n\t\t\tfunction handleBackNavigation() {\n\t\t\t\tif (window.history.length > 1) {\n\t\t\t\t\twindow.history.back();\n\t\t\t\t} else {\n\t\t\t\t\twindow.location.href = 'https:\/\/www.southcoast.org\/pt';\n\t\t\t\t}\n\t\t\t\treturn false;\n\t\t\t}\n\t\t<\/script>\n<\/div>                <\/div>\n            <\/div>\n        <\/div>\n        <div class=\"grid align-center\">\n        <div class=\"col-sm-10\">\n            <div class=\"Center\">\n\n                    <div class=\"mainCopyWrap\">\n            <h1>Encargos dos cuidados de sa\u00fade de Southcoast<\/h1>\n        <\/div>\n    \n                \n            <\/div>\n        <\/div>\n    <\/div>\n<\/div>\n    <div class=\"cornerArtWrapper cornerArt-small\">\n        <img decoding=\"async\" class=\"cornerArt\" src=\"https:\/\/www.southcoast.org\/wp-content\/themes\/southcoast_multisite\/images\/corner-art.svg\" alt=\"\">\n    <\/div>\n<\/div>\n\n\n\n\n<div  class=\"blockSettings  paddingTopSM paddingBottomNone copyFullFluid light\" style=\"\">\t<div class=\"container\">\n\t\t<div class=\"grid\">\n            \t\t\t<div class=\"copyFullWrap bg-white\">\n\t\t\t\t<div class=\"col-sm-12\">\n                    <div class=\"maincopy\">\n                        <h2><strong>Compreender os custos dos procedimentos e servi\u00e7os m\u00e9dicos prestados na Southcoast Health.<\/strong><\/h2>\n<p><strong><em>A Southcoast Health est\u00e1 empenhada em aumentar a transpar\u00eancia dos custos dos cuidados de sa\u00fade para os nossos doentes.<\/em><\/strong><\/p>\n<p>Quando assume o controlo dos seus cuidados de sa\u00fade, \u00e9 importante conhecer os custos associados ao seu plano de tratamento, bem como os seus planos de cuidados para antes e depois de qualquer cirurgia.<\/p>\n<h2>O que \u00e9 uma tabela de pre\u00e7os hospitalar?<\/h2>\n<p>O mapa de pre\u00e7os de um hospital \u00e9 uma lista completa de todos os servi\u00e7os e artigos factur\u00e1veis fornecidos por um hospital. O mapa de pre\u00e7os enumera os encargos de cada procedimento, servi\u00e7o, fornecimento, medicamento sujeito a receita m\u00e9dica e teste de diagn\u00f3stico fornecido no hospital. Os nossos hospitais funcionam 24 horas por dia, sete dias por semana, pelo que um registo de despesas pode conter milhares de servi\u00e7os e despesas relacionadas.<\/p>\n<p>Os montantes do mapa de pre\u00e7os quase nunca s\u00e3o facturados a um doente ou recebidos como pagamento por um hospital. Os montantes do mapa de pre\u00e7os s\u00e3o facturados a uma companhia de seguros, \u00e0 Medicare ou \u00e0 MassHealth.  Estes pagadores aplicam ent\u00e3o os seus termos de reembolso ou taxas contratadas aos servi\u00e7os que s\u00e3o facturados. Se o paciente tiver de efetuar um co-pagamento, um co-seguro ou uma franquia, estes tamb\u00e9m n\u00e3o se baseiam, na maior parte das vezes, nos montantes da tabela de pre\u00e7os, mas sim nas condi\u00e7\u00f5es de pagamento determinadas pela seguradora ou pelo programa governamental.<\/p>\n<p>Com as listas Care Charges* abaixo, poder\u00e1 encontrar a taxa da Southcoast Health para um servi\u00e7o espec\u00edfico. Tamb\u00e9m pode contactar a nossa equipa de apoio ao cliente atrav\u00e9s do n\u00famero 508-973-1212 ou 844-500-1212 (liga\u00e7\u00e3o gratuita) para colocar quest\u00f5es sobre a fatura\u00e7\u00e3o.<\/p>\n<ul>\n<li><a href=\"https:\/\/www.southcoast.org\/wp-content\/uploads\/2026\/02\/222592333_charlton-memorial-hospital_standardcharges.csv.zip\">Charlton Memorial Hospital Standard Charlton Memorial Hospital<\/a><\/li>\n<li><a href=\"https:\/\/www.southcoast.org\/wp-content\/uploads\/2026\/02\/222592333_st-lukes-hospital_standardcharges.csv.zip\">Hospital St. Luke's Encargos padr\u00e3o<\/a><\/li>\n<li><a href=\"https:\/\/www.southcoast.org\/pt\/222592333_tobey-hospital_standardcharges\/\">Encargos normais do Hospital Tobey<\/a><\/li>\n<\/ul>\n<p><em>*No que diz respeito \u00e0 fatura\u00e7\u00e3o hospitalar, a palavra \"taxa\" \u00e9 utilizada para identificar o pre\u00e7o global que um hospital cobra pelos seus servi\u00e7os. O \"mapa de pre\u00e7os\" de um hospital fornece uma lista completa de todos os servi\u00e7os e artigos factur\u00e1veis fornecidos pelo hospital e especifica os custos de cada procedimento, servi\u00e7o, fornecimento, medicamento sujeito a receita m\u00e9dica e teste de diagn\u00f3stico fornecido num estabelecimento com licen\u00e7a hospitalar.<\/em><\/p>\n<p>O seu plano de sa\u00fade tamb\u00e9m o pode ajudar a compreender a cobertura do seu seguro, quais os custos que ser\u00e3o cobertos, quanto lhe ser\u00e1 cobrado, informa\u00e7\u00f5es sobre franquias e a sua responsabilidade prevista. Consulte o nosso\u00a0<a href=\"https:\/\/www.southcoast.org\/wp-content\/uploads\/2025\/10\/FAQs-Chargemaster.pdf\" target=\"_blank\" rel=\"noopener noreferrer\">Chargemaster Perguntas mais frequentes (FAQ)<\/a>.<\/p>\n<p>&nbsp;<\/p>\n                    <\/div>\n\n                    \n                    <div class=\"ctaWrap ctaCenter\">\n                                                                                                        \n                                                                                                                            <\/div>\n\n\t\t\t\t<\/div>\n\t\t\t<\/div>\n            \n\n            \n\n            \t\t<\/div>\n\t<\/div>\n<\/div>\n\n\n<div  class=\"blockSettings  paddingTopNone paddingBottomNone cardsQuickFluid light\" style=\"\"><div class=\"container\">\n            <div class=\"grid\" role=\"list\">\n                                        <div class=\"col-sm-6 col-lg-auto\" role=\"listitem\">\n                        <a href=\"https:\/\/www.southcoast.org\/pt\/pay-a-bill\/surprise-billing-rights\/\" target=\"_self\" class=\"quick-link\" style=\"\">\n                                                        <span lang=\"en\">Direitos de fatura\u00e7\u00e3o surpresa<\/span>\n                            <i class=\"fa-solid fa-arrow-up-right\"><\/i>\n                        <\/a>\n                    <\/div>\n                                \n                                        <\/div>\n<\/div>\n<\/div>","protected":false},"excerpt":{"rendered":"","protected":false},"author":11,"featured_media":0,"parent":0,"menu_order":0,"comment_status":"closed","ping_status":"closed","template":"","meta":{"_acf_changed":false,"footnotes":""},"class_list":["post-278486","page","type-page","status-publish","hentry"],"acf":[],"yoast_head":"<!-- This site is optimized with the Yoast SEO plugin v26.0 - https:\/\/yoast.com\/wordpress\/plugins\/seo\/ -->\n<title>Southcoast Health Care Charges - Southcoast Health<\/title>\n<meta name=\"robots\" content=\"index, follow, max-snippet:-1, max-image-preview:large, max-video-preview:-1\" \/>\n<link rel=\"canonical\" href=\"https:\/\/www.southcoast.org\/pt\/southcoast-health-care-charges\/\" \/>\n<meta property=\"og:locale\" content=\"pt_PT\" \/>\n<meta property=\"og:type\" content=\"article\" \/>\n<meta property=\"og:title\" content=\"Southcoast Health Care Charges - Southcoast Health\" \/>\n<meta property=\"og:url\" content=\"https:\/\/www.southcoast.org\/pt\/southcoast-health-care-charges\/\" \/>\n<meta property=\"og:site_name\" content=\"Southcoast Health\" \/>\n<meta property=\"article:modified_time\" content=\"2026-02-20T22:54:54+00:00\" \/>\n<meta name=\"twitter:card\" content=\"summary_large_image\" \/>\n<script type=\"application\/ld+json\" class=\"yoast-schema-graph\">{\"@context\":\"https:\/\/schema.org\",\"@graph\":[{\"@type\":\"WebPage\",\"@id\":\"https:\/\/www.southcoast.org\/southcoast-health-care-charges\/\",\"url\":\"https:\/\/www.southcoast.org\/southcoast-health-care-charges\/\",\"name\":\"Southcoast Health Care Charges - Southcoast Health\",\"isPartOf\":{\"@id\":\"https:\/\/www.southcoast.org\/#website\"},\"datePublished\":\"2025-10-02T21:06:34+00:00\",\"dateModified\":\"2026-02-20T22:54:54+00:00\",\"breadcrumb\":{\"@id\":\"https:\/\/www.southcoast.org\/southcoast-health-care-charges\/#breadcrumb\"},\"inLanguage\":\"pt-PT\",\"potentialAction\":[{\"@type\":\"ReadAction\",\"target\":[\"https:\/\/www.southcoast.org\/southcoast-health-care-charges\/\"]}]},{\"@type\":\"BreadcrumbList\",\"@id\":\"https:\/\/www.southcoast.org\/southcoast-health-care-charges\/#breadcrumb\",\"itemListElement\":[{\"@type\":\"ListItem\",\"position\":1,\"name\":\"\",\"item\":\"https:\/\/www.southcoast.org\/\"},{\"@type\":\"ListItem\",\"position\":2,\"name\":\"Southcoast Health Care Charges\"}]},{\"@type\":\"WebSite\",\"@id\":\"https:\/\/www.southcoast.org\/#website\",\"url\":\"https:\/\/www.southcoast.org\/\",\"name\":\"Southcoast Health\",\"description\":\"More than medicine.\",\"potentialAction\":[{\"@type\":\"SearchAction\",\"target\":{\"@type\":\"EntryPoint\",\"urlTemplate\":\"https:\/\/www.southcoast.org\/?s={search_term_string}\"},\"query-input\":{\"@type\":\"PropertyValueSpecification\",\"valueRequired\":true,\"valueName\":\"search_term_string\"}}],\"inLanguage\":\"pt-PT\"}]}<\/script>\n<!-- \/ Yoast SEO plugin. -->","yoast_head_json":{"title":"Southcoast Health Care Charges - Southcoast Health","robots":{"index":"index","follow":"follow","max-snippet":"max-snippet:-1","max-image-preview":"max-image-preview:large","max-video-preview":"max-video-preview:-1"},"canonical":"https:\/\/www.southcoast.org\/pt\/southcoast-health-care-charges\/","og_locale":"pt_PT","og_type":"article","og_title":"Southcoast Health Care Charges - Southcoast Health","og_url":"https:\/\/www.southcoast.org\/pt\/southcoast-health-care-charges\/","og_site_name":"Southcoast Health","article_modified_time":"2026-02-20T22:54:54+00:00","twitter_card":"summary_large_image","schema":{"@context":"https:\/\/schema.org","@graph":[{"@type":"WebPage","@id":"https:\/\/www.southcoast.org\/southcoast-health-care-charges\/","url":"https:\/\/www.southcoast.org\/southcoast-health-care-charges\/","name":"Southcoast Health Care Charges - Southcoast Health","isPartOf":{"@id":"https:\/\/www.southcoast.org\/#website"},"datePublished":"2025-10-02T21:06:34+00:00","dateModified":"2026-02-20T22:54:54+00:00","breadcrumb":{"@id":"https:\/\/www.southcoast.org\/southcoast-health-care-charges\/#breadcrumb"},"inLanguage":"pt-PT","potentialAction":[{"@type":"ReadAction","target":["https:\/\/www.southcoast.org\/southcoast-health-care-charges\/"]}]},{"@type":"BreadcrumbList","@id":"https:\/\/www.southcoast.org\/southcoast-health-care-charges\/#breadcrumb","itemListElement":[{"@type":"ListItem","position":1,"name":"","item":"https:\/\/www.southcoast.org\/"},{"@type":"ListItem","position":2,"name":"Southcoast Health Care Charges"}]},{"@type":"WebSite","@id":"https:\/\/www.southcoast.org\/#website","url":"https:\/\/www.southcoast.org\/","name":"Sa\u00fade no Sudeste","description":"Mais do que medicamentos.","potentialAction":[{"@type":"SearchAction","target":{"@type":"EntryPoint","urlTemplate":"https:\/\/www.southcoast.org\/?s={search_term_string}"},"query-input":{"@type":"PropertyValueSpecification","valueRequired":true,"valueName":"search_term_string"}}],"inLanguage":"pt-PT"}]}},"_links":{"self":[{"href":"https:\/\/www.southcoast.org\/pt\/wp-json\/wp\/v2\/pages\/278486","targetHints":{"allow":["GET"]}}],"collection":[{"href":"https:\/\/www.southcoast.org\/pt\/wp-json\/wp\/v2\/pages"}],"about":[{"href":"https:\/\/www.southcoast.org\/pt\/wp-json\/wp\/v2\/types\/page"}],"author":[{"embeddable":true,"href":"https:\/\/www.southcoast.org\/pt\/wp-json\/wp\/v2\/users\/11"}],"replies":[{"embeddable":true,"href":"https:\/\/www.southcoast.org\/pt\/wp-json\/wp\/v2\/comments?post=278486"}],"version-history":[{"count":14,"href":"https:\/\/www.southcoast.org\/pt\/wp-json\/wp\/v2\/pages\/278486\/revisions"}],"predecessor-version":[{"id":287330,"href":"https:\/\/www.southcoast.org\/pt\/wp-json\/wp\/v2\/pages\/278486\/revisions\/287330"}],"wp:attachment":[{"href":"https:\/\/www.southcoast.org\/pt\/wp-json\/wp\/v2\/media?parent=278486"}],"curies":[{"name":"wp","href":"https:\/\/api.w.org\/{rel}","templated":true}]}}