{"id":278474,"date":"2025-10-02T13:05:27","date_gmt":"2025-10-02T13:05:27","guid":{"rendered":"https:\/\/www.southcoast.org\/?page_id=278474"},"modified":"2025-10-06T16:22:44","modified_gmt":"2025-10-06T16:22:44","slug":"mychart-frequently-asked-questions","status":"publish","type":"page","link":"https:\/\/www.southcoast.org\/pt\/mychart-frequently-asked-questions\/","title":{"rendered":"Perguntas mais frequentes sobre o MyChart"},"content":{"rendered":"<div  class=\"blockSettings  paddingTopNone paddingBottomNone copyFullFluid light\" style=\"\">\t<div class=\"container\">\n\t\t<div class=\"grid\">\n            \t\t\t<div class=\"copyFullWrap bg-white\">\n\t\t\t\t<div class=\"col-sm-12\">\n                    <div class=\"maincopy\">\n                        <p class=\"southcoast-technical-support\">Suporte t\u00e9cnico MyChart: 1-844-265-9857<\/p>\n<dl>\n<dt>\n<h2>O que \u00e9 o MyChart?<\/h2>\n<p>O MyChart oferece aos doentes um acesso online personalizado e seguro a partes dos seus registos m\u00e9dicos. Permite-lhe utilizar a Internet de forma segura para ajudar a gerir e receber informa\u00e7\u00f5es sobre a sua sa\u00fade:<\/p>\n<ul>\n<li>\n<h4>Ver e descarregar o Resumo de Visita da sua recente visita ao Servi\u00e7o de Urg\u00eancia.<\/h4>\n<\/li>\n<li>\n<h4>Ver o seu resumo de sa\u00fade a partir do registo de sa\u00fade eletr\u00f3nico MyChart.<\/h4>\n<\/li>\n<li>\n<h4>Ver os resultados dos testes.<\/h4>\n<\/li>\n<li>\n<h4>Pedir a renova\u00e7\u00e3o de receitas m\u00e9dicas.<\/h4>\n<\/li>\n<li>\n<h4>Pedir marca\u00e7\u00f5es.<\/h4>\n<\/li>\n<li>\n<h4>Pagar facturas online.<\/h4>\n<\/li>\n<li>\n<h4>Aceder a recursos de informa\u00e7\u00e3o de sa\u00fade fi\u00e1veis.<\/h4>\n<\/li>\n<li>\n<h4>Comunicar de forma eletr\u00f3nica e segura com a sua equipa m\u00e9dica.<\/h4>\n<\/li>\n<li>\n<h4>Aceda ao MyChart utilizando o seu dispositivo m\u00f3vel.<\/h4>\n<\/li>\n<\/ul>\n<\/dt>\n<dt>\n<h4>Perguntas sobre a inscri\u00e7\u00e3o<\/h4>\n<\/dt>\n<dd>\n<h4><a href=\"#EQ_fee\">Existe alguma taxa para utilizar o MyChart?<\/a><\/h4>\n<\/dd>\n<dd>\n<h4><a href=\"#EQ_sign\">Como \u00e9 que me inscrevo?<\/a><\/h4>\n<\/dd>\n<dd>\n<h4><a href=\"#EQ_ques\">Quem devo contactar se tiver mais perguntas?<\/a><\/h4>\n<\/dd>\n<\/dl>\n<dl>\n<dt>\n<h4>O seu registo m\u00e9dico<\/h4>\n<\/dt>\n<dd>\n<h4><a href=\"#MR_test\">Quando \u00e9 que posso ver os resultados dos meus testes no MyChart?<\/a><\/h4>\n<\/dd>\n<dd>\n<h4><a href=\"#MR_share\">Porque \u00e9 que determinados resultados de an\u00e1lises n\u00e3o s\u00e3o partilhados eletronicamente atrav\u00e9s do MyChart?<\/a><\/h4>\n<\/dd>\n<dd>\n<h4><a href=\"\/pt\/mychart-frequently-asked-questions\/#MR_wrong\">Se algumas das minhas informa\u00e7\u00f5es de sa\u00fade no MyChart n\u00e3o estiverem corretas, o que devo fazer?<\/a><\/h4>\n<\/dd>\n<dd>\n<h4><a href=\"#MR_reply\">Se eu enviar uma mensagem ao meu m\u00e9dico, quando \u00e9 que posso esperar uma resposta?<\/a><\/h4>\n<\/dd>\n<dd>\n<h4><a href=\"#MR_immunizations\">Posso documentar uma imuniza\u00e7\u00e3o no MyChart?<\/a><\/h4>\n<\/dd>\n<dd>\n<h4><a href=\"#MR_dirInfo\">Para onde foram as informa\u00e7\u00f5es da Diretiva Antecipada?<\/a><\/h4>\n<\/dd>\n<\/dl>\n<dl>\n<dt>\n<h4>MyChart para a minha fam\u00edlia<\/h4>\n<\/dt>\n<dd>\n<h4><a href=\"#MF_view\">Posso ver o registo de sa\u00fade de um familiar no MyChart?<\/a><\/h4>\n<\/dd>\n<dd>\n<h4><a href=\"#MF_ques\">Posso fazer perguntas sobre um membro da fam\u00edlia a partir da minha conta MyChart?<\/a><\/h4>\n<\/dd>\n<dd>\n<h4><a href=\"#MF_share\">Eu e o meu c\u00f4njuge podemos partilhar uma conta MyChart?<\/a><\/h4>\n<\/dd>\n<\/dl>\n<dl>\n<dt>\n<h4>Depois de me ter inscrito<\/h4>\n<\/dt>\n<dd>\n<h4><a href=\"#AE_pass\">Esqueci-me da minha palavra-passe. O que \u00e9 que devo fazer?<\/a><\/h4>\n<\/dd>\n<dd>\n<h4><a href=\"#AE_code\">Podem enviar-me um novo c\u00f3digo de ativa\u00e7\u00e3o, pois perdi-o, deixei-o expirar ou n\u00e3o o recebi?<\/a><\/h4>\n<\/dd>\n<\/dl>\n<dl>\n<dt>\n<h4>Quest\u00f5es t\u00e9cnicas<\/h4>\n<\/dt>\n<dd>\n<h4><a href=\"#TQ_sec\">Como \u00e9 que o MyChart \u00e9 seguro?<\/a><\/h4>\n<\/dd>\n<dd>\n<h4><a href=\"#TQ_priv\">Qual \u00e9 a vossa pol\u00edtica de privacidade?<\/a><\/h4>\n<\/dd>\n<dd>\n<h4><a href=\"#TQ_time\">Fui desconectado do MyChart, o que aconteceu?<\/a><\/h4>\n<\/dd>\n<dd>\n<h4><a href=\"#TQ_req\">O que \u00e9 necess\u00e1rio para utilizar o MyChart?<\/a><\/h4>\n<\/dd>\n<dd>\n<h4><a href=\"#TQ_code\">O meu c\u00f3digo de ativa\u00e7\u00e3o n\u00e3o funciona, o que devo fazer?<\/a><\/h4>\n<\/dd>\n<dd>\n<h4><a href=\"#TQ_children\">Porque \u00e9 que n\u00e3o consigo ver o registo m\u00e9dico completo em linha do meu filho de 12-17 anos?<\/a><\/h4>\n<\/dd>\n<\/dl>\n<h2 id=\"EQ_fee\" class=\"faq\">Existe alguma taxa para utilizar o MyChart?<\/h2>\n<h4>O MyChart \u00e9 um servi\u00e7o gratuito oferecido aos nossos pacientes.<\/h4>\n<h2 id=\"EQ_sign\" class=\"faq\">Como \u00e9 que me inscrevo?<\/h2>\n<h4>Existem v\u00e1rias formas de se registar no MyChart:<\/h4>\n<ul class=\"bulleted\">\n<li>\n<h4>Durante a sua consulta com o seu provedor do Southcoast Physicians Group<\/h4>\n<\/li>\n<li>\n<h4>Durante a sua visita a um dos departamentos de emerg\u00eancia da Southcoast Health:<\/h4>\n<ul class=\"bulleted\">\n<li>\n<h4>Charlton Memorial Hospital, Fall River, MA<\/h4>\n<\/li>\n<li>\n<h4>St. Luke's Hospital, New Bedford, MA<\/h4>\n<\/li>\n<li>\n<h4>Tobey Hospital, Wareham, MA<\/h4>\n<\/li>\n<\/ul>\n<\/li>\n<li>\n<h4>Registo autom\u00e1tico - Ir para <a href=\"https:\/\/mychart.southcoast.org\/mychart\/signup\" target=\"_blank\" rel=\"noopener noreferrer\">https:\/\/mychart.southcoast.org\/mychart\/signup<\/a>\u00a0e preencher o formul\u00e1rio. Este processo n\u00e3o \u00e9 instant\u00e2neo e pode demorar at\u00e9 5-7 dias.<\/h4>\n<\/li>\n<\/ul>\n<h2 id=\"EQ_ques\" class=\"faq\">Quem devo contactar se tiver mais perguntas sobre o acesso ao MyChart ou assist\u00eancia t\u00e9cnica?<\/h2>\n<h4>Pode ligar para a nossa Linha de Apoio ao Doente MyChart atrav\u00e9s do n\u00famero 1-844-265-9857 ou enviar-nos um e-mail para helpdesk@southcoast.org.<\/h4>\n<h2 id=\"MR_test\" class=\"faq\">Quando \u00e9 que posso ver os resultados dos meus testes no MyChart?<\/h2>\n<h4>Os doentes t\u00eam agora\u00a0<a href=\"https:\/\/www.healthit.gov\/curesrule\/what-it-means-for-me\/clinicians\" target=\"_blank\" rel=\"noreferrer noopener\">acesso em linha a notas partilhadas<\/a>\u00a0O seu prestador de cuidados de sa\u00fade escreve ap\u00f3s uma consulta ou discuss\u00e3o. Os resultados e as notas estar\u00e3o dispon\u00edveis no seu\u00a0<a href=\"https:\/\/www.southcoast.org\/pt\/mychart-portal\/\" target=\"_blank\" rel=\"noreferrer noopener\">Portal do doente MyChart<\/a>\u00a0- o seu sistema seguro e confidencial de registos de sa\u00fade electr\u00f3nicos,\u00a0<a href=\"https:\/\/www.southcoast.org\/pt\/shared-notes-mychart\/\" target=\"_blank\" rel=\"noopener\">leia mais aqui.<\/a><\/h4>\n<h2 id=\"MR_share\" class=\"faq\">Porque \u00e9 que determinados resultados de an\u00e1lises n\u00e3o s\u00e3o partilhados eletronicamente atrav\u00e9s do MyChart?<\/h2>\n<h4>Uma norma federal que pro\u00edbe o bloqueio de informa\u00e7\u00f5es entrar\u00e1 em vigor a 30 de mar\u00e7o de 2021. A regra faz parte da 21st Century Cures Act, que foi concebida para promover o acesso seguro e o interc\u00e2mbio de informa\u00e7\u00f5es de sa\u00fade electr\u00f3nicas\u00a0<span class=\"il\">informa\u00e7\u00f5es. T<\/span>Lei Cures exige que todos os registos, com as excep\u00e7\u00f5es abaixo indicadas, sejam imediatamente disponibilizados a qualquer doente por via eletr\u00f3nica. Podem existir excep\u00e7\u00f5es a esta lei, incluindo<\/h4>\n<ul>\n<li>\n<h4>Notas de psicoterapia em regime de internamento<\/h4>\n<\/li>\n<li>\n<h4>Registos m\u00e9dicos compilados em antecipa\u00e7\u00e3o de um lit\u00edgio, como no caso de uma quest\u00e3o de indemniza\u00e7\u00e3o de trabalhadores<\/h4>\n<\/li>\n<li>\n<h4><a href=\"https:\/\/www.southcoast.org\/pt\/shared-notes-mychart\/\" target=\"_blank\" rel=\"noopener\">Ler mais aqui<\/a><\/h4>\n<\/li>\n<\/ul>\n<h2 id=\"MR_wrong\" class=\"faq\">Se algumas das minhas informa\u00e7\u00f5es de sa\u00fade no MyChart n\u00e3o estiverem corretas, o que devo fazer?<\/h2>\n<h4>As informa\u00e7\u00f5es do MyChart prov\u00eam diretamente do seu registo m\u00e9dico eletr\u00f3nico no consult\u00f3rio do seu m\u00e9dico. Contacte o consult\u00f3rio do seu m\u00e9dico para corrigir qualquer informa\u00e7\u00e3o incorrecta ou aguarde at\u00e9 \u00e0 sua pr\u00f3xima consulta. As suas informa\u00e7\u00f5es de sa\u00fade s\u00e3o revistas e actualizadas no seu registo m\u00e9dico eletr\u00f3nico em cada consulta. Ou contacte o Departamento de Gest\u00e3o de Informa\u00e7\u00e3o de Sa\u00fade atrav\u00e9s do n\u00famero 508-973-3784<\/h4>\n<h2 id=\"MR_reply\" class=\"faq\">Se eu enviar uma mensagem ao meu m\u00e9dico, quando \u00e9 que posso esperar uma resposta?<\/h2>\n<h4>Regra geral, receber\u00e1 uma resposta no prazo de 1 a 3 dias \u00fateis. Tenha em aten\u00e7\u00e3o que o MyChart n\u00e3o deve ser utilizado para situa\u00e7\u00f5es urgentes. Contacte o seu centro m\u00e9dico se a situa\u00e7\u00e3o exigir aten\u00e7\u00e3o imediata ou ligue para o 112 se for uma emerg\u00eancia.<\/h4>\n<h2 id=\"MR_immunizations\" class=\"faq\">Posso documentar uma imuniza\u00e7\u00e3o no MyChart?<\/h2>\n<h4>Sim. Pode faz\u00ea-lo clicando no lembrete de vencimento\/atraso e, em seguida, selecionando MARCAR COMO COMPLETO. Adicione a data em que recebeu a vacina e ACEITAR. O seu registo m\u00e9dico ser\u00e1 automaticamente atualizado com a vacina conclu\u00edda. De momento, esta op\u00e7\u00e3o s\u00f3 est\u00e1 dispon\u00edvel para a vacina contra a gripe sazonal.<\/h4>\n<h2 id=\"MR_dirInfo\" class=\"faq\">Para onde foram as informa\u00e7\u00f5es da Diretiva Antecipada?<\/h2>\n<h4>A partir de 30\/10\/2018, a Diretiva Avan\u00e7ada foi temporariamente removida devido a v\u00e1rios relatos de problemas na abertura de ficheiros .tif utilizando o Google Chrome e dispositivos com sistema operativo Android. Existe tamb\u00e9m uma manuten\u00e7\u00e3o adicional para apresentar apenas os documentos relacionados com as diretivas antecipadas.<\/h4>\n<h2 id=\"MF_view\" class=\"faq\">Posso ver o registo de sa\u00fade de um familiar no MyChart?<\/h2>\n<h4>Sim, \u00e9 poss\u00edvel. A isto chama-se acesso por procura\u00e7\u00e3o e permite que um pai (ou tutor) inicie sess\u00e3o na sua conta pessoal MyChart e depois se ligue \u00e0s informa\u00e7\u00f5es relativas ao seu familiar. Preencha um Formul\u00e1rio de consentimento de procura\u00e7\u00e3o e envie-o para o endere\u00e7o indicado no formul\u00e1rio para solicitar o acesso a este servi\u00e7o conveniente. Estes formul\u00e1rios podem ser encontrados na p\u00e1gina de in\u00edcio de sess\u00e3o MyChart - <a href=\"https:\/\/www.southcoast.org\/pt\/mychart-access-requests\/\">Formul\u00e1rios de autoriza\u00e7\u00e3o de acesso<\/a>.<\/h4>\n<h2 id=\"MF_ques\" class=\"faq\">Posso fazer perguntas sobre um membro da fam\u00edlia a partir da minha conta MyChart?<\/h2>\n<h4>O MyChart oferece acesso direto a\u00a0<b>seu<\/b>\u00a0registo de sa\u00fade pessoal e a comunica\u00e7\u00e3o sobre as informa\u00e7\u00f5es de outro indiv\u00edduo seriam colocadas em\u00a0<b>seu<\/b>\u00a0registo de sa\u00fade. Esta informa\u00e7\u00e3o n\u00e3o apareceria no registo de sa\u00fade correto e poderia potencialmente prejudicar os cuidados m\u00e9dicos. Deve obter o acesso por procura\u00e7\u00e3o, que permite aos pais ou prestadores de cuidados aceder \u00e0 ficha cl\u00ednica do seu familiar. Preencha um Formul\u00e1rio de consentimento de procura\u00e7\u00e3o e envie-o para o endere\u00e7o indicado no formul\u00e1rio para solicitar o acesso a este servi\u00e7o conveniente. Estes formul\u00e1rios podem ser encontrados na p\u00e1gina de in\u00edcio de sess\u00e3o do MyChart -\u00a0<a href=\"https:\/\/www.southcoast.org\/pt\/mychart-access-requests\/\" target=\"_blank\" rel=\"noopener noreferrer\">Formul\u00e1rios de autoriza\u00e7\u00e3o de acesso<\/a>.<\/h4>\n<h2 id=\"MF_share\" class=\"faq\">Eu e o meu c\u00f4njuge podemos partilhar uma conta MyChart?<\/h2>\n<h4>N\u00e3o, devido \u00e0 natureza sens\u00edvel das informa\u00e7\u00f5es m\u00e9dicas, cada adulto deve solicitar e criar a sua pr\u00f3pria conta MyChart.<\/h4>\n<h2 id=\"AE_pass\" class=\"faq\">Esqueci-me da minha palavra-passe. O que \u00e9 que devo fazer?<\/h2>\n<h4>Clique na liga\u00e7\u00e3o \"Esqueceu-se da palavra-passe\" na p\u00e1gina de in\u00edcio de sess\u00e3o para redefinir a sua palavra-passe online. Se tiver dificuldades, pode contactar a nossa Linha de Apoio ao Doente MyChart atrav\u00e9s do n\u00famero 1-844-265-9857 para solicitar uma palavra-passe nova e segura.<\/h4>\n<h2 id=\"AE_code\" class=\"faq\">Podem enviar-me um novo c\u00f3digo de ativa\u00e7\u00e3o, pois perdi-o, deixei-o expirar ou n\u00e3o o recebi?<\/h2>\n<h4>Pode contactar a nossa Linha de Apoio ao Doente MyChart atrav\u00e9s do n\u00famero 1-844-265-9857 para solicitar um novo c\u00f3digo de ativa\u00e7\u00e3o.<\/h4>\n<h2 id=\"TQ_sec\" class=\"faq\">Como \u00e9 que o MyChart \u00e9 seguro?<\/h2>\n<h4>Temos o maior cuidado em garantir que as suas informa\u00e7\u00f5es de sa\u00fade s\u00e3o mantidas privadas e seguras. O acesso \u00e0s informa\u00e7\u00f5es \u00e9 controlado atrav\u00e9s de c\u00f3digos de ativa\u00e7\u00e3o seguros, nomes de utilizador pessoais e palavras-passe. Cada pessoa controla a sua palavra-passe e a conta n\u00e3o pode ser acedida sem essa palavra-passe. Al\u00e9m disso, a MyChart utiliza a mais recente tecnologia de encripta\u00e7\u00e3o SSL de 128 bits, sem caching, para encriptar automaticamente a sua sess\u00e3o na MyChart. Ao contr\u00e1rio do correio eletr\u00f3nico convencional, todas as mensagens MyChart s\u00e3o enviadas enquanto o utilizador est\u00e1 ligado de forma segura ao nosso s\u00edtio Web.<\/h4>\n<h2 id=\"TQ_priv\" class=\"faq\">Qual \u00e9 a vossa pol\u00edtica de privacidade?<\/h2>\n<h4>O MyChart pertence e \u00e9 operado pela MyChart e est\u00e1 em total conformidade com as leis federais e estatais relativas \u00e0 sua privacidade. O seu nome e endere\u00e7o de correio eletr\u00f3nico ser\u00e3o tratados com o mesmo cuidado e privacidade que os seus registos de sa\u00fade e nunca ser\u00e3o vendidos ou alugados pela MyChart.<\/h4>\n<h2 id=\"TQ_time\" class=\"faq\">Fui desconectado do MyChart, o que aconteceu?<\/h2>\n<h4>O nosso objetivo \u00e9 proteger a sua privacidade e a seguran\u00e7a das suas informa\u00e7\u00f5es. Enquanto estiver ligado ao MyChart, se o seu teclado permanecer inativo durante 15 minutos ou mais, ser\u00e1 automaticamente desligado do MyChart. Recomendamos que termine a sess\u00e3o MyChart se tiver de sair do computador, mesmo que por um curto per\u00edodo de tempo.<\/h4>\n<h2 id=\"TQ_req\" class=\"faq\">O que \u00e9 necess\u00e1rio para utilizar o MyChart?<\/h2>\n<h4>\u00c9 necess\u00e1rio ter acesso a um computador ligado \u00e0 Internet e a um programa de navega\u00e7\u00e3o atualizado (como o Internet Explorer).<\/h4>\n<h2 id=\"TQ_code\" class=\"faq\">O meu c\u00f3digo de ativa\u00e7\u00e3o n\u00e3o funciona, o que devo fazer?<\/h2>\n<h4>Para sua seguran\u00e7a, o seu c\u00f3digo de ativa\u00e7\u00e3o expira ao fim de 30 dias e deixa de ser v\u00e1lido ap\u00f3s a primeira utiliza\u00e7\u00e3o. Se continuar a ter problemas, pode contactar a nossa linha de apoio ao doente MyChart atrav\u00e9s do n\u00famero 1-844-265-9857.<\/h4>\n<h2 id=\"TQ_children\" class=\"faq\">Porque \u00e9 que n\u00e3o consigo ver o registo m\u00e9dico completo em linha do meu filho de 12-17 anos?<\/h2>\n<p>As leis e regulamentos dos estados de Massachusetts e Rhode Island permitem que um menor consinta em determinados tipos de cuidados m\u00e9dicos que tamb\u00e9m requerem prote\u00e7\u00e3o da privacidade. Por conseguinte, o acesso proxy pedi\u00e1trico muda automaticamente na noite anterior ao 12\u00ba anivers\u00e1rio da crian\u00e7a para acesso proxy adolescente limitado para cumprir estas leis e regulamentos.<\/p>\n<p>O seu filho com 12-17 anos de idade pode conceder-lhe acesso por procura\u00e7\u00e3o limitado ao seu registo m\u00e9dico online, preenchendo o Formul\u00e1rio de Autoriza\u00e7\u00e3o de Acesso por Procura\u00e7\u00e3o para Jovens com 12-17 anos de idade e enviando-o para o endere\u00e7o indicado no formul\u00e1rio. Estes formul\u00e1rios podem ser encontrados na p\u00e1gina de in\u00edcio de sess\u00e3o do MyChart -\u00a0<a href=\"https:\/\/www.southcoast.org\/pt\/mychart-access-requests\/\" target=\"_blank\" rel=\"noopener noreferrer\">Formul\u00e1rios de autoriza\u00e7\u00e3o de acesso<\/a>.<\/p>\n                    <\/div>\n\n                    \n                    <div class=\"ctaWrap ctaCenter\">\n                                                                                                        \n                                                                                                                            <\/div>\n\n\t\t\t\t<\/div>\n\t\t\t<\/div>\n            \n\n            \n\n            \t\t<\/div>\n\t<\/div>\n<\/div>","protected":false},"excerpt":{"rendered":"","protected":false},"author":11,"featured_media":0,"parent":0,"menu_order":0,"comment_status":"closed","ping_status":"closed","template":"","meta":{"_acf_changed":false,"footnotes":""},"class_list":["post-278474","page","type-page","status-publish","hentry"],"acf":[],"yoast_head":"<!-- This site is optimized with the Yoast SEO plugin v26.0 - https:\/\/yoast.com\/wordpress\/plugins\/seo\/ -->\n<title>MyChart Frequently Asked Questions - Southcoast Health<\/title>\n<meta name=\"robots\" content=\"index, follow, max-snippet:-1, max-image-preview:large, max-video-preview:-1\" \/>\n<link rel=\"canonical\" href=\"https:\/\/www.southcoast.org\/pt\/mychart-frequently-asked-questions\/\" \/>\n<meta property=\"og:locale\" content=\"pt_PT\" \/>\n<meta property=\"og:type\" content=\"article\" \/>\n<meta property=\"og:title\" content=\"MyChart Frequently Asked Questions - Southcoast Health\" \/>\n<meta property=\"og:url\" content=\"https:\/\/www.southcoast.org\/pt\/mychart-frequently-asked-questions\/\" \/>\n<meta property=\"og:site_name\" content=\"Southcoast Health\" \/>\n<meta property=\"article:modified_time\" content=\"2025-10-06T16:22:44+00:00\" \/>\n<meta name=\"twitter:card\" content=\"summary_large_image\" \/>\n<script type=\"application\/ld+json\" class=\"yoast-schema-graph\">{\"@context\":\"https:\/\/schema.org\",\"@graph\":[{\"@type\":\"WebPage\",\"@id\":\"https:\/\/www.southcoast.org\/mychart-frequently-asked-questions\/\",\"url\":\"https:\/\/www.southcoast.org\/mychart-frequently-asked-questions\/\",\"name\":\"MyChart Frequently Asked Questions - Southcoast Health\",\"isPartOf\":{\"@id\":\"https:\/\/www.southcoast.org\/#website\"},\"datePublished\":\"2025-10-02T13:05:27+00:00\",\"dateModified\":\"2025-10-06T16:22:44+00:00\",\"breadcrumb\":{\"@id\":\"https:\/\/www.southcoast.org\/mychart-frequently-asked-questions\/#breadcrumb\"},\"inLanguage\":\"pt-PT\",\"potentialAction\":[{\"@type\":\"ReadAction\",\"target\":[\"https:\/\/www.southcoast.org\/mychart-frequently-asked-questions\/\"]}]},{\"@type\":\"BreadcrumbList\",\"@id\":\"https:\/\/www.southcoast.org\/mychart-frequently-asked-questions\/#breadcrumb\",\"itemListElement\":[{\"@type\":\"ListItem\",\"position\":1,\"name\":\"\",\"item\":\"https:\/\/www.southcoast.org\/\"},{\"@type\":\"ListItem\",\"position\":2,\"name\":\"MyChart Frequently Asked Questions\"}]},{\"@type\":\"WebSite\",\"@id\":\"https:\/\/www.southcoast.org\/#website\",\"url\":\"https:\/\/www.southcoast.org\/\",\"name\":\"Southcoast Health\",\"description\":\"More than medicine.\",\"potentialAction\":[{\"@type\":\"SearchAction\",\"target\":{\"@type\":\"EntryPoint\",\"urlTemplate\":\"https:\/\/www.southcoast.org\/?s={search_term_string}\"},\"query-input\":{\"@type\":\"PropertyValueSpecification\",\"valueRequired\":true,\"valueName\":\"search_term_string\"}}],\"inLanguage\":\"pt-PT\"}]}<\/script>\n<!-- \/ Yoast SEO plugin. -->","yoast_head_json":{"title":"MyChart Frequently Asked Questions - Southcoast Health","robots":{"index":"index","follow":"follow","max-snippet":"max-snippet:-1","max-image-preview":"max-image-preview:large","max-video-preview":"max-video-preview:-1"},"canonical":"https:\/\/www.southcoast.org\/pt\/mychart-frequently-asked-questions\/","og_locale":"pt_PT","og_type":"article","og_title":"MyChart Frequently Asked Questions - Southcoast Health","og_url":"https:\/\/www.southcoast.org\/pt\/mychart-frequently-asked-questions\/","og_site_name":"Southcoast Health","article_modified_time":"2025-10-06T16:22:44+00:00","twitter_card":"summary_large_image","schema":{"@context":"https:\/\/schema.org","@graph":[{"@type":"WebPage","@id":"https:\/\/www.southcoast.org\/mychart-frequently-asked-questions\/","url":"https:\/\/www.southcoast.org\/mychart-frequently-asked-questions\/","name":"MyChart Frequently Asked Questions - Southcoast Health","isPartOf":{"@id":"https:\/\/www.southcoast.org\/#website"},"datePublished":"2025-10-02T13:05:27+00:00","dateModified":"2025-10-06T16:22:44+00:00","breadcrumb":{"@id":"https:\/\/www.southcoast.org\/mychart-frequently-asked-questions\/#breadcrumb"},"inLanguage":"pt-PT","potentialAction":[{"@type":"ReadAction","target":["https:\/\/www.southcoast.org\/mychart-frequently-asked-questions\/"]}]},{"@type":"BreadcrumbList","@id":"https:\/\/www.southcoast.org\/mychart-frequently-asked-questions\/#breadcrumb","itemListElement":[{"@type":"ListItem","position":1,"name":"","item":"https:\/\/www.southcoast.org\/"},{"@type":"ListItem","position":2,"name":"MyChart Frequently Asked Questions"}]},{"@type":"WebSite","@id":"https:\/\/www.southcoast.org\/#website","url":"https:\/\/www.southcoast.org\/","name":"Sa\u00fade no Sudeste","description":"Mais do que medicamentos.","potentialAction":[{"@type":"SearchAction","target":{"@type":"EntryPoint","urlTemplate":"https:\/\/www.southcoast.org\/?s={search_term_string}"},"query-input":{"@type":"PropertyValueSpecification","valueRequired":true,"valueName":"search_term_string"}}],"inLanguage":"pt-PT"}]}},"_links":{"self":[{"href":"https:\/\/www.southcoast.org\/pt\/wp-json\/wp\/v2\/pages\/278474","targetHints":{"allow":["GET"]}}],"collection":[{"href":"https:\/\/www.southcoast.org\/pt\/wp-json\/wp\/v2\/pages"}],"about":[{"href":"https:\/\/www.southcoast.org\/pt\/wp-json\/wp\/v2\/types\/page"}],"author":[{"embeddable":true,"href":"https:\/\/www.southcoast.org\/pt\/wp-json\/wp\/v2\/users\/11"}],"replies":[{"embeddable":true,"href":"https:\/\/www.southcoast.org\/pt\/wp-json\/wp\/v2\/comments?post=278474"}],"version-history":[{"count":19,"href":"https:\/\/www.southcoast.org\/pt\/wp-json\/wp\/v2\/pages\/278474\/revisions"}],"predecessor-version":[{"id":279513,"href":"https:\/\/www.southcoast.org\/pt\/wp-json\/wp\/v2\/pages\/278474\/revisions\/279513"}],"wp:attachment":[{"href":"https:\/\/www.southcoast.org\/pt\/wp-json\/wp\/v2\/media?parent=278474"}],"curies":[{"name":"wp","href":"https:\/\/api.w.org\/{rel}","templated":true}]}}