{"id":276702,"date":"2025-09-28T17:16:02","date_gmt":"2025-09-28T17:16:02","guid":{"rendered":"https:\/\/live-southcoast-health-multi.southcoast-health.org\/?page_id=276702"},"modified":"2025-09-28T17:16:04","modified_gmt":"2025-09-28T17:16:04","slug":"about-david-o-mccready","status":"publish","type":"page","link":"https:\/\/www.southcoast.org\/pt\/about-david-o-mccready\/","title":{"rendered":"Sobre David O. McCready"},"content":{"rendered":"<div  class=\"blockSettings    hero-main-block\" style=\"\"><div class=\"background\"><\/div>\n<div class=\"container\">\n\n        <div class=\"grid\">\n        <div class=\"col-bleed-y\">\n            <div class=\"inner-wrap\">\n                <div class=\"content-col\">\n                                            <h1>David O. McCready<\/h1>\n                                        <div class=\"copy-wrap\">\n                                                    <p>Presidente e Diretor Executivo, Southcoast Health<\/p>\n                                            <\/div>\n                                    <\/div>\n                <div class=\"media-col\">\n                                            <img\n                            class=\"main-img\"\n                            src=\"https:\/\/www.southcoast.org\/wp-content\/uploads\/2025\/09\/David-O.-McCready-Headshot-scaled.jpg\"\n                                                        srcset=\"https:\/\/www.southcoast.org\/wp-content\/uploads\/2025\/09\/David-O.-McCready-Headshot-scaled.jpg 2560w, https:\/\/www.southcoast.org\/wp-content\/uploads\/2025\/09\/David-O.-McCready-Headshot-300x200.jpg 300w, https:\/\/www.southcoast.org\/wp-content\/uploads\/2025\/09\/David-O.-McCready-Headshot-1024x683.jpg 1024w, https:\/\/www.southcoast.org\/wp-content\/uploads\/2025\/09\/David-O.-McCready-Headshot-768x512.jpg 768w, https:\/\/www.southcoast.org\/wp-content\/uploads\/2025\/09\/David-O.-McCready-Headshot-1536x1024.jpg 1536w, https:\/\/www.southcoast.org\/wp-content\/uploads\/2025\/09\/David-O.-McCready-Headshot-2048x1365.jpg 2048w, https:\/\/www.southcoast.org\/wp-content\/uploads\/2025\/09\/David-O.-McCready-Headshot-18x12.jpg 18w\"\n                            sizes=\"(max-width: 768px) 100vw, (max-width: 1200px) 50vw, 800px\"\n                                                        alt=\"\"\n                            loading=\"eager\"\n                            decoding=\"async\"\n                            fetchpriority=\"high\">\n                                                            <img decoding=\"async\" class=\"corner-art\" src=\"https:\/\/www.southcoast.org\/wp-content\/themes\/southcoast_multisite\/images\/corner-art.svg\">\n                <\/div>\n            <\/div>\n        <\/div>\n    <\/div>\n<\/div>\n\n<script>\n    document.querySelectorAll('.play-button').forEach(button => {\n        button.addEventListener('click', function() {\n            const modal = this.nextElementSibling;\n            modal.style.display = 'block';\n            document.body.style.overflow = 'hidden';\n        });\n    });\n\n    document.querySelectorAll('.close-modal, .modal-overlay').forEach(element => {\n        element.addEventListener('click', function() {\n            const modal = this.closest('.video-modal');\n            modal.style.display = 'none';\n            document.body.style.overflow = '';\n        });\n    });\n<\/script>\n<\/div>\n\n\n<div  class=\"blockSettings  paddingTopSM paddingBottomSM copyFullFluid light\" style=\"\">\t<div class=\"container\">\n\t\t<div class=\"grid\">\n            \t\t\t<div class=\"copyFullWrap bg-white\">\n\t\t\t\t<div class=\"col-sm-12\">\n                    <div class=\"maincopy\">\n                        <p>David McCready \u00e9 presidente e diretor executivo da Southcoast Health.<\/p>\n<p>Southcoast Health serve as comunidades do sudeste de Massachusetts e Rhode Island como o maior fornecedor de cuidados prim\u00e1rios e especializados na regi\u00e3o. O sistema filantr\u00f3pico sem fins lucrativos inclui tr\u00eas hospitais de cuidados agudos - Charlton Memorial em Fall River, St. Luke's em New Bedford (um Centro de Trauma de N\u00edvel II) e Tobey em Wareham - bem como uma rede de mais de 900 m\u00e9dicos, hospitalistas e m\u00e9dicos de n\u00edvel m\u00e9dio.<\/p>\n<p>David entrou para a Southcoast em outubro de 2023, vindo do Brigham and Women's Faulkner Hospital, onde foi presidente durante 5 anos. Al\u00e9m disso, David atuou por 18 anos como membro da equipe de lideran\u00e7a do Brigham and Women's Hospital, inclusive como vice-presidente s\u00eanior de uma variedade de departamentos cl\u00ednicos e n\u00e3o cl\u00ednicos, incluindo servi\u00e7os de interna\u00e7\u00e3o, servi\u00e7os cir\u00fargicos e de procedimentos, opera\u00e7\u00f5es ambulatoriais, imagens, im\u00f3veis, instala\u00e7\u00f5es \/ engenharia e todos os servi\u00e7os de suporte. David atuou como instrutor no programa de Mestrado em Opera\u00e7\u00f5es de Servi\u00e7os Cl\u00ednicos na Harvard Medical School de 2019 a 2022.<\/p>\n<p>Com uma s\u00f3lida experi\u00eancia e foco em opera\u00e7\u00f5es, estrat\u00e9gia e finan\u00e7as, David trabalhou como l\u00edder de projeto financeiro para o Partners HealthCare System antes de se tornar administrador executivo e depois vice-presidente para a administra\u00e7\u00e3o e finan\u00e7as do Departamento de Medicina de 1200 membros do corpo docente do Brigham and Women's Hospital.<\/p>\n<p>Para al\u00e9m da sua vasta experi\u00eancia hospitalar, David \u00e9 atualmente membro da\u00a0<a href=\"https:\/\/www.mhalink.org\/\">Associa\u00e7\u00f5es de Sa\u00fade e Hospitais de Massachusetts (MHA)<\/a>e \u00e9 delegado geral para as pol\u00edticas da regi\u00e3o da Nova Inglaterra da Associa\u00e7\u00e3o Americana de Hospitais. No in\u00edcio da sua carreira, desempenhou fun\u00e7\u00f5es de lideran\u00e7a na PricewaterhouseCoopers e na Highmark Blue Cross Blue Shield. Frequentou a Universidade de Pittsburgh, onde obteve a licenciatura, o MBA e o MHA, e foi bolseiro de William H. Ford para Administra\u00e7\u00e3o de Cuidados de Sa\u00fade de 1994 a 1996.<\/p>\n                    <\/div>\n\n                    \n                    <div class=\"ctaWrap ctaCenter\">\n                                                                                                        \n                                                                                                                            <\/div>\n\n\t\t\t\t<\/div>\n\t\t\t<\/div>\n            \n\n            \n\n            \t\t<\/div>\n\t<\/div>\n<\/div>","protected":false},"excerpt":{"rendered":"","protected":false},"author":11,"featured_media":0,"parent":0,"menu_order":0,"comment_status":"closed","ping_status":"closed","template":"","meta":{"_acf_changed":false,"footnotes":""},"class_list":["post-276702","page","type-page","status-publish","hentry"],"acf":[],"yoast_head":"<!-- This site is optimized with the Yoast SEO plugin v26.0 - https:\/\/yoast.com\/wordpress\/plugins\/seo\/ -->\n<title>About David O. McCready - Southcoast Health<\/title>\n<meta name=\"robots\" content=\"index, follow, max-snippet:-1, max-image-preview:large, max-video-preview:-1\" \/>\n<link rel=\"canonical\" href=\"https:\/\/www.southcoast.org\/pt\/about-david-o-mccready\/\" \/>\n<meta property=\"og:locale\" content=\"pt_PT\" \/>\n<meta property=\"og:type\" content=\"article\" \/>\n<meta property=\"og:title\" content=\"About David O. McCready - Southcoast Health\" \/>\n<meta property=\"og:url\" content=\"https:\/\/www.southcoast.org\/pt\/about-david-o-mccready\/\" \/>\n<meta property=\"og:site_name\" content=\"Southcoast Health\" \/>\n<meta property=\"article:modified_time\" content=\"2025-09-28T17:16:04+00:00\" \/>\n<meta name=\"twitter:card\" content=\"summary_large_image\" \/>\n<script type=\"application\/ld+json\" class=\"yoast-schema-graph\">{\"@context\":\"https:\/\/schema.org\",\"@graph\":[{\"@type\":\"WebPage\",\"@id\":\"https:\/\/www.southcoast.org\/about-david-o-mccready\/\",\"url\":\"https:\/\/www.southcoast.org\/about-david-o-mccready\/\",\"name\":\"About David O. McCready - Southcoast Health\",\"isPartOf\":{\"@id\":\"https:\/\/www.southcoast.org\/#website\"},\"datePublished\":\"2025-09-28T17:16:02+00:00\",\"dateModified\":\"2025-09-28T17:16:04+00:00\",\"breadcrumb\":{\"@id\":\"https:\/\/www.southcoast.org\/about-david-o-mccready\/#breadcrumb\"},\"inLanguage\":\"pt-PT\",\"potentialAction\":[{\"@type\":\"ReadAction\",\"target\":[\"https:\/\/www.southcoast.org\/about-david-o-mccready\/\"]}]},{\"@type\":\"BreadcrumbList\",\"@id\":\"https:\/\/www.southcoast.org\/about-david-o-mccready\/#breadcrumb\",\"itemListElement\":[{\"@type\":\"ListItem\",\"position\":1,\"name\":\"\",\"item\":\"https:\/\/www.southcoast.org\/\"},{\"@type\":\"ListItem\",\"position\":2,\"name\":\"About David O. McCready\"}]},{\"@type\":\"WebSite\",\"@id\":\"https:\/\/www.southcoast.org\/#website\",\"url\":\"https:\/\/www.southcoast.org\/\",\"name\":\"Southcoast Health\",\"description\":\"More than medicine.\",\"potentialAction\":[{\"@type\":\"SearchAction\",\"target\":{\"@type\":\"EntryPoint\",\"urlTemplate\":\"https:\/\/www.southcoast.org\/?s={search_term_string}\"},\"query-input\":{\"@type\":\"PropertyValueSpecification\",\"valueRequired\":true,\"valueName\":\"search_term_string\"}}],\"inLanguage\":\"pt-PT\"}]}<\/script>\n<!-- \/ Yoast SEO plugin. -->","yoast_head_json":{"title":"About David O. McCready - Southcoast Health","robots":{"index":"index","follow":"follow","max-snippet":"max-snippet:-1","max-image-preview":"max-image-preview:large","max-video-preview":"max-video-preview:-1"},"canonical":"https:\/\/www.southcoast.org\/pt\/about-david-o-mccready\/","og_locale":"pt_PT","og_type":"article","og_title":"About David O. McCready - Southcoast Health","og_url":"https:\/\/www.southcoast.org\/pt\/about-david-o-mccready\/","og_site_name":"Southcoast Health","article_modified_time":"2025-09-28T17:16:04+00:00","twitter_card":"summary_large_image","schema":{"@context":"https:\/\/schema.org","@graph":[{"@type":"WebPage","@id":"https:\/\/www.southcoast.org\/about-david-o-mccready\/","url":"https:\/\/www.southcoast.org\/about-david-o-mccready\/","name":"About David O. McCready - Southcoast Health","isPartOf":{"@id":"https:\/\/www.southcoast.org\/#website"},"datePublished":"2025-09-28T17:16:02+00:00","dateModified":"2025-09-28T17:16:04+00:00","breadcrumb":{"@id":"https:\/\/www.southcoast.org\/about-david-o-mccready\/#breadcrumb"},"inLanguage":"pt-PT","potentialAction":[{"@type":"ReadAction","target":["https:\/\/www.southcoast.org\/about-david-o-mccready\/"]}]},{"@type":"BreadcrumbList","@id":"https:\/\/www.southcoast.org\/about-david-o-mccready\/#breadcrumb","itemListElement":[{"@type":"ListItem","position":1,"name":"","item":"https:\/\/www.southcoast.org\/"},{"@type":"ListItem","position":2,"name":"About David O. McCready"}]},{"@type":"WebSite","@id":"https:\/\/www.southcoast.org\/#website","url":"https:\/\/www.southcoast.org\/","name":"Sa\u00fade no Sudeste","description":"Mais do que medicamentos.","potentialAction":[{"@type":"SearchAction","target":{"@type":"EntryPoint","urlTemplate":"https:\/\/www.southcoast.org\/?s={search_term_string}"},"query-input":{"@type":"PropertyValueSpecification","valueRequired":true,"valueName":"search_term_string"}}],"inLanguage":"pt-PT"}]}},"_links":{"self":[{"href":"https:\/\/www.southcoast.org\/pt\/wp-json\/wp\/v2\/pages\/276702","targetHints":{"allow":["GET"]}}],"collection":[{"href":"https:\/\/www.southcoast.org\/pt\/wp-json\/wp\/v2\/pages"}],"about":[{"href":"https:\/\/www.southcoast.org\/pt\/wp-json\/wp\/v2\/types\/page"}],"author":[{"embeddable":true,"href":"https:\/\/www.southcoast.org\/pt\/wp-json\/wp\/v2\/users\/11"}],"replies":[{"embeddable":true,"href":"https:\/\/www.southcoast.org\/pt\/wp-json\/wp\/v2\/comments?post=276702"}],"version-history":[{"count":3,"href":"https:\/\/www.southcoast.org\/pt\/wp-json\/wp\/v2\/pages\/276702\/revisions"}],"predecessor-version":[{"id":276706,"href":"https:\/\/www.southcoast.org\/pt\/wp-json\/wp\/v2\/pages\/276702\/revisions\/276706"}],"wp:attachment":[{"href":"https:\/\/www.southcoast.org\/pt\/wp-json\/wp\/v2\/media?parent=276702"}],"curies":[{"name":"wp","href":"https:\/\/api.w.org\/{rel}","templated":true}]}}