{"id":275062,"date":"2025-09-23T16:11:03","date_gmt":"2025-09-23T16:11:03","guid":{"rendered":"https:\/\/live-southcoast-health-multi.southcoast-health.org\/?page_id=275062"},"modified":"2025-10-08T15:02:53","modified_gmt":"2025-10-08T15:02:53","slug":"pinkout","status":"publish","type":"page","link":"https:\/\/www.southcoast.org\/pt\/pinkout\/","title":{"rendered":"Southcoast Health Pink Out of Breast Cancer Awareness (Sensibiliza\u00e7\u00e3o para o cancro da mama)"},"content":{"rendered":"<div  class=\"blockSettings  paddingTopSM paddingBottomSM multiple-media-object-block light\" style=\"\"><div class=\"container\">\n    <div class=\"grid\">\n        <div class=\"col-sm-12\">\n            <div class=\"inner right disc\">\n                <div class=\"copy\">\n                        <div class=\"mainCopyWrap\">\n            <h2>Southcoast Health Pink Out para a sensibiliza\u00e7\u00e3o para o cancro da mama<\/h2>\n    <div class=\"paragraphWrap\"><p><span data-teams=\"true\">Este m\u00eas de outubro, a Southcoast Health orgulha-se de se associar a escolas secund\u00e1rias e col\u00e9gios locais para tornar o campo cor-de-rosa e unir a nossa comunidade na luta contra o cancro da mama. Mas para al\u00e9m do equipamento cor-de-rosa e dos aplausos, o verdadeiro objetivo \u00e9 <strong>apoiar os doentes e as fam\u00edlias aqui mesmo na nossa comunidade.<\/strong><\/span><\/p>\n<p>Todas as receitas de cada jogo Southcoast Health Pink Out proporcionam ajuda financeira direta aos doentes submetidos a tratamento oncol\u00f3gico no Southcoast Health Cancer Care. A sua generosidade ajuda-os a concentrarem-se na cura - enquanto n\u00f3s ajudamos com o resto.<\/p>\n<p><span data-teams=\"true\"><strong>Como \u00e9 que o seu apoio ajuda os doentes<\/strong><\/span><\/p>\n<ul>\n<li><span data-teams=\"true\">Compras e refei\u00e7\u00f5es<\/span><\/li>\n<li>Ajuda com as facturas de servi\u00e7os p\u00fablicos<\/li>\n<li>Transporte fi\u00e1vel<\/li>\n<li>Despesas essenciais de subsist\u00eancia<\/li>\n<\/ul>\n<\/div>    <\/div>\n        <div class=\"ctaWrap\">\n                    <a aria-label=\"liga\u00e7\u00e3o para Doar\" class=\"mainCTA shadow light1\" href=\"https:\/\/host.nxt.blackbaud.com\/donor-form\/?svcid=tcs&#038;formId=4e4b1757-9953-4f6a-9463-18399a57e21d&#038;envid=p-ErWNnLTD3UGBHCAEwe1t7Q&#038;zone=usa\" target=\"_blank\" title=\"Abre a Doa\u00e7\u00e3o num novo separador ou janela\" rel=\"noopener noreferrer\">Doar<span class=\"fa-regular fa-up-right-from-square\"><\/span><\/a>            <\/div>\n    \n                <\/div>\n                <div class=\"images\">\n                                            <img decoding=\"async\" class=\"first\" src=\"https:\/\/www.southcoast.org\/wp-content\/uploads\/2025\/09\/IMG_3339-scaled.jpeg\" alt=\"\">\n                                                                <img decoding=\"async\" class=\"second\" src=\"https:\/\/www.southcoast.org\/wp-content\/uploads\/2025\/09\/IMG_8459-scaled.jpeg\" alt=\"\">\n                                                                <img decoding=\"async\" class=\"third\" src=\"https:\/\/www.southcoast.org\/wp-content\/uploads\/2025\/09\/Middletown-scaled.jpg\" alt=\"\">\n                                    <\/div>\n\n            <\/div>\n        <\/div>\n    <\/div>\n<\/div>\n<\/div>\n\n\n        <div  class=\"blockSettings  paddingTopSM paddingBottomSM mediaFluidCardIcon mediaFluidCardIconVertical light\" style=\"background-color:#E9F7F4;\">        <div class=\"container\">            <div class=\"grid\">\n                <div class=\"col-md-6 contentGridColumn\">\n                                            <div class=\"maincopy intro\">\n                            <h2>Como pode fazer a diferen\u00e7a<\/h2>\n                        <\/div>\n                    \n                    \n                    \n                                            <div class=\"iconLists\">\n                                                            <div class=\"iconList\">\n                                    <span class=\"icon fa-classic fa-light fa-megaphone\"><\/span>\n                                    <div class=\"iconContent\">\n                                        <p class=\"iconContentTitle\">Assistir a um jogo Pink Out e torcer com um objetivo<\/p>\n                                        <p><\/p>\n                                    <\/div>\n                                                                    <\/div>\n                                                            <div class=\"iconList\">\n                                    <span class=\"icon fa-classic fa-light fa-hands-holding-dollar\"><\/span>\n                                    <div class=\"iconContent\">\n                                        <p class=\"iconContentTitle\">Fa\u00e7a uma doa\u00e7\u00e3o clicando no bot\u00e3o \"Doar\" abaixo<\/p>\n                                        <p><\/p>\n                                    <\/div>\n                                                                    <\/div>\n                                                            <div class=\"iconList\">\n                                    <span class=\"icon fa-classic fa-light fa-share-nodes\"><\/span>\n                                    <div class=\"iconContent\">\n                                        <p class=\"iconContentTitle\">Espalhe a palavra nas redes sociais com #SouthcoastHealthPinkOut<\/p>\n                                        <p><\/p>\n                                    <\/div>\n                                                                    <\/div>\n                                                    <\/div>\n                    \n                    \n                        <div class=\"ctaWrap\">\n                    <a aria-label=\"liga\u00e7\u00e3o para Doar\" class=\"mainCTA shadow light1\" href=\"https:\/\/host.nxt.blackbaud.com\/donor-form\/?svcid=tcs&#038;formId=4e4b1757-9953-4f6a-9463-18399a57e21d&#038;envid=p-ErWNnLTD3UGBHCAEwe1t7Q&#038;zone=usa\" target=\"_blank\" title=\"Abre a Doa\u00e7\u00e3o num novo separador ou janela\" rel=\"noopener noreferrer\">Doar<span class=\"fa-regular fa-up-right-from-square\"><\/span><\/a>            <\/div>\n                    <\/div>\n\n                <div class=\"col-md-6 imageGridColumn imageRight\">\n                    <div class=\"singleImageMedia\" style=\"background-image: url(https:\/\/www.southcoast.org\/wp-content\/uploads\/2025\/09\/IMG_7366-scaled.jpeg);\"><\/div>\n                <\/div>\n\n            <\/div>\n                        <\/div>        <\/div>        \n\n\n<div  class=\"blockSettings  paddingTopSM paddingBottomSM cardEventsFluid light\" style=\"\"><div class=\"container\">\n\t\t\t<div class=\"grid\">\n\t\t\t<div class=\"col-sm-12\">\n\t\t\t\t<div class=\"introCenter\">\n\t\t\t\t\t    <div class=\"mainCopyWrap\">\n            <h2>Calend\u00e1rio do jogo Pink Out 2025<\/h2>\n        <\/div>\n    \t\t\t\t\t\t\t\t\t<\/div>\n\t\t\t<\/div>\n\t\t<\/div>\n\t\t\t\t<div class=\"blockSeparator\"><\/div>\n\t\t<div class=\"grid smallGrid\">\n\t\t\t\t\t\t\t\t<div class=\"col-sm-6 col-md-6 col-grid\">\n\t\t\t\t\t\t    <div class=\"eventCard\">\n        <div class=\"cardBasicBody\">\n            <h3>Bristol-Plymouth RVT High School Varsity Football Pink Out Game (Jogo de Futebol Rosa da Escola Secund\u00e1ria Bristol-Plymouth RVT)<\/h3>\n            \n                        <div class=\"eventDetails\">\n                                    <div class=\"eventDetail\">\n                        <i class=\"sc-icon sc-icon-teal fa-regular fa-calendar\"><\/i>\n                        <p>10\/03\/2025<\/p>\n                    <\/div>\n                                \n                                    <div class=\"eventDetail\">\n                        <i class=\"sc-icon sc-icon-teal fa-regular fa-clock\"><\/i>\n                        <p>6:30h<\/p>\n                    <\/div>\n                                \n                                    <div class=\"eventDetail\">\n                        <i class=\"sc-icon sc-icon-teal fa-regular fa-solid fa-location-crosshairs\"><\/i>\n                        <p>Escola Secund\u00e1ria de Taunton <\/p>\n                    <\/div>\n                            <\/div>\n                        \n                        \n                    <\/div>\n    <\/div>\n    \t\t\t\t\t<\/div>\n\t\t\t\t\t\t\t\t\t\t<div class=\"col-sm-6 col-md-6 col-grid\">\n\t\t\t\t\t\t    <div class=\"eventCard\">\n        <div class=\"cardBasicBody\">\n            <h3>Jogo \"Pink Out\" de futebol da equipa universit\u00e1ria da Greater New Bedford VT High School<\/h3>\n            \n                        <div class=\"eventDetails\">\n                                    <div class=\"eventDetail\">\n                        <i class=\"sc-icon sc-icon-teal fa-regular fa-calendar\"><\/i>\n                        <p>10\/03\/2025<\/p>\n                    <\/div>\n                                \n                                    <div class=\"eventDetail\">\n                        <i class=\"sc-icon sc-icon-teal fa-regular fa-clock\"><\/i>\n                        <p>6:30h<\/p>\n                    <\/div>\n                                \n                                    <div class=\"eventDetail\">\n                        <i class=\"sc-icon sc-icon-teal fa-regular fa-solid fa-location-crosshairs\"><\/i>\n                        <p>Escola Secund\u00e1ria VT de Greater New Bedford<\/p>\n                    <\/div>\n                            <\/div>\n                        \n                        \n                    <\/div>\n    <\/div>\n    \t\t\t\t\t<\/div>\n\t\t\t\t\t\t\t\t\t\t<div class=\"col-sm-6 col-md-6 col-grid\">\n\t\t\t\t\t\t    <div class=\"eventCard\">\n        <div class=\"cardBasicBody\">\n            <h3>Apponequet Regional High School Varsity Football Pink Out Game (Jogo de Futebol Rosa da Escola Secund\u00e1ria Regional de Apponequet)<\/h3>\n            \n                        <div class=\"eventDetails\">\n                                    <div class=\"eventDetail\">\n                        <i class=\"sc-icon sc-icon-teal fa-regular fa-calendar\"><\/i>\n                        <p>10\/10\/2025<\/p>\n                    <\/div>\n                                \n                                    <div class=\"eventDetail\">\n                        <i class=\"sc-icon sc-icon-teal fa-regular fa-clock\"><\/i>\n                        <p>6:30h<\/p>\n                    <\/div>\n                                \n                                    <div class=\"eventDetail\">\n                        <i class=\"sc-icon sc-icon-teal fa-regular fa-solid fa-location-crosshairs\"><\/i>\n                        <p>Escola Secund\u00e1ria Regional de Apponequet<\/p>\n                    <\/div>\n                            <\/div>\n                        \n                        \n                    <\/div>\n    <\/div>\n    \t\t\t\t\t<\/div>\n\t\t\t\t\t\t\t\t\t\t<div class=\"col-sm-6 col-md-6 col-grid\">\n\t\t\t\t\t\t    <div class=\"eventCard\">\n        <div class=\"cardBasicBody\">\n            <h3>Jogo \"Pink Out\" de voleibol feminino da Mass Maritime Academy<\/h3>\n            \n                        <div class=\"eventDetails\">\n                                    <div class=\"eventDetail\">\n                        <i class=\"sc-icon sc-icon-teal fa-regular fa-calendar\"><\/i>\n                        <p>10\/14\/2025<\/p>\n                    <\/div>\n                                \n                                    <div class=\"eventDetail\">\n                        <i class=\"sc-icon sc-icon-teal fa-regular fa-clock\"><\/i>\n                        <p>19 horas<\/p>\n                    <\/div>\n                                \n                                    <div class=\"eventDetail\">\n                        <i class=\"sc-icon sc-icon-teal fa-regular fa-solid fa-location-crosshairs\"><\/i>\n                        <p>Academia Mar\u00edtima de Massachusetts<\/p>\n                    <\/div>\n                            <\/div>\n                        \n                        \n                    <\/div>\n    <\/div>\n    \t\t\t\t\t<\/div>\n\t\t\t\t\t\t\t\t\t\t<div class=\"col-sm-6 col-md-6 col-grid\">\n\t\t\t\t\t\t    <div class=\"eventCard\">\n        <div class=\"cardBasicBody\">\n            <h3>Jogo de futebol dos rapazes da equipa universit\u00e1ria da ORR<\/h3>\n            \n                        <div class=\"eventDetails\">\n                                    <div class=\"eventDetail\">\n                        <i class=\"sc-icon sc-icon-teal fa-regular fa-calendar\"><\/i>\n                        <p>10\/15\/2025<\/p>\n                    <\/div>\n                                \n                                    <div class=\"eventDetail\">\n                        <i class=\"sc-icon sc-icon-teal fa-regular fa-clock\"><\/i>\n                        <p>6:30h<\/p>\n                    <\/div>\n                                \n                                    <div class=\"eventDetail\">\n                        <i class=\"sc-icon sc-icon-teal fa-regular fa-solid fa-location-crosshairs\"><\/i>\n                        <p>Escola Secund\u00e1ria Regional de Old Rochester<\/p>\n                    <\/div>\n                            <\/div>\n                        \n                        \n                    <\/div>\n    <\/div>\n    \t\t\t\t\t<\/div>\n\t\t\t\t\t\t\t\t\t\t<div class=\"col-sm-6 col-md-6 col-grid\">\n\t\t\t\t\t\t    <div class=\"eventCard\">\n        <div class=\"cardBasicBody\">\n            <h3>Fairhaven High School Varsity Football Pink Out Game (Jogo de Futebol Rosa da Fairhaven High School)<\/h3>\n            \n                        <div class=\"eventDetails\">\n                                    <div class=\"eventDetail\">\n                        <i class=\"sc-icon sc-icon-teal fa-regular fa-calendar\"><\/i>\n                        <p>10\/17\/2025<\/p>\n                    <\/div>\n                                \n                                    <div class=\"eventDetail\">\n                        <i class=\"sc-icon sc-icon-teal fa-regular fa-clock\"><\/i>\n                        <p>6:30h<\/p>\n                    <\/div>\n                                \n                                    <div class=\"eventDetail\">\n                        <i class=\"sc-icon sc-icon-teal fa-regular fa-solid fa-location-crosshairs\"><\/i>\n                        <p>Escola Secund\u00e1ria de Fairhaven<\/p>\n                    <\/div>\n                            <\/div>\n                        \n                        \n                    <\/div>\n    <\/div>\n    \t\t\t\t\t<\/div>\n\t\t\t\t\t\t\t\t\t\t<div class=\"col-sm-6 col-md-6 col-grid\">\n\t\t\t\t\t\t    <div class=\"eventCard\">\n        <div class=\"cardBasicBody\">\n            <h3>Somerset Berkley Region High School Varsity Football Pink Out Game <\/h3>\n            \n                        <div class=\"eventDetails\">\n                                    <div class=\"eventDetail\">\n                        <i class=\"sc-icon sc-icon-teal fa-regular fa-calendar\"><\/i>\n                        <p>10\/17\/2025<\/p>\n                    <\/div>\n                                \n                                    <div class=\"eventDetail\">\n                        <i class=\"sc-icon sc-icon-teal fa-regular fa-clock\"><\/i>\n                        <p>6:30h<\/p>\n                    <\/div>\n                                \n                                    <div class=\"eventDetail\">\n                        <i class=\"sc-icon sc-icon-teal fa-regular fa-solid fa-location-crosshairs\"><\/i>\n                        <p>Escola Secund\u00e1ria Regional de Somerset Berkley <\/p>\n                    <\/div>\n                            <\/div>\n                        \n                        \n                    <\/div>\n    <\/div>\n    \t\t\t\t\t<\/div>\n\t\t\t\t\t\t\t\t\t\t<div class=\"col-sm-6 col-md-6 col-grid\">\n\t\t\t\t\t\t    <div class=\"eventCard\">\n        <div class=\"cardBasicBody\">\n            <h3>Jogo \"Pink Out\" de futebol americano da New Bedford High School <\/h3>\n            \n                        <div class=\"eventDetails\">\n                                    <div class=\"eventDetail\">\n                        <i class=\"sc-icon sc-icon-teal fa-regular fa-calendar\"><\/i>\n                        <p>10\/24\/2025<\/p>\n                    <\/div>\n                                \n                                    <div class=\"eventDetail\">\n                        <i class=\"sc-icon sc-icon-teal fa-regular fa-clock\"><\/i>\n                        <p>6:30h<\/p>\n                    <\/div>\n                                \n                                    <div class=\"eventDetail\">\n                        <i class=\"sc-icon sc-icon-teal fa-regular fa-solid fa-location-crosshairs\"><\/i>\n                        <p>Escola Secund\u00e1ria de New Bedford <\/p>\n                    <\/div>\n                            <\/div>\n                        \n                        \n                    <\/div>\n    <\/div>\n    \t\t\t\t\t<\/div>\n\t\t\t\t\t\t\t\t\t\t<div class=\"col-sm-6 col-md-6 col-grid\">\n\t\t\t\t\t\t    <div class=\"eventCard\">\n        <div class=\"cardBasicBody\">\n            <h3>Jogo de futebol da equipa universit\u00e1ria da Bishop Stang High School<\/h3>\n            \n                        <div class=\"eventDetails\">\n                                    <div class=\"eventDetail\">\n                        <i class=\"sc-icon sc-icon-teal fa-regular fa-calendar\"><\/i>\n                        <p>10\/30\/2025<\/p>\n                    <\/div>\n                                \n                                    <div class=\"eventDetail\">\n                        <i class=\"sc-icon sc-icon-teal fa-regular fa-clock\"><\/i>\n                        <p>6:30h<\/p>\n                    <\/div>\n                                \n                                    <div class=\"eventDetail\">\n                        <i class=\"sc-icon sc-icon-teal fa-regular fa-solid fa-location-crosshairs\"><\/i>\n                        <p>Escola Secund\u00e1ria Bishop Stang<\/p>\n                    <\/div>\n                            <\/div>\n                        \n                        \n                    <\/div>\n    <\/div>\n    \t\t\t\t\t<\/div>\n\t\t\t\t\t\t\t<\/div>\n\t<\/div>\n<\/div>","protected":false},"excerpt":{"rendered":"","protected":false},"author":13,"featured_media":275066,"parent":0,"menu_order":0,"comment_status":"closed","ping_status":"closed","template":"","meta":{"_acf_changed":false,"footnotes":""},"class_list":["post-275062","page","type-page","status-publish","has-post-thumbnail","hentry"],"acf":[],"yoast_head":"<!-- This site is optimized with the Yoast SEO plugin v26.0 - https:\/\/yoast.com\/wordpress\/plugins\/seo\/ -->\n<title>Southcoast Health Pink Out for Breast Cancer Awareness<\/title>\n<meta name=\"description\" content=\"Southcoast Health is proud to team up with local high schools and colleges to turn the field pink and unite our community in the fight against breast cancer.\" \/>\n<meta name=\"robots\" content=\"index, follow, max-snippet:-1, max-image-preview:large, max-video-preview:-1\" \/>\n<link rel=\"canonical\" href=\"https:\/\/www.southcoast.org\/pt\/pinkout\/\" \/>\n<meta property=\"og:locale\" content=\"pt_PT\" \/>\n<meta property=\"og:type\" content=\"article\" \/>\n<meta property=\"og:title\" content=\"Southcoast Health Pink Out for Breast Cancer Awareness\" \/>\n<meta property=\"og:description\" content=\"Southcoast Health is proud to team up with local high schools and colleges to turn the field pink and unite our community in the fight against breast cancer.\" \/>\n<meta property=\"og:url\" content=\"https:\/\/www.southcoast.org\/pt\/pinkout\/\" \/>\n<meta property=\"og:site_name\" content=\"Southcoast Health\" \/>\n<meta property=\"article:modified_time\" content=\"2025-10-08T15:02:53+00:00\" \/>\n<meta property=\"og:image\" content=\"https:\/\/www.southcoast.org\/wp-content\/uploads\/2025\/09\/IMG_3339-scaled.jpeg\" \/>\n\t<meta property=\"og:image:width\" content=\"1920\" \/>\n\t<meta property=\"og:image:height\" content=\"2560\" \/>\n\t<meta property=\"og:image:type\" content=\"image\/jpeg\" \/>\n<meta name=\"twitter:card\" content=\"summary_large_image\" \/>\n<meta name=\"twitter:label1\" content=\"Est. reading time\" \/>\n\t<meta name=\"twitter:data1\" content=\"1 minute\" \/>\n<script type=\"application\/ld+json\" class=\"yoast-schema-graph\">{\"@context\":\"https:\/\/schema.org\",\"@graph\":[{\"@type\":\"WebPage\",\"@id\":\"https:\/\/www.southcoast.org\/pinkout\/\",\"url\":\"https:\/\/www.southcoast.org\/pinkout\/\",\"name\":\"Southcoast Health Pink Out for Breast Cancer Awareness\",\"isPartOf\":{\"@id\":\"https:\/\/www.southcoast.org\/#website\"},\"primaryImageOfPage\":{\"@id\":\"https:\/\/www.southcoast.org\/pinkout\/#primaryimage\"},\"image\":{\"@id\":\"https:\/\/www.southcoast.org\/pinkout\/#primaryimage\"},\"thumbnailUrl\":\"https:\/\/www.southcoast.org\/wp-content\/uploads\/2025\/09\/IMG_3339-scaled.jpeg\",\"datePublished\":\"2025-09-23T16:11:03+00:00\",\"dateModified\":\"2025-10-08T15:02:53+00:00\",\"description\":\"Southcoast Health is proud to team up with local high schools and colleges to turn the field pink and unite our community in the fight against breast cancer.\",\"breadcrumb\":{\"@id\":\"https:\/\/www.southcoast.org\/pinkout\/#breadcrumb\"},\"inLanguage\":\"pt-PT\",\"potentialAction\":[{\"@type\":\"ReadAction\",\"target\":[\"https:\/\/www.southcoast.org\/pinkout\/\"]}]},{\"@type\":\"ImageObject\",\"inLanguage\":\"pt-PT\",\"@id\":\"https:\/\/www.southcoast.org\/pinkout\/#primaryimage\",\"url\":\"https:\/\/www.southcoast.org\/wp-content\/uploads\/2025\/09\/IMG_3339-scaled.jpeg\",\"contentUrl\":\"https:\/\/www.southcoast.org\/wp-content\/uploads\/2025\/09\/IMG_3339-scaled.jpeg\",\"width\":1920,\"height\":2560},{\"@type\":\"BreadcrumbList\",\"@id\":\"https:\/\/www.southcoast.org\/pinkout\/#breadcrumb\",\"itemListElement\":[{\"@type\":\"ListItem\",\"position\":1,\"name\":\"\",\"item\":\"https:\/\/www.southcoast.org\/\"},{\"@type\":\"ListItem\",\"position\":2,\"name\":\"Southcoast Health Pink Out of Breast Cancer Awareness\"}]},{\"@type\":\"WebSite\",\"@id\":\"https:\/\/www.southcoast.org\/#website\",\"url\":\"https:\/\/www.southcoast.org\/\",\"name\":\"Southcoast Health\",\"description\":\"More than medicine.\",\"potentialAction\":[{\"@type\":\"SearchAction\",\"target\":{\"@type\":\"EntryPoint\",\"urlTemplate\":\"https:\/\/www.southcoast.org\/?s={search_term_string}\"},\"query-input\":{\"@type\":\"PropertyValueSpecification\",\"valueRequired\":true,\"valueName\":\"search_term_string\"}}],\"inLanguage\":\"pt-PT\"}]}<\/script>\n<!-- \/ Yoast SEO plugin. -->","yoast_head_json":{"title":"Southcoast Health Pink Out para a sensibiliza\u00e7\u00e3o para o cancro da mama","description":"A Southcoast Health orgulha-se de se associar a escolas secund\u00e1rias e col\u00e9gios locais para tornar o campo cor-de-rosa e unir a nossa comunidade na luta contra o cancro da mama.","robots":{"index":"index","follow":"follow","max-snippet":"max-snippet:-1","max-image-preview":"max-image-preview:large","max-video-preview":"max-video-preview:-1"},"canonical":"https:\/\/www.southcoast.org\/pt\/pinkout\/","og_locale":"pt_PT","og_type":"article","og_title":"Southcoast Health Pink Out for Breast Cancer Awareness","og_description":"Southcoast Health is proud to team up with local high schools and colleges to turn the field pink and unite our community in the fight against breast cancer.","og_url":"https:\/\/www.southcoast.org\/pt\/pinkout\/","og_site_name":"Southcoast Health","article_modified_time":"2025-10-08T15:02:53+00:00","og_image":[{"width":1920,"height":2560,"url":"https:\/\/www.southcoast.org\/wp-content\/uploads\/2025\/09\/IMG_3339-scaled.jpeg","type":"image\/jpeg"}],"twitter_card":"summary_large_image","twitter_misc":{"Est. reading time":"1 minute"},"schema":{"@context":"https:\/\/schema.org","@graph":[{"@type":"WebPage","@id":"https:\/\/www.southcoast.org\/pinkout\/","url":"https:\/\/www.southcoast.org\/pinkout\/","name":"Southcoast Health Pink Out para a sensibiliza\u00e7\u00e3o para o cancro da mama","isPartOf":{"@id":"https:\/\/www.southcoast.org\/#website"},"primaryImageOfPage":{"@id":"https:\/\/www.southcoast.org\/pinkout\/#primaryimage"},"image":{"@id":"https:\/\/www.southcoast.org\/pinkout\/#primaryimage"},"thumbnailUrl":"https:\/\/www.southcoast.org\/wp-content\/uploads\/2025\/09\/IMG_3339-scaled.jpeg","datePublished":"2025-09-23T16:11:03+00:00","dateModified":"2025-10-08T15:02:53+00:00","description":"A Southcoast Health orgulha-se de se associar a escolas secund\u00e1rias e col\u00e9gios locais para tornar o campo cor-de-rosa e unir a nossa comunidade na luta contra o cancro da mama.","breadcrumb":{"@id":"https:\/\/www.southcoast.org\/pinkout\/#breadcrumb"},"inLanguage":"pt-PT","potentialAction":[{"@type":"ReadAction","target":["https:\/\/www.southcoast.org\/pinkout\/"]}]},{"@type":"ImageObject","inLanguage":"pt-PT","@id":"https:\/\/www.southcoast.org\/pinkout\/#primaryimage","url":"https:\/\/www.southcoast.org\/wp-content\/uploads\/2025\/09\/IMG_3339-scaled.jpeg","contentUrl":"https:\/\/www.southcoast.org\/wp-content\/uploads\/2025\/09\/IMG_3339-scaled.jpeg","width":1920,"height":2560},{"@type":"BreadcrumbList","@id":"https:\/\/www.southcoast.org\/pinkout\/#breadcrumb","itemListElement":[{"@type":"ListItem","position":1,"name":"","item":"https:\/\/www.southcoast.org\/"},{"@type":"ListItem","position":2,"name":"Southcoast Health Pink Out of Breast Cancer Awareness"}]},{"@type":"WebSite","@id":"https:\/\/www.southcoast.org\/#website","url":"https:\/\/www.southcoast.org\/","name":"Sa\u00fade no Sudeste","description":"Mais do que medicamentos.","potentialAction":[{"@type":"SearchAction","target":{"@type":"EntryPoint","urlTemplate":"https:\/\/www.southcoast.org\/?s={search_term_string}"},"query-input":{"@type":"PropertyValueSpecification","valueRequired":true,"valueName":"search_term_string"}}],"inLanguage":"pt-PT"}]}},"_links":{"self":[{"href":"https:\/\/www.southcoast.org\/pt\/wp-json\/wp\/v2\/pages\/275062","targetHints":{"allow":["GET"]}}],"collection":[{"href":"https:\/\/www.southcoast.org\/pt\/wp-json\/wp\/v2\/pages"}],"about":[{"href":"https:\/\/www.southcoast.org\/pt\/wp-json\/wp\/v2\/types\/page"}],"author":[{"embeddable":true,"href":"https:\/\/www.southcoast.org\/pt\/wp-json\/wp\/v2\/users\/13"}],"replies":[{"embeddable":true,"href":"https:\/\/www.southcoast.org\/pt\/wp-json\/wp\/v2\/comments?post=275062"}],"version-history":[{"count":32,"href":"https:\/\/www.southcoast.org\/pt\/wp-json\/wp\/v2\/pages\/275062\/revisions"}],"predecessor-version":[{"id":279834,"href":"https:\/\/www.southcoast.org\/pt\/wp-json\/wp\/v2\/pages\/275062\/revisions\/279834"}],"wp:featuredmedia":[{"embeddable":true,"href":"https:\/\/www.southcoast.org\/pt\/wp-json\/wp\/v2\/media\/275066"}],"wp:attachment":[{"href":"https:\/\/www.southcoast.org\/pt\/wp-json\/wp\/v2\/media?parent=275062"}],"curies":[{"name":"wp","href":"https:\/\/api.w.org\/{rel}","templated":true}]}}