{"id":275009,"date":"2025-09-22T17:12:49","date_gmt":"2025-09-22T17:12:49","guid":{"rendered":"https:\/\/live-southcoast-health-multi.southcoast-health.org\/?page_id=275009"},"modified":"2025-09-22T17:12:51","modified_gmt":"2025-09-22T17:12:51","slug":"hospitalists-program-at-southcoast-health","status":"publish","type":"page","link":"https:\/\/www.southcoast.org\/pt\/hospitalists-program-at-southcoast-health\/","title":{"rendered":"Programa de Hospitalistas na Southcoast Health"},"content":{"rendered":"<div  class=\"blockSettings  paddingTopSM paddingBottomMD heroBasicFluid darkTheme\" style=\"background: linear-gradient(250deg, #0A4A3D 2.57%, rgba(5, 116, 99, 0.99) 59.47%, #009984 99.08%);\"><div class=\"container\">\n        <div class=\"grid align-center\">\n        <div class=\"col-sm-10\">\n            <div class=\"Center\">\n\n                    <div class=\"mainCopyWrap\">\n            <h1>Programa de Hospitalistas na Southcoast Health<\/h1>\n    <div class=\"paragraphWrap\"><p>Os hospitalistas s\u00e3o m\u00e9dicos certificados em medicina interna ou em medicina familiar, especializados em cuidar de pacientes enquanto estes est\u00e3o no hospital.<\/p><\/div>    <\/div>\n    \n                \n            <\/div>\n        <\/div>\n    <\/div>\n<\/div>\n    <div class=\"cornerArtWrapper cornerArt-small\">\n        <img decoding=\"async\" class=\"cornerArt\" src=\"https:\/\/www.southcoast.org\/wp-content\/themes\/southcoast_multisite\/images\/corner-art.svg\" alt=\"\">\n    <\/div>\n<\/div>\n\n\n\n\n<div  class=\"blockSettings  paddingTopMD paddingBottomMD media-object-block light\" style=\"\"><div class=\"container\">\n\t<div class=\"grid\">\n\t\t<div class=\"col-sm-12\">\n\t\t\t<div class=\"inner image-right list-style-disc inner-bg\" style=\"background-color: #E9F7F4;\">\n\t\t\t\t<div class=\"copy\">\n\t\t\t\t\t    <div class=\"mainCopyWrap\">\n            <h2>Quem somos<\/h2>\n    <div class=\"paragraphWrap\"><p>O objetivo de um programa de hospitalistas \u00e9 fornecer aos pacientes cuidados m\u00e9dicos de \u00faltima gera\u00e7\u00e3o, exatamente quando eles precisam. Na Southcoast, queremos proporcionar-lhe a mais alta qualidade de cuidados m\u00e9dicos poss\u00edvel, e \u00e9 por isso que oferecemos hospitalistas em Fall River, New Bedford e Wareham, MA para o ajudar a regressar a casa de uma forma segura e eficiente.<\/p>\n<\/div>    <\/div>\n    \t\t\t\t<\/div>\n\t\t\t\t\t\t\t\t<div class=\"images\">\n\t\t\t\t\t\t<img decoding=\"async\" class=\"single\" src=\"https:\/\/www.southcoast.org\/wp-content\/uploads\/2025\/08\/All-3-Hospitals-Header-Image-1.png\" alt=\"\">\n\t\t\t\t\t\t\t\t\t\t<\/div>\n\t\t\t\t\n\t\t\t<\/div>\n\t\t<\/div>\n\t<\/div>\n<\/div>\n<\/div>\n\n\n<div  class=\"blockSettings  paddingTopNone paddingBottomNone media-object-block light\" style=\"\"><div class=\"container\">\n\t<div class=\"grid\">\n\t\t<div class=\"col-sm-12\">\n\t\t\t<div class=\"inner image-left list-style-disc inner-white-bg\" style=\"background-color: #fff;\">\n\t\t\t\t<div class=\"copy\">\n\t\t\t\t\t    <div class=\"mainCopyWrap\">\n            <h2>Experimente v\u00e1rios benef\u00edcios com os nossos hospitalistas<\/h2>\n    <div class=\"paragraphWrap\"><p>Que benef\u00edcios pode ter ao trabalhar com um dos nossos hospitalistas de Southcoast?<\/p>\n<ul>\n<li>Cuidados m\u00e9dicos no local, 24 horas por dia, sete dias por semana<\/li>\n<li>Encomenda e acompanhamento de todos os seus resultados de an\u00e1lises<\/li>\n<li>Prescri\u00e7\u00e3o de medicamentos e tratamentos<\/li>\n<li>Consultar os nossos especialistas a qualquer momento<\/li>\n<li>Estadias hospitalares mais curtas e altas mais r\u00e1pidas<\/li>\n<\/ul>\n<\/div>    <\/div>\n    \t\t\t\t<\/div>\n\t\t\t\t\t\t\t\t<div class=\"images\">\n\t\t\t\t\t\t<img decoding=\"async\" class=\"single\" src=\"https:\/\/www.southcoast.org\/wp-content\/uploads\/2025\/09\/Patient-and-Doctor-Stock.jpg\" alt=\"\">\n\t\t\t\t\t\t\t\t\t\t<\/div>\n\t\t\t\t\n\t\t\t<\/div>\n\t\t<\/div>\n\t<\/div>\n<\/div>\n<\/div>\n\n\n<div  class=\"blockSettings  paddingTopNone paddingBottomNone media-object-block light\" style=\"\"><div class=\"container\">\n\t<div class=\"grid\">\n\t\t<div class=\"col-sm-12\">\n\t\t\t<div class=\"inner image-right list-style-disc inner-white-bg\" style=\"background-color: #fff;\">\n\t\t\t\t<div class=\"copy\">\n\t\t\t\t\t    <div class=\"mainCopyWrap\">\n            <h2>Parceria com o seu prestador de cuidados prim\u00e1rios para cuidados elevados<\/h2>\n    <div class=\"paragraphWrap\"><p>Para lhe proporcionar a melhor experi\u00eancia enquanto estiver internado num dos nossos hospitais de Fall River, New Bedford ou Wareham, os nossos hospitalistas est\u00e3o empenhados em trabalhar em estreita colabora\u00e7\u00e3o com o seu m\u00e9dico de cuidados prim\u00e1rios. Assim que for admitido num hospital de Southcoast, enviaremos uma notifica\u00e7\u00e3o ao seu m\u00e9dico de cuidados prim\u00e1rios e manter-nos-emos em contacto com ele enquanto recolhemos os seus registos m\u00e9dicos e efectuamos exames. Ap\u00f3s a sua alta, todas as informa\u00e7\u00f5es sobre o seu internamento estar\u00e3o dispon\u00edveis para o seu m\u00e9dico de cuidados prim\u00e1rios.<\/p>\n<p>Interessado em saber mais sobre o programa de hospitalistas que oferecemos em nossos hospitais de Southcoast? Para obter mais informa\u00e7\u00f5es, ligue para:<\/p>\n<ul>\n<li><a href=\"https:\/\/www.southcoast.org\/pt\/locations\/charlton-memorial-hospital\/\">Hospital Memorial de Charlton<\/a>: 508-973-7824<\/li>\n<li><a href=\"https:\/\/www.southcoast.org\/pt\/locations\/st-lukes-hospital\/\">Hospital St. Luke's<\/a>: 508-973-5919<\/li>\n<li><a href=\"https:\/\/www.southcoast.org\/pt\/locations\/tobey-hospital\/\">Hospital Tobey<\/a>: 508-273-4377<\/li>\n<\/ul>\n<\/div>    <\/div>\n    \t\t\t\t<\/div>\n\t\t\t\t\t\t\t\t<div class=\"images\">\n\t\t\t\t\t\t<img decoding=\"async\" class=\"single\" src=\"https:\/\/www.southcoast.org\/wp-content\/uploads\/2025\/09\/Filler-Photo-for-HV-Site.jpg\" alt=\"\">\n\t\t\t\t\t\t\t\t\t\t<\/div>\n\t\t\t\t\n\t\t\t<\/div>\n\t\t<\/div>\n\t<\/div>\n<\/div>\n<\/div>\n\n\n\n<div  class=\"blockSettings  paddingTopSM paddingBottomSM doctor-specialty-block light\" style=\"\"><div class=\"container\">\n    <div class=\"grid\">\n        <div class=\"col-sm-12\">\n            <div class=\"inner\">\n\n                    <div class=\"introWithCta leftAlign\">\n            <div class=\"mainCopyWrap\">\n            <\/div>\n        <\/div>\n    <div id=\"number-of-doctors\"><\/div>\n\n                                    <div class=\"doctor-wrap\">\n                        <div class=\"doctor-slider\" data-specialties='[\"hospitalist\"]'><\/div>\n                    <\/div>\n                            <\/div>\n        <\/div>\n    <\/div>\n<\/div>\n<\/div>","protected":false},"excerpt":{"rendered":"","protected":false},"author":11,"featured_media":0,"parent":0,"menu_order":0,"comment_status":"closed","ping_status":"closed","template":"","meta":{"_acf_changed":false,"footnotes":""},"class_list":["post-275009","page","type-page","status-publish","hentry"],"acf":[],"yoast_head":"<!-- This site is optimized with the Yoast SEO plugin v26.0 - https:\/\/yoast.com\/wordpress\/plugins\/seo\/ -->\n<title>Hospitalists Program at Southcoast Health - Southcoast Health<\/title>\n<meta name=\"robots\" content=\"index, follow, max-snippet:-1, max-image-preview:large, max-video-preview:-1\" \/>\n<link rel=\"canonical\" href=\"https:\/\/www.southcoast.org\/pt\/hospitalists-program-at-southcoast-health\/\" \/>\n<meta property=\"og:locale\" content=\"pt_PT\" \/>\n<meta property=\"og:type\" content=\"article\" \/>\n<meta property=\"og:title\" content=\"Hospitalists Program at Southcoast Health - Southcoast Health\" \/>\n<meta property=\"og:url\" content=\"https:\/\/www.southcoast.org\/pt\/hospitalists-program-at-southcoast-health\/\" \/>\n<meta property=\"og:site_name\" content=\"Southcoast Health\" \/>\n<meta property=\"article:modified_time\" content=\"2025-09-22T17:12:51+00:00\" \/>\n<meta name=\"twitter:card\" content=\"summary_large_image\" \/>\n<script type=\"application\/ld+json\" class=\"yoast-schema-graph\">{\"@context\":\"https:\/\/schema.org\",\"@graph\":[{\"@type\":\"WebPage\",\"@id\":\"https:\/\/www.southcoast.org\/hospitalists-program-at-southcoast-health\/\",\"url\":\"https:\/\/www.southcoast.org\/hospitalists-program-at-southcoast-health\/\",\"name\":\"Hospitalists Program at Southcoast Health - Southcoast Health\",\"isPartOf\":{\"@id\":\"https:\/\/www.southcoast.org\/#website\"},\"datePublished\":\"2025-09-22T17:12:49+00:00\",\"dateModified\":\"2025-09-22T17:12:51+00:00\",\"breadcrumb\":{\"@id\":\"https:\/\/www.southcoast.org\/hospitalists-program-at-southcoast-health\/#breadcrumb\"},\"inLanguage\":\"pt-PT\",\"potentialAction\":[{\"@type\":\"ReadAction\",\"target\":[\"https:\/\/www.southcoast.org\/hospitalists-program-at-southcoast-health\/\"]}]},{\"@type\":\"BreadcrumbList\",\"@id\":\"https:\/\/www.southcoast.org\/hospitalists-program-at-southcoast-health\/#breadcrumb\",\"itemListElement\":[{\"@type\":\"ListItem\",\"position\":1,\"name\":\"\",\"item\":\"https:\/\/www.southcoast.org\/\"},{\"@type\":\"ListItem\",\"position\":2,\"name\":\"Hospitalists Program at Southcoast Health\"}]},{\"@type\":\"WebSite\",\"@id\":\"https:\/\/www.southcoast.org\/#website\",\"url\":\"https:\/\/www.southcoast.org\/\",\"name\":\"Southcoast Health\",\"description\":\"More than medicine.\",\"potentialAction\":[{\"@type\":\"SearchAction\",\"target\":{\"@type\":\"EntryPoint\",\"urlTemplate\":\"https:\/\/www.southcoast.org\/?s={search_term_string}\"},\"query-input\":{\"@type\":\"PropertyValueSpecification\",\"valueRequired\":true,\"valueName\":\"search_term_string\"}}],\"inLanguage\":\"pt-PT\"}]}<\/script>\n<!-- \/ Yoast SEO plugin. -->","yoast_head_json":{"title":"Hospitalists Program at Southcoast Health - Southcoast Health","robots":{"index":"index","follow":"follow","max-snippet":"max-snippet:-1","max-image-preview":"max-image-preview:large","max-video-preview":"max-video-preview:-1"},"canonical":"https:\/\/www.southcoast.org\/pt\/hospitalists-program-at-southcoast-health\/","og_locale":"pt_PT","og_type":"article","og_title":"Hospitalists Program at Southcoast Health - Southcoast Health","og_url":"https:\/\/www.southcoast.org\/pt\/hospitalists-program-at-southcoast-health\/","og_site_name":"Southcoast Health","article_modified_time":"2025-09-22T17:12:51+00:00","twitter_card":"summary_large_image","schema":{"@context":"https:\/\/schema.org","@graph":[{"@type":"WebPage","@id":"https:\/\/www.southcoast.org\/hospitalists-program-at-southcoast-health\/","url":"https:\/\/www.southcoast.org\/hospitalists-program-at-southcoast-health\/","name":"Hospitalists Program at Southcoast Health - Southcoast Health","isPartOf":{"@id":"https:\/\/www.southcoast.org\/#website"},"datePublished":"2025-09-22T17:12:49+00:00","dateModified":"2025-09-22T17:12:51+00:00","breadcrumb":{"@id":"https:\/\/www.southcoast.org\/hospitalists-program-at-southcoast-health\/#breadcrumb"},"inLanguage":"pt-PT","potentialAction":[{"@type":"ReadAction","target":["https:\/\/www.southcoast.org\/hospitalists-program-at-southcoast-health\/"]}]},{"@type":"BreadcrumbList","@id":"https:\/\/www.southcoast.org\/hospitalists-program-at-southcoast-health\/#breadcrumb","itemListElement":[{"@type":"ListItem","position":1,"name":"","item":"https:\/\/www.southcoast.org\/"},{"@type":"ListItem","position":2,"name":"Hospitalists Program at Southcoast Health"}]},{"@type":"WebSite","@id":"https:\/\/www.southcoast.org\/#website","url":"https:\/\/www.southcoast.org\/","name":"Sa\u00fade no Sudeste","description":"Mais do que medicamentos.","potentialAction":[{"@type":"SearchAction","target":{"@type":"EntryPoint","urlTemplate":"https:\/\/www.southcoast.org\/?s={search_term_string}"},"query-input":{"@type":"PropertyValueSpecification","valueRequired":true,"valueName":"search_term_string"}}],"inLanguage":"pt-PT"}]}},"_links":{"self":[{"href":"https:\/\/www.southcoast.org\/pt\/wp-json\/wp\/v2\/pages\/275009","targetHints":{"allow":["GET"]}}],"collection":[{"href":"https:\/\/www.southcoast.org\/pt\/wp-json\/wp\/v2\/pages"}],"about":[{"href":"https:\/\/www.southcoast.org\/pt\/wp-json\/wp\/v2\/types\/page"}],"author":[{"embeddable":true,"href":"https:\/\/www.southcoast.org\/pt\/wp-json\/wp\/v2\/users\/11"}],"replies":[{"embeddable":true,"href":"https:\/\/www.southcoast.org\/pt\/wp-json\/wp\/v2\/comments?post=275009"}],"version-history":[{"count":5,"href":"https:\/\/www.southcoast.org\/pt\/wp-json\/wp\/v2\/pages\/275009\/revisions"}],"predecessor-version":[{"id":279474,"href":"https:\/\/www.southcoast.org\/pt\/wp-json\/wp\/v2\/pages\/275009\/revisions\/279474"}],"wp:attachment":[{"href":"https:\/\/www.southcoast.org\/pt\/wp-json\/wp\/v2\/media?parent=275009"}],"curies":[{"name":"wp","href":"https:\/\/api.w.org\/{rel}","templated":true}]}}