{"id":274682,"date":"2025-09-11T15:45:20","date_gmt":"2025-09-11T15:45:20","guid":{"rendered":"https:\/\/live-southcoast-health-multi.southcoast-health.org\/?page_id=274682"},"modified":"2025-09-11T20:53:42","modified_gmt":"2025-09-11T20:53:42","slug":"weight-loss-surgery-safety","status":"publish","type":"page","link":"https:\/\/www.southcoast.org\/pt\/weight-loss-surgery-safety\/","title":{"rendered":"Seguran\u00e7a da cirurgia de perda de peso"},"content":{"rendered":"<div class=\"hero-secondary-block\">\n    <div class=\"background\" style=\"background-color: #E9F7F4\"><\/div>\n    <div class=\"container\">\n        <div class=\"grid\">\n            <div class=\"col-bleed-y\">\n                <div class=\"grid intro-text\">\n                    <img decoding=\"async\" class=\"corner-art\" src=\"https:\/\/www.southcoast.org\/wp-content\/themes\/southcoast_multisite\/images\/herobasic-corner-art.png\" alt=\"corner art\">\n                    <div class=\"col-md-9\">\n                                                                                                    <h1>Seguran\u00e7a da cirurgia de perda de peso<\/h1>\n                                                                            <div class=\"copy\">\n                                <p><span class=\"TextRun SCXW101634244 BCX8\" lang=\"EN-US\" xml:lang=\"EN-US\" data-contrast=\"none\"><span class=\"NormalTextRun SCXW101634244 BCX8\">Na Southcoast Health, a sua seguran\u00e7a \u00e9 a nossa principal prioridade. <\/span><\/span><\/p>\n                            <\/div>\n                                            <\/div>\n                    \n                <\/div>\n                <div class=\"image\">\n                                            <img decoding=\"async\" class=\"hero-img\" src=\"https:\/\/www.southcoast.org\/wp-content\/uploads\/2025\/09\/da-Vinci-Surgical-System-Robotic-Surgery-Weight-Loss-16-Danilo-Decio-scaled.jpg\" alt=\"\">\n                                    <\/div>\n                            <\/div>\n        <\/div>\n    <\/div>\n<\/div>\n\n\n<div  class=\"blockSettings  paddingTopMD paddingBottomSM copyFullFluid fullwidth light\" style=\"\">\t<div class=\"container\">\n\t\t<div class=\"grid\">\n            \t\t\t<div class=\"copyFullWrap\">\n\t\t\t\t<div class=\"col-sm-12\">\n                    <div class=\"maincopy\">\n                        <h2 id=\"h-are-you-eligible-for-weight-loss-surgery-at-southcoast-health\" class=\"wp-block-heading\"><span class=\"TextRun SCXW36573598 BCX8\" lang=\"EN-US\" xml:lang=\"EN-US\" data-contrast=\"none\"><span class=\"NormalTextRun SCXW36573598 BCX8\" data-ccp-parastyle=\"heading 2\">A sua seguran\u00e7a est\u00e1 em primeiro lugar na Southcoast Health<\/span><\/span><span class=\"EOP SCXW36573598 BCX8\" data-ccp-props=\"{&quot;134245418&quot;:true,&quot;134245529&quot;:true,&quot;335559738&quot;:160,&quot;335559739&quot;:80}\">\u00a0<\/span><\/h2>\n<p><span class=\"TextRun SCXW101634244 BCX8\" lang=\"EN-US\" xml:lang=\"EN-US\" data-contrast=\"none\"><span class=\"NormalTextRun SCXW101634244 BCX8\">Compreendemos que pensar numa cirurgia pode ser assustador, e \u00e9 por isso que garantimos uma equipa de cuidados de apoio total em todas as etapas do seu processo de cirurgia para perda de peso.<\/span><\/span><\/p>\n<h2>Cirurgias de perda de peso seguras e fi\u00e1veis<\/h2>\n<p>Oferecemos duas das op\u00e7\u00f5es de cirurgia de perda de peso mais fi\u00e1veis e eficazes dispon\u00edveis atualmente. Cada procedimento \u00e9 realizado por cirurgi\u00f5es altamente experientes num centro bari\u00e1trico acreditado a n\u00edvel nacional, seguindo protocolos de seguran\u00e7a rigorosos.<\/p>\n<p><a href=\"https:\/\/www.southcoast.org\/pt\/services\/weight-loss\/roux-en-y-gastric-bypass\/\"><strong>Bypass g\u00e1strico em Y de Roux (RYGB)<\/strong><\/a><\/p>\n<ul>\n<li data-leveltext=\"\uf0b7\" data-font=\"Symbol\" data-listid=\"1\" data-list-defn-props=\"{&quot;335552541&quot;:1,&quot;335559685&quot;:720,&quot;335559991&quot;:360,&quot;469769226&quot;:&quot;Symbol&quot;,&quot;469769242&quot;:[8226],&quot;469777803&quot;:&quot;left&quot;,&quot;469777804&quot;:&quot;\uf0b7&quot;,&quot;469777815&quot;:&quot;hybridMultilevel&quot;}\" data-aria-posinset=\"1\" data-aria-level=\"1\"><span data-contrast=\"none\"><strong>Baixo risco:<\/strong> Menos de 5 em cada 100 pessoas t\u00eam problemas, e a maioria s\u00e3o pequenos e f\u00e1ceis de tratar<\/span><\/li>\n<li data-leveltext=\"\uf0b7\" data-font=\"Symbol\" data-listid=\"1\" data-list-defn-props=\"{&quot;335552541&quot;:1,&quot;335559685&quot;:720,&quot;335559991&quot;:360,&quot;469769226&quot;:&quot;Symbol&quot;,&quot;469769242&quot;:[8226],&quot;469777803&quot;:&quot;left&quot;,&quot;469777804&quot;:&quot;\uf0b7&quot;,&quot;469777815&quot;:&quot;hybridMultilevel&quot;}\" data-aria-posinset=\"1\" data-aria-level=\"1\"><span data-contrast=\"none\"><strong>Muito seguro:<\/strong> A probabilidade de ocorr\u00eancia de problemas graves \u00e9 muito baixa (cerca de 1 em 1.000)<\/span><\/li>\n<li data-leveltext=\"\uf0b7\" data-font=\"Symbol\" data-listid=\"1\" data-list-defn-props=\"{&quot;335552541&quot;:1,&quot;335559685&quot;:720,&quot;335559991&quot;:360,&quot;469769226&quot;:&quot;Symbol&quot;,&quot;469769242&quot;:[8226],&quot;469777803&quot;:&quot;left&quot;,&quot;469777804&quot;:&quot;\uf0b7&quot;,&quot;469777815&quot;:&quot;hybridMultilevel&quot;}\" data-aria-posinset=\"1\" data-aria-level=\"1\"><span data-contrast=\"none\"><strong>Recupera\u00e7\u00e3o r\u00e1pida:<\/strong> A maioria das pessoas fica no hospital durante 2 dias e sente-se melhor em 2 a 4 semanas<\/span><\/li>\n<\/ul>\n<p><strong><a href=\"https:\/\/www.southcoast.org\/pt\/services\/weight-loss\/laparoscopic-sleeve-gastrectomy\/\">Gastrectomia em manga:\u00a0<\/a><\/strong><\/p>\n<ul>\n<li data-leveltext=\"\uf0b7\" data-font=\"Symbol\" data-listid=\"2\" data-list-defn-props=\"{&quot;335552541&quot;:1,&quot;335559685&quot;:720,&quot;335559991&quot;:360,&quot;469769226&quot;:&quot;Symbol&quot;,&quot;469769242&quot;:[8226],&quot;469777803&quot;:&quot;left&quot;,&quot;469777804&quot;:&quot;\uf0b7&quot;,&quot;469777815&quot;:&quot;hybridMultilevel&quot;}\" data-aria-posinset=\"1\" data-aria-level=\"1\"><span data-contrast=\"none\"><strong>Muito seguro:<\/strong> Apenas 1 a 3 em cada 100 pessoas t\u00eam problemas<\/span><\/li>\n<li data-leveltext=\"\uf0b7\" data-font=\"Symbol\" data-listid=\"2\" data-list-defn-props=\"{&quot;335552541&quot;:1,&quot;335559685&quot;:720,&quot;335559991&quot;:360,&quot;469769226&quot;:&quot;Symbol&quot;,&quot;469769242&quot;:[8226],&quot;469777803&quot;:&quot;left&quot;,&quot;469777804&quot;:&quot;\uf0b7&quot;,&quot;469777815&quot;:&quot;hybridMultilevel&quot;}\" data-aria-posinset=\"1\" data-aria-level=\"1\"><span data-contrast=\"none\"><strong>Baixo risco:<\/strong> Os problemas graves s\u00e3o raros (cerca de 1 em 1.000)<\/span><\/li>\n<li data-leveltext=\"\uf0b7\" data-font=\"Symbol\" data-listid=\"2\" data-list-defn-props=\"{&quot;335552541&quot;:1,&quot;335559685&quot;:720,&quot;335559991&quot;:360,&quot;469769226&quot;:&quot;Symbol&quot;,&quot;469769242&quot;:[8226],&quot;469777803&quot;:&quot;left&quot;,&quot;469777804&quot;:&quot;\uf0b7&quot;,&quot;469777815&quot;:&quot;hybridMultilevel&quot;}\" data-aria-posinset=\"1\" data-aria-level=\"1\"><span data-contrast=\"none\"><strong>Recupera\u00e7\u00e3o r\u00e1pida:<\/strong> A maioria das pessoas fica 1 a 2 dias no hospital e sente-se melhor em 2 a 3 semanas<\/span><\/li>\n<\/ul>\n<h2><span class=\"TextRun SCXW69217976 BCX8\" lang=\"EN-US\" xml:lang=\"EN-US\" data-contrast=\"none\"><span class=\"NormalTextRun SCXW69217976 BCX8\" data-ccp-parastyle=\"heading 2\">Uma equipa que se preocupa consigo<\/span><\/span><span class=\"EOP SCXW69217976 BCX8\" data-ccp-props=\"{&quot;134245418&quot;:true,&quot;134245529&quot;:true,&quot;335559738&quot;:160,&quot;335559739&quot;:80}\">\u00a0<\/span><\/h2>\n<p><span data-contrast=\"none\">Ter\u00e1 o apoio de toda uma equipa de especialistas da <a href=\"https:\/\/www.southcoast.org\/pt\/services\/weight-loss\/\">Perda de peso em Southcoast Health<\/a> que se preocupam com a sua sa\u00fade e sucesso:<\/span><span data-ccp-props=\"{&quot;134233117&quot;:false,&quot;134233118&quot;:false,&quot;335557856&quot;:16777215,&quot;335559738&quot;:120,&quot;335559739&quot;:60}\">\u00a0<\/span><\/p>\n<ul>\n<li><span data-contrast=\"none\"><strong>Pessoal do escrit\u00f3rio:<\/strong> Simp\u00e1ticos e prest\u00e1veis, certificam-se de que as suas consultas s\u00e3o marcadas e que as suas perguntas s\u00e3o respondidas<\/span><\/li>\n<li><span data-contrast=\"none\"><strong>Cirurgi\u00f5es:<\/strong> Os nossos m\u00e9dicos s\u00e3o altamente qualificados e experientes. Utilizam as ferramentas mais recentes e t\u00e9cnicas suaves para o ajudar a sarar mais rapidamente. Tamb\u00e9m dedicam tempo a ouvir e a responder \u00e0s suas perguntas.<\/span><span data-ccp-props=\"{&quot;134233117&quot;:false,&quot;134233118&quot;:false,&quot;335557856&quot;:16777215,&quot;335559738&quot;:0,&quot;335559739&quot;:0}\">\u00a0<\/span><\/li>\n<li><span data-contrast=\"none\"><strong>Enfermeiros e t\u00e9cnicos de enfermagem:<\/strong> Ajudam-no a compreender os seus cuidados e apoiam-no antes e depois da cirurgia<\/span><\/li>\n<li><span data-contrast=\"none\"><strong>Equipa de cuidados hospitalares:<\/strong> Estas s\u00e3o as pessoas que cuidam de si enquanto est\u00e1 no hospital<\/span><\/li>\n<li><span data-contrast=\"none\"><strong>Dietistas:<\/strong> Ensinam-nos a comer de forma saud\u00e1vel e ajudam-nos a elaborar um plano alimentar que funcione para n\u00f3s<\/span><\/li>\n<li><span data-contrast=\"none\"><strong>Assistentes sociais (LICSWs):<\/strong> Ajudam-no com o lado emocional da sua viagem e apoiam a sua sa\u00fade mental<\/span><\/li>\n<\/ul>\n<h2>Como o mantemos seguro<\/h2>\n<ul>\n<li data-leveltext=\"\uf0b7\" data-font=\"Symbol\" data-listid=\"4\" data-list-defn-props=\"{&quot;335552541&quot;:1,&quot;335559685&quot;:720,&quot;335559991&quot;:360,&quot;469769226&quot;:&quot;Symbol&quot;,&quot;469769242&quot;:[8226],&quot;469777803&quot;:&quot;left&quot;,&quot;469777804&quot;:&quot;\uf0b7&quot;,&quot;469777815&quot;:&quot;hybridMultilevel&quot;}\" data-aria-posinset=\"1\" data-aria-level=\"1\"><span data-contrast=\"none\"><strong>Controlos cuidadosos:<\/strong> Analisamos o seu estado de sa\u00fade antes da cirurgia para nos certificarmos de que \u00e9 segura para si<\/span><\/li>\n<li data-leveltext=\"\uf0b7\" data-font=\"Symbol\" data-listid=\"4\" data-list-defn-props=\"{&quot;335552541&quot;:1,&quot;335559685&quot;:720,&quot;335559991&quot;:360,&quot;469769226&quot;:&quot;Symbol&quot;,&quot;469769242&quot;:[8226],&quot;469777803&quot;:&quot;left&quot;,&quot;469777804&quot;:&quot;\uf0b7&quot;,&quot;469777815&quot;:&quot;hybridMultilevel&quot;}\" data-aria-posinset=\"1\" data-aria-level=\"1\"><span data-contrast=\"none\"><strong>Ferramentas modernas:<\/strong> Utilizamos a mais recente tecnologia, incluindo a cirurgia rob\u00f3tica, para tornar a cirurgia mais segura e a recupera\u00e7\u00e3o mais r\u00e1pida<\/span><\/li>\n<li data-leveltext=\"\uf0b7\" data-font=\"Symbol\" data-listid=\"4\" data-list-defn-props=\"{&quot;335552541&quot;:1,&quot;335559685&quot;:720,&quot;335559991&quot;:360,&quot;469769226&quot;:&quot;Symbol&quot;,&quot;469769242&quot;:[8226],&quot;469777803&quot;:&quot;left&quot;,&quot;469777804&quot;:&quot;\uf0b7&quot;,&quot;469777815&quot;:&quot;hybridMultilevel&quot;}\" data-aria-posinset=\"1\" data-aria-level=\"1\"><span data-contrast=\"none\"><strong>Cirurgi\u00f5es especialistas:<\/strong> Os nossos m\u00e9dicos s\u00e3o competentes e atenciosos<\/span><\/li>\n<li data-leveltext=\"\uf0b7\" data-font=\"Symbol\" data-listid=\"4\" data-list-defn-props=\"{&quot;335552541&quot;:1,&quot;335559685&quot;:720,&quot;335559991&quot;:360,&quot;469769226&quot;:&quot;Symbol&quot;,&quot;469769242&quot;:[8226],&quot;469777803&quot;:&quot;left&quot;,&quot;469777804&quot;:&quot;\uf0b7&quot;,&quot;469777815&quot;:&quot;hybridMultilevel&quot;}\" data-aria-posinset=\"1\" data-aria-level=\"1\"><span data-contrast=\"none\"><strong>Apoio pessoal:<\/strong> Estamos consigo em cada passo do caminho - desde a sua primeira visita at\u00e9 \u00e0 sua recupera\u00e7\u00e3o<\/span><\/li>\n<li data-leveltext=\"\uf0b7\" data-font=\"Symbol\" data-listid=\"4\" data-list-defn-props=\"{&quot;335552541&quot;:1,&quot;335559685&quot;:720,&quot;335559991&quot;:360,&quot;469769226&quot;:&quot;Symbol&quot;,&quot;469769242&quot;:[8226],&quot;469777803&quot;:&quot;left&quot;,&quot;469777804&quot;:&quot;\uf0b7&quot;,&quot;469777815&quot;:&quot;hybridMultilevel&quot;}\" data-aria-posinset=\"1\" data-aria-level=\"1\"><span data-contrast=\"none\"><strong>Ajuda a longo prazo:<\/strong> Continuamos a ajud\u00e1-lo ap\u00f3s a cirurgia com sugest\u00f5es de alimenta\u00e7\u00e3o, orienta\u00e7\u00e3o sobre o estilo de vida e visitas de controlo<\/span><\/li>\n<\/ul>\n<p><strong><span class=\"TextRun SCXW11176963 BCX8\" lang=\"EN-US\" xml:lang=\"EN-US\" data-contrast=\"none\"><span class=\"NormalTextRun SCXW11176963 BCX8\" data-ccp-parastyle=\"heading 2\">Pronto para iniciar a sua jornada de perda de peso com a Southcoast Health?<\/span><\/span><span class=\"EOP SCXW11176963 BCX8\" data-ccp-props=\"{&quot;134245418&quot;:true,&quot;134245529&quot;:true,&quot;335559738&quot;:160,&quot;335559739&quot;:80}\">\u00a0<\/span><\/strong><\/p>\n<p>Veja se est\u00e1 <a href=\"https:\/\/www.southcoast.org\/pt\/weight-loss-surgery-eligibility\/\">eleg\u00edvel para cirurgia de perda de peso<\/a> e contacte-nos hoje para agendar uma consulta ou para saber mais sobre como a cirurgia de perda de peso o pode ajudar a atingir os seus objectivos de sa\u00fade.<\/p>\n                    <\/div>\n\n                    \n                    <div class=\"ctaWrap ctaCenter\">\n                                                                                        <a aria-label=\"liga\u00e7\u00e3o para Pedir mais informa\u00e7\u00f5es\" class=\"mainCTA shadow light1 ctaRight\" href=\"https:\/\/www.southcoast.org\/pt\/weight-loss-request-more-information\/\" target=\"_blank\" title=\"Abre o pedido de mais informa\u00e7\u00f5es num novo separador ou janela\" rel=\"noopener noreferrer\">Pedir mais informa\u00e7\u00f5es<span class=\"fa-regular fa-up-right-from-square\"><\/span><\/a>                                                                                    \n                                                                                                                            <\/div>\n\n\t\t\t\t<\/div>\n\t\t\t<\/div>\n            \n\n            \n\n            \t\t<\/div>\n\t<\/div>\n<\/div>","protected":false},"excerpt":{"rendered":"","protected":false},"author":11,"featured_media":0,"parent":0,"menu_order":0,"comment_status":"closed","ping_status":"closed","template":"","meta":{"_acf_changed":false,"footnotes":""},"class_list":["post-274682","page","type-page","status-publish","hentry"],"acf":[],"yoast_head":"<!-- This site is optimized with the Yoast SEO plugin v26.0 - https:\/\/yoast.com\/wordpress\/plugins\/seo\/ -->\n<title>Weight Loss Surgery Safety - Southcoast Health<\/title>\n<meta name=\"description\" content=\"At Southcoast Health Weight Loss, we are here to help you feel safe and supported throughout your whole process.\" \/>\n<meta name=\"robots\" content=\"index, follow, max-snippet:-1, max-image-preview:large, max-video-preview:-1\" \/>\n<link rel=\"canonical\" href=\"https:\/\/www.southcoast.org\/pt\/weight-loss-surgery-safety\/\" \/>\n<meta property=\"og:locale\" content=\"pt_PT\" \/>\n<meta property=\"og:type\" content=\"article\" \/>\n<meta property=\"og:title\" content=\"Weight Loss Surgery Safety - Southcoast Health\" \/>\n<meta property=\"og:description\" content=\"At Southcoast Health Weight Loss, we are here to help you feel safe and supported throughout your whole process.\" \/>\n<meta property=\"og:url\" content=\"https:\/\/www.southcoast.org\/pt\/weight-loss-surgery-safety\/\" \/>\n<meta property=\"og:site_name\" content=\"Southcoast Health\" \/>\n<meta property=\"article:modified_time\" content=\"2025-09-11T20:53:42+00:00\" \/>\n<meta name=\"twitter:card\" content=\"summary_large_image\" \/>\n<script type=\"application\/ld+json\" class=\"yoast-schema-graph\">{\"@context\":\"https:\/\/schema.org\",\"@graph\":[{\"@type\":\"WebPage\",\"@id\":\"https:\/\/www.southcoast.org\/weight-loss-surgery-safety\/\",\"url\":\"https:\/\/www.southcoast.org\/weight-loss-surgery-safety\/\",\"name\":\"Weight Loss Surgery Safety - Southcoast Health\",\"isPartOf\":{\"@id\":\"https:\/\/www.southcoast.org\/#website\"},\"datePublished\":\"2025-09-11T15:45:20+00:00\",\"dateModified\":\"2025-09-11T20:53:42+00:00\",\"description\":\"At Southcoast Health Weight Loss, we are here to help you feel safe and supported throughout your whole process.\",\"breadcrumb\":{\"@id\":\"https:\/\/www.southcoast.org\/weight-loss-surgery-safety\/#breadcrumb\"},\"inLanguage\":\"pt-PT\",\"potentialAction\":[{\"@type\":\"ReadAction\",\"target\":[\"https:\/\/www.southcoast.org\/weight-loss-surgery-safety\/\"]}]},{\"@type\":\"BreadcrumbList\",\"@id\":\"https:\/\/www.southcoast.org\/weight-loss-surgery-safety\/#breadcrumb\",\"itemListElement\":[{\"@type\":\"ListItem\",\"position\":1,\"name\":\"\",\"item\":\"https:\/\/www.southcoast.org\/\"},{\"@type\":\"ListItem\",\"position\":2,\"name\":\"Weight Loss Surgery Safety\"}]},{\"@type\":\"WebSite\",\"@id\":\"https:\/\/www.southcoast.org\/#website\",\"url\":\"https:\/\/www.southcoast.org\/\",\"name\":\"Southcoast Health\",\"description\":\"More than medicine.\",\"potentialAction\":[{\"@type\":\"SearchAction\",\"target\":{\"@type\":\"EntryPoint\",\"urlTemplate\":\"https:\/\/www.southcoast.org\/?s={search_term_string}\"},\"query-input\":{\"@type\":\"PropertyValueSpecification\",\"valueRequired\":true,\"valueName\":\"search_term_string\"}}],\"inLanguage\":\"pt-PT\"}]}<\/script>\n<!-- \/ Yoast SEO plugin. -->","yoast_head_json":{"title":"Seguran\u00e7a na cirurgia de perda de peso - Southcoast Health","description":"Na Southcoast Health Weight Loss, estamos aqui para o ajudar a sentir-se seguro e apoiado durante todo o processo.","robots":{"index":"index","follow":"follow","max-snippet":"max-snippet:-1","max-image-preview":"max-image-preview:large","max-video-preview":"max-video-preview:-1"},"canonical":"https:\/\/www.southcoast.org\/pt\/weight-loss-surgery-safety\/","og_locale":"pt_PT","og_type":"article","og_title":"Weight Loss Surgery Safety - Southcoast Health","og_description":"At Southcoast Health Weight Loss, we are here to help you feel safe and supported throughout your whole process.","og_url":"https:\/\/www.southcoast.org\/pt\/weight-loss-surgery-safety\/","og_site_name":"Southcoast Health","article_modified_time":"2025-09-11T20:53:42+00:00","twitter_card":"summary_large_image","schema":{"@context":"https:\/\/schema.org","@graph":[{"@type":"WebPage","@id":"https:\/\/www.southcoast.org\/weight-loss-surgery-safety\/","url":"https:\/\/www.southcoast.org\/weight-loss-surgery-safety\/","name":"Seguran\u00e7a na cirurgia de perda de peso - Southcoast Health","isPartOf":{"@id":"https:\/\/www.southcoast.org\/#website"},"datePublished":"2025-09-11T15:45:20+00:00","dateModified":"2025-09-11T20:53:42+00:00","description":"Na Southcoast Health Weight Loss, estamos aqui para o ajudar a sentir-se seguro e apoiado durante todo o processo.","breadcrumb":{"@id":"https:\/\/www.southcoast.org\/weight-loss-surgery-safety\/#breadcrumb"},"inLanguage":"pt-PT","potentialAction":[{"@type":"ReadAction","target":["https:\/\/www.southcoast.org\/weight-loss-surgery-safety\/"]}]},{"@type":"BreadcrumbList","@id":"https:\/\/www.southcoast.org\/weight-loss-surgery-safety\/#breadcrumb","itemListElement":[{"@type":"ListItem","position":1,"name":"","item":"https:\/\/www.southcoast.org\/"},{"@type":"ListItem","position":2,"name":"Weight Loss Surgery Safety"}]},{"@type":"WebSite","@id":"https:\/\/www.southcoast.org\/#website","url":"https:\/\/www.southcoast.org\/","name":"Sa\u00fade no Sudeste","description":"Mais do que medicamentos.","potentialAction":[{"@type":"SearchAction","target":{"@type":"EntryPoint","urlTemplate":"https:\/\/www.southcoast.org\/?s={search_term_string}"},"query-input":{"@type":"PropertyValueSpecification","valueRequired":true,"valueName":"search_term_string"}}],"inLanguage":"pt-PT"}]}},"_links":{"self":[{"href":"https:\/\/www.southcoast.org\/pt\/wp-json\/wp\/v2\/pages\/274682","targetHints":{"allow":["GET"]}}],"collection":[{"href":"https:\/\/www.southcoast.org\/pt\/wp-json\/wp\/v2\/pages"}],"about":[{"href":"https:\/\/www.southcoast.org\/pt\/wp-json\/wp\/v2\/types\/page"}],"author":[{"embeddable":true,"href":"https:\/\/www.southcoast.org\/pt\/wp-json\/wp\/v2\/users\/11"}],"replies":[{"embeddable":true,"href":"https:\/\/www.southcoast.org\/pt\/wp-json\/wp\/v2\/comments?post=274682"}],"version-history":[{"count":7,"href":"https:\/\/www.southcoast.org\/pt\/wp-json\/wp\/v2\/pages\/274682\/revisions"}],"predecessor-version":[{"id":274692,"href":"https:\/\/www.southcoast.org\/pt\/wp-json\/wp\/v2\/pages\/274682\/revisions\/274692"}],"wp:attachment":[{"href":"https:\/\/www.southcoast.org\/pt\/wp-json\/wp\/v2\/media?parent=274682"}],"curies":[{"name":"wp","href":"https:\/\/api.w.org\/{rel}","templated":true}]}}