{"id":273561,"date":"2025-09-05T16:54:10","date_gmt":"2025-09-05T16:54:10","guid":{"rendered":"https:\/\/live-southcoast-health-multi.southcoast-health.org\/?page_id=273561"},"modified":"2025-09-08T18:05:29","modified_gmt":"2025-09-08T18:05:29","slug":"weight-loss-surgery-eligibility","status":"publish","type":"page","link":"https:\/\/www.southcoast.org\/pt\/weight-loss-surgery-eligibility\/","title":{"rendered":"Elegibilidade para cirurgia de perda de peso"},"content":{"rendered":"<div  class=\"blockSettings  paddingTopMD paddingBottomSM copyFullFluid fullwidth light\" style=\"\">\t<div class=\"container\">\n\t\t<div class=\"grid\">\n            \t\t\t<div class=\"copyFullWrap\">\n\t\t\t\t<div class=\"col-sm-12\">\n                    <div class=\"maincopy\">\n                        <h2 id=\"h-are-you-eligible-for-weight-loss-surgery-at-southcoast-health\" class=\"wp-block-heading\">Voc\u00ea \u00e9 eleg\u00edvel para a cirurgia de perda de peso na Southcoast Health?<\/h2>\n<p>A cirurgia de perda de peso n\u00e3o \u00e9 adequada para toda a gente e requer um compromisso vital\u00edcio com a sua sa\u00fade. Na Southcoast Health, trabalhamos para garantir que fornecemos programas de perda de peso que satisfazem as necessidades \u00fanicas dos nossos pacientes. \u00c9 por isso que temos condi\u00e7\u00f5es selecionadas para os interessados nos nossos programas de perda de peso no sudeste de Massachusetts.<\/p>\n<p>Para ser considerado candidato a uma cirurgia, deve preencher os seguintes requisitos:<\/p>\n<ul class=\"wp-block-list\">\n<li><a href=\"http:\/\/www.nhlbi.nih.gov\/health\/educational\/lose_wt\/BMI\/bmicalc.htm\" target=\"_blank\" rel=\"noopener noreferrer\">\u00cdndice de massa corporal<\/a>\u00a0calculadora (IMC) de 35 ou mais<\/li>\n<li>18 anos ou mais<\/li>\n<li>N\u00e3o fumadores<\/li>\n<li>Sem perturba\u00e7\u00e3o ou doen\u00e7a ativa relacionada com o consumo de subst\u00e2ncias<\/li>\n<li>Psicologicamente est\u00e1vel<\/li>\n<li>Tentativas anteriores falhadas de perda de peso<\/li>\n<\/ul>\n<p>Tamb\u00e9m exigimos que todos os nossos pacientes revejam e assinem um contrato de paciente para garantir que todos os nossos pacientes compreendem o compromisso da cirurgia de perda de peso.<\/p>\n<h2 id=\"h-insurance-for-weight-loss-surgery\" class=\"wp-block-heading\">Seguro para cirurgia de perda de peso<\/h2>\n<p>Antes de proceder \u00e0 cirurgia de perda de peso em Fall River ou Wareham, MA, \u00e9 importante determinar o que o seu seguro ir\u00e1 cobrir.<\/p>\n<p>Para garantir o processo mais eficiente, contacte a sua seguradora e coloque as seguintes quest\u00f5es:<\/p>\n<ul class=\"wp-block-list\">\n<li><strong>Quais s\u00e3o os crit\u00e9rios necess\u00e1rios para proceder a uma cirurgia de perda de peso?<\/strong><\/li>\n<li><strong>Existem exclus\u00f5es?<\/strong><\/li>\n<\/ul>\n<p>A maioria dos provedores de seguros tem requisitos espec\u00edficos que devem ser cumpridos para obter cobertura para a cirurgia bari\u00e1trica. A nossa equipa criou um guia geral para alguns dos fornecedores mais comuns para ajudar a facilitar este processo.<\/p>\n<h2 id=\"h-find-out-more-about-weight-loss-surgery-in-ma-amp-ri\" class=\"wp-block-heading\">Saiba mais sobre a cirurgia de perda de peso em MA e RI<\/h2>\n<p>Descubra o controlo e a confian\u00e7a sobre o seu peso consultando um\u00a0<a href=\"https:\/\/www.southcoast.org\/pt\/doctors\/\">m\u00e9dico<\/a>\u00a0na Southcoast Health sobre as suas op\u00e7\u00f5es de cirurgia de perda de peso. N\u00f3s tamb\u00e9m oferecemos\u00a0<a href=\"https:\/\/www.southcoast.org\/pt\/free-southcoast-health-online-weight-loss-seminar\/\">sess\u00f5es de informa\u00e7\u00e3o<\/a>\u00a0sobre os nossos programas de perda de peso e\u00a0<a href=\"https:\/\/www.southcoast.org\/pt\/support-groups-2\/\">grupos de apoio<\/a>\u00a0para as pessoas que se submetem a um tratamento no Southcoast Center for Weight Loss.<\/p>\n<p><em>Encontre todos os recursos de que necessita para perder peso no The Southcoast Center for Weight Loss, que serve pacientes em Fall River, Dartmouth, New Bedford e Wareham e \u00e1reas circundantes de MA e RI.<\/em><\/p>\n                    <\/div>\n\n                    \n                    <div class=\"ctaWrap ctaCenter\">\n                                                                                        <a aria-label=\"liga\u00e7\u00e3o para Pedir mais informa\u00e7\u00f5es\" class=\"mainCTA shadow light1 ctaRight\" href=\"https:\/\/www.southcoast.org\/pt\/weight-loss-request-more-information\/\" target=\"_blank\" title=\"Abre o pedido de mais informa\u00e7\u00f5es num novo separador ou janela\" rel=\"noopener noreferrer\">Pedir mais informa\u00e7\u00f5es<span class=\"fa-regular fa-up-right-from-square\"><\/span><\/a>                                                                                    \n                                                                                                                            <\/div>\n\n\t\t\t\t<\/div>\n\t\t\t<\/div>\n            \n\n            \n\n            \t\t<\/div>\n\t<\/div>\n<\/div>","protected":false},"excerpt":{"rendered":"","protected":false},"author":11,"featured_media":0,"parent":0,"menu_order":0,"comment_status":"closed","ping_status":"closed","template":"","meta":{"_acf_changed":false,"footnotes":""},"class_list":["post-273561","page","type-page","status-publish","hentry"],"acf":[],"yoast_head":"<!-- This site is optimized with the Yoast SEO plugin v26.0 - https:\/\/yoast.com\/wordpress\/plugins\/seo\/ -->\n<title>Weight Loss Surgery Eligibility - Southcoast Health<\/title>\n<meta name=\"robots\" content=\"index, follow, max-snippet:-1, max-image-preview:large, max-video-preview:-1\" \/>\n<link rel=\"canonical\" href=\"https:\/\/www.southcoast.org\/pt\/weight-loss-surgery-eligibility\/\" \/>\n<meta property=\"og:locale\" content=\"pt_PT\" \/>\n<meta property=\"og:type\" content=\"article\" \/>\n<meta property=\"og:title\" content=\"Weight Loss Surgery Eligibility - Southcoast Health\" \/>\n<meta property=\"og:url\" content=\"https:\/\/www.southcoast.org\/pt\/weight-loss-surgery-eligibility\/\" \/>\n<meta property=\"og:site_name\" content=\"Southcoast Health\" \/>\n<meta property=\"article:modified_time\" content=\"2025-09-08T18:05:29+00:00\" \/>\n<meta name=\"twitter:card\" content=\"summary_large_image\" \/>\n<script type=\"application\/ld+json\" class=\"yoast-schema-graph\">{\"@context\":\"https:\/\/schema.org\",\"@graph\":[{\"@type\":\"WebPage\",\"@id\":\"https:\/\/www.southcoast.org\/weight-loss-surgery-eligibility\/\",\"url\":\"https:\/\/www.southcoast.org\/weight-loss-surgery-eligibility\/\",\"name\":\"Weight Loss Surgery Eligibility - Southcoast Health\",\"isPartOf\":{\"@id\":\"https:\/\/www.southcoast.org\/#website\"},\"datePublished\":\"2025-09-05T16:54:10+00:00\",\"dateModified\":\"2025-09-08T18:05:29+00:00\",\"breadcrumb\":{\"@id\":\"https:\/\/www.southcoast.org\/weight-loss-surgery-eligibility\/#breadcrumb\"},\"inLanguage\":\"pt-PT\",\"potentialAction\":[{\"@type\":\"ReadAction\",\"target\":[\"https:\/\/www.southcoast.org\/weight-loss-surgery-eligibility\/\"]}]},{\"@type\":\"BreadcrumbList\",\"@id\":\"https:\/\/www.southcoast.org\/weight-loss-surgery-eligibility\/#breadcrumb\",\"itemListElement\":[{\"@type\":\"ListItem\",\"position\":1,\"name\":\"\",\"item\":\"https:\/\/www.southcoast.org\/\"},{\"@type\":\"ListItem\",\"position\":2,\"name\":\"Weight Loss Surgery Eligibility\"}]},{\"@type\":\"WebSite\",\"@id\":\"https:\/\/www.southcoast.org\/#website\",\"url\":\"https:\/\/www.southcoast.org\/\",\"name\":\"Southcoast Health\",\"description\":\"More than medicine.\",\"potentialAction\":[{\"@type\":\"SearchAction\",\"target\":{\"@type\":\"EntryPoint\",\"urlTemplate\":\"https:\/\/www.southcoast.org\/?s={search_term_string}\"},\"query-input\":{\"@type\":\"PropertyValueSpecification\",\"valueRequired\":true,\"valueName\":\"search_term_string\"}}],\"inLanguage\":\"pt-PT\"}]}<\/script>\n<!-- \/ Yoast SEO plugin. -->","yoast_head_json":{"title":"Weight Loss Surgery Eligibility - Southcoast Health","robots":{"index":"index","follow":"follow","max-snippet":"max-snippet:-1","max-image-preview":"max-image-preview:large","max-video-preview":"max-video-preview:-1"},"canonical":"https:\/\/www.southcoast.org\/pt\/weight-loss-surgery-eligibility\/","og_locale":"pt_PT","og_type":"article","og_title":"Weight Loss Surgery Eligibility - Southcoast Health","og_url":"https:\/\/www.southcoast.org\/pt\/weight-loss-surgery-eligibility\/","og_site_name":"Southcoast Health","article_modified_time":"2025-09-08T18:05:29+00:00","twitter_card":"summary_large_image","schema":{"@context":"https:\/\/schema.org","@graph":[{"@type":"WebPage","@id":"https:\/\/www.southcoast.org\/weight-loss-surgery-eligibility\/","url":"https:\/\/www.southcoast.org\/weight-loss-surgery-eligibility\/","name":"Weight Loss Surgery Eligibility - Southcoast Health","isPartOf":{"@id":"https:\/\/www.southcoast.org\/#website"},"datePublished":"2025-09-05T16:54:10+00:00","dateModified":"2025-09-08T18:05:29+00:00","breadcrumb":{"@id":"https:\/\/www.southcoast.org\/weight-loss-surgery-eligibility\/#breadcrumb"},"inLanguage":"pt-PT","potentialAction":[{"@type":"ReadAction","target":["https:\/\/www.southcoast.org\/weight-loss-surgery-eligibility\/"]}]},{"@type":"BreadcrumbList","@id":"https:\/\/www.southcoast.org\/weight-loss-surgery-eligibility\/#breadcrumb","itemListElement":[{"@type":"ListItem","position":1,"name":"","item":"https:\/\/www.southcoast.org\/"},{"@type":"ListItem","position":2,"name":"Weight Loss Surgery Eligibility"}]},{"@type":"WebSite","@id":"https:\/\/www.southcoast.org\/#website","url":"https:\/\/www.southcoast.org\/","name":"Sa\u00fade no Sudeste","description":"Mais do que medicamentos.","potentialAction":[{"@type":"SearchAction","target":{"@type":"EntryPoint","urlTemplate":"https:\/\/www.southcoast.org\/?s={search_term_string}"},"query-input":{"@type":"PropertyValueSpecification","valueRequired":true,"valueName":"search_term_string"}}],"inLanguage":"pt-PT"}]}},"_links":{"self":[{"href":"https:\/\/www.southcoast.org\/pt\/wp-json\/wp\/v2\/pages\/273561","targetHints":{"allow":["GET"]}}],"collection":[{"href":"https:\/\/www.southcoast.org\/pt\/wp-json\/wp\/v2\/pages"}],"about":[{"href":"https:\/\/www.southcoast.org\/pt\/wp-json\/wp\/v2\/types\/page"}],"author":[{"embeddable":true,"href":"https:\/\/www.southcoast.org\/pt\/wp-json\/wp\/v2\/users\/11"}],"replies":[{"embeddable":true,"href":"https:\/\/www.southcoast.org\/pt\/wp-json\/wp\/v2\/comments?post=273561"}],"version-history":[{"count":2,"href":"https:\/\/www.southcoast.org\/pt\/wp-json\/wp\/v2\/pages\/273561\/revisions"}],"predecessor-version":[{"id":273564,"href":"https:\/\/www.southcoast.org\/pt\/wp-json\/wp\/v2\/pages\/273561\/revisions\/273564"}],"wp:attachment":[{"href":"https:\/\/www.southcoast.org\/pt\/wp-json\/wp\/v2\/media?parent=273561"}],"curies":[{"name":"wp","href":"https:\/\/api.w.org\/{rel}","templated":true}]}}