{"id":22667,"date":"2025-08-11T20:48:29","date_gmt":"2025-08-11T20:48:29","guid":{"rendered":"https:\/\/test-southcoast-health-multi.southcoast-health.org\/?page_id=22667"},"modified":"2025-11-18T14:40:04","modified_gmt":"2025-11-18T19:40:04","slug":"ion-robotic-assisted-endoluminal-system","status":"publish","type":"page","link":"https:\/\/www.southcoast.org\/pt\/ion-robotic-assisted-endoluminal-system\/","title":{"rendered":"Sistema Endoluminal Assistido por Rob\u00f4 Ion"},"content":{"rendered":"<div  class=\"blockSettings  paddingTopSM paddingBottomSM heroBasicFluid darkTheme\" style=\"background-image:url(https:\/\/www.southcoast.org\/wp-content\/uploads\/2025\/11\/Introducing-Ion-by-Intuitive-Advancing-lung-biopsy-capability.jpg);background-size:cover;background-position:center center;\"><div class=\"overlay\"><\/div><div class=\"container\">\n            <div class=\"grid\">\n            <div class=\"col-sm-12 col-bleed-y\">\n                <div class=\"Left\">\n                    <div class=\"breadcrumbsWrapper desktop-breadcrumbs\"><nav id=\"breadcrumbs\" aria-label=\"P\u00e3o ralado\"><ol><li><a href=\"https:\/\/www.southcoast.org\/pt\/\"><i class=\"fa-light fa-house\"><\/i><span class=\"visually-hidden\">In\u00edcio<\/span><\/a><\/li><\/ol><\/nav><\/div><div class=\"breadcrumbsWrapper mobile-breadcrumbs\"><p id=\"mobile-breadcrumbs\" class=\"mobile-back-nav\"><span><span><a href=\"#\" onclick=\"return handleBackNavigation();\"><i class=\"fa-solid fa-chevron-left back-arrow\"><\/i> Voltar<\/a><\/span><\/span><\/p>\t\t<script>\n\t\t\tfunction handleBackNavigation() {\n\t\t\t\tif (window.history.length > 1) {\n\t\t\t\t\twindow.history.back();\n\t\t\t\t} else {\n\t\t\t\t\twindow.location.href = 'https:\/\/www.southcoast.org\/pt';\n\t\t\t\t}\n\t\t\t\treturn false;\n\t\t\t}\n\t\t<\/script>\n<\/div>                <\/div>\n            <\/div>\n        <\/div>\n        <div class=\"grid\">\n        <div class=\"col-sm-9\">\n            <div class=\"Left\">\n\n                    <div class=\"mainCopyWrap\">\n            <h1>Uma abordagem minimamente invasiva \u00e0 biopsia pulmonar e ao tratamento do cancro<\/h1>\n        <\/div>\n    \n                \n            <\/div>\n        <\/div>\n    <\/div>\n<\/div>\n    <div class=\"cornerArtWrapper cornerArt-small\">\n        <img decoding=\"async\" class=\"cornerArt\" src=\"https:\/\/www.southcoast.org\/wp-content\/themes\/southcoast_multisite\/images\/corner-art.svg\" alt=\"\">\n    <\/div>\n<\/div>\n\n\n\n\n<div  class=\"blockSettings  paddingTopSM paddingBottomSM multiple-media-object-block light\" style=\"\"><div class=\"container\">\n    <div class=\"grid\">\n        <div class=\"col-sm-12\">\n            <div class=\"inner right disc\">\n                <div class=\"copy\">\n                        <div class=\"mainCopyWrap\">\n            <h2>Mais precis\u00e3o, mais alcance e mais estabilidade<\/h2>\n    <div class=\"paragraphWrap\"><p>O Ion foi concebido para abordar um aspeto dif\u00edcil da bi\u00f3psia pulmonar, permitindo aos nossos cirurgi\u00f5es obter amostras de tecido a partir da profundidade do pulm\u00e3o. Os doentes tamb\u00e9m beneficiam do diagn\u00f3stico e do tratamento no mesmo dia, em vez de fazerem primeiro a biopsia e marcarem a cirurgia para uma data posterior.<\/p>\n<p class=\"wp-block-heading\"><strong>Como funciona<\/strong><\/p>\n<p>Durante a broncoscopia com o Ion, o m\u00e9dico utiliza o controlador para navegar at\u00e9 ao alvo ao longo de um percurso planeado. O cateter pode articular-se 180\u00b0 em qualquer dire\u00e7\u00e3o para passar atrav\u00e9s de vias a\u00e9reas pequenas e dif\u00edceis de navegar e em curvas apertadas para alcan\u00e7ar todos os 18 segmentos do pulm\u00e3o.<\/p>\n<p class=\"wp-block-heading\"><strong>Risco reduzido<\/strong><\/p>\n<p>Esta nova tecnologia pode reduzir ou evitar as complica\u00e7\u00f5es de abordagens mais invasivas \u00e0 bi\u00f3psia, como o colapso pulmonar ou o pneumot\u00f3rax, melhorar os resultados dos doentes e proporcionar uma melhor via de tratamento para os doentes.<\/p>\n<p>O Ion \u00e9 fabricado pela Intuitive, a empresa que fabrica o\u00a0<a href=\"https:\/\/www.southcoast.org\/pt\/services\/surgical-services\/da-vinci-surgical-robot\/\">sistema cir\u00fargico da Vinci<\/a>e baseia-se em mais de duas d\u00e9cadas de lideran\u00e7a em tecnologia assistida por rob\u00f3tica.<\/p>\n<p>&nbsp;<\/p>\n<\/div>    <\/div>\n    \n                <\/div>\n                <div class=\"images\">\n                                            <img decoding=\"async\" class=\"first\" src=\"https:\/\/www.southcoast.org\/wp-content\/uploads\/2025\/08\/Galvanized-Therapeutics-Aliya-Lung-Cancer-Cancer-Care-81-scaled.jpg\" alt=\"\">\n                                                                <img decoding=\"async\" class=\"second\" src=\"https:\/\/www.southcoast.org\/wp-content\/uploads\/2025\/08\/Galvanized-Therapeutics-Aliya-Lung-Cancer-Cancer-Care-05-scaled.jpg\" alt=\"\">\n                                                                <img decoding=\"async\" class=\"third\" src=\"https:\/\/www.southcoast.org\/wp-content\/uploads\/2025\/08\/ION-Technology-4-scaled.jpg\" alt=\"\">\n                                    <\/div>\n\n            <\/div>\n        <\/div>\n    <\/div>\n<\/div>\n<\/div>\n\n\n<div  class=\"blockSettings  paddingTopSM paddingBottomSM cardIconsFluid cardIconsImageFluid light\" style=\"background-color:#E9F7F4;\">\t<div class=\"container\">\n\t\t\t\t\t<div class=\"grid align-end introLeft\">\n\t\t\t\t<div class=\"col-sm-7 col-md-7\">\n\t\t\t\t\t<div class=\"maincopy intro\">\n\t\t\t\t\t\t<h2>Vantagens da broncoscopia com i\u00f5es<\/h2>\n\t\t\t\t\t\t\t\t\t\t\t<\/div>\n\t\t\t\t<\/div>\n\t\t\t\t<div class=\"col-sm-5 col-md-5 introLeftColumn\">\n\t\t\t\t\t\t\t\t\t\t\t\t\t\t\t\t\t\t\t\t\t\t                                                                                        \t\t\t\t<\/div>\n\t\t\t<\/div>\n\t\t\n\t\t\t\t\t<!--Manual Cards-->\n\t\t\t<div class=\"grid smallGrid\">\n\t\t\t\t\t\t\t\t\t\t\t<div class=\"col-sm-6 col-md-6 col-grid\">\n\t\t\t\t\t\t\t\t<div class=\"cardBasic  Left Horizontal\">\n\t\t\t\t\t\t\t\t\t<span class='icon image-icon'><img loading=\"lazy\" decoding=\"async\" width=\"1251\" height=\"1251\" src=\"https:\/\/www.southcoast.org\/wp-content\/uploads\/2025\/08\/Early-Detection-Icon.png\" class=\"attachment-full size-full\" alt=\"Magnifying glass icon with heartbeat line, symbolizing early detection.\" srcset=\"https:\/\/www.southcoast.org\/wp-content\/uploads\/2025\/08\/Early-Detection-Icon.png 1251w, https:\/\/www.southcoast.org\/wp-content\/uploads\/2025\/08\/Early-Detection-Icon-300x300.png 300w, https:\/\/www.southcoast.org\/wp-content\/uploads\/2025\/08\/Early-Detection-Icon-1024x1024.png 1024w, https:\/\/www.southcoast.org\/wp-content\/uploads\/2025\/08\/Early-Detection-Icon-150x150.png 150w, https:\/\/www.southcoast.org\/wp-content\/uploads\/2025\/08\/Early-Detection-Icon-768x768.png 768w\" sizes=\"auto, (max-width: 1251px) 100vw, 1251px\" \/><\/span>\t\t\t\t\t\t\t\t\t\t\t\t\t\t\t\t\t\t\n\t\t\t\t\t\t\t\t\t<div class=\"cardBasicBody\">\n\t\t\t\t\t\t\t\t\t\t<div class=\"cardBasicBodyTitle\" role=\"title\">Dete\u00e7\u00e3o precoce <\/div>\n\t\t\t\t\t\t\t\t\t\t\t\t\t\t\t\t\t\t\t\t\t\t\t\t\t\t\t\t\t<\/div>\n\t\t\t\t\t\t\t\t<\/div>\n\t\t\t\t\t\t\t<\/div>\n\t\t\t\t\t\t\t\t\t\t\t\t<div class=\"col-sm-6 col-md-6 col-grid\">\n\t\t\t\t\t\t\t\t<div class=\"cardBasic  Left Horizontal\">\n\t\t\t\t\t\t\t\t\t<span class='icon image-icon'><img loading=\"lazy\" decoding=\"async\" width=\"1251\" height=\"1251\" src=\"https:\/\/www.southcoast.org\/wp-content\/uploads\/2025\/08\/Precision.png\" class=\"attachment-full size-full\" alt=\"Concentric green rings surrounding a green checkmark, symbolizing precision and accuracy.\" srcset=\"https:\/\/www.southcoast.org\/wp-content\/uploads\/2025\/08\/Precision.png 1251w, https:\/\/www.southcoast.org\/wp-content\/uploads\/2025\/08\/Precision-300x300.png 300w, https:\/\/www.southcoast.org\/wp-content\/uploads\/2025\/08\/Precision-1024x1024.png 1024w, https:\/\/www.southcoast.org\/wp-content\/uploads\/2025\/08\/Precision-150x150.png 150w, https:\/\/www.southcoast.org\/wp-content\/uploads\/2025\/08\/Precision-768x768.png 768w\" sizes=\"auto, (max-width: 1251px) 100vw, 1251px\" \/><\/span>\t\t\t\t\t\t\t\t\t\t\t\t\t\t\t\t\t\t\n\t\t\t\t\t\t\t\t\t<div class=\"cardBasicBody\">\n\t\t\t\t\t\t\t\t\t\t<div class=\"cardBasicBodyTitle\" role=\"title\">Maior precis\u00e3o<\/div>\n\t\t\t\t\t\t\t\t\t\t\t\t\t\t\t\t\t\t\t\t\t\t\t\t\t\t\t\t\t<\/div>\n\t\t\t\t\t\t\t\t<\/div>\n\t\t\t\t\t\t\t<\/div>\n\t\t\t\t\t\t\t\t\t\t\t\t<div class=\"col-sm-6 col-md-6 col-grid\">\n\t\t\t\t\t\t\t\t<div class=\"cardBasic  Left Horizontal\">\n\t\t\t\t\t\t\t\t\t<span class='icon image-icon'><img loading=\"lazy\" decoding=\"async\" width=\"1251\" height=\"1251\" src=\"https:\/\/www.southcoast.org\/wp-content\/uploads\/2025\/08\/Minimally-Invasive-2.png\" class=\"attachment-full size-full\" alt=\"Minimalist outline graphic depicting two profile heads in a simple, stylized design.\" srcset=\"https:\/\/www.southcoast.org\/wp-content\/uploads\/2025\/08\/Minimally-Invasive-2.png 1251w, https:\/\/www.southcoast.org\/wp-content\/uploads\/2025\/08\/Minimally-Invasive-2-300x300.png 300w, https:\/\/www.southcoast.org\/wp-content\/uploads\/2025\/08\/Minimally-Invasive-2-1024x1024.png 1024w, https:\/\/www.southcoast.org\/wp-content\/uploads\/2025\/08\/Minimally-Invasive-2-150x150.png 150w, https:\/\/www.southcoast.org\/wp-content\/uploads\/2025\/08\/Minimally-Invasive-2-768x768.png 768w\" sizes=\"auto, (max-width: 1251px) 100vw, 1251px\" \/><\/span>\t\t\t\t\t\t\t\t\t\t\t\t\t\t\t\t\t\t\n\t\t\t\t\t\t\t\t\t<div class=\"cardBasicBody\">\n\t\t\t\t\t\t\t\t\t\t<div class=\"cardBasicBodyTitle\" role=\"title\">Minimamente Invasivo<\/div>\n\t\t\t\t\t\t\t\t\t\t\t\t\t\t\t\t\t\t\t\t\t\t\t\t\t\t\t\t\t<\/div>\n\t\t\t\t\t\t\t\t<\/div>\n\t\t\t\t\t\t\t<\/div>\n\t\t\t\t\t\t\t\t\t\t\t\t<div class=\"col-sm-6 col-md-6 col-grid\">\n\t\t\t\t\t\t\t\t<div class=\"cardBasic  Left Horizontal\">\n\t\t\t\t\t\t\t\t\t<span class='icon image-icon'><img loading=\"lazy\" decoding=\"async\" width=\"1251\" height=\"1251\" src=\"https:\/\/www.southcoast.org\/wp-content\/uploads\/2025\/08\/Recovery-Icon.png\" class=\"attachment-full size-full\" alt=\"Green abstract icon with an energetic figure and surrounding arrows, representing recovery.\" srcset=\"https:\/\/www.southcoast.org\/wp-content\/uploads\/2025\/08\/Recovery-Icon.png 1251w, https:\/\/www.southcoast.org\/wp-content\/uploads\/2025\/08\/Recovery-Icon-300x300.png 300w, https:\/\/www.southcoast.org\/wp-content\/uploads\/2025\/08\/Recovery-Icon-1024x1024.png 1024w, https:\/\/www.southcoast.org\/wp-content\/uploads\/2025\/08\/Recovery-Icon-150x150.png 150w, https:\/\/www.southcoast.org\/wp-content\/uploads\/2025\/08\/Recovery-Icon-768x768.png 768w\" sizes=\"auto, (max-width: 1251px) 100vw, 1251px\" \/><\/span>\t\t\t\t\t\t\t\t\t\t\t\t\t\t\t\t\t\t\n\t\t\t\t\t\t\t\t\t<div class=\"cardBasicBody\">\n\t\t\t\t\t\t\t\t\t\t<div class=\"cardBasicBodyTitle\" role=\"title\">Tempos de recupera\u00e7\u00e3o mais r\u00e1pidos<\/div>\n\t\t\t\t\t\t\t\t\t\t\t\t\t\t\t\t\t\t\t\t\t\t\t\t\t\t\t\t\t<\/div>\n\t\t\t\t\t\t\t\t<\/div>\n\t\t\t\t\t\t\t<\/div>\n\t\t\t\t\t\t\t\t<\/div>\n\t\t\t<\/div>\n<\/div>\n\n\n<div  class=\"blockSettings  paddingTopMD paddingBottomSM patient-stories-block light\" style=\"\"><div class=\"container\">\n    <div class=\"grid\">\n        <div class=\"col-sm-12\">\n                <div class=\"introWithSliderControls centerAlign\">\n            <div class=\"mainCopyWrap\">\n            <h2>Melhores resultados, uma hist\u00f3ria de cada vez<\/h2>\n        <\/div>\n            <!-- Desktop + leftAlign Slider arrows -->\n        <div class=\"sliderControls sliderArrows\">\n            <button title=\"diapositivo anterior\" class=\"prev-slide\" aria-label=\"Deslizamento anterior\"><i class=\"fa-light fa-chevron-left\" aria-hidden=\"true\"><\/i><\/button>\n            <button title=\"diapositivo seguinte\" class=\"next-slide\" aria-label=\"Pr\u00f3ximo slide\"><i class=\"fa-light fa-chevron-right\" aria-hidden=\"true\"><\/i><\/button>\n        <\/div>\n            <\/div>\n\n\n                \n        <\/div>\n    <\/div>\n\n            <div class=\"blockSeparator\"><\/div>\n    \n    \n        <div class=\"grid\">\n            <div class=\"col-sm-12\">\n\n                <div class=\"slider-container slider-bleed\">\n\n\n                    <div class=\"sliderControls sliderArrows centerAlign\">\n                        <button title=\"diapositivo anterior\" class=\"prev-slide\"><i class=\"fa-light fa-chevron-left\"><\/i><\/button>\n                        <button title=\"diapositivo seguinte\" class=\"next-slide\"><i class=\"fa-light fa-chevron-right\"><\/i><\/button>\n                    <\/div>\n                    <div id=\"patient-stories-slider-69e697b1aad8c\" class=\"patient-stories-slider\">\n\n                                                    <div class=\"patient-story-slide\">\n                                                            <\/div>\n                                                    <div class=\"patient-story-slide\">\n                                                            <\/div>\n                                                    <div class=\"patient-story-slide\">\n                                                            <\/div>\n                                            <\/div>\n                <\/div>\n            <\/div>\n        <\/div>\n\n    \n\n<\/div>\n<\/div>","protected":false},"excerpt":{"rendered":"","protected":false},"author":13,"featured_media":0,"parent":0,"menu_order":0,"comment_status":"closed","ping_status":"closed","template":"","meta":{"_acf_changed":false,"footnotes":""},"class_list":["post-22667","page","type-page","status-publish","hentry"],"acf":[],"yoast_head":"<!-- This site is optimized with the Yoast SEO plugin v26.0 - https:\/\/yoast.com\/wordpress\/plugins\/seo\/ -->\n<title>Ion Robotic-Assisted Endoluminal System - Southcoast Health<\/title>\n<meta name=\"robots\" content=\"index, follow, max-snippet:-1, max-image-preview:large, max-video-preview:-1\" \/>\n<link rel=\"canonical\" href=\"https:\/\/www.southcoast.org\/pt\/ion-robotic-assisted-endoluminal-system\/\" \/>\n<meta property=\"og:locale\" content=\"pt_PT\" \/>\n<meta property=\"og:type\" content=\"article\" \/>\n<meta property=\"og:title\" content=\"Ion Robotic-Assisted Endoluminal System - Southcoast Health\" \/>\n<meta property=\"og:url\" content=\"https:\/\/www.southcoast.org\/pt\/ion-robotic-assisted-endoluminal-system\/\" \/>\n<meta property=\"og:site_name\" content=\"Southcoast Health\" \/>\n<meta property=\"article:modified_time\" content=\"2025-11-18T19:40:04+00:00\" \/>\n<meta name=\"twitter:card\" content=\"summary_large_image\" \/>\n<meta name=\"twitter:label1\" content=\"Est. reading time\" \/>\n\t<meta name=\"twitter:data1\" content=\"1 minute\" \/>\n<script type=\"application\/ld+json\" class=\"yoast-schema-graph\">{\"@context\":\"https:\/\/schema.org\",\"@graph\":[{\"@type\":\"WebPage\",\"@id\":\"https:\/\/www.southcoast.org\/ion-robotic-assisted-endoluminal-system\/\",\"url\":\"https:\/\/www.southcoast.org\/ion-robotic-assisted-endoluminal-system\/\",\"name\":\"Ion Robotic-Assisted Endoluminal System - Southcoast Health\",\"isPartOf\":{\"@id\":\"https:\/\/www.southcoast.org\/#website\"},\"datePublished\":\"2025-08-11T20:48:29+00:00\",\"dateModified\":\"2025-11-18T19:40:04+00:00\",\"breadcrumb\":{\"@id\":\"https:\/\/www.southcoast.org\/ion-robotic-assisted-endoluminal-system\/#breadcrumb\"},\"inLanguage\":\"pt-PT\",\"potentialAction\":[{\"@type\":\"ReadAction\",\"target\":[\"https:\/\/www.southcoast.org\/ion-robotic-assisted-endoluminal-system\/\"]}]},{\"@type\":\"BreadcrumbList\",\"@id\":\"https:\/\/www.southcoast.org\/ion-robotic-assisted-endoluminal-system\/#breadcrumb\",\"itemListElement\":[{\"@type\":\"ListItem\",\"position\":1,\"name\":\"\",\"item\":\"https:\/\/www.southcoast.org\/\"},{\"@type\":\"ListItem\",\"position\":2,\"name\":\"Ion Robotic-Assisted Endoluminal System\"}]},{\"@type\":\"WebSite\",\"@id\":\"https:\/\/www.southcoast.org\/#website\",\"url\":\"https:\/\/www.southcoast.org\/\",\"name\":\"Southcoast Health\",\"description\":\"More than medicine.\",\"potentialAction\":[{\"@type\":\"SearchAction\",\"target\":{\"@type\":\"EntryPoint\",\"urlTemplate\":\"https:\/\/www.southcoast.org\/?s={search_term_string}\"},\"query-input\":{\"@type\":\"PropertyValueSpecification\",\"valueRequired\":true,\"valueName\":\"search_term_string\"}}],\"inLanguage\":\"pt-PT\"}]}<\/script>\n<!-- \/ Yoast SEO plugin. -->","yoast_head_json":{"title":"Sistema endoluminal assistido por rob\u00f4 Ion - Southcoast Health","robots":{"index":"index","follow":"follow","max-snippet":"max-snippet:-1","max-image-preview":"max-image-preview:large","max-video-preview":"max-video-preview:-1"},"canonical":"https:\/\/www.southcoast.org\/pt\/ion-robotic-assisted-endoluminal-system\/","og_locale":"pt_PT","og_type":"article","og_title":"Ion Robotic-Assisted Endoluminal System - Southcoast Health","og_url":"https:\/\/www.southcoast.org\/pt\/ion-robotic-assisted-endoluminal-system\/","og_site_name":"Southcoast Health","article_modified_time":"2025-11-18T19:40:04+00:00","twitter_card":"summary_large_image","twitter_misc":{"Est. reading time":"1 minute"},"schema":{"@context":"https:\/\/schema.org","@graph":[{"@type":"WebPage","@id":"https:\/\/www.southcoast.org\/ion-robotic-assisted-endoluminal-system\/","url":"https:\/\/www.southcoast.org\/ion-robotic-assisted-endoluminal-system\/","name":"Sistema endoluminal assistido por rob\u00f4 Ion - Southcoast Health","isPartOf":{"@id":"https:\/\/www.southcoast.org\/#website"},"datePublished":"2025-08-11T20:48:29+00:00","dateModified":"2025-11-18T19:40:04+00:00","breadcrumb":{"@id":"https:\/\/www.southcoast.org\/ion-robotic-assisted-endoluminal-system\/#breadcrumb"},"inLanguage":"pt-PT","potentialAction":[{"@type":"ReadAction","target":["https:\/\/www.southcoast.org\/ion-robotic-assisted-endoluminal-system\/"]}]},{"@type":"BreadcrumbList","@id":"https:\/\/www.southcoast.org\/ion-robotic-assisted-endoluminal-system\/#breadcrumb","itemListElement":[{"@type":"ListItem","position":1,"name":"","item":"https:\/\/www.southcoast.org\/"},{"@type":"ListItem","position":2,"name":"Ion Robotic-Assisted Endoluminal System"}]},{"@type":"WebSite","@id":"https:\/\/www.southcoast.org\/#website","url":"https:\/\/www.southcoast.org\/","name":"Sa\u00fade no Sudeste","description":"Mais do que medicamentos.","potentialAction":[{"@type":"SearchAction","target":{"@type":"EntryPoint","urlTemplate":"https:\/\/www.southcoast.org\/?s={search_term_string}"},"query-input":{"@type":"PropertyValueSpecification","valueRequired":true,"valueName":"search_term_string"}}],"inLanguage":"pt-PT"}]}},"_links":{"self":[{"href":"https:\/\/www.southcoast.org\/pt\/wp-json\/wp\/v2\/pages\/22667","targetHints":{"allow":["GET"]}}],"collection":[{"href":"https:\/\/www.southcoast.org\/pt\/wp-json\/wp\/v2\/pages"}],"about":[{"href":"https:\/\/www.southcoast.org\/pt\/wp-json\/wp\/v2\/types\/page"}],"author":[{"embeddable":true,"href":"https:\/\/www.southcoast.org\/pt\/wp-json\/wp\/v2\/users\/13"}],"replies":[{"embeddable":true,"href":"https:\/\/www.southcoast.org\/pt\/wp-json\/wp\/v2\/comments?post=22667"}],"version-history":[{"count":10,"href":"https:\/\/www.southcoast.org\/pt\/wp-json\/wp\/v2\/pages\/22667\/revisions"}],"predecessor-version":[{"id":282397,"href":"https:\/\/www.southcoast.org\/pt\/wp-json\/wp\/v2\/pages\/22667\/revisions\/282397"}],"wp:attachment":[{"href":"https:\/\/www.southcoast.org\/pt\/wp-json\/wp\/v2\/media?parent=22667"}],"curies":[{"name":"wp","href":"https:\/\/api.w.org\/{rel}","templated":true}]}}