{"id":22625,"date":"2025-08-11T19:36:19","date_gmt":"2025-08-11T19:36:19","guid":{"rendered":"https:\/\/test-southcoast-health-multi.southcoast-health.org\/?page_id=22625"},"modified":"2025-11-18T14:07:34","modified_gmt":"2025-11-18T19:07:34","slug":"7d-surgical-system","status":"publish","type":"page","link":"https:\/\/www.southcoast.org\/pt\/7d-surgical-system\/","title":{"rendered":"Sistema cir\u00fargico 7D"},"content":{"rendered":"<div  class=\"blockSettings  paddingTopSM paddingBottomSM heroBasicFluid darkTheme\" style=\"background-image:url(https:\/\/www.southcoast.org\/wp-content\/uploads\/2025\/01\/DrPhilips-right-DrWeilforeground-DrHarrison_7D-demo-scaled-1.jpg);background-size:cover;background-position:center center;\"><div class=\"overlay\"><\/div><div class=\"container\">\n            <div class=\"grid\">\n            <div class=\"col-sm-12 col-bleed-y\">\n                <div class=\"Left\">\n                    <div class=\"breadcrumbsWrapper desktop-breadcrumbs\"><nav id=\"breadcrumbs\" aria-label=\"P\u00e3o ralado\"><ol><li><a href=\"https:\/\/www.southcoast.org\/pt\/\"><i class=\"fa-light fa-house\"><\/i><span class=\"visually-hidden\">In\u00edcio<\/span><\/a><\/li><\/ol><\/nav><\/div><div class=\"breadcrumbsWrapper mobile-breadcrumbs\"><p id=\"mobile-breadcrumbs\" class=\"mobile-back-nav\"><span><span><a href=\"#\" onclick=\"return handleBackNavigation();\"><i class=\"fa-solid fa-chevron-left back-arrow\"><\/i> Voltar<\/a><\/span><\/span><\/p>\t\t<script>\n\t\t\tfunction handleBackNavigation() {\n\t\t\t\tif (window.history.length > 1) {\n\t\t\t\t\twindow.history.back();\n\t\t\t\t} else {\n\t\t\t\t\twindow.location.href = 'https:\/\/www.southcoast.org\/pt';\n\t\t\t\t}\n\t\t\t\treturn false;\n\t\t\t}\n\t\t<\/script>\n<\/div>                <\/div>\n            <\/div>\n        <\/div>\n        <div class=\"grid\">\n        <div class=\"col-sm-9\">\n            <div class=\"Left\">\n\n                    <div class=\"mainCopyWrap\">\n            <h1>Uma vis\u00e3o clara da cirurgia das costas<\/h1>\n        <\/div>\n    \n                \n            <\/div>\n        <\/div>\n    <\/div>\n<\/div>\n    <div class=\"cornerArtWrapper cornerArt-small\">\n        <img decoding=\"async\" class=\"cornerArt\" src=\"https:\/\/www.southcoast.org\/wp-content\/themes\/southcoast_multisite\/images\/corner-art.svg\" alt=\"\">\n    <\/div>\n<\/div>\n\n\n\n\n<div  class=\"blockSettings  paddingTopSM paddingBottomSM multiple-media-object-block light\" style=\"\"><div class=\"container\">\n    <div class=\"grid\">\n        <div class=\"col-sm-12\">\n            <div class=\"inner right disc\">\n                <div class=\"copy\">\n                        <div class=\"mainCopyWrap\">\n            <h2>Cirurgia 7D na Southcoast Health<\/h2>\n    <div class=\"paragraphWrap\"><p>Se estiver a ter problemas graves nas costas, o seu m\u00e9dico pode recomendar uma cirurgia. Na Southcoast Health, oferecemos procedimentos cir\u00fargicos para ajudar com a sua dor nas costas. Um dos procedimentos que os nossos cirurgi\u00f5es oferecem aos nossos pacientes \u00e9 a cirurgia guiada por imagem (IGS) com o inovador <strong>Sistema cir\u00fargico 7D<\/strong> que \u00e9 livre de radia\u00e7\u00e3o.<\/p>\n<p><strong>O que \u00e9 o Sistema Cir\u00fargico 7D?<\/strong><br \/>\nA tecnologia 7D Surgical Machine-vision Image Guided Surgery (MvIGS) para procedimentos da coluna vertebral orienta o cirurgi\u00e3o com uma imagem tridimensional altamente detalhada obtida em apenas quatro segundos. Isto substitui uma imagem radiogr\u00e1fica obtida de forma intermitente durante a cirurgia rob\u00f3tica tradicional (fluoroscopia). A imagem criada pelo sistema \u00e9 combinada digitalmente com o exame pr\u00e9-operat\u00f3rio existente do paciente para criar uma imagem perfeita e em tempo real da anatomia do paciente.<\/p>\n<\/div>    <\/div>\n    \n                <\/div>\n                <div class=\"images\">\n                                            <img decoding=\"async\" class=\"first\" src=\"https:\/\/www.southcoast.org\/wp-content\/uploads\/2025\/08\/IMG_3802-scaled.jpg\" alt=\"\">\n                                                                <img decoding=\"async\" class=\"second\" src=\"https:\/\/www.southcoast.org\/wp-content\/uploads\/2025\/06\/7D-Surgical-System-Robot.png\" alt=\"7D surgical system robot with x-ray display and mobile medical equipment.\">\n                                                                <img decoding=\"async\" class=\"third\" src=\"https:\/\/www.southcoast.org\/wp-content\/uploads\/2025\/08\/IMG_3795-scaled.jpg\" alt=\"\">\n                                    <\/div>\n\n            <\/div>\n        <\/div>\n    <\/div>\n<\/div>\n<\/div>\n\n\n<div  class=\"blockSettings  paddingTopNone paddingBottomSM cardIconsFluid cardIconsImageFluid light\" style=\"background-color:#E9F7F4;\">\t<div class=\"container\">\n\t\t\t\t\t<div class=\"grid align-end introLeft\">\n\t\t\t\t<div class=\"col-sm-7 col-md-7\">\n\t\t\t\t\t<div class=\"maincopy intro\">\n\t\t\t\t\t\t<h2>Benef\u00edcios da cirurgia 7D<\/h2>\n\t\t\t\t\t\t\t\t\t\t\t<\/div>\n\t\t\t\t<\/div>\n\t\t\t\t<div class=\"col-sm-5 col-md-5 introLeftColumn\">\n\t\t\t\t\t\t\t\t\t\t\t\t\t\t\t\t\t\t\t\t\t\t                                                                                        \t\t\t\t<\/div>\n\t\t\t<\/div>\n\t\t\n\t\t\t\t\t<!--Manual Cards-->\n\t\t\t<div class=\"grid smallGrid\">\n\t\t\t\t\t\t\t\t\t\t\t<div class=\"col-sm-6 col-md-6 col-grid\">\n\t\t\t\t\t\t\t\t<div class=\"cardBasic  Left Horizontal\">\n\t\t\t\t\t\t\t\t\t<span class='icon image-icon'><img loading=\"lazy\" decoding=\"async\" width=\"1251\" height=\"1251\" src=\"https:\/\/www.southcoast.org\/wp-content\/uploads\/2025\/08\/Precision.png\" class=\"attachment-full size-full\" alt=\"Concentric green rings surrounding a green checkmark, symbolizing precision and accuracy.\" srcset=\"https:\/\/www.southcoast.org\/wp-content\/uploads\/2025\/08\/Precision.png 1251w, https:\/\/www.southcoast.org\/wp-content\/uploads\/2025\/08\/Precision-300x300.png 300w, https:\/\/www.southcoast.org\/wp-content\/uploads\/2025\/08\/Precision-1024x1024.png 1024w, https:\/\/www.southcoast.org\/wp-content\/uploads\/2025\/08\/Precision-150x150.png 150w, https:\/\/www.southcoast.org\/wp-content\/uploads\/2025\/08\/Precision-768x768.png 768w\" sizes=\"auto, (max-width: 1251px) 100vw, 1251px\" \/><\/span>\t\t\t\t\t\t\t\t\t\t\t\t\t\t\t\t\t\t\n\t\t\t\t\t\t\t\t\t<div class=\"cardBasicBody\">\n\t\t\t\t\t\t\t\t\t\t<div class=\"cardBasicBodyTitle\" role=\"title\">Precis\u00e3o inigual\u00e1vel<\/div>\n\t\t\t\t\t\t\t\t\t\t\t\t\t\t\t\t\t\t\t\t\t\t\t\t\t\t\t\t\t<\/div>\n\t\t\t\t\t\t\t\t<\/div>\n\t\t\t\t\t\t\t<\/div>\n\t\t\t\t\t\t\t\t\t\t\t\t<div class=\"col-sm-6 col-md-6 col-grid\">\n\t\t\t\t\t\t\t\t<div class=\"cardBasic  Left Horizontal\">\n\t\t\t\t\t\t\t\t\t<span class='icon image-icon'><img loading=\"lazy\" decoding=\"async\" width=\"1251\" height=\"1251\" src=\"https:\/\/www.southcoast.org\/wp-content\/uploads\/2025\/08\/Recovery-Icon.png\" class=\"attachment-full size-full\" alt=\"Green abstract icon with an energetic figure and surrounding arrows, representing recovery.\" srcset=\"https:\/\/www.southcoast.org\/wp-content\/uploads\/2025\/08\/Recovery-Icon.png 1251w, https:\/\/www.southcoast.org\/wp-content\/uploads\/2025\/08\/Recovery-Icon-300x300.png 300w, https:\/\/www.southcoast.org\/wp-content\/uploads\/2025\/08\/Recovery-Icon-1024x1024.png 1024w, https:\/\/www.southcoast.org\/wp-content\/uploads\/2025\/08\/Recovery-Icon-150x150.png 150w, https:\/\/www.southcoast.org\/wp-content\/uploads\/2025\/08\/Recovery-Icon-768x768.png 768w\" sizes=\"auto, (max-width: 1251px) 100vw, 1251px\" \/><\/span>\t\t\t\t\t\t\t\t\t\t\t\t\t\t\t\t\t\t\n\t\t\t\t\t\t\t\t\t<div class=\"cardBasicBody\">\n\t\t\t\t\t\t\t\t\t\t<div class=\"cardBasicBodyTitle\" role=\"title\">Procedimentos e tempos de recupera\u00e7\u00e3o mais r\u00e1pidos<\/div>\n\t\t\t\t\t\t\t\t\t\t\t\t\t\t\t\t\t\t\t\t\t\t\t\t\t\t\t\t\t<\/div>\n\t\t\t\t\t\t\t\t<\/div>\n\t\t\t\t\t\t\t<\/div>\n\t\t\t\t\t\t\t\t\t\t\t\t<div class=\"col-sm-6 col-md-6 col-grid\">\n\t\t\t\t\t\t\t\t<div class=\"cardBasic  Left Horizontal\">\n\t\t\t\t\t\t\t\t\t<span class='icon image-icon'><img loading=\"lazy\" decoding=\"async\" width=\"1251\" height=\"1251\" src=\"https:\/\/www.southcoast.org\/wp-content\/uploads\/2025\/08\/Radiation-exposure.png\" class=\"attachment-full size-full\" alt=\"Green radiation symbol indicating potential radiation exposure hazard.\" srcset=\"https:\/\/www.southcoast.org\/wp-content\/uploads\/2025\/08\/Radiation-exposure.png 1251w, https:\/\/www.southcoast.org\/wp-content\/uploads\/2025\/08\/Radiation-exposure-300x300.png 300w, https:\/\/www.southcoast.org\/wp-content\/uploads\/2025\/08\/Radiation-exposure-1024x1024.png 1024w, https:\/\/www.southcoast.org\/wp-content\/uploads\/2025\/08\/Radiation-exposure-150x150.png 150w, https:\/\/www.southcoast.org\/wp-content\/uploads\/2025\/08\/Radiation-exposure-768x768.png 768w\" sizes=\"auto, (max-width: 1251px) 100vw, 1251px\" \/><\/span>\t\t\t\t\t\t\t\t\t\t\t\t\t\t\t\t\t\t\n\t\t\t\t\t\t\t\t\t<div class=\"cardBasicBody\">\n\t\t\t\t\t\t\t\t\t\t<div class=\"cardBasicBodyTitle\" role=\"title\">Menor exposi\u00e7\u00e3o \u00e0 radia\u00e7\u00e3o<\/div>\n\t\t\t\t\t\t\t\t\t\t\t\t\t\t\t\t\t\t\t\t\t\t\t\t\t\t\t\t\t<\/div>\n\t\t\t\t\t\t\t\t<\/div>\n\t\t\t\t\t\t\t<\/div>\n\t\t\t\t\t\t\t\t\t\t\t\t<div class=\"col-sm-6 col-md-6 col-grid\">\n\t\t\t\t\t\t\t\t<div class=\"cardBasic  Left Horizontal\">\n\t\t\t\t\t\t\t\t\t<span class='icon image-icon'><img loading=\"lazy\" decoding=\"async\" width=\"1251\" height=\"1251\" src=\"https:\/\/www.southcoast.org\/wp-content\/uploads\/2025\/08\/Better-Outcomes.png\" class=\"attachment-full size-full\" alt=\"Checklist with checkmarks indicating &quot;Better Outcomes&quot;\" srcset=\"https:\/\/www.southcoast.org\/wp-content\/uploads\/2025\/08\/Better-Outcomes.png 1251w, https:\/\/www.southcoast.org\/wp-content\/uploads\/2025\/08\/Better-Outcomes-300x300.png 300w, https:\/\/www.southcoast.org\/wp-content\/uploads\/2025\/08\/Better-Outcomes-1024x1024.png 1024w, https:\/\/www.southcoast.org\/wp-content\/uploads\/2025\/08\/Better-Outcomes-150x150.png 150w, https:\/\/www.southcoast.org\/wp-content\/uploads\/2025\/08\/Better-Outcomes-768x768.png 768w\" sizes=\"auto, (max-width: 1251px) 100vw, 1251px\" \/><\/span>\t\t\t\t\t\t\t\t\t\t\t\t\t\t\t\t\t\t\n\t\t\t\t\t\t\t\t\t<div class=\"cardBasicBody\">\n\t\t\t\t\t\t\t\t\t\t<div class=\"cardBasicBodyTitle\" role=\"title\">Melhores resultados para os doentes<\/div>\n\t\t\t\t\t\t\t\t\t\t\t\t\t\t\t\t\t\t\t\t\t\t\t\t\t\t\t\t\t<\/div>\n\t\t\t\t\t\t\t\t<\/div>\n\t\t\t\t\t\t\t<\/div>\n\t\t\t\t\t\t\t\t<\/div>\n\t\t\t<\/div>\n<\/div>\n\n\n<div  class=\"blockSettings  paddingTopMD paddingBottomSM patient-stories-block light\" style=\"\"><div class=\"container\">\n    <div class=\"grid\">\n        <div class=\"col-sm-12\">\n                <div class=\"introWithSliderControls centerAlign\">\n            <div class=\"mainCopyWrap\">\n            <h2>Melhores resultados, uma hist\u00f3ria de cada vez<\/h2>\n        <\/div>\n            <!-- Desktop + leftAlign Slider arrows -->\n        <div class=\"sliderControls sliderArrows\">\n            <button title=\"diapositivo anterior\" class=\"prev-slide\" aria-label=\"Deslizamento anterior\"><i class=\"fa-light fa-chevron-left\" aria-hidden=\"true\"><\/i><\/button>\n            <button title=\"diapositivo seguinte\" class=\"next-slide\" aria-label=\"Pr\u00f3ximo slide\"><i class=\"fa-light fa-chevron-right\" aria-hidden=\"true\"><\/i><\/button>\n        <\/div>\n            <\/div>\n\n\n                \n        <\/div>\n    <\/div>\n\n            <div class=\"blockSeparator\"><\/div>\n    \n    \n        <div class=\"grid\">\n            <div class=\"col-sm-12\">\n\n                <div class=\"slider-container slider-bleed\">\n\n\n                    <div class=\"sliderControls sliderArrows centerAlign\">\n                        <button title=\"diapositivo anterior\" class=\"prev-slide\"><i class=\"fa-light fa-chevron-left\"><\/i><\/button>\n                        <button title=\"diapositivo seguinte\" class=\"next-slide\"><i class=\"fa-light fa-chevron-right\"><\/i><\/button>\n                    <\/div>\n                    <div id=\"patient-stories-slider-69e74184de607\" class=\"patient-stories-slider\">\n\n                                                    <div class=\"patient-story-slide\">\n                                                            <\/div>\n                                                    <div class=\"patient-story-slide\">\n                                                            <\/div>\n                                                    <div class=\"patient-story-slide\">\n                                                            <\/div>\n                                            <\/div>\n                <\/div>\n            <\/div>\n        <\/div>\n\n    \n\n<\/div>\n<\/div>\n\n\n<div  class=\"blockSettings  paddingTopNone paddingBottomSM teamFluid light\" style=\"\"><div class=\"container\">\n    <div class=\"grid\">\n        <div class=\"col-sm-12\">\n            <div class=\"introCenter\">\n                    <div class=\"mainCopyWrap\">\n            <h2>Conhe\u00e7a os nossos cirurgi\u00f5es 7D<\/h2>\n        <\/div>\n                    \n            <\/div>\n        <\/div>\n    <\/div>\n\n            <div class=\"blockSeparator\"><\/div>\n    \n    <div class=\"teamContentWrap\">\n                    <div class=\"sliderArrows\">\n                <button class=\"prev-slide\"><i class=\"fa-light fa-chevron-left\"><\/i><\/button>\n                <button class=\"next-slide\"><i class=\"fa-light fa-chevron-right\"><\/i><\/button>\n            <\/div>\n        \n        <div class=\"grid  teamSlider sliderBleed\" data-slide-cols=\"5\" >\n                                <div class=\"col-6  col-grid\">\n                                                        <a href=\"https:\/\/www.southcoast.org\/pt\/doctors\/matthew-philips-md\/\" target=\"_self\" class=\"teamCardLink\">\n                                    <div class=\"teamCard\">\n                                                                                <div class=\"teamCardBody\">\n                                                                                            <h2>Matthew Philips, MD<\/h2>\n                                                                                                                                        <p class=\"teamTitle\">Chefe dos Servi\u00e7os do C\u00e9rebro e da Coluna<\/p>\n                                                                                                                                    <div class=\"learnMore\">\n                                                <i class=\"sc-icon sc-icon-green rotate-arrow fa-regular fa-arrow-up-right readMoreIcon\"><\/i> Saiba mais                                             <\/div>\n                                        <\/div>\n                                    <\/div>\n                                <\/a>\n                                                <\/div>\n                                    <div class=\"col-6  col-grid\">\n                                                        <a href=\"https:\/\/www.southcoast.org\/pt\/doctors\/richard-dowd-md-ms\/\" target=\"_self\" class=\"teamCardLink\">\n                                    <div class=\"teamCard\">\n                                                                                    <div class=\"teamImage\">\n                                                <img decoding=\"async\" src=\"https:\/\/www.southcoast.org\/wp-content\/uploads\/2025\/08\/Richard-Dowd-MD-Neurosurgery-.png\" alt=\"Smiling middle-aged man wearing glasses and a suit, presumably a medical professional.\" \/>\n                                            <\/div>\n                                                                                <div class=\"teamCardBody\">\n                                                                                            <h2>Richard Dowd, MD<\/h2>\n                                                                                                                                        <p class=\"teamTitle\">Neurocirurgia<\/p>\n                                                                                                                                    <div class=\"learnMore\">\n                                                <i class=\"sc-icon sc-icon-green rotate-arrow fa-regular fa-arrow-up-right readMoreIcon\"><\/i> Saiba mais                                             <\/div>\n                                        <\/div>\n                                    <\/div>\n                                <\/a>\n                                                <\/div>\n                                    <div class=\"col-6  col-grid\">\n                                                        <a href=\"https:\/\/www.southcoast.org\/pt\/doctors\/michael-harrison-md\/\" target=\"_self\" class=\"teamCardLink\">\n                                    <div class=\"teamCard\">\n                                                                                <div class=\"teamCardBody\">\n                                                                                            <h2>Michael Harrison, MD<\/h2>\n                                                                                                                                        <p class=\"teamTitle\">Neurocirurgia<\/p>\n                                                                                                                                    <div class=\"learnMore\">\n                                                <i class=\"sc-icon sc-icon-green rotate-arrow fa-regular fa-arrow-up-right readMoreIcon\"><\/i> Saiba mais                                             <\/div>\n                                        <\/div>\n                                    <\/div>\n                                <\/a>\n                                                <\/div>\n                                        \n                    <\/div>\n    <\/div>\n<\/div>\n<\/div>","protected":false},"excerpt":{"rendered":"","protected":false},"author":13,"featured_media":0,"parent":0,"menu_order":0,"comment_status":"closed","ping_status":"closed","template":"","meta":{"_acf_changed":false,"footnotes":""},"class_list":["post-22625","page","type-page","status-publish","hentry"],"acf":[],"yoast_head":"<!-- This site is optimized with the Yoast SEO plugin v26.0 - https:\/\/yoast.com\/wordpress\/plugins\/seo\/ -->\n<title>7D Surgical System - Southcoast Health<\/title>\n<meta name=\"robots\" content=\"index, follow, max-snippet:-1, max-image-preview:large, max-video-preview:-1\" \/>\n<link rel=\"canonical\" href=\"https:\/\/www.southcoast.org\/pt\/7d-surgical-system\/\" \/>\n<meta property=\"og:locale\" content=\"pt_PT\" \/>\n<meta property=\"og:type\" content=\"article\" \/>\n<meta property=\"og:title\" content=\"7D Surgical System - Southcoast Health\" \/>\n<meta property=\"og:url\" content=\"https:\/\/www.southcoast.org\/pt\/7d-surgical-system\/\" \/>\n<meta property=\"og:site_name\" content=\"Southcoast Health\" \/>\n<meta property=\"article:modified_time\" content=\"2025-11-18T19:07:34+00:00\" \/>\n<meta name=\"twitter:card\" content=\"summary_large_image\" \/>\n<script type=\"application\/ld+json\" class=\"yoast-schema-graph\">{\"@context\":\"https:\/\/schema.org\",\"@graph\":[{\"@type\":\"WebPage\",\"@id\":\"https:\/\/www.southcoast.org\/7d-surgical-system\/\",\"url\":\"https:\/\/www.southcoast.org\/7d-surgical-system\/\",\"name\":\"7D Surgical System - Southcoast Health\",\"isPartOf\":{\"@id\":\"https:\/\/www.southcoast.org\/#website\"},\"datePublished\":\"2025-08-11T19:36:19+00:00\",\"dateModified\":\"2025-11-18T19:07:34+00:00\",\"breadcrumb\":{\"@id\":\"https:\/\/www.southcoast.org\/7d-surgical-system\/#breadcrumb\"},\"inLanguage\":\"pt-PT\",\"potentialAction\":[{\"@type\":\"ReadAction\",\"target\":[\"https:\/\/www.southcoast.org\/7d-surgical-system\/\"]}]},{\"@type\":\"BreadcrumbList\",\"@id\":\"https:\/\/www.southcoast.org\/7d-surgical-system\/#breadcrumb\",\"itemListElement\":[{\"@type\":\"ListItem\",\"position\":1,\"name\":\"\",\"item\":\"https:\/\/www.southcoast.org\/\"},{\"@type\":\"ListItem\",\"position\":2,\"name\":\"7D Surgical System\"}]},{\"@type\":\"WebSite\",\"@id\":\"https:\/\/www.southcoast.org\/#website\",\"url\":\"https:\/\/www.southcoast.org\/\",\"name\":\"Southcoast Health\",\"description\":\"More than medicine.\",\"potentialAction\":[{\"@type\":\"SearchAction\",\"target\":{\"@type\":\"EntryPoint\",\"urlTemplate\":\"https:\/\/www.southcoast.org\/?s={search_term_string}\"},\"query-input\":{\"@type\":\"PropertyValueSpecification\",\"valueRequired\":true,\"valueName\":\"search_term_string\"}}],\"inLanguage\":\"pt-PT\"}]}<\/script>\n<!-- \/ Yoast SEO plugin. -->","yoast_head_json":{"title":"7D Surgical System - Southcoast Health","robots":{"index":"index","follow":"follow","max-snippet":"max-snippet:-1","max-image-preview":"max-image-preview:large","max-video-preview":"max-video-preview:-1"},"canonical":"https:\/\/www.southcoast.org\/pt\/7d-surgical-system\/","og_locale":"pt_PT","og_type":"article","og_title":"7D Surgical System - Southcoast Health","og_url":"https:\/\/www.southcoast.org\/pt\/7d-surgical-system\/","og_site_name":"Southcoast Health","article_modified_time":"2025-11-18T19:07:34+00:00","twitter_card":"summary_large_image","schema":{"@context":"https:\/\/schema.org","@graph":[{"@type":"WebPage","@id":"https:\/\/www.southcoast.org\/7d-surgical-system\/","url":"https:\/\/www.southcoast.org\/7d-surgical-system\/","name":"7D Surgical System - Southcoast Health","isPartOf":{"@id":"https:\/\/www.southcoast.org\/#website"},"datePublished":"2025-08-11T19:36:19+00:00","dateModified":"2025-11-18T19:07:34+00:00","breadcrumb":{"@id":"https:\/\/www.southcoast.org\/7d-surgical-system\/#breadcrumb"},"inLanguage":"pt-PT","potentialAction":[{"@type":"ReadAction","target":["https:\/\/www.southcoast.org\/7d-surgical-system\/"]}]},{"@type":"BreadcrumbList","@id":"https:\/\/www.southcoast.org\/7d-surgical-system\/#breadcrumb","itemListElement":[{"@type":"ListItem","position":1,"name":"","item":"https:\/\/www.southcoast.org\/"},{"@type":"ListItem","position":2,"name":"7D Surgical System"}]},{"@type":"WebSite","@id":"https:\/\/www.southcoast.org\/#website","url":"https:\/\/www.southcoast.org\/","name":"Sa\u00fade no Sudeste","description":"Mais do que medicamentos.","potentialAction":[{"@type":"SearchAction","target":{"@type":"EntryPoint","urlTemplate":"https:\/\/www.southcoast.org\/?s={search_term_string}"},"query-input":{"@type":"PropertyValueSpecification","valueRequired":true,"valueName":"search_term_string"}}],"inLanguage":"pt-PT"}]}},"_links":{"self":[{"href":"https:\/\/www.southcoast.org\/pt\/wp-json\/wp\/v2\/pages\/22625","targetHints":{"allow":["GET"]}}],"collection":[{"href":"https:\/\/www.southcoast.org\/pt\/wp-json\/wp\/v2\/pages"}],"about":[{"href":"https:\/\/www.southcoast.org\/pt\/wp-json\/wp\/v2\/types\/page"}],"author":[{"embeddable":true,"href":"https:\/\/www.southcoast.org\/pt\/wp-json\/wp\/v2\/users\/13"}],"replies":[{"embeddable":true,"href":"https:\/\/www.southcoast.org\/pt\/wp-json\/wp\/v2\/comments?post=22625"}],"version-history":[{"count":16,"href":"https:\/\/www.southcoast.org\/pt\/wp-json\/wp\/v2\/pages\/22625\/revisions"}],"predecessor-version":[{"id":282376,"href":"https:\/\/www.southcoast.org\/pt\/wp-json\/wp\/v2\/pages\/22625\/revisions\/282376"}],"wp:attachment":[{"href":"https:\/\/www.southcoast.org\/pt\/wp-json\/wp\/v2\/media?parent=22625"}],"curies":[{"name":"wp","href":"https:\/\/api.w.org\/{rel}","templated":true}]}}