{"id":22450,"date":"2025-08-07T20:38:56","date_gmt":"2025-08-07T20:38:56","guid":{"rendered":"https:\/\/test-southcoast-health-multi.southcoast-health.org\/?page_id=22450"},"modified":"2025-11-18T14:04:39","modified_gmt":"2025-11-18T19:04:39","slug":"robots","status":"publish","type":"page","link":"https:\/\/www.southcoast.org\/pt\/robots\/","title":{"rendered":"Tecnologia de cirurgia assistida por rob\u00f4"},"content":{"rendered":"<div  class=\"blockSettings    heroVideoFluid\" style=\"\">    <div id=\"hero-video-container\" data-video=\"https:\/\/www.southcoast.org\/wp-content\/uploads\/2025\/08\/Website-Hero-Video.mp4\" data-videotype=\"mp4\">\n                    <video id=\"hero-video\" autoplay loop muted>\n                <source src=\"https:\/\/www.southcoast.org\/wp-content\/uploads\/2025\/08\/Website-Hero-Video.mp4\" type=\"video\/mp4\">\n            <\/video>\n            <\/div>\n\n\n<div class=\"container\">\n    <div class=\"grid\">\n        <div class=\"col-sm-12\">\n            <div class=\"videoContent center\">\n                                    <div class=\"breadcrumbsWrapper desktop-breadcrumbs\"><nav id=\"breadcrumbs\" aria-label=\"P\u00e3o ralado\"><ol><li><a href=\"https:\/\/www.southcoast.org\/pt\/\"><i class=\"fa-light fa-house\"><\/i><span class=\"visually-hidden\">In\u00edcio<\/span><\/a><\/li><\/ol><\/nav><\/div><div class=\"breadcrumbsWrapper mobile-breadcrumbs\"><p id=\"mobile-breadcrumbs\" class=\"mobile-back-nav\"><span><span><a href=\"#\" onclick=\"return handleBackNavigation();\"><i class=\"fa-solid fa-chevron-left back-arrow\"><\/i> Voltar<\/a><\/span><\/span><\/p>\t\t<script>\n\t\t\tfunction handleBackNavigation() {\n\t\t\t\tif (window.history.length > 1) {\n\t\t\t\t\twindow.history.back();\n\t\t\t\t} else {\n\t\t\t\t\twindow.location.href = 'https:\/\/www.southcoast.org\/pt';\n\t\t\t\t}\n\t\t\t\treturn false;\n\t\t\t}\n\t\t<\/script>\n<\/div>                \n                                    <h1 class=\"wow animate__animated animate__fadeInUp primary-lg\">Tecnologia de cirurgia assistida por rob\u00f4<\/h1>\n                \n                \n                <div class=\"ctaWrap\">\n                                                                                        \n                                                                                                        <\/div>\n                <div class=\"video-button\">\n                    <button id=\"play-pause-btn\">\n                        <i class=\"fas fa-pause-circle\"><\/i>\n                    <\/button>\n                <\/div>\n            <\/div>\n        <\/div>\n    <\/div>\n<\/div>\n\n    \n    <\/div>\n\n\n\n<div  class=\"blockSettings  paddingTopSM paddingBottomMD media-object-block light\" style=\"\"><div class=\"container\">\n\t<div class=\"grid\">\n\t\t<div class=\"col-sm-12\">\n\t\t\t<div class=\"inner image-left list-style-disc inner-white-bg\" style=\"background-color: #fff;\">\n\t\t\t\t<div class=\"copy\">\n\t\t\t\t\t    <div class=\"mainCopyWrap\">\n            <h2>O futuro da cirurgia est\u00e1 na Southcoast Health<\/h2>\n    <div class=\"paragraphWrap\"><p>A cirurgia assistida por rob\u00f4 permite que os cirurgi\u00f5es realizem muitos tipos diferentes de procedimentos complexos com mais precis\u00e3o, flexibilidade e controlo do que o que \u00e9 normalmente poss\u00edvel com as t\u00e9cnicas cir\u00fargicas convencionais.<\/p>\n<p class=\"has-text-color\"><strong>Para os doentes, a cirurgia rob\u00f3tica pode oferecer v\u00e1rios benef\u00edcios potenciais em rela\u00e7\u00e3o \u00e0 cirurgia aberta convencional, incluindo\u00a0<\/strong><\/p>\n<div class=\"wp-block-group\">\n<div class=\"wp-block-group__inner-container is-layout-constrained wp-block-group-is-layout-constrained\">\n<div class=\"wp-block-group\">\n<div class=\"wp-block-group__inner-container is-layout-constrained wp-block-group-is-layout-constrained\">\n<div class=\"wp-block-group is-vertical is-layout-flex wp-container-core-group-is-layout-8cf370e7 wp-block-group-is-layout-flex\">\n<ul>\n<li><strong>Menor perda de sangue<\/strong><\/li>\n<li><strong>Menor risco de infe\u00e7\u00e3o<\/strong><\/li>\n<li><strong>Menos cicatrizes<\/strong><\/li>\n<li><strong>Estadias hospitalares mais curtas<\/strong><\/li>\n<li><strong>Tempo de recupera\u00e7\u00e3o mais curto<\/strong><\/li>\n<\/ul>\n<\/div>\n<\/div>\n<\/div>\n<\/div>\n<\/div>\n<\/div>    <\/div>\n    \t\t\t\t<\/div>\n\t\t\t\t\t\t\t\t<div class=\"images\">\n\t\t\t\t\t\t<img decoding=\"async\" class=\"single\" src=\"https:\/\/www.southcoast.org\/wp-content\/uploads\/2025\/08\/IMG_0565-1-scaled-e1754942850526.jpg\" alt=\"\">\n\t\t\t\t\t\t\t\t\t\t<\/div>\n\t\t\t\t\n\t\t\t<\/div>\n\t\t<\/div>\n\t<\/div>\n<\/div>\n<\/div>\n\n\n<div  class=\"blockSettings  paddingTopNone paddingBottomNone media-object-block light\" style=\"\"><div class=\"container\">\n\t<div class=\"grid\">\n\t\t<div class=\"col-sm-12\">\n\t\t\t<div class=\"inner image-right list-style-disc inner-bg\" style=\"background-color: #f6f7f7;\">\n\t\t\t\t<div class=\"copy\">\n\t\t\t\t\t    <div class=\"mainCopyWrap\">\n            <h2>Reconhecida pela excel\u00eancia cl\u00ednica em cirurgia rob\u00f3tica<\/h2>\n    <div class=\"paragraphWrap\"><p><br data-mce-bogus=\"1\"><\/p>\n<\/div>    <\/div>\n        <div class=\"ctaWrap\">\n                    <a aria-label=\"liga\u00e7\u00e3o para Charlton Memorial Hospital reconhecido pela cirurgia rob\u00f3tica\" class=\"mainCTA shadow light1\" href=\"https:\/\/www.southcoast.org\/pt\/news\/clinical-excellence-robotic-surgery\/\" title=\"Open Charlton Memorial Hospital reconhecido pela cirurgia rob\u00f3tica\" >Charlton Memorial Hospital reconhecido pela cirurgia rob\u00f3tica<\/a>                    <a aria-label=\"liga\u00e7\u00e3o para Tobey Hospital reconhecido pela cirurgia rob\u00f3tica\" class=\"mainCTA shadow light1\" href=\"https:\/\/www.southcoast.org\/pt\/headline_posts\/tobey-hospital-recognized-for-robotic-surgery\/\" title=\"Open Tobey Hospital reconhecido pela cirurgia rob\u00f3tica\" >Tobey Hospital reconhecido pela cirurgia rob\u00f3tica<\/a>            <\/div>\n    \t\t\t\t<\/div>\n\t\t\t\t\t\t\t\t<div class=\"images\">\n\t\t\t\t\t\t<img decoding=\"async\" class=\"single\" src=\"https:\/\/www.southcoast.org\/wp-content\/uploads\/2025\/11\/Untitled-372-x-405-px-2.png\" alt=\"Two gold circular badges with the text &quot;SRC Center of Excellence Robotic Surgery&quot; and &quot;SRC Surgeon of Excellence Robotic Surgery&quot; on a white background.\">\n\t\t\t\t\t\t\t\t\t\t<\/div>\n\t\t\t\t\n\t\t\t<\/div>\n\t\t<\/div>\n\t<\/div>\n<\/div>\n<\/div>\n\n\n<div  class=\"blockSettings  paddingTopSM paddingBottomMD cardImageFluid light\" style=\"background-color:#E9F7F4;\"><div class=\"container\" role=\"region\"  aria-label=\"Como funciona a cirurgia assistida por rob\u00f4 \">\n\t<div class=\"grid\">\n\t\t<div class=\"col-sm-12\">\n\t\t\t    <div class=\"introWithCta centerAlign\">\n            <div class=\"mainCopyWrap\">\n            <h2>Como funciona a cirurgia assistida por rob\u00f4 <\/h2>\n        <\/div>\n        <\/div>\n    \t\t<\/div>\n\t<\/div>\n\t<div class=\"blockSeparator\"><\/div>\n\t<div class=\"cardImageContentWrap\">\n\t\t\t\t\t\t\t<!--Manual Cards-->\n\t\t\t<div class=\"grid smallGrid\" >\n\t\t\t\t\t\t\t\t\t\t\t<div class=\"col-sm-6 col-md-6 col-grid\" role=\"group\"  aria-label=\"Maior precis\u00e3o com incis\u00f5es mais pequenas\">\n\t\t\t\t\t\t\t\t<div class=\"cardBasic border left Vertical\">\n\t\t\t\t\t\t\t\t\t<div class=\"cardImage\" style=\"background-image:url('https:\/\/www.southcoast.org\/wp-content\/uploads\/2025\/08\/da-Vinci-Surgical-System-Robotic-Surgery-Weight-Loss-21-scaled.jpg'); \"><\/div>\n\t\t\t\t\t\t\t\t\t<div class=\"cardBasicBody\">\n\t\t\t\t\t\t\t\t\t\t\t\t\t\t\t\t\t\t\t\t\t<p class=\"preHeadline\">Sistema cir\u00fargico da Vinci<\/p>\n\t\t\t\t\t\t\t\t\t\t\t\t\t\t\t\t\t\t\t\t<p class=\"cardBasicBodyTitle\">Maior precis\u00e3o com incis\u00f5es mais pequenas<\/p>\n\t\t\t\t\t\t\t\t\t\t\t\t\t\t\t\t\t\t\t\t\t<div class=\"excerpt\">\n\t\t\t\t\t\t\t\t\t\t\t\t<p>Com o\u00a0<strong>Sistema cir\u00fargico da Vinci<\/strong>O cirurgi\u00e3o est\u00e1 sentado numa consola de controlo na mesma sala de opera\u00e7\u00f5es que o doente. A consola traduz os movimentos da m\u00e3o do cirurgi\u00e3o na consola em tempo real, dobrando e rodando os instrumentos enquanto realiza o procedimento.<\/p>\n\t\t\t\t\t\t\t\t\t\t\t<\/div>\n\t\t\t\t\t\t\t\t\t\t\t\t\t\t\t\t\t\t\t\t<a aria-label=\"liga\u00e7\u00e3o ao rob\u00f4 cir\u00fargico da Vinci Xi\" href=\"https:\/\/www.southcoast.org\/pt\/da-vinci-surgical-robot\/\" title=\"liga\u00e7\u00e3o ao rob\u00f4 cir\u00fargico da Vinci Xi\" target=\"_self\" class=\"readMore\"><span class=\"fa-regular fa-arrow-up-right readMoreIcon\"><\/span> Rob\u00f4 cir\u00fargico da Vinci Xi <\/a>\n\t\t\t\t\t\t\t\t\t<\/div>\n\t\t\t\t\t\t\t\t<\/div>\n\t\t\t\t\t\t\t<\/div>\n\t\t\t\t\t\t\t\t\t\t\t\t\t\t\t\t\t<div class=\"col-sm-6 col-md-6 col-grid\" role=\"group\"  aria-label=\"Uma nova solu\u00e7\u00e3o para a dor nas articula\u00e7\u00f5es\">\n\t\t\t\t\t\t\t\t<div class=\"cardBasic border left Vertical\">\n\t\t\t\t\t\t\t\t\t<div class=\"cardImage\" style=\"background-image:url('https:\/\/www.southcoast.org\/wp-content\/uploads\/2025\/08\/Mako-Robotic-Surgery-Orthopedics-14-scaled.jpg'); \"><\/div>\n\t\t\t\t\t\t\t\t\t<div class=\"cardBasicBody\">\n\t\t\t\t\t\t\t\t\t\t\t\t\t\t\t\t\t\t\t\t\t<p class=\"preHeadline\">Tecnologia Mako\u2122 assistida por bra\u00e7o rob\u00f3tico<\/p>\n\t\t\t\t\t\t\t\t\t\t\t\t\t\t\t\t\t\t\t\t<p class=\"cardBasicBodyTitle\">Uma nova solu\u00e7\u00e3o para a dor nas articula\u00e7\u00f5es<\/p>\n\t\t\t\t\t\t\t\t\t\t\t\t\t\t\t\t\t\t\t\t\t<div class=\"excerpt\">\n\t\t\t\t\t\t\t\t\t\t\t\t<p><strong>O sistema Mako<\/strong>\u00a0guia o cirurgi\u00e3o dentro de uma \u00e1rea pr\u00e9-definida e ajuda a evitar que o cirurgi\u00e3o se mova para fora dos limites planeados. O sistema Mako n\u00e3o efectua efetivamente a cirurgia, apenas ajuda os cirurgi\u00f5es a realizar o procedimento com maior precis\u00e3o e com um m\u00e9todo minimamente invasivo.<\/p>\n\t\t\t\t\t\t\t\t\t\t\t<\/div>\n\t\t\t\t\t\t\t\t\t\t\t\t\t\t\t\t\t\t\t\t<a aria-label=\"liga\u00e7\u00e3o para a Tecnologia Assistida por Bra\u00e7o Rob\u00f3tico Mako\" href=\"https:\/\/www.southcoast.org\/pt\/mako-robotic-arm-assisted-technology\/\" title=\"liga\u00e7\u00e3o para a Tecnologia Assistida por Bra\u00e7o Rob\u00f3tico Mako\" target=\"_self\" class=\"readMore\"><span class=\"fa-regular fa-arrow-up-right readMoreIcon\"><\/span> Tecnologia assistida por bra\u00e7o rob\u00f3tico Mako <\/a>\n\t\t\t\t\t\t\t\t\t<\/div>\n\t\t\t\t\t\t\t\t<\/div>\n\t\t\t\t\t\t\t<\/div>\n\t\t\t\t\t\t\t\t\t\t\t\t\t\t\t\t\t<div class=\"col-sm-6 col-md-6 col-grid\" role=\"group\"  aria-label=\"Uma vis\u00e3o clara da cirurgia das costas\">\n\t\t\t\t\t\t\t\t<div class=\"cardBasic border left Vertical\">\n\t\t\t\t\t\t\t\t\t<div class=\"cardImage\" style=\"background-image:url('https:\/\/www.southcoast.org\/wp-content\/uploads\/2025\/11\/20250826-174141ADP_2588-scaled.jpg'); \"><\/div>\n\t\t\t\t\t\t\t\t\t<div class=\"cardBasicBody\">\n\t\t\t\t\t\t\t\t\t\t\t\t\t\t\t\t\t\t\t\t\t<p class=\"preHeadline\">Sistema cir\u00fargico 7D Flash<\/p>\n\t\t\t\t\t\t\t\t\t\t\t\t\t\t\t\t\t\t\t\t<p class=\"cardBasicBodyTitle\">Uma vis\u00e3o clara da cirurgia das costas<\/p>\n\t\t\t\t\t\t\t\t\t\t\t\t\t\t\t\t\t\t\t\t\t<div class=\"excerpt\">\n\t\t\t\t\t\t\t\t\t\t\t\t<p><strong>Tecnologia cir\u00fargica 7D<\/strong>\u00a0para procedimentos da coluna vertebral orienta os cirurgi\u00f5es com uma imagem 3D altamente pormenorizada obtida em apenas quatro segundos. \u00c0 semelhan\u00e7a do que o GPS fez para a navega\u00e7\u00e3o geogr\u00e1fica, o 7D \u00e9 como um sistema de GPS para a cirurgia \u00e0 coluna. O sistema permite aos cirurgi\u00f5es efetuar cirurgias \u00e0 coluna vertebral r\u00e1pidas, eficientes e sem radia\u00e7\u00e3o.<\/p>\n\t\t\t\t\t\t\t\t\t\t\t<\/div>\n\t\t\t\t\t\t\t\t\t\t\t\t\t\t\t\t\t\t\t\t<a aria-label=\"liga\u00e7\u00e3o ao Sistema Cir\u00fargico 7D\" href=\"https:\/\/www.southcoast.org\/pt\/7d-surgical-system\/\" title=\"liga\u00e7\u00e3o ao Sistema Cir\u00fargico 7D\" target=\"_self\" class=\"readMore\"><span class=\"fa-regular fa-arrow-up-right readMoreIcon\"><\/span> Sistema cir\u00fargico 7D <\/a>\n\t\t\t\t\t\t\t\t\t<\/div>\n\t\t\t\t\t\t\t\t<\/div>\n\t\t\t\t\t\t\t<\/div>\n\t\t\t\t\t\t\t\t\t\t\t\t\t\t\t\t\t<div class=\"col-sm-6 col-md-6 col-grid\" role=\"group\"  aria-label=\"Uma abordagem minimamente invasiva \u00e0 biopsia pulmonar e ao tratamento do cancro\">\n\t\t\t\t\t\t\t\t<div class=\"cardBasic border left Vertical\">\n\t\t\t\t\t\t\t\t\t<div class=\"cardImage\" style=\"background-image:url('https:\/\/www.southcoast.org\/wp-content\/uploads\/2025\/08\/ION-Technology-4-scaled.jpg'); \"><\/div>\n\t\t\t\t\t\t\t\t\t<div class=\"cardBasicBody\">\n\t\t\t\t\t\t\t\t\t\t\t\t\t\t\t\t\t\t\t\t\t<p class=\"preHeadline\">Sistema Endoluminal Assistido por Rob\u00f4 Ion<\/p>\n\t\t\t\t\t\t\t\t\t\t\t\t\t\t\t\t\t\t\t\t<p class=\"cardBasicBodyTitle\">Uma abordagem minimamente invasiva \u00e0 biopsia pulmonar e ao tratamento do cancro<\/p>\n\t\t\t\t\t\t\t\t\t\t\t\t\t\t\t\t\t\t\t\t\t<div class=\"excerpt\">\n\t\t\t\t\t\t\t\t\t\t\t\t<p>Durante uma broncoscopia com o sistema cir\u00fargico Ion, o cirurgi\u00e3o utiliza o controlador para navegar at\u00e9 ao alvo ao longo de um percurso planeado. O cateter pode articular-se 180\u00b0 em qualquer dire\u00e7\u00e3o para passar atrav\u00e9s de vias a\u00e9reas pequenas e dif\u00edceis de navegar e em curvas apertadas para alcan\u00e7ar todos os 18 segmentos do pulm\u00e3o.<\/p>\n\t\t\t\t\t\t\t\t\t\t\t<\/div>\n\t\t\t\t\t\t\t\t\t\t\t\t\t\t\t\t\t\t\t\t<a aria-label=\"liga\u00e7\u00e3o ao Sistema Endoluminal Assistido por Rob\u00f4 Ion\" href=\"https:\/\/www.southcoast.org\/pt\/ion-robotic-assisted-endoluminal-system\/\" title=\"liga\u00e7\u00e3o ao Sistema Endoluminal Assistido por Rob\u00f4 Ion\" target=\"_self\" class=\"readMore\"><span class=\"fa-regular fa-arrow-up-right readMoreIcon\"><\/span> Sistema Endoluminal Assistido por Rob\u00f4 Ion <\/a>\n\t\t\t\t\t\t\t\t\t<\/div>\n\t\t\t\t\t\t\t\t<\/div>\n\t\t\t\t\t\t\t<\/div>\n\t\t\t\t\t\t\t\t\t\t\t\t\t<\/div>\n\t\t\t<\/div>\n\t<\/div>\n\n<\/div>\n\n\n<div  class=\"blockSettings  paddingTopNone paddingBottomNone videoGridFluid light\" style=\"\"><div class=\"container\">\n            <div class=\"grid\">\n            <div class=\"col-sm-12\">\n                <div class=\"introCenter\">\n                        <div class=\"mainCopyWrap\">\n            <h2>Recursos de v\u00eddeo sobre cirurgia assistida por rob\u00f4 <\/h2>\n        <\/div>\n                                        <\/div>\n            <\/div>\n        <\/div>\n    \n            <div class=\"blockSeparator\"><\/div>\n    \n    <!-- Video list -->\n    <div class=\"grid video smallGrid\">\n                                    <div class=\"col-xs-12 col-sm-6 col-grid video__item\">\n                                                                    <a title=\"abrir v\u00eddeo num popup\" class=\"popup-youtube video__image\" href=\"https:\/\/www.youtube.com\/watch?v=9G2sZkzrrdg\" style=\"background-image:url('https:\/\/www.southcoast.org\/wp-content\/uploads\/2025\/11\/Robotic-Assisted-Surgery-What-to-Expect.jpg');\">\n                            <div class=\"overLayVideo\"><\/div>\n                            <i class=\"fa-solid fa-circle-play\"><\/i>\n                        <\/a>\n                        <h2 class=\"video__title\"> Cirurgia assistida por rob\u00f4 | O que esperar<\/h2>\n                                    <\/div>\n                            <div class=\"col-xs-12 col-sm-6 col-grid video__item\">\n                                                                    <a title=\"abrir v\u00eddeo num popup\" class=\"popup-youtube video__image\" href=\"https:\/\/www.youtube.com\/watch?v=0ZaobUiJhCQ\" style=\"background-image:url('https:\/\/www.southcoast.org\/wp-content\/uploads\/2025\/11\/Introducing-Ion-by-Intuitive-Advancing-lung-biopsy-capability.jpg');\">\n                            <div class=\"overLayVideo\"><\/div>\n                            <i class=\"fa-solid fa-circle-play\"><\/i>\n                        <\/a>\n                        <h2 class=\"video__title\">Apresentando o Ion by Intuitive | Avan\u00e7ando a capacidade de bi\u00f3psia pulmonar<\/h2>\n                                    <\/div>\n                        <\/div>\n<\/div>\n<\/div>\n\n\n<div  class=\"blockSettings  paddingTopSM paddingBottomMD patient-stories-block light\" style=\"\"><div class=\"container\">\n    <div class=\"grid\">\n        <div class=\"col-sm-12\">\n                <div class=\"introWithSliderControls leftAlign\">\n            <div class=\"mainCopyWrap\">\n            <\/div>\n            <!-- Desktop + leftAlign Slider arrows -->\n        <div class=\"sliderControls sliderArrows\">\n            <button title=\"diapositivo anterior\" class=\"prev-slide\" aria-label=\"Deslizamento anterior\"><i class=\"fa-light fa-chevron-left\" aria-hidden=\"true\"><\/i><\/button>\n            <button title=\"diapositivo seguinte\" class=\"next-slide\" aria-label=\"Pr\u00f3ximo slide\"><i class=\"fa-light fa-chevron-right\" aria-hidden=\"true\"><\/i><\/button>\n        <\/div>\n            <\/div>\n\n\n                                <div class=\"grid\">\n                    <div class=\"col-sm-12\">\n                        <div class=\"blockFooter\">\n                            <\/br>\n                                                    <\/div>\n                    <\/div>\n                <\/div>\n\n            \n        <\/div>\n    <\/div>\n\n    \n    \n        <div class=\"grid\">\n            <div class=\"col-sm-12\">\n\n                <div class=\"slider-container slider-bleed\">\n\n\n                    <div class=\"sliderControls sliderArrows leftAlign\">\n                        <button title=\"diapositivo anterior\" class=\"prev-slide\"><i class=\"fa-light fa-chevron-left\"><\/i><\/button>\n                        <button title=\"diapositivo seguinte\" class=\"next-slide\"><i class=\"fa-light fa-chevron-right\"><\/i><\/button>\n                    <\/div>\n                    <div id=\"patient-stories-slider-69e7fb302aa48\" class=\"patient-stories-slider\">\n\n                                                    <div class=\"patient-story-slide\">\n                                                            <\/div>\n                                                    <div class=\"patient-story-slide\">\n                                                            <\/div>\n                                                    <div class=\"patient-story-slide\">\n                                                            <\/div>\n                                            <\/div>\n                <\/div>\n            <\/div>\n        <\/div>\n\n    \n\n<\/div>\n<\/div>","protected":false},"excerpt":{"rendered":"","protected":false},"author":11,"featured_media":0,"parent":0,"menu_order":0,"comment_status":"closed","ping_status":"closed","template":"","meta":{"_acf_changed":false,"footnotes":""},"class_list":["post-22450","page","type-page","status-publish","hentry"],"acf":[],"yoast_head":"<!-- This site is optimized with the Yoast SEO plugin v26.0 - https:\/\/yoast.com\/wordpress\/plugins\/seo\/ -->\n<title>Robotic-Assisted Surgery Technology - Southcoast Health<\/title>\n<meta name=\"robots\" content=\"index, follow, max-snippet:-1, max-image-preview:large, max-video-preview:-1\" \/>\n<link rel=\"canonical\" href=\"https:\/\/www.southcoast.org\/pt\/robots\/\" \/>\n<meta property=\"og:locale\" content=\"pt_PT\" \/>\n<meta property=\"og:type\" content=\"article\" \/>\n<meta property=\"og:title\" content=\"Robotic-Assisted Surgery Technology - Southcoast Health\" \/>\n<meta property=\"og:url\" content=\"https:\/\/www.southcoast.org\/pt\/robots\/\" \/>\n<meta property=\"og:site_name\" content=\"Southcoast Health\" \/>\n<meta property=\"article:modified_time\" content=\"2025-11-18T19:04:39+00:00\" \/>\n<meta name=\"twitter:card\" content=\"summary_large_image\" \/>\n<script type=\"application\/ld+json\" class=\"yoast-schema-graph\">{\"@context\":\"https:\/\/schema.org\",\"@graph\":[{\"@type\":\"WebPage\",\"@id\":\"https:\/\/www.southcoast.org\/robots\/\",\"url\":\"https:\/\/www.southcoast.org\/robots\/\",\"name\":\"Robotic-Assisted Surgery Technology - Southcoast Health\",\"isPartOf\":{\"@id\":\"https:\/\/www.southcoast.org\/#website\"},\"datePublished\":\"2025-08-07T20:38:56+00:00\",\"dateModified\":\"2025-11-18T19:04:39+00:00\",\"breadcrumb\":{\"@id\":\"https:\/\/www.southcoast.org\/robots\/#breadcrumb\"},\"inLanguage\":\"pt-PT\",\"potentialAction\":[{\"@type\":\"ReadAction\",\"target\":[\"https:\/\/www.southcoast.org\/robots\/\"]}]},{\"@type\":\"BreadcrumbList\",\"@id\":\"https:\/\/www.southcoast.org\/robots\/#breadcrumb\",\"itemListElement\":[{\"@type\":\"ListItem\",\"position\":1,\"name\":\"\",\"item\":\"https:\/\/www.southcoast.org\/\"},{\"@type\":\"ListItem\",\"position\":2,\"name\":\"Robotic-Assisted Surgery Technology\"}]},{\"@type\":\"WebSite\",\"@id\":\"https:\/\/www.southcoast.org\/#website\",\"url\":\"https:\/\/www.southcoast.org\/\",\"name\":\"Southcoast Health\",\"description\":\"More than medicine.\",\"potentialAction\":[{\"@type\":\"SearchAction\",\"target\":{\"@type\":\"EntryPoint\",\"urlTemplate\":\"https:\/\/www.southcoast.org\/?s={search_term_string}\"},\"query-input\":{\"@type\":\"PropertyValueSpecification\",\"valueRequired\":true,\"valueName\":\"search_term_string\"}}],\"inLanguage\":\"pt-PT\"}]}<\/script>\n<!-- \/ Yoast SEO plugin. -->","yoast_head_json":{"title":"Tecnologia de cirurgia assistida por rob\u00f4 - Southcoast Health","robots":{"index":"index","follow":"follow","max-snippet":"max-snippet:-1","max-image-preview":"max-image-preview:large","max-video-preview":"max-video-preview:-1"},"canonical":"https:\/\/www.southcoast.org\/pt\/robots\/","og_locale":"pt_PT","og_type":"article","og_title":"Robotic-Assisted Surgery Technology - Southcoast Health","og_url":"https:\/\/www.southcoast.org\/pt\/robots\/","og_site_name":"Southcoast Health","article_modified_time":"2025-11-18T19:04:39+00:00","twitter_card":"summary_large_image","schema":{"@context":"https:\/\/schema.org","@graph":[{"@type":"WebPage","@id":"https:\/\/www.southcoast.org\/robots\/","url":"https:\/\/www.southcoast.org\/robots\/","name":"Tecnologia de cirurgia assistida por rob\u00f4 - Southcoast Health","isPartOf":{"@id":"https:\/\/www.southcoast.org\/#website"},"datePublished":"2025-08-07T20:38:56+00:00","dateModified":"2025-11-18T19:04:39+00:00","breadcrumb":{"@id":"https:\/\/www.southcoast.org\/robots\/#breadcrumb"},"inLanguage":"pt-PT","potentialAction":[{"@type":"ReadAction","target":["https:\/\/www.southcoast.org\/robots\/"]}]},{"@type":"BreadcrumbList","@id":"https:\/\/www.southcoast.org\/robots\/#breadcrumb","itemListElement":[{"@type":"ListItem","position":1,"name":"","item":"https:\/\/www.southcoast.org\/"},{"@type":"ListItem","position":2,"name":"Robotic-Assisted Surgery Technology"}]},{"@type":"WebSite","@id":"https:\/\/www.southcoast.org\/#website","url":"https:\/\/www.southcoast.org\/","name":"Sa\u00fade no Sudeste","description":"Mais do que medicamentos.","potentialAction":[{"@type":"SearchAction","target":{"@type":"EntryPoint","urlTemplate":"https:\/\/www.southcoast.org\/?s={search_term_string}"},"query-input":{"@type":"PropertyValueSpecification","valueRequired":true,"valueName":"search_term_string"}}],"inLanguage":"pt-PT"}]}},"_links":{"self":[{"href":"https:\/\/www.southcoast.org\/pt\/wp-json\/wp\/v2\/pages\/22450","targetHints":{"allow":["GET"]}}],"collection":[{"href":"https:\/\/www.southcoast.org\/pt\/wp-json\/wp\/v2\/pages"}],"about":[{"href":"https:\/\/www.southcoast.org\/pt\/wp-json\/wp\/v2\/types\/page"}],"author":[{"embeddable":true,"href":"https:\/\/www.southcoast.org\/pt\/wp-json\/wp\/v2\/users\/11"}],"replies":[{"embeddable":true,"href":"https:\/\/www.southcoast.org\/pt\/wp-json\/wp\/v2\/comments?post=22450"}],"version-history":[{"count":59,"href":"https:\/\/www.southcoast.org\/pt\/wp-json\/wp\/v2\/pages\/22450\/revisions"}],"predecessor-version":[{"id":283254,"href":"https:\/\/www.southcoast.org\/pt\/wp-json\/wp\/v2\/pages\/22450\/revisions\/283254"}],"wp:attachment":[{"href":"https:\/\/www.southcoast.org\/pt\/wp-json\/wp\/v2\/media?parent=22450"}],"curies":[{"name":"wp","href":"https:\/\/api.w.org\/{rel}","templated":true}]}}