{"id":22418,"date":"2025-08-26T18:54:26","date_gmt":"2025-08-26T18:54:26","guid":{"rendered":"https:\/\/test-southcoast-health-multi.southcoast-health.org\/?page_id=22418"},"modified":"2025-08-26T19:06:36","modified_gmt":"2025-08-26T19:06:36","slug":"pathway-to-excellence","status":"publish","type":"page","link":"https:\/\/www.southcoast.org\/pt\/pathway-to-excellence\/","title":{"rendered":"Caminho para a excel\u00eancia"},"content":{"rendered":"<div  class=\"blockSettings  paddingTopSM paddingBottomMD videoGridFluid light\" style=\"background-color:#E9F7F4;\"><div class=\"container\">\n            <div class=\"grid\">\n            <div class=\"col-sm-12\">\n                <div class=\"introCenter\">\n                        <div class=\"mainCopyWrap\">\n            <p class=\"eyebrow\">A sua voz \u00e9 o caminho para Mais<\/p>\n        <h2>Caminho para a excel\u00eancia<\/h2>\n        <\/div>\n                                        <\/div>\n            <\/div>\n        <\/div>\n    \n    \n    <!-- Video list -->\n    <div class=\"grid video smallGrid\">\n            <\/div>\n<\/div>\n<\/div>\n\n\n<div  class=\"blockSettings  paddingTopSM paddingBottomSM media-object-block light\" style=\"background-color:#e1f5fa;\"><div class=\"container\">\n\t<div class=\"grid\">\n\t\t<div class=\"col-sm-12\">\n\t\t\t<div class=\"inner image-right list-style-disc inner-white-bg\" style=\"background-color: #fff;\">\n\t\t\t\t<div class=\"copy\">\n\t\t\t\t\t    <div class=\"mainCopyWrap\">\n            <h2>Buscar a excel\u00eancia em enfermagem <\/h2>\n    <div class=\"paragraphWrap\"><p><span class=\"TextRun SCXW7579131 BCX8\" lang=\"EN-US\" xml:lang=\"EN-US\" data-contrast=\"auto\"><span class=\"NormalTextRun SCXW7579131 BCX8\">O Pathway to Excellence Program\u00ae \u00e9 uma designa\u00e7\u00e3o de enfermagem de primeira linha oferecida pelo American Nurses Credentialing Center, o ramo de excel\u00eancia em enfermagem da American Nurses Association. Este programa reconhece as organiza\u00e7\u00f5es de cuidados de sa\u00fade que possuem ambientes de pr\u00e1tica positivos que promovem a autonomia dos enfermeiros. <\/span><span class=\"NormalTextRun SCXW7579131 BCX8\">No fundo, \u00e9<\/span><span class=\"NormalTextRun SCXW7579131 BCX8\"> incentiva os enfermeiros a empenharem-se e a tomarem decis\u00f5es sobre os cuidados a prestar aos doentes, encorajando simultaneamente o bem-estar e o apoio<\/span><span class=\"NormalTextRun SCXW7579131 BCX8\">.<\/span><\/span><span class=\"LineBreakBlob BlobObject DragDrop SCXW7579131 BCX8\"><span class=\"SCXW7579131 BCX8\">\u00a0<\/span><br class=\"SCXW7579131 BCX8\" \/><\/span><span class=\"LineBreakBlob BlobObject DragDrop SCXW7579131 BCX8\"><span class=\"SCXW7579131 BCX8\">\u00a0<\/span><br class=\"SCXW7579131 BCX8\" \/><\/span><span class=\"TextRun SCXW7579131 BCX8\" lang=\"EN-US\" xml:lang=\"EN-US\" data-contrast=\"auto\"><span class=\"NormalTextRun SCXW7579131 BCX8\">A Estrutura do Caminho para a Excel\u00eancia da ANCC <\/span><span class=\"NormalTextRun SCXW7579131 BCX8\">baseia-se em <\/span><span class=\"NormalTextRun SCXW7579131 BCX8\">seis normas que s\u00e3o elementos essenciais para o desenvolvimento de um ambiente de pr\u00e1tica positivo para a enfermagem numa variedade de contextos de cuidados de sa\u00fade, incluindo cuidados agudos e cuidados de longa dura\u00e7\u00e3o. Estas seis normas incluem a tomada de decis\u00f5es partilhada, a lideran\u00e7a, a seguran\u00e7a e a qualidade, <\/span><span class=\"NormalTextRun SCXW7579131 BCX8\">bem-estar<\/span><span class=\"NormalTextRun SCXW7579131 BCX8\"> e desenvolvimento profissional.<\/span><\/span><span class=\"LineBreakBlob BlobObject DragDrop SCXW7579131 BCX8\"><span class=\"SCXW7579131 BCX8\">\u00a0<\/span><br class=\"SCXW7579131 BCX8\" \/><\/span><span class=\"LineBreakBlob BlobObject DragDrop SCXW7579131 BCX8\"><span class=\"SCXW7579131 BCX8\">\u00a0<\/span><br class=\"SCXW7579131 BCX8\" \/><\/span><span class=\"TextRun SCXW7579131 BCX8\" lang=\"EN-US\" xml:lang=\"EN-US\" data-contrast=\"auto\"><span class=\"NormalTextRun SCXW7579131 BCX8\">Na Southcoast Health, compreendemos que, quando os enfermeiros t\u00eam uma voz, temos uma for\u00e7a de trabalho mais resistente, um pessoal mais elevado <\/span><span class=\"NormalTextRun SCXW7579131 BCX8\">satisfa\u00e7\u00e3o<\/span><span class=\"NormalTextRun SCXW7579131 BCX8\"> e <\/span><span class=\"NormalTextRun SCXW7579131 BCX8\">melhor<\/span><span class=\"NormalTextRun SCXW7579131 BCX8\"> experi\u00eancia do paciente. Al\u00e9m disso, o aumento da colabora\u00e7\u00e3o entre os servi\u00e7os de sa\u00fade <\/span><span class=\"NormalTextRun SCXW7579131 BCX8\">do profissional<\/span><span class=\"NormalTextRun SCXW7579131 BCX8\"> resulta em cuidados de melhor qualidade e melhores resultados para os doentes.<\/span><\/span><\/p>\n<\/div>    <\/div>\n    \t\t\t\t<\/div>\n\t\t\t\t\t\t\t\t<div class=\"images\">\n\t\t\t\t\t\t<img decoding=\"async\" class=\"single\" src=\"https:\/\/www.southcoast.org\/wp-content\/uploads\/2025\/08\/Pathway-To-Excellence-Designated-1.png\" alt=\"Pathway-designated emblem for American Nurses Credentialing Center\">\n\t\t\t\t\t\t\t\t\t\t<\/div>\n\t\t\t\t\n\t\t\t<\/div>\n\t\t<\/div>\n\t<\/div>\n<\/div>\n<\/div>\n\n\n<div  class=\"blockSettings  paddingTopSM paddingBottomSM cardImageFluid light\" style=\"\"><div class=\"container\" role=\"region\"  aria-label=\"Jornada para a Excel\u00eancia da Southcoast Health\">\n\t<div class=\"grid\">\n\t\t<div class=\"col-sm-12\">\n\t\t\t    <div class=\"introWithCta leftAlign\">\n            <div class=\"mainCopyWrap\">\n            <h2>Jornada para a Excel\u00eancia da Southcoast Health<\/h2>\n        <\/div>\n        <\/div>\n    \t\t<\/div>\n\t<\/div>\n\t<div class=\"blockSeparator\"><\/div>\n\t<div class=\"cardImageContentWrap\">\n\t\t\t\t\t\t\t<div class=\"grid smallGrid\" >\n\t\t\t\t\t\t\t\t\t\t\t\t\t\t\t<div class=\"col-sm-6 col-md-6 col-grid\" role=\"group\"  aria-label=\"O Tobey Hospital torna-se o segundo hospital da Southcoast Health a obter a designa\u00e7\u00e3o Pathway to Excellence\">\n\t\t\t\t\t\t\t<div class=\"cardBasic border left Vertical\">\n\t\t\t\t\t\t\t\t<div class=\"cardImage\" style=\"background-image:url('https:\/\/www.southcoast.org\/wp-content\/uploads\/2025\/08\/NEW-WEBSITE-788x398-News-Post-Images.png');\">\n\t\t\t\t\t\t\t\t\t\t\t\t\t\t\t\t\t\t\t<div class=\"postCategory\">\n\t\t\t\t\t\t\t\t\t\t\t<span>Pr\u00e9mios e realiza\u00e7\u00f5es<\/span>\t\t\t\t\t\t\t\t\t\t<\/div>\n\t\t\t\t\t\t\t\t\t\t\t\t\t\t\t\t\t<\/div>\n\t\t\t\t\t\t\t\t<div class=\"cardBasicBody\">\n\t\t\t\t\t\t\t\t\t\t\t\t\t\t\t\t\t\t\t<p class=\"postMeta\">Sa\u00fade no Sudeste\t\t\t\t\t\t\t\t\t\t\t<span>&#9679;<\/span>\n\t\t\t\t\t\t\t\t\t\t\t22 de agosto de 2025\t\t\t\t\t\t\t\t\t\t<\/p>\n\t\t\t\t\t\t\t\t\t\t\t\t\t\t\t\t\t\t<p class=\"cardBasicBodyTitle\">O Tobey Hospital torna-se o segundo hospital da Southcoast Health a obter a designa\u00e7\u00e3o Pathway to Excellence<\/p>\n\t\t\t\t\t\t\t\t\t\t\t\t\t\t\t\t\t\t\t<div class=\"excerpt\">\n\t\t\t\t\t\t\t\t\t\t\t<p>Hoje, os enfermeiros, l\u00edderes e funcion\u00e1rios da Southcoast Health comemoraram o an\u00fancio oficial de que o Tobey Hospital recebeu a designa\u00e7\u00e3o de Pathway to Excellence\u00ae Hospital pelo American Nurses Credentialing Center (ANCC), juntando-se [...]<\/p>\n\t\t\t\t\t\t\t\t\t\t<\/div>\n\t\t\t\t\t\t\t\t\t\t\t\t\t\t\t\t\t\t\t\t\t\t\t\t\t\t\t\t\t\t\t\t\t\t\t\t\t\t\t<!-- Use post permalink if no external link -->\n\t\t\t\t\t\t\t\t\t\t\t<a aria-label=\"link para Tobey Hospital torna-se o segundo hospital da Southcoast Health a obter a designa\u00e7\u00e3o Pathway to Excellence\" title=\"link para Tobey Hospital torna-se o segundo hospital da Southcoast Health a obter a designa\u00e7\u00e3o Pathway to Excellence\" href=\"https:\/\/www.southcoast.org\/pt\/news\/tobey-hospitals-pathway-to-excellence\/\" class=\"readMore\"><i class=\"fa-regular fa-arrow-up-right readMoreIcon\"><\/i> Ler mais<\/a>\n\t\t\t\t\t\t\t\t\t\t\t\t\t\t\t\t\t\t\t\t\t\t\t\t\t\t\t<\/div>\n\t\t\t\t\t\t\t<\/div>\n\t\t\t\t\t\t<\/div>\n\t\t\t\t\t\t\t\t\t\t\t<div class=\"col-sm-6 col-md-6 col-grid\" role=\"group\"  aria-label=\"O Charlton Memorial Hospital da Southcoast Health obteve a designa\u00e7\u00e3o Pathway to Excellence\">\n\t\t\t\t\t\t\t<div class=\"cardBasic border left Vertical\">\n\t\t\t\t\t\t\t\t<div class=\"cardImage\" style=\"background-image:url('https:\/\/www.southcoast.org\/wp-content\/uploads\/2025\/01\/Pathway.jpg');\">\n\t\t\t\t\t\t\t\t\t\t\t\t\t\t\t\t\t\t\t<div class=\"postCategory\">\n\t\t\t\t\t\t\t\t\t\t\t<span>Pr\u00e9mios e realiza\u00e7\u00f5es<\/span>\t\t\t\t\t\t\t\t\t\t<\/div>\n\t\t\t\t\t\t\t\t\t\t\t\t\t\t\t\t\t<\/div>\n\t\t\t\t\t\t\t\t<div class=\"cardBasicBody\">\n\t\t\t\t\t\t\t\t\t\t\t\t\t\t\t\t\t\t\t<p class=\"postMeta\">Sa\u00fade no Sudeste\t\t\t\t\t\t\t\t\t\t\t<span>&#9679;<\/span>\n\t\t\t\t\t\t\t\t\t\t\t23 de fevereiro de 2024\t\t\t\t\t\t\t\t\t\t<\/p>\n\t\t\t\t\t\t\t\t\t\t\t\t\t\t\t\t\t\t<p class=\"cardBasicBodyTitle\">O Charlton Memorial Hospital da Southcoast Health obteve a designa\u00e7\u00e3o Pathway to Excellence<\/p>\n\t\t\t\t\t\t\t\t\t\t\t\t\t\t\t\t\t\t\t<div class=\"excerpt\">\n\t\t\t\t\t\t\t\t\t\t\t<p>Na tarde de quinta-feira, enfermeiros, l\u00edderes e funcion\u00e1rios da Southcoast Health reuniram-se para o an\u00fancio oficial de que o Charlton Memorial Hospital recebeu a designa\u00e7\u00e3o de Pathway to Excellence\u00ae Hospital pela American Nurses [...]<\/p>\n\t\t\t\t\t\t\t\t\t\t<\/div>\n\t\t\t\t\t\t\t\t\t\t\t\t\t\t\t\t\t\t\t\t\t\t\t\t\t\t\t\t\t\t\t\t\t\t\t\t\t\t\t<!-- Use post permalink if no external link -->\n\t\t\t\t\t\t\t\t\t\t\t<a aria-label=\"link para O Charlton Memorial Hospital, da Southcoast Health, obteve a designa\u00e7\u00e3o Pathway to Excellence\" title=\"link para O Charlton Memorial Hospital, da Southcoast Health, obteve a designa\u00e7\u00e3o Pathway to Excellence\" href=\"https:\/\/www.southcoast.org\/pt\/news\/charlton-memorial-hospital-pathway-to-excellence-designation\/\" class=\"readMore\"><i class=\"fa-regular fa-arrow-up-right readMoreIcon\"><\/i> Ler mais<\/a>\n\t\t\t\t\t\t\t\t\t\t\t\t\t\t\t\t\t\t\t\t\t\t\t\t\t\t\t<\/div>\n\t\t\t\t\t\t\t<\/div>\n\t\t\t\t\t\t<\/div>\n\t\t\t\t\t\t\t\t\t\t\t\t<\/div>\n\t\t\t<\/div>\n\t<\/div>\n\n<\/div>\n\n\n\n\n<div  class=\"blockSettings  paddingTopSM paddingBottomSM bannerFluid light\" style=\"\"><div class=\"container\">\n    <div class=\"grid\">\n        <div class=\"col-sm-12\">\n            <div class=\"inner\">\n                                    <img decoding=\"async\" class=\"pulse\" src=\"https:\/\/www.southcoast.org\/wp-content\/themes\/southcoast_multisite\/images\/pulse.svg\" alt=\"\">\n                                <div class=\"copy\">\n                        <div class=\"mainCopyWrap\">\n        <div class=\"paragraphWrap\"><p>\"Esta designa\u00e7\u00e3o Pathway refor\u00e7a que cri\u00e1mos uma cultura forte, inclusiva e positiva para os nossos enfermeiros, que incentiva o envolvimento e apoia o crescimento e o bem-estar das suas carreiras.\" - Jacqueline Somerville, Ph.D., RN, FAAN, NEA-BC, Vice-Presidente S\u00e9nior e Diretora de Enfermagem da Southcoast Health<\/p>\n<\/div>    <\/div>\n        <div class=\"ctaWrap\">\n                    <a aria-label=\"liga\u00e7\u00e3o para apoiar os nossos enfermeiros no seu percurso para a excel\u00eancia\" class=\"mainCTA shadow dark1\" href=\"https:\/\/host.nxt.blackbaud.com\/donor-form\/?svcid=tcs&#038;formId=1efbc523-f840-4833-8176-ae6210e99a49&#038;envid=p-ErWNnLTD3UGBHCAEwe1t7Q&#038;zone=usa\" target=\"_blank\" title=\"Abre Apoiar os nossos enfermeiros no seu percurso para a excel\u00eancia num novo separador ou janela\" rel=\"noopener noreferrer\">Apoiar os nossos enfermeiros no seu percurso para a excel\u00eancia<span class=\"fa-regular fa-up-right-from-square\"><\/span><\/a>            <\/div>\n                    <\/div>\n                <div class=\"media\">\n                    \n                        <img decoding=\"async\" class=\"doctor\" src=\"https:\/\/www.southcoast.org\/wp-content\/uploads\/2025\/08\/Jackie-Somerville-Cutout.png\" alt=\"Woman in a green jacket with a colorful brooch.\">\n                        <img decoding=\"async\" class=\"graphical\" src=\"https:\/\/www.southcoast.org\/wp-content\/themes\/southcoast_multisite\/images\/corner-art.svg\" alt=\"\">\n\n\n                                    <\/div>\n            <\/div>\n        <\/div>\n    <\/div>\n<\/div>\n<\/div>\n\n\n<div  class=\"blockSettings  paddingTopSM paddingBottomSM calloutbannerminiFluid layout-full darkTheme\" style=\"background: linear-gradient(110deg, #0A4A3D 2.57%, rgba(5, 116, 99, 0.99) 59.47%, #009984 99.08%);\"><div class=\"container-full\">\n    <div class=\"grid\">\n        <div class=\"col-sm-12 col-bleed\">\n            <div class=\"banner-content container ctas-1\">\n                                    <div class=\"copy\">\n                        <p><strong>Est\u00e1 \u00e0 procura de uma carreira de enfermagem com um objetivo e com poder de decis\u00e3o? Explore as oportunidades de carreira na Southcoast Health!\u00a0<\/strong><\/p>\n                    <\/div>\n                                    <div class=\"ctaWrap\">\n                    <a aria-label=\"liga\u00e7\u00e3o para Oportunidades de Carreira\" class=\"mainCTA shadow dark2\" href=\"https:\/\/www.southcoast.org\/pt\/careers\/\" title=\"Oportunidades de carreira em aberto\" >Oportunidades de carreira<\/a>            <\/div>\n                <\/div>\n        <\/div>\n    <\/div>\n<\/div>\n<\/div>","protected":false},"excerpt":{"rendered":"","protected":false},"author":11,"featured_media":0,"parent":0,"menu_order":0,"comment_status":"closed","ping_status":"closed","template":"","meta":{"_acf_changed":false,"footnotes":""},"class_list":["post-22418","page","type-page","status-publish","hentry"],"acf":[],"yoast_head":"<!-- This site is optimized with the Yoast SEO plugin v26.0 - https:\/\/yoast.com\/wordpress\/plugins\/seo\/ -->\n<title>Pathway to Excellence - Southcoast Health<\/title>\n<meta name=\"robots\" content=\"index, follow, max-snippet:-1, max-image-preview:large, max-video-preview:-1\" \/>\n<link rel=\"canonical\" href=\"https:\/\/www.southcoast.org\/pt\/pathway-to-excellence\/\" \/>\n<meta property=\"og:locale\" content=\"pt_PT\" \/>\n<meta property=\"og:type\" content=\"article\" \/>\n<meta property=\"og:title\" content=\"Pathway to Excellence - Southcoast Health\" \/>\n<meta property=\"og:url\" content=\"https:\/\/www.southcoast.org\/pt\/pathway-to-excellence\/\" \/>\n<meta property=\"og:site_name\" content=\"Southcoast Health\" \/>\n<meta property=\"article:modified_time\" content=\"2025-08-26T19:06:36+00:00\" \/>\n<meta name=\"twitter:card\" content=\"summary_large_image\" \/>\n<script type=\"application\/ld+json\" class=\"yoast-schema-graph\">{\"@context\":\"https:\/\/schema.org\",\"@graph\":[{\"@type\":\"WebPage\",\"@id\":\"https:\/\/www.southcoast.org\/pathway-to-excellence\/\",\"url\":\"https:\/\/www.southcoast.org\/pathway-to-excellence\/\",\"name\":\"Pathway to Excellence - Southcoast Health\",\"isPartOf\":{\"@id\":\"https:\/\/www.southcoast.org\/#website\"},\"datePublished\":\"2025-08-26T18:54:26+00:00\",\"dateModified\":\"2025-08-26T19:06:36+00:00\",\"breadcrumb\":{\"@id\":\"https:\/\/www.southcoast.org\/pathway-to-excellence\/#breadcrumb\"},\"inLanguage\":\"pt-PT\",\"potentialAction\":[{\"@type\":\"ReadAction\",\"target\":[\"https:\/\/www.southcoast.org\/pathway-to-excellence\/\"]}]},{\"@type\":\"BreadcrumbList\",\"@id\":\"https:\/\/www.southcoast.org\/pathway-to-excellence\/#breadcrumb\",\"itemListElement\":[{\"@type\":\"ListItem\",\"position\":1,\"name\":\"\",\"item\":\"https:\/\/www.southcoast.org\/\"},{\"@type\":\"ListItem\",\"position\":2,\"name\":\"Pathway to Excellence\"}]},{\"@type\":\"WebSite\",\"@id\":\"https:\/\/www.southcoast.org\/#website\",\"url\":\"https:\/\/www.southcoast.org\/\",\"name\":\"Southcoast Health\",\"description\":\"More than medicine.\",\"potentialAction\":[{\"@type\":\"SearchAction\",\"target\":{\"@type\":\"EntryPoint\",\"urlTemplate\":\"https:\/\/www.southcoast.org\/?s={search_term_string}\"},\"query-input\":{\"@type\":\"PropertyValueSpecification\",\"valueRequired\":true,\"valueName\":\"search_term_string\"}}],\"inLanguage\":\"pt-PT\"}]}<\/script>\n<!-- \/ Yoast SEO plugin. -->","yoast_head_json":{"title":"Pathway to Excellence - Southcoast Health","robots":{"index":"index","follow":"follow","max-snippet":"max-snippet:-1","max-image-preview":"max-image-preview:large","max-video-preview":"max-video-preview:-1"},"canonical":"https:\/\/www.southcoast.org\/pt\/pathway-to-excellence\/","og_locale":"pt_PT","og_type":"article","og_title":"Pathway to Excellence - Southcoast Health","og_url":"https:\/\/www.southcoast.org\/pt\/pathway-to-excellence\/","og_site_name":"Southcoast Health","article_modified_time":"2025-08-26T19:06:36+00:00","twitter_card":"summary_large_image","schema":{"@context":"https:\/\/schema.org","@graph":[{"@type":"WebPage","@id":"https:\/\/www.southcoast.org\/pathway-to-excellence\/","url":"https:\/\/www.southcoast.org\/pathway-to-excellence\/","name":"Pathway to Excellence - Southcoast Health","isPartOf":{"@id":"https:\/\/www.southcoast.org\/#website"},"datePublished":"2025-08-26T18:54:26+00:00","dateModified":"2025-08-26T19:06:36+00:00","breadcrumb":{"@id":"https:\/\/www.southcoast.org\/pathway-to-excellence\/#breadcrumb"},"inLanguage":"pt-PT","potentialAction":[{"@type":"ReadAction","target":["https:\/\/www.southcoast.org\/pathway-to-excellence\/"]}]},{"@type":"BreadcrumbList","@id":"https:\/\/www.southcoast.org\/pathway-to-excellence\/#breadcrumb","itemListElement":[{"@type":"ListItem","position":1,"name":"","item":"https:\/\/www.southcoast.org\/"},{"@type":"ListItem","position":2,"name":"Pathway to Excellence"}]},{"@type":"WebSite","@id":"https:\/\/www.southcoast.org\/#website","url":"https:\/\/www.southcoast.org\/","name":"Sa\u00fade no Sudeste","description":"Mais do que medicamentos.","potentialAction":[{"@type":"SearchAction","target":{"@type":"EntryPoint","urlTemplate":"https:\/\/www.southcoast.org\/?s={search_term_string}"},"query-input":{"@type":"PropertyValueSpecification","valueRequired":true,"valueName":"search_term_string"}}],"inLanguage":"pt-PT"}]}},"_links":{"self":[{"href":"https:\/\/www.southcoast.org\/pt\/wp-json\/wp\/v2\/pages\/22418","targetHints":{"allow":["GET"]}}],"collection":[{"href":"https:\/\/www.southcoast.org\/pt\/wp-json\/wp\/v2\/pages"}],"about":[{"href":"https:\/\/www.southcoast.org\/pt\/wp-json\/wp\/v2\/types\/page"}],"author":[{"embeddable":true,"href":"https:\/\/www.southcoast.org\/pt\/wp-json\/wp\/v2\/users\/11"}],"replies":[{"embeddable":true,"href":"https:\/\/www.southcoast.org\/pt\/wp-json\/wp\/v2\/comments?post=22418"}],"version-history":[{"count":19,"href":"https:\/\/www.southcoast.org\/pt\/wp-json\/wp\/v2\/pages\/22418\/revisions"}],"predecessor-version":[{"id":39192,"href":"https:\/\/www.southcoast.org\/pt\/wp-json\/wp\/v2\/pages\/22418\/revisions\/39192"}],"wp:attachment":[{"href":"https:\/\/www.southcoast.org\/pt\/wp-json\/wp\/v2\/media?parent=22418"}],"curies":[{"name":"wp","href":"https:\/\/api.w.org\/{rel}","templated":true}]}}