{"id":22400,"date":"2025-08-06T20:53:00","date_gmt":"2025-08-06T20:53:00","guid":{"rendered":"https:\/\/test-southcoast-health-multi.southcoast-health.org\/?page_id=22400"},"modified":"2026-03-10T11:59:06","modified_gmt":"2026-03-10T16:59:06","slug":"childbirth-and-family-education","status":"publish","type":"page","link":"https:\/\/www.southcoast.org\/pt\/childbirth-and-family-education\/","title":{"rendered":"Educa\u00e7\u00e3o para o parto e a fam\u00edlia"},"content":{"rendered":"<div  class=\"blockSettings  paddingTopSM paddingBottomMD heroBasicFluid darkTheme\" style=\"background-image:url(https:\/\/www.southcoast.org\/wp-content\/uploads\/2025\/07\/Jillian-Zucco-Family-Photo-Primary-Care.jpg);background-size:cover;background-position:center center;\"><div class=\"overlay\"><\/div><div class=\"container\">\n            <div class=\"grid\">\n            <div class=\"col-sm-12 col-bleed-y\">\n                <div class=\"Center\">\n                    <div class=\"breadcrumbsWrapper desktop-breadcrumbs\"><nav id=\"breadcrumbs\" aria-label=\"P\u00e3o ralado\"><ol><li><a href=\"https:\/\/www.southcoast.org\/pt\/\"><i class=\"fa-light fa-house\"><\/i><span class=\"visually-hidden\">In\u00edcio<\/span><\/a><\/li><\/ol><\/nav><\/div><div class=\"breadcrumbsWrapper mobile-breadcrumbs\"><p id=\"mobile-breadcrumbs\" class=\"mobile-back-nav\"><span><span><a href=\"#\" onclick=\"return handleBackNavigation();\"><i class=\"fa-solid fa-chevron-left back-arrow\"><\/i> Voltar<\/a><\/span><\/span><\/p>\t\t<script>\n\t\t\tfunction handleBackNavigation() {\n\t\t\t\tif (window.history.length > 1) {\n\t\t\t\t\twindow.history.back();\n\t\t\t\t} else {\n\t\t\t\t\twindow.location.href = 'https:\/\/www.southcoast.org\/pt';\n\t\t\t\t}\n\t\t\t\treturn false;\n\t\t\t}\n\t\t<\/script>\n<\/div>                <\/div>\n            <\/div>\n        <\/div>\n        <div class=\"grid align-center\">\n        <div class=\"col-sm-10\">\n            <div class=\"Center\">\n\n                    <div class=\"mainCopyWrap\">\n            <h1>Educa\u00e7\u00e3o para o parto e a fam\u00edlia<\/h1>\n    <div class=\"paragraphWrap\"><p>A Southcoast Health orgulha-se de oferecer uma variedade de aulas de parto para atender \u00e0s necessidades de cada nova fam\u00edlia. Quer pretenda saber mais sobre como se preparar para o parto ou o que acontece depois, podemos ajud\u00e1-la a encontrar as melhores respostas. Assistir a uma aula de parto \u00e9 tamb\u00e9m uma excelente forma de aprender a melhor maneira de interagir com o seu parceiro e com a equipa de cuidados de sa\u00fade durante o parto.<\/p><\/div>    <\/div>\n    \n                \n            <\/div>\n        <\/div>\n    <\/div>\n<\/div>\n    <div class=\"cornerArtWrapper cornerArt-small\">\n        <img decoding=\"async\" class=\"cornerArt\" src=\"https:\/\/www.southcoast.org\/wp-content\/themes\/southcoast_multisite\/images\/corner-art.svg\" alt=\"\">\n    <\/div>\n<\/div>\n\n\n\n\n<div  class=\"blockSettings  paddingTopNone paddingBottomNone copyFullFluid light\" style=\"\">\t<div class=\"container\">\n\t\t<div class=\"grid\">\n            \t\t\t<div class=\"copyFullWrap bg-white\">\n\t\t\t\t<div class=\"col-sm-12\">\n                    <div class=\"maincopy\">\n                        <h2 style=\"text-align: center;\"><strong>Register for Childbirth &amp; Parenting Class in Fall River and<br \/>\nNew Bedford, MA<\/strong><\/h2>\n<p>Look through our childbirth classes in southeastern MA below, then contact us\u00a0 for more information or to register. <strong>Registration is required for all classes at Southcoast Health.<\/strong> To secure a space in any class, payment must be made at the time of registration. Contact your insurance provider to see if they offer reimbursements.<\/p>\n<p><strong>Please call during the 18th to 20th week (10 to 12 weeks for multiples) of pregnancy to assure placement in the class you need.<\/strong> Classes are most beneficial to you in your third trimester, around 28 to 32 weeks. Many health insurance companies offer reimbursement to help cover the cost of classes, so be sure to contact your provider to ask about coverage.<\/p>\n<ul>\n<li><strong><a href=\"https:\/\/www.southcoast.org\/wp-content\/uploads\/2026\/03\/Fam-ed-Brochure.pdf\" target=\"_blank\" rel=\"noopener\">Download our brochure for more information<\/a><\/strong> (PDF)<\/li>\n<\/ul>\n                    <\/div>\n\n                    \n                    <div class=\"ctaWrap ctaCenter\">\n                                                                                        <a aria-label=\"liga\u00e7\u00e3o para o convite para mais informa\u00e7\u00f5es\" class=\"mainCTA shadow light1 ctaRight\" href=\"tel:508-973-7308\" title=\"Convite aberto para mais informa\u00e7\u00f5es\" >Ligar para mais informa\u00e7\u00f5es<\/a>                                                                                    \n                                                                                        <a aria-label=\"link para o e-mail para obter mais informa\u00e7\u00f5es\" class=\"mainCTA shadow light1 ctaRight\" href=\"mailto:familyeducation@southcoast.org\" title=\"Abrir e-mail para obter mais informa\u00e7\u00f5es\" >E-mail para mais informa\u00e7\u00f5es<\/a>                                                                                                        <\/div>\n\n\t\t\t\t<\/div>\n\t\t\t<\/div>\n            \n\n            \n\n            \t\t<\/div>\n\t<\/div>\n<\/div>\n\n\n<div  class=\"blockSettings  paddingTopNone paddingBottomMD cardIconsFluid cardIconsImageFluid light\" style=\"background-color:#f6f7f7;\">\t<div class=\"container\">\n\t\t\t\t\t<div class=\"grid\">\n\t\t\t\t<div class=\"col-sm-12\">\n\t\t\t\t\t<div class=\"introCenter\">\n\t\t\t\t\t\t<div class=\"maincopy intro\">\n\t\t\t\t\t\t\t<h2><\/h2>\n\t\t\t\t\t\t\t\t\t\t\t\t\t<\/div>\n\t\t\t\t\t\t\t\t\t\t\t\t\t\t\t\t\t\t\t\t\t\t\t\t\t\t                                                                                                        \t\t\t\t\t<\/div>\n\t\t\t\t<\/div>\n\t\t\t<\/div>\n\t\t\n\t\t\t\t\t<!--Manual Cards-->\n\t\t\t<div class=\"grid\">\n\t\t\t\t\t\t\t\t\t\t\t<div class=\"col-sm-6 col-md-4 col-grid\">\n\t\t\t\t\t\t\t\t<div class=\"cardBasic  Center Vertical\">\n\t\t\t\t\t\t\t\t\t<span class='icon image-icon'><img loading=\"lazy\" decoding=\"async\" width=\"150\" height=\"150\" src=\"https:\/\/www.southcoast.org\/wp-content\/uploads\/2026\/03\/Childbirth-Icon-150x150-1.png\" class=\"attachment-full size-full\" alt=\"Childbirth-Icon\" srcset=\"https:\/\/www.southcoast.org\/wp-content\/uploads\/2026\/03\/Childbirth-Icon-150x150-1.png 150w, https:\/\/www.southcoast.org\/wp-content\/uploads\/2026\/03\/Childbirth-Icon-150x150-1-12x12.png 12w\" sizes=\"auto, (max-width: 150px) 100vw, 150px\" \/><\/span>\t\t\t\t\t\t\t\t\t\t\t\t\t\t\t\t\t\t\n\t\t\t\t\t\t\t\t\t<div class=\"cardBasicBody\">\n\t\t\t\t\t\t\t\t\t\t<div class=\"cardBasicBodyTitle\" role=\"title\">S\u00e9rie Parto Preparado<\/div>\n\t\t\t\t\t\t\t\t\t\t\t\t\t\t\t\t\t\t\t\t<div class=\"excerpt\">\n\t\t\t\t\t\t\t\t\t\t\t<p>This four-week series will cover the changes occurring in the third trimester, such as the normal\/unexpected processes of labor and birth, comfort measures and labor support.<\/p>\n<p><strong>Instruction on infant care and car seat safety are included.<\/strong><\/p>\n<p><strong>Evenings &#8211; 6 to 8:30 p.m., $125 per couple<\/strong><\/p>\n\t\t\t\t\t\t\t\t\t\t<\/div>\n\t\t\t\t\t\t\t\t\t\t\t\t\t\t\t\t\t\t\t\t\t\t\t\t\t\t\t\t\t<\/div>\n\t\t\t\t\t\t\t\t<\/div>\n\t\t\t\t\t\t\t<\/div>\n\t\t\t\t\t\t\t\t\t\t\t\t<div class=\"col-sm-6 col-md-4 col-grid\">\n\t\t\t\t\t\t\t\t<div class=\"cardBasic  Center Vertical\">\n\t\t\t\t\t\t\t\t\t<span class='icon image-icon'><img loading=\"lazy\" decoding=\"async\" width=\"150\" height=\"150\" src=\"https:\/\/www.southcoast.org\/wp-content\/uploads\/2026\/03\/Birthing-Boot-Camp-Icon-150x150-1.png\" class=\"attachment-full size-full\" alt=\"Birthing-Boot-Camp-Icon-150x150\" srcset=\"https:\/\/www.southcoast.org\/wp-content\/uploads\/2026\/03\/Birthing-Boot-Camp-Icon-150x150-1.png 150w, https:\/\/www.southcoast.org\/wp-content\/uploads\/2026\/03\/Birthing-Boot-Camp-Icon-150x150-1-12x12.png 12w\" sizes=\"auto, (max-width: 150px) 100vw, 150px\" \/><\/span>\t\t\t\t\t\t\t\t\t\t\t\t\t\t\t\t\t\t\n\t\t\t\t\t\t\t\t\t<div class=\"cardBasicBody\">\n\t\t\t\t\t\t\t\t\t\t<div class=\"cardBasicBodyTitle\" role=\"title\">Campo de treino para o parto<\/div>\n\t\t\t\t\t\t\t\t\t\t\t\t\t\t\t\t\t\t\t\t<div class=\"excerpt\">\n\t\t\t\t\t\t\t\t\t\t\t<p>Para os pais que preferem um ritmo mais r\u00e1pido, esta \u00e9 uma breve vis\u00e3o geral do que \u00e9 abordado na nossa S\u00e9rie Parto Preparado. Esta \u00e9 uma aula condensada de um dia inteiro que fornece informa\u00e7\u00f5es sobre os cuidados com o beb\u00e9 e a seguran\u00e7a da cadeira auto.<\/p>\n<p><strong>Espa\u00e7o limitado dispon\u00edvel.\u00a0<\/strong>$125\/m\u00e3e e companheiro(a).<\/p>\n\t\t\t\t\t\t\t\t\t\t<\/div>\n\t\t\t\t\t\t\t\t\t\t\t\t\t\t\t\t\t\t\t\t\t\t\t\t\t\t\t\t\t<\/div>\n\t\t\t\t\t\t\t\t<\/div>\n\t\t\t\t\t\t\t<\/div>\n\t\t\t\t\t\t\t\t\t\t\t\t<div class=\"col-sm-6 col-md-4 col-grid\">\n\t\t\t\t\t\t\t\t<div class=\"cardBasic  Center Vertical\">\n\t\t\t\t\t\t\t\t\t<span class='icon image-icon'><img loading=\"lazy\" decoding=\"async\" width=\"150\" height=\"150\" src=\"https:\/\/www.southcoast.org\/wp-content\/uploads\/2026\/03\/Icons-1251-x-1251-px-1-150x150-1.png\" class=\"attachment-full size-full\" alt=\"Breastfeeding Icon\" srcset=\"https:\/\/www.southcoast.org\/wp-content\/uploads\/2026\/03\/Icons-1251-x-1251-px-1-150x150-1.png 150w, https:\/\/www.southcoast.org\/wp-content\/uploads\/2026\/03\/Icons-1251-x-1251-px-1-150x150-1-12x12.png 12w\" sizes=\"auto, (max-width: 150px) 100vw, 150px\" \/><\/span>\t\t\t\t\t\t\t\t\t\t\t\t\t\t\t\t\t\t\n\t\t\t\t\t\t\t\t\t<div class=\"cardBasicBody\">\n\t\t\t\t\t\t\t\t\t\t<div class=\"cardBasicBodyTitle\" role=\"title\">No\u00e7\u00f5es b\u00e1sicas de amamenta\u00e7\u00e3o<\/div>\n\t\t\t\t\t\t\t\t\t\t\t\t\t\t\t\t\t\t\t\t<div class=\"excerpt\">\n\t\t\t\t\t\t\t\t\t\t\t<p>This <strong>free class<\/strong> is designed for families that are planning to\u00a0<a href=\"https:\/\/www.southcoast.org\/pt\/services\/maternity-services\/new-moms\/breastfeeding\/\">amamentar<\/a> or are exploring their options regarding infant feeding choices. Topics include the benefits of breastfeeding, techniques and positions. Expectant mothers and their partners are encouraged to attend before the birth of the baby. This class is offered to any patient delivering at a Southcoast Health Hospital.<\/p>\n\t\t\t\t\t\t\t\t\t\t<\/div>\n\t\t\t\t\t\t\t\t\t\t\t\t\t\t\t\t\t\t\t\t\t\t\t\t\t\t\t\t\t<\/div>\n\t\t\t\t\t\t\t\t<\/div>\n\t\t\t\t\t\t\t<\/div>\n\t\t\t\t\t\t\t\t\t\t\t\t<div class=\"col-sm-6 col-md-4 col-grid\">\n\t\t\t\t\t\t\t\t<div class=\"cardBasic  Center Vertical\">\n\t\t\t\t\t\t\t\t\t<span class='icon image-icon'><img loading=\"lazy\" decoding=\"async\" width=\"150\" height=\"150\" src=\"https:\/\/www.southcoast.org\/wp-content\/uploads\/2026\/03\/Icons-1251-x-1251-px-150x150-1.png\" class=\"attachment-full size-full\" alt=\"Safe Sitter\" srcset=\"https:\/\/www.southcoast.org\/wp-content\/uploads\/2026\/03\/Icons-1251-x-1251-px-150x150-1.png 150w, https:\/\/www.southcoast.org\/wp-content\/uploads\/2026\/03\/Icons-1251-x-1251-px-150x150-1-12x12.png 12w\" sizes=\"auto, (max-width: 150px) 100vw, 150px\" \/><\/span>\t\t\t\t\t\t\t\t\t\t\t\t\t\t\t\t\t\t\n\t\t\t\t\t\t\t\t\t<div class=\"cardBasicBody\">\n\t\t\t\t\t\t\t\t\t\t<div class=\"cardBasicBodyTitle\" role=\"title\">Bab\u00e1 segura<\/div>\n\t\t\t\t\t\t\t\t\t\t\t\t\t\t\t\t\t\t\t\t<div class=\"excerpt\">\n\t\t\t\t\t\t\t\t\t\t\t<p>Este \u00e9 um programa reconhecido a n\u00edvel nacional, concebido para preparar adolescentes com idades entre os 11 e os 14 anos para serem babysitters. Os t\u00f3picos incluem babysitting como um neg\u00f3cio, seguran\u00e7a da babysitter, fases de desenvolvimento das crian\u00e7as, gest\u00e3o do comportamento, preven\u00e7\u00e3o de comportamentos problem\u00e1ticos, preven\u00e7\u00e3o de les\u00f5es, primeiros socorros b\u00e1sicos, salvamento de beb\u00e9s e crian\u00e7as engasgadas e RCP para beb\u00e9s e crian\u00e7as. As aulas decorrem seis vezes por ano no ver\u00e3o, primavera e outono entre os campus de St. Luke e Charlton. $65\/aluno com anteced\u00eancia para garantir a vaga.\u00a0<strong><a href=\"https:\/\/www.southcoast.org\/wp-content\/uploads\/2025\/08\/Safe-Sitter-Registration-Form-1.pdf\" target=\"_blank\" rel=\"noopener noreferrer\">Descarregar o formul\u00e1rio de registo Safe Sitter<\/a>.<\/strong><\/p>\n<p>*Nem todas as aulas s\u00e3o oferecidas em todos os locais. Se tiver necessidades espec\u00edficas ou se for um jovem pai ou m\u00e3e com idades compreendidas entre os 12 e os 16 anos, contacte-nos para obter op\u00e7\u00f5es de aulas.<\/p>\n\t\t\t\t\t\t\t\t\t\t<\/div>\n\t\t\t\t\t\t\t\t\t\t\t\t\t\t\t\t\t\t\t\t\t\t\t\t\t\t\t\t\t<\/div>\n\t\t\t\t\t\t\t\t<\/div>\n\t\t\t\t\t\t\t<\/div>\n\t\t\t\t\t\t\t\t\t\t\t\t<div class=\"col-sm-6 col-md-4 col-grid\">\n\t\t\t\t\t\t\t\t<div class=\"cardBasic  Center Vertical\">\n\t\t\t\t\t\t\t\t\t<span class='icon image-icon'><img loading=\"lazy\" decoding=\"async\" width=\"150\" height=\"150\" src=\"https:\/\/www.southcoast.org\/wp-content\/uploads\/2026\/03\/CPR-Icon-150x150-1.png\" class=\"attachment-full size-full\" alt=\"CPR-Icon\" srcset=\"https:\/\/www.southcoast.org\/wp-content\/uploads\/2026\/03\/CPR-Icon-150x150-1.png 150w, https:\/\/www.southcoast.org\/wp-content\/uploads\/2026\/03\/CPR-Icon-150x150-1-12x12.png 12w\" sizes=\"auto, (max-width: 150px) 100vw, 150px\" \/><\/span>\t\t\t\t\t\t\t\t\t\t\t\t\t\t\t\t\t\t\n\t\t\t\t\t\t\t\t\t<div class=\"cardBasicBody\">\n\t\t\t\t\t\t\t\t\t\t<div class=\"cardBasicBodyTitle\" role=\"title\">RCP de beb\u00e9s e crian\u00e7as<\/div>\n\t\t\t\t\t\t\t\t\t\t\t\t\t\t\t\t\t\t\t\t<div class=\"excerpt\">\n\t\t\t\t\t\t\t\t\t\t\t<p>This course teaches adult, child and infant CPR.\u00a0Families and friends are welcome to join. \u00a0<strong>Pre-registration required.<\/strong><\/p>\n<p>Please note that this <strong>does not<\/strong> provide a CPR certification.<\/p>\n<p>Classes are usually held at the Center for Women\u2019s Health in Dartmouth.<\/p>\n<p><strong>$40\/person, $60\/two people.<\/strong><\/p>\n\t\t\t\t\t\t\t\t\t\t<\/div>\n\t\t\t\t\t\t\t\t\t\t\t\t\t\t\t\t\t\t\t\t\t\t\t\t\t\t\t\t\t<\/div>\n\t\t\t\t\t\t\t\t<\/div>\n\t\t\t\t\t\t\t<\/div>\n\t\t\t\t\t\t\t\t<\/div>\n\t\t\t<\/div>\n<\/div>","protected":false},"excerpt":{"rendered":"","protected":false},"author":11,"featured_media":0,"parent":0,"menu_order":0,"comment_status":"closed","ping_status":"closed","template":"","meta":{"_acf_changed":false,"footnotes":""},"class_list":["post-22400","page","type-page","status-publish","hentry"],"acf":[],"yoast_head":"<!-- This site is optimized with the Yoast SEO plugin v26.0 - https:\/\/yoast.com\/wordpress\/plugins\/seo\/ -->\n<title>Childbirth and Family Education - Southcoast Health<\/title>\n<meta name=\"robots\" content=\"index, follow, max-snippet:-1, max-image-preview:large, max-video-preview:-1\" \/>\n<link rel=\"canonical\" href=\"https:\/\/www.southcoast.org\/pt\/childbirth-and-family-education\/\" \/>\n<meta property=\"og:locale\" content=\"pt_PT\" \/>\n<meta property=\"og:type\" content=\"article\" \/>\n<meta property=\"og:title\" content=\"Childbirth and Family Education - Southcoast Health\" \/>\n<meta property=\"og:url\" content=\"https:\/\/www.southcoast.org\/pt\/childbirth-and-family-education\/\" \/>\n<meta property=\"og:site_name\" content=\"Southcoast Health\" \/>\n<meta property=\"article:modified_time\" content=\"2026-03-10T16:59:06+00:00\" \/>\n<meta name=\"twitter:card\" content=\"summary_large_image\" \/>\n<script type=\"application\/ld+json\" class=\"yoast-schema-graph\">{\"@context\":\"https:\/\/schema.org\",\"@graph\":[{\"@type\":\"WebPage\",\"@id\":\"https:\/\/www.southcoast.org\/childbirth-and-family-education\/\",\"url\":\"https:\/\/www.southcoast.org\/childbirth-and-family-education\/\",\"name\":\"Childbirth and Family Education - Southcoast Health\",\"isPartOf\":{\"@id\":\"https:\/\/www.southcoast.org\/#website\"},\"datePublished\":\"2025-08-06T20:53:00+00:00\",\"dateModified\":\"2026-03-10T16:59:06+00:00\",\"breadcrumb\":{\"@id\":\"https:\/\/www.southcoast.org\/childbirth-and-family-education\/#breadcrumb\"},\"inLanguage\":\"pt-PT\",\"potentialAction\":[{\"@type\":\"ReadAction\",\"target\":[\"https:\/\/www.southcoast.org\/childbirth-and-family-education\/\"]}]},{\"@type\":\"BreadcrumbList\",\"@id\":\"https:\/\/www.southcoast.org\/childbirth-and-family-education\/#breadcrumb\",\"itemListElement\":[{\"@type\":\"ListItem\",\"position\":1,\"name\":\"\",\"item\":\"https:\/\/www.southcoast.org\/\"},{\"@type\":\"ListItem\",\"position\":2,\"name\":\"Childbirth and Family Education\"}]},{\"@type\":\"WebSite\",\"@id\":\"https:\/\/www.southcoast.org\/#website\",\"url\":\"https:\/\/www.southcoast.org\/\",\"name\":\"Southcoast Health\",\"description\":\"More than medicine.\",\"potentialAction\":[{\"@type\":\"SearchAction\",\"target\":{\"@type\":\"EntryPoint\",\"urlTemplate\":\"https:\/\/www.southcoast.org\/?s={search_term_string}\"},\"query-input\":{\"@type\":\"PropertyValueSpecification\",\"valueRequired\":true,\"valueName\":\"search_term_string\"}}],\"inLanguage\":\"pt-PT\"}]}<\/script>\n<!-- \/ Yoast SEO plugin. -->","yoast_head_json":{"title":"Childbirth and Family Education - Southcoast Health","robots":{"index":"index","follow":"follow","max-snippet":"max-snippet:-1","max-image-preview":"max-image-preview:large","max-video-preview":"max-video-preview:-1"},"canonical":"https:\/\/www.southcoast.org\/pt\/childbirth-and-family-education\/","og_locale":"pt_PT","og_type":"article","og_title":"Childbirth and Family Education - Southcoast Health","og_url":"https:\/\/www.southcoast.org\/pt\/childbirth-and-family-education\/","og_site_name":"Southcoast Health","article_modified_time":"2026-03-10T16:59:06+00:00","twitter_card":"summary_large_image","schema":{"@context":"https:\/\/schema.org","@graph":[{"@type":"WebPage","@id":"https:\/\/www.southcoast.org\/childbirth-and-family-education\/","url":"https:\/\/www.southcoast.org\/childbirth-and-family-education\/","name":"Childbirth and Family Education - Southcoast Health","isPartOf":{"@id":"https:\/\/www.southcoast.org\/#website"},"datePublished":"2025-08-06T20:53:00+00:00","dateModified":"2026-03-10T16:59:06+00:00","breadcrumb":{"@id":"https:\/\/www.southcoast.org\/childbirth-and-family-education\/#breadcrumb"},"inLanguage":"pt-PT","potentialAction":[{"@type":"ReadAction","target":["https:\/\/www.southcoast.org\/childbirth-and-family-education\/"]}]},{"@type":"BreadcrumbList","@id":"https:\/\/www.southcoast.org\/childbirth-and-family-education\/#breadcrumb","itemListElement":[{"@type":"ListItem","position":1,"name":"","item":"https:\/\/www.southcoast.org\/"},{"@type":"ListItem","position":2,"name":"Childbirth and Family Education"}]},{"@type":"WebSite","@id":"https:\/\/www.southcoast.org\/#website","url":"https:\/\/www.southcoast.org\/","name":"Sa\u00fade no Sudeste","description":"Mais do que medicamentos.","potentialAction":[{"@type":"SearchAction","target":{"@type":"EntryPoint","urlTemplate":"https:\/\/www.southcoast.org\/?s={search_term_string}"},"query-input":{"@type":"PropertyValueSpecification","valueRequired":true,"valueName":"search_term_string"}}],"inLanguage":"pt-PT"}]}},"_links":{"self":[{"href":"https:\/\/www.southcoast.org\/pt\/wp-json\/wp\/v2\/pages\/22400","targetHints":{"allow":["GET"]}}],"collection":[{"href":"https:\/\/www.southcoast.org\/pt\/wp-json\/wp\/v2\/pages"}],"about":[{"href":"https:\/\/www.southcoast.org\/pt\/wp-json\/wp\/v2\/types\/page"}],"author":[{"embeddable":true,"href":"https:\/\/www.southcoast.org\/pt\/wp-json\/wp\/v2\/users\/11"}],"replies":[{"embeddable":true,"href":"https:\/\/www.southcoast.org\/pt\/wp-json\/wp\/v2\/comments?post=22400"}],"version-history":[{"count":43,"href":"https:\/\/www.southcoast.org\/pt\/wp-json\/wp\/v2\/pages\/22400\/revisions"}],"predecessor-version":[{"id":286807,"href":"https:\/\/www.southcoast.org\/pt\/wp-json\/wp\/v2\/pages\/22400\/revisions\/286807"}],"wp:attachment":[{"href":"https:\/\/www.southcoast.org\/pt\/wp-json\/wp\/v2\/media?parent=22400"}],"curies":[{"name":"wp","href":"https:\/\/api.w.org\/{rel}","templated":true}]}}