{"id":21923,"date":"2025-08-22T14:47:04","date_gmt":"2025-08-22T14:47:04","guid":{"rendered":"https:\/\/test-southcoast-health-multi.southcoast-health.org\/?page_id=21923"},"modified":"2026-02-23T11:42:11","modified_gmt":"2026-02-23T16:42:11","slug":"southcoast-health-nicole-podkowa-5k-walk-run","status":"publish","type":"page","link":"https:\/\/www.southcoast.org\/pt\/southcoast-health-nicole-podkowa-5k-walk-run\/","title":{"rendered":"Southcoast Health Cancer Care Nicole Podkowa 5k Walk &amp; Run (caminhada e corrida)"},"content":{"rendered":"<div  class=\"blockSettings    hero-main-block\" style=\"\"><div class=\"background\"><\/div>\n<div class=\"container\">\n\n        <div class=\"grid\">\n        <div class=\"col-bleed-y\">\n            <div class=\"inner-wrap\">\n                <div class=\"content-col\">\n                                            <h1>Southcoast Health Cancer Care Nicole Podkowa 5k Walk &amp; Run (caminhada e corrida)<\/h1>\n                                        <div class=\"copy-wrap\">\n                                                    <p><span class=\"TextRun SCXW233023676 BCX8\" lang=\"EN-US\" xml:lang=\"EN-US\" data-contrast=\"auto\"><span class=\"NormalTextRun SCXW233023676 BCX8\">Junte-se a n\u00f3s para a nossa<\/span><span class=\"NormalTextRun SCXW233023676 BCX8\">\u00a0<\/span><span class=\"NormalTextRun SCXW233023676 BCX8\">9<\/span><span class=\"NormalTextRun SCXW233023676 BCX8\">caminhada e corrida anual de 5 km da Southcoast Health Cancer Care Nicole Podkowa<\/span><span class=\"NormalTextRun SCXW233023676 BCX8\">n em\u00a0<\/span><\/span><span class=\"TextRun SCXW233023676 BCX8\" lang=\"EN-US\" xml:lang=\"EN-US\" data-contrast=\"auto\"><span class=\"NormalTextRun SCXW233023676 BCX8\">Domingo, 4 de outubro, <\/span><span class=\"NormalTextRun ContextualSpellingAndGrammarErrorV2Themed SCXW233023676 BCX8\">2026<\/span><\/span><span class=\"TextRun SCXW233023676 BCX8\" lang=\"EN-US\" xml:lang=\"EN-US\" data-contrast=\"auto\"><span class=\"NormalTextRun SCXW233023676 BCX8\">\u00a0e fa\u00e7a parte de um dia poderoso, cheio de energia, esp\u00edrito comunit\u00e1rio e objectivos.<\/span><\/span><\/p>\n                                            <\/div>\n                                            <div class=\"cta-wrap\">\n                                                            <a aria-label=\"liga\u00e7\u00e3o para o registo antecipado\" class=\"mainCTA shadow dark1\" href=\"https:\/\/runsignup.com\/Race\/MA\/Fairhaven\/NicolePodkowa5kRunWalk\" target=\"_blank\" title=\"Abre a inscri\u00e7\u00e3o antecipada num novo separador ou janela\" rel=\"noopener noreferrer\">Inscri\u00e7\u00e3o antecipada<span class=\"fa-regular fa-up-right-from-square\"><\/span><\/a>                                                                                <\/div>\n                                    <\/div>\n                <div class=\"media-col\">\n                                            <img\n                            class=\"main-img\"\n                            src=\"https:\/\/www.southcoast.org\/wp-content\/uploads\/2025\/08\/2024-Nicole-Podkowa-Race-Day-171-scaled.jpg\"\n                                                        srcset=\"https:\/\/www.southcoast.org\/wp-content\/uploads\/2025\/08\/2024-Nicole-Podkowa-Race-Day-171-scaled.jpg 2560w, https:\/\/www.southcoast.org\/wp-content\/uploads\/2025\/08\/2024-Nicole-Podkowa-Race-Day-171-300x200.jpg 300w, https:\/\/www.southcoast.org\/wp-content\/uploads\/2025\/08\/2024-Nicole-Podkowa-Race-Day-171-1024x683.jpg 1024w, https:\/\/www.southcoast.org\/wp-content\/uploads\/2025\/08\/2024-Nicole-Podkowa-Race-Day-171-768x512.jpg 768w, https:\/\/www.southcoast.org\/wp-content\/uploads\/2025\/08\/2024-Nicole-Podkowa-Race-Day-171-1536x1024.jpg 1536w, https:\/\/www.southcoast.org\/wp-content\/uploads\/2025\/08\/2024-Nicole-Podkowa-Race-Day-171-2048x1365.jpg 2048w\"\n                            sizes=\"(max-width: 768px) 100vw, (max-width: 1200px) 50vw, 800px\"\n                                                        alt=\"\"\n                            loading=\"eager\"\n                            decoding=\"async\"\n                            fetchpriority=\"high\">\n                                                            <img decoding=\"async\" class=\"corner-art\" src=\"https:\/\/www.southcoast.org\/wp-content\/themes\/southcoast_multisite\/images\/corner-art.svg\">\n                <\/div>\n            <\/div>\n        <\/div>\n    <\/div>\n<\/div>\n\n<script>\n    document.querySelectorAll('.play-button').forEach(button => {\n        button.addEventListener('click', function() {\n            const modal = this.nextElementSibling;\n            modal.style.display = 'block';\n            document.body.style.overflow = 'hidden';\n        });\n    });\n\n    document.querySelectorAll('.close-modal, .modal-overlay').forEach(element => {\n        element.addEventListener('click', function() {\n            const modal = this.closest('.video-modal');\n            modal.style.display = 'none';\n            document.body.style.overflow = '';\n        });\n    });\n<\/script>\n<\/div>\n\n\n<div  class=\"blockSettings  paddingTopSM paddingBottomSM media-object-block light\" style=\"background-color:#fff;\"><div class=\"container\">\n\t<div class=\"grid\">\n\t\t<div class=\"col-sm-12\">\n\t\t\t<div class=\"inner image-right list-style-disc inner-white-bg\" style=\"background-color: #fff;\">\n\t\t\t\t<div class=\"copy\">\n\t\t\t\t\t    <div class=\"mainCopyWrap\">\n            <h2>Fazer a diferen\u00e7a<\/h2>\n    <div class=\"paragraphWrap\"><p>As receitas obtidas com este evento apoiam o <a href=\"https:\/\/runsignup.com\/Race\/Donate\/MA\/Fairhaven\/NicolePodkowa5kRunWalk?rsus=200-500-1046bec0-82c3-4152-bcd4-3cc118f29c06\"><strong>Southcoast Health Nicole Podkowa Patient &amp; Caregiver Fund (Fundo para doentes e prestadores de cuidados)<\/strong><\/a>. Este fundo \u00fanico apoia os doentes tratados no Southcoast Health Cancer Care e as suas fam\u00edlias que necessitam de assist\u00eancia financeira para ajudar no pagamento de servi\u00e7os p\u00fablicos, alimenta\u00e7\u00e3o, alojamento, transporte, material relacionado com o cancro e outras necessidades. Para al\u00e9m de corredores e caminhantes, estamos \u00e0 procura de membros do Comit\u00e9 Comunit\u00e1rio, volunt\u00e1rios e angariadores de fundos entre pares.<\/p>\n<p>Quer saber mais?\u00a0<a href=\"mailto:events@southcoast.org\">Enviar-nos uma mensagem de correio eletr\u00f3nico<\/a>!<\/p>\n<\/div>    <\/div>\n        <div class=\"ctaWrap\">\n                    <a aria-label=\"liga\u00e7\u00e3o para events@southcoast.org\" class=\"mainCTA shadow light1\" href=\"mailto:events@southcoast.org\" target=\"_blank\" title=\"Abre events@southcoast.org num novo separador ou janela\" rel=\"noopener noreferrer\">events@southcoast.org<span class=\"fa-regular fa-up-right-from-square\"><\/span><\/a>            <\/div>\n    \t\t\t\t<\/div>\n\t\t\t\t\t\t\t\t<div class=\"images\">\n\t\t\t\t\t\t<img decoding=\"async\" class=\"single\" src=\"https:\/\/www.southcoast.org\/wp-content\/uploads\/2025\/07\/2024-Nicole-Podkowa-Race-Day-155-scaled.jpg\" alt=\"\">\n\t\t\t\t\t\t\t\t\t\t<\/div>\n\t\t\t\t\n\t\t\t<\/div>\n\t\t<\/div>\n\t<\/div>\n<\/div>\n<\/div>\n\n\n<div  class=\"blockSettings  paddingTopSM paddingBottomSM cardIconsFluid cardIconsImageFluid light\" style=\"background-color:#E9F7F4;\">\t<div class=\"container\">\n\t\t\t\t\t<div class=\"grid\">\n\t\t\t\t<div class=\"col-sm-12\">\n\t\t\t\t\t<div class=\"introCenter\">\n\t\t\t\t\t\t<div class=\"maincopy intro\">\n\t\t\t\t\t\t\t<h2>2026 Southcoast Health Cancer Care Nicole Podkowa 5k Walk &amp; Run (caminhada e corrida) <\/h2>\n\t\t\t\t\t\t\t\t\t\t\t\t\t<\/div>\n\t\t\t\t\t\t\t\t\t\t\t\t\t\t\t\t\t\t\t\t\t\t\t\t\t\t                                                                                                        \t\t\t\t\t<\/div>\n\t\t\t\t<\/div>\n\t\t\t<\/div>\n\t\t\n\t\t\t\t\t<!--Manual Cards-->\n\t\t\t<div class=\"grid\">\n\t\t\t\t\t\t\t\t\t\t\t<div class=\"col-sm-6 col-md-4 col-grid\">\n\t\t\t\t\t\t\t\t<div class=\"cardBasic  Center Vertical\">\n\t\t\t\t\t\t\t\t\t\t\t\t\t\t\t\t\t\t\t<span class=\"icon fa-classic fa-light fa-person-running\"><\/span>\n\t\t\t\t\t\t\t\t\t\t\t\t\t\t\t\t\t\t\n\t\t\t\t\t\t\t\t\t<div class=\"cardBasicBody\">\n\t\t\t\t\t\t\t\t\t\t<div class=\"cardBasicBodyTitle\" role=\"title\">Caminhar ou correr<\/div>\n\t\t\t\t\t\t\t\t\t\t\t\t\t\t\t\t\t\t\t\t<div class=\"excerpt\">\n\t\t\t\t\t\t\t\t\t\t\t<p>Pode caminhar ou correr os 5k pessoalmente ou virtualmente! A inscri\u00e7\u00e3o presencial antecipada \u00e9 $30. O pre\u00e7o aumentar\u00e1 depois de 3 de abril de 2026.<\/p>\n\t\t\t\t\t\t\t\t\t\t<\/div>\n\t\t\t\t\t\t\t\t\t\t\t\t\t\t\t\t\t\t\t\t\t\t\t\t\t\t\t\t\t\t\t<div class=\"cardLinks\">\n\t\t\t\t\t\t\t\t\t\t\t\t\t\t\t\t\t\t\t\t\t\t\t<a aria-label=\"link para o registo antecipado da caminhada ou corrida\" title=\"liga\u00e7\u00e3o para o registo antecipado\" href=\"https:\/\/runsignup.com\/Race\/MA\/Fairhaven\/NicolePodkowa5kRunWalk\" target=\"_blank\" class=\"mainCTA light3\">\n\t\t\t\t\t\t\t\t\t\t\t\t\t<span class=\"icon-cta fa-regular fa-arrow-up-right\" aria-hidden=\"true\"><\/span>\n\t\t\t\t\t\t\t\t\t\t\t\t\tInscri\u00e7\u00e3o antecipada <span class=\"fa-regular fa-arrow-up-right-from-square readMoreIconTarget\"><\/span>\t\t\t\t\t\t\t\t\t\t\t\t<\/a>\n\t\t\t\t\t\t\t\t\t\t\t\t\t\t\t\t\t\t\t\t\t\t\t\n\t\t\t\t\t\t\t\t\t\t\t\t\t\t\t\t\t\t\t\t\t\t<\/div>\n\t\t\t\t\t\t\t\t\t\t\t\t\t\t\t\t\t\t\t<\/div>\n\t\t\t\t\t\t\t\t<\/div>\n\t\t\t\t\t\t\t<\/div>\n\t\t\t\t\t\t\t\t\t\t\t\t<div class=\"col-sm-6 col-md-4 col-grid\">\n\t\t\t\t\t\t\t\t<div class=\"cardBasic  Center Vertical\">\n\t\t\t\t\t\t\t\t\t\t\t\t\t\t\t\t\t\t\t<span class=\"icon fa-classic fa-light fa-child-reaching\"><\/span>\n\t\t\t\t\t\t\t\t\t\t\t\t\t\t\t\t\t\t\n\t\t\t\t\t\t\t\t\t<div class=\"cardBasicBody\">\n\t\t\t\t\t\t\t\t\t\t<div class=\"cardBasicBodyTitle\" role=\"title\">Corrida de crian\u00e7as<\/div>\n\t\t\t\t\t\t\t\t\t\t\t\t\t\t\t\t\t\t\t\t<div class=\"excerpt\">\n\t\t\t\t\t\t\t\t\t\t\t<p>As crian\u00e7as com idade igual ou inferior a 8 anos podem participar no Kid's Dash GRATUITAMENTE!<\/p>\n\t\t\t\t\t\t\t\t\t\t<\/div>\n\t\t\t\t\t\t\t\t\t\t\t\t\t\t\t\t\t\t\t\t\t\t\t\t\t\t\t\t\t\t\t<div class=\"cardLinks\">\n\t\t\t\t\t\t\t\t\t\t\t\t\t\t\t\t\t\t\t\t\t\t\t<a aria-label=\"liga\u00e7\u00e3o para o registo do Kid&#039;s Dash para crian\u00e7as\" title=\"liga\u00e7\u00e3o para o registo de crian\u00e7as\" href=\"https:\/\/runsignup.com\/Race\/MA\/Fairhaven\/NicolePodkowa5kRunWalk\" target=\"_blank\" class=\"mainCTA light3\">\n\t\t\t\t\t\t\t\t\t\t\t\t\t<span class=\"icon-cta fa-regular fa-arrow-up-right\" aria-hidden=\"true\"><\/span>\n\t\t\t\t\t\t\t\t\t\t\t\t\tInscri\u00e7\u00e3o de crian\u00e7as <span class=\"fa-regular fa-arrow-up-right-from-square readMoreIconTarget\"><\/span>\t\t\t\t\t\t\t\t\t\t\t\t<\/a>\n\t\t\t\t\t\t\t\t\t\t\t\t\t\t\t\t\t\t\t\t\t\t\t\n\t\t\t\t\t\t\t\t\t\t\t\t\t\t\t\t\t\t\t\t\t\t<\/div>\n\t\t\t\t\t\t\t\t\t\t\t\t\t\t\t\t\t\t\t<\/div>\n\t\t\t\t\t\t\t\t<\/div>\n\t\t\t\t\t\t\t<\/div>\n\t\t\t\t\t\t\t\t\t\t\t\t<div class=\"col-sm-6 col-md-4 col-grid\">\n\t\t\t\t\t\t\t\t<div class=\"cardBasic  Center Vertical\">\n\t\t\t\t\t\t\t\t\t\t\t\t\t\t\t\t\t\t\t<span class=\"icon fa-classic fa-light fa-money-bill-trend-up\"><\/span>\n\t\t\t\t\t\t\t\t\t\t\t\t\t\t\t\t\t\t\n\t\t\t\t\t\t\t\t\t<div class=\"cardBasicBody\">\n\t\t\t\t\t\t\t\t\t\t<div class=\"cardBasicBodyTitle\" role=\"title\">Doar<\/div>\n\t\t\t\t\t\t\t\t\t\t\t\t\t\t\t\t\t\t\t\t<div class=\"excerpt\">\n\t\t\t\t\t\t\t\t\t\t\t<p>N\u00e3o pode ir? N\u00e3o h\u00e1 problema! Ainda pode fazer um donativo para fazer a diferen\u00e7a ou tornar-se um patrocinador de 2026.<\/p>\n\t\t\t\t\t\t\t\t\t\t<\/div>\n\t\t\t\t\t\t\t\t\t\t\t\t\t\t\t\t\t\t\t\t\t\t\t\t\t\t\t\t\t\t\t<div class=\"cardLinks cardTwoLinks\">\n\t\t\t\t\t\t\t\t\t\t\t\t\t\t\t\t\t\t\t\t\t\t\t<a aria-label=\"liga\u00e7\u00e3o para Donate of Donate\" title=\"liga\u00e7\u00e3o para Doar\" href=\"https:\/\/runsignup.com\/Race\/Donate\/MA\/Fairhaven\/NicolePodkowa5kRunWalk\" target=\"_blank\" class=\"mainCTA light3\">\n\t\t\t\t\t\t\t\t\t\t\t\t\t<span class=\"icon-cta fa-regular fa-arrow-up-right\" aria-hidden=\"true\"><\/span>\n\t\t\t\t\t\t\t\t\t\t\t\t\tDoar <span class=\"fa-regular fa-arrow-up-right-from-square readMoreIconTarget\"><\/span>\t\t\t\t\t\t\t\t\t\t\t\t<\/a>\n\t\t\t\t\t\t\t\t\t\t\t\t\t\t\t\t\t\t\t\t\t\t\t\n\t\t\t\t\t\t\t\t\t\t\t\t\t\t\t\t\t\t\t\t\t\t\t<a aria-label=\"link para nos enviar um e-mail de donativo\" title=\"liga\u00e7\u00e3o para nos enviar um e-mail\" href=\"mailto:events@southcoast.org\" target=\"_self\" class=\"mainCTA light3\">\n\t\t\t\t\t\t\t\t\t\t\t\t\t<span class=\"icon-cta fa-regular fa-arrow-up-right\" aria-hidden=\"true\"><\/span>\n\t\t\t\t\t\t\t\t\t\t\t\t\tEnviar-nos um e-mail\t\t\t\t\t\t\t\t\t\t\t\t<\/a>\n\t\t\t\t\t\t\t\t\t\t\t\t\t\t\t\t\t\t\t\t\t\t\t<\/div>\n\t\t\t\t\t\t\t\t\t\t\t\t\t\t\t\t\t\t\t<\/div>\n\t\t\t\t\t\t\t\t<\/div>\n\t\t\t\t\t\t\t<\/div>\n\t\t\t\t\t\t\t\t<\/div>\n\t\t\t<\/div>\n<\/div>\n\n\n<div  class=\"blockSettings  paddingTopSM paddingBottomSM media-object-block light\" style=\"background-color:#f6f7f7;\"><div class=\"container\">\n\t<div class=\"grid\">\n\t\t<div class=\"col-sm-12\">\n\t\t\t<div class=\"inner image-right list-style-disc inner-bg\" style=\"background-color: #f6f7f7;\">\n\t\t\t\t<div class=\"copy\">\n\t\t\t\t\t    <div class=\"mainCopyWrap\">\n            <h2>Sobre o Southcoast Health Nicole Podkowa Patient &amp; Caregiver Fund (Fundo para doentes e prestadores de cuidados)<\/h2>\n    <div class=\"paragraphWrap\"><p>Este fundo \u00fanico elimina as barreiras aos cuidados de sa\u00fade, proporcionando aos doentes assist\u00eancia para ajudar no pagamento de servi\u00e7os p\u00fablicos, alimenta\u00e7\u00e3o, alojamento, transporte, material relacionado com o cancro e outras necessidades. O seu apoio permite que os nossos doentes e as suas fam\u00edlias se concentrem no que \u00e9 mais importante - a sua batalha contra o cancro.<\/p>\n<\/div>    <\/div>\n        <div class=\"ctaWrap\">\n                    <a aria-label=\"liga\u00e7\u00e3o para Doar\" class=\"mainCTA shadow light1\" href=\"https:\/\/runsignup.com\/Race\/Donate\/MA\/Fairhaven\/NicolePodkowa5kRunWalk?rsus=200-500-1046bec0-82c3-4152-bcd4-3cc118f29c06\" target=\"_blank\" title=\"Abre a Doa\u00e7\u00e3o num novo separador ou janela\" rel=\"noopener noreferrer\">Doar<span class=\"fa-regular fa-up-right-from-square\"><\/span><\/a>            <\/div>\n    \t\t\t\t<\/div>\n\t\t\t\t\t\t\t\t<div class=\"images\">\n\t\t\t\t\t\t<img decoding=\"async\" class=\"single\" src=\"https:\/\/www.southcoast.org\/wp-content\/uploads\/2025\/09\/Inside-Cancer-Center-2023-1024x683-1.jpg\" alt=\"\">\n\t\t\t\t\t\t\t\t\t\t<\/div>\n\t\t\t\t\n\t\t\t<\/div>\n\t\t<\/div>\n\t<\/div>\n<\/div>\n<\/div>\n\n\n\n\n<div  class=\"blockSettings  paddingTopSM paddingBottomSM bannerFluid darkTheme\" style=\"background-color:#E9F7F4;\"><div class=\"container\">\n    <div class=\"grid\">\n        <div class=\"col-sm-12\">\n            <div class=\"inner\">\n                                    <img decoding=\"async\" class=\"pulse\" src=\"https:\/\/www.southcoast.org\/wp-content\/themes\/southcoast_multisite\/images\/pulse.svg\" alt=\"\">\n                                <div class=\"copy\">\n                        <div class=\"mainCopyWrap\">\n            <h3>Obrigado pelo vosso apoio. N\u00e3o poder\u00edamos fazer o que fazemos sem si!<\/h3>\n        <\/div>\n                    <\/div>\n                <div class=\"media\">\n                    \n                        <img decoding=\"async\" class=\"doctor\" src=\"https:\/\/www.southcoast.org\/wp-content\/uploads\/2025\/08\/2024-Podkowa-5k-Race-Cutout.png\" alt=\"A woman and young girl running together in a race, both wearing bright, colorful activewear.\">\n                        <img decoding=\"async\" class=\"graphical\" src=\"https:\/\/www.southcoast.org\/wp-content\/themes\/southcoast_multisite\/images\/corner-art.svg\" alt=\"\">\n\n\n                                    <\/div>\n            <\/div>\n        <\/div>\n    <\/div>\n<\/div>\n<\/div>","protected":false},"excerpt":{"rendered":"","protected":false},"author":11,"featured_media":38931,"parent":0,"menu_order":0,"comment_status":"closed","ping_status":"closed","template":"","meta":{"_acf_changed":false,"footnotes":""},"class_list":["post-21923","page","type-page","status-publish","has-post-thumbnail","hentry"],"acf":[],"yoast_head":"<!-- This site is optimized with the Yoast SEO plugin v26.0 - https:\/\/yoast.com\/wordpress\/plugins\/seo\/ -->\n<title>Southcoast Health Cancer Care Nicole Podkowa 5k Walk &amp; Run - Southcoast Health<\/title>\n<meta name=\"description\" content=\"Thank you to everyone who joined us for the 2025 Southcoast Health Podkowa 5k Walk &amp; Run!\" \/>\n<meta name=\"robots\" content=\"index, follow, max-snippet:-1, max-image-preview:large, max-video-preview:-1\" \/>\n<link rel=\"canonical\" href=\"https:\/\/www.southcoast.org\/pt\/southcoast-health-nicole-podkowa-5k-walk-run\/\" \/>\n<meta property=\"og:locale\" content=\"pt_PT\" \/>\n<meta property=\"og:type\" content=\"article\" \/>\n<meta property=\"og:title\" content=\"Southcoast Health Cancer Care Nicole Podkowa 5k Walk &amp; Run - Southcoast Health\" \/>\n<meta property=\"og:description\" content=\"Thank you to everyone who joined us for the 2025 Southcoast Health Podkowa 5k Walk &amp; Run!\" \/>\n<meta property=\"og:url\" content=\"https:\/\/www.southcoast.org\/pt\/southcoast-health-nicole-podkowa-5k-walk-run\/\" \/>\n<meta property=\"og:site_name\" content=\"Southcoast Health\" \/>\n<meta property=\"article:modified_time\" content=\"2026-02-23T16:42:11+00:00\" \/>\n<meta property=\"og:image\" content=\"https:\/\/www.southcoast.org\/wp-content\/uploads\/2025\/08\/2024-Nicole-Podkowa-Race-Day-171-scaled.jpg\" \/>\n\t<meta property=\"og:image:width\" content=\"2560\" \/>\n\t<meta property=\"og:image:height\" content=\"1707\" \/>\n\t<meta property=\"og:image:type\" content=\"image\/jpeg\" \/>\n<meta name=\"twitter:card\" content=\"summary_large_image\" \/>\n<meta name=\"twitter:label1\" content=\"Est. reading time\" \/>\n\t<meta name=\"twitter:data1\" content=\"1 minute\" \/>\n<script type=\"application\/ld+json\" class=\"yoast-schema-graph\">{\"@context\":\"https:\/\/schema.org\",\"@graph\":[{\"@type\":\"WebPage\",\"@id\":\"https:\/\/www.southcoast.org\/southcoast-health-nicole-podkowa-5k-walk-run\/\",\"url\":\"https:\/\/www.southcoast.org\/southcoast-health-nicole-podkowa-5k-walk-run\/\",\"name\":\"Southcoast Health Cancer Care Nicole Podkowa 5k Walk &amp; Run - Southcoast Health\",\"isPartOf\":{\"@id\":\"https:\/\/www.southcoast.org\/#website\"},\"primaryImageOfPage\":{\"@id\":\"https:\/\/www.southcoast.org\/southcoast-health-nicole-podkowa-5k-walk-run\/#primaryimage\"},\"image\":{\"@id\":\"https:\/\/www.southcoast.org\/southcoast-health-nicole-podkowa-5k-walk-run\/#primaryimage\"},\"thumbnailUrl\":\"https:\/\/www.southcoast.org\/wp-content\/uploads\/2025\/08\/2024-Nicole-Podkowa-Race-Day-171-scaled.jpg\",\"datePublished\":\"2025-08-22T14:47:04+00:00\",\"dateModified\":\"2026-02-23T16:42:11+00:00\",\"description\":\"Thank you to everyone who joined us for the 2025 Southcoast Health Podkowa 5k Walk & Run!\",\"breadcrumb\":{\"@id\":\"https:\/\/www.southcoast.org\/southcoast-health-nicole-podkowa-5k-walk-run\/#breadcrumb\"},\"inLanguage\":\"pt-PT\",\"potentialAction\":[{\"@type\":\"ReadAction\",\"target\":[\"https:\/\/www.southcoast.org\/southcoast-health-nicole-podkowa-5k-walk-run\/\"]}]},{\"@type\":\"ImageObject\",\"inLanguage\":\"pt-PT\",\"@id\":\"https:\/\/www.southcoast.org\/southcoast-health-nicole-podkowa-5k-walk-run\/#primaryimage\",\"url\":\"https:\/\/www.southcoast.org\/wp-content\/uploads\/2025\/08\/2024-Nicole-Podkowa-Race-Day-171-scaled.jpg\",\"contentUrl\":\"https:\/\/www.southcoast.org\/wp-content\/uploads\/2025\/08\/2024-Nicole-Podkowa-Race-Day-171-scaled.jpg\",\"width\":2560,\"height\":1707},{\"@type\":\"BreadcrumbList\",\"@id\":\"https:\/\/www.southcoast.org\/southcoast-health-nicole-podkowa-5k-walk-run\/#breadcrumb\",\"itemListElement\":[{\"@type\":\"ListItem\",\"position\":1,\"name\":\"\",\"item\":\"https:\/\/www.southcoast.org\/\"},{\"@type\":\"ListItem\",\"position\":2,\"name\":\"Southcoast Health Cancer Care Nicole Podkowa 5k Walk &amp; Run\"}]},{\"@type\":\"WebSite\",\"@id\":\"https:\/\/www.southcoast.org\/#website\",\"url\":\"https:\/\/www.southcoast.org\/\",\"name\":\"Southcoast Health\",\"description\":\"More than medicine.\",\"potentialAction\":[{\"@type\":\"SearchAction\",\"target\":{\"@type\":\"EntryPoint\",\"urlTemplate\":\"https:\/\/www.southcoast.org\/?s={search_term_string}\"},\"query-input\":{\"@type\":\"PropertyValueSpecification\",\"valueRequired\":true,\"valueName\":\"search_term_string\"}}],\"inLanguage\":\"pt-PT\"}]}<\/script>\n<!-- \/ Yoast SEO plugin. -->","yoast_head_json":{"title":"Southcoast Health Cancer Care Nicole Podkowa 5k Walk &amp; Run - Southcoast Health","description":"Thank you to everyone who joined us for the 2025 Southcoast Health Podkowa 5k Walk & Run!","robots":{"index":"index","follow":"follow","max-snippet":"max-snippet:-1","max-image-preview":"max-image-preview:large","max-video-preview":"max-video-preview:-1"},"canonical":"https:\/\/www.southcoast.org\/pt\/southcoast-health-nicole-podkowa-5k-walk-run\/","og_locale":"pt_PT","og_type":"article","og_title":"Southcoast Health Cancer Care Nicole Podkowa 5k Walk &amp; Run - Southcoast Health","og_description":"Thank you to everyone who joined us for the 2025 Southcoast Health Podkowa 5k Walk & Run!","og_url":"https:\/\/www.southcoast.org\/pt\/southcoast-health-nicole-podkowa-5k-walk-run\/","og_site_name":"Southcoast Health","article_modified_time":"2026-02-23T16:42:11+00:00","og_image":[{"width":2560,"height":1707,"url":"https:\/\/www.southcoast.org\/wp-content\/uploads\/2025\/08\/2024-Nicole-Podkowa-Race-Day-171-scaled.jpg","type":"image\/jpeg"}],"twitter_card":"summary_large_image","twitter_misc":{"Est. reading time":"1 minute"},"schema":{"@context":"https:\/\/schema.org","@graph":[{"@type":"WebPage","@id":"https:\/\/www.southcoast.org\/southcoast-health-nicole-podkowa-5k-walk-run\/","url":"https:\/\/www.southcoast.org\/southcoast-health-nicole-podkowa-5k-walk-run\/","name":"Southcoast Health Cancer Care Nicole Podkowa 5k Walk &amp; Run - Southcoast Health","isPartOf":{"@id":"https:\/\/www.southcoast.org\/#website"},"primaryImageOfPage":{"@id":"https:\/\/www.southcoast.org\/southcoast-health-nicole-podkowa-5k-walk-run\/#primaryimage"},"image":{"@id":"https:\/\/www.southcoast.org\/southcoast-health-nicole-podkowa-5k-walk-run\/#primaryimage"},"thumbnailUrl":"https:\/\/www.southcoast.org\/wp-content\/uploads\/2025\/08\/2024-Nicole-Podkowa-Race-Day-171-scaled.jpg","datePublished":"2025-08-22T14:47:04+00:00","dateModified":"2026-02-23T16:42:11+00:00","description":"Thank you to everyone who joined us for the 2025 Southcoast Health Podkowa 5k Walk & Run!","breadcrumb":{"@id":"https:\/\/www.southcoast.org\/southcoast-health-nicole-podkowa-5k-walk-run\/#breadcrumb"},"inLanguage":"pt-PT","potentialAction":[{"@type":"ReadAction","target":["https:\/\/www.southcoast.org\/southcoast-health-nicole-podkowa-5k-walk-run\/"]}]},{"@type":"ImageObject","inLanguage":"pt-PT","@id":"https:\/\/www.southcoast.org\/southcoast-health-nicole-podkowa-5k-walk-run\/#primaryimage","url":"https:\/\/www.southcoast.org\/wp-content\/uploads\/2025\/08\/2024-Nicole-Podkowa-Race-Day-171-scaled.jpg","contentUrl":"https:\/\/www.southcoast.org\/wp-content\/uploads\/2025\/08\/2024-Nicole-Podkowa-Race-Day-171-scaled.jpg","width":2560,"height":1707},{"@type":"BreadcrumbList","@id":"https:\/\/www.southcoast.org\/southcoast-health-nicole-podkowa-5k-walk-run\/#breadcrumb","itemListElement":[{"@type":"ListItem","position":1,"name":"","item":"https:\/\/www.southcoast.org\/"},{"@type":"ListItem","position":2,"name":"Southcoast Health Cancer Care Nicole Podkowa 5k Walk &amp; Run"}]},{"@type":"WebSite","@id":"https:\/\/www.southcoast.org\/#website","url":"https:\/\/www.southcoast.org\/","name":"Sa\u00fade no Sudeste","description":"Mais do que medicamentos.","potentialAction":[{"@type":"SearchAction","target":{"@type":"EntryPoint","urlTemplate":"https:\/\/www.southcoast.org\/?s={search_term_string}"},"query-input":{"@type":"PropertyValueSpecification","valueRequired":true,"valueName":"search_term_string"}}],"inLanguage":"pt-PT"}]}},"_links":{"self":[{"href":"https:\/\/www.southcoast.org\/pt\/wp-json\/wp\/v2\/pages\/21923","targetHints":{"allow":["GET"]}}],"collection":[{"href":"https:\/\/www.southcoast.org\/pt\/wp-json\/wp\/v2\/pages"}],"about":[{"href":"https:\/\/www.southcoast.org\/pt\/wp-json\/wp\/v2\/types\/page"}],"author":[{"embeddable":true,"href":"https:\/\/www.southcoast.org\/pt\/wp-json\/wp\/v2\/users\/11"}],"replies":[{"embeddable":true,"href":"https:\/\/www.southcoast.org\/pt\/wp-json\/wp\/v2\/comments?post=21923"}],"version-history":[{"count":40,"href":"https:\/\/www.southcoast.org\/pt\/wp-json\/wp\/v2\/pages\/21923\/revisions"}],"predecessor-version":[{"id":286359,"href":"https:\/\/www.southcoast.org\/pt\/wp-json\/wp\/v2\/pages\/21923\/revisions\/286359"}],"wp:featuredmedia":[{"embeddable":true,"href":"https:\/\/www.southcoast.org\/pt\/wp-json\/wp\/v2\/media\/38931"}],"wp:attachment":[{"href":"https:\/\/www.southcoast.org\/pt\/wp-json\/wp\/v2\/media?parent=21923"}],"curies":[{"name":"wp","href":"https:\/\/api.w.org\/{rel}","templated":true}]}}