{"id":21428,"date":"2025-07-23T10:47:57","date_gmt":"2025-07-23T10:47:57","guid":{"rendered":"https:\/\/test-southcoast-health-multi.southcoast-health.org\/?page_id=21428"},"modified":"2025-07-23T11:45:23","modified_gmt":"2025-07-23T11:45:23","slug":"covid-19-vaccine-scheduling","status":"publish","type":"page","link":"https:\/\/www.southcoast.org\/pt\/covid-19-vaccine-scheduling\/","title":{"rendered":"Programa\u00e7\u00e3o de vacinas"},"content":{"rendered":"<div class=\"container\">\n<div class=\"grid\">\n<div class=\"col-sm-12 maincopy blogCore\">\n<h2 id=\"h-flu-amp-covid-19-vaccine-q-amp-a\" class=\"wp-block-heading\"><strong>Perguntas e respostas sobre a vacina contra a gripe e a COVID-19:<\/strong><\/h2>\n<p><strong>A partir de que idade \u00e9 seguro tomar a vacina contra a gripe e a COVID-19?<\/strong><\/p>\n<p>Para a vacina contra a gripe e a COVID-19, o CDC recomenda que as crian\u00e7as a partir dos 6 meses recebam ambas.<\/p>\n<p><strong>Quem pode receber a vacina contra a gripe ou a COVID em Southcoast?<\/strong><\/p>\n<p>A cl\u00ednica de vacinas fornece vacinas contra a gripe e a COVID a pessoas com 5 anos de idade ou mais. As pessoas com idades compreendidas entre os 5 e os 11 anos podem ser agendadas na cl\u00ednica de Dartmouth em dias limitados. Consulte o hor\u00e1rio afixado para esses dias. As pessoas com 12 anos ou mais podem ser agendadas em qualquer uma das tr\u00eas cl\u00ednicas de vacinas.<\/p>\n<p><strong>Posso receber a vacina contra a COVID e a vacina contra a gripe ao mesmo tempo?<\/strong><\/p>\n<p>Pode receber as duas vacinas no mesmo dia e poupar uma viagem! Recomenda-se a utiliza\u00e7\u00e3o de bra\u00e7os opostos para cada vacina, mas n\u00e3o \u00e9 obrigat\u00f3rio.<\/p>\n<p><strong>Por que raz\u00e3o devo tomar a minha vacina anual contra a gripe?<\/strong><\/p>\n<p>A vacina contra a gripe pode evitar que fique doente com a gripe e foi demonstrado em v\u00e1rios estudos que reduz a gravidade da doen\u00e7a em pessoas que ainda ficam doentes com a gripe depois de serem vacinadas.<\/p>\n<p><strong>E se eu for imunocomprometido?<\/strong><\/p>\n<p><strong>Pessoas que s\u00e3o\u00a0<\/strong><a href=\"https:\/\/www.cdc.gov\/coronavirus\/2019-ncov\/need-extra-precautions\/people-with-medical-conditions.html\">imunocomprometidos moderados ou graves<\/a>\u00a0podem receber doses adicionais de vacinas actualizadas contra a COVID-19 para reduzir o risco de ficarem doentes.<\/p>\n<p>Para mais informa\u00e7\u00f5es sobre vacinas, consultar:\u00a0<a href=\"https:\/\/www.cdc.gov\/\">Centros de Controlo e Preven\u00e7\u00e3o de Doen\u00e7as (cdc.gov)<\/a>.<\/div>\n<\/div>\n<\/div>","protected":false},"excerpt":{"rendered":"<p>Flu &amp; COVID-19 Vaccine Q &amp; A: At what age is it safe to get the Flu and COVID-19 vaccine? For the flu and the COVID-19 vaccine, the CDC is [&hellip;]<\/p>","protected":false},"author":4,"featured_media":0,"parent":0,"menu_order":0,"comment_status":"closed","ping_status":"closed","template":"page_covid-vaccine-oas.php","meta":{"_acf_changed":false,"footnotes":""},"class_list":["post-21428","page","type-page","status-publish","hentry"],"acf":[],"yoast_head":"<!-- This site is optimized with the Yoast SEO plugin v26.0 - https:\/\/yoast.com\/wordpress\/plugins\/seo\/ -->\n<title>Vaccine Scheduling - Southcoast Health<\/title>\n<meta name=\"robots\" content=\"index, follow, max-snippet:-1, max-image-preview:large, max-video-preview:-1\" \/>\n<link rel=\"canonical\" href=\"https:\/\/www.southcoast.org\/pt\/covid-19-vaccine-scheduling\/\" \/>\n<meta property=\"og:locale\" content=\"pt_PT\" \/>\n<meta property=\"og:type\" content=\"article\" \/>\n<meta property=\"og:title\" content=\"Vaccine Scheduling - Southcoast Health\" \/>\n<meta property=\"og:description\" content=\"Flu &amp; COVID-19 Vaccine Q &amp; A: At what age is it safe to get the Flu and COVID-19 vaccine? For the flu and the COVID-19 vaccine, the CDC is [&hellip;]\" \/>\n<meta property=\"og:url\" content=\"https:\/\/www.southcoast.org\/pt\/covid-19-vaccine-scheduling\/\" \/>\n<meta property=\"og:site_name\" content=\"Southcoast Health\" \/>\n<meta property=\"article:modified_time\" content=\"2025-07-23T11:45:23+00:00\" \/>\n<meta name=\"twitter:card\" content=\"summary_large_image\" \/>\n<meta name=\"twitter:label1\" content=\"Est. reading time\" \/>\n\t<meta name=\"twitter:data1\" content=\"1 minute\" \/>\n<script type=\"application\/ld+json\" class=\"yoast-schema-graph\">{\"@context\":\"https:\/\/schema.org\",\"@graph\":[{\"@type\":\"WebPage\",\"@id\":\"https:\/\/www.southcoast.org\/covid-19-vaccine-scheduling\/\",\"url\":\"https:\/\/www.southcoast.org\/covid-19-vaccine-scheduling\/\",\"name\":\"Vaccine Scheduling - Southcoast Health\",\"isPartOf\":{\"@id\":\"https:\/\/www.southcoast.org\/#website\"},\"datePublished\":\"2025-07-23T10:47:57+00:00\",\"dateModified\":\"2025-07-23T11:45:23+00:00\",\"breadcrumb\":{\"@id\":\"https:\/\/www.southcoast.org\/covid-19-vaccine-scheduling\/#breadcrumb\"},\"inLanguage\":\"pt-PT\",\"potentialAction\":[{\"@type\":\"ReadAction\",\"target\":[\"https:\/\/www.southcoast.org\/covid-19-vaccine-scheduling\/\"]}]},{\"@type\":\"BreadcrumbList\",\"@id\":\"https:\/\/www.southcoast.org\/covid-19-vaccine-scheduling\/#breadcrumb\",\"itemListElement\":[{\"@type\":\"ListItem\",\"position\":1,\"name\":\"\",\"item\":\"https:\/\/www.southcoast.org\/\"},{\"@type\":\"ListItem\",\"position\":2,\"name\":\"Vaccine Scheduling\"}]},{\"@type\":\"WebSite\",\"@id\":\"https:\/\/www.southcoast.org\/#website\",\"url\":\"https:\/\/www.southcoast.org\/\",\"name\":\"Southcoast Health\",\"description\":\"More than medicine.\",\"potentialAction\":[{\"@type\":\"SearchAction\",\"target\":{\"@type\":\"EntryPoint\",\"urlTemplate\":\"https:\/\/www.southcoast.org\/?s={search_term_string}\"},\"query-input\":{\"@type\":\"PropertyValueSpecification\",\"valueRequired\":true,\"valueName\":\"search_term_string\"}}],\"inLanguage\":\"pt-PT\"}]}<\/script>\n<!-- \/ Yoast SEO plugin. -->","yoast_head_json":{"title":"Vaccine Scheduling - Southcoast Health","robots":{"index":"index","follow":"follow","max-snippet":"max-snippet:-1","max-image-preview":"max-image-preview:large","max-video-preview":"max-video-preview:-1"},"canonical":"https:\/\/www.southcoast.org\/pt\/covid-19-vaccine-scheduling\/","og_locale":"pt_PT","og_type":"article","og_title":"Vaccine Scheduling - Southcoast Health","og_description":"Flu &amp; COVID-19 Vaccine Q &amp; A: At what age is it safe to get the Flu and COVID-19 vaccine? For the flu and the COVID-19 vaccine, the CDC is [&hellip;]","og_url":"https:\/\/www.southcoast.org\/pt\/covid-19-vaccine-scheduling\/","og_site_name":"Southcoast Health","article_modified_time":"2025-07-23T11:45:23+00:00","twitter_card":"summary_large_image","twitter_misc":{"Est. reading time":"1 minute"},"schema":{"@context":"https:\/\/schema.org","@graph":[{"@type":"WebPage","@id":"https:\/\/www.southcoast.org\/covid-19-vaccine-scheduling\/","url":"https:\/\/www.southcoast.org\/covid-19-vaccine-scheduling\/","name":"Vaccine Scheduling - Southcoast Health","isPartOf":{"@id":"https:\/\/www.southcoast.org\/#website"},"datePublished":"2025-07-23T10:47:57+00:00","dateModified":"2025-07-23T11:45:23+00:00","breadcrumb":{"@id":"https:\/\/www.southcoast.org\/covid-19-vaccine-scheduling\/#breadcrumb"},"inLanguage":"pt-PT","potentialAction":[{"@type":"ReadAction","target":["https:\/\/www.southcoast.org\/covid-19-vaccine-scheduling\/"]}]},{"@type":"BreadcrumbList","@id":"https:\/\/www.southcoast.org\/covid-19-vaccine-scheduling\/#breadcrumb","itemListElement":[{"@type":"ListItem","position":1,"name":"","item":"https:\/\/www.southcoast.org\/"},{"@type":"ListItem","position":2,"name":"Vaccine Scheduling"}]},{"@type":"WebSite","@id":"https:\/\/www.southcoast.org\/#website","url":"https:\/\/www.southcoast.org\/","name":"Sa\u00fade no Sudeste","description":"Mais do que medicamentos.","potentialAction":[{"@type":"SearchAction","target":{"@type":"EntryPoint","urlTemplate":"https:\/\/www.southcoast.org\/?s={search_term_string}"},"query-input":{"@type":"PropertyValueSpecification","valueRequired":true,"valueName":"search_term_string"}}],"inLanguage":"pt-PT"}]}},"_links":{"self":[{"href":"https:\/\/www.southcoast.org\/pt\/wp-json\/wp\/v2\/pages\/21428","targetHints":{"allow":["GET"]}}],"collection":[{"href":"https:\/\/www.southcoast.org\/pt\/wp-json\/wp\/v2\/pages"}],"about":[{"href":"https:\/\/www.southcoast.org\/pt\/wp-json\/wp\/v2\/types\/page"}],"author":[{"embeddable":true,"href":"https:\/\/www.southcoast.org\/pt\/wp-json\/wp\/v2\/users\/4"}],"replies":[{"embeddable":true,"href":"https:\/\/www.southcoast.org\/pt\/wp-json\/wp\/v2\/comments?post=21428"}],"version-history":[{"count":6,"href":"https:\/\/www.southcoast.org\/pt\/wp-json\/wp\/v2\/pages\/21428\/revisions"}],"predecessor-version":[{"id":21441,"href":"https:\/\/www.southcoast.org\/pt\/wp-json\/wp\/v2\/pages\/21428\/revisions\/21441"}],"wp:attachment":[{"href":"https:\/\/www.southcoast.org\/pt\/wp-json\/wp\/v2\/media?parent=21428"}],"curies":[{"name":"wp","href":"https:\/\/api.w.org\/{rel}","templated":true}]}}