{"id":17201,"date":"2025-07-02T00:47:29","date_gmt":"2025-07-02T00:47:29","guid":{"rendered":"https:\/\/test-southcoast-health-multi.southcoast-health.org\/?page_id=17201"},"modified":"2025-07-02T00:52:17","modified_gmt":"2025-07-02T00:52:17","slug":"dartmouth","status":"publish","type":"page","link":"https:\/\/www.southcoast.org\/pt\/urgent-care\/dartmouth\/","title":{"rendered":"Urgent Care Dartmouth"},"content":{"rendered":"<div  class=\"blockSettings  paddingTopMD paddingBottomMD cardsQuickFluid darkTheme\" style=\"background: linear-gradient(110deg, #0A4A3D 2.57%, rgba(5, 116, 99, 0.99) 59.47%, #009984 99.08%);\"><div class=\"container\">\n        <div class=\"grid\">\n        <div class=\"col-sm-12 maincopy\">\n                <div class=\"introWithCta leftAlign\">\n            <div class=\"mainCopyWrap\">\n            <h2>Especialidades e servi\u00e7os<\/h2>\n        <\/div>\n        <\/div>\n            <\/div>\n\n\n\n    <\/div>\n                <div class=\"blockSeparator\"><\/div>\n        <div class=\"grid\" role=\"list\">\n                                        <div class=\"col-sm-6 col-lg-4\" role=\"listitem\">\n                        <a href=\"https:\/\/www.southcoast.org\/pt\/services\/urgent-care\/animal-bites\/\" target=\"_blank\" class=\"quick-link\" style=\"\">\n                                                            <i class=\"fa-classic fa-solid fa-dog\"><\/i>\n                                                        <span lang=\"en\">Mordeduras de animais<\/span>\n                            <i class=\"fa-solid fa-arrow-up-right\"><\/i>\n                        <\/a>\n                    <\/div>\n                                \n                                                <div class=\"col-sm-6 col-lg-4\" role=\"listitem\">\n                        <a href=\"https:\/\/library.southcoast.org\/Search\/85,P00004\" target=\"_blank\" class=\"quick-link\" style=\"\">\n                                                            <i class=\"fa-classic fa-solid fa-lungs\"><\/i>\n                                                        <span lang=\"en\">Asma e bronquite<\/span>\n                            <i class=\"fa-solid fa-arrow-up-right\"><\/i>\n                        <\/a>\n                    <\/div>\n                                \n                                                <div class=\"col-sm-6 col-lg-4\" role=\"listitem\">\n                        <a href=\"https:\/\/library.southcoast.org\/Search\/90,P02795\" target=\"_blank\" class=\"quick-link\" style=\"\">\n                                                            <i class=\"fa-classic fa-solid fa-bone\"><\/i>\n                                                        <span lang=\"en\">Contus\u00f5es, fracturas e entorses<\/span>\n                            <i class=\"fa-solid fa-arrow-up-right\"><\/i>\n                        <\/a>\n                    <\/div>\n                                \n                                                <div class=\"col-sm-6 col-lg-4\" role=\"listitem\">\n                        <a href=\"https:\/\/www.southcoast.org\/pt\/services\/urgent-care\/burns\/\" target=\"_blank\" class=\"quick-link\" style=\"\">\n                                                            <i class=\"fa-classic fa-solid fa-fire-burner\"><\/i>\n                                                        <span lang=\"en\">Queimaduras<\/span>\n                            <i class=\"fa-solid fa-arrow-up-right\"><\/i>\n                        <\/a>\n                    <\/div>\n                                \n                                                <div class=\"col-sm-6 col-lg-4\" role=\"listitem\">\n                        <a href=\"https:\/\/www.southcoast.org\/pt\/services\/urgent-care\/cold-vs-infection-vs-flu\/\" target=\"_blank\" class=\"quick-link\" style=\"\">\n                                                            <i class=\"fa-classic fa-solid fa-head-side-cough\"><\/i>\n                                                        <span lang=\"en\">Constipa\u00e7\u00f5es, infec\u00e7\u00f5es e sintomas de gripe<\/span>\n                            <i class=\"fa-solid fa-arrow-up-right\"><\/i>\n                        <\/a>\n                    <\/div>\n                                \n                                                <div class=\"col-sm-6 col-lg-4\" role=\"listitem\">\n                        <a href=\"https:\/\/www.southcoast.org\/pt\/services\/urgent-care\/contusions\/\" target=\"_blank\" class=\"quick-link\" style=\"\">\n                                                            <i class=\"fa-classic fa-solid fa-person-falling-burst\"><\/i>\n                                                        <span lang=\"en\">Contus\u00f5es<\/span>\n                            <i class=\"fa-solid fa-arrow-up-right\"><\/i>\n                        <\/a>\n                    <\/div>\n                                \n                                                <div class=\"col-sm-6 col-lg-4\" role=\"listitem\">\n                        <a href=\"https:\/\/www.southcoast.org\/pt\/services\/urgent-care\/cuts\/\" target=\"_blank\" class=\"quick-link\" style=\"\">\n                                                            <i class=\"fa-classic fa-solid fa-bandage\"><\/i>\n                                                        <span lang=\"en\">Lacera\u00e7\u00f5es<\/span>\n                            <i class=\"fa-solid fa-arrow-up-right\"><\/i>\n                        <\/a>\n                    <\/div>\n                                \n                                            \n                                    <div class=\"col-sm-6 col-lg-4\" role=\"listitem\">\n                        <span class=\"quick-link\" style=\"\">\n                                                            <i class=\"fa-classic fa-regular fa-eye\"><\/i>\n                                                        <span lang=\"en\">Les\u00f5es oculares ligeiras<\/span>\n                        <\/span>\n                    <\/div>\n                                            \n                                    <div class=\"col-sm-6 col-lg-4\" role=\"listitem\">\n                        <span class=\"quick-link\" style=\"\">\n                                                            <i class=\"fa-classic fa-solid fa-ear-listen\"><\/i>\n                                                        <span lang=\"en\">Dores de garganta, dores de ouvido e infec\u00e7\u00f5es sinusais<\/span>\n                        <\/span>\n                    <\/div>\n                                                <div class=\"col-sm-6 col-lg-4\" role=\"listitem\">\n                        <a href=\"https:\/\/www.southcoast.org\/pt\/services\/urgent-care\/skin-conditions\/\" target=\"_blank\" class=\"quick-link\" style=\"\">\n                                                            <i class=\"fa-classic fa-solid fa-hand-dots\"><\/i>\n                                                        <span lang=\"en\">Doen\u00e7as da pele<\/span>\n                            <i class=\"fa-solid fa-arrow-up-right\"><\/i>\n                        <\/a>\n                    <\/div>\n                                \n                                                <div class=\"col-sm-6 col-lg-4\" role=\"listitem\">\n                        <a href=\"https:\/\/library.southcoast.org\/Search\/85,P01497\" target=\"_blank\" class=\"quick-link\" style=\"\">\n                                                            <i class=\"fa-classic fa-solid fa-kit-medical\"><\/i>\n                                                        <span lang=\"en\">Infec\u00e7\u00f5es do trato urin\u00e1rio (ITU)<\/span>\n                            <i class=\"fa-solid fa-arrow-up-right\"><\/i>\n                        <\/a>\n                    <\/div>\n                                \n                                        <\/div>\n<\/div>\n<\/div>\n\n\n<div  class=\"blockSettings  paddingTopMD paddingBottomMD cardAwardsFluid light\" style=\"\"><div class=\"container\">\n\t<div class=\"grid\">\n\t\t<div class=\"col-sm-12\">\n\t\t\t    <div class=\"introWithCta centerAlign\">\n            <div class=\"mainCopyWrap\">\n            <h2>Comprometidos com o tratamento superior<\/h2>\n    <div class=\"paragraphWrap\"><p>Na Southcoast Health, orgulhamo-nos das nossas in\u00fameras distin\u00e7\u00f5es que reflectem a nossa dedica\u00e7\u00e3o \u00e0 presta\u00e7\u00e3o de cuidados de sa\u00fade excepcionais. Temos sido reconhecidos pela excel\u00eancia no atendimento ao paciente, ganhando pr\u00e9mios que destacam o nosso compromisso com pr\u00e1ticas inovadoras e servi\u00e7os excepcionais. Com uma equipa de prestadores de servi\u00e7os de classe mundial, garantimos que cada paciente recebe o mais elevado padr\u00e3o de aten\u00e7\u00e3o m\u00e9dica, tornando-nos uma escolha de confian\u00e7a para cuidados urgentes e n\u00e3o s\u00f3.<\/p>\n<\/div>    <\/div>\n        <\/div>\n    \t\t<\/div>\n\t<\/div>\n\t<div class=\"blockSeparator\"><\/div>\n\t<div class=\"cardAwardsContentWrap\" role=\"region\"  aria-label=\"Comprometidos com o tratamento superior\">\n\t\t\n\t\t<div class=\"grid\" >\n\t\t\t\t\t<\/div>\n\t<\/div>\n\t<\/div>\n<\/div>\n\n\n<div  class=\"blockSettings  paddingTopNone paddingBottomNone cardImageFluid light\" style=\"\"><div class=\"container\" role=\"region\"  aria-label=\"\">\n\t<div class=\"grid\">\n\t\t<div class=\"col-sm-12\">\n\t\t\t    <div class=\"introWithCta leftAlign\">\n            <div class=\"mainCopyWrap\">\n            <\/div>\n        <\/div>\n    \t\t<\/div>\n\t<\/div>\n\t<div class=\"blockSeparator\"><\/div>\n\t<div class=\"cardImageContentWrap\">\n\t\t\t\t\t\t\t<!--Manual Cards-->\n\t\t\t<div class=\"grid smallGrid\" >\n\t\t\t\t\t\t\t<\/div>\n\t\t\t<\/div>\n\t<\/div>\n\n<\/div>\n\n\n\n<div  class=\"blockSettings  paddingTopSM paddingBottomMD doctor-specialty-block light\" style=\"\"><div class=\"container\">\n    <div class=\"grid\">\n        <div class=\"col-sm-12\">\n            <div class=\"inner\">\n\n                    <div class=\"introWithCta leftAlign\">\n            <div class=\"mainCopyWrap\">\n            <h2>Prestadores de cuidados urgentes<\/h2>\n        <\/div>\n        <div class=\"ctaWrap cta-left\">\n                    <a aria-label=\"liga\u00e7\u00e3o para Pesquisar todos os fornecedores\" class=\"mainCTA shadow light1\" href=\"\/pt\/find-a-provider\/\" title=\"Abrir Pesquisar todos os fornecedores\" >Pesquisar todos os fornecedores<\/a>                    <a aria-label=\"liga\u00e7\u00e3o para ver todos os fornecedores de especialidades\" class=\"mainCTA shadow light2\" href=\"\/pt\/find-a-provider\/\" title=\"Aberto Ver todos os fornecedores de especialidades\" >Ver todos os fornecedores de especialidades<\/a>            <\/div>\n        <\/div>\n    <div id=\"number-of-doctors\"><\/div>\n\n                                    <div class=\"doctor-wrap\">\n                        <div class=\"doctor-slider\" data-specialties='[\"urgent-care\"]'><\/div>\n                    <\/div>\n                            <\/div>\n        <\/div>\n    <\/div>\n<\/div>\n<\/div>","protected":false},"excerpt":{"rendered":"","protected":false},"author":7,"featured_media":0,"parent":10841,"menu_order":0,"comment_status":"closed","ping_status":"closed","template":"","meta":{"_acf_changed":false,"footnotes":""},"class_list":["post-17201","page","type-page","status-publish","hentry"],"acf":[],"yoast_head":"<!-- This site is optimized with the Yoast SEO plugin v26.0 - https:\/\/yoast.com\/wordpress\/plugins\/seo\/ -->\n<title>Urgent Care Dartmouth - Southcoast Health<\/title>\n<meta name=\"robots\" content=\"index, follow, max-snippet:-1, max-image-preview:large, max-video-preview:-1\" \/>\n<link rel=\"canonical\" href=\"https:\/\/www.southcoast.org\/pt\/urgent-care\/dartmouth\/\" \/>\n<meta property=\"og:locale\" content=\"pt_PT\" \/>\n<meta property=\"og:type\" content=\"article\" \/>\n<meta property=\"og:title\" content=\"Urgent Care Dartmouth - Southcoast Health\" \/>\n<meta property=\"og:url\" content=\"https:\/\/www.southcoast.org\/pt\/urgent-care\/dartmouth\/\" \/>\n<meta property=\"og:site_name\" content=\"Southcoast Health\" \/>\n<meta property=\"article:modified_time\" content=\"2025-07-02T00:52:17+00:00\" \/>\n<meta name=\"twitter:card\" content=\"summary_large_image\" \/>\n<script type=\"application\/ld+json\" class=\"yoast-schema-graph\">{\"@context\":\"https:\/\/schema.org\",\"@graph\":[{\"@type\":\"WebPage\",\"@id\":\"https:\/\/www.southcoast.org\/urgent-care\/dartmouth\/\",\"url\":\"https:\/\/www.southcoast.org\/urgent-care\/dartmouth\/\",\"name\":\"Urgent Care Dartmouth - Southcoast Health\",\"isPartOf\":{\"@id\":\"https:\/\/www.southcoast.org\/#website\"},\"datePublished\":\"2025-07-02T00:47:29+00:00\",\"dateModified\":\"2025-07-02T00:52:17+00:00\",\"breadcrumb\":{\"@id\":\"https:\/\/www.southcoast.org\/urgent-care\/dartmouth\/#breadcrumb\"},\"inLanguage\":\"pt-PT\",\"potentialAction\":[{\"@type\":\"ReadAction\",\"target\":[\"https:\/\/www.southcoast.org\/urgent-care\/dartmouth\/\"]}]},{\"@type\":\"BreadcrumbList\",\"@id\":\"https:\/\/www.southcoast.org\/urgent-care\/dartmouth\/#breadcrumb\",\"itemListElement\":[{\"@type\":\"ListItem\",\"position\":1,\"name\":\"\",\"item\":\"https:\/\/www.southcoast.org\/\"},{\"@type\":\"ListItem\",\"position\":2,\"name\":\"Urgent Care\",\"item\":\"https:\/\/www.southcoast.org\/urgent-care\/\"},{\"@type\":\"ListItem\",\"position\":3,\"name\":\"Urgent Care Dartmouth\"}]},{\"@type\":\"WebSite\",\"@id\":\"https:\/\/www.southcoast.org\/#website\",\"url\":\"https:\/\/www.southcoast.org\/\",\"name\":\"Southcoast Health\",\"description\":\"More than medicine.\",\"potentialAction\":[{\"@type\":\"SearchAction\",\"target\":{\"@type\":\"EntryPoint\",\"urlTemplate\":\"https:\/\/www.southcoast.org\/?s={search_term_string}\"},\"query-input\":{\"@type\":\"PropertyValueSpecification\",\"valueRequired\":true,\"valueName\":\"search_term_string\"}}],\"inLanguage\":\"pt-PT\"}]}<\/script>\n<!-- \/ Yoast SEO plugin. -->","yoast_head_json":{"title":"Urgent Care Dartmouth - Southcoast Health","robots":{"index":"index","follow":"follow","max-snippet":"max-snippet:-1","max-image-preview":"max-image-preview:large","max-video-preview":"max-video-preview:-1"},"canonical":"https:\/\/www.southcoast.org\/pt\/urgent-care\/dartmouth\/","og_locale":"pt_PT","og_type":"article","og_title":"Urgent Care Dartmouth - Southcoast Health","og_url":"https:\/\/www.southcoast.org\/pt\/urgent-care\/dartmouth\/","og_site_name":"Southcoast Health","article_modified_time":"2025-07-02T00:52:17+00:00","twitter_card":"summary_large_image","schema":{"@context":"https:\/\/schema.org","@graph":[{"@type":"WebPage","@id":"https:\/\/www.southcoast.org\/urgent-care\/dartmouth\/","url":"https:\/\/www.southcoast.org\/urgent-care\/dartmouth\/","name":"Urgent Care Dartmouth - Southcoast Health","isPartOf":{"@id":"https:\/\/www.southcoast.org\/#website"},"datePublished":"2025-07-02T00:47:29+00:00","dateModified":"2025-07-02T00:52:17+00:00","breadcrumb":{"@id":"https:\/\/www.southcoast.org\/urgent-care\/dartmouth\/#breadcrumb"},"inLanguage":"pt-PT","potentialAction":[{"@type":"ReadAction","target":["https:\/\/www.southcoast.org\/urgent-care\/dartmouth\/"]}]},{"@type":"BreadcrumbList","@id":"https:\/\/www.southcoast.org\/urgent-care\/dartmouth\/#breadcrumb","itemListElement":[{"@type":"ListItem","position":1,"name":"","item":"https:\/\/www.southcoast.org\/"},{"@type":"ListItem","position":2,"name":"Urgent Care","item":"https:\/\/www.southcoast.org\/urgent-care\/"},{"@type":"ListItem","position":3,"name":"Urgent Care Dartmouth"}]},{"@type":"WebSite","@id":"https:\/\/www.southcoast.org\/#website","url":"https:\/\/www.southcoast.org\/","name":"Sa\u00fade no Sudeste","description":"Mais do que medicamentos.","potentialAction":[{"@type":"SearchAction","target":{"@type":"EntryPoint","urlTemplate":"https:\/\/www.southcoast.org\/?s={search_term_string}"},"query-input":{"@type":"PropertyValueSpecification","valueRequired":true,"valueName":"search_term_string"}}],"inLanguage":"pt-PT"}]}},"_links":{"self":[{"href":"https:\/\/www.southcoast.org\/pt\/wp-json\/wp\/v2\/pages\/17201","targetHints":{"allow":["GET"]}}],"collection":[{"href":"https:\/\/www.southcoast.org\/pt\/wp-json\/wp\/v2\/pages"}],"about":[{"href":"https:\/\/www.southcoast.org\/pt\/wp-json\/wp\/v2\/types\/page"}],"author":[{"embeddable":true,"href":"https:\/\/www.southcoast.org\/pt\/wp-json\/wp\/v2\/users\/7"}],"replies":[{"embeddable":true,"href":"https:\/\/www.southcoast.org\/pt\/wp-json\/wp\/v2\/comments?post=17201"}],"version-history":[{"count":7,"href":"https:\/\/www.southcoast.org\/pt\/wp-json\/wp\/v2\/pages\/17201\/revisions"}],"predecessor-version":[{"id":17213,"href":"https:\/\/www.southcoast.org\/pt\/wp-json\/wp\/v2\/pages\/17201\/revisions\/17213"}],"up":[{"embeddable":true,"href":"https:\/\/www.southcoast.org\/pt\/wp-json\/wp\/v2\/pages\/10841"}],"wp:attachment":[{"href":"https:\/\/www.southcoast.org\/pt\/wp-json\/wp\/v2\/media?parent=17201"}],"curies":[{"name":"wp","href":"https:\/\/api.w.org\/{rel}","templated":true}]}}