{"id":16396,"date":"2025-06-24T04:10:52","date_gmt":"2025-06-24T04:10:52","guid":{"rendered":"https:\/\/test-southcoast-health-multi.southcoast-health.org\/?page_id=16396"},"modified":"2025-11-24T15:08:03","modified_gmt":"2025-11-24T20:08:03","slug":"healthy-aging-podcast","status":"publish","type":"page","link":"https:\/\/www.southcoast.org\/pt\/healthy-aging-podcast\/","title":{"rendered":"Podcast sobre envelhecimento saud\u00e1vel"},"content":{"rendered":"<div class=\"hero-secondary-block\">\n    <div class=\"background\" style=\"background-color: transparent\"><\/div>\n    <div class=\"container\">\n        <div class=\"grid\">\n            <div class=\"col-bleed-y\">\n                <div class=\"grid intro-text\">\n                    <img decoding=\"async\" class=\"corner-art\" src=\"https:\/\/www.southcoast.org\/wp-content\/themes\/southcoast_multisite\/images\/herobasic-corner-art.png\" alt=\"corner art\">\n                    <div class=\"col-md-9\">\n                                                    <div class=\"breadcrumbsWrapper desktop-breadcrumbs\"><nav id=\"breadcrumbs\" aria-label=\"P\u00e3o ralado\"><ol><li><a href=\"https:\/\/www.southcoast.org\/pt\/\"><i class=\"fa-light fa-house\"><\/i><span class=\"visually-hidden\">In\u00edcio<\/span><\/a><\/li><\/ol><\/nav><\/div><div class=\"breadcrumbsWrapper mobile-breadcrumbs\"><p id=\"mobile-breadcrumbs\" class=\"mobile-back-nav\"><span><span><a href=\"#\" onclick=\"return handleBackNavigation();\"><i class=\"fa-solid fa-chevron-left back-arrow\"><\/i> Voltar<\/a><\/span><\/span><\/p>\t\t<script>\n\t\t\tfunction handleBackNavigation() {\n\t\t\t\tif (window.history.length > 1) {\n\t\t\t\t\twindow.history.back();\n\t\t\t\t} else {\n\t\t\t\t\twindow.location.href = 'https:\/\/www.southcoast.org\/pt';\n\t\t\t\t}\n\t\t\t\treturn false;\n\t\t\t}\n\t\t<\/script>\n<\/div>                                                                            <span class=\"pre-heading\">Podcast de sa\u00fade de Southcoast<\/span>\n                                                                            <h1>Podcast sobre envelhecimento saud\u00e1vel<\/h1>\n                                                                            <div class=\"copy\">\n                                <p>Apresentado pela premiada produtora de r\u00e1dio Patricia Raskin, o podcast apresenta discuss\u00f5es semanais com m\u00e9dicos da Southcoast Health sobre v\u00e1rios t\u00f3picos de sa\u00fade. Os ouvintes podem aceder aos epis\u00f3dios diretamente no s\u00edtio Web da Southcoast Health ou subscrever atrav\u00e9s de plataformas como Spotify, Apple Music, Podbean ou Amazon Music. O podcast tem como objetivo educar e inspirar as pessoas nas suas jornadas de sa\u00fade, fornecendo informa\u00e7\u00f5es especializadas e hist\u00f3rias de pacientes.<\/p>\n                            <\/div>\n                                            <\/div>\n                    \n                <\/div>\n                <div class=\"image\">\n                                            <img decoding=\"async\" class=\"hero-img\" src=\"https:\/\/www.southcoast.org\/wp-content\/uploads\/2025\/06\/podcast_page_hero.webp\" alt=\"A stethoscope, microphone, and other medical equipment on a teal blue background.\">\n                                    <\/div>\n                            <\/div>\n        <\/div>\n    <\/div>\n<\/div>\n\n\n<div  class=\"blockSettings  paddingTopMD paddingBottomMD podcastsBlock light\" style=\"\"><div class=\"container\">\n\t<div class=\"grid\">\n\t\t<div class=\"col-sm-12\">\n\t\t\t    <div class=\"introWithCta centerAlign\">\n            <div class=\"mainCopyWrap\">\n            <\/div>\n        <\/div>\n    \t\t<\/div>\n\t<\/div>\n\t<div class=\"blockSeparator\"><\/div>\n\t<div class=\"podcasts-container\">\n\t\t<div class=\"grid\">\n\t\t\t<div class=\"col-sm-12\">\n\t\t\t\t<div class=\"podcast-embed\"><iframe loading=\"lazy\" title=\"Incorporar jogador\" src=\"https:\/\/play.libsyn.com\/embed\/destination\/id\/5076285\/height\/412\/theme\/modern\/size\/large\/thumbnail\/yes\/custom-color\/5da19b\/playlist-height\/200\/direction\/backward\/download\/yes\/font-color\/FFFFFF\" height=\"412\" width=\"100%\" scrolling=\"no\" allowfullscreen=\"\" webkitallowfullscreen=\"true\" mozallowfullscreen=\"true\" oallowfullscreen=\"true\" msallowfullscreen=\"true\" style=\"border: none;\"><\/iframe><\/div>\t\t\t<\/div>\n\t\t<\/div>\n\t<\/div>\n<\/div>\n\n<\/div>","protected":false},"excerpt":{"rendered":"","protected":false},"author":7,"featured_media":0,"parent":0,"menu_order":0,"comment_status":"closed","ping_status":"closed","template":"","meta":{"_acf_changed":false,"footnotes":""},"class_list":["post-16396","page","type-page","status-publish","hentry"],"acf":[],"yoast_head":"<!-- This site is optimized with the Yoast SEO plugin v26.0 - https:\/\/yoast.com\/wordpress\/plugins\/seo\/ -->\n<title>Healthy Aging Podcast - Southcoast Health<\/title>\n<meta name=\"robots\" content=\"index, follow, max-snippet:-1, max-image-preview:large, max-video-preview:-1\" \/>\n<link rel=\"canonical\" href=\"https:\/\/www.southcoast.org\/pt\/healthy-aging-podcast\/\" \/>\n<meta property=\"og:locale\" content=\"pt_PT\" \/>\n<meta property=\"og:type\" content=\"article\" \/>\n<meta property=\"og:title\" content=\"Healthy Aging Podcast - Southcoast Health\" \/>\n<meta property=\"og:url\" content=\"https:\/\/www.southcoast.org\/pt\/healthy-aging-podcast\/\" \/>\n<meta property=\"og:site_name\" content=\"Southcoast Health\" \/>\n<meta property=\"article:modified_time\" content=\"2025-11-24T20:08:03+00:00\" \/>\n<meta name=\"twitter:card\" content=\"summary_large_image\" \/>\n<script type=\"application\/ld+json\" class=\"yoast-schema-graph\">{\"@context\":\"https:\/\/schema.org\",\"@graph\":[{\"@type\":\"WebPage\",\"@id\":\"https:\/\/www.southcoast.org\/healthy-aging-podcast\/\",\"url\":\"https:\/\/www.southcoast.org\/healthy-aging-podcast\/\",\"name\":\"Healthy Aging Podcast - Southcoast Health\",\"isPartOf\":{\"@id\":\"https:\/\/www.southcoast.org\/#website\"},\"datePublished\":\"2025-06-24T04:10:52+00:00\",\"dateModified\":\"2025-11-24T20:08:03+00:00\",\"breadcrumb\":{\"@id\":\"https:\/\/www.southcoast.org\/healthy-aging-podcast\/#breadcrumb\"},\"inLanguage\":\"pt-PT\",\"potentialAction\":[{\"@type\":\"ReadAction\",\"target\":[\"https:\/\/www.southcoast.org\/healthy-aging-podcast\/\"]}]},{\"@type\":\"BreadcrumbList\",\"@id\":\"https:\/\/www.southcoast.org\/healthy-aging-podcast\/#breadcrumb\",\"itemListElement\":[{\"@type\":\"ListItem\",\"position\":1,\"name\":\"\",\"item\":\"https:\/\/www.southcoast.org\/\"},{\"@type\":\"ListItem\",\"position\":2,\"name\":\"Healthy Aging Podcast\"}]},{\"@type\":\"WebSite\",\"@id\":\"https:\/\/www.southcoast.org\/#website\",\"url\":\"https:\/\/www.southcoast.org\/\",\"name\":\"Southcoast Health\",\"description\":\"More than medicine.\",\"potentialAction\":[{\"@type\":\"SearchAction\",\"target\":{\"@type\":\"EntryPoint\",\"urlTemplate\":\"https:\/\/www.southcoast.org\/?s={search_term_string}\"},\"query-input\":{\"@type\":\"PropertyValueSpecification\",\"valueRequired\":true,\"valueName\":\"search_term_string\"}}],\"inLanguage\":\"pt-PT\"}]}<\/script>\n<!-- \/ Yoast SEO plugin. -->","yoast_head_json":{"title":"Healthy Aging Podcast - Southcoast Health","robots":{"index":"index","follow":"follow","max-snippet":"max-snippet:-1","max-image-preview":"max-image-preview:large","max-video-preview":"max-video-preview:-1"},"canonical":"https:\/\/www.southcoast.org\/pt\/healthy-aging-podcast\/","og_locale":"pt_PT","og_type":"article","og_title":"Healthy Aging Podcast - Southcoast Health","og_url":"https:\/\/www.southcoast.org\/pt\/healthy-aging-podcast\/","og_site_name":"Southcoast Health","article_modified_time":"2025-11-24T20:08:03+00:00","twitter_card":"summary_large_image","schema":{"@context":"https:\/\/schema.org","@graph":[{"@type":"WebPage","@id":"https:\/\/www.southcoast.org\/healthy-aging-podcast\/","url":"https:\/\/www.southcoast.org\/healthy-aging-podcast\/","name":"Healthy Aging Podcast - Southcoast Health","isPartOf":{"@id":"https:\/\/www.southcoast.org\/#website"},"datePublished":"2025-06-24T04:10:52+00:00","dateModified":"2025-11-24T20:08:03+00:00","breadcrumb":{"@id":"https:\/\/www.southcoast.org\/healthy-aging-podcast\/#breadcrumb"},"inLanguage":"pt-PT","potentialAction":[{"@type":"ReadAction","target":["https:\/\/www.southcoast.org\/healthy-aging-podcast\/"]}]},{"@type":"BreadcrumbList","@id":"https:\/\/www.southcoast.org\/healthy-aging-podcast\/#breadcrumb","itemListElement":[{"@type":"ListItem","position":1,"name":"","item":"https:\/\/www.southcoast.org\/"},{"@type":"ListItem","position":2,"name":"Healthy Aging Podcast"}]},{"@type":"WebSite","@id":"https:\/\/www.southcoast.org\/#website","url":"https:\/\/www.southcoast.org\/","name":"Sa\u00fade no Sudeste","description":"Mais do que medicamentos.","potentialAction":[{"@type":"SearchAction","target":{"@type":"EntryPoint","urlTemplate":"https:\/\/www.southcoast.org\/?s={search_term_string}"},"query-input":{"@type":"PropertyValueSpecification","valueRequired":true,"valueName":"search_term_string"}}],"inLanguage":"pt-PT"}]}},"_links":{"self":[{"href":"https:\/\/www.southcoast.org\/pt\/wp-json\/wp\/v2\/pages\/16396","targetHints":{"allow":["GET"]}}],"collection":[{"href":"https:\/\/www.southcoast.org\/pt\/wp-json\/wp\/v2\/pages"}],"about":[{"href":"https:\/\/www.southcoast.org\/pt\/wp-json\/wp\/v2\/types\/page"}],"author":[{"embeddable":true,"href":"https:\/\/www.southcoast.org\/pt\/wp-json\/wp\/v2\/users\/7"}],"replies":[{"embeddable":true,"href":"https:\/\/www.southcoast.org\/pt\/wp-json\/wp\/v2\/comments?post=16396"}],"version-history":[{"count":25,"href":"https:\/\/www.southcoast.org\/pt\/wp-json\/wp\/v2\/pages\/16396\/revisions"}],"predecessor-version":[{"id":282660,"href":"https:\/\/www.southcoast.org\/pt\/wp-json\/wp\/v2\/pages\/16396\/revisions\/282660"}],"wp:attachment":[{"href":"https:\/\/www.southcoast.org\/pt\/wp-json\/wp\/v2\/media?parent=16396"}],"curies":[{"name":"wp","href":"https:\/\/api.w.org\/{rel}","templated":true}]}}