{"id":16007,"date":"2025-06-19T19:32:13","date_gmt":"2025-06-19T19:32:13","guid":{"rendered":"https:\/\/test-southcoast-health-multi.southcoast-health.org\/?page_id=16007"},"modified":"2025-10-02T17:41:26","modified_gmt":"2025-10-02T17:41:26","slug":"requesting-medical-records","status":"publish","type":"page","link":"https:\/\/www.southcoast.org\/pt\/patient-information\/requesting-medical-records\/","title":{"rendered":"Pedido de registos m\u00e9dicos"},"content":{"rendered":"<div  class=\"blockSettings  paddingTopSM paddingBottomMD heroBasicFluid darkTheme\" style=\"background-image:url(https:\/\/www.southcoast.org\/wp-content\/uploads\/2025\/06\/career_eras_tour_hero.webp);background-size:cover;background-position:center center;\"><div class=\"overlay\"><\/div><div class=\"container\">\n            <div class=\"grid\">\n            <div class=\"col-sm-12 col-bleed-y\">\n                <div class=\"Center\">\n                    <div class=\"breadcrumbsWrapper desktop-breadcrumbs\"><nav id=\"breadcrumbs\" aria-label=\"P\u00e3o ralado\"><ol><li><a href=\"https:\/\/www.southcoast.org\/pt\/\"><i class=\"fa-light fa-house\"><\/i><span class=\"visually-hidden\">In\u00edcio<\/span><\/a><\/li><\/ol><\/nav><\/div><div class=\"breadcrumbsWrapper mobile-breadcrumbs\"><p id=\"mobile-breadcrumbs\"><span><span><a href=\"https:\/\/www.southcoast.org\/pt\"><i class=\"far fa-home\"><\/i><\/a><\/span> <i class=\"fa-solid fa-chevron-right separator\"><\/i> <span><a href=\"https:\/\/www.southcoast.org\/pt\/patient-information\/\">Informa\u00e7\u00e3o do doente<\/a><\/span><\/span><\/p><\/div>                <\/div>\n            <\/div>\n        <\/div>\n        <div class=\"grid align-center\">\n        <div class=\"col-sm-10\">\n            <div class=\"Center\">\n\n                    <div class=\"mainCopyWrap\">\n            <h1>Pedido de registos m\u00e9dicos<\/h1>\n        <\/div>\n    \n                \n            <\/div>\n        <\/div>\n    <\/div>\n<\/div>\n    <div class=\"cornerArtWrapper cornerArt-small\">\n        <img decoding=\"async\" class=\"cornerArt\" src=\"https:\/\/www.southcoast.org\/wp-content\/themes\/southcoast_multisite\/images\/corner-art.svg\" alt=\"\">\n    <\/div>\n<\/div>\n\n\n\n\n<div  class=\"blockSettings  paddingTopMD paddingBottomMD cardImageFluid light\" style=\"\"><div class=\"container\" role=\"region\"  aria-label=\"Ajud\u00e1-lo a aceder \u00e0s informa\u00e7\u00f5es de sa\u00fade de que necessita\">\n\t<div class=\"grid\">\n\t\t<div class=\"col-sm-12\">\n\t\t\t    <div class=\"introWithCta centerAlign\">\n            <div class=\"mainCopyWrap\">\n            <h2>Ajud\u00e1-lo a aceder \u00e0s informa\u00e7\u00f5es de sa\u00fade de que necessita<\/h2>\n        <\/div>\n        <\/div>\n    \t\t<\/div>\n\t<\/div>\n\t<div class=\"blockSeparator\"><\/div>\n\t<div class=\"cardImageContentWrap\">\n\t\t\t\t\t\t\t<!--Manual Cards-->\n\t\t\t<div class=\"grid smallGrid\" >\n\t\t\t\t\t\t\t\t\t\t\t<div class=\"col-sm-6 col-md-6 col-grid\" role=\"group\"  aria-label=\"Pedidos de doentes e prestadores de cuidados que utilizam o MyChart\">\n\t\t\t\t\t\t\t\t<div class=\"cardBasic noBorder left Vertical\">\n\t\t\t\t\t\t\t\t\t<div class=\"cardImage\" style=\"background-image:url('https:\/\/www.southcoast.org\/wp-content\/uploads\/2025\/06\/requesting_medical_records_patients.webp'); \"><\/div>\n\t\t\t\t\t\t\t\t\t<div class=\"cardBasicBody\">\n\t\t\t\t\t\t\t\t\t\t\t\t\t\t\t\t\t\t\t\t<p class=\"cardBasicBodyTitle\">Pedidos de doentes e prestadores de cuidados que utilizam o MyChart<\/p>\n\t\t\t\t\t\t\t\t\t\t\t\t\t\t\t\t\t\t\t\t\t<div class=\"excerpt\">\n\t\t\t\t\t\t\t\t\t\t\t\t<p>Esfor\u00e7amo-nos por tornar a sua experi\u00eancia de cuidados de sa\u00fade perfeita. Pode aceder e solicitar os seus registos m\u00e9dicos e\/ou de fatura\u00e7\u00e3o online atrav\u00e9s do MyChart, o nosso portal do paciente, no <em>Centro de documentos<\/em>. Os pedidos de rotina devem ser efectuados num prazo de 5 a 7 dias \u00fateis. <strong>Podem ser cobradas taxas pelas c\u00f3pias.<\/strong><\/p>\n\t\t\t\t\t\t\t\t\t\t\t<\/div>\n\t\t\t\t\t\t\t\t\t\t\t\t\t\t\t\t\t\t\t\t<a aria-label=\"liga\u00e7\u00e3o ao MyChart\" href=\"https:\/\/mychart.southcoast.org\/mychart\/Authentication\/Login\" title=\"liga\u00e7\u00e3o ao MyChart\" target=\"_blank\" class=\"readMore\"><span class=\"fa-regular fa-arrow-up-right readMoreIcon\"><\/span> O meu gr\u00e1fico <span class=\"fa-regular fa-arrow-up-right-from-square readMoreIconTarget\"><\/span><\/a>\n\t\t\t\t\t\t\t\t\t<\/div>\n\t\t\t\t\t\t\t\t<\/div>\n\t\t\t\t\t\t\t<\/div>\n\t\t\t\t\t\t\t\t\t\t\t\t\t\t\t\t\t<div class=\"col-sm-6 col-md-6 col-grid\" role=\"group\"  aria-label=\"Os doentes e os prestadores de cuidados solicitam m\u00e9todos alternativos\">\n\t\t\t\t\t\t\t\t<div class=\"cardBasic noBorder left Vertical\">\n\t\t\t\t\t\t\t\t\t<div class=\"cardImage\" style=\"background-image:url('https:\/\/www.southcoast.org\/wp-content\/uploads\/2025\/06\/requesting_medical_records_physician.webp'); \"><\/div>\n\t\t\t\t\t\t\t\t\t<div class=\"cardBasicBody\">\n\t\t\t\t\t\t\t\t\t\t\t\t\t\t\t\t\t\t\t\t<p class=\"cardBasicBodyTitle\">Os doentes e os prestadores de cuidados solicitam m\u00e9todos alternativos<\/p>\n\t\t\t\t\t\t\t\t\t\t\t\t\t\t\t\t\t\t\t\t\t<div class=\"excerpt\">\n\t\t\t\t\t\t\t\t\t\t\t\t<p>Se n\u00e3o tiver o MyChart, ou se for um prestador de cuidados, pode solicitar registos m\u00e9dicos ou de fatura\u00e7\u00e3o online atrav\u00e9s da liga\u00e7\u00e3o abaixo ou preenchendo o formul\u00e1rio <em>Autoriza\u00e7\u00e3o para divulga\u00e7\u00e3o de informa\u00e7\u00f5es de sa\u00fade protegidas<\/em> formul\u00e1rio no final desta p\u00e1gina. Os pedidos de rotina t\u00eam um prazo de 5 a 7 dias \u00fateis. <strong>Podem ser cobradas taxas pelas c\u00f3pias.<\/strong><\/p>\n\t\t\t\t\t\t\t\t\t\t\t<\/div>\n\t\t\t\t\t\t\t\t\t\t\t\t\t\t\t\t\t\t\t\t<a aria-label=\"liga\u00e7\u00e3o para Pedido de registos m\u00e9dicos em linha\" href=\"https:\/\/www.swellbox.com\/southcoast-health-wizard.html\" title=\"liga\u00e7\u00e3o para Pedido de registos m\u00e9dicos em linha\" target=\"_blank\" class=\"readMore\"><span class=\"fa-regular fa-arrow-up-right readMoreIcon\"><\/span> Pedido de registos m\u00e9dicos online <span class=\"fa-regular fa-arrow-up-right-from-square readMoreIconTarget\"><\/span><\/a>\n\t\t\t\t\t\t\t\t\t<\/div>\n\t\t\t\t\t\t\t\t<\/div>\n\t\t\t\t\t\t\t<\/div>\n\t\t\t\t\t\t\t\t\t\t\t\t\t\t\t\t\t<div class=\"col-sm-6 col-md-6 col-grid\" role=\"group\"  aria-label=\"Advogados, companhias de seguros e todos os outros n\u00e3o doentes\">\n\t\t\t\t\t\t\t\t<div class=\"cardBasic noBorder left Vertical\">\n\t\t\t\t\t\t\t\t\t<div class=\"cardImage\" style=\"background-image:url('https:\/\/www.southcoast.org\/wp-content\/uploads\/2025\/06\/requesting_medical_records_attorney.webp'); \"><\/div>\n\t\t\t\t\t\t\t\t\t<div class=\"cardBasicBody\">\n\t\t\t\t\t\t\t\t\t\t\t\t\t\t\t\t\t\t\t\t<p class=\"cardBasicBodyTitle\">Advogados, companhias de seguros e todos os outros n\u00e3o doentes<\/p>\n\t\t\t\t\t\t\t\t\t\t\t\t\t\t\t\t\t\t\t\t\t<div class=\"excerpt\">\n\t\t\t\t\t\t\t\t\t\t\t\t<p>Enviar o <em>Autoriza\u00e7\u00e3o para divulga\u00e7\u00e3o de informa\u00e7\u00f5es de sa\u00fade protegidas<\/em> para o endere\u00e7o abaixo indicado:<\/p>\n<p>Sa\u00fade no Sudeste<br \/>\nGest\u00e3o da Informa\u00e7\u00e3o em Sa\u00fade - ROI<br \/>\n200 Mill Road, Suite 210,<br \/>\nFairhaven, MA 02719<\/p>\n\t\t\t\t\t\t\t\t\t\t\t<\/div>\n\t\t\t\t\t\t\t\t\t\t\t\t\t\t\t\t\t\t\t<\/div>\n\t\t\t\t\t\t\t\t<\/div>\n\t\t\t\t\t\t\t<\/div>\n\t\t\t\t\t\t\t\t\t\t\t\t\t\t\t\t\t<div class=\"col-sm-6 col-md-6 col-grid\" role=\"group\"  aria-label=\"Pedidos de fornecedores\">\n\t\t\t\t\t\t\t\t<div class=\"cardBasic noBorder left Vertical\">\n\t\t\t\t\t\t\t\t\t<div class=\"cardImage\" style=\"background-image:url('https:\/\/www.southcoast.org\/wp-content\/uploads\/2025\/06\/requesting_medical_records_provider.webp'); \"><\/div>\n\t\t\t\t\t\t\t\t\t<div class=\"cardBasicBody\">\n\t\t\t\t\t\t\t\t\t\t\t\t\t\t\t\t\t\t\t\t<p class=\"cardBasicBodyTitle\">Pedidos de fornecedores<\/p>\n\t\t\t\t\t\t\t\t\t\t\t\t\t\t\t\t\t\t\t\t\t<div class=\"excerpt\">\n\t\t\t\t\t\t\t\t\t\t\t\t<p>Os prestadores de servi\u00e7os m\u00e9dicos e as instala\u00e7\u00f5es m\u00e9dicas que solicitem registos m\u00e9dicos devem telefonar para 508-973-3700 ou enviar um fax para 508-973-3694 ou 508-973-3695.<\/p>\n\t\t\t\t\t\t\t\t\t\t\t<\/div>\n\t\t\t\t\t\t\t\t\t\t\t\t\t\t\t\t\t\t\t\t<a aria-label=\"liga\u00e7\u00e3o para 508-973-3700\" href=\"tel:508-973-3700\" title=\"liga\u00e7\u00e3o para 508-973-3700\" target=\"_blank\" class=\"readMore\"><span class=\"fa-regular fa-arrow-up-right readMoreIcon\"><\/span> 508-973-3700 <span class=\"fa-regular fa-arrow-up-right-from-square readMoreIconTarget\"><\/span><\/a>\n\t\t\t\t\t\t\t\t\t<\/div>\n\t\t\t\t\t\t\t\t<\/div>\n\t\t\t\t\t\t\t<\/div>\n\t\t\t\t\t\t\t\t\t\t\t\t\t<\/div>\n\t\t\t<\/div>\n\t<\/div>\n\n<\/div>\n\n\n<div  class=\"blockSettings  paddingTopNone paddingBottomSM calloutbannerminiFluid layout-contained light\" style=\"\"><div class=\"container\">\n    <div class=\"grid\">\n        <div class=\"col-sm-12 col-bleed-y\">\n            <div class=\"banner-content  ctas-3\">\n                                    <div class=\"copy\">\n                        <p><span class=\"TextRun SCXW121191918 BCX8\" lang=\"EN-US\" xml:lang=\"EN-US\" data-contrast=\"auto\"><span class=\"NormalTextRun SCXW121191918 BCX8\">Formul\u00e1rio de autoriza\u00e7\u00e3o para divulga\u00e7\u00e3o de informa\u00e7\u00f5es de sa\u00fade protegidas<\/span><\/span><span class=\"EOP SCXW121191918 BCX8\" data-ccp-props=\"{}\">\u00a0<\/span><\/p>\n                    <\/div>\n                                    <div class=\"ctaWrap\">\n                    <a aria-label=\"liga\u00e7\u00e3o para ingl\u00eas\" class=\"mainCTA shadow dark1\" href=\"https:\/\/www.southcoast.org\/wp-content\/uploads\/2025\/06\/Authorization-for-Release-of-Protected-Health-Information-SHS-English.pdf\" target=\"_blank\" title=\"Abre em ingl\u00eas num novo separador ou janela\" rel=\"noopener noreferrer\">Ingl\u00eas<span class=\"fa-regular fa-download\"><\/span><\/a>                    <a aria-label=\"liga\u00e7\u00e3o para portugu\u00eas\" class=\"mainCTA shadow dark1\" href=\"https:\/\/www.southcoast.org\/wp-content\/uploads\/2025\/06\/POR-Authorization-for-Release-of-Protected-Health-Information-SHS-PORTUGUESE.pdf\" target=\"_blank\" title=\"Abre em portugu\u00eas num novo separador ou janela\" rel=\"noopener noreferrer\">Portugu\u00eas<span class=\"fa-regular fa-download\"><\/span><\/a>                    <a aria-label=\"liga\u00e7\u00e3o para espanhol\" class=\"mainCTA shadow dark1\" href=\"https:\/\/www.southcoast.org\/wp-content\/uploads\/2025\/06\/SPA-Authorization-for-Release-of-Protected-Health-Information-SHS-SPANISH.pdf\" target=\"_blank\" title=\"Abre o espanhol num novo separador ou janela\" rel=\"noopener noreferrer\">espanhol<span class=\"fa-regular fa-download\"><\/span><\/a>            <\/div>\n                <\/div>\n        <\/div>\n    <\/div>\n<\/div>\n<\/div>\n\n\n<div id=\"process\" class=\"blockSettings  paddingTopMD paddingBottomMD cardIconsFluid cardIconsImageFluid light\" style=\"background-color:#e1f5fa;\">\t<div class=\"container\">\n\t\t\t\t\t<div class=\"grid\">\n\t\t\t\t<div class=\"col-sm-12\">\n\t\t\t\t\t<div class=\"introCenter\">\n\t\t\t\t\t\t<div class=\"maincopy intro\">\n\t\t\t\t\t\t\t<h2>Processo de pedido de registos m\u00e9dicos alternativos<\/h2>\n\t\t\t\t\t\t\t\t\t\t\t\t\t<\/div>\n\t\t\t\t\t\t\t\t\t\t\t\t\t\t\t\t\t\t\t\t\t\t\t\t\t\t                                                                                                        \t\t\t\t\t<\/div>\n\t\t\t\t<\/div>\n\t\t\t<\/div>\n\t\t\n\t\t\t\t\t<!--Manual Cards-->\n\t\t\t<div class=\"grid\">\n\t\t\t\t\t\t\t\t\t\t\t<div class=\"col-sm-6 col-md-3 col-grid\">\n\t\t\t\t\t\t\t\t<div class=\"cardBasic  Left Vertical\">\n\t\t\t\t\t\t\t\t\t\t\t\t\t\t\t\t\t\t\t<span class=\"icon fa-classic fa-thin fa-1\"><\/span>\n\t\t\t\t\t\t\t\t\t\t\t\t\t\t\t\t\t\t\n\t\t\t\t\t\t\t\t\t<div class=\"cardBasicBody\">\n\t\t\t\t\t\t\t\t\t\t<div class=\"cardBasicBodyTitle\" role=\"title\">Descarregar o formul\u00e1rio de autoriza\u00e7\u00e3o<\/div>\n\t\t\t\t\t\t\t\t\t\t\t\t\t\t\t\t\t\t\t\t<div class=\"excerpt\">\n\t\t\t\t\t\t\t\t\t\t\t<p>Descarregar o <em>Autoriza\u00e7\u00e3o para divulga\u00e7\u00e3o de informa\u00e7\u00f5es de sa\u00fade protegidas<\/em> Formul\u00e1rio em <a href=\"https:\/\/www.southcoast.org\/wp-content\/uploads\/2025\/06\/Authorization-for-Release-of-Protected-Health-Information-SHS-English.pdf\" target=\"_blank\" rel=\"noopener\">Ingl\u00eas<\/a>, <a href=\"http:\/\/POR-Authorization-for-Release-of-Protected-Health-Information-SHS-PORTUGUESE.pdf\" target=\"_blank\" rel=\"noopener\">Portugu\u00eas<\/a> ou <a href=\"https:\/\/www.southcoast.org\/wp-content\/uploads\/2025\/06\/SPA-Authorization-for-Release-of-Protected-Health-Information-SHS-SPANISH.pdf\" target=\"_blank\" rel=\"noopener\">espanhol<\/a>.<\/p>\n\t\t\t\t\t\t\t\t\t\t<\/div>\n\t\t\t\t\t\t\t\t\t\t\t\t\t\t\t\t\t\t\t\t\t\t\t\t\t\t\t\t\t<\/div>\n\t\t\t\t\t\t\t\t<\/div>\n\t\t\t\t\t\t\t<\/div>\n\t\t\t\t\t\t\t\t\t\t\t\t<div class=\"col-sm-6 col-md-3 col-grid\">\n\t\t\t\t\t\t\t\t<div class=\"cardBasic  Left Vertical\">\n\t\t\t\t\t\t\t\t\t\t\t\t\t\t\t\t\t\t\t<span class=\"icon fa-classic fa-thin fa-2\"><\/span>\n\t\t\t\t\t\t\t\t\t\t\t\t\t\t\t\t\t\t\n\t\t\t\t\t\t\t\t\t<div class=\"cardBasicBody\">\n\t\t\t\t\t\t\t\t\t\t<div class=\"cardBasicBodyTitle\" role=\"title\">Imprimir e preencher o formul\u00e1rio<\/div>\n\t\t\t\t\t\t\t\t\t\t\t\t\t\t\t\t\t\t\t\t<div class=\"excerpt\">\n\t\t\t\t\t\t\t\t\t\t\t<p>Imprimir e preencher o formul\u00e1rio de autoriza\u00e7\u00e3o.<\/p>\n\t\t\t\t\t\t\t\t\t\t<\/div>\n\t\t\t\t\t\t\t\t\t\t\t\t\t\t\t\t\t\t\t\t\t\t\t\t\t\t\t\t\t<\/div>\n\t\t\t\t\t\t\t\t<\/div>\n\t\t\t\t\t\t\t<\/div>\n\t\t\t\t\t\t\t\t\t\t\t\t<div class=\"col-sm-6 col-md-3 col-grid\">\n\t\t\t\t\t\t\t\t<div class=\"cardBasic  Left Vertical\">\n\t\t\t\t\t\t\t\t\t\t\t\t\t\t\t\t\t\t\t<span class=\"icon fa-classic fa-thin fa-3\"><\/span>\n\t\t\t\t\t\t\t\t\t\t\t\t\t\t\t\t\t\t\n\t\t\t\t\t\t\t\t\t<div class=\"cardBasicBody\">\n\t\t\t\t\t\t\t\t\t\t<div class=\"cardBasicBodyTitle\" role=\"title\">Formul\u00e1rio preenchido por correio, e-mail ou fax<\/div>\n\t\t\t\t\t\t\t\t\t\t\t\t\t\t\t\t\t\t\t\t<div class=\"excerpt\">\n\t\t\t\t\t\t\t\t\t\t\t<p>Sa\u00fade no Sudeste<br \/>\nGest\u00e3o da Informa\u00e7\u00e3o em Sa\u00fade - ROI<br \/>\n200 Mill Road, Suite 210<br \/>\nFairhaven, MA 02719<\/p>\n<p>Fax: <span class=\"TextRun SCXW266291775 BCX8\" lang=\"EN-US\" xml:lang=\"EN-US\" data-contrast=\"auto\"><span class=\"NormalTextRun SCXW266291775 BCX8\">508-973-3694 ou 508-973-3695<\/span><\/span><br \/>\nTelefone: 508-973-3700<br \/>\nCorreio eletr\u00f3nico:\u00a0<a href=\"mailto:RequestRecords@southcoast.org\" target=\"_blank\" rel=\"noopener\">RequestRecords@southcoast.org<\/a><\/p>\n\t\t\t\t\t\t\t\t\t\t<\/div>\n\t\t\t\t\t\t\t\t\t\t\t\t\t\t\t\t\t\t\t\t\t\t\t\t\t\t\t\t\t<\/div>\n\t\t\t\t\t\t\t\t<\/div>\n\t\t\t\t\t\t\t<\/div>\n\t\t\t\t\t\t\t\t\t\t\t\t<div class=\"col-sm-6 col-md-3 col-grid\">\n\t\t\t\t\t\t\t\t<div class=\"cardBasic  Left Vertical\">\n\t\t\t\t\t\t\t\t\t\t\t\t\t\t\t\t\t\t\t<span class=\"icon fa-classic fa-thin fa-4\"><\/span>\n\t\t\t\t\t\t\t\t\t\t\t\t\t\t\t\t\t\t\n\t\t\t\t\t\t\t\t\t<div class=\"cardBasicBody\">\n\t\t\t\t\t\t\t\t\t\t<div class=\"cardBasicBodyTitle\" role=\"title\">Locais de recolha<\/div>\n\t\t\t\t\t\t\t\t\t\t\t\t\t\t\t\t\t\t\t\t<div class=\"excerpt\">\n\t\t\t\t\t\t\t\t\t\t\t<p><strong>Hospital Memorial de Charlton<\/strong><br \/>\n363 Highland Avenue<br \/>\nFall River, MA<br \/>\nHor\u00e1rios: Segunda-feira - Sexta-feira 8:00 - 16:30 (Fechado nos feriados)<\/p>\n<p><strong>Hospital St. Luke's<\/strong><br \/>\n101 Page Street<br \/>\nNew Bedford, MA<br \/>\nHor\u00e1rios: Segunda-feira - Sexta-feira 8:00 - 16:30 (Fechado nos feriados)<\/p>\n<p><strong>A recolha no Tobey Hospital n\u00e3o est\u00e1 atualmente dispon\u00edvel.<\/strong><\/p>\n\t\t\t\t\t\t\t\t\t\t<\/div>\n\t\t\t\t\t\t\t\t\t\t\t\t\t\t\t\t\t\t\t\t\t\t\t\t\t\t\t\t\t<\/div>\n\t\t\t\t\t\t\t\t<\/div>\n\t\t\t\t\t\t\t<\/div>\n\t\t\t\t\t\t\t\t<\/div>\n\t\t\t<\/div>\n<\/div>","protected":false},"excerpt":{"rendered":"","protected":false},"author":7,"featured_media":0,"parent":15989,"menu_order":0,"comment_status":"closed","ping_status":"closed","template":"","meta":{"_acf_changed":false,"footnotes":""},"class_list":["post-16007","page","type-page","status-publish","hentry"],"acf":[],"yoast_head":"<!-- This site is optimized with the Yoast SEO plugin v26.0 - https:\/\/yoast.com\/wordpress\/plugins\/seo\/ -->\n<title>Requesting Medical Records - Southcoast Health<\/title>\n<meta name=\"robots\" content=\"index, follow, max-snippet:-1, max-image-preview:large, max-video-preview:-1\" \/>\n<link rel=\"canonical\" href=\"https:\/\/www.southcoast.org\/pt\/patient-information\/requesting-medical-records\/\" \/>\n<meta property=\"og:locale\" content=\"pt_PT\" \/>\n<meta property=\"og:type\" content=\"article\" \/>\n<meta property=\"og:title\" content=\"Requesting Medical Records - Southcoast Health\" \/>\n<meta property=\"og:url\" content=\"https:\/\/www.southcoast.org\/pt\/patient-information\/requesting-medical-records\/\" \/>\n<meta property=\"og:site_name\" content=\"Southcoast Health\" \/>\n<meta property=\"article:modified_time\" content=\"2025-10-02T17:41:26+00:00\" \/>\n<meta name=\"twitter:card\" content=\"summary_large_image\" \/>\n<script type=\"application\/ld+json\" class=\"yoast-schema-graph\">{\"@context\":\"https:\/\/schema.org\",\"@graph\":[{\"@type\":\"WebPage\",\"@id\":\"https:\/\/www.southcoast.org\/patient-information\/requesting-medical-records\/\",\"url\":\"https:\/\/www.southcoast.org\/patient-information\/requesting-medical-records\/\",\"name\":\"Requesting Medical Records - Southcoast Health\",\"isPartOf\":{\"@id\":\"https:\/\/www.southcoast.org\/#website\"},\"datePublished\":\"2025-06-19T19:32:13+00:00\",\"dateModified\":\"2025-10-02T17:41:26+00:00\",\"breadcrumb\":{\"@id\":\"https:\/\/www.southcoast.org\/patient-information\/requesting-medical-records\/#breadcrumb\"},\"inLanguage\":\"pt-PT\",\"potentialAction\":[{\"@type\":\"ReadAction\",\"target\":[\"https:\/\/www.southcoast.org\/patient-information\/requesting-medical-records\/\"]}]},{\"@type\":\"BreadcrumbList\",\"@id\":\"https:\/\/www.southcoast.org\/patient-information\/requesting-medical-records\/#breadcrumb\",\"itemListElement\":[{\"@type\":\"ListItem\",\"position\":1,\"name\":\"\",\"item\":\"https:\/\/www.southcoast.org\/\"},{\"@type\":\"ListItem\",\"position\":2,\"name\":\"Patient Information\",\"item\":\"https:\/\/www.southcoast.org\/patient-information\/\"},{\"@type\":\"ListItem\",\"position\":3,\"name\":\"Requesting Medical Records\"}]},{\"@type\":\"WebSite\",\"@id\":\"https:\/\/www.southcoast.org\/#website\",\"url\":\"https:\/\/www.southcoast.org\/\",\"name\":\"Southcoast Health\",\"description\":\"More than medicine.\",\"potentialAction\":[{\"@type\":\"SearchAction\",\"target\":{\"@type\":\"EntryPoint\",\"urlTemplate\":\"https:\/\/www.southcoast.org\/?s={search_term_string}\"},\"query-input\":{\"@type\":\"PropertyValueSpecification\",\"valueRequired\":true,\"valueName\":\"search_term_string\"}}],\"inLanguage\":\"pt-PT\"}]}<\/script>\n<!-- \/ Yoast SEO plugin. -->","yoast_head_json":{"title":"Requesting Medical Records - Southcoast Health","robots":{"index":"index","follow":"follow","max-snippet":"max-snippet:-1","max-image-preview":"max-image-preview:large","max-video-preview":"max-video-preview:-1"},"canonical":"https:\/\/www.southcoast.org\/pt\/patient-information\/requesting-medical-records\/","og_locale":"pt_PT","og_type":"article","og_title":"Requesting Medical Records - Southcoast Health","og_url":"https:\/\/www.southcoast.org\/pt\/patient-information\/requesting-medical-records\/","og_site_name":"Southcoast Health","article_modified_time":"2025-10-02T17:41:26+00:00","twitter_card":"summary_large_image","schema":{"@context":"https:\/\/schema.org","@graph":[{"@type":"WebPage","@id":"https:\/\/www.southcoast.org\/patient-information\/requesting-medical-records\/","url":"https:\/\/www.southcoast.org\/patient-information\/requesting-medical-records\/","name":"Requesting Medical Records - Southcoast Health","isPartOf":{"@id":"https:\/\/www.southcoast.org\/#website"},"datePublished":"2025-06-19T19:32:13+00:00","dateModified":"2025-10-02T17:41:26+00:00","breadcrumb":{"@id":"https:\/\/www.southcoast.org\/patient-information\/requesting-medical-records\/#breadcrumb"},"inLanguage":"pt-PT","potentialAction":[{"@type":"ReadAction","target":["https:\/\/www.southcoast.org\/patient-information\/requesting-medical-records\/"]}]},{"@type":"BreadcrumbList","@id":"https:\/\/www.southcoast.org\/patient-information\/requesting-medical-records\/#breadcrumb","itemListElement":[{"@type":"ListItem","position":1,"name":"","item":"https:\/\/www.southcoast.org\/"},{"@type":"ListItem","position":2,"name":"Patient Information","item":"https:\/\/www.southcoast.org\/patient-information\/"},{"@type":"ListItem","position":3,"name":"Requesting Medical Records"}]},{"@type":"WebSite","@id":"https:\/\/www.southcoast.org\/#website","url":"https:\/\/www.southcoast.org\/","name":"Sa\u00fade no Sudeste","description":"Mais do que medicamentos.","potentialAction":[{"@type":"SearchAction","target":{"@type":"EntryPoint","urlTemplate":"https:\/\/www.southcoast.org\/?s={search_term_string}"},"query-input":{"@type":"PropertyValueSpecification","valueRequired":true,"valueName":"search_term_string"}}],"inLanguage":"pt-PT"}]}},"_links":{"self":[{"href":"https:\/\/www.southcoast.org\/pt\/wp-json\/wp\/v2\/pages\/16007","targetHints":{"allow":["GET"]}}],"collection":[{"href":"https:\/\/www.southcoast.org\/pt\/wp-json\/wp\/v2\/pages"}],"about":[{"href":"https:\/\/www.southcoast.org\/pt\/wp-json\/wp\/v2\/types\/page"}],"author":[{"embeddable":true,"href":"https:\/\/www.southcoast.org\/pt\/wp-json\/wp\/v2\/users\/7"}],"replies":[{"embeddable":true,"href":"https:\/\/www.southcoast.org\/pt\/wp-json\/wp\/v2\/comments?post=16007"}],"version-history":[{"count":26,"href":"https:\/\/www.southcoast.org\/pt\/wp-json\/wp\/v2\/pages\/16007\/revisions"}],"predecessor-version":[{"id":278527,"href":"https:\/\/www.southcoast.org\/pt\/wp-json\/wp\/v2\/pages\/16007\/revisions\/278527"}],"up":[{"embeddable":true,"href":"https:\/\/www.southcoast.org\/pt\/wp-json\/wp\/v2\/pages\/15989"}],"wp:attachment":[{"href":"https:\/\/www.southcoast.org\/pt\/wp-json\/wp\/v2\/media?parent=16007"}],"curies":[{"name":"wp","href":"https:\/\/api.w.org\/{rel}","templated":true}]}}