{"id":15969,"date":"2025-06-19T19:22:51","date_gmt":"2025-06-19T19:22:51","guid":{"rendered":"https:\/\/test-southcoast-health-multi.southcoast-health.org\/?page_id=15969"},"modified":"2025-11-21T15:56:57","modified_gmt":"2025-11-21T20:56:57","slug":"before-and-after","status":"publish","type":"page","link":"https:\/\/www.southcoast.org\/pt\/dr-gregory-bormes\/before-and-after\/","title":{"rendered":"Fotos de Antes e Depois do Dr. Bormes"},"content":{"rendered":"<div  class=\"blockSettings  paddingTopSM paddingBottomMD heroBasicFluid darkTheme\" style=\"background-image:url(https:\/\/www.southcoast.org\/wp-content\/uploads\/2025\/06\/career_eras_tour_hero.webp);background-size:cover;background-position:center center;\"><div class=\"overlay\"><\/div><div class=\"container\">\n            <div class=\"grid\">\n            <div class=\"col-sm-12 col-bleed-y\">\n                <div class=\"Center\">\n                    <div class=\"breadcrumbsWrapper desktop-breadcrumbs\"><nav id=\"breadcrumbs\" aria-label=\"P\u00e3o ralado\"><ol><li><a href=\"https:\/\/www.southcoast.org\/pt\/\"><i class=\"fa-light fa-house\"><\/i><span class=\"visually-hidden\">In\u00edcio<\/span><\/a><\/li><\/ol><\/nav><\/div><div class=\"breadcrumbsWrapper mobile-breadcrumbs\"><p id=\"mobile-breadcrumbs\"><span><span><a href=\"https:\/\/www.southcoast.org\/pt\"><i class=\"far fa-home\"><\/i><\/a><\/span> <i class=\"fa-solid fa-chevron-right separator\"><\/i> <span><a href=\"https:\/\/www.southcoast.org\/pt\/dr-gregory-bormes\/\">Dr. Gregory Bormes<\/a><\/span><\/span><\/p><\/div>                <\/div>\n            <\/div>\n        <\/div>\n        <div class=\"grid align-center\">\n        <div class=\"col-sm-10\">\n            <div class=\"Center\">\n\n                    <div class=\"mainCopyWrap\">\n            <h1>Fotos de Antes e Depois do Dr. Bormes<\/h1>\n    <div class=\"paragraphWrap\"><p>Isen\u00e7\u00e3o de responsabilidade sobre fotos: Utilizamos um sistema Vectra 3D para capturar fotos de antes e depois. Embora nos esforcemos por fornecer as representa\u00e7\u00f5es mais exactas dos resultados cir\u00fargicos, tenha em aten\u00e7\u00e3o que o sistema Vectra 3D pode nem sempre produzir imagens perfeitas. N\u00e3o alteramos quaisquer fotografias para al\u00e9m da remo\u00e7\u00e3o de tatuagens que possam estar relacionadas com a identifica\u00e7\u00e3o de um paciente.<\/p><\/div>    <\/div>\n    \n                \n            <\/div>\n        <\/div>\n    <\/div>\n<\/div>\n    <div class=\"cornerArtWrapper cornerArt-small\">\n        <img decoding=\"async\" class=\"cornerArt\" src=\"https:\/\/www.southcoast.org\/wp-content\/themes\/southcoast_multisite\/images\/corner-art.svg\" alt=\"\">\n    <\/div>\n<\/div>\n\n    <div class=\"heroBasicFluidExtended\">\n        <div class=\"container\">\n            <div class=\"grid\">\n                <div class=\"col-sm-12 col-bleed-y\">\n                    <!-- Mobile Jump Nav Dropdown -->\n                    <div class=\"jump-nav-mobile\">\n                        <p>Saltar para o conte\u00fado<\/p>\n                        <select>\n                            <option value=\"\">Selecionar sec\u00e7\u00e3o<\/option>\n                                                                                                <option value=\"#abdominoplasty\">\n                                        Abdominoplastia (abdominoplastia)                                    <\/option>\n                                                                                                                                <option value=\"#breastlift\">\n                                        Eleva\u00e7\u00e3o do peito                                    <\/option>\n                                                                                                                                <option value=\"#breastreconstruction\">\n                                        Reconstru\u00e7\u00e3o mam\u00e1ria                                    <\/option>\n                                                                                                                                <option value=\"#breastreduction\">\n                                        Redu\u00e7\u00e3o do peito                                    <\/option>\n                                                                                                                                <option value=\"#panniculectomy\">\n                                        Paniculectomia                                    <\/option>\n                                                                                    <\/select>\n                        <i class=\"fal fa-angle-down\"><\/i>\n                    <\/div>\n                    <!-- Desktop Jump Nav Links -->\n                    <div class=\"jump-nav-desktop\">\n                        <div class=\"jump-nav-wrap\">\n                            <div class=\"inner\">\n                                                                                                            <a href=\"#abdominoplasty\"\n                                            >\n                                            Abdominoplastia (abdominoplastia)                                        <\/a>\n                                                                                                                                                <a href=\"#breastlift\"\n                                            >\n                                            Eleva\u00e7\u00e3o do peito                                        <\/a>\n                                                                                                                                                <a href=\"#breastreconstruction\"\n                                            >\n                                            Reconstru\u00e7\u00e3o mam\u00e1ria                                        <\/a>\n                                                                                                                                                <a href=\"#breastreduction\"\n                                            >\n                                            Redu\u00e7\u00e3o do peito                                        <\/a>\n                                                                                                                                                <a href=\"#panniculectomy\"\n                                            >\n                                            Paniculectomia                                        <\/a>\n                                                                                                <\/div>\n                        <\/div>\n                    <\/div>\n                <\/div>\n            <\/div>\n        <\/div>\n    <\/div>\n\n\n\n\n\n<div id=\"abdominoplasty\" class=\"blockSettings  paddingTopMD paddingBottomMD sliderFluid light\" style=\"\"><div class=\"container-full\">\n\t\t\t<div class=\"grid\">\n\t\t\t<div class=\"col-sm-12\">\n\t\t\t\t<div class=\"introCenter\">\n\t\t\t\t\t    <div class=\"mainCopyWrap\">\n            <h2>Abdominoplastia (abdominoplastia)<\/h2>\n        <\/div>\n    \t\t\t\t\t\t\t\t\t<\/div>\n\t\t\t<\/div>\n\t\t<\/div>\n\t\t\t\t\t\t\t<div class=\"blockSeparator\"><\/div>\n\t\t\t\t\t\t<div class=\"grid\">\n\t\t\t<div class=\"col-sm-12\">\n\t\t\t\t<div class=\"slider\">\n\t\t\t\t\t\t\t\t\t\t\t<div class=\"slide-wrap\">\n\t\t\t\t\t\t\t<div class=\"slide-img\" style=\"background-image:url('https:\/\/www.southcoast.org\/wp-content\/uploads\/2025\/07\/37-year-old-female-Abdominoplasty-52-175-lbs-Watermarked-2.png')\"><\/div>\n\t\t\t\t\t\t\t    <div class=\"mainCopyWrap\">\n            <h3>37 anos, sexo feminino, Abdominoplastia, Altura: 1,80 m, Peso: 80 kg.<\/h3>\n        <\/div>\n    \n\t\t\t\t\t\t<\/div>\n\t\t\t\t\t\t\t\t\t\t\t<div class=\"slide-wrap\">\n\t\t\t\t\t\t\t<div class=\"slide-img\" style=\"background-image:url('https:\/\/www.southcoast.org\/wp-content\/uploads\/2025\/07\/54-year-old-female-Abdominoplasty-52-208lbs-Watermarked-2.png')\"><\/div>\n\t\t\t\t\t\t\t    <div class=\"mainCopyWrap\">\n            <h3>54 anos, sexo feminino, Abdominoplastia, Altura: 1,80 m, Peso: 208 lbs.<\/h3>\n        <\/div>\n    \n\t\t\t\t\t\t<\/div>\n\t\t\t\t\t\t\t\t\t<\/div>\n\t\t\t<\/div>\n\t\t<\/div>\n\t<\/div>\n<\/div>\n\n\n<div id=\"breastlift\" class=\"blockSettings  paddingTopNone paddingBottomMD media-object-block light\" style=\"\"><div class=\"container\">\n\t<div class=\"grid\">\n\t\t<div class=\"col-sm-12\">\n\t\t\t<div class=\"inner image-right list-style-disc inner-white-bg\" style=\"background-color: #fff;\">\n\t\t\t\t<div class=\"copy\">\n\t\t\t\t\t    <div class=\"mainCopyWrap\">\n            <h2>Eleva\u00e7\u00e3o do peito<\/h2>\n    <div class=\"paragraphWrap\"><p>Mulher de 30 anos Lifting mam\u00e1rio<br \/>\nAltura: 5'3<br \/>\nPeso: 180 lbs.<\/p>\n<\/div>    <\/div>\n    \t\t\t\t<\/div>\n\t\t\t\t\t\t\t\t<div class=\"images\">\n\t\t\t\t\t\t<img decoding=\"async\" class=\"single\" src=\"https:\/\/www.southcoast.org\/wp-content\/uploads\/2025\/07\/30-year-old-female-Breast-Lift-53-180lbs-Watermarked-2.png\" alt=\"Torso of an adult female undergoing breast lift procedure, shown before and after.\">\n\t\t\t\t\t\t\t\t\t\t<\/div>\n\t\t\t\t\n\t\t\t<\/div>\n\t\t<\/div>\n\t<\/div>\n<\/div>\n<\/div>\n\n\n\n\n<div id=\"breastreconstruction\" class=\"blockSettings  paddingTopNone paddingBottomMD sliderFluid light\" style=\"\"><div class=\"container-full\">\n\t\t\t<div class=\"grid\">\n\t\t\t<div class=\"col-sm-12\">\n\t\t\t\t<div class=\"introCenter\">\n\t\t\t\t\t    <div class=\"mainCopyWrap\">\n            <h2>Reconstru\u00e7\u00e3o mam\u00e1ria<\/h2>\n        <\/div>\n    \t\t\t\t\t\t\t\t\t<\/div>\n\t\t\t<\/div>\n\t\t<\/div>\n\t\t\t\t\t\t\t<div class=\"blockSeparator\"><\/div>\n\t\t\t\t\t\t<div class=\"grid\">\n\t\t\t<div class=\"col-sm-12\">\n\t\t\t\t<div class=\"slider\">\n\t\t\t\t\t\t\t\t\t\t\t<div class=\"slide-wrap\">\n\t\t\t\t\t\t\t<div class=\"slide-img\" style=\"background-image:url('https:\/\/www.southcoast.org\/wp-content\/uploads\/2025\/07\/60-year-old-female-Bilateral-Breast-Reconstruction-59-173lbs-Watermarked-2.png')\"><\/div>\n\t\t\t\t\t\t\t    <div class=\"mainCopyWrap\">\n            <h3>60 anos de idade, sexo feminino, Reconstru\u00e7\u00e3o bilateral da mama, Altura: 5'9, Peso: 173 lbs.<\/h3>\n        <\/div>\n    \n\t\t\t\t\t\t<\/div>\n\t\t\t\t\t\t\t\t\t\t\t<div class=\"slide-wrap\">\n\t\t\t\t\t\t\t<div class=\"slide-img\" style=\"background-image:url('https:\/\/www.southcoast.org\/wp-content\/uploads\/2025\/07\/61-year-old-female-Bilateral-Breast-Reconstruction-53-159lbs-Watermarked-2.png')\"><\/div>\n\t\t\t\t\t\t\t    <div class=\"mainCopyWrap\">\n            <h3>61 anos, sexo feminino, Reconstru\u00e7\u00e3o da mama esquerda, Altura: 1,75 m, Peso: 159 lbs.<\/h3>\n        <\/div>\n    \n\t\t\t\t\t\t<\/div>\n\t\t\t\t\t\t\t\t\t\t\t<div class=\"slide-wrap\">\n\t\t\t\t\t\t\t<div class=\"slide-img\" style=\"background-image:url('https:\/\/www.southcoast.org\/wp-content\/uploads\/2025\/07\/61-year-old-female-Revision-Bilateral-Reconstructed-Breasts-58-191-Watermarked-2.png')\"><\/div>\n\t\t\t\t\t\t\t    <div class=\"mainCopyWrap\">\n            <h3>61 anos de idade, sexo feminino, Revis\u00e3o Bilateral de Seios Reconstru\u00eddos, Altura: 5'8, Peso: 191 lbs.<\/h3>\n        <\/div>\n    \n\t\t\t\t\t\t<\/div>\n\t\t\t\t\t\t\t\t\t\t\t<div class=\"slide-wrap\">\n\t\t\t\t\t\t\t<div class=\"slide-img\" style=\"background-image:url('https:\/\/www.southcoast.org\/wp-content\/uploads\/2025\/07\/67-year-old-female-Left-Breast-Reduction-for-symmetry-56-200lbs-Watermarked-2.png')\"><\/div>\n\t\t\t\t\t\t\t    <div class=\"mainCopyWrap\">\n            <h3>67 anos de idade, sexo feminino Redu\u00e7\u00e3o do peito esquerdo para simetria, Altura: 5'6, Peso: 200 lbs.<\/h3>\n        <\/div>\n    \n\t\t\t\t\t\t<\/div>\n\t\t\t\t\t\t\t\t\t<\/div>\n\t\t\t<\/div>\n\t\t<\/div>\n\t<\/div>\n<\/div>\n\n\n\n\n<div id=\"breastreduction\" class=\"blockSettings  paddingTopNone paddingBottomMD sliderFluid light\" style=\"\"><div class=\"container-full\">\n\t\t\t<div class=\"grid\">\n\t\t\t<div class=\"col-sm-12\">\n\t\t\t\t<div class=\"introCenter\">\n\t\t\t\t\t    <div class=\"mainCopyWrap\">\n            <h2>Redu\u00e7\u00e3o do peito<\/h2>\n        <\/div>\n    \t\t\t\t\t\t\t\t\t<\/div>\n\t\t\t<\/div>\n\t\t<\/div>\n\t\t\t\t\t\t\t<div class=\"blockSeparator\"><\/div>\n\t\t\t\t\t\t<div class=\"grid\">\n\t\t\t<div class=\"col-sm-12\">\n\t\t\t\t<div class=\"slider\">\n\t\t\t\t\t\t\t\t\t\t\t<div class=\"slide-wrap\">\n\t\t\t\t\t\t\t<div class=\"slide-img\" style=\"background-image:url('')\"><\/div>\n\t\t\t\t\t\t\t    <div class=\"mainCopyWrap\">\n            <h3>24 anos, sexo feminino, redu\u00e7\u00e3o de seios, altura: 1,75 m, peso: 60 kg.<\/h3>\n        <\/div>\n    \n\t\t\t\t\t\t<\/div>\n\t\t\t\t\t\t\t\t\t\t\t<div class=\"slide-wrap\">\n\t\t\t\t\t\t\t<div class=\"slide-img\" style=\"background-image:url('https:\/\/www.southcoast.org\/wp-content\/uploads\/2025\/07\/19-year-old-female-Breast-Reduction-5-179lbs-Watermarked-2.png')\"><\/div>\n\t\t\t\t\t\t\t    <div class=\"mainCopyWrap\">\n            <h3>19 anos, sexo feminino, redu\u00e7\u00e3o do peito, altura: 5\u2032, peso: 179 lbs.<\/h3>\n        <\/div>\n    \n\t\t\t\t\t\t<\/div>\n\t\t\t\t\t\t\t\t\t\t\t<div class=\"slide-wrap\">\n\t\t\t\t\t\t\t<div class=\"slide-img\" style=\"background-image:url('https:\/\/www.southcoast.org\/wp-content\/uploads\/2025\/07\/20-year-old-female-Breast-Reduction-57-250lbs-Watermarked-2.png')\"><\/div>\n\t\t\t\t\t\t\t    <div class=\"mainCopyWrap\">\n            <h3>20 anos de idade, sexo feminino, redu\u00e7\u00e3o de mama, altura: 5'7, peso: 250 lbs.<\/h3>\n        <\/div>\n    \n\t\t\t\t\t\t<\/div>\n\t\t\t\t\t\t\t\t\t\t\t<div class=\"slide-wrap\">\n\t\t\t\t\t\t\t<div class=\"slide-img\" style=\"background-image:url('https:\/\/www.southcoast.org\/wp-content\/uploads\/2025\/07\/24-year-old-female-Breast-Reduction-56-169lbs-Watermarked-2.png')\"><\/div>\n\t\t\t\t\t\t\t    <div class=\"mainCopyWrap\">\n            <h3>24 anos de idade, sexo feminino, redu\u00e7\u00e3o de mama, altura: 1,80 m, peso: 169 lbs.<\/h3>\n        <\/div>\n    \n\t\t\t\t\t\t<\/div>\n\t\t\t\t\t\t\t\t\t\t\t<div class=\"slide-wrap\">\n\t\t\t\t\t\t\t<div class=\"slide-img\" style=\"background-image:url('https:\/\/www.southcoast.org\/wp-content\/uploads\/2025\/07\/25-year-old-female-Breast-Reduction-51-183lbs-Watermarked-2.png')\"><\/div>\n\t\t\t\t\t\t\t    <div class=\"mainCopyWrap\">\n            <h3>25 anos de idade, sexo feminino, redu\u00e7\u00e3o de mama, altura: 5'1, peso: 183 lbs.<\/h3>\n        <\/div>\n    \n\t\t\t\t\t\t<\/div>\n\t\t\t\t\t\t\t\t\t\t\t<div class=\"slide-wrap\">\n\t\t\t\t\t\t\t<div class=\"slide-img\" style=\"background-image:url('https:\/\/www.southcoast.org\/wp-content\/uploads\/2025\/07\/35-year-old-female-Breast-Reduction-56-217lbs-Watermarked-2.png')\"><\/div>\n\t\t\t\t\t\t\t    <div class=\"mainCopyWrap\">\n            <h3>35 anos de idade, sexo feminino, redu\u00e7\u00e3o de seios, altura: 1,80 m, peso: 60 kg.<\/h3>\n        <\/div>\n    \n\t\t\t\t\t\t<\/div>\n\t\t\t\t\t\t\t\t\t\t\t<div class=\"slide-wrap\">\n\t\t\t\t\t\t\t<div class=\"slide-img\" style=\"background-image:url('https:\/\/www.southcoast.org\/wp-content\/uploads\/2025\/07\/38-year-old-female-Breast-Reduction-55-193lbs-Watermarked-2.png')\"><\/div>\n\t\t\t\t\t\t\t    <div class=\"mainCopyWrap\">\n            <h3>38 anos, sexo feminino, redu\u00e7\u00e3o de mama, altura: 5'5, peso: 193 lbs.<\/h3>\n        <\/div>\n    \n\t\t\t\t\t\t<\/div>\n\t\t\t\t\t\t\t\t\t\t\t<div class=\"slide-wrap\">\n\t\t\t\t\t\t\t<div class=\"slide-img\" style=\"background-image:url('https:\/\/www.southcoast.org\/wp-content\/uploads\/2025\/07\/41-year-old-female-Breast-Reduction-510-283lbs-Watermarked-2.png')\"><\/div>\n\t\t\t\t\t\t\t    <div class=\"mainCopyWrap\">\n            <h3>41 anos, sexo feminino, redu\u00e7\u00e3o de seios, altura: 1,75 m, peso: 60 kg.<\/h3>\n        <\/div>\n    \n\t\t\t\t\t\t<\/div>\n\t\t\t\t\t\t\t\t\t\t\t<div class=\"slide-wrap\">\n\t\t\t\t\t\t\t<div class=\"slide-img\" style=\"background-image:url('https:\/\/www.southcoast.org\/wp-content\/uploads\/2025\/07\/48-year-old-female-Breast-Reduction-52-143lbs-Watermarked-2.png')\"><\/div>\n\t\t\t\t\t\t\t    <div class=\"mainCopyWrap\">\n            <h3>48 anos, sexo feminino, redu\u00e7\u00e3o de mama, altura: 5'2, peso: 143 lbs.<\/h3>\n        <\/div>\n    \n\t\t\t\t\t\t<\/div>\n\t\t\t\t\t\t\t\t\t\t\t<div class=\"slide-wrap\">\n\t\t\t\t\t\t\t<div class=\"slide-img\" style=\"background-image:url('https:\/\/www.southcoast.org\/wp-content\/uploads\/2025\/07\/48-year-old-female-Breast-Reduction-52-219lbs-Watermarked-2.png')\"><\/div>\n\t\t\t\t\t\t\t    <div class=\"mainCopyWrap\">\n            <h3>48 anos de idade, sexo feminino, redu\u00e7\u00e3o de mama, altura: 5'2, peso: 219 lbs.<\/h3>\n        <\/div>\n    \n\t\t\t\t\t\t<\/div>\n\t\t\t\t\t\t\t\t\t<\/div>\n\t\t\t<\/div>\n\t\t<\/div>\n\t<\/div>\n<\/div>\n\n\n\n\n<div id=\"panniculectomy\" class=\"blockSettings  paddingTopNone paddingBottomMD sliderFluid light\" style=\"\"><div class=\"container-full\">\n\t\t\t<div class=\"grid\">\n\t\t\t<div class=\"col-sm-12\">\n\t\t\t\t<div class=\"introCenter\">\n\t\t\t\t\t    <div class=\"mainCopyWrap\">\n            <h2>Paniculectomia<\/h2>\n        <\/div>\n    \t\t\t\t\t\t\t\t\t<\/div>\n\t\t\t<\/div>\n\t\t<\/div>\n\t\t\t\t\t\t\t<div class=\"blockSeparator\"><\/div>\n\t\t\t\t\t\t<div class=\"grid\">\n\t\t\t<div class=\"col-sm-12\">\n\t\t\t\t<div class=\"slider\">\n\t\t\t\t\t\t\t\t\t\t\t<div class=\"slide-wrap\">\n\t\t\t\t\t\t\t<div class=\"slide-img\" style=\"background-image:url('https:\/\/www.southcoast.org\/wp-content\/uploads\/2025\/07\/32-year-old-female-Panniculectomy-52-176lbs-Watermarked-2.png')\"><\/div>\n\t\t\t\t\t\t\t    <div class=\"mainCopyWrap\">\n            <h3>Paniculectomia32 anos de idade, sexo feminino Paniculectomia, Altura: 5'2, Peso: 176 lbs.<\/h3>\n        <\/div>\n    \n\t\t\t\t\t\t<\/div>\n\t\t\t\t\t\t\t\t\t\t\t<div class=\"slide-wrap\">\n\t\t\t\t\t\t\t<div class=\"slide-img\" style=\"background-image:url('https:\/\/www.southcoast.org\/wp-content\/uploads\/2025\/07\/42-year-old-female-Panniculectomy-66-185lbs-Watermarked-2.png')\"><\/div>\n\t\t\t\t\t\t\t    <div class=\"mainCopyWrap\">\n            <h3>42 anos, sexo feminino, paniculectomia, altura: 1,80 m, peso: 90 kg.<\/h3>\n        <\/div>\n    \n\t\t\t\t\t\t<\/div>\n\t\t\t\t\t\t\t\t\t\t\t<div class=\"slide-wrap\">\n\t\t\t\t\t\t\t<div class=\"slide-img\" style=\"background-image:url('https:\/\/www.southcoast.org\/wp-content\/uploads\/2025\/07\/43-year-old-female-Panniculectomy-53-181lbs-Watermarked-2.png')\"><\/div>\n\t\t\t\t\t\t\t    <div class=\"mainCopyWrap\">\n            <h3>43 anos, sexo feminino, paniculectomia, altura: 1,75 m, peso: 181 lbs.<\/h3>\n        <\/div>\n    \n\t\t\t\t\t\t<\/div>\n\t\t\t\t\t\t\t\t\t\t\t<div class=\"slide-wrap\">\n\t\t\t\t\t\t\t<div class=\"slide-img\" style=\"background-image:url('https:\/\/www.southcoast.org\/wp-content\/uploads\/2025\/07\/48-year-old-female-Panniculectomy-53-195lbs-Watermarked-2.png')\"><\/div>\n\t\t\t\t\t\t\t    <div class=\"mainCopyWrap\">\n            <h3>48 anos, sexo feminino, paniculectomia, altura: 1,75 m, peso: 195 lbs.<\/h3>\n        <\/div>\n    \n\t\t\t\t\t\t<\/div>\n\t\t\t\t\t\t\t\t\t<\/div>\n\t\t\t<\/div>\n\t\t<\/div>\n\t<\/div>\n<\/div>","protected":false},"excerpt":{"rendered":"","protected":false},"author":7,"featured_media":0,"parent":15967,"menu_order":0,"comment_status":"closed","ping_status":"closed","template":"","meta":{"_acf_changed":false,"footnotes":""},"class_list":["post-15969","page","type-page","status-publish","hentry"],"acf":[],"yoast_head":"<!-- This site is optimized with the Yoast SEO plugin v26.0 - https:\/\/yoast.com\/wordpress\/plugins\/seo\/ -->\n<title>Dr. Bormes Before and After Photos - Southcoast Health<\/title>\n<meta name=\"description\" content=\"Dr. Gregory Bormes is a plastic surgeon in the South Coast region. View some of his before and after work.\" \/>\n<meta name=\"robots\" content=\"index, follow, max-snippet:-1, max-image-preview:large, max-video-preview:-1\" \/>\n<link rel=\"canonical\" href=\"https:\/\/www.southcoast.org\/pt\/dr-gregory-bormes\/before-and-after\/\" \/>\n<meta property=\"og:locale\" content=\"pt_PT\" \/>\n<meta property=\"og:type\" content=\"article\" \/>\n<meta property=\"og:title\" content=\"Dr. Bormes Before and After Photos - Southcoast Health\" \/>\n<meta property=\"og:description\" content=\"Dr. Gregory Bormes is a plastic surgeon in the South Coast region. View some of his before and after work.\" \/>\n<meta property=\"og:url\" content=\"https:\/\/www.southcoast.org\/pt\/dr-gregory-bormes\/before-and-after\/\" \/>\n<meta property=\"og:site_name\" content=\"Southcoast Health\" \/>\n<meta property=\"article:modified_time\" content=\"2025-11-21T20:56:57+00:00\" \/>\n<meta name=\"twitter:card\" content=\"summary_large_image\" \/>\n<script type=\"application\/ld+json\" class=\"yoast-schema-graph\">{\"@context\":\"https:\/\/schema.org\",\"@graph\":[{\"@type\":\"WebPage\",\"@id\":\"https:\/\/www.southcoast.org\/dr-gregory-bormes\/before-and-after\/\",\"url\":\"https:\/\/www.southcoast.org\/dr-gregory-bormes\/before-and-after\/\",\"name\":\"Dr. Bormes Before and After Photos - Southcoast Health\",\"isPartOf\":{\"@id\":\"https:\/\/www.southcoast.org\/#website\"},\"datePublished\":\"2025-06-19T19:22:51+00:00\",\"dateModified\":\"2025-11-21T20:56:57+00:00\",\"description\":\"Dr. Gregory Bormes is a plastic surgeon in the South Coast region. View some of his before and after work.\",\"breadcrumb\":{\"@id\":\"https:\/\/www.southcoast.org\/dr-gregory-bormes\/before-and-after\/#breadcrumb\"},\"inLanguage\":\"pt-PT\",\"potentialAction\":[{\"@type\":\"ReadAction\",\"target\":[\"https:\/\/www.southcoast.org\/dr-gregory-bormes\/before-and-after\/\"]}]},{\"@type\":\"BreadcrumbList\",\"@id\":\"https:\/\/www.southcoast.org\/dr-gregory-bormes\/before-and-after\/#breadcrumb\",\"itemListElement\":[{\"@type\":\"ListItem\",\"position\":1,\"name\":\"\",\"item\":\"https:\/\/www.southcoast.org\/\"},{\"@type\":\"ListItem\",\"position\":2,\"name\":\"Dr. Gregory Bormes\",\"item\":\"https:\/\/www.southcoast.org\/dr-gregory-bormes\/\"},{\"@type\":\"ListItem\",\"position\":3,\"name\":\"Dr. Bormes Before and After Photos\"}]},{\"@type\":\"WebSite\",\"@id\":\"https:\/\/www.southcoast.org\/#website\",\"url\":\"https:\/\/www.southcoast.org\/\",\"name\":\"Southcoast Health\",\"description\":\"More than medicine.\",\"potentialAction\":[{\"@type\":\"SearchAction\",\"target\":{\"@type\":\"EntryPoint\",\"urlTemplate\":\"https:\/\/www.southcoast.org\/?s={search_term_string}\"},\"query-input\":{\"@type\":\"PropertyValueSpecification\",\"valueRequired\":true,\"valueName\":\"search_term_string\"}}],\"inLanguage\":\"pt-PT\"}]}<\/script>\n<!-- \/ Yoast SEO plugin. -->","yoast_head_json":{"title":"Dr. Bormes Before and After Photos - Southcoast Health","description":"Dr. Gregory Bormes is a plastic surgeon in the South Coast region. View some of his before and after work.","robots":{"index":"index","follow":"follow","max-snippet":"max-snippet:-1","max-image-preview":"max-image-preview:large","max-video-preview":"max-video-preview:-1"},"canonical":"https:\/\/www.southcoast.org\/pt\/dr-gregory-bormes\/before-and-after\/","og_locale":"pt_PT","og_type":"article","og_title":"Dr. Bormes Before and After Photos - Southcoast Health","og_description":"Dr. Gregory Bormes is a plastic surgeon in the South Coast region. View some of his before and after work.","og_url":"https:\/\/www.southcoast.org\/pt\/dr-gregory-bormes\/before-and-after\/","og_site_name":"Southcoast Health","article_modified_time":"2025-11-21T20:56:57+00:00","twitter_card":"summary_large_image","schema":{"@context":"https:\/\/schema.org","@graph":[{"@type":"WebPage","@id":"https:\/\/www.southcoast.org\/dr-gregory-bormes\/before-and-after\/","url":"https:\/\/www.southcoast.org\/dr-gregory-bormes\/before-and-after\/","name":"Dr. Bormes Before and After Photos - Southcoast Health","isPartOf":{"@id":"https:\/\/www.southcoast.org\/#website"},"datePublished":"2025-06-19T19:22:51+00:00","dateModified":"2025-11-21T20:56:57+00:00","description":"Dr. Gregory Bormes is a plastic surgeon in the South Coast region. View some of his before and after work.","breadcrumb":{"@id":"https:\/\/www.southcoast.org\/dr-gregory-bormes\/before-and-after\/#breadcrumb"},"inLanguage":"pt-PT","potentialAction":[{"@type":"ReadAction","target":["https:\/\/www.southcoast.org\/dr-gregory-bormes\/before-and-after\/"]}]},{"@type":"BreadcrumbList","@id":"https:\/\/www.southcoast.org\/dr-gregory-bormes\/before-and-after\/#breadcrumb","itemListElement":[{"@type":"ListItem","position":1,"name":"","item":"https:\/\/www.southcoast.org\/"},{"@type":"ListItem","position":2,"name":"Dr. Gregory Bormes","item":"https:\/\/www.southcoast.org\/dr-gregory-bormes\/"},{"@type":"ListItem","position":3,"name":"Dr. Bormes Before and After Photos"}]},{"@type":"WebSite","@id":"https:\/\/www.southcoast.org\/#website","url":"https:\/\/www.southcoast.org\/","name":"Sa\u00fade no Sudeste","description":"Mais do que medicamentos.","potentialAction":[{"@type":"SearchAction","target":{"@type":"EntryPoint","urlTemplate":"https:\/\/www.southcoast.org\/?s={search_term_string}"},"query-input":{"@type":"PropertyValueSpecification","valueRequired":true,"valueName":"search_term_string"}}],"inLanguage":"pt-PT"}]}},"_links":{"self":[{"href":"https:\/\/www.southcoast.org\/pt\/wp-json\/wp\/v2\/pages\/15969","targetHints":{"allow":["GET"]}}],"collection":[{"href":"https:\/\/www.southcoast.org\/pt\/wp-json\/wp\/v2\/pages"}],"about":[{"href":"https:\/\/www.southcoast.org\/pt\/wp-json\/wp\/v2\/types\/page"}],"author":[{"embeddable":true,"href":"https:\/\/www.southcoast.org\/pt\/wp-json\/wp\/v2\/users\/7"}],"replies":[{"embeddable":true,"href":"https:\/\/www.southcoast.org\/pt\/wp-json\/wp\/v2\/comments?post=15969"}],"version-history":[{"count":6,"href":"https:\/\/www.southcoast.org\/pt\/wp-json\/wp\/v2\/pages\/15969\/revisions"}],"predecessor-version":[{"id":282561,"href":"https:\/\/www.southcoast.org\/pt\/wp-json\/wp\/v2\/pages\/15969\/revisions\/282561"}],"up":[{"embeddable":true,"href":"https:\/\/www.southcoast.org\/pt\/wp-json\/wp\/v2\/pages\/15967"}],"wp:attachment":[{"href":"https:\/\/www.southcoast.org\/pt\/wp-json\/wp\/v2\/media?parent=15969"}],"curies":[{"name":"wp","href":"https:\/\/api.w.org\/{rel}","templated":true}]}}