{"id":15967,"date":"2025-06-19T19:22:17","date_gmt":"2025-06-19T19:22:17","guid":{"rendered":"https:\/\/test-southcoast-health-multi.southcoast-health.org\/?page_id=15967"},"modified":"2025-10-28T20:10:33","modified_gmt":"2025-10-28T20:10:33","slug":"dr-gregory-bormes","status":"publish","type":"page","link":"https:\/\/www.southcoast.org\/pt\/dr-gregory-bormes\/","title":{"rendered":"Dr. Gregory Bormes"},"content":{"rendered":"<div  class=\"blockSettings  paddingTopSM paddingBottomMD heroBasicFluid darkTheme\" style=\"background-image:url(https:\/\/www.southcoast.org\/wp-content\/uploads\/2025\/06\/career_eras_tour_hero.webp);background-size:cover;background-position:center center;\"><div class=\"overlay\"><\/div><div class=\"container\">\n            <div class=\"grid\">\n            <div class=\"col-sm-12 col-bleed-y\">\n                <div class=\"Center\">\n                    <div class=\"breadcrumbsWrapper desktop-breadcrumbs\"><nav id=\"breadcrumbs\" aria-label=\"P\u00e3o ralado\"><ol><li><a href=\"https:\/\/www.southcoast.org\/pt\/\"><i class=\"fa-light fa-house\"><\/i><span class=\"visually-hidden\">In\u00edcio<\/span><\/a><\/li><\/ol><\/nav><\/div><div class=\"breadcrumbsWrapper mobile-breadcrumbs\"><p id=\"mobile-breadcrumbs\" class=\"mobile-back-nav\"><span><span><a href=\"#\" onclick=\"return handleBackNavigation();\"><i class=\"fa-solid fa-chevron-left back-arrow\"><\/i> Voltar<\/a><\/span><\/span><\/p>\t\t<script>\n\t\t\tfunction handleBackNavigation() {\n\t\t\t\tif (window.history.length > 1) {\n\t\t\t\t\twindow.history.back();\n\t\t\t\t} else {\n\t\t\t\t\twindow.location.href = 'https:\/\/www.southcoast.org\/pt';\n\t\t\t\t}\n\t\t\t\treturn false;\n\t\t\t}\n\t\t<\/script>\n<\/div>                <\/div>\n            <\/div>\n        <\/div>\n        <div class=\"grid align-center\">\n        <div class=\"col-sm-10\">\n            <div class=\"Center\">\n\n                    <div class=\"mainCopyWrap\">\n            <h1>Dr. Gregory Bormes<\/h1>\n    <div class=\"paragraphWrap\"><p>Cirurgia pl\u00e1stica cosm\u00e9tica e reconstrutiva na Southcoast Health.<\/p><\/div>    <\/div>\n    \n                \n            <\/div>\n        <\/div>\n    <\/div>\n<\/div>\n    <div class=\"cornerArtWrapper cornerArt-small\">\n        <img decoding=\"async\" class=\"cornerArt\" src=\"https:\/\/www.southcoast.org\/wp-content\/themes\/southcoast_multisite\/images\/corner-art.svg\" alt=\"\">\n    <\/div>\n<\/div>\n\n    <div class=\"heroBasicFluidExtended\">\n        <div class=\"container\">\n            <div class=\"grid\">\n                <div class=\"col-sm-12 col-bleed-y\">\n                    <!-- Mobile Jump Nav Dropdown -->\n                    <div class=\"jump-nav-mobile\">\n                        <p>Saltar para o conte\u00fado<\/p>\n                        <select>\n                            <option value=\"\">Selecionar sec\u00e7\u00e3o<\/option>\n                                                                                                <option value=\"#overview\">\n                                        Vis\u00e3o geral                                    <\/option>\n                                                                                                                                <option value=\"#procedures\">\n                                        Procedimentos                                    <\/option>\n                                                                                                                                <option value=\"#technology\">\n                                        Tecnologia                                    <\/option>\n                                                                                                                                <option value=\"#location\">\n                                        Localiza\u00e7\u00f5es                                    <\/option>\n                                                                                    <\/select>\n                        <i class=\"fal fa-angle-down\"><\/i>\n                    <\/div>\n                    <!-- Desktop Jump Nav Links -->\n                    <div class=\"jump-nav-desktop\">\n                        <div class=\"jump-nav-wrap\">\n                            <div class=\"inner\">\n                                                                                                            <a href=\"#overview\"\n                                            >\n                                            Vis\u00e3o geral                                        <\/a>\n                                                                                                                                                <a href=\"#procedures\"\n                                            >\n                                            Procedimentos                                        <\/a>\n                                                                                                                                                <a href=\"#technology\"\n                                            >\n                                            Tecnologia                                        <\/a>\n                                                                                                                                                <a href=\"#location\"\n                                            >\n                                            Localiza\u00e7\u00f5es                                        <\/a>\n                                                                                                <\/div>\n                        <\/div>\n                    <\/div>\n                <\/div>\n            <\/div>\n        <\/div>\n    <\/div>\n\n\n\n<div id=\"overview\" class=\"blockSettings  paddingTopMD paddingBottomMD media-object-block light\" style=\"\"><div class=\"container\">\n\t<div class=\"grid\">\n\t\t<div class=\"col-sm-12\">\n\t\t\t<div class=\"inner image-right list-style-disc inner-white-bg\" style=\"background-color: #fff;\">\n\t\t\t\t<div class=\"copy\">\n\t\t\t\t\t    <div class=\"mainCopyWrap\">\n            <h2>Cirurgia cosm\u00e9tica e reconstrutiva na Southcoast Health<\/h2>\n    <div class=\"paragraphWrap\"><p>O Dr. Gregory Bormes licenciou-se com o seu Bacharelato em Biologia na Universidade de Saint Louis em St. Louis, MO. Em seguida, aprofundou os seus conhecimentos m\u00e9dicos, obtendo o grau de Mestre em Ci\u00eancias em Fisiologia pela Universidade de Georgetown em Washington, D.C. O Dr. Bormes obteve ent\u00e3o o grau de Doutor em Medicina pela Faculdade de Medicina da Universidade de Georgetown. Luke's Medical Center em Chicago, IL, onde completou o seu est\u00e1gio em cirurgia geral, seguido da sua resid\u00eancia em cirurgia geral e cirurgia pl\u00e1stica. O Dr. Bormes \u00e9 certificado pelo Conselho Americano de Cirurgia Pl\u00e1stica.<\/p>\n<\/div>    <\/div>\n        <div class=\"ctaWrap\">\n                    <a aria-label=\"link para Mais sobre o Dr. Bormes\" class=\"mainCTA shadow light1\" href=\"https:\/\/www.southcoast.org\/pt\/doctors\/gregory-bormes-md\/\" title=\"Abrir mais sobre o Dr. Bormes\" >Mais informa\u00e7\u00f5es sobre o Dr. Bormes<\/a>            <\/div>\n    \t\t\t\t<\/div>\n\t\t\t\t\t\t\t\t<div class=\"images\">\n\t\t\t\t\t\t<img decoding=\"async\" class=\"single\" src=\"https:\/\/www.southcoast.org\/wp-content\/uploads\/2025\/07\/SouthcoastHealth22Y07M21_Bormes_0006_final-1024x1024-1.jpg\" alt=\"Portrait of a smiling middle-aged man wearing glasses and a dark suit with a purple tie.\">\n\t\t\t\t\t\t\t\t\t\t<\/div>\n\t\t\t\t\n\t\t\t<\/div>\n\t\t<\/div>\n\t<\/div>\n<\/div>\n<\/div>\n\n\n<div  class=\"blockSettings  paddingTopNone paddingBottomNone calloutbannerminiFluid layout-full darkTheme\" style=\"background: linear-gradient(110deg, #0A4A3D 2.57%, rgba(5, 116, 99, 0.99) 59.47%, #009984 99.08%);\"><div class=\"container-full\">\n    <div class=\"grid\">\n        <div class=\"col-sm-12 col-bleed\">\n            <div class=\"banner-content container ctas-1\">\n                                    <div class=\"copy\">\n                        <p>Ver fotografias antes e depois<\/p>\n                    <\/div>\n                                    <div class=\"ctaWrap\">\n                    <a aria-label=\"liga\u00e7\u00e3o para ver fotografias\" class=\"mainCTA shadow dark1\" href=\"\/pt\/dr-gregory-bormes\/before-and-after\/\" title=\"Open View Fotos\" >Ver fotos<\/a>            <\/div>\n                <\/div>\n        <\/div>\n    <\/div>\n<\/div>\n<\/div>\n\n\n<div  class=\"blockSettings  paddingTopMD paddingBottomMD media-object-block light\" style=\"\"><div class=\"container\">\n\t<div class=\"grid\">\n\t\t<div class=\"col-sm-12\">\n\t\t\t<div class=\"inner image-right list-style-disc inner-white-bg\" style=\"background-color: #fff;\">\n\t\t\t\t<div class=\"copy\">\n\t\t\t\t\t    <div class=\"mainCopyWrap\">\n            <h2>Cirurgia cosm\u00e9tica e reconstrutiva na Southcoast Health<\/h2>\n    <div class=\"paragraphWrap\"><p>A consulta inicial \u00e9 extremamente importante quando se est\u00e1 a considerar uma cirurgia pl\u00e1stica. Durante esta consulta, s\u00e3o discutidos o historial m\u00e9dico do paciente e quest\u00f5es e expectativas espec\u00edficas relacionadas com a sa\u00fade. *<em><strong>Tenha em aten\u00e7\u00e3o que \u00e9 necess\u00e1rio pagar uma taxa de consulta de cosm\u00e9tica $150 durante a consulta.<\/strong><\/em><\/p>\n<\/div>    <\/div>\n        <div class=\"ctaWrap\">\n                    <a aria-label=\"link para marcar uma consulta hoje!\" class=\"mainCTA shadow light1\" href=\"https:\/\/www.southcoast.org\/pt\/doctors\/gregory-bormes-md\/\" title=\"Abra uma consulta hoje!\" >Marque uma consulta hoje!<\/a>            <\/div>\n    \t\t\t\t<\/div>\n\t\t\t\t\t\t\t\t<div class=\"images\">\n\t\t\t\t\t\t<img decoding=\"async\" class=\"single\" src=\"https:\/\/www.southcoast.org\/wp-content\/uploads\/2025\/07\/Plastic-Surgery-Photos-12-1536x1024-1.jpg\" alt=\"Doctor discussing plastic surgery with patient in medical office.\">\n\t\t\t\t\t\t\t\t\t\t<\/div>\n\t\t\t\t\n\t\t\t<\/div>\n\t\t<\/div>\n\t<\/div>\n<\/div>\n<\/div>\n\n\n<div id=\"procedures\" class=\"blockSettings  paddingTopMD paddingBottomMD cardImageFluid light\" style=\"background-color:#f6f7f7;\"><div class=\"container\" role=\"region\"  aria-label=\"Procedimentos\">\n\t<div class=\"grid\">\n\t\t<div class=\"col-sm-12\">\n\t\t\t    <div class=\"introWithCta centerAlign\">\n            <div class=\"mainCopyWrap\">\n            <h2>Procedimentos<\/h2>\n    <div class=\"paragraphWrap\"><p>A consulta inicial \u00e9 extremamente importante quando se est\u00e1 a considerar uma cirurgia pl\u00e1stica. Durante esta consulta, s\u00e3o discutidos o historial m\u00e9dico do paciente e quest\u00f5es e expectativas espec\u00edficas relacionadas com a sa\u00fade. <strong>*Note que \u00e9 necess\u00e1rio pagar uma taxa de consulta de cosm\u00e9tica de $150 durante a consulta.<\/strong><\/p>\n<\/div>    <\/div>\n        <\/div>\n    \t\t<\/div>\n\t<\/div>\n\t<div class=\"blockSeparator\"><\/div>\n\t<div class=\"cardImageContentWrap\">\n\t\t\t\t\t\t\t<!--Manual Cards-->\n\t\t\t<div class=\"grid\" >\n\t\t\t\t\t\t\t\t\t\t\t<div class=\"col-sm-6 col-md-auto col-grid\" role=\"group\"  aria-label=\"A cirurgia pl\u00e1stica corporal altera certas \u00e1reas do corpo para tratar problemas m\u00e9dicos ou melhorar a apar\u00eancia para que se sinta novamente confiante.\">\n\t\t\t\t\t\t\t\t<div class=\"cardBasic border center Vertical\">\n\t\t\t\t\t\t\t\t\t<div class=\"cardImage\" style=\"background-image:url('https:\/\/www.southcoast.org\/wp-content\/uploads\/2025\/06\/plastics_mini_site_procedures_1.webp'); \"><\/div>\n\t\t\t\t\t\t\t\t\t<div class=\"cardBasicBody\">\n\t\t\t\t\t\t\t\t\t\t\t\t\t\t\t\t\t\t\t\t<p class=\"cardBasicBodyTitle\">A cirurgia pl\u00e1stica corporal altera certas \u00e1reas do corpo para tratar problemas m\u00e9dicos ou melhorar a apar\u00eancia para que se sinta novamente confiante.<\/p>\n\t\t\t\t\t\t\t\t\t\t\t\t\t\t\t\t\t\t\t\t\t<div class=\"excerpt\">\n\t\t\t\t\t\t\t\t\t\t\t\t<ul>\n<li>Braquioplastia (eleva\u00e7\u00e3o do bra\u00e7o)<\/li>\n<li>Enxerto de gordura<\/li>\n<li>Lipoaspira\u00e7\u00e3o<\/li>\n<li>Mudan\u00e7a de visual da mam\u00e3<\/li>\n<li>Eleva\u00e7\u00e3o do pesco\u00e7o<\/li>\n<li>Paniculectomia<\/li>\n<li>Revis\u00e3o da cicatriz<\/li>\n<li>Eleva\u00e7\u00e3o do pesco\u00e7o<\/li>\n<li>Abdominoplastia (abdominoplastia)<\/li>\n<\/ul>\n\t\t\t\t\t\t\t\t\t\t\t<\/div>\n\t\t\t\t\t\t\t\t\t\t\t\t\t\t\t\t\t\t\t\t<a aria-label=\"link para marcar uma consulta\" href=\"https:\/\/www.southcoast.org\/pt\/doctors\/gregory-bormes-md\/\" title=\"link para marcar uma consulta\" target=\"_self\" class=\"readMore\"><span class=\"fa-regular fa-arrow-up-right readMoreIcon\"><\/span> Marcar uma consulta <\/a>\n\t\t\t\t\t\t\t\t\t<\/div>\n\t\t\t\t\t\t\t\t<\/div>\n\t\t\t\t\t\t\t<\/div>\n\t\t\t\t\t\t\t\t\t\t\t\t\t\t\t\t\t<div class=\"col-sm-6 col-md-auto col-grid\" role=\"group\"  aria-label=\"A cirurgia est\u00e9tica e reconstrutiva dos seios ir\u00e1 redefinir o aspeto e a sensa\u00e7\u00e3o dos seus seios para recuperar o conforto e a confian\u00e7a.\">\n\t\t\t\t\t\t\t\t<div class=\"cardBasic border center Vertical\">\n\t\t\t\t\t\t\t\t\t<div class=\"cardImage\" style=\"background-image:url('https:\/\/www.southcoast.org\/wp-content\/uploads\/2025\/06\/plastics_mini_site_procedures_2.webp'); \"><\/div>\n\t\t\t\t\t\t\t\t\t<div class=\"cardBasicBody\">\n\t\t\t\t\t\t\t\t\t\t\t\t\t\t\t\t\t\t\t\t<p class=\"cardBasicBodyTitle\">A cirurgia est\u00e9tica e reconstrutiva dos seios ir\u00e1 redefinir o aspeto e a sensa\u00e7\u00e3o dos seus seios para recuperar o conforto e a confian\u00e7a.<\/p>\n\t\t\t\t\t\t\t\t\t\t\t\t\t\t\t\t\t\t\t\t\t<div class=\"excerpt\">\n\t\t\t\t\t\t\t\t\t\t\t\t<ul>\n<li>Aumento do peito (mamoplastia de aumento)<\/li>\n<li>Remo\u00e7\u00e3o de implantes mam\u00e1rios<\/li>\n<li>Eleva\u00e7\u00e3o do peito (mastopexia)<\/li>\n<li>Reconstru\u00e7\u00e3o mam\u00e1ria<\/li>\n<li>Redu\u00e7\u00e3o do peito (mamoplastia de redu\u00e7\u00e3o)<\/li>\n<li>Redu\u00e7\u00e3o do peito masculino (ginecomastia)<\/li>\n<li>Corre\u00e7\u00e3o de mamilos invertidos<\/li>\n<\/ul>\n\t\t\t\t\t\t\t\t\t\t\t<\/div>\n\t\t\t\t\t\t\t\t\t\t\t\t\t\t\t\t\t\t\t\t<a aria-label=\"link para marcar uma consulta\" href=\"https:\/\/www.southcoast.org\/pt\/doctors\/gregory-bormes-md\/\" title=\"link para marcar uma consulta\" target=\"_self\" class=\"readMore\"><span class=\"fa-regular fa-arrow-up-right readMoreIcon\"><\/span> Marcar uma consulta <\/a>\n\t\t\t\t\t\t\t\t\t<\/div>\n\t\t\t\t\t\t\t\t<\/div>\n\t\t\t\t\t\t\t<\/div>\n\t\t\t\t\t\t\t\t\t\t\t\t\t\t\t\t\t<div class=\"col-sm-6 col-md-auto col-grid\" role=\"group\"  aria-label=\"A cirurgia pl\u00e1stica e reconstrutiva facial \u00e9 realizada para pessoas que procuram reconstruir o seu rosto potencialmente devido ao envelhecimento, removendo irregularidades de contorno ou alterando carater\u00edsticas indesejadas.\">\n\t\t\t\t\t\t\t\t<div class=\"cardBasic border center Vertical\">\n\t\t\t\t\t\t\t\t\t<div class=\"cardImage\" style=\"background-image:url('https:\/\/www.southcoast.org\/wp-content\/uploads\/2025\/06\/plastics_mini_site_procedures_3.webp'); \"><\/div>\n\t\t\t\t\t\t\t\t\t<div class=\"cardBasicBody\">\n\t\t\t\t\t\t\t\t\t\t\t\t\t\t\t\t\t\t\t\t<p class=\"cardBasicBodyTitle\">A cirurgia pl\u00e1stica e reconstrutiva facial \u00e9 realizada para pessoas que procuram reconstruir o seu rosto potencialmente devido ao envelhecimento, removendo irregularidades de contorno ou alterando carater\u00edsticas indesejadas.<\/p>\n\t\t\t\t\t\t\t\t\t\t\t\t\t\t\t\t\t\t\t\t\t<div class=\"excerpt\">\n\t\t\t\t\t\t\t\t\t\t\t\t<ul>\n<li>Botox\u00ae e injec\u00e7\u00f5es cosm\u00e9ticas<\/li>\n<li>Eleva\u00e7\u00e3o das sobrancelhas<\/li>\n<li>Peeling qu\u00edmico<\/li>\n<li>Levantamento das p\u00e1lpebras (blefaroplastia)<\/li>\n<li>Facelift<\/li>\n<li>Remo\u00e7\u00e3o de toupeiras<\/li>\n<li>Repara\u00e7\u00e3o de l\u00f3bulos das orelhas rasgados<\/li>\n<li>Remodela\u00e7\u00e3o do nariz (rinoplastia)<\/li>\n<\/ul>\n\t\t\t\t\t\t\t\t\t\t\t<\/div>\n\t\t\t\t\t\t\t\t\t\t\t\t\t\t\t\t\t\t\t\t<a aria-label=\"link para marcar uma consulta\" href=\"https:\/\/www.southcoast.org\/pt\/doctors\/gregory-bormes-md\/\" title=\"link para marcar uma consulta\" target=\"_self\" class=\"readMore\"><span class=\"fa-regular fa-arrow-up-right readMoreIcon\"><\/span> Marcar uma consulta <\/a>\n\t\t\t\t\t\t\t\t\t<\/div>\n\t\t\t\t\t\t\t\t<\/div>\n\t\t\t\t\t\t\t<\/div>\n\t\t\t\t\t\t\t\t\t\t\t\t\t<\/div>\n\t\t\t<\/div>\n\t<\/div>\n\n<\/div>\n\n\n<div id=\"technology\" class=\"blockSettings  paddingTopSM paddingBottomMD media-object-block light\" style=\"\"><div class=\"container\">\n\t<div class=\"grid\">\n\t\t<div class=\"col-sm-12\">\n\t\t\t<div class=\"inner image-left list-style-disc inner-white-bg\" style=\"background-color: #fff;\">\n\t\t\t\t<div class=\"copy\">\n\t\t\t\t\t    <div class=\"mainCopyWrap\">\n            <h2>Tecnologia de cirurgia pl\u00e1stica<\/h2>\n    <div class=\"paragraphWrap\"><div class=\"wp-block-media-text__content\">\n<p>As nossas instala\u00e7\u00f5es disp\u00f5em de uma \u00e1rea de rece\u00e7\u00e3o espa\u00e7osa, de uma sala de pequenos procedimentos e de uma sala de consultas privada. Al\u00e9m disso, o nosso consult\u00f3rio est\u00e1 equipado com o sistema de imagiologia VECTRA 3D para proporcionar aos pacientes uma vis\u00e3o simulada de todas as possibilidades. A sua seguran\u00e7a e conforto s\u00e3o a nossa principal prioridade, e pode ter a certeza de que, quando visitar o nosso consult\u00f3rio, estar\u00e1 em boas m\u00e3os.<\/p>\n<\/div>\n<\/div>    <\/div>\n    \t\t\t\t<\/div>\n\t\t\t\t\t\t\t\t<div class=\"images\">\n\t\t\t\t\t\t<img decoding=\"async\" class=\"single\" src=\"https:\/\/www.southcoast.org\/wp-content\/uploads\/2025\/07\/Plastic-Surgery-Photos-17-768x512-1.jpg\" alt=\"White medical equipment with Vectra branding and Scanfield label displayed in a room.\">\n\t\t\t\t\t\t\t\t\t\t<\/div>\n\t\t\t\t\n\t\t\t<\/div>\n\t\t<\/div>\n\t<\/div>\n<\/div>\n<\/div>\n\n\n\n\n<div id=\"location\" class=\"blockSettings  paddingTopNone paddingBottomNone sliderFluid light\" style=\"\"><div class=\"container-full\">\n\t\t\t<div class=\"grid\">\n\t\t\t<div class=\"col-sm-12\">\n\t\t\t\t<div class=\"introCenter\">\n\t\t\t\t\t    <div class=\"mainCopyWrap\">\n            <h2>Localiza\u00e7\u00e3o<\/h2>\n    <div class=\"paragraphWrap\"><p>O Dr. Bormes est\u00e1 localizado em <a href=\"https:\/\/www.southcoast.org\/pt\/locations\/southcoast-health-cosmetic-and-plastic-surgery-dartmouth-ma-119-479\/\">Dartmouth, MA<\/a>. Aqui pode obter procedimentos cir\u00fargicos e n\u00e3o cir\u00fargicos para homens e mulheres. Acreditamos que uma abordagem pessoal aos cuidados cosm\u00e9ticos \u00e9 fundamental para a seguran\u00e7a e o conforto dos nossos pacientes, e \u00e9 por isso que criamos planos de tratamento personalizados para os ajudar a atingir os seus objectivos est\u00e9ticos. Orgulhamo-nos de oferecer aos nossos pacientes umas instala\u00e7\u00f5es topo de gama, equipadas com ferramentas e tecnologia modernas para um servi\u00e7o de excel\u00eancia. Convidamo-lo a visitar as nossas instala\u00e7\u00f5es para saber mais sobre n\u00f3s.<\/p>\n<\/div>    <\/div>\n    \t\t\t\t\t\t\t\t\t<\/div>\n\t\t\t<\/div>\n\t\t<\/div>\n\t\t\t\t\t\t\t<div class=\"blockSeparator\"><\/div>\n\t\t\t\t\t\t<div class=\"grid\">\n\t\t\t<div class=\"col-sm-12\">\n\t\t\t\t<div class=\"slider\">\n\t\t\t\t\t\t\t\t\t\t\t<div class=\"slide-wrap\">\n\t\t\t\t\t\t\t<div class=\"slide-img\" style=\"background-image:url('https:\/\/www.southcoast.org\/wp-content\/uploads\/2025\/10\/Gregory-Bormes-Plastic-Surgery-2-scaled.jpg')\"><\/div>\n\t\t\t\t\t\t\t    <div class=\"mainCopyWrap\">\n            <\/div>\n    \n\t\t\t\t\t\t<\/div>\n\t\t\t\t\t\t\t\t\t\t\t<div class=\"slide-wrap\">\n\t\t\t\t\t\t\t<div class=\"slide-img\" style=\"background-image:url('')\"><\/div>\n\t\t\t\t\t\t\t    <div class=\"mainCopyWrap\">\n            <\/div>\n    \n\t\t\t\t\t\t<\/div>\n\t\t\t\t\t\t\t\t\t\t\t<div class=\"slide-wrap\">\n\t\t\t\t\t\t\t<div class=\"slide-img\" style=\"background-image:url('https:\/\/www.southcoast.org\/wp-content\/uploads\/2025\/10\/Plastic-Surgery-Photos-12-scaled.jpg')\"><\/div>\n\t\t\t\t\t\t\t    <div class=\"mainCopyWrap\">\n            <\/div>\n    \n\t\t\t\t\t\t<\/div>\n\t\t\t\t\t\t\t\t\t\t\t<div class=\"slide-wrap\">\n\t\t\t\t\t\t\t<div class=\"slide-img\" style=\"background-image:url('')\"><\/div>\n\t\t\t\t\t\t\t    <div class=\"mainCopyWrap\">\n            <\/div>\n    \n\t\t\t\t\t\t<\/div>\n\t\t\t\t\t\t\t\t\t<\/div>\n\t\t\t<\/div>\n\t\t<\/div>\n\t<\/div>\n<\/div>","protected":false},"excerpt":{"rendered":"","protected":false},"author":7,"featured_media":0,"parent":0,"menu_order":0,"comment_status":"closed","ping_status":"closed","template":"","meta":{"_acf_changed":false,"footnotes":""},"class_list":["post-15967","page","type-page","status-publish","hentry"],"acf":[],"yoast_head":"<!-- This site is optimized with the Yoast SEO plugin v26.0 - https:\/\/yoast.com\/wordpress\/plugins\/seo\/ -->\n<title>Dr. Gregory Bormes - Southcoast Health<\/title>\n<meta name=\"robots\" content=\"index, follow, max-snippet:-1, max-image-preview:large, max-video-preview:-1\" \/>\n<link rel=\"canonical\" href=\"https:\/\/www.southcoast.org\/pt\/dr-gregory-bormes\/\" \/>\n<meta property=\"og:locale\" content=\"pt_PT\" \/>\n<meta property=\"og:type\" content=\"article\" \/>\n<meta property=\"og:title\" content=\"Dr. Gregory Bormes - Southcoast Health\" \/>\n<meta property=\"og:url\" content=\"https:\/\/www.southcoast.org\/pt\/dr-gregory-bormes\/\" \/>\n<meta property=\"og:site_name\" content=\"Southcoast Health\" \/>\n<meta property=\"article:modified_time\" content=\"2025-10-28T20:10:33+00:00\" \/>\n<meta name=\"twitter:card\" content=\"summary_large_image\" \/>\n<script type=\"application\/ld+json\" class=\"yoast-schema-graph\">{\"@context\":\"https:\/\/schema.org\",\"@graph\":[{\"@type\":\"WebPage\",\"@id\":\"https:\/\/www.southcoast.org\/dr-gregory-bormes\/\",\"url\":\"https:\/\/www.southcoast.org\/dr-gregory-bormes\/\",\"name\":\"Dr. Gregory Bormes - Southcoast Health\",\"isPartOf\":{\"@id\":\"https:\/\/www.southcoast.org\/#website\"},\"datePublished\":\"2025-06-19T19:22:17+00:00\",\"dateModified\":\"2025-10-28T20:10:33+00:00\",\"breadcrumb\":{\"@id\":\"https:\/\/www.southcoast.org\/dr-gregory-bormes\/#breadcrumb\"},\"inLanguage\":\"pt-PT\",\"potentialAction\":[{\"@type\":\"ReadAction\",\"target\":[\"https:\/\/www.southcoast.org\/dr-gregory-bormes\/\"]}]},{\"@type\":\"BreadcrumbList\",\"@id\":\"https:\/\/www.southcoast.org\/dr-gregory-bormes\/#breadcrumb\",\"itemListElement\":[{\"@type\":\"ListItem\",\"position\":1,\"name\":\"\",\"item\":\"https:\/\/www.southcoast.org\/\"},{\"@type\":\"ListItem\",\"position\":2,\"name\":\"Dr. Gregory Bormes\"}]},{\"@type\":\"WebSite\",\"@id\":\"https:\/\/www.southcoast.org\/#website\",\"url\":\"https:\/\/www.southcoast.org\/\",\"name\":\"Southcoast Health\",\"description\":\"More than medicine.\",\"potentialAction\":[{\"@type\":\"SearchAction\",\"target\":{\"@type\":\"EntryPoint\",\"urlTemplate\":\"https:\/\/www.southcoast.org\/?s={search_term_string}\"},\"query-input\":{\"@type\":\"PropertyValueSpecification\",\"valueRequired\":true,\"valueName\":\"search_term_string\"}}],\"inLanguage\":\"pt-PT\"}]}<\/script>\n<!-- \/ Yoast SEO plugin. -->","yoast_head_json":{"title":"Dr. Gregory Bormes - Southcoast Health","robots":{"index":"index","follow":"follow","max-snippet":"max-snippet:-1","max-image-preview":"max-image-preview:large","max-video-preview":"max-video-preview:-1"},"canonical":"https:\/\/www.southcoast.org\/pt\/dr-gregory-bormes\/","og_locale":"pt_PT","og_type":"article","og_title":"Dr. Gregory Bormes - Southcoast Health","og_url":"https:\/\/www.southcoast.org\/pt\/dr-gregory-bormes\/","og_site_name":"Southcoast Health","article_modified_time":"2025-10-28T20:10:33+00:00","twitter_card":"summary_large_image","schema":{"@context":"https:\/\/schema.org","@graph":[{"@type":"WebPage","@id":"https:\/\/www.southcoast.org\/dr-gregory-bormes\/","url":"https:\/\/www.southcoast.org\/dr-gregory-bormes\/","name":"Dr. Gregory Bormes - Southcoast Health","isPartOf":{"@id":"https:\/\/www.southcoast.org\/#website"},"datePublished":"2025-06-19T19:22:17+00:00","dateModified":"2025-10-28T20:10:33+00:00","breadcrumb":{"@id":"https:\/\/www.southcoast.org\/dr-gregory-bormes\/#breadcrumb"},"inLanguage":"pt-PT","potentialAction":[{"@type":"ReadAction","target":["https:\/\/www.southcoast.org\/dr-gregory-bormes\/"]}]},{"@type":"BreadcrumbList","@id":"https:\/\/www.southcoast.org\/dr-gregory-bormes\/#breadcrumb","itemListElement":[{"@type":"ListItem","position":1,"name":"","item":"https:\/\/www.southcoast.org\/"},{"@type":"ListItem","position":2,"name":"Dr. Gregory Bormes"}]},{"@type":"WebSite","@id":"https:\/\/www.southcoast.org\/#website","url":"https:\/\/www.southcoast.org\/","name":"Sa\u00fade no Sudeste","description":"Mais do que medicamentos.","potentialAction":[{"@type":"SearchAction","target":{"@type":"EntryPoint","urlTemplate":"https:\/\/www.southcoast.org\/?s={search_term_string}"},"query-input":{"@type":"PropertyValueSpecification","valueRequired":true,"valueName":"search_term_string"}}],"inLanguage":"pt-PT"}]}},"_links":{"self":[{"href":"https:\/\/www.southcoast.org\/pt\/wp-json\/wp\/v2\/pages\/15967","targetHints":{"allow":["GET"]}}],"collection":[{"href":"https:\/\/www.southcoast.org\/pt\/wp-json\/wp\/v2\/pages"}],"about":[{"href":"https:\/\/www.southcoast.org\/pt\/wp-json\/wp\/v2\/types\/page"}],"author":[{"embeddable":true,"href":"https:\/\/www.southcoast.org\/pt\/wp-json\/wp\/v2\/users\/7"}],"replies":[{"embeddable":true,"href":"https:\/\/www.southcoast.org\/pt\/wp-json\/wp\/v2\/comments?post=15967"}],"version-history":[{"count":12,"href":"https:\/\/www.southcoast.org\/pt\/wp-json\/wp\/v2\/pages\/15967\/revisions"}],"predecessor-version":[{"id":281624,"href":"https:\/\/www.southcoast.org\/pt\/wp-json\/wp\/v2\/pages\/15967\/revisions\/281624"}],"wp:attachment":[{"href":"https:\/\/www.southcoast.org\/pt\/wp-json\/wp\/v2\/media?parent=15967"}],"curies":[{"name":"wp","href":"https:\/\/api.w.org\/{rel}","templated":true}]}}