{"id":15965,"date":"2025-06-19T19:21:52","date_gmt":"2025-06-19T19:21:52","guid":{"rendered":"https:\/\/test-southcoast-health-multi.southcoast-health.org\/?page_id=15965"},"modified":"2025-11-21T16:07:14","modified_gmt":"2025-11-21T21:07:14","slug":"before-and-after","status":"publish","type":"page","link":"https:\/\/www.southcoast.org\/pt\/dr-craig-moores\/before-and-after\/","title":{"rendered":"Dr. Moores - Fotos de antes e depois"},"content":{"rendered":"<div  class=\"blockSettings  paddingTopSM paddingBottomMD heroBasicFluid darkTheme\" style=\"background-image:url(https:\/\/www.southcoast.org\/wp-content\/uploads\/2025\/06\/career_eras_tour_hero.webp);background-size:cover;background-position:center center;\"><div class=\"overlay\"><\/div><div class=\"container\">\n            <div class=\"grid\">\n            <div class=\"col-sm-12 col-bleed-y\">\n                <div class=\"Center\">\n                    <div class=\"breadcrumbsWrapper desktop-breadcrumbs\"><nav id=\"breadcrumbs\" aria-label=\"P\u00e3o ralado\"><ol><li><a href=\"https:\/\/www.southcoast.org\/pt\/\"><i class=\"fa-light fa-house\"><\/i><span class=\"visually-hidden\">In\u00edcio<\/span><\/a><\/li><\/ol><\/nav><\/div><div class=\"breadcrumbsWrapper mobile-breadcrumbs\"><p id=\"mobile-breadcrumbs\"><span><span><a href=\"https:\/\/www.southcoast.org\/pt\"><i class=\"far fa-home\"><\/i><\/a><\/span> <i class=\"fa-solid fa-chevron-right separator\"><\/i> <span><a href=\"https:\/\/www.southcoast.org\/pt\/dr-craig-moores\/\">Dr. Craig Moores<\/a><\/span><\/span><\/p><\/div>                <\/div>\n            <\/div>\n        <\/div>\n        <div class=\"grid align-center\">\n        <div class=\"col-sm-10\">\n            <div class=\"Center\">\n\n                    <div class=\"mainCopyWrap\">\n            <h1>Fotos do Dr. Moores antes e depois<\/h1>\n    <div class=\"paragraphWrap\"><p>Isen\u00e7\u00e3o de responsabilidade sobre fotos: Utilizamos um sistema Vectra 3D para capturar fotos de antes e depois. Embora nos esforcemos por fornecer as representa\u00e7\u00f5es mais exactas dos resultados cir\u00fargicos, tenha em aten\u00e7\u00e3o que o sistema Vectra 3D pode nem sempre produzir imagens perfeitas. N\u00e3o alteramos quaisquer fotografias para al\u00e9m da remo\u00e7\u00e3o de tatuagens que possam estar relacionadas com a identifica\u00e7\u00e3o de um paciente.<\/p><\/div>    <\/div>\n    \n                \n            <\/div>\n        <\/div>\n    <\/div>\n<\/div>\n    <div class=\"cornerArtWrapper cornerArt-small\">\n        <img decoding=\"async\" class=\"cornerArt\" src=\"https:\/\/www.southcoast.org\/wp-content\/themes\/southcoast_multisite\/images\/corner-art.svg\" alt=\"\">\n    <\/div>\n<\/div>\n\n    <div class=\"heroBasicFluidExtended\">\n        <div class=\"container\">\n            <div class=\"grid\">\n                <div class=\"col-sm-12 col-bleed-y\">\n                    <!-- Mobile Jump Nav Dropdown -->\n                    <div class=\"jump-nav-mobile\">\n                        <p>Saltar para o conte\u00fado<\/p>\n                        <select>\n                            <option value=\"\">Selecionar sec\u00e7\u00e3o<\/option>\n                                                                                                <option value=\"#abdominoplasty\">\n                                        Abdominoplastia (abdominoplastia)                                    <\/option>\n                                                                                                                                <option value=\"#brachioplasty\">\n                                        Braquioplastia                                    <\/option>\n                                                                                                                                <option value=\"#botox\">\n                                        Botox                                    <\/option>\n                                                                                                                                <option value=\"#breastreduction\">\n                                        Redu\u00e7\u00e3o do peito                                    <\/option>\n                                                                                                                                <option value=\"#mommymakeover\">\n                                        Mudan\u00e7a de visual da mam\u00e3                                    <\/option>\n                                                                                                                                <option value=\"#panniculectomy\">\n                                        Paniculectomia                                    <\/option>\n                                                                                                                                <option value=\"#backlift\">\n                                        Eleva\u00e7\u00e3o das costas                                    <\/option>\n                                                                                    <\/select>\n                        <i class=\"fal fa-angle-down\"><\/i>\n                    <\/div>\n                    <!-- Desktop Jump Nav Links -->\n                    <div class=\"jump-nav-desktop\">\n                        <div class=\"jump-nav-wrap\">\n                            <div class=\"inner\">\n                                                                                                            <a href=\"#abdominoplasty\"\n                                            >\n                                            Abdominoplastia (abdominoplastia)                                        <\/a>\n                                                                                                                                                <a href=\"#brachioplasty\"\n                                            >\n                                            Braquioplastia                                        <\/a>\n                                                                                                                                                <a href=\"#botox\"\n                                            >\n                                            Botox                                        <\/a>\n                                                                                                                                                <a href=\"#breastreduction\"\n                                            >\n                                            Redu\u00e7\u00e3o do peito                                        <\/a>\n                                                                                                                                                <a href=\"#mommymakeover\"\n                                            >\n                                            Mudan\u00e7a de visual da mam\u00e3                                        <\/a>\n                                                                                                                                                <a href=\"#panniculectomy\"\n                                            >\n                                            Paniculectomia                                        <\/a>\n                                                                                                                                                <a href=\"#backlift\"\n                                            >\n                                            Eleva\u00e7\u00e3o das costas                                        <\/a>\n                                                                                                <\/div>\n                        <\/div>\n                    <\/div>\n                <\/div>\n            <\/div>\n        <\/div>\n    <\/div>\n\n\n\n\n\n<div id=\"abdominoplasty\" class=\"blockSettings  paddingTopMD paddingBottomMD sliderFluid light\" style=\"\"><div class=\"container-full\">\n\t\t\t<div class=\"grid\">\n\t\t\t<div class=\"col-sm-12\">\n\t\t\t\t<div class=\"introCenter\">\n\t\t\t\t\t    <div class=\"mainCopyWrap\">\n            <h2>Abdominoplastia (abdominoplastia)<\/h2>\n        <\/div>\n    \t\t\t\t\t\t\t\t\t<\/div>\n\t\t\t<\/div>\n\t\t<\/div>\n\t\t\t\t\t\t\t<div class=\"blockSeparator\"><\/div>\n\t\t\t\t\t\t<div class=\"grid\">\n\t\t\t<div class=\"col-sm-12\">\n\t\t\t\t<div class=\"slider\">\n\t\t\t\t\t\t\t\t\t\t\t<div class=\"slide-wrap\">\n\t\t\t\t\t\t\t<div class=\"slide-img\" style=\"background-image:url('https:\/\/www.southcoast.org\/wp-content\/uploads\/2025\/07\/39yo-Female-5-4-152-lbs-Cosmetic-Abdominoplasty.png')\"><\/div>\n\t\t\t\t\t\t\t    <div class=\"mainCopyWrap\">\n            <h3>Mulher, 41 anos, Abdominoplastia, Altura: 1,80 m, Peso: 90 kg.<\/h3>\n        <\/div>\n    \n\t\t\t\t\t\t<\/div>\n\t\t\t\t\t\t\t\t\t\t\t<div class=\"slide-wrap\">\n\t\t\t\t\t\t\t<div class=\"slide-img\" style=\"background-image:url('https:\/\/www.southcoast.org\/wp-content\/uploads\/2025\/07\/35yo-Female-55-148lbs-Abdominooplasty.png')\"><\/div>\n\t\t\t\t\t\t\t    <div class=\"mainCopyWrap\">\n            <h3>35 anos, sexo feminino Abdominoplastia, Altura: 5'5, Peso 148 lbs.<\/h3>\n        <\/div>\n    \n\t\t\t\t\t\t<\/div>\n\t\t\t\t\t\t\t\t\t\t\t<div class=\"slide-wrap\">\n\t\t\t\t\t\t\t<div class=\"slide-img\" style=\"background-image:url('https:\/\/www.southcoast.org\/wp-content\/uploads\/2025\/07\/29-year-old-female-Abdominoplasty-Watermarked-2.png')\"><\/div>\n\t\t\t\t\t\t\t    <div class=\"mainCopyWrap\">\n            <h3>29 anos, sexo feminino, Abdominoplastia, Altura: 1,80 m, Peso: 60 kg.<\/h3>\n        <\/div>\n    \n\t\t\t\t\t\t<\/div>\n\t\t\t\t\t\t\t\t\t\t\t<div class=\"slide-wrap\">\n\t\t\t\t\t\t\t<div class=\"slide-img\" style=\"background-image:url('https:\/\/www.southcoast.org\/wp-content\/uploads\/2025\/07\/34-year-old-male-Abdominoplasty-Bilateral-Breast-Lift-Watermarked-2.png')\"><\/div>\n\t\t\t\t\t\t\t    <div class=\"mainCopyWrap\">\n            <h3>34 anos de idade, sexo masculino Abdominoplastia e lifting bilateral dos seios, Altura: 1,80 m, Peso: 60 kg.<\/h3>\n        <\/div>\n    \n\t\t\t\t\t\t<\/div>\n\t\t\t\t\t\t\t\t\t\t\t<div class=\"slide-wrap\">\n\t\t\t\t\t\t\t<div class=\"slide-img\" style=\"background-image:url('https:\/\/www.southcoast.org\/wp-content\/uploads\/2025\/07\/48-year-old-female-Liposuction-Abdominoplasty-Watermarked-2.png')\"><\/div>\n\t\t\t\t\t\t\t    <div class=\"mainCopyWrap\">\n            <h3>48 anos, sexo feminino, lipoaspira\u00e7\u00e3o e abdominoplastia, altura: 1,80 m, peso: 60 kg.<\/h3>\n        <\/div>\n    \n\t\t\t\t\t\t<\/div>\n\t\t\t\t\t\t\t\t\t<\/div>\n\t\t\t<\/div>\n\t\t<\/div>\n\t<\/div>\n<\/div>\n\n\n<div id=\"brachioplasty\" class=\"blockSettings  paddingTopNone paddingBottomMD media-object-block light\" style=\"\"><div class=\"container\">\n\t<div class=\"grid\">\n\t\t<div class=\"col-sm-12\">\n\t\t\t<div class=\"inner image-right list-style-disc inner-white-bg\" style=\"background-color: #fff;\">\n\t\t\t\t<div class=\"copy\">\n\t\t\t\t\t    <div class=\"mainCopyWrap\">\n            <h2>Braquioplastia<\/h2>\n    <div class=\"paragraphWrap\"><p>Braquioplastia de 52 anos de idade, sexo feminino<br \/>\nAltura: 5'4\u2033<br \/>\nPeso: 181 lbs.<\/p>\n<\/div>    <\/div>\n    \t\t\t\t<\/div>\n\t\t\t\t\t\t\t\t<div class=\"images\">\n\t\t\t\t\t\t<img decoding=\"async\" class=\"single\" src=\"https:\/\/www.southcoast.org\/wp-content\/uploads\/2025\/07\/52-yo-female-54-181-lb-edited.png\" alt=\"Person&#039;s body transformation from &quot;before&quot; to &quot;after&quot; showing weight loss and muscle definition.\">\n\t\t\t\t\t\t\t\t\t\t<\/div>\n\t\t\t\t\n\t\t\t<\/div>\n\t\t<\/div>\n\t<\/div>\n<\/div>\n<\/div>\n\n\n<div id=\"botox\" class=\"blockSettings  paddingTopNone paddingBottomMD media-object-block light\" style=\"\"><div class=\"container\">\n\t<div class=\"grid\">\n\t\t<div class=\"col-sm-12\">\n\t\t\t<div class=\"inner image-left list-style-disc inner-white-bg\" style=\"background-color: #fff;\">\n\t\t\t\t<div class=\"copy\">\n\t\t\t\t\t    <div class=\"mainCopyWrap\">\n            <h2>Botox<\/h2>\n    <div class=\"paragraphWrap\"><p>53 anos, sexo feminino Botox para p\u00e9s de galinha, testa e glabela<\/p>\n<\/div>    <\/div>\n    \t\t\t\t<\/div>\n\t\t\t\t\t\t\t\t<div class=\"images\">\n\t\t\t\t\t\t<img decoding=\"async\" class=\"single\" src=\"https:\/\/www.southcoast.org\/wp-content\/uploads\/2025\/07\/53-year-old-female-Botox-to-crows-feet-forehead-and-glabella-Watermarked-2.png\" alt=\"Woman&#039;s facial skin and expression before and after Botox treatment to the crows feet, forehead, and glabella areas.\">\n\t\t\t\t\t\t\t\t\t\t<\/div>\n\t\t\t\t\n\t\t\t<\/div>\n\t\t<\/div>\n\t<\/div>\n<\/div>\n<\/div>\n\n\n\n\n<div id=\"breastreduction\" class=\"blockSettings  paddingTopNone paddingBottomMD sliderFluid light\" style=\"\"><div class=\"container-full\">\n\t\t\t<div class=\"grid\">\n\t\t\t<div class=\"col-sm-12\">\n\t\t\t\t<div class=\"introCenter\">\n\t\t\t\t\t    <div class=\"mainCopyWrap\">\n            <h2>Redu\u00e7\u00e3o do peito<\/h2>\n        <\/div>\n    \t\t\t\t\t\t\t\t\t<\/div>\n\t\t\t<\/div>\n\t\t<\/div>\n\t\t\t\t\t\t\t<div class=\"blockSeparator\"><\/div>\n\t\t\t\t\t\t<div class=\"grid\">\n\t\t\t<div class=\"col-sm-12\">\n\t\t\t\t<div class=\"slider\">\n\t\t\t\t\t\t\t\t\t\t\t<div class=\"slide-wrap\">\n\t\t\t\t\t\t\t<div class=\"slide-img\" style=\"background-image:url('https:\/\/www.southcoast.org\/wp-content\/uploads\/2025\/09\/27-yo-Female-56-154lb-breast-reduction-watermarked.png')\"><\/div>\n\t\t\t\t\t\t\t    <div class=\"mainCopyWrap\">\n            <h3>27 anos, mulher, redu\u00e7\u00e3o de seios Altura: 1,75 m Peso: 154 kg<\/h3>\n        <\/div>\n    \n\t\t\t\t\t\t<\/div>\n\t\t\t\t\t\t\t\t\t\t\t<div class=\"slide-wrap\">\n\t\t\t\t\t\t\t<div class=\"slide-img\" style=\"background-image:url('https:\/\/www.southcoast.org\/wp-content\/uploads\/2025\/07\/22-year-old-female-Bilateral-Breast-Reduction-Watermarked-2.png')\"><\/div>\n\t\t\t\t\t\t\t    <div class=\"mainCopyWrap\">\n            <h3>22 anos de idade, sexo feminino, redu\u00e7\u00e3o bilateral dos seios, altura: 1,80 m, peso: 80 kg.<\/h3>\n        <\/div>\n    \n\t\t\t\t\t\t<\/div>\n\t\t\t\t\t\t\t\t\t\t\t<div class=\"slide-wrap\">\n\t\t\t\t\t\t\t<div class=\"slide-img\" style=\"background-image:url('https:\/\/www.southcoast.org\/wp-content\/uploads\/2025\/07\/24yo-Female-5-4-148-lbs-bilateral-breast-reduction.png')\"><\/div>\n\t\t\t\t\t\t\t    <div class=\"mainCopyWrap\">\n            <h3>24 anos de idade, sexo feminino, redu\u00e7\u00e3o bilateral dos seios, altura: 1,80 m, peso: 148 lbs.<\/h3>\n        <\/div>\n    \n\t\t\t\t\t\t<\/div>\n\t\t\t\t\t\t\t\t\t\t\t<div class=\"slide-wrap\">\n\t\t\t\t\t\t\t<div class=\"slide-img\" style=\"background-image:url('https:\/\/www.southcoast.org\/wp-content\/uploads\/2025\/07\/25-year-old-female-Breast-Reduction-Watermarked-2.png')\"><\/div>\n\t\t\t\t\t\t\t    <div class=\"mainCopyWrap\">\n            <h3>25 anos de idade, sexo feminino, redu\u00e7\u00e3o de mama, altura: 5'3, peso: 180 lbs.<\/h3>\n        <\/div>\n    \n\t\t\t\t\t\t<\/div>\n\t\t\t\t\t\t\t\t\t\t\t<div class=\"slide-wrap\">\n\t\t\t\t\t\t\t<div class=\"slide-img\" style=\"background-image:url('https:\/\/www.southcoast.org\/wp-content\/uploads\/2025\/07\/25-yo-female-167-lb-5-ft-Breast-Reduction-Before-and-After.png')\"><\/div>\n\t\t\t\t\t\t\t    <div class=\"mainCopyWrap\">\n            <h3>25 anos, mulher, redu\u00e7\u00e3o de seios, altura: 5\u2032, peso: 167 lbs.<\/h3>\n        <\/div>\n    \n\t\t\t\t\t\t<\/div>\n\t\t\t\t\t\t\t\t\t\t\t<div class=\"slide-wrap\">\n\t\t\t\t\t\t\t<div class=\"slide-img\" style=\"background-image:url('https:\/\/www.southcoast.org\/wp-content\/uploads\/2025\/07\/32-year-old-female-Bilateral-Breast-Reduction-Watermarked-2.png')\"><\/div>\n\t\t\t\t\t\t\t    <div class=\"mainCopyWrap\">\n            <h3>32 anos de idade, sexo feminino, redu\u00e7\u00e3o bilateral da mama, altura: 5\u2032, peso: 240 lbs.<\/h3>\n        <\/div>\n    \n\t\t\t\t\t\t<\/div>\n\t\t\t\t\t\t\t\t\t\t\t<div class=\"slide-wrap\">\n\t\t\t\t\t\t\t<div class=\"slide-img\" style=\"background-image:url('https:\/\/www.southcoast.org\/wp-content\/uploads\/2025\/07\/33yo-Female-54-125lbs-Breast-Reduction.png')\"><\/div>\n\t\t\t\t\t\t\t    <div class=\"mainCopyWrap\">\n            <h3>30 anos de idade, sexo feminino, redu\u00e7\u00e3o de mama, altura: 5'4, peso: 125 lbs.<\/h3>\n        <\/div>\n    \n\t\t\t\t\t\t<\/div>\n\t\t\t\t\t\t\t\t\t\t\t<div class=\"slide-wrap\">\n\t\t\t\t\t\t\t<div class=\"slide-img\" style=\"background-image:url('https:\/\/www.southcoast.org\/wp-content\/uploads\/2025\/07\/44-y.o-female-breast-reduction-52-184lb.png')\"><\/div>\n\t\t\t\t\t\t\t    <div class=\"mainCopyWrap\">\n            <h3>40 anos de idade, sexo feminino, redu\u00e7\u00e3o de mama, altura: 5'2, peso: 184 lbs.<\/h3>\n        <\/div>\n    \n\t\t\t\t\t\t<\/div>\n\t\t\t\t\t\t\t\t\t\t\t<div class=\"slide-wrap\">\n\t\t\t\t\t\t\t<div class=\"slide-img\" style=\"background-image:url('https:\/\/www.southcoast.org\/wp-content\/uploads\/2025\/07\/50-year-old-female-Bilateral-Breast-Reduction-Watermarked-2.png')\"><\/div>\n\t\t\t\t\t\t\t    <div class=\"mainCopyWrap\">\n            <h3>50 anos, sexo feminino, redu\u00e7\u00e3o bilateral dos seios, altura: 5'5, peso: 130lbs.<\/h3>\n        <\/div>\n    \n\t\t\t\t\t\t<\/div>\n\t\t\t\t\t\t\t\t\t<\/div>\n\t\t\t<\/div>\n\t\t<\/div>\n\t<\/div>\n<\/div>\n\n\n<div id=\"mommymakeover\" class=\"blockSettings  paddingTopNone paddingBottomMD media-object-block light\" style=\"\"><div class=\"container\">\n\t<div class=\"grid\">\n\t\t<div class=\"col-sm-12\">\n\t\t\t<div class=\"inner image-right list-style-disc inner-white-bg\" style=\"background-color: #fff;\">\n\t\t\t\t<div class=\"copy\">\n\t\t\t\t\t    <div class=\"mainCopyWrap\">\n            <h2>Mudan\u00e7a de visual da mam\u00e3<\/h2>\n    <div class=\"paragraphWrap\"><p>Transforma\u00e7\u00e3o da mam\u00e3 de 35 anos<br \/>\nAltura: 5'3<br \/>\nPeso: 125 lbs.<\/p>\n<\/div>    <\/div>\n    \t\t\t\t<\/div>\n\t\t\t\t\t\t\t\t<div class=\"images\">\n\t\t\t\t\t\t<img decoding=\"async\" class=\"single\" src=\"https:\/\/www.southcoast.org\/wp-content\/uploads\/2025\/07\/35-year-old-Mommy-Makeover-Watermarked-2.png\" alt=\"Before-and-after photos of a 35-year-old woman&#039;s &quot;Mommy Makeover&quot; cosmetic procedure.\">\n\t\t\t\t\t\t\t\t\t\t<\/div>\n\t\t\t\t\n\t\t\t<\/div>\n\t\t<\/div>\n\t<\/div>\n<\/div>\n<\/div>\n\n\n\n\n<div id=\"panniculectomy\" class=\"blockSettings  paddingTopNone paddingBottomMD sliderFluid light\" style=\"\"><div class=\"container-full\">\n\t\t\t<div class=\"grid\">\n\t\t\t<div class=\"col-sm-12\">\n\t\t\t\t<div class=\"introCenter\">\n\t\t\t\t\t    <div class=\"mainCopyWrap\">\n            <h2>Paniculectomia<\/h2>\n        <\/div>\n    \t\t\t\t\t\t\t\t\t<\/div>\n\t\t\t<\/div>\n\t\t<\/div>\n\t\t\t\t\t\t\t<div class=\"blockSeparator\"><\/div>\n\t\t\t\t\t\t<div class=\"grid\">\n\t\t\t<div class=\"col-sm-12\">\n\t\t\t\t<div class=\"slider\">\n\t\t\t\t\t\t\t\t\t\t\t<div class=\"slide-wrap\">\n\t\t\t\t\t\t\t<div class=\"slide-img\" style=\"background-image:url('https:\/\/www.southcoast.org\/wp-content\/uploads\/2025\/09\/37-yo-Female-52-135lb-Panniculectomy-with-umbilicus-transposition.png')\"><\/div>\n\t\t\t\t\t\t\t    <div class=\"mainCopyWrap\">\n            <h3>37 anos, sexo feminino Paniculectomia com transposi\u00e7\u00e3o do umbigo, Altura: 1,75m, Peso: 135lb<\/h3>\n        <\/div>\n    \n\t\t\t\t\t\t<\/div>\n\t\t\t\t\t\t\t\t\t\t\t<div class=\"slide-wrap\">\n\t\t\t\t\t\t\t<div class=\"slide-img\" style=\"background-image:url('https:\/\/www.southcoast.org\/wp-content\/uploads\/2025\/07\/36-year-old-female-Panniculectomy-Watermarked-2.png')\"><\/div>\n\t\t\t\t\t\t\t    <div class=\"mainCopyWrap\">\n            <h3>36 anos, sexo feminino, paniculectomia, altura: 1,75 m, peso: 80 kg.<\/h3>\n        <\/div>\n    \n\t\t\t\t\t\t<\/div>\n\t\t\t\t\t\t\t\t\t\t\t<div class=\"slide-wrap\">\n\t\t\t\t\t\t\t<div class=\"slide-img\" style=\"background-image:url('https:\/\/www.southcoast.org\/wp-content\/uploads\/2025\/07\/55-year-old-female-Panniculectomy-Watermarked-2.png')\"><\/div>\n\t\t\t\t\t\t\t    <div class=\"mainCopyWrap\">\n            <h3>55 anos, sexo feminino, paniculectomia, altura: 1,75 m, peso: 60 kg.<\/h3>\n        <\/div>\n    \n\t\t\t\t\t\t<\/div>\n\t\t\t\t\t\t\t\t\t<\/div>\n\t\t\t<\/div>\n\t\t<\/div>\n\t<\/div>\n<\/div>\n\n\n<div id=\"backlift\" class=\"blockSettings  paddingTopNone paddingBottomMD media-object-block light\" style=\"\"><div class=\"container\">\n\t<div class=\"grid\">\n\t\t<div class=\"col-sm-12\">\n\t\t\t<div class=\"inner image-left list-style-disc inner-white-bg\" style=\"background-color: #fff;\">\n\t\t\t\t<div class=\"copy\">\n\t\t\t\t\t    <div class=\"mainCopyWrap\">\n            <h2>Eleva\u00e7\u00e3o das costas<\/h2>\n    <div class=\"paragraphWrap\"><p>Mulher, 36 anos Panniculectomia<br \/>\nAltura: 5'1<br \/>\nPeso: 165 lbs.<\/p>\n<\/div>    <\/div>\n    \t\t\t\t<\/div>\n\t\t\t\t\t\t\t\t<div class=\"images\">\n\t\t\t\t\t\t<img decoding=\"async\" class=\"single\" src=\"https:\/\/www.southcoast.org\/wp-content\/uploads\/2025\/07\/33-year-old-female-back-lift-after-weight-loss-Watermarked-2.png\" alt=\"Back lift results after weight loss in 33-year-old woman.\">\n\t\t\t\t\t\t\t\t\t\t<\/div>\n\t\t\t\t\n\t\t\t<\/div>\n\t\t<\/div>\n\t<\/div>\n<\/div>\n<\/div>","protected":false},"excerpt":{"rendered":"","protected":false},"author":7,"featured_media":0,"parent":15963,"menu_order":0,"comment_status":"closed","ping_status":"closed","template":"","meta":{"_acf_changed":false,"footnotes":""},"class_list":["post-15965","page","type-page","status-publish","hentry"],"acf":[],"yoast_head":"<!-- This site is optimized with the Yoast SEO plugin v26.0 - https:\/\/yoast.com\/wordpress\/plugins\/seo\/ -->\n<title>Dr. Moores - Before and After Photos - Southcoast Health<\/title>\n<meta name=\"robots\" content=\"index, follow, max-snippet:-1, max-image-preview:large, max-video-preview:-1\" \/>\n<link rel=\"canonical\" href=\"https:\/\/www.southcoast.org\/pt\/dr-craig-moores\/before-and-after\/\" \/>\n<meta property=\"og:locale\" content=\"pt_PT\" \/>\n<meta property=\"og:type\" content=\"article\" \/>\n<meta property=\"og:title\" content=\"Dr. Moores - Before and After Photos - Southcoast Health\" \/>\n<meta property=\"og:url\" content=\"https:\/\/www.southcoast.org\/pt\/dr-craig-moores\/before-and-after\/\" \/>\n<meta property=\"og:site_name\" content=\"Southcoast Health\" \/>\n<meta property=\"article:modified_time\" content=\"2025-11-21T21:07:14+00:00\" \/>\n<meta name=\"twitter:card\" content=\"summary_large_image\" \/>\n<script type=\"application\/ld+json\" class=\"yoast-schema-graph\">{\"@context\":\"https:\/\/schema.org\",\"@graph\":[{\"@type\":\"WebPage\",\"@id\":\"https:\/\/www.southcoast.org\/dr-craig-moores\/before-and-after\/\",\"url\":\"https:\/\/www.southcoast.org\/dr-craig-moores\/before-and-after\/\",\"name\":\"Dr. Moores - Before and After Photos - Southcoast Health\",\"isPartOf\":{\"@id\":\"https:\/\/www.southcoast.org\/#website\"},\"datePublished\":\"2025-06-19T19:21:52+00:00\",\"dateModified\":\"2025-11-21T21:07:14+00:00\",\"breadcrumb\":{\"@id\":\"https:\/\/www.southcoast.org\/dr-craig-moores\/before-and-after\/#breadcrumb\"},\"inLanguage\":\"pt-PT\",\"potentialAction\":[{\"@type\":\"ReadAction\",\"target\":[\"https:\/\/www.southcoast.org\/dr-craig-moores\/before-and-after\/\"]}]},{\"@type\":\"BreadcrumbList\",\"@id\":\"https:\/\/www.southcoast.org\/dr-craig-moores\/before-and-after\/#breadcrumb\",\"itemListElement\":[{\"@type\":\"ListItem\",\"position\":1,\"name\":\"\",\"item\":\"https:\/\/www.southcoast.org\/\"},{\"@type\":\"ListItem\",\"position\":2,\"name\":\"Dr. Craig Moores\",\"item\":\"https:\/\/www.southcoast.org\/dr-craig-moores\/\"},{\"@type\":\"ListItem\",\"position\":3,\"name\":\"Dr. Moores &#8211; Before and After Photos\"}]},{\"@type\":\"WebSite\",\"@id\":\"https:\/\/www.southcoast.org\/#website\",\"url\":\"https:\/\/www.southcoast.org\/\",\"name\":\"Southcoast Health\",\"description\":\"More than medicine.\",\"potentialAction\":[{\"@type\":\"SearchAction\",\"target\":{\"@type\":\"EntryPoint\",\"urlTemplate\":\"https:\/\/www.southcoast.org\/?s={search_term_string}\"},\"query-input\":{\"@type\":\"PropertyValueSpecification\",\"valueRequired\":true,\"valueName\":\"search_term_string\"}}],\"inLanguage\":\"pt-PT\"}]}<\/script>\n<!-- \/ Yoast SEO plugin. -->","yoast_head_json":{"title":"Dr. Moores - Before and After Photos - Southcoast Health","robots":{"index":"index","follow":"follow","max-snippet":"max-snippet:-1","max-image-preview":"max-image-preview:large","max-video-preview":"max-video-preview:-1"},"canonical":"https:\/\/www.southcoast.org\/pt\/dr-craig-moores\/before-and-after\/","og_locale":"pt_PT","og_type":"article","og_title":"Dr. Moores - Before and After Photos - Southcoast Health","og_url":"https:\/\/www.southcoast.org\/pt\/dr-craig-moores\/before-and-after\/","og_site_name":"Southcoast Health","article_modified_time":"2025-11-21T21:07:14+00:00","twitter_card":"summary_large_image","schema":{"@context":"https:\/\/schema.org","@graph":[{"@type":"WebPage","@id":"https:\/\/www.southcoast.org\/dr-craig-moores\/before-and-after\/","url":"https:\/\/www.southcoast.org\/dr-craig-moores\/before-and-after\/","name":"Dr. Moores - Before and After Photos - Southcoast Health","isPartOf":{"@id":"https:\/\/www.southcoast.org\/#website"},"datePublished":"2025-06-19T19:21:52+00:00","dateModified":"2025-11-21T21:07:14+00:00","breadcrumb":{"@id":"https:\/\/www.southcoast.org\/dr-craig-moores\/before-and-after\/#breadcrumb"},"inLanguage":"pt-PT","potentialAction":[{"@type":"ReadAction","target":["https:\/\/www.southcoast.org\/dr-craig-moores\/before-and-after\/"]}]},{"@type":"BreadcrumbList","@id":"https:\/\/www.southcoast.org\/dr-craig-moores\/before-and-after\/#breadcrumb","itemListElement":[{"@type":"ListItem","position":1,"name":"","item":"https:\/\/www.southcoast.org\/"},{"@type":"ListItem","position":2,"name":"Dr. Craig Moores","item":"https:\/\/www.southcoast.org\/dr-craig-moores\/"},{"@type":"ListItem","position":3,"name":"Dr. Moores &#8211; Before and After Photos"}]},{"@type":"WebSite","@id":"https:\/\/www.southcoast.org\/#website","url":"https:\/\/www.southcoast.org\/","name":"Sa\u00fade no Sudeste","description":"Mais do que medicamentos.","potentialAction":[{"@type":"SearchAction","target":{"@type":"EntryPoint","urlTemplate":"https:\/\/www.southcoast.org\/?s={search_term_string}"},"query-input":{"@type":"PropertyValueSpecification","valueRequired":true,"valueName":"search_term_string"}}],"inLanguage":"pt-PT"}]}},"_links":{"self":[{"href":"https:\/\/www.southcoast.org\/pt\/wp-json\/wp\/v2\/pages\/15965","targetHints":{"allow":["GET"]}}],"collection":[{"href":"https:\/\/www.southcoast.org\/pt\/wp-json\/wp\/v2\/pages"}],"about":[{"href":"https:\/\/www.southcoast.org\/pt\/wp-json\/wp\/v2\/types\/page"}],"author":[{"embeddable":true,"href":"https:\/\/www.southcoast.org\/pt\/wp-json\/wp\/v2\/users\/7"}],"replies":[{"embeddable":true,"href":"https:\/\/www.southcoast.org\/pt\/wp-json\/wp\/v2\/comments?post=15965"}],"version-history":[{"count":10,"href":"https:\/\/www.southcoast.org\/pt\/wp-json\/wp\/v2\/pages\/15965\/revisions"}],"predecessor-version":[{"id":282562,"href":"https:\/\/www.southcoast.org\/pt\/wp-json\/wp\/v2\/pages\/15965\/revisions\/282562"}],"up":[{"embeddable":true,"href":"https:\/\/www.southcoast.org\/pt\/wp-json\/wp\/v2\/pages\/15963"}],"wp:attachment":[{"href":"https:\/\/www.southcoast.org\/pt\/wp-json\/wp\/v2\/media?parent=15965"}],"curies":[{"name":"wp","href":"https:\/\/api.w.org\/{rel}","templated":true}]}}