{"id":15953,"date":"2025-06-19T19:17:55","date_gmt":"2025-06-19T19:17:55","guid":{"rendered":"https:\/\/test-southcoast-health-multi.southcoast-health.org\/?page_id=15953"},"modified":"2025-10-28T13:14:46","modified_gmt":"2025-10-28T13:14:46","slug":"new-beginnings","status":"publish","type":"page","link":"https:\/\/www.southcoast.org\/pt\/community\/new-beginnings\/","title":{"rendered":"Novos come\u00e7os"},"content":{"rendered":"<div class=\"hero-secondary-block\">\n    <div class=\"background\" style=\"background-color: #fff\"><\/div>\n    <div class=\"container\">\n        <div class=\"grid\">\n            <div class=\"col-bleed-y\">\n                <div class=\"grid intro-text\">\n                    <img decoding=\"async\" class=\"corner-art\" src=\"https:\/\/www.southcoast.org\/wp-content\/themes\/southcoast_multisite\/images\/herobasic-corner-art.png\" alt=\"corner art\">\n                    <div class=\"col-md-9\">\n                                                    <div class=\"breadcrumbsWrapper desktop-breadcrumbs\"><nav id=\"breadcrumbs\" aria-label=\"P\u00e3o ralado\"><ol><li><a href=\"https:\/\/www.southcoast.org\/pt\/\"><i class=\"fa-light fa-house\"><\/i><span class=\"visually-hidden\">In\u00edcio<\/span><\/a><\/li><\/ol><\/nav><\/div><div class=\"breadcrumbsWrapper mobile-breadcrumbs\"><p id=\"mobile-breadcrumbs\"><span><span><a href=\"https:\/\/www.southcoast.org\/pt\"><i class=\"far fa-home\"><\/i><\/a><\/span> <i class=\"fa-solid fa-chevron-right separator\"><\/i> <span><a href=\"https:\/\/www.southcoast.org\/pt\/community\/\">Comunidade<\/a><\/span><\/span><\/p><\/div>                                                                            <span class=\"pre-heading\">COMUNIDADE<\/span>\n                                                                            <h1>Programa New Beginnings Moms Do Care (As m\u00e3es cuidam)<\/h1>\n                                                                            <div class=\"copy\">\n                                <p>Apoiar as m\u00e3es e os beb\u00e9s afectados pela exposi\u00e7\u00e3o perinatal a subst\u00e2ncias, indo ao seu encontro e ajudando-os a ter um in\u00edcio de vida saud\u00e1vel atrav\u00e9s de cuidados compassivos e individualizados.<\/p>\n                            <\/div>\n                                            <\/div>\n                    \n                <\/div>\n                <div class=\"image\">\n                                            <img decoding=\"async\" class=\"hero-img\" src=\"https:\/\/www.southcoast.org\/wp-content\/uploads\/2025\/10\/Baby-Stock.png\" alt=\"Newborn baby being cradled and comforted by adult caregiver\">\n                                    <\/div>\n                            <\/div>\n        <\/div>\n    <\/div>\n<\/div>\n\n\n<div  class=\"blockSettings  paddingTopSM paddingBottomSM media-object-block light\" style=\"background-color:#fff;\"><div class=\"container\">\n\t<div class=\"grid\">\n\t\t<div class=\"col-sm-12\">\n\t\t\t<div class=\"inner image-right list-style-disc inner-white-bg\" style=\"background-color: #fff;\">\n\t\t\t\t<div class=\"copy\">\n\t\t\t\t\t    <div class=\"mainCopyWrap\">\n            <h2>A nossa miss\u00e3o<\/h2>\n    <div class=\"paragraphWrap\"><p>A New Beginnings Moms Do Care eleva e capacita as gr\u00e1vidas e os pais afectados pelo consumo de subst\u00e2ncias a curar, crescer e prosperar na sua recupera\u00e7\u00e3o. Com apoio compassivo, centrado na fam\u00edlia e personalizado, caminhamos ao lado de cada pessoa na sua jornada - celebrando os seus pontos fortes, construindo resili\u00eancia e alimentando futuros saud\u00e1veis e cheios de esperan\u00e7a para promover um bem-estar duradouro.<\/p>\n<\/div>    <\/div>\n    \t\t\t\t<\/div>\n\t\t\t\t\t\t\t\t<div class=\"images\">\n\t\t\t\t\t\t<img decoding=\"async\" class=\"single\" src=\"https:\/\/www.southcoast.org\/wp-content\/uploads\/2025\/10\/New-Beginnings-Ribbon-Cutting-2025.png\" alt=\"Group of people at a ribbon cutting ceremony for a new organization or facility, posed and smiling.\">\n\t\t\t\t\t\t\t\t\t\t<\/div>\n\t\t\t\t\n\t\t\t<\/div>\n\t\t<\/div>\n\t<\/div>\n<\/div>\n<\/div>\n\n\n<div  class=\"blockSettings  paddingTopMD paddingBottomMD cardImageFluid light\" style=\"background-color:#e1f5fa;\"><div class=\"container\" role=\"region\"  aria-label=\"Cuidados de maternidade para novos come\u00e7os\">\n\t<div class=\"grid\">\n\t\t<div class=\"col-sm-12\">\n\t\t\t    <div class=\"introWithCta centerAlign\">\n            <div class=\"mainCopyWrap\">\n            <h2>Cuidados de maternidade para novos come\u00e7os<\/h2>\n    <div class=\"paragraphWrap\"><p>O New Beginnings Moms Do Care Program da Southcoast Health presta servi\u00e7os a mulheres gr\u00e1vidas que d\u00e3o \u00e0 luz nos hospitais da Southcoast e que foram expostas a subst\u00e2ncias.<\/p>\n<\/div>    <\/div>\n        <div class=\"ctaWrap cta-center\">\n                    <a aria-label=\"link para encaminhar uma pessoa para o programa\" class=\"mainCTA shadow light1\" href=\"#referral\" title=\"Abrir Indicar uma pessoa para o programa\" >Encaminhar uma pessoa para o programa<\/a>            <\/div>\n        <\/div>\n    \t\t<\/div>\n\t<\/div>\n\t<div class=\"blockSeparator\"><\/div>\n\t<div class=\"cardImageContentWrap\">\n\t\t\t\t\t\t\t<!--Manual Cards-->\n\t\t\t<div class=\"grid\" >\n\t\t\t\t\t\t\t\t\t\t\t<div class=\"col-sm-6 col-md-4 col-grid\" role=\"group\"  aria-label=\"Cuidados sem custos para as fam\u00edlias\">\n\t\t\t\t\t\t\t\t<div class=\"cardBasic noBorder left Vertical\">\n\t\t\t\t\t\t\t\t\t<div class=\"cardImage\" style=\"background-image:url('https:\/\/www.southcoast.org\/wp-content\/uploads\/2025\/06\/new_beginnings_no_cost.webp'); \"><\/div>\n\t\t\t\t\t\t\t\t\t<div class=\"cardBasicBody\">\n\t\t\t\t\t\t\t\t\t\t\t\t\t\t\t\t\t\t\t\t<p class=\"cardBasicBodyTitle\">Cuidados sem custos para as fam\u00edlias<\/p>\n\t\t\t\t\t\t\t\t\t\t\t\t\t\t\t\t\t\t\t\t\t<div class=\"excerpt\">\n\t\t\t\t\t\t\t\t\t\t\t\t<p>O programa oferece apoio gratuito e personalizado a m\u00e3es, beb\u00e9s e fam\u00edlias. A nossa equipa, que inclui Defensores da Fam\u00edlia, Enfermeiros e T\u00e9cnicos de Recupera\u00e7\u00e3o, educa as m\u00e3es sobre o tratamento do uso de subst\u00e2ncias durante os cuidados pr\u00e9-natais para reduzir os resultados negativos do parto. Ajudamos as fam\u00edlias a prepararem-se para as estadias no hospital, orientamos os cuidados com o rec\u00e9m-nascido e fornecemos apoio cont\u00ednuo at\u00e9 tr\u00eas anos ap\u00f3s o parto. Os pais s\u00e3o incentivados a participar ativamente e facilitamos reuni\u00f5es pr\u00e9-parto com neonatologistas para tratar de preocupa\u00e7\u00f5es e expectativas.<\/p>\n\t\t\t\t\t\t\t\t\t\t\t<\/div>\n\t\t\t\t\t\t\t\t\t\t\t\t\t\t\t\t\t\t\t<\/div>\n\t\t\t\t\t\t\t\t<\/div>\n\t\t\t\t\t\t\t<\/div>\n\t\t\t\t\t\t\t\t\t\t\t\t\t\t\t\t\t<div class=\"col-sm-6 col-md-4 col-grid\" role=\"group\"  aria-label=\"Exposi\u00e7\u00e3o a subst\u00e2ncias durante a gravidez\">\n\t\t\t\t\t\t\t\t<div class=\"cardBasic noBorder left Vertical\">\n\t\t\t\t\t\t\t\t\t<div class=\"cardImage\" style=\"background-image:url('https:\/\/www.southcoast.org\/wp-content\/uploads\/2025\/06\/new_beginnings_substance.webp'); \"><\/div>\n\t\t\t\t\t\t\t\t\t<div class=\"cardBasicBody\">\n\t\t\t\t\t\t\t\t\t\t\t\t\t\t\t\t\t\t\t\t<p class=\"cardBasicBodyTitle\">Exposi\u00e7\u00e3o a subst\u00e2ncias durante a gravidez<\/p>\n\t\t\t\t\t\t\t\t\t\t\t\t\t\t\t\t\t\t\t\t\t<div class=\"excerpt\">\n\t\t\t\t\t\t\t\t\t\t\t\t<p>Alguns medicamentos t\u00eam sido associados a problemas espec\u00edficos no beb\u00e9. As pessoas que foram expostas \u00e0s seguintes subst\u00e2ncias cumprem os crit\u00e9rios de elegibilidade para o programa New Beginnings Moms Do Care:<\/p>\n<ul>\n<li>\u00c1lcool<\/li>\n<li>Opi\u00e1ceos prescritos e n\u00e3o prescritos<\/li>\n<li>Marijuana<\/li>\n<li>Estimulantes (Anfetaminas, Coca\u00edna)<\/li>\n<\/ul>\n<p>Os beb\u00e9s expostos a determinados medicamentos ou subst\u00e2ncias durante a gravidez podem sofrer de S\u00edndrome de Abstin\u00eancia Neonatal (NAS), o que pode exigir cuidados especializados ap\u00f3s o parto.<\/p>\n\t\t\t\t\t\t\t\t\t\t\t<\/div>\n\t\t\t\t\t\t\t\t\t\t\t\t\t\t\t\t\t\t\t<\/div>\n\t\t\t\t\t\t\t\t<\/div>\n\t\t\t\t\t\t\t<\/div>\n\t\t\t\t\t\t\t\t\t\t\t\t\t\t\t\t\t<div class=\"col-sm-6 col-md-4 col-grid\" role=\"group\"  aria-label=\"Op\u00e7\u00f5es de tratamento\">\n\t\t\t\t\t\t\t\t<div class=\"cardBasic noBorder left Vertical\">\n\t\t\t\t\t\t\t\t\t<div class=\"cardImage\" style=\"background-image:url('https:\/\/www.southcoast.org\/wp-content\/uploads\/2025\/06\/new_beginnings_treatment.webp'); \"><\/div>\n\t\t\t\t\t\t\t\t\t<div class=\"cardBasicBody\">\n\t\t\t\t\t\t\t\t\t\t\t\t\t\t\t\t\t\t\t\t<p class=\"cardBasicBodyTitle\">Op\u00e7\u00f5es de tratamento<\/p>\n\t\t\t\t\t\t\t\t\t\t\t\t\t\t\t\t\t\t\t\t\t<div class=\"excerpt\">\n\t\t\t\t\t\t\t\t\t\t\t\t<p>Os beb\u00e9s com NAS e NOWS s\u00e3o tratados atrav\u00e9s de m\u00e9todos n\u00e3o farmacol\u00f3gicos (como o alojamento com a m\u00e3e ap\u00f3s o nascimento, a amamenta\u00e7\u00e3o, o enfaixamento, o contacto pele a pele e a minimiza\u00e7\u00e3o dos est\u00edmulos no ambiente), bem como atrav\u00e9s de m\u00e9todos farmacol\u00f3gicos (medica\u00e7\u00e3o), quando necess\u00e1rio.<\/p>\n\t\t\t\t\t\t\t\t\t\t\t<\/div>\n\t\t\t\t\t\t\t\t\t\t\t\t\t\t\t\t\t\t\t<\/div>\n\t\t\t\t\t\t\t\t<\/div>\n\t\t\t\t\t\t\t<\/div>\n\t\t\t\t\t\t\t\t\t\t\t\t\t<\/div>\n\t\t\t<\/div>\n\t<\/div>\n\n<\/div>\n\n\n\n\n<div  class=\"blockSettings  paddingTopSM paddingBottomSM sliderFluid light\" style=\"\"><div class=\"container-full\">\n\t\t\t<div class=\"grid\">\n\t\t\t<div class=\"col-sm-12\">\n\t\t\t\t<div class=\"introCenter\">\n\t\t\t\t\t    <div class=\"mainCopyWrap\">\n            <h2>Novos come\u00e7os As m\u00e3es cuidam<\/h2>\n    <div class=\"paragraphWrap\"><p>Dedicado ao apoio a pacientes gr\u00e1vidas e pais afectados por subst\u00e2ncias atrav\u00e9s da coordena\u00e7\u00e3o de cuidados individualizados, treino de recupera\u00e7\u00e3o entre pares, grupos de apoio e apoio de enfermagem.<\/p>\n<\/div>    <\/div>\n    \t\t\t\t\t\t\t\t\t<\/div>\n\t\t\t<\/div>\n\t\t<\/div>\n\t\t\t\t\t\t\t<div class=\"blockSeparator\"><\/div>\n\t\t\t\t\t\t<div class=\"grid\">\n\t\t\t<div class=\"col-sm-12\">\n\t\t\t\t<div class=\"slider\">\n\t\t\t\t\t\t\t\t\t\t\t<div class=\"slide-wrap\">\n\t\t\t\t\t\t\t<div class=\"slide-img\" style=\"background-image:url('https:\/\/www.southcoast.org\/wp-content\/uploads\/2025\/10\/New-Beginnings-Group_8.5.25044-scaled.jpg')\"><\/div>\n\t\t\t\t\t\t\t    <div class=\"mainCopyWrap\">\n            <\/div>\n    \n\t\t\t\t\t\t<\/div>\n\t\t\t\t\t\t\t\t\t\t\t<div class=\"slide-wrap\">\n\t\t\t\t\t\t\t<div class=\"slide-img\" style=\"background-image:url('https:\/\/www.southcoast.org\/wp-content\/uploads\/2025\/10\/New-Beginnings-Space-2025-1-scaled.jpg')\"><\/div>\n\t\t\t\t\t\t\t    <div class=\"mainCopyWrap\">\n            <\/div>\n    \n\t\t\t\t\t\t<\/div>\n\t\t\t\t\t\t\t\t\t\t\t<div class=\"slide-wrap\">\n\t\t\t\t\t\t\t<div class=\"slide-img\" style=\"background-image:url('https:\/\/www.southcoast.org\/wp-content\/uploads\/2025\/10\/New-Beginnings-Group_8.5.25033-scaled.jpg')\"><\/div>\n\t\t\t\t\t\t\t    <div class=\"mainCopyWrap\">\n            <\/div>\n    \n\t\t\t\t\t\t<\/div>\n\t\t\t\t\t\t\t\t\t\t\t<div class=\"slide-wrap\">\n\t\t\t\t\t\t\t<div class=\"slide-img\" style=\"background-image:url('https:\/\/www.southcoast.org\/wp-content\/uploads\/2025\/10\/New-Beginnings-Space-2025-5-scaled.jpg')\"><\/div>\n\t\t\t\t\t\t\t    <div class=\"mainCopyWrap\">\n            <\/div>\n    \n\t\t\t\t\t\t<\/div>\n\t\t\t\t\t\t\t\t\t\t\t<div class=\"slide-wrap\">\n\t\t\t\t\t\t\t<div class=\"slide-img\" style=\"background-image:url('https:\/\/www.southcoast.org\/wp-content\/uploads\/2025\/10\/New-Beginnings-Group_8.5.25010-scaled.jpg')\"><\/div>\n\t\t\t\t\t\t\t    <div class=\"mainCopyWrap\">\n            <\/div>\n    \n\t\t\t\t\t\t<\/div>\n\t\t\t\t\t\t\t\t\t\t\t<div class=\"slide-wrap\">\n\t\t\t\t\t\t\t<div class=\"slide-img\" style=\"background-image:url('https:\/\/www.southcoast.org\/wp-content\/uploads\/2025\/10\/New-Beginnings-Space-2025-9-scaled.jpg')\"><\/div>\n\t\t\t\t\t\t\t    <div class=\"mainCopyWrap\">\n            <\/div>\n    \n\t\t\t\t\t\t<\/div>\n\t\t\t\t\t\t\t\t\t\t\t<div class=\"slide-wrap\">\n\t\t\t\t\t\t\t<div class=\"slide-img\" style=\"background-image:url('https:\/\/www.southcoast.org\/wp-content\/uploads\/2025\/10\/New-Beginnings-Group_8.5.25013-scaled.jpg')\"><\/div>\n\t\t\t\t\t\t\t    <div class=\"mainCopyWrap\">\n            <\/div>\n    \n\t\t\t\t\t\t<\/div>\n\t\t\t\t\t\t\t\t\t\t\t<div class=\"slide-wrap\">\n\t\t\t\t\t\t\t<div class=\"slide-img\" style=\"background-image:url('https:\/\/www.southcoast.org\/wp-content\/uploads\/2025\/10\/New-Beginnings-Space-2025-3-scaled.jpg')\"><\/div>\n\t\t\t\t\t\t\t    <div class=\"mainCopyWrap\">\n            <\/div>\n    \n\t\t\t\t\t\t<\/div>\n\t\t\t\t\t\t\t\t\t<\/div>\n\t\t\t<\/div>\n\t\t<\/div>\n\t<\/div>\n<\/div>\n\n\n\n\n<div id=\"referral\" class=\"blockSettings  paddingTopMD paddingBottomMD bannerFluid light\" style=\"background-color:#f6f7f7;\"><div class=\"container\">\n    <div class=\"grid\">\n        <div class=\"col-sm-12\">\n            <div class=\"inner\">\n                                    <img decoding=\"async\" class=\"pulse\" src=\"https:\/\/www.southcoast.org\/wp-content\/themes\/southcoast_multisite\/images\/pulse.svg\" alt=\"\">\n                                <div class=\"copy\">\n                        <div class=\"mainCopyWrap\">\n            <h3>Gostaria de indicar algu\u00e9m para o Programa New Beginnings Moms Do Care?<\/h3>\n    <div class=\"paragraphWrap\"><p>Preencha o nosso formul\u00e1rio ou contacte-nos para encaminhar algu\u00e9m para o Programa New Beginnings Moms Do Care<\/p>\n<\/div>    <\/div>\n        <div class=\"ctaWrap\">\n                    <a aria-label=\"link para indicar algu\u00e9m para o nosso programa\" class=\"mainCTA shadow dark1\" href=\"https:\/\/forms.office.com\/Pages\/ResponsePage.aspx?id=Sej3q5FBB0y0OprJmN6RMZ_cznnHoBlBp_tEj5a3cVVUNlQxTEs2TkhCOU1aRlMwMVJTOTg5U1JGVS4u\" target=\"_blank\" title=\"Abre a op\u00e7\u00e3o Indique algu\u00e9m para o nosso programa em uma nova guia ou janela\" rel=\"noopener noreferrer\">Indicar algu\u00e9m para o nosso programa<span class=\"fa-regular fa-up-right-from-square\"><\/span><\/a>                    <a aria-label=\"liga\u00e7\u00e3o para newbeginnings@southcoast.org\" class=\"mainCTA shadow dark2\" href=\"mailto:newbeginnings@southcoast.org\" target=\"_blank\" title=\"Abre newbeginnings@southcoast.org num novo separador ou janela\" rel=\"noopener noreferrer\">newbeginnings@southcoast.org<span class=\"fa-regular fa-up-right-from-square\"><\/span><\/a>            <\/div>\n                    <\/div>\n                <div class=\"media\">\n                    \n                        <img decoding=\"async\" class=\"doctor\" src=\"https:\/\/www.southcoast.org\/wp-content\/uploads\/2025\/06\/new_beginnings_program.webp\" alt=\"A woman wearing a white medical coat standing in front of a white background, smiling at the camera.\">\n                        <img decoding=\"async\" class=\"graphical\" src=\"https:\/\/www.southcoast.org\/wp-content\/themes\/southcoast_multisite\/images\/corner-art.svg\" alt=\"\">\n\n\n                                    <\/div>\n            <\/div>\n        <\/div>\n    <\/div>\n<\/div>\n<\/div>","protected":false},"excerpt":{"rendered":"","protected":false},"author":7,"featured_media":17165,"parent":10737,"menu_order":0,"comment_status":"closed","ping_status":"closed","template":"","meta":{"_acf_changed":false,"footnotes":""},"class_list":["post-15953","page","type-page","status-publish","has-post-thumbnail","hentry"],"acf":[],"yoast_head":"<!-- This site is optimized with the Yoast SEO plugin v26.0 - https:\/\/yoast.com\/wordpress\/plugins\/seo\/ -->\n<title>New Beginnings - Southcoast Health<\/title>\n<meta name=\"description\" content=\"This program supports pregnant and parenting patients impacted by substances through individualized care coordination, peer recovery coaching, support groups and nursing support.\" \/>\n<meta name=\"robots\" content=\"index, follow, max-snippet:-1, max-image-preview:large, max-video-preview:-1\" \/>\n<link rel=\"canonical\" href=\"https:\/\/www.southcoast.org\/pt\/community\/new-beginnings\/\" \/>\n<meta property=\"og:locale\" content=\"pt_PT\" \/>\n<meta property=\"og:type\" content=\"article\" \/>\n<meta property=\"og:title\" content=\"New Beginnings - Southcoast Health\" \/>\n<meta property=\"og:description\" content=\"This program supports pregnant and parenting patients impacted by substances through individualized care coordination, peer recovery coaching, support groups and nursing support.\" \/>\n<meta property=\"og:url\" content=\"https:\/\/www.southcoast.org\/pt\/community\/new-beginnings\/\" \/>\n<meta property=\"og:site_name\" content=\"Southcoast Health\" \/>\n<meta property=\"article:modified_time\" content=\"2025-10-28T13:14:46+00:00\" \/>\n<meta property=\"og:image\" content=\"https:\/\/www.southcoast.org\/wp-content\/uploads\/2025\/07\/GettyImages-1217384593-1.jpg\" \/>\n\t<meta property=\"og:image:width\" content=\"2120\" \/>\n\t<meta property=\"og:image:height\" content=\"1414\" \/>\n\t<meta property=\"og:image:type\" content=\"image\/jpeg\" \/>\n<meta name=\"twitter:card\" content=\"summary_large_image\" \/>\n<meta name=\"twitter:label1\" content=\"Est. reading time\" \/>\n\t<meta name=\"twitter:data1\" content=\"1 minute\" \/>\n<script type=\"application\/ld+json\" class=\"yoast-schema-graph\">{\"@context\":\"https:\/\/schema.org\",\"@graph\":[{\"@type\":\"WebPage\",\"@id\":\"https:\/\/www.southcoast.org\/community\/new-beginnings\/\",\"url\":\"https:\/\/www.southcoast.org\/community\/new-beginnings\/\",\"name\":\"New Beginnings - Southcoast Health\",\"isPartOf\":{\"@id\":\"https:\/\/www.southcoast.org\/#website\"},\"primaryImageOfPage\":{\"@id\":\"https:\/\/www.southcoast.org\/community\/new-beginnings\/#primaryimage\"},\"image\":{\"@id\":\"https:\/\/www.southcoast.org\/community\/new-beginnings\/#primaryimage\"},\"thumbnailUrl\":\"https:\/\/www.southcoast.org\/wp-content\/uploads\/2025\/07\/GettyImages-1217384593-1.jpg\",\"datePublished\":\"2025-06-19T19:17:55+00:00\",\"dateModified\":\"2025-10-28T13:14:46+00:00\",\"description\":\"This program supports pregnant and parenting patients impacted by substances through individualized care coordination, peer recovery coaching, support groups and nursing support.\",\"breadcrumb\":{\"@id\":\"https:\/\/www.southcoast.org\/community\/new-beginnings\/#breadcrumb\"},\"inLanguage\":\"pt-PT\",\"potentialAction\":[{\"@type\":\"ReadAction\",\"target\":[\"https:\/\/www.southcoast.org\/community\/new-beginnings\/\"]}]},{\"@type\":\"ImageObject\",\"inLanguage\":\"pt-PT\",\"@id\":\"https:\/\/www.southcoast.org\/community\/new-beginnings\/#primaryimage\",\"url\":\"https:\/\/www.southcoast.org\/wp-content\/uploads\/2025\/07\/GettyImages-1217384593-1.jpg\",\"contentUrl\":\"https:\/\/www.southcoast.org\/wp-content\/uploads\/2025\/07\/GettyImages-1217384593-1.jpg\",\"width\":2120,\"height\":1414,\"caption\":\"A baby being examined by a medical professional with a stethoscope.\"},{\"@type\":\"BreadcrumbList\",\"@id\":\"https:\/\/www.southcoast.org\/community\/new-beginnings\/#breadcrumb\",\"itemListElement\":[{\"@type\":\"ListItem\",\"position\":1,\"name\":\"\",\"item\":\"https:\/\/www.southcoast.org\/\"},{\"@type\":\"ListItem\",\"position\":2,\"name\":\"Community\",\"item\":\"https:\/\/www.southcoast.org\/community\/\"},{\"@type\":\"ListItem\",\"position\":3,\"name\":\"New Beginnings\"}]},{\"@type\":\"WebSite\",\"@id\":\"https:\/\/www.southcoast.org\/#website\",\"url\":\"https:\/\/www.southcoast.org\/\",\"name\":\"Southcoast Health\",\"description\":\"More than medicine.\",\"potentialAction\":[{\"@type\":\"SearchAction\",\"target\":{\"@type\":\"EntryPoint\",\"urlTemplate\":\"https:\/\/www.southcoast.org\/?s={search_term_string}\"},\"query-input\":{\"@type\":\"PropertyValueSpecification\",\"valueRequired\":true,\"valueName\":\"search_term_string\"}}],\"inLanguage\":\"pt-PT\"}]}<\/script>\n<!-- \/ Yoast SEO plugin. -->","yoast_head_json":{"title":"New Beginnings - Southcoast Health","description":"This program supports pregnant and parenting patients impacted by substances through individualized care coordination, peer recovery coaching, support groups and nursing support.","robots":{"index":"index","follow":"follow","max-snippet":"max-snippet:-1","max-image-preview":"max-image-preview:large","max-video-preview":"max-video-preview:-1"},"canonical":"https:\/\/www.southcoast.org\/pt\/community\/new-beginnings\/","og_locale":"pt_PT","og_type":"article","og_title":"New Beginnings - Southcoast Health","og_description":"This program supports pregnant and parenting patients impacted by substances through individualized care coordination, peer recovery coaching, support groups and nursing support.","og_url":"https:\/\/www.southcoast.org\/pt\/community\/new-beginnings\/","og_site_name":"Southcoast Health","article_modified_time":"2025-10-28T13:14:46+00:00","og_image":[{"width":2120,"height":1414,"url":"https:\/\/www.southcoast.org\/wp-content\/uploads\/2025\/07\/GettyImages-1217384593-1.jpg","type":"image\/jpeg"}],"twitter_card":"summary_large_image","twitter_misc":{"Est. reading time":"1 minute"},"schema":{"@context":"https:\/\/schema.org","@graph":[{"@type":"WebPage","@id":"https:\/\/www.southcoast.org\/community\/new-beginnings\/","url":"https:\/\/www.southcoast.org\/community\/new-beginnings\/","name":"New Beginnings - Southcoast Health","isPartOf":{"@id":"https:\/\/www.southcoast.org\/#website"},"primaryImageOfPage":{"@id":"https:\/\/www.southcoast.org\/community\/new-beginnings\/#primaryimage"},"image":{"@id":"https:\/\/www.southcoast.org\/community\/new-beginnings\/#primaryimage"},"thumbnailUrl":"https:\/\/www.southcoast.org\/wp-content\/uploads\/2025\/07\/GettyImages-1217384593-1.jpg","datePublished":"2025-06-19T19:17:55+00:00","dateModified":"2025-10-28T13:14:46+00:00","description":"This program supports pregnant and parenting patients impacted by substances through individualized care coordination, peer recovery coaching, support groups and nursing support.","breadcrumb":{"@id":"https:\/\/www.southcoast.org\/community\/new-beginnings\/#breadcrumb"},"inLanguage":"pt-PT","potentialAction":[{"@type":"ReadAction","target":["https:\/\/www.southcoast.org\/community\/new-beginnings\/"]}]},{"@type":"ImageObject","inLanguage":"pt-PT","@id":"https:\/\/www.southcoast.org\/community\/new-beginnings\/#primaryimage","url":"https:\/\/www.southcoast.org\/wp-content\/uploads\/2025\/07\/GettyImages-1217384593-1.jpg","contentUrl":"https:\/\/www.southcoast.org\/wp-content\/uploads\/2025\/07\/GettyImages-1217384593-1.jpg","width":2120,"height":1414,"caption":"A baby being examined by a medical professional with a stethoscope."},{"@type":"BreadcrumbList","@id":"https:\/\/www.southcoast.org\/community\/new-beginnings\/#breadcrumb","itemListElement":[{"@type":"ListItem","position":1,"name":"","item":"https:\/\/www.southcoast.org\/"},{"@type":"ListItem","position":2,"name":"Community","item":"https:\/\/www.southcoast.org\/community\/"},{"@type":"ListItem","position":3,"name":"New Beginnings"}]},{"@type":"WebSite","@id":"https:\/\/www.southcoast.org\/#website","url":"https:\/\/www.southcoast.org\/","name":"Sa\u00fade no Sudeste","description":"Mais do que medicamentos.","potentialAction":[{"@type":"SearchAction","target":{"@type":"EntryPoint","urlTemplate":"https:\/\/www.southcoast.org\/?s={search_term_string}"},"query-input":{"@type":"PropertyValueSpecification","valueRequired":true,"valueName":"search_term_string"}}],"inLanguage":"pt-PT"}]}},"_links":{"self":[{"href":"https:\/\/www.southcoast.org\/pt\/wp-json\/wp\/v2\/pages\/15953","targetHints":{"allow":["GET"]}}],"collection":[{"href":"https:\/\/www.southcoast.org\/pt\/wp-json\/wp\/v2\/pages"}],"about":[{"href":"https:\/\/www.southcoast.org\/pt\/wp-json\/wp\/v2\/types\/page"}],"author":[{"embeddable":true,"href":"https:\/\/www.southcoast.org\/pt\/wp-json\/wp\/v2\/users\/7"}],"replies":[{"embeddable":true,"href":"https:\/\/www.southcoast.org\/pt\/wp-json\/wp\/v2\/comments?post=15953"}],"version-history":[{"count":27,"href":"https:\/\/www.southcoast.org\/pt\/wp-json\/wp\/v2\/pages\/15953\/revisions"}],"predecessor-version":[{"id":281541,"href":"https:\/\/www.southcoast.org\/pt\/wp-json\/wp\/v2\/pages\/15953\/revisions\/281541"}],"up":[{"embeddable":true,"href":"https:\/\/www.southcoast.org\/pt\/wp-json\/wp\/v2\/pages\/10737"}],"wp:featuredmedia":[{"embeddable":true,"href":"https:\/\/www.southcoast.org\/pt\/wp-json\/wp\/v2\/media\/17165"}],"wp:attachment":[{"href":"https:\/\/www.southcoast.org\/pt\/wp-json\/wp\/v2\/media?parent=15953"}],"curies":[{"name":"wp","href":"https:\/\/api.w.org\/{rel}","templated":true}]}}