{"id":15947,"date":"2025-06-19T19:15:51","date_gmt":"2025-06-19T19:15:51","guid":{"rendered":"https:\/\/test-southcoast-health-multi.southcoast-health.org\/?page_id=15947"},"modified":"2025-09-29T16:29:14","modified_gmt":"2025-09-29T16:29:14","slug":"funding","status":"publish","type":"page","link":"https:\/\/www.southcoast.org\/pt\/community\/funding\/","title":{"rendered":"Financiamento comunit\u00e1rio"},"content":{"rendered":"<div  class=\"blockSettings  paddingTopSM paddingBottomMD heroBasicFluid darkTheme\" style=\"background: linear-gradient(110deg, #0A4A3D 2.57%, rgba(5, 116, 99, 0.99) 59.47%, #009984 99.08%);\"><div class=\"container\">\n            <div class=\"grid\">\n            <div class=\"col-sm-12 col-bleed-y\">\n                <div class=\"Center\">\n                    <div class=\"breadcrumbsWrapper desktop-breadcrumbs\"><nav id=\"breadcrumbs\" aria-label=\"P\u00e3o ralado\"><ol><li><a href=\"https:\/\/www.southcoast.org\/pt\/\"><i class=\"fa-light fa-house\"><\/i><span class=\"visually-hidden\">In\u00edcio<\/span><\/a><\/li><\/ol><\/nav><\/div><div class=\"breadcrumbsWrapper mobile-breadcrumbs\"><p id=\"mobile-breadcrumbs\"><span><span><a href=\"https:\/\/www.southcoast.org\/pt\"><i class=\"far fa-home\"><\/i><\/a><\/span> <i class=\"fa-solid fa-chevron-right separator\"><\/i> <span><a href=\"https:\/\/www.southcoast.org\/pt\/community\/\">Comunidade<\/a><\/span><\/span><\/p><\/div>                <\/div>\n            <\/div>\n        <\/div>\n        <div class=\"grid align-center\">\n        <div class=\"col-sm-10\">\n            <div class=\"Center\">\n\n                    <div class=\"mainCopyWrap\">\n            <h1>Financiamento comunit\u00e1rio<\/h1>\n    <div class=\"paragraphWrap\"><p>A Southcoast est\u00e1 empenhada na sa\u00fade e no bem-estar das nossas comunidades e na promo\u00e7\u00e3o da equidade na sa\u00fade. Reconhecemos e apoiamos os nossos parceiros comunit\u00e1rios que s\u00e3o fundamentais para o nosso sucesso na concretiza\u00e7\u00e3o destes objectivos.<\/p><\/div>    <\/div>\n    \n                \n            <\/div>\n        <\/div>\n    <\/div>\n<\/div>\n    <div class=\"cornerArtWrapper cornerArt-small\">\n        <img decoding=\"async\" class=\"cornerArt\" src=\"https:\/\/www.southcoast.org\/wp-content\/themes\/southcoast_multisite\/images\/corner-art.svg\" alt=\"\">\n    <\/div>\n<\/div>\n\n\n\n\n<div  class=\"blockSettings  paddingTopMD paddingBottomMD cardTextFluid light\" style=\"background-color:#f6f7f7;\"><div class=\"container\">\n            <div class=\"grid\">\n            <div class=\"col-sm-12\">\n                <div class=\"introCenter\">\n                    <div class=\"maincopy intro\">\n                        <h2>Oportunidades de financiamento<\/h2>\n                                            <\/div>\n                                                                                                                                                                                                <\/div>\n            <\/div>\n        <\/div>\n    \n            <!--Manual Cards-->\n        <div class=\"grid smallGrid\">\n                                                    <div class=\"col-sm-6 col-md-6 col-grid\">\n                            <div class=\"cardBasic cardBasicText\">\n                                <div class=\"cardBasicBody\">\n                                    <div class=\"cardBasicBodyInner\">\n                                        <p class=\"preHeadline\"><\/p>\n                                        <p class=\"cardBasicBodyTitle\">Acesso \u00e0 tecnologia<\/p>\n                                        <div class=\"excerpt\">\n                                            <p>As candidaturas est\u00e3o encerradas nesta altura. Agradecemos a todos os que se candidataram ao financiamento do programa de mini-bolsas de acesso \u00e0 tecnologia.<\/p>\n                                        <\/div>\n                                    <\/div>\n                                <\/div>\n                            <\/div>\n                        <\/div>\n                                                            <div class=\"col-sm-6 col-md-6 col-grid\">\n                            <div class=\"cardBasic cardBasicText\">\n                                <div class=\"cardBasicBody\">\n                                    <div class=\"cardBasicBodyInner\">\n                                        <p class=\"preHeadline\"><\/p>\n                                        <p class=\"cardBasicBodyTitle\">Parceria estrat\u00e9gica<\/p>\n                                        <div class=\"excerpt\">\n                                            <p>As candidaturas est\u00e3o encerradas nesta altura. Agradecemos a todos os que se candidataram ao financiamento da parceria estrat\u00e9gica.<\/p>\n                                        <\/div>\n                                    <\/div>\n                                <\/div>\n                            <\/div>\n                        <\/div>\n                                                        <\/div>\n    <\/div>\n<\/div>\n\n\n<div  class=\"blockSettings  paddingTopMD paddingBottomMD media-object-block light\" style=\"\"><div class=\"container\">\n\t<div class=\"grid\">\n\t\t<div class=\"col-sm-12\">\n\t\t\t<div class=\"inner image-right list-style-disc inner-white-bg\" style=\"background-color: #fff;\">\n\t\t\t\t<div class=\"copy\">\n\t\t\t\t\t    <div class=\"mainCopyWrap\">\n            <h2>Comit\u00e9 de Investimento<\/h2>\n    <div class=\"paragraphWrap\"><p>O Comit\u00e9 de Investimento Comunit\u00e1rio de Southcoast re\u00fane-se trimestralmente para analisar, selecionar, aconselhar e avaliar as propostas que procuram obter financiamento para parcerias estrat\u00e9gicas. O Comit\u00e9 \u00e9 constitu\u00eddo por l\u00edderes da nossa organiza\u00e7\u00e3o com forma\u00e7\u00f5es diversas e com experi\u00eancia cl\u00ednica e de opera\u00e7\u00e3o de cuidados de sa\u00fade.<\/p>\n<p><strong>Participa\u00e7\u00e3o:<\/strong><\/p>\n<ul>\n<li>Patrocinadores executivos: <strong>Wade Broughman <\/strong>e\u00a0<strong>Steve Canessa<\/strong><\/li>\n<li>Pessoal: <strong>Ali LeBert<\/strong><\/li>\n<li>Membros: <strong>Lauren Melby Nieder<\/strong>, Diretor Executivo de Opera\u00e7\u00f5es e Business Intelligence, <strong>Christine Cernak<\/strong>, Diretor Executivo da Gest\u00e3o Integrada de Cuidados, <strong>Katelyn Ferreira<\/strong>, Gestor do Programa de Equidade na Sa\u00fade, <strong>Nelie Cabral<\/strong>, Diretor de Gest\u00e3o de Casos, <strong>Melanie Cluley<\/strong>Diretor de Cultura Organizacional e Envolvimento, <strong>Den DeMarinis<\/strong>Membro do CBAC e do PFAC, <strong>Mary Lou Francis<\/strong>Membro do PFAC<\/li>\n<\/ul>\n<\/div>    <\/div>\n        <div class=\"ctaWrap\">\n                    <a aria-label=\"liga\u00e7\u00e3o para nos contactar: (508) 973-5273\" class=\"mainCTA shadow light1\" href=\"tel:508-973-5273\" target=\"_blank\" title=\"Abrir Contactos: (508) 973-5273 num novo separador ou janela\" rel=\"noopener noreferrer\">Contacte-nos: (508) 973-5273<span class=\"fa-regular fa-up-right-from-square\"><\/span><\/a>            <\/div>\n    \t\t\t\t<\/div>\n\t\t\t\t\t\t\t\t<div class=\"images\">\n\t\t\t\t\t\t<img decoding=\"async\" class=\"single\" src=\"https:\/\/www.southcoast.org\/wp-content\/uploads\/2025\/07\/SC-default-location-image.jpg\" alt=\"Expansive hospital complex with Southcoast Health Charlton Memorial Hospital, green landscaping, and parking area.\">\n\t\t\t\t\t\t\t\t\t\t<\/div>\n\t\t\t\t\n\t\t\t<\/div>\n\t\t<\/div>\n\t<\/div>\n<\/div>\n<\/div>","protected":false},"excerpt":{"rendered":"","protected":false},"author":7,"featured_media":21834,"parent":10737,"menu_order":0,"comment_status":"closed","ping_status":"closed","template":"","meta":{"_acf_changed":false,"footnotes":""},"class_list":["post-15947","page","type-page","status-publish","has-post-thumbnail","hentry"],"acf":[],"yoast_head":"<!-- This site is optimized with the Yoast SEO plugin v26.0 - https:\/\/yoast.com\/wordpress\/plugins\/seo\/ -->\n<title>Community Funding - Southcoast Health<\/title>\n<meta name=\"robots\" content=\"index, follow, max-snippet:-1, max-image-preview:large, max-video-preview:-1\" \/>\n<link rel=\"canonical\" href=\"https:\/\/www.southcoast.org\/pt\/community\/funding\/\" \/>\n<meta property=\"og:locale\" content=\"pt_PT\" \/>\n<meta property=\"og:type\" content=\"article\" \/>\n<meta property=\"og:title\" content=\"Community Funding - Southcoast Health\" \/>\n<meta property=\"og:url\" content=\"https:\/\/www.southcoast.org\/pt\/community\/funding\/\" \/>\n<meta property=\"og:site_name\" content=\"Southcoast Health\" \/>\n<meta property=\"article:modified_time\" content=\"2025-09-29T16:29:14+00:00\" \/>\n<meta property=\"og:image\" content=\"https:\/\/www.southcoast.org\/wp-content\/uploads\/2025\/07\/Community-Funding-Graphic.png\" \/>\n\t<meta property=\"og:image:width\" content=\"1080\" \/>\n\t<meta property=\"og:image:height\" content=\"1080\" \/>\n\t<meta property=\"og:image:type\" content=\"image\/png\" \/>\n<meta name=\"twitter:card\" content=\"summary_large_image\" \/>\n<meta name=\"twitter:label1\" content=\"Est. reading time\" \/>\n\t<meta name=\"twitter:data1\" content=\"1 minute\" \/>\n<script type=\"application\/ld+json\" class=\"yoast-schema-graph\">{\"@context\":\"https:\/\/schema.org\",\"@graph\":[{\"@type\":\"WebPage\",\"@id\":\"https:\/\/www.southcoast.org\/community\/funding\/\",\"url\":\"https:\/\/www.southcoast.org\/community\/funding\/\",\"name\":\"Community Funding - Southcoast Health\",\"isPartOf\":{\"@id\":\"https:\/\/www.southcoast.org\/#website\"},\"primaryImageOfPage\":{\"@id\":\"https:\/\/www.southcoast.org\/community\/funding\/#primaryimage\"},\"image\":{\"@id\":\"https:\/\/www.southcoast.org\/community\/funding\/#primaryimage\"},\"thumbnailUrl\":\"https:\/\/www.southcoast.org\/wp-content\/uploads\/2025\/07\/Community-Funding-Graphic.png\",\"datePublished\":\"2025-06-19T19:15:51+00:00\",\"dateModified\":\"2025-09-29T16:29:14+00:00\",\"breadcrumb\":{\"@id\":\"https:\/\/www.southcoast.org\/community\/funding\/#breadcrumb\"},\"inLanguage\":\"pt-PT\",\"potentialAction\":[{\"@type\":\"ReadAction\",\"target\":[\"https:\/\/www.southcoast.org\/community\/funding\/\"]}]},{\"@type\":\"ImageObject\",\"inLanguage\":\"pt-PT\",\"@id\":\"https:\/\/www.southcoast.org\/community\/funding\/#primaryimage\",\"url\":\"https:\/\/www.southcoast.org\/wp-content\/uploads\/2025\/07\/Community-Funding-Graphic.png\",\"contentUrl\":\"https:\/\/www.southcoast.org\/wp-content\/uploads\/2025\/07\/Community-Funding-Graphic.png\",\"width\":1080,\"height\":1080,\"caption\":\"Graphic depicting community funding initiatives, including people working on computers, donating, and a large jar filled with hearts.\"},{\"@type\":\"BreadcrumbList\",\"@id\":\"https:\/\/www.southcoast.org\/community\/funding\/#breadcrumb\",\"itemListElement\":[{\"@type\":\"ListItem\",\"position\":1,\"name\":\"\",\"item\":\"https:\/\/www.southcoast.org\/\"},{\"@type\":\"ListItem\",\"position\":2,\"name\":\"Community\",\"item\":\"https:\/\/www.southcoast.org\/community\/\"},{\"@type\":\"ListItem\",\"position\":3,\"name\":\"Community Funding\"}]},{\"@type\":\"WebSite\",\"@id\":\"https:\/\/www.southcoast.org\/#website\",\"url\":\"https:\/\/www.southcoast.org\/\",\"name\":\"Southcoast Health\",\"description\":\"More than medicine.\",\"potentialAction\":[{\"@type\":\"SearchAction\",\"target\":{\"@type\":\"EntryPoint\",\"urlTemplate\":\"https:\/\/www.southcoast.org\/?s={search_term_string}\"},\"query-input\":{\"@type\":\"PropertyValueSpecification\",\"valueRequired\":true,\"valueName\":\"search_term_string\"}}],\"inLanguage\":\"pt-PT\"}]}<\/script>\n<!-- \/ Yoast SEO plugin. -->","yoast_head_json":{"title":"Financiamento comunit\u00e1rio - Southcoast Health","robots":{"index":"index","follow":"follow","max-snippet":"max-snippet:-1","max-image-preview":"max-image-preview:large","max-video-preview":"max-video-preview:-1"},"canonical":"https:\/\/www.southcoast.org\/pt\/community\/funding\/","og_locale":"pt_PT","og_type":"article","og_title":"Community Funding - Southcoast Health","og_url":"https:\/\/www.southcoast.org\/pt\/community\/funding\/","og_site_name":"Southcoast Health","article_modified_time":"2025-09-29T16:29:14+00:00","og_image":[{"width":1080,"height":1080,"url":"https:\/\/www.southcoast.org\/wp-content\/uploads\/2025\/07\/Community-Funding-Graphic.png","type":"image\/png"}],"twitter_card":"summary_large_image","twitter_misc":{"Est. reading time":"1 minute"},"schema":{"@context":"https:\/\/schema.org","@graph":[{"@type":"WebPage","@id":"https:\/\/www.southcoast.org\/community\/funding\/","url":"https:\/\/www.southcoast.org\/community\/funding\/","name":"Financiamento comunit\u00e1rio - Southcoast Health","isPartOf":{"@id":"https:\/\/www.southcoast.org\/#website"},"primaryImageOfPage":{"@id":"https:\/\/www.southcoast.org\/community\/funding\/#primaryimage"},"image":{"@id":"https:\/\/www.southcoast.org\/community\/funding\/#primaryimage"},"thumbnailUrl":"https:\/\/www.southcoast.org\/wp-content\/uploads\/2025\/07\/Community-Funding-Graphic.png","datePublished":"2025-06-19T19:15:51+00:00","dateModified":"2025-09-29T16:29:14+00:00","breadcrumb":{"@id":"https:\/\/www.southcoast.org\/community\/funding\/#breadcrumb"},"inLanguage":"pt-PT","potentialAction":[{"@type":"ReadAction","target":["https:\/\/www.southcoast.org\/community\/funding\/"]}]},{"@type":"ImageObject","inLanguage":"pt-PT","@id":"https:\/\/www.southcoast.org\/community\/funding\/#primaryimage","url":"https:\/\/www.southcoast.org\/wp-content\/uploads\/2025\/07\/Community-Funding-Graphic.png","contentUrl":"https:\/\/www.southcoast.org\/wp-content\/uploads\/2025\/07\/Community-Funding-Graphic.png","width":1080,"height":1080,"caption":"Graphic depicting community funding initiatives, including people working on computers, donating, and a large jar filled with hearts."},{"@type":"BreadcrumbList","@id":"https:\/\/www.southcoast.org\/community\/funding\/#breadcrumb","itemListElement":[{"@type":"ListItem","position":1,"name":"","item":"https:\/\/www.southcoast.org\/"},{"@type":"ListItem","position":2,"name":"Community","item":"https:\/\/www.southcoast.org\/community\/"},{"@type":"ListItem","position":3,"name":"Community Funding"}]},{"@type":"WebSite","@id":"https:\/\/www.southcoast.org\/#website","url":"https:\/\/www.southcoast.org\/","name":"Sa\u00fade no Sudeste","description":"Mais do que medicamentos.","potentialAction":[{"@type":"SearchAction","target":{"@type":"EntryPoint","urlTemplate":"https:\/\/www.southcoast.org\/?s={search_term_string}"},"query-input":{"@type":"PropertyValueSpecification","valueRequired":true,"valueName":"search_term_string"}}],"inLanguage":"pt-PT"}]}},"_links":{"self":[{"href":"https:\/\/www.southcoast.org\/pt\/wp-json\/wp\/v2\/pages\/15947","targetHints":{"allow":["GET"]}}],"collection":[{"href":"https:\/\/www.southcoast.org\/pt\/wp-json\/wp\/v2\/pages"}],"about":[{"href":"https:\/\/www.southcoast.org\/pt\/wp-json\/wp\/v2\/types\/page"}],"author":[{"embeddable":true,"href":"https:\/\/www.southcoast.org\/pt\/wp-json\/wp\/v2\/users\/7"}],"replies":[{"embeddable":true,"href":"https:\/\/www.southcoast.org\/pt\/wp-json\/wp\/v2\/comments?post=15947"}],"version-history":[{"count":9,"href":"https:\/\/www.southcoast.org\/pt\/wp-json\/wp\/v2\/pages\/15947\/revisions"}],"predecessor-version":[{"id":276822,"href":"https:\/\/www.southcoast.org\/pt\/wp-json\/wp\/v2\/pages\/15947\/revisions\/276822"}],"up":[{"embeddable":true,"href":"https:\/\/www.southcoast.org\/pt\/wp-json\/wp\/v2\/pages\/10737"}],"wp:featuredmedia":[{"embeddable":true,"href":"https:\/\/www.southcoast.org\/pt\/wp-json\/wp\/v2\/media\/21834"}],"wp:attachment":[{"href":"https:\/\/www.southcoast.org\/pt\/wp-json\/wp\/v2\/media?parent=15947"}],"curies":[{"name":"wp","href":"https:\/\/api.w.org\/{rel}","templated":true}]}}