{"id":15943,"date":"2025-06-19T19:13:21","date_gmt":"2025-06-19T19:13:21","guid":{"rendered":"https:\/\/test-southcoast-health-multi.southcoast-health.org\/?page_id=15943"},"modified":"2025-08-06T18:07:56","modified_gmt":"2025-08-06T18:07:56","slug":"career-eras-tour","status":"publish","type":"page","link":"https:\/\/www.southcoast.org\/pt\/career-eras-tour\/","title":{"rendered":"A digress\u00e3o das Eras da Carreira"},"content":{"rendered":"<div  class=\"blockSettings  paddingTopSM paddingBottomMD heroBasicFluid darkTheme\" style=\"background-image:url(https:\/\/www.southcoast.org\/wp-content\/uploads\/2025\/06\/career_eras_tour_hero.webp);background-size:cover;background-position:center center;\"><div class=\"overlay\"><\/div><div class=\"container\">\n            <div class=\"grid\">\n            <div class=\"col-sm-12 col-bleed-y\">\n                <div class=\"Center\">\n                    <div class=\"breadcrumbsWrapper desktop-breadcrumbs\"><nav id=\"breadcrumbs\" aria-label=\"P\u00e3o ralado\"><ol><li><a href=\"https:\/\/www.southcoast.org\/pt\/\"><i class=\"fa-light fa-house\"><\/i><span class=\"visually-hidden\">In\u00edcio<\/span><\/a><\/li><\/ol><\/nav><\/div><div class=\"breadcrumbsWrapper mobile-breadcrumbs\"><p id=\"mobile-breadcrumbs\" class=\"mobile-back-nav\"><span><span><a href=\"#\" onclick=\"return handleBackNavigation();\"><i class=\"fa-solid fa-chevron-left back-arrow\"><\/i> Voltar<\/a><\/span><\/span><\/p>\t\t<script>\n\t\t\tfunction handleBackNavigation() {\n\t\t\t\tif (window.history.length > 1) {\n\t\t\t\t\twindow.history.back();\n\t\t\t\t} else {\n\t\t\t\t\twindow.location.href = 'https:\/\/www.southcoast.org\/pt';\n\t\t\t\t}\n\t\t\t\treturn false;\n\t\t\t}\n\t\t<\/script>\n<\/div>                <\/div>\n            <\/div>\n        <\/div>\n        <div class=\"grid align-center\">\n        <div class=\"col-sm-10\">\n            <div class=\"Center\">\n\n                    <div class=\"mainCopyWrap\">\n            <h1>A digress\u00e3o das Eras da Carreira<\/h1>\n        <\/div>\n    \n                \n            <\/div>\n        <\/div>\n    <\/div>\n<\/div>\n    <div class=\"cornerArtWrapper cornerArt-small\">\n        <img decoding=\"async\" class=\"cornerArt\" src=\"https:\/\/www.southcoast.org\/wp-content\/themes\/southcoast_multisite\/images\/corner-art.svg\" alt=\"\">\n    <\/div>\n<\/div>\n\n\n\n\n<div  class=\"blockSettings  paddingTopMD paddingBottomMD cardImageFluid light\" style=\"\"><div class=\"container\" role=\"region\"  aria-label=\"Celebrar o percurso profissional dos nossos colegas\">\n\t<div class=\"grid\">\n\t\t<div class=\"col-sm-12\">\n\t\t\t    <div class=\"introWithCta centerAlign\">\n            <div class=\"mainCopyWrap\">\n            <h2>Celebrar o percurso profissional dos nossos colegas<\/h2>\n    <div class=\"paragraphWrap\"><p>Muitos colegas da Southcoast Health passaram por diferentes \"eras\" em suas carreiras - crescendo, evoluindo e assumindo novas fun\u00e7\u00f5es. Inspirados por uma certa digress\u00e3o global, estamos a lan\u00e7ar o Southcoast Health Eras Tour para destacar os funcion\u00e1rios que prosperaram e contribu\u00edram de forma significativa. Fique atento \u00e0 medida que celebramos as suas viagens!<\/p>\n<\/div>    <\/div>\n        <\/div>\n    \t\t<\/div>\n\t<\/div>\n\t<div class=\"blockSeparator\"><\/div>\n\t<div class=\"cardImageContentWrap\">\n\t\t\t\t\t\t\t<!--Manual Cards-->\n\t\t\t<div class=\"grid smallGrid\" >\n\t\t\t\t\t\t\t\t\t\t\t<div class=\"col-sm-6 col-md-6 col-grid\" role=\"group\"  aria-label=\"Cheryl Sylvia: Uma carreira gratificante alimentada por uma sede de conhecimento\">\n\t\t\t\t\t\t\t\t<div class=\"cardBasic noBorder left Vertical\">\n\t\t\t\t\t\t\t\t\t<div class=\"cardImage\" style=\"background-image:url('https:\/\/www.southcoast.org\/wp-content\/uploads\/2025\/06\/career_eras_tour_journey_cheryl.webp'); \"><\/div>\n\t\t\t\t\t\t\t\t\t<div class=\"cardBasicBody\">\n\t\t\t\t\t\t\t\t\t\t\t\t\t\t\t\t\t\t\t\t<p class=\"cardBasicBodyTitle\">Cheryl Sylvia: Uma carreira gratificante alimentada por uma sede de conhecimento<\/p>\n\t\t\t\t\t\t\t\t\t\t\t\t\t\t\t\t\t\t\t\t\t<div class=\"excerpt\">\n\t\t\t\t\t\t\t\t\t\t\t\t<p>Conhe\u00e7a Cheryl Sylvia. Dada a sua carreira de 30 anos na Southcoast Health, \u00e9 dif\u00edcil acreditar que o seu percurso profissional n\u00e3o come\u00e7ou nos cuidados de sa\u00fade. De facto, Cheryl come\u00e7ou por trabalhar no sector dos seguros. S\u00f3 depois de uma estadia no hospital \u00e9 que se sentiu inspirada a come\u00e7ar a sua pr\u00f3xima era - como flebotomista no St. Luke's Hospital. Luke's Hospital. Aproveitando o programa ETP que a Southcoast Health oferecia, Cheryl voltou \u00e0 escola para se tornar uma Enfermeira Registada - levando a sua carreira a novos patamares.<\/p>\n\t\t\t\t\t\t\t\t\t\t\t<\/div>\n\t\t\t\t\t\t\t\t\t\t\t\t\t\t\t\t\t\t\t\t<a aria-label=\"liga\u00e7\u00e3o para a Viagem \u00e0 descoberta de Cheryl\" href=\"https:\/\/www.southcoast.org\/pt\/news\/a-thirst-for-knowledge\/\" title=\"liga\u00e7\u00e3o para a Viagem \u00e0 descoberta de Cheryl\" target=\"_self\" class=\"readMore\"><span class=\"fa-regular fa-arrow-up-right readMoreIcon\"><\/span> Descobrir a viagem de Cheryl <\/a>\n\t\t\t\t\t\t\t\t\t<\/div>\n\t\t\t\t\t\t\t\t<\/div>\n\t\t\t\t\t\t\t<\/div>\n\t\t\t\t\t\t\t\t\t\t\t\t\t\t\t\t\t<div class=\"col-sm-6 col-md-6 col-grid\" role=\"group\"  aria-label=\"Mary Ann Rogers: 55 anos, in\u00fameras eras, um legado incr\u00edvel\">\n\t\t\t\t\t\t\t\t<div class=\"cardBasic noBorder left Vertical\">\n\t\t\t\t\t\t\t\t\t<div class=\"cardImage\" style=\"background-image:url('https:\/\/www.southcoast.org\/wp-content\/uploads\/2025\/06\/career_eras_tour_journey_mary.webp'); \"><\/div>\n\t\t\t\t\t\t\t\t\t<div class=\"cardBasicBody\">\n\t\t\t\t\t\t\t\t\t\t\t\t\t\t\t\t\t\t\t\t<p class=\"cardBasicBodyTitle\">Mary Ann Rogers: 55 anos, in\u00fameras eras, um legado incr\u00edvel<\/p>\n\t\t\t\t\t\t\t\t\t\t\t\t\t\t\t\t\t\t\t\t\t<div class=\"excerpt\">\n\t\t\t\t\t\t\t\t\t\t\t\t<p>Conhe\u00e7a Mary Ann Rogers. Com uma carreira de mais de 55 anos, n\u00e3o \u00e9 de surpreender que ela tenha tido v\u00e1rias \u00e9pocas diferentes enquanto trabalhou na Southcoast Health. Come\u00e7ando nos servi\u00e7os diet\u00e9ticos quando era adolescente, Mary Ann assumiu uma variedade de fun\u00e7\u00f5es antes de se reformar na Gest\u00e3o de Projectos de TI em 2018. Mas sua jornada n\u00e3o terminou a\u00ed. Mary Ann come\u00e7ou uma nova era de carreira na Southcoast Health na aposentadoria como Representante de Acesso ao Paciente.<\/p>\n\t\t\t\t\t\t\t\t\t\t\t<\/div>\n\t\t\t\t\t\t\t\t\t\t\t\t\t\t\t\t\t\t\t\t<a aria-label=\"liga\u00e7\u00e3o para Descobrir a Viagem de Mary Rogers\" href=\"https:\/\/www.southcoast.org\/pt\/news\/mary-ann-rogers\/\" title=\"liga\u00e7\u00e3o para Descobrir a Viagem de Mary Rogers\" target=\"_self\" class=\"readMore\"><span class=\"fa-regular fa-arrow-up-right readMoreIcon\"><\/span> Descobrir a viagem de Mary Rogers <\/a>\n\t\t\t\t\t\t\t\t\t<\/div>\n\t\t\t\t\t\t\t\t<\/div>\n\t\t\t\t\t\t\t<\/div>\n\t\t\t\t\t\t\t\t\t\t\t\t\t<\/div>\n\t\t\t<\/div>\n\t<\/div>\n\n<\/div>\n\n\n<div id=\"\" class=\"bannerFluidTwo paddingTopNone paddingBottomMD\">\n            <div class=\"container\">\n        \n        <div class=\"grid\">\n            <div class=\"col-sm-12 col-bleed\">\n                <div class=\"banner-content-wrap  darkTheme\" style=\"background-image:url(https:\/\/www.southcoast.org\/wp-content\/uploads\/2025\/06\/career_eras_tour_hero.webp);background-size:cover;background-position:center center; border-radius: 12px;\">\n                    \n                                            <div class=\"overlay\" style=\"border-radius: 12px;\"><\/div>\n                    \n                    <div class=\"banner-content container\">\n                            <div class=\"mainCopyWrap\">\n            <h2>Pronto para come\u00e7ar a sua pr\u00f3xima era connosco?<\/h2>\n    <div class=\"paragraphWrap\"><p>Explore as vagas em aberto e veja onde uma carreira na Southcoast Health o pode levar.<\/p><\/div>    <\/div>\n                                <div class=\"ctaWrap\">\n                    <a aria-label=\"link para ver as vagas em aberto\" class=\"mainCTA shadow dark1\" href=\"https:\/\/www.southcoast.org\/pt\/careers\/\" title=\"Aberto Ver posi\u00e7\u00f5es abertas\" >Ver posi\u00e7\u00f5es em aberto<\/a>            <\/div>\n    \n                    <\/div>\n                <\/div>\n            <\/div>\n        <\/div>\n\n                <\/div>\n    <\/div>","protected":false},"excerpt":{"rendered":"","protected":false},"author":7,"featured_media":0,"parent":0,"menu_order":0,"comment_status":"closed","ping_status":"closed","template":"","meta":{"_acf_changed":false,"footnotes":""},"class_list":["post-15943","page","type-page","status-publish","hentry"],"acf":[],"yoast_head":"<!-- This site is optimized with the Yoast SEO plugin v26.0 - https:\/\/yoast.com\/wordpress\/plugins\/seo\/ -->\n<title>The Career Eras Tour - Southcoast Health<\/title>\n<meta name=\"robots\" content=\"index, follow, max-snippet:-1, max-image-preview:large, max-video-preview:-1\" \/>\n<link rel=\"canonical\" href=\"https:\/\/test-southcoast-health-multi.southcoast-health.org\/career-eras-tour\/\" \/>\n<meta property=\"og:locale\" content=\"pt_PT\" \/>\n<meta property=\"og:type\" content=\"article\" \/>\n<meta property=\"og:title\" content=\"The Career Eras Tour - Southcoast Health\" \/>\n<meta property=\"og:url\" content=\"https:\/\/test-southcoast-health-multi.southcoast-health.org\/career-eras-tour\/\" \/>\n<meta property=\"og:site_name\" content=\"Southcoast Health\" \/>\n<meta property=\"article:modified_time\" content=\"2025-08-06T18:07:56+00:00\" \/>\n<meta name=\"twitter:card\" content=\"summary_large_image\" \/>\n<script type=\"application\/ld+json\" class=\"yoast-schema-graph\">{\"@context\":\"https:\/\/schema.org\",\"@graph\":[{\"@type\":\"WebPage\",\"@id\":\"https:\/\/test-southcoast-health-multi.southcoast-health.org\/career-eras-tour\/\",\"url\":\"https:\/\/test-southcoast-health-multi.southcoast-health.org\/career-eras-tour\/\",\"name\":\"The Career Eras Tour - Southcoast Health\",\"isPartOf\":{\"@id\":\"https:\/\/www.southcoast.org\/#website\"},\"datePublished\":\"2025-06-19T19:13:21+00:00\",\"dateModified\":\"2025-08-06T18:07:56+00:00\",\"breadcrumb\":{\"@id\":\"https:\/\/test-southcoast-health-multi.southcoast-health.org\/career-eras-tour\/#breadcrumb\"},\"inLanguage\":\"pt-PT\",\"potentialAction\":[{\"@type\":\"ReadAction\",\"target\":[\"https:\/\/test-southcoast-health-multi.southcoast-health.org\/career-eras-tour\/\"]}]},{\"@type\":\"BreadcrumbList\",\"@id\":\"https:\/\/test-southcoast-health-multi.southcoast-health.org\/career-eras-tour\/#breadcrumb\",\"itemListElement\":[{\"@type\":\"ListItem\",\"position\":1,\"name\":\"\",\"item\":\"https:\/\/www.southcoast.org\/\"},{\"@type\":\"ListItem\",\"position\":2,\"name\":\"The Career Eras Tour\"}]},{\"@type\":\"WebSite\",\"@id\":\"https:\/\/www.southcoast.org\/#website\",\"url\":\"https:\/\/www.southcoast.org\/\",\"name\":\"Southcoast Health\",\"description\":\"More than medicine.\",\"potentialAction\":[{\"@type\":\"SearchAction\",\"target\":{\"@type\":\"EntryPoint\",\"urlTemplate\":\"https:\/\/www.southcoast.org\/?s={search_term_string}\"},\"query-input\":{\"@type\":\"PropertyValueSpecification\",\"valueRequired\":true,\"valueName\":\"search_term_string\"}}],\"inLanguage\":\"pt-PT\"}]}<\/script>\n<!-- \/ Yoast SEO plugin. -->","yoast_head_json":{"title":"Tour das Eras da Carreira - Southcoast Health","robots":{"index":"index","follow":"follow","max-snippet":"max-snippet:-1","max-image-preview":"max-image-preview:large","max-video-preview":"max-video-preview:-1"},"canonical":"https:\/\/test-southcoast-health-multi.southcoast-health.org\/career-eras-tour\/","og_locale":"pt_PT","og_type":"article","og_title":"The Career Eras Tour - Southcoast Health","og_url":"https:\/\/test-southcoast-health-multi.southcoast-health.org\/career-eras-tour\/","og_site_name":"Southcoast Health","article_modified_time":"2025-08-06T18:07:56+00:00","twitter_card":"summary_large_image","schema":{"@context":"https:\/\/schema.org","@graph":[{"@type":"WebPage","@id":"https:\/\/test-southcoast-health-multi.southcoast-health.org\/career-eras-tour\/","url":"https:\/\/test-southcoast-health-multi.southcoast-health.org\/career-eras-tour\/","name":"Tour das Eras da Carreira - Southcoast Health","isPartOf":{"@id":"https:\/\/www.southcoast.org\/#website"},"datePublished":"2025-06-19T19:13:21+00:00","dateModified":"2025-08-06T18:07:56+00:00","breadcrumb":{"@id":"https:\/\/test-southcoast-health-multi.southcoast-health.org\/career-eras-tour\/#breadcrumb"},"inLanguage":"pt-PT","potentialAction":[{"@type":"ReadAction","target":["https:\/\/test-southcoast-health-multi.southcoast-health.org\/career-eras-tour\/"]}]},{"@type":"BreadcrumbList","@id":"https:\/\/test-southcoast-health-multi.southcoast-health.org\/career-eras-tour\/#breadcrumb","itemListElement":[{"@type":"ListItem","position":1,"name":"","item":"https:\/\/www.southcoast.org\/"},{"@type":"ListItem","position":2,"name":"The Career Eras Tour"}]},{"@type":"WebSite","@id":"https:\/\/www.southcoast.org\/#website","url":"https:\/\/www.southcoast.org\/","name":"Sa\u00fade no Sudeste","description":"Mais do que medicamentos.","potentialAction":[{"@type":"SearchAction","target":{"@type":"EntryPoint","urlTemplate":"https:\/\/www.southcoast.org\/?s={search_term_string}"},"query-input":{"@type":"PropertyValueSpecification","valueRequired":true,"valueName":"search_term_string"}}],"inLanguage":"pt-PT"}]}},"_links":{"self":[{"href":"https:\/\/www.southcoast.org\/pt\/wp-json\/wp\/v2\/pages\/15943","targetHints":{"allow":["GET"]}}],"collection":[{"href":"https:\/\/www.southcoast.org\/pt\/wp-json\/wp\/v2\/pages"}],"about":[{"href":"https:\/\/www.southcoast.org\/pt\/wp-json\/wp\/v2\/types\/page"}],"author":[{"embeddable":true,"href":"https:\/\/www.southcoast.org\/pt\/wp-json\/wp\/v2\/users\/7"}],"replies":[{"embeddable":true,"href":"https:\/\/www.southcoast.org\/pt\/wp-json\/wp\/v2\/comments?post=15943"}],"version-history":[{"count":4,"href":"https:\/\/www.southcoast.org\/pt\/wp-json\/wp\/v2\/pages\/15943\/revisions"}],"predecessor-version":[{"id":22366,"href":"https:\/\/www.southcoast.org\/pt\/wp-json\/wp\/v2\/pages\/15943\/revisions\/22366"}],"wp:attachment":[{"href":"https:\/\/www.southcoast.org\/pt\/wp-json\/wp\/v2\/media?parent=15943"}],"curies":[{"name":"wp","href":"https:\/\/api.w.org\/{rel}","templated":true}]}}