{"id":15939,"date":"2025-06-19T19:12:35","date_gmt":"2025-06-19T19:12:35","guid":{"rendered":"https:\/\/test-southcoast-health-multi.southcoast-health.org\/?page_id=15939"},"modified":"2025-12-23T09:48:13","modified_gmt":"2025-12-23T14:48:13","slug":"know-where-to-go","status":"publish","type":"page","link":"https:\/\/www.southcoast.org\/pt\/know-where-to-go\/","title":{"rendered":"Saber para onde ir"},"content":{"rendered":"<div class=\"hero-secondary-block\">\n    <div class=\"background\" style=\"background-color: #f6f7f7\"><\/div>\n    <div class=\"container\">\n        <div class=\"grid\">\n            <div class=\"col-bleed-y\">\n                <div class=\"grid intro-text\">\n                    <img decoding=\"async\" class=\"corner-art\" src=\"https:\/\/www.southcoast.org\/wp-content\/themes\/southcoast_multisite\/images\/herobasic-corner-art.png\" alt=\"corner art\">\n                    <div class=\"col-md-9\">\n                                                    <div class=\"breadcrumbsWrapper desktop-breadcrumbs\"><nav id=\"breadcrumbs\" aria-label=\"P\u00e3o ralado\"><ol><li><a href=\"https:\/\/www.southcoast.org\/pt\/\"><i class=\"fa-light fa-house\"><\/i><span class=\"visually-hidden\">In\u00edcio<\/span><\/a><\/li><\/ol><\/nav><\/div><div class=\"breadcrumbsWrapper mobile-breadcrumbs\"><p id=\"mobile-breadcrumbs\" class=\"mobile-back-nav\"><span><span><a href=\"#\" onclick=\"return handleBackNavigation();\"><i class=\"fa-solid fa-chevron-left back-arrow\"><\/i> Voltar<\/a><\/span><\/span><\/p>\t\t<script>\n\t\t\tfunction handleBackNavigation() {\n\t\t\t\tif (window.history.length > 1) {\n\t\t\t\t\twindow.history.back();\n\t\t\t\t} else {\n\t\t\t\t\twindow.location.href = 'https:\/\/www.southcoast.org\/pt';\n\t\t\t\t}\n\t\t\t\treturn false;\n\t\t\t}\n\t\t<\/script>\n<\/div>                                                                                                    <h1>Saber para onde ir<\/h1>\n                                                                            <div class=\"copy\">\n                                <p>Saber qual o local adequado para receber os seus cuidados m\u00e9dicos ajuda a simplificar o fluxo de pacientes e aumenta a efici\u00eancia, assegurando cuidados atempados e opera\u00e7\u00f5es sem problemas em todos os nossos locais.<\/p>\n                            <\/div>\n                                            <\/div>\n                    \n                <\/div>\n                <div class=\"image\">\n                                            <img decoding=\"async\" class=\"hero-img\" src=\"https:\/\/www.southcoast.org\/wp-content\/uploads\/2025\/12\/know_where_to_go_hero.png\" alt=\"Know Where to Go\">\n                                    <\/div>\n                            <\/div>\n        <\/div>\n    <\/div>\n<\/div>\n\n\n<div  class=\"blockSettings  paddingTopSM paddingBottomNone calloutbannerminiFluid layout-contained light\" style=\"background-color:#fff;\"><div class=\"container\">\n    <div class=\"grid\">\n        <div class=\"col-sm-12 col-bleed-y\">\n            <div class=\"banner-content  ctas-1\">\n                                    <div class=\"copy\">\n                        <p>Guia r\u00e1pido: Cuidados prim\u00e1rios, urgentes e de emerg\u00eancia<\/p>\n                    <\/div>\n                                    <div class=\"ctaWrap\">\n                    <a aria-label=\"liga\u00e7\u00e3o para ver o PDF &quot;Saber para onde ir\" class=\"mainCTA shadow dark1\" href=\"https:\/\/www.southcoast.org\/wp-content\/uploads\/2025\/06\/Know-Where-to-Go.pdf\" target=\"_blank\" title=\"Abre o PDF &quot;Saber para onde ir&quot; num novo separador ou janela\" rel=\"noopener noreferrer\">Ver o PDF \"Saber para onde ir<span class=\"fa-regular fa-download\"><\/span><\/a>            <\/div>\n                <\/div>\n        <\/div>\n    <\/div>\n<\/div>\n<\/div>\n\n\n<div  class=\"blockSettings  paddingTopMD paddingBottomMD tableblockFluid light\" style=\"\"><div class=\"container\">\n\n    \n    \n<div class=\"tableblock\">\n  <div class=\"tableblock__inner\">\n                  <div class=\"tableblock__item table-with-intro\">\n                      <div class=\"grid\">\n              <div class=\"col-sm-12\">\n                  <div class=\"introCenter\">\n                                            <div class=\"mainCopyWrap\">\n                          <h2>Saber para onde ir<\/h2>\n                                                      <div class=\"paragraphWrap\">\n                            <p>O Southcoast Health Urgent Care est\u00e1 empenhado em servir cada paciente com cuidados compassivos e avan\u00e7ados.<\/p>\n                            <\/div>\n                                                <\/div>\n                                                                                                        <a aria-label=\"liga\u00e7\u00e3o para saber para onde ir (PDF)\" class=\"mainCTA shadow light1 ctaCenter\" href=\"https:\/\/www.southcoast.org\/wp-content\/uploads\/2025\/06\/Know-Where-to-Go.pdf\" target=\"_blank\" title=\"Abre Saber para onde ir (PDF) num novo separador ou janela\" rel=\"noopener noreferrer\">Saber para onde ir (PDF)<span class=\"fa-regular fa-download\"><\/span><\/a>                                                                                                                                                                                                <\/div>\n              <\/div>\n            <\/div>\n                    \n          <div class=\"grid justify-center\">\n            <div class=\"col-sm-12 col-md-10\">\n              <div class=\"tableblock__table grid\"><div class=\"tablePressWrap col-sm-12 col-md-12\">\n<table id=\"tablepress-4\" class=\"tablepress tablepress-id-4\">\n<thead>\n<tr class=\"row-1\">\n\t<th class=\"column-1\">Op\u00e7\u00e3o de cuidados<\/th><th class=\"column-2\">Quando escolher<\/th><th class=\"column-3\">Exemplos de condi\u00e7\u00f5es<\/th><th class=\"column-4\">Disponibilidade<\/th><th class=\"column-5\">Saiba mais<\/th>\n<\/tr>\n<\/thead>\n<tbody class=\"row-striping row-hover\">\n<tr class=\"row-2\">\n\t<td class=\"column-1\">Sala de emerg\u00eancia<\/td><td class=\"column-2\">Para emerg\u00eancias m\u00e9dicas graves ou com risco de vida que exijam aten\u00e7\u00e3o imediata<\/td><td class=\"column-3\">Dor no peito, queimaduras graves, ossos partidos, dificuldade em respirar, sintomas de AVC ou ferimentos graves<\/td><td class=\"column-4\">Aberto 24 horas por dia, 7 dias por semana nos Hospitais Southcoast<\/td><td class=\"column-5\"><a href=\"https:\/\/www.southcoast.org\/pt\/emergency-services\/\">Informa\u00e7\u00f5es sobre o servi\u00e7o de urg\u00eancia<\/a><\/td>\n<\/tr>\n<tr class=\"row-3\">\n\t<td class=\"column-1\">Cuidados urgentes<\/td><td class=\"column-2\">Para problemas que n\u00e3o p\u00f5em a vida em risco e que requerem aten\u00e7\u00e3o imediata mas n\u00e3o s\u00e3o emerg\u00eancias<\/td><td class=\"column-3\">Pequenos cortes, entorses, infec\u00e7\u00f5es ligeiras, febre ou sintomas de gripe.<\/td><td class=\"column-4\">Aberto diariamente, incluindo \u00e0 noite e aos fins-de-semana.<\/td><td class=\"column-5\"><a href=\"https:\/\/www.southcoast.org\/pt\/urgent-care\/\">Informa\u00e7\u00f5es sobre cuidados urgentes<\/a><\/td>\n<\/tr>\n<tr class=\"row-4\">\n\t<td class=\"column-1\">Cuidados prim\u00e1rios<\/td><td class=\"column-2\">Para exames de sa\u00fade de rotina, gest\u00e3o cont\u00ednua de doen\u00e7as cr\u00f3nicas e cuidados preventivos.<\/td><td class=\"column-3\">Exames f\u00edsicos anuais, controlo da diabetes, hipertens\u00e3o ou problemas de sa\u00fade gerais.<\/td><td class=\"column-4\">Mediante marca\u00e7\u00e3o pr\u00e9via durante o hor\u00e1rio normal de expediente<\/td><td class=\"column-5\"><a href=\"https:\/\/www.southcoast.org\/pt\/services\/primary-care\/#\/slot-search\/specialtyGroup\/D4AFAEC8-AEF2-4F03-929A-2825CEB30A04\">Informa\u00e7\u00f5es sobre cuidados prim\u00e1rios<\/a><\/td>\n<\/tr>\n<tr class=\"row-5\">\n\t<td class=\"column-1\">Visita de tele-sa\u00fade<\/td><td class=\"column-2\">Para pequenos problemas de sa\u00fade ou acompanhamentos que podem ser tratados \u00e0 dist\u00e2ncia, no conforto do seu lar<\/td><td class=\"column-3\">Sintomas de constipa\u00e7\u00e3o, erup\u00e7\u00f5es cut\u00e2neas, aviamento de receitas m\u00e9dicas ou discuss\u00e3o de resultados de an\u00e1lises.<\/td><td class=\"column-4\">Agendamento online c\u00f3modo a partir de casa.<\/td><td class=\"column-5\"><a href=\"https:\/\/www.southcoast.org\/pt\/virtual-and-telehealth\/\">Informa\u00e7\u00f5es sobre tele-sa\u00fade<\/a><\/td>\n<\/tr>\n<\/tbody>\n<\/table>\n<!-- #tablepress-4 from cache --><\/div><\/div>\n            <\/div>\n          <\/div>\n        <\/div>\n            <\/div>\n<\/div>\n<\/div>\n<\/div>\n\n\n<div  class=\"blockSettings  paddingTopNone paddingBottomMD tabsFluid light\" style=\"\"><div class=\"container\">\n\n            <div class=\"grid\">\n            <div class=\"col-sm-12\">\n                <div class=\"introCenter intro-content\">\n                        <div class=\"mainCopyWrap\">\n            <h2>Como chegar aos seus cuidados m\u00e9dicos<\/h2>\n    <div class=\"paragraphWrap\"><p>Se estiver numa situa\u00e7\u00e3o de risco de vida ou de emerg\u00eancia m\u00e9dica, dirija-se ao Servi\u00e7o de Urg\u00eancia mais pr\u00f3ximo o mais rapidamente poss\u00edvel ou ligue para o 112.<\/p><\/div>    <\/div>\n    \n\n                <\/div>\n            <\/div>\n        <\/div>\n    \n   \n        <div class=\"blockSeparator\"><\/div>\n    \n\n    <!--Desktop Tabs-->\n    <div class=\"grid tab tabHorizontal\">\n        <div class=\"col-sm-12\">\n            <ul class=\"tab__head\" role=\"tablist\" aria-label=\"Como chegar aos seus cuidados m\u00e9dicos - Tabs\">\n                                                            <li role=\"tab\" class=\"is-open\"><a href=\"#tabH1\" id=\"tabH1-tab\" title=\"\"\n                                                                    role=\"tab\"\n                                                                    aria-controls=\"tabH1\"\n                                                                    aria-selected=\"true\">Cuidados prim\u00e1rios<\/a><\/li>\n                                            <li role=\"tab\" class=\"\"><a href=\"#tabH2\" id=\"tabH2-tab\" title=\"\"\n                                                                    role=\"tab\"\n                                                                    aria-controls=\"tabH2\"\n                                                                    aria-selected=\"false\">Cuidados urgentes<\/a><\/li>\n                                            <li role=\"tab\" class=\"\"><a href=\"#tabH3\" id=\"tabH3-tab\" title=\"\"\n                                                                    role=\"tab\"\n                                                                    aria-controls=\"tabH3\"\n                                                                    aria-selected=\"false\">Servi\u00e7o de Urg\u00eancia<\/a><\/li>\n                                                <\/ul>\n        <\/div>\n        <div class=\"col-sm-12\">\n                                                <div class=\"beefup tab__item tabH is-open\" id=\"tabH1\" role=\"tabpanel\" aria-labelledby=\"tabH1-tab\" aria-hidden=\"false\">\n                                                    <div class=\"grid justify-center\">\n                                                                                                            <div class=\"col-sm-6\">\n                                            <div class=\"beefup__image\">\n                                                <img loading=\"lazy\" decoding=\"async\" width=\"1200\" height=\"844\" src=\"https:\/\/www.southcoast.org\/wp-content\/uploads\/2025\/06\/know_where_to_go_primary_care.webp\" class=\"attachment-full size-full\" alt=\"Smiling doctor in white coat stands next to computer monitor in medical office.\" srcset=\"https:\/\/www.southcoast.org\/wp-content\/uploads\/2025\/06\/know_where_to_go_primary_care.webp 1200w, https:\/\/www.southcoast.org\/wp-content\/uploads\/2025\/06\/know_where_to_go_primary_care-300x211.webp 300w, https:\/\/www.southcoast.org\/wp-content\/uploads\/2025\/06\/know_where_to_go_primary_care-1024x720.webp 1024w, https:\/\/www.southcoast.org\/wp-content\/uploads\/2025\/06\/know_where_to_go_primary_care-768x540.webp 768w\" sizes=\"auto, (max-width: 1200px) 100vw, 1200px\" \/>                                            <\/div>\n                                        <\/div>\n                                                                        <div class=\"col-sm-6\">\n                                        <article aria-labelledby=\"Primary Care content.\" class=\"beefup__body\" role=\"region\" style=\"overflow: hidden;\">\n                                            <div class=\"maincopy intro\">\n                                                <h3>Consultas de cuidados prim\u00e1rios<\/h3>\n<ul>\n<li>Telefone para marcar uma reuni\u00e3o<\/li>\n<li>Ir a p\u00e9 ou de carro para o consult\u00f3rio do seu prestador de cuidados prim\u00e1rios utilizando um carro particular, autocarro, t\u00e1xi ou servi\u00e7o de transporte em cadeira que possa estar dispon\u00edvel para si<\/li>\n<li>Se precisar de transporte para uma consulta de seguimento devido a uma hospitaliza\u00e7\u00e3o recente, contacte o n\u00famero 774-510-0014 pelo menos 48 horas antes da consulta para solicitar assist\u00eancia de transporte<\/li>\n<\/ul>\n                                            <\/div>\n                                        <\/article>\n                                            <div class=\"ctaWrap\">\n                    <a aria-label=\"liga\u00e7\u00e3o para saber mais\" class=\"mainCTA shadow light1\" href=\"\/pt\/services\/primary-care\/\" title=\"Abrir Saiba mais\" >Saiba mais<\/a>            <\/div>\n                                        <\/div>\n                                                            <\/div>\n                                            <\/div>\n                                    <div class=\"beefup tab__item tabH\" id=\"tabH2\" role=\"tabpanel\" aria-labelledby=\"tabH2-tab\" aria-hidden=\"true\">\n                                                    <div class=\"grid justify-center\">\n                                                                                                            <div class=\"col-sm-6\">\n                                            <div class=\"beefup__image\">\n                                                <img loading=\"lazy\" decoding=\"async\" width=\"1200\" height=\"844\" src=\"https:\/\/www.southcoast.org\/wp-content\/uploads\/2025\/06\/know_where_to_go_urgent_care.webp\" class=\"attachment-full size-full\" alt=\"Smiling woman in white medical coat stands in hallway of medical facility.\" srcset=\"https:\/\/www.southcoast.org\/wp-content\/uploads\/2025\/06\/know_where_to_go_urgent_care.webp 1200w, https:\/\/www.southcoast.org\/wp-content\/uploads\/2025\/06\/know_where_to_go_urgent_care-300x211.webp 300w, https:\/\/www.southcoast.org\/wp-content\/uploads\/2025\/06\/know_where_to_go_urgent_care-1024x720.webp 1024w, https:\/\/www.southcoast.org\/wp-content\/uploads\/2025\/06\/know_where_to_go_urgent_care-768x540.webp 768w\" sizes=\"auto, (max-width: 1200px) 100vw, 1200px\" \/>                                            <\/div>\n                                        <\/div>\n                                                                        <div class=\"col-sm-6\">\n                                        <article aria-labelledby=\"Urgent Care content.\" class=\"beefup__body\" role=\"region\" style=\"overflow: none;\">\n                                            <div class=\"maincopy intro\">\n                                                <h3>Consultas de cuidados urgentes<\/h3>\n<p>N\u00e3o \u00e9 necess\u00e1rio marcar hora, mas pode reservar o seu lugar online em <a href=\"https:\/\/www.southcoast.org\/pt\/urgent-care\/\">southcoast.org\/urgent-care<\/a>. Caminhe ou conduza at\u00e9 ao centro de cuidados urgentes mais pr\u00f3ximo, utilizando um carro particular, autocarro, t\u00e1xi ou servi\u00e7o de transporte em cadeira que possa estar dispon\u00edvel para si.<\/p>\n<p>Se precisar de transporte para uma consulta de acompanhamento atrav\u00e9s da Transitional Care Clinic (Cl\u00ednica de Cuidados Transit\u00f3rios) ap\u00f3s uma estadia recente no hospital, ligue para o n\u00famero 774-510-0014 com pelo menos 48 horas de anteced\u00eancia para pedir assist\u00eancia.<\/p>\n                                            <\/div>\n                                        <\/article>\n                                            <div class=\"ctaWrap\">\n                    <a aria-label=\"liga\u00e7\u00e3o para saber mais\" class=\"mainCTA shadow light1\" href=\"\/pt\/urgent-care\/\" title=\"Abrir Saiba mais\" >Saiba mais<\/a>            <\/div>\n                                        <\/div>\n                                                            <\/div>\n                                            <\/div>\n                                    <div class=\"beefup tab__item tabH\" id=\"tabH3\" role=\"tabpanel\" aria-labelledby=\"tabH3-tab\" aria-hidden=\"true\">\n                                                    <div class=\"grid justify-center\">\n                                                                                                            <div class=\"col-sm-6\">\n                                            <div class=\"beefup__image\">\n                                                <img loading=\"lazy\" decoding=\"async\" width=\"1200\" height=\"844\" src=\"https:\/\/www.southcoast.org\/wp-content\/uploads\/2025\/06\/know_where_to_go_emergency_care.webp\" class=\"attachment-full size-full\" alt=\"Smiling healthcare worker in an emergency care room surrounded by medical equipment and supplies.\" srcset=\"https:\/\/www.southcoast.org\/wp-content\/uploads\/2025\/06\/know_where_to_go_emergency_care.webp 1200w, https:\/\/www.southcoast.org\/wp-content\/uploads\/2025\/06\/know_where_to_go_emergency_care-300x211.webp 300w, https:\/\/www.southcoast.org\/wp-content\/uploads\/2025\/06\/know_where_to_go_emergency_care-1024x720.webp 1024w, https:\/\/www.southcoast.org\/wp-content\/uploads\/2025\/06\/know_where_to_go_emergency_care-768x540.webp 768w\" sizes=\"auto, (max-width: 1200px) 100vw, 1200px\" \/>                                            <\/div>\n                                        <\/div>\n                                                                        <div class=\"col-sm-6\">\n                                        <article aria-labelledby=\"Emergency Department content.\" class=\"beefup__body\" role=\"region\" style=\"overflow: none;\">\n                                            <div class=\"maincopy intro\">\n                                                <h3>Servi\u00e7os do servi\u00e7o de urg\u00eancia<\/h3>\n<p>N\u00e3o \u00e9 necess\u00e1rio marcar consulta. Se estiver a passar por uma situa\u00e7\u00e3o de risco de vida ou de emerg\u00eancia m\u00e9dica, ligue para o 112 ou dirija-se imediatamente ao servi\u00e7o de urg\u00eancia mais pr\u00f3ximo. Para o transporte, utilize um carro particular, uma ambul\u00e2ncia ou os servi\u00e7os de emerg\u00eancia dispon\u00edveis.<\/p>\n                                            <\/div>\n                                        <\/article>\n                                            <div class=\"ctaWrap\">\n                    <a aria-label=\"liga\u00e7\u00e3o para saber mais\" class=\"mainCTA shadow light1\" href=\"\/pt\/emergency-services\/\" title=\"Abrir Saiba mais\" >Saiba mais<\/a>            <\/div>\n                                        <\/div>\n                                                            <\/div>\n                                            <\/div>\n                                    <\/div>\n    <\/div>\n<\/div>\n<\/div>\n\n\n<div  class=\"blockSettings  paddingTopMD paddingBottomMD cardsQuickFluid light\" style=\"background-color:#e1f5fa;\"><div class=\"container\">\n        <div class=\"grid\">\n        <div class=\"col-sm-12 maincopy\">\n                <div class=\"introWithCta leftAlign\">\n            <div class=\"mainCopyWrap\">\n            <h2>Liga\u00e7\u00f5es r\u00e1pidas<\/h2>\n        <\/div>\n        <\/div>\n            <\/div>\n\n\n\n    <\/div>\n                <div class=\"blockSeparator\"><\/div>\n        <div class=\"grid\" role=\"list\">\n                                        <div class=\"col-sm-6 col-lg-4\" role=\"listitem\">\n                        <a href=\"https:\/\/www.southcoast.org\/pt\/urgent-care\/#locations\" target=\"_self\" class=\"quick-link\" style=\"\">\n                                                        <span lang=\"en\">Tempos de espera nos cuidados urgentes<\/span>\n                            <i class=\"fa-solid fa-arrow-up-right\"><\/i>\n                        <\/a>\n                    <\/div>\n                                \n                                                <div class=\"col-sm-6 col-lg-4\" role=\"listitem\">\n                        <a href=\"\/pt\/emergency-services\/\" target=\"_self\" class=\"quick-link\" style=\"\">\n                                                        <span lang=\"en\">Sala de emerg\u00eancia<\/span>\n                            <i class=\"fa-solid fa-arrow-up-right\"><\/i>\n                        <\/a>\n                    <\/div>\n                                \n                                                <div class=\"col-sm-6 col-lg-4\" role=\"listitem\">\n                        <a href=\"\/pt\/services\/primary-care\/\" target=\"_self\" class=\"quick-link\" style=\"\">\n                                                        <span lang=\"en\">Cuidados prim\u00e1rios<\/span>\n                            <i class=\"fa-solid fa-arrow-up-right\"><\/i>\n                        <\/a>\n                    <\/div>\n                                \n                                        <\/div>\n<\/div>\n<\/div>","protected":false},"excerpt":{"rendered":"","protected":false},"author":7,"featured_media":0,"parent":0,"menu_order":0,"comment_status":"closed","ping_status":"closed","template":"","meta":{"_acf_changed":false,"footnotes":""},"class_list":["post-15939","page","type-page","status-publish","hentry"],"acf":[],"yoast_head":"<!-- This site is optimized with the Yoast SEO plugin v26.0 - https:\/\/yoast.com\/wordpress\/plugins\/seo\/ -->\n<title>Know Where to Go - Southcoast Health<\/title>\n<meta name=\"robots\" content=\"index, follow, max-snippet:-1, max-image-preview:large, max-video-preview:-1\" \/>\n<link rel=\"canonical\" href=\"https:\/\/www.southcoast.org\/pt\/know-where-to-go\/\" \/>\n<meta property=\"og:locale\" content=\"pt_PT\" \/>\n<meta property=\"og:type\" content=\"article\" \/>\n<meta property=\"og:title\" content=\"Know Where to Go - Southcoast Health\" \/>\n<meta property=\"og:url\" content=\"https:\/\/www.southcoast.org\/pt\/know-where-to-go\/\" \/>\n<meta property=\"og:site_name\" content=\"Southcoast Health\" \/>\n<meta property=\"article:modified_time\" content=\"2025-12-23T14:48:13+00:00\" \/>\n<meta name=\"twitter:card\" content=\"summary_large_image\" \/>\n<script type=\"application\/ld+json\" class=\"yoast-schema-graph\">{\"@context\":\"https:\/\/schema.org\",\"@graph\":[{\"@type\":\"WebPage\",\"@id\":\"https:\/\/www.southcoast.org\/know-where-to-go\/\",\"url\":\"https:\/\/www.southcoast.org\/know-where-to-go\/\",\"name\":\"Know Where to Go - Southcoast Health\",\"isPartOf\":{\"@id\":\"https:\/\/www.southcoast.org\/#website\"},\"datePublished\":\"2025-06-19T19:12:35+00:00\",\"dateModified\":\"2025-12-23T14:48:13+00:00\",\"breadcrumb\":{\"@id\":\"https:\/\/www.southcoast.org\/know-where-to-go\/#breadcrumb\"},\"inLanguage\":\"pt-PT\",\"potentialAction\":[{\"@type\":\"ReadAction\",\"target\":[\"https:\/\/www.southcoast.org\/know-where-to-go\/\"]}]},{\"@type\":\"BreadcrumbList\",\"@id\":\"https:\/\/www.southcoast.org\/know-where-to-go\/#breadcrumb\",\"itemListElement\":[{\"@type\":\"ListItem\",\"position\":1,\"name\":\"\",\"item\":\"https:\/\/www.southcoast.org\/\"},{\"@type\":\"ListItem\",\"position\":2,\"name\":\"Know Where to Go\"}]},{\"@type\":\"WebSite\",\"@id\":\"https:\/\/www.southcoast.org\/#website\",\"url\":\"https:\/\/www.southcoast.org\/\",\"name\":\"Southcoast Health\",\"description\":\"More than medicine.\",\"potentialAction\":[{\"@type\":\"SearchAction\",\"target\":{\"@type\":\"EntryPoint\",\"urlTemplate\":\"https:\/\/www.southcoast.org\/?s={search_term_string}\"},\"query-input\":{\"@type\":\"PropertyValueSpecification\",\"valueRequired\":true,\"valueName\":\"search_term_string\"}}],\"inLanguage\":\"pt-PT\"}]}<\/script>\n<!-- \/ Yoast SEO plugin. -->","yoast_head_json":{"title":"Know Where to Go - Southcoast Health","robots":{"index":"index","follow":"follow","max-snippet":"max-snippet:-1","max-image-preview":"max-image-preview:large","max-video-preview":"max-video-preview:-1"},"canonical":"https:\/\/www.southcoast.org\/pt\/know-where-to-go\/","og_locale":"pt_PT","og_type":"article","og_title":"Know Where to Go - Southcoast Health","og_url":"https:\/\/www.southcoast.org\/pt\/know-where-to-go\/","og_site_name":"Southcoast Health","article_modified_time":"2025-12-23T14:48:13+00:00","twitter_card":"summary_large_image","schema":{"@context":"https:\/\/schema.org","@graph":[{"@type":"WebPage","@id":"https:\/\/www.southcoast.org\/know-where-to-go\/","url":"https:\/\/www.southcoast.org\/know-where-to-go\/","name":"Know Where to Go - Southcoast Health","isPartOf":{"@id":"https:\/\/www.southcoast.org\/#website"},"datePublished":"2025-06-19T19:12:35+00:00","dateModified":"2025-12-23T14:48:13+00:00","breadcrumb":{"@id":"https:\/\/www.southcoast.org\/know-where-to-go\/#breadcrumb"},"inLanguage":"pt-PT","potentialAction":[{"@type":"ReadAction","target":["https:\/\/www.southcoast.org\/know-where-to-go\/"]}]},{"@type":"BreadcrumbList","@id":"https:\/\/www.southcoast.org\/know-where-to-go\/#breadcrumb","itemListElement":[{"@type":"ListItem","position":1,"name":"","item":"https:\/\/www.southcoast.org\/"},{"@type":"ListItem","position":2,"name":"Know Where to Go"}]},{"@type":"WebSite","@id":"https:\/\/www.southcoast.org\/#website","url":"https:\/\/www.southcoast.org\/","name":"Sa\u00fade no Sudeste","description":"Mais do que medicamentos.","potentialAction":[{"@type":"SearchAction","target":{"@type":"EntryPoint","urlTemplate":"https:\/\/www.southcoast.org\/?s={search_term_string}"},"query-input":{"@type":"PropertyValueSpecification","valueRequired":true,"valueName":"search_term_string"}}],"inLanguage":"pt-PT"}]}},"_links":{"self":[{"href":"https:\/\/www.southcoast.org\/pt\/wp-json\/wp\/v2\/pages\/15939","targetHints":{"allow":["GET"]}}],"collection":[{"href":"https:\/\/www.southcoast.org\/pt\/wp-json\/wp\/v2\/pages"}],"about":[{"href":"https:\/\/www.southcoast.org\/pt\/wp-json\/wp\/v2\/types\/page"}],"author":[{"embeddable":true,"href":"https:\/\/www.southcoast.org\/pt\/wp-json\/wp\/v2\/users\/7"}],"replies":[{"embeddable":true,"href":"https:\/\/www.southcoast.org\/pt\/wp-json\/wp\/v2\/comments?post=15939"}],"version-history":[{"count":15,"href":"https:\/\/www.southcoast.org\/pt\/wp-json\/wp\/v2\/pages\/15939\/revisions"}],"predecessor-version":[{"id":283366,"href":"https:\/\/www.southcoast.org\/pt\/wp-json\/wp\/v2\/pages\/15939\/revisions\/283366"}],"wp:attachment":[{"href":"https:\/\/www.southcoast.org\/pt\/wp-json\/wp\/v2\/media?parent=15939"}],"curies":[{"name":"wp","href":"https:\/\/api.w.org\/{rel}","templated":true}]}}