{"id":10766,"date":"2025-06-12T23:26:23","date_gmt":"2025-06-12T23:26:23","guid":{"rendered":"https:\/\/test-southcoast-health-multi.southcoast-health.org\/?page_id=10766"},"modified":"2026-02-10T12:58:50","modified_gmt":"2026-02-10T17:58:50","slug":"health-equity","status":"publish","type":"page","link":"https:\/\/www.southcoast.org\/pt\/health-equity\/","title":{"rendered":"Equidade na sa\u00fade"},"content":{"rendered":"<div class=\"hero-secondary-block\">\n    <div class=\"background\" style=\"background-color: #fff\"><\/div>\n    <div class=\"container\">\n        <div class=\"grid\">\n            <div class=\"col-bleed-y\">\n                <div class=\"grid intro-text\">\n                    <img decoding=\"async\" class=\"corner-art\" src=\"https:\/\/www.southcoast.org\/wp-content\/themes\/southcoast_multisite\/images\/herobasic-corner-art.png\" alt=\"corner art\">\n                    <div class=\"col-md-9\">\n                                                    <div class=\"breadcrumbsWrapper desktop-breadcrumbs\"><nav id=\"breadcrumbs\" aria-label=\"P\u00e3o ralado\"><ol><li><a href=\"https:\/\/www.southcoast.org\/pt\/\"><i class=\"fa-light fa-house\"><\/i><span class=\"visually-hidden\">In\u00edcio<\/span><\/a><\/li><\/ol><\/nav><\/div><div class=\"breadcrumbsWrapper mobile-breadcrumbs\"><p id=\"mobile-breadcrumbs\" class=\"mobile-back-nav\"><span><span><a href=\"#\" onclick=\"return handleBackNavigation();\"><i class=\"fa-solid fa-chevron-left back-arrow\"><\/i> Voltar<\/a><\/span><\/span><\/p>\t\t<script>\n\t\t\tfunction handleBackNavigation() {\n\t\t\t\tif (window.history.length > 1) {\n\t\t\t\t\twindow.history.back();\n\t\t\t\t} else {\n\t\t\t\t\twindow.location.href = 'https:\/\/www.southcoast.org\/pt';\n\t\t\t\t}\n\t\t\t\treturn false;\n\t\t\t}\n\t\t<\/script>\n<\/div>                                                                                                    <h1>Equidade na sa\u00fade<\/h1>\n                                                                    <\/div>\n                    \n                <\/div>\n                <div class=\"image\">\n                                            <img decoding=\"async\" class=\"hero-img\" src=\"https:\/\/www.southcoast.org\/wp-content\/uploads\/2025\/08\/HealthEquity-Website-Banner.jpg\" alt=\"Diverse group of people in abstract illustration, representing diversity and inclusivity.\">\n                                    <\/div>\n                            <\/div>\n        <\/div>\n    <\/div>\n<\/div>\n\n\n<div  class=\"blockSettings  paddingTopSM paddingBottomSM media-object-video-block light\" style=\"\"><div class=\"container\">\n    <div class=\"grid\">\n        <div class=\"col-sm-12\">\n            <div class=\"inner video-right list-style-disc inner-white-bg\">\n                <div class=\"copy\">\n                                                                <h2>O que \u00e9 a equidade na sa\u00fade?<\/h2>\n                                                                <p>Equidade na sa\u00fade significa que todos t\u00eam a oportunidade de ser t\u00e3o saud\u00e1veis quanto poss\u00edvel. A Southcoast Health trabalha para isso dentro e fora do sistema de sa\u00fade. Em primeiro lugar, trabalhamos para garantir que cada membro da nossa comunidade possa ter acesso aos cuidados de sa\u00fade onde, quando e como precisar. Em segundo lugar, sabemos que os factores sociais da sa\u00fade, como a habita\u00e7\u00e3o, os transportes e o trabalho, tamb\u00e9m podem afetar a nossa sa\u00fade. Para ajudar os nossos pacientes com estas necessidades, estabelecemos liga\u00e7\u00f5es com parceiros da comunidade.<\/p>\n                    \n                    <div class=\"cta-wrap\">\n\n                                                                                                        \n                                                                                                                            <\/div>\n\n                <\/div>\n                <div class=\"video-container\">\n                                            <div class=\"video-wrapper\">\n                                                                                                <a href=\"https:\/\/www.youtube.com\/watch?v=vnkORBOhK0w\" class=\"popup-youtube video-placeholder\">\n                                        <img decoding=\"async\" src=\"https:\/\/www.southcoast.org\/wp-content\/uploads\/2025\/10\/Health-Equity-Video-Placeholder-Image.png\" alt=\"A woman in a light colored jacket and striped shirt stands confidently in an office setting.\">\n                                        <div class=\"play-button\">\n                                            <i class=\"fa fa-play-circle\"><\/i>\n                                        <\/div>\n                                    <\/a>\n                                                            \n                                                    <\/div>\n                                    <\/div>\n            <\/div>\n        <\/div>\n    <\/div>\n<\/div>\n<\/div>\n\n\n<div  class=\"blockSettings  paddingTopNone paddingBottomMD media-object-block light\" style=\"\"><div class=\"container\">\n\t<div class=\"grid\">\n\t\t<div class=\"col-sm-12\">\n\t\t\t<div class=\"inner image-left list-style-disc inner-white-bg\" style=\"background-color: #fff;\">\n\t\t\t\t<div class=\"copy\">\n\t\t\t\t\t    <div class=\"mainCopyWrap\">\n            <h2>O que \u00e9 uma disparidade?<\/h2>\n    <div class=\"paragraphWrap\"><p>Quando um grupo tem mais doen\u00e7as ou resultados de sa\u00fade piores do que outro grupo, chamamos-lhe disparidade na sa\u00fade. As diferen\u00e7as na forma como as pessoas recebem os cuidados de sa\u00fade s\u00e3o designadas por disparidades nos cuidados de sa\u00fade. Por exemplo, um sistema de sa\u00fade pode constatar que os doentes que falam maioritariamente ingl\u00eas como l\u00edngua principal v\u00e3o \u00e0s consultas m\u00e9dicas com mais frequ\u00eancia do que os doentes que falam maioritariamente portugu\u00eas. Porque \u00e9 que isto acontece? Ao colocar quest\u00f5es e abordar disparidades como estas, podemos promover a equidade na sa\u00fade e melhorar a nossa sa\u00fade geral e a nossa capacidade de prosperar.<\/p>\n<\/div>    <\/div>\n    \t\t\t\t<\/div>\n\t\t\t\t\t\t\t\t<div class=\"images\">\n\t\t\t\t\t\t<img decoding=\"async\" class=\"single\" src=\"https:\/\/www.southcoast.org\/wp-content\/uploads\/2025\/08\/Healthcare-Disparities.jpg\" alt=\"Diverse group of medical professionals - doctors, nurses of various ages, genders, and ethnicities in vibrant colors.\">\n\t\t\t\t\t\t\t\t\t\t<\/div>\n\t\t\t\t\n\t\t\t<\/div>\n\t\t<\/div>\n\t<\/div>\n<\/div>\n<\/div>\n\n\n<div  class=\"blockSettings  paddingTopMD paddingBottomMD cardTextFluid light\" style=\"background-color:#e1f5fa;\"><div class=\"container\">\n            <div class=\"grid\">\n            <div class=\"col-sm-12\">\n                <div class=\"introCenter\">\n                    <div class=\"maincopy intro\">\n                        <h2>Perguntamos porque nos preocupamos<\/h2>\n                                                    <p>Na Southcoast Health, a nossa equipa de cuidados de sa\u00fade compreende a import\u00e2ncia de dar aos nossos pacientes igualdade de acesso a cuidados de elevada qualidade. Perguntar aos pacientes sobre as suas origens permite \u00e0 nossa equipa identificar as necessidades de sa\u00fade individuais, abordar as disparidades e prestar cuidados excepcionais de pessoas que se preocupam.<\/p>\n                                            <\/div>\n                                                                                                                                                                                                <\/div>\n            <\/div>\n        <\/div>\n    \n            <!--Manual Cards-->\n        <div class=\"grid smallGrid\">\n                                                    <div class=\"col-sm-6 col-md-6 col-grid\">\n                            <div class=\"cardBasic cardBasicText\">\n                                <div class=\"cardBasicBody\">\n                                    <div class=\"cardBasicBodyInner\">\n                                        <p class=\"preHeadline\"><\/p>\n                                        <p class=\"cardBasicBodyTitle\">O que s\u00e3o a RELD e a SOGI?<\/p>\n                                        <div class=\"excerpt\">\n                                            <p><strong>Ra\u00e7a, etnia, l\u00edngua e defici\u00eancia (RELD) &amp; Orienta\u00e7\u00e3o sexual e identidade de g\u00e9nero (SOGI)<\/strong><\/p>\n<p>Perguntar aos pacientes sobre as suas informa\u00e7\u00f5es RELD e SOGI permite \u00e0 nossa equipa identificar as necessidades de sa\u00fade individuais, abordar as disparidades e prestar cuidados excepcionais. Algumas destas informa\u00e7\u00f5es tamb\u00e9m podem ajudar os pacientes a sentirem-se bem-vindos, reconhecidos, compreendidos e apoiados. Perguntar sobre a l\u00edngua escrita e falada preferida ajuda-nos a garantir que comunicamos com os pacientes de forma clara e eficaz. O fornecimento de informa\u00e7\u00f5es adicionais pode ajudar a melhorar o nosso n\u00edvel de cuidados.<\/p>\n<p>Saiba mais:\u00a0<a href=\"\/pt\/belonging-at-southcoast-health\/\" target=\"_blank\" rel=\"noopener\">Centro de Recursos de Acolhimento e Conhecimento LGBTQIA+<\/a><\/p>\n                                        <\/div>\n                                    <\/div>\n                                <\/div>\n                            <\/div>\n                        <\/div>\n                                                            <div class=\"col-sm-6 col-md-6 col-grid\">\n                            <div class=\"cardBasic cardBasicText\">\n                                <div class=\"cardBasicBody\">\n                                    <div class=\"cardBasicBodyInner\">\n                                        <p class=\"preHeadline\"><\/p>\n                                        <p class=\"cardBasicBodyTitle\">O que \u00e9 que isto significa para os meus cuidados de sa\u00fade na Southcoast Health?<\/p>\n                                        <div class=\"excerpt\">\n                                            <p>Como parte dos nossos esfor\u00e7os para alinhar a recolha de informa\u00e7\u00f5es sobre RELD e SOGI com as melhores pr\u00e1ticas, os pacientes da Southcoast Health podem receber novas perguntas sobre RELD e SOGI atrav\u00e9s do MyChart ou na sua pr\u00f3xima consulta. Estas informa\u00e7\u00f5es ajudar\u00e3o a sua equipa de cuidados a ligar os pacientes a recursos comunit\u00e1rios adequados e a realizar programas que satisfa\u00e7am as necessidades da nossa popula\u00e7\u00e3o de pacientes.<\/p>\n<p>Lembre-se de que todas estas perguntas s\u00e3o opcionais e n\u00e3o \u00e9 obrigado a responder. As suas informa\u00e7\u00f5es s\u00e3o mantidas privadas entre o seu prestador de cuidados de sa\u00fade e o utente e ajudam-nos a servir melhor as suas necessidades.<\/p>\n                                        <\/div>\n                                    <\/div>\n                                <\/div>\n                            <\/div>\n                        <\/div>\n                                                        <\/div>\n    <\/div>\n<\/div>\n\n\n<div  class=\"blockSettings  paddingTopMD paddingBottomMD cardImageFluid light\" style=\"\"><div class=\"container\" role=\"region\" aria-roledescription=\"carousel\" aria-label=\"Construir uma comunidade mais saud\u00e1vel e mais inclusiva\">\n\t<div class=\"grid\">\n\t\t<div class=\"col-sm-12\">\n\t\t\t    <div class=\"introWithSliderControls leftAlign\">\n            <div class=\"mainCopyWrap\">\n            <h2>Construir uma comunidade mais saud\u00e1vel e mais inclusiva<\/h2>\n    <div class=\"paragraphWrap\"><p>O trabalho de Pertencimento da Southcoast Health \u00e9 fundamental para garantir que as nossas equipas possam atender \u00e0s necessidades da nossa vibrante comunidade.<\/p>\n<\/div>    <\/div>\n            <!-- Desktop + leftAlign Slider arrows -->\n        <div class=\"sliderControls sliderArrows\">\n            <button title=\"diapositivo anterior\" class=\"prev-slide\" aria-label=\"Deslizamento anterior\"><i class=\"fa-light fa-chevron-left\" aria-hidden=\"true\"><\/i><\/button>\n            <button title=\"diapositivo seguinte\" class=\"next-slide\" aria-label=\"Pr\u00f3ximo slide\"><i class=\"fa-light fa-chevron-right\" aria-hidden=\"true\"><\/i><\/button>\n        <\/div>\n            <\/div>\n\n\t\t<\/div>\n\t<\/div>\n\t<div class=\"blockSeparator\"><\/div>\n\t<div class=\"cardImageContentWrap\">\n\t\t\t\t\t<div class=\"sliderControls sliderArrows leftIntroAlign\">\n\t\t\t\t<button title=\"diapositivo anterior\" class=\"prev-slide\" aria-label=\"Deslizamento anterior\"><i class=\"fa-light fa-chevron-left\" aria-hidden=\"true\"><\/i><\/button>\n\t\t\t\t<button title=\"diapositivo seguinte\" class=\"next-slide\" aria-label=\"Pr\u00f3ximo slide\"><i class=\"fa-light fa-chevron-right\" aria-hidden=\"true\"><\/i><\/button>\n\t\t\t<\/div>\n\t\t\t\t\t\t\t<div class=\"grid  cardSlider sliderBleed\" data-slide-cols=\"3\" >\n\t\t\t\t\t\t\t\t\t\t\t\t\t\t\t<div class=\"col-sm-6 col-md-4 col-grid\" role=\"group\" aria-roledescription=\"slide\" aria-label=\"Pertencimento\">\n\t\t\t\t\t\t\t<div class=\"cardBasic noBorder left Vertical\">\n\t\t\t\t\t\t\t\t<div class=\"cardImage\" style=\"background-image:url('https:\/\/www.southcoast.org\/wp-content\/uploads\/2025\/07\/Belonging-Featured-Photo.jpg');\">\n\t\t\t\t\t\t\t\t\t\t\t\t\t\t\t\t\t<\/div>\n\t\t\t\t\t\t\t\t<div class=\"cardBasicBody\">\n\t\t\t\t\t\t\t\t\t\t\t\t\t\t\t\t\t\t<p class=\"cardBasicBodyTitle\">Pertencimento<\/p>\n\t\t\t\t\t\t\t\t\t\t\t\t\t\t\t\t\t\t\t\t\t\t\t\t\t\t\t\t\t\t\t\t\t\t\t\t\t\t\t<!-- Use post permalink if no external link -->\n\t\t\t\t\t\t\t\t\t\t\t<a aria-label=\"liga\u00e7\u00e3o a Belonging\" title=\"liga\u00e7\u00e3o a Belonging\" href=\"https:\/\/www.southcoast.org\/pt\/community\/belonging-at-southcoast-health\/\" class=\"readMore\"><i class=\"fa-regular fa-arrow-up-right readMoreIcon\"><\/i> Ler mais<\/a>\n\t\t\t\t\t\t\t\t\t\t\t\t\t\t\t\t\t\t\t\t\t\t\t\t\t\t\t<\/div>\n\t\t\t\t\t\t\t<\/div>\n\t\t\t\t\t\t<\/div>\n\t\t\t\t\t\t\t\t\t\t\t<div class=\"col-sm-6 col-md-4 col-grid\" role=\"group\" aria-roledescription=\"slide\" aria-label=\"Programa comunit\u00e1rio de bem-estar\">\n\t\t\t\t\t\t\t<div class=\"cardBasic noBorder left Vertical\">\n\t\t\t\t\t\t\t\t<div class=\"cardImage\" style=\"background-image:url('https:\/\/www.southcoast.org\/wp-content\/uploads\/2025\/08\/Community-Health-and-Wellness-1-scaled.jpg');\">\n\t\t\t\t\t\t\t\t\t\t\t\t\t\t\t\t\t<\/div>\n\t\t\t\t\t\t\t\t<div class=\"cardBasicBody\">\n\t\t\t\t\t\t\t\t\t\t\t\t\t\t\t\t\t\t<p class=\"cardBasicBodyTitle\">Programa comunit\u00e1rio de bem-estar<\/p>\n\t\t\t\t\t\t\t\t\t\t\t\t\t\t\t\t\t\t\t\t\t\t\t\t\t\t\t\t\t\t\t\t\t\t\t\t\t\t\t<!-- Use post permalink if no external link -->\n\t\t\t\t\t\t\t\t\t\t\t<a aria-label=\"liga\u00e7\u00e3o ao Programa Comunit\u00e1rio de Bem-Estar\" title=\"liga\u00e7\u00e3o ao Programa Comunit\u00e1rio de Bem-Estar\" href=\"https:\/\/www.southcoast.org\/pt\/community\/wellness-program\/\" class=\"readMore\"><i class=\"fa-regular fa-arrow-up-right readMoreIcon\"><\/i> Ler mais<\/a>\n\t\t\t\t\t\t\t\t\t\t\t\t\t\t\t\t\t\t\t\t\t\t\t\t\t\t\t<\/div>\n\t\t\t\t\t\t\t<\/div>\n\t\t\t\t\t\t<\/div>\n\t\t\t\t\t\t\t\t\t\t\t<div class=\"col-sm-6 col-md-4 col-grid\" role=\"group\" aria-roledescription=\"slide\" aria-label=\"Sa\u00fade da popula\u00e7\u00e3o\">\n\t\t\t\t\t\t\t<div class=\"cardBasic noBorder left Vertical\">\n\t\t\t\t\t\t\t\t<div class=\"cardImage\" style=\"background-image:url('https:\/\/www.southcoast.org\/wp-content\/uploads\/2025\/07\/Population-Health-People.jpg');\">\n\t\t\t\t\t\t\t\t\t\t\t\t\t\t\t\t\t<\/div>\n\t\t\t\t\t\t\t\t<div class=\"cardBasicBody\">\n\t\t\t\t\t\t\t\t\t\t\t\t\t\t\t\t\t\t<p class=\"cardBasicBodyTitle\">Sa\u00fade da popula\u00e7\u00e3o<\/p>\n\t\t\t\t\t\t\t\t\t\t\t\t\t\t\t\t\t\t\t\t\t\t\t\t\t\t\t\t\t\t\t\t\t\t\t\t\t\t\t<!-- Use post permalink if no external link -->\n\t\t\t\t\t\t\t\t\t\t\t<a aria-label=\"liga\u00e7\u00e3o \u00e0 Sa\u00fade da Popula\u00e7\u00e3o\" title=\"liga\u00e7\u00e3o \u00e0 Sa\u00fade da Popula\u00e7\u00e3o\" href=\"https:\/\/www.southcoast.org\/pt\/community\/population-health\/\" class=\"readMore\"><i class=\"fa-regular fa-arrow-up-right readMoreIcon\"><\/i> Ler mais<\/a>\n\t\t\t\t\t\t\t\t\t\t\t\t\t\t\t\t\t\t\t\t\t\t\t\t\t\t\t<\/div>\n\t\t\t\t\t\t\t<\/div>\n\t\t\t\t\t\t<\/div>\n\t\t\t\t\t\t\t\t\t\t\t<div class=\"col-sm-6 col-md-4 col-grid\" role=\"group\" aria-roledescription=\"slide\" aria-label=\"Destaque da comunidade de sa\u00fade de Southcoast\">\n\t\t\t\t\t\t\t<div class=\"cardBasic noBorder left Vertical\">\n\t\t\t\t\t\t\t\t<div class=\"cardImage\" style=\"background-image:url('https:\/\/www.southcoast.org\/wp-content\/uploads\/2025\/06\/podcast_page_hero.webp');\">\n\t\t\t\t\t\t\t\t\t\t\t\t\t\t\t\t\t<\/div>\n\t\t\t\t\t\t\t\t<div class=\"cardBasicBody\">\n\t\t\t\t\t\t\t\t\t\t\t\t\t\t\t\t\t\t<p class=\"cardBasicBodyTitle\">Destaque da comunidade de sa\u00fade de Southcoast<\/p>\n\t\t\t\t\t\t\t\t\t\t\t\t\t\t\t\t\t\t\t\t\t\t\t\t\t\t\t\t\t\t\t\t\t\t\t\t\t\t\t<!-- Use post permalink if no external link -->\n\t\t\t\t\t\t\t\t\t\t\t<a aria-label=\"liga\u00e7\u00e3o para Southcoast Health Community Spotlight\" title=\"liga\u00e7\u00e3o para Southcoast Health Community Spotlight\" href=\"https:\/\/www.southcoast.org\/pt\/community\/community-spotlight\/\" class=\"readMore\"><i class=\"fa-regular fa-arrow-up-right readMoreIcon\"><\/i> Ler mais<\/a>\n\t\t\t\t\t\t\t\t\t\t\t\t\t\t\t\t\t\t\t\t\t\t\t\t\t\t\t<\/div>\n\t\t\t\t\t\t\t<\/div>\n\t\t\t\t\t\t<\/div>\n\t\t\t\t\t\t\t\t\t\t\t\t<\/div>\n\t\t\t<\/div>\n\t\t\t<div class=\"introCTAs introBottomCTAs\">\n\t\t\t\t\t<\/div>\n\t<\/div>\n\n<\/div>","protected":false},"excerpt":{"rendered":"","protected":false},"author":7,"featured_media":38899,"parent":0,"menu_order":0,"comment_status":"closed","ping_status":"closed","template":"","meta":{"_acf_changed":false,"footnotes":""},"class_list":["post-10766","page","type-page","status-publish","has-post-thumbnail","hentry"],"acf":[],"yoast_head":"<!-- This site is optimized with the Yoast SEO plugin v26.0 - https:\/\/yoast.com\/wordpress\/plugins\/seo\/ -->\n<title>Health Equity - Southcoast Health<\/title>\n<meta name=\"robots\" content=\"index, follow, max-snippet:-1, max-image-preview:large, max-video-preview:-1\" \/>\n<link rel=\"canonical\" href=\"https:\/\/www.southcoast.org\/pt\/health-equity\/\" \/>\n<meta property=\"og:locale\" content=\"pt_PT\" \/>\n<meta property=\"og:type\" content=\"article\" \/>\n<meta property=\"og:title\" content=\"Health Equity - Southcoast Health\" \/>\n<meta property=\"og:url\" content=\"https:\/\/www.southcoast.org\/pt\/health-equity\/\" \/>\n<meta property=\"og:site_name\" content=\"Southcoast Health\" \/>\n<meta property=\"article:modified_time\" content=\"2026-02-10T17:58:50+00:00\" \/>\n<meta property=\"og:image\" content=\"https:\/\/www.southcoast.org\/wp-content\/uploads\/2025\/08\/HealthEquity-Website-Featured-Photo.jpg\" \/>\n\t<meta property=\"og:image:width\" content=\"1080\" \/>\n\t<meta property=\"og:image:height\" content=\"1080\" \/>\n\t<meta property=\"og:image:type\" content=\"image\/jpeg\" \/>\n<meta name=\"twitter:card\" content=\"summary_large_image\" \/>\n<meta name=\"twitter:label1\" content=\"Est. reading time\" \/>\n\t<meta name=\"twitter:data1\" content=\"1 minute\" \/>\n<script type=\"application\/ld+json\" class=\"yoast-schema-graph\">{\"@context\":\"https:\/\/schema.org\",\"@graph\":[{\"@type\":\"WebPage\",\"@id\":\"https:\/\/www.southcoast.org\/health-equity\/\",\"url\":\"https:\/\/www.southcoast.org\/health-equity\/\",\"name\":\"Health Equity - Southcoast Health\",\"isPartOf\":{\"@id\":\"https:\/\/www.southcoast.org\/#website\"},\"primaryImageOfPage\":{\"@id\":\"https:\/\/www.southcoast.org\/health-equity\/#primaryimage\"},\"image\":{\"@id\":\"https:\/\/www.southcoast.org\/health-equity\/#primaryimage\"},\"thumbnailUrl\":\"https:\/\/www.southcoast.org\/wp-content\/uploads\/2025\/08\/HealthEquity-Website-Featured-Photo.jpg\",\"datePublished\":\"2025-06-12T23:26:23+00:00\",\"dateModified\":\"2026-02-10T17:58:50+00:00\",\"breadcrumb\":{\"@id\":\"https:\/\/www.southcoast.org\/health-equity\/#breadcrumb\"},\"inLanguage\":\"pt-PT\",\"potentialAction\":[{\"@type\":\"ReadAction\",\"target\":[\"https:\/\/www.southcoast.org\/health-equity\/\"]}]},{\"@type\":\"ImageObject\",\"inLanguage\":\"pt-PT\",\"@id\":\"https:\/\/www.southcoast.org\/health-equity\/#primaryimage\",\"url\":\"https:\/\/www.southcoast.org\/wp-content\/uploads\/2025\/08\/HealthEquity-Website-Featured-Photo.jpg\",\"contentUrl\":\"https:\/\/www.southcoast.org\/wp-content\/uploads\/2025\/08\/HealthEquity-Website-Featured-Photo.jpg\",\"width\":1080,\"height\":1080,\"caption\":\"Diverse group of stylized human avatars, representing a community or workforce.\"},{\"@type\":\"BreadcrumbList\",\"@id\":\"https:\/\/www.southcoast.org\/health-equity\/#breadcrumb\",\"itemListElement\":[{\"@type\":\"ListItem\",\"position\":1,\"name\":\"\",\"item\":\"https:\/\/www.southcoast.org\/\"},{\"@type\":\"ListItem\",\"position\":2,\"name\":\"Health Equity\"}]},{\"@type\":\"WebSite\",\"@id\":\"https:\/\/www.southcoast.org\/#website\",\"url\":\"https:\/\/www.southcoast.org\/\",\"name\":\"Southcoast Health\",\"description\":\"More than medicine.\",\"potentialAction\":[{\"@type\":\"SearchAction\",\"target\":{\"@type\":\"EntryPoint\",\"urlTemplate\":\"https:\/\/www.southcoast.org\/?s={search_term_string}\"},\"query-input\":{\"@type\":\"PropertyValueSpecification\",\"valueRequired\":true,\"valueName\":\"search_term_string\"}}],\"inLanguage\":\"pt-PT\"}]}<\/script>\n<!-- \/ Yoast SEO plugin. -->","yoast_head_json":{"title":"Health Equity - Southcoast Health","robots":{"index":"index","follow":"follow","max-snippet":"max-snippet:-1","max-image-preview":"max-image-preview:large","max-video-preview":"max-video-preview:-1"},"canonical":"https:\/\/www.southcoast.org\/pt\/health-equity\/","og_locale":"pt_PT","og_type":"article","og_title":"Health Equity - Southcoast Health","og_url":"https:\/\/www.southcoast.org\/pt\/health-equity\/","og_site_name":"Southcoast Health","article_modified_time":"2026-02-10T17:58:50+00:00","og_image":[{"width":1080,"height":1080,"url":"https:\/\/www.southcoast.org\/wp-content\/uploads\/2025\/08\/HealthEquity-Website-Featured-Photo.jpg","type":"image\/jpeg"}],"twitter_card":"summary_large_image","twitter_misc":{"Est. reading time":"1 minute"},"schema":{"@context":"https:\/\/schema.org","@graph":[{"@type":"WebPage","@id":"https:\/\/www.southcoast.org\/health-equity\/","url":"https:\/\/www.southcoast.org\/health-equity\/","name":"Health Equity - Southcoast Health","isPartOf":{"@id":"https:\/\/www.southcoast.org\/#website"},"primaryImageOfPage":{"@id":"https:\/\/www.southcoast.org\/health-equity\/#primaryimage"},"image":{"@id":"https:\/\/www.southcoast.org\/health-equity\/#primaryimage"},"thumbnailUrl":"https:\/\/www.southcoast.org\/wp-content\/uploads\/2025\/08\/HealthEquity-Website-Featured-Photo.jpg","datePublished":"2025-06-12T23:26:23+00:00","dateModified":"2026-02-10T17:58:50+00:00","breadcrumb":{"@id":"https:\/\/www.southcoast.org\/health-equity\/#breadcrumb"},"inLanguage":"pt-PT","potentialAction":[{"@type":"ReadAction","target":["https:\/\/www.southcoast.org\/health-equity\/"]}]},{"@type":"ImageObject","inLanguage":"pt-PT","@id":"https:\/\/www.southcoast.org\/health-equity\/#primaryimage","url":"https:\/\/www.southcoast.org\/wp-content\/uploads\/2025\/08\/HealthEquity-Website-Featured-Photo.jpg","contentUrl":"https:\/\/www.southcoast.org\/wp-content\/uploads\/2025\/08\/HealthEquity-Website-Featured-Photo.jpg","width":1080,"height":1080,"caption":"Diverse group of stylized human avatars, representing a community or workforce."},{"@type":"BreadcrumbList","@id":"https:\/\/www.southcoast.org\/health-equity\/#breadcrumb","itemListElement":[{"@type":"ListItem","position":1,"name":"","item":"https:\/\/www.southcoast.org\/"},{"@type":"ListItem","position":2,"name":"Health Equity"}]},{"@type":"WebSite","@id":"https:\/\/www.southcoast.org\/#website","url":"https:\/\/www.southcoast.org\/","name":"Sa\u00fade no Sudeste","description":"Mais do que medicamentos.","potentialAction":[{"@type":"SearchAction","target":{"@type":"EntryPoint","urlTemplate":"https:\/\/www.southcoast.org\/?s={search_term_string}"},"query-input":{"@type":"PropertyValueSpecification","valueRequired":true,"valueName":"search_term_string"}}],"inLanguage":"pt-PT"}]}},"_links":{"self":[{"href":"https:\/\/www.southcoast.org\/pt\/wp-json\/wp\/v2\/pages\/10766","targetHints":{"allow":["GET"]}}],"collection":[{"href":"https:\/\/www.southcoast.org\/pt\/wp-json\/wp\/v2\/pages"}],"about":[{"href":"https:\/\/www.southcoast.org\/pt\/wp-json\/wp\/v2\/types\/page"}],"author":[{"embeddable":true,"href":"https:\/\/www.southcoast.org\/pt\/wp-json\/wp\/v2\/users\/7"}],"replies":[{"embeddable":true,"href":"https:\/\/www.southcoast.org\/pt\/wp-json\/wp\/v2\/comments?post=10766"}],"version-history":[{"count":23,"href":"https:\/\/www.southcoast.org\/pt\/wp-json\/wp\/v2\/pages\/10766\/revisions"}],"predecessor-version":[{"id":285084,"href":"https:\/\/www.southcoast.org\/pt\/wp-json\/wp\/v2\/pages\/10766\/revisions\/285084"}],"wp:featuredmedia":[{"embeddable":true,"href":"https:\/\/www.southcoast.org\/pt\/wp-json\/wp\/v2\/media\/38899"}],"wp:attachment":[{"href":"https:\/\/www.southcoast.org\/pt\/wp-json\/wp\/v2\/media?parent=10766"}],"curies":[{"name":"wp","href":"https:\/\/api.w.org\/{rel}","templated":true}]}}