{"id":10743,"date":"2025-06-12T04:46:16","date_gmt":"2025-06-12T04:46:16","guid":{"rendered":"https:\/\/test-southcoast-health-multi.southcoast-health.org\/?page_id=10743"},"modified":"2025-08-21T20:06:16","modified_gmt":"2025-08-21T20:06:16","slug":"population-health","status":"publish","type":"page","link":"https:\/\/www.southcoast.org\/pt\/community\/population-health\/","title":{"rendered":"Sa\u00fade da popula\u00e7\u00e3o"},"content":{"rendered":"<div class=\"hero-secondary-block\">\n    <div class=\"background\" style=\"background-color: transparent\"><\/div>\n    <div class=\"container\">\n        <div class=\"grid\">\n            <div class=\"col-bleed-y\">\n                <div class=\"grid intro-text\">\n                    <img decoding=\"async\" class=\"corner-art\" src=\"https:\/\/www.southcoast.org\/wp-content\/themes\/southcoast_multisite\/images\/herobasic-corner-art.png\" alt=\"corner art\">\n                    <div class=\"col-md-9\">\n                                                    <div class=\"breadcrumbsWrapper desktop-breadcrumbs\"><nav id=\"breadcrumbs\" aria-label=\"P\u00e3o ralado\"><ol><li><a href=\"https:\/\/www.southcoast.org\/pt\/\"><i class=\"fa-light fa-house\"><\/i><span class=\"visually-hidden\">In\u00edcio<\/span><\/a><\/li><\/ol><\/nav><\/div><div class=\"breadcrumbsWrapper mobile-breadcrumbs\"><p id=\"mobile-breadcrumbs\"><span><span><a href=\"https:\/\/www.southcoast.org\/pt\"><i class=\"far fa-home\"><\/i><\/a><\/span> <i class=\"fa-solid fa-chevron-right separator\"><\/i> <span><a href=\"https:\/\/www.southcoast.org\/pt\/community\/\">Comunidade<\/a><\/span><\/span><\/p><\/div>                                                                                                    <h1>Sa\u00fade da popula\u00e7\u00e3o<\/h1>\n                                                                            <div class=\"copy\">\n                                <p>Na Southcoast Health, olhamos para o panorama geral do que ajuda as pessoas a manterem-se o mais saud\u00e1veis poss\u00edvel.<\/p>\n                            <\/div>\n                                            <\/div>\n                    \n                <\/div>\n                <div class=\"image\">\n                                            <img decoding=\"async\" class=\"hero-img\" src=\"https:\/\/www.southcoast.org\/wp-content\/uploads\/2025\/07\/Group-of-People-Illustration-Population-Health.jpg\" alt=\"Diverse crowd of people walking, standing, and interacting in a busy urban setting.\">\n                                    <\/div>\n                            <\/div>\n        <\/div>\n    <\/div>\n<\/div>\n\n\n<div  class=\"blockSettings  paddingTopMD paddingBottomMD media-object-block light\" style=\"\"><div class=\"container\">\n\t<div class=\"grid\">\n\t\t<div class=\"col-sm-12\">\n\t\t\t<div class=\"inner image-right list-style-disc inner-white-bg\" style=\"background-color: #fff;\">\n\t\t\t\t<div class=\"copy\">\n\t\t\t\t\t    <div class=\"mainCopyWrap\">\n            <h2>O que \u00e9 a sa\u00fade da popula\u00e7\u00e3o?<\/h2>\n    <div class=\"paragraphWrap\"><p>A sa\u00fade da popula\u00e7\u00e3o consiste em melhorar os resultados de sa\u00fade de grupos de pessoas - e n\u00e3o apenas de um doente de cada vez. Isto inclui:<\/p>\n<ul>\n<li>Analisar os dados relativos a grupos de doentes para identificar padr\u00f5es de sa\u00fade e doen\u00e7a<\/li>\n<li>Garantir que as pessoas t\u00eam acesso aos cuidados de sa\u00fade quando e onde precisam deles<\/li>\n<li>Prevenir a doen\u00e7a antes de ela come\u00e7ar<\/li>\n<li>Gerir doen\u00e7as cr\u00f3nicas (como diabetes ou hipertens\u00e3o arterial)<\/li>\n<li>Abordar os factores sociais que afectam a sa\u00fade, como o acesso aos alimentos, \u00e0 habita\u00e7\u00e3o e aos transportes<\/li>\n<\/ul>\n<\/div>    <\/div>\n    \t\t\t\t<\/div>\n\t\t\t\t\t\t\t\t<div class=\"images\">\n\t\t\t\t\t\t<img decoding=\"async\" class=\"single\" src=\"https:\/\/www.southcoast.org\/wp-content\/uploads\/2025\/07\/Population-Health-People.jpg\" alt=\"Diverse group of people walking on interconnected paths, symbolizing community and public health.\">\n\t\t\t\t\t\t\t\t\t\t<\/div>\n\t\t\t\t\n\t\t\t<\/div>\n\t\t<\/div>\n\t<\/div>\n<\/div>\n<\/div>\n\n\n<div  class=\"blockSettings  paddingTopNone paddingBottomMD media-object-block light\" style=\"\"><div class=\"container\">\n\t<div class=\"grid\">\n\t\t<div class=\"col-sm-12\">\n\t\t\t<div class=\"inner image-left list-style-disc inner-white-bg\" style=\"background-color: #fff;\">\n\t\t\t\t<div class=\"copy\">\n\t\t\t\t\t    <div class=\"mainCopyWrap\">\n            <h2>O que \u00e9 que isto significa para os doentes?<\/h2>\n    <div class=\"paragraphWrap\"><p>Para os nossos doentes, isto significa melhores cuidados, apoio individualizado e vidas mais saud\u00e1veis - n\u00e3o apenas no consult\u00f3rio m\u00e9dico, mas na vida quotidiana.<\/p>\n<p>Eis o que isso pode parecer:<\/p>\n<ul>\n<li>Cuidados coordenados: Os seus m\u00e9dicos, enfermeiros e especialistas trabalham em equipa<\/li>\n<li>Servi\u00e7os preventivos: Ajudamo-lo a antecipar-se aos problemas de sa\u00fade com rastreios, vacinas e exames de controlo<\/li>\n<li>Apoio comunit\u00e1rio: Programas que estabelecem liga\u00e7\u00f5es com recursos na comunidade, incluindo alimenta\u00e7\u00e3o e nutri\u00e7\u00e3o, transporte, apoio \u00e0 habita\u00e7\u00e3o e cuidados de sa\u00fade comportamental<\/li>\n<li>Apoio personalizado: Entramos em contacto consigo para o ajudar a manter-se a par das consultas, medicamentos e planos de cuidados<\/li>\n<\/ul>\n<\/div>    <\/div>\n    \t\t\t\t<\/div>\n\t\t\t\t\t\t\t\t<div class=\"images\">\n\t\t\t\t\t\t<img decoding=\"async\" class=\"single\" src=\"https:\/\/www.southcoast.org\/wp-content\/uploads\/2025\/07\/Doctor-and-Patient-Asessing-Arms-Orthopedics.jpg\" alt=\"Senior woman receiving medical care from young doctor in a clinical setting.\">\n\t\t\t\t\t\t\t\t\t\t<\/div>\n\t\t\t\t\n\t\t\t<\/div>\n\t\t<\/div>\n\t<\/div>\n<\/div>\n<\/div>\n\n\n<div  class=\"blockSettings  paddingTopNone paddingBottomMD cardImageFluid light\" style=\"\"><div class=\"container\" role=\"region\" aria-roledescription=\"carousel\" aria-label=\"Construir uma comunidade mais saud\u00e1vel e mais inclusiva\">\n\t<div class=\"grid\">\n\t\t<div class=\"col-sm-12\">\n\t\t\t    <div class=\"introWithSliderControls leftAlign\">\n            <div class=\"mainCopyWrap\">\n            <h2>Construir uma comunidade mais saud\u00e1vel e mais inclusiva<\/h2>\n    <div class=\"paragraphWrap\"><p>O trabalho de Pertencimento da Southcoast Health \u00e9 fundamental para garantir que as nossas equipas possam atender \u00e0s necessidades da nossa vibrante comunidade.<\/p>\n<\/div>    <\/div>\n            <!-- Desktop + leftAlign Slider arrows -->\n        <div class=\"sliderControls sliderArrows\">\n            <button title=\"diapositivo anterior\" class=\"prev-slide\" aria-label=\"Deslizamento anterior\"><i class=\"fa-light fa-chevron-left\" aria-hidden=\"true\"><\/i><\/button>\n            <button title=\"diapositivo seguinte\" class=\"next-slide\" aria-label=\"Pr\u00f3ximo slide\"><i class=\"fa-light fa-chevron-right\" aria-hidden=\"true\"><\/i><\/button>\n        <\/div>\n            <\/div>\n\n\t\t<\/div>\n\t<\/div>\n\t<div class=\"blockSeparator\"><\/div>\n\t<div class=\"cardImageContentWrap\">\n\t\t\t\t\t<div class=\"sliderControls sliderArrows leftIntroAlign\">\n\t\t\t\t<button title=\"diapositivo anterior\" class=\"prev-slide\" aria-label=\"Deslizamento anterior\"><i class=\"fa-light fa-chevron-left\" aria-hidden=\"true\"><\/i><\/button>\n\t\t\t\t<button title=\"diapositivo seguinte\" class=\"next-slide\" aria-label=\"Pr\u00f3ximo slide\"><i class=\"fa-light fa-chevron-right\" aria-hidden=\"true\"><\/i><\/button>\n\t\t\t<\/div>\n\t\t\t\t\t\t\t<div class=\"grid  cardSlider sliderBleed\" data-slide-cols=\"3\" >\n\t\t\t\t\t\t\t\t\t\t\t\t\t\t\t<div class=\"col-sm-6 col-md-4 col-grid\" role=\"group\" aria-roledescription=\"slide\" aria-label=\"Pertencimento\">\n\t\t\t\t\t\t\t<div class=\"cardBasic noBorder left Vertical\">\n\t\t\t\t\t\t\t\t<div class=\"cardImage\" style=\"background-image:url('https:\/\/www.southcoast.org\/wp-content\/uploads\/2025\/07\/Belonging-Featured-Photo.jpg');\">\n\t\t\t\t\t\t\t\t\t\t\t\t\t\t\t\t\t<\/div>\n\t\t\t\t\t\t\t\t<div class=\"cardBasicBody\">\n\t\t\t\t\t\t\t\t\t\t\t\t\t\t\t\t\t\t<p class=\"cardBasicBodyTitle\">Pertencimento<\/p>\n\t\t\t\t\t\t\t\t\t\t\t\t\t\t\t\t\t\t\t\t\t\t\t\t\t\t\t\t\t\t\t\t\t\t\t\t\t\t\t<!-- Use post permalink if no external link -->\n\t\t\t\t\t\t\t\t\t\t\t<a aria-label=\"liga\u00e7\u00e3o a Belonging\" title=\"liga\u00e7\u00e3o a Belonging\" href=\"https:\/\/www.southcoast.org\/pt\/community\/belonging-at-southcoast-health\/\" class=\"readMore\"><i class=\"fa-regular fa-arrow-up-right readMoreIcon\"><\/i> Ler mais<\/a>\n\t\t\t\t\t\t\t\t\t\t\t\t\t\t\t\t\t\t\t\t\t\t\t\t\t\t\t<\/div>\n\t\t\t\t\t\t\t<\/div>\n\t\t\t\t\t\t<\/div>\n\t\t\t\t\t\t\t\t\t\t\t<div class=\"col-sm-6 col-md-4 col-grid\" role=\"group\" aria-roledescription=\"slide\" aria-label=\"Programa comunit\u00e1rio de bem-estar\">\n\t\t\t\t\t\t\t<div class=\"cardBasic noBorder left Vertical\">\n\t\t\t\t\t\t\t\t<div class=\"cardImage\" style=\"background-image:url('https:\/\/www.southcoast.org\/wp-content\/uploads\/2025\/08\/Community-Health-and-Wellness-1-scaled.jpg');\">\n\t\t\t\t\t\t\t\t\t\t\t\t\t\t\t\t\t<\/div>\n\t\t\t\t\t\t\t\t<div class=\"cardBasicBody\">\n\t\t\t\t\t\t\t\t\t\t\t\t\t\t\t\t\t\t<p class=\"cardBasicBodyTitle\">Programa comunit\u00e1rio de bem-estar<\/p>\n\t\t\t\t\t\t\t\t\t\t\t\t\t\t\t\t\t\t\t\t\t\t\t\t\t\t\t\t\t\t\t\t\t\t\t\t\t\t\t<!-- Use post permalink if no external link -->\n\t\t\t\t\t\t\t\t\t\t\t<a aria-label=\"liga\u00e7\u00e3o ao Programa Comunit\u00e1rio de Bem-Estar\" title=\"liga\u00e7\u00e3o ao Programa Comunit\u00e1rio de Bem-Estar\" href=\"https:\/\/www.southcoast.org\/pt\/community\/wellness-program\/\" class=\"readMore\"><i class=\"fa-regular fa-arrow-up-right readMoreIcon\"><\/i> Ler mais<\/a>\n\t\t\t\t\t\t\t\t\t\t\t\t\t\t\t\t\t\t\t\t\t\t\t\t\t\t\t<\/div>\n\t\t\t\t\t\t\t<\/div>\n\t\t\t\t\t\t<\/div>\n\t\t\t\t\t\t\t\t\t\t\t<div class=\"col-sm-6 col-md-4 col-grid\" role=\"group\" aria-roledescription=\"slide\" aria-label=\"Equidade na sa\u00fade\">\n\t\t\t\t\t\t\t<div class=\"cardBasic noBorder left Vertical\">\n\t\t\t\t\t\t\t\t<div class=\"cardImage\" style=\"background-image:url('https:\/\/www.southcoast.org\/wp-content\/uploads\/2025\/08\/HealthEquity-Website-Featured-Photo.jpg');\">\n\t\t\t\t\t\t\t\t\t\t\t\t\t\t\t\t\t<\/div>\n\t\t\t\t\t\t\t\t<div class=\"cardBasicBody\">\n\t\t\t\t\t\t\t\t\t\t\t\t\t\t\t\t\t\t<p class=\"cardBasicBodyTitle\">Equidade na sa\u00fade<\/p>\n\t\t\t\t\t\t\t\t\t\t\t\t\t\t\t\t\t\t\t\t\t\t\t\t\t\t\t\t\t\t\t\t\t\t\t\t\t\t\t<!-- Use post permalink if no external link -->\n\t\t\t\t\t\t\t\t\t\t\t<a aria-label=\"liga\u00e7\u00e3o \u00e0 equidade na sa\u00fade\" title=\"liga\u00e7\u00e3o \u00e0 equidade na sa\u00fade\" href=\"https:\/\/www.southcoast.org\/pt\/health-equity\/\" class=\"readMore\"><i class=\"fa-regular fa-arrow-up-right readMoreIcon\"><\/i> Ler mais<\/a>\n\t\t\t\t\t\t\t\t\t\t\t\t\t\t\t\t\t\t\t\t\t\t\t\t\t\t\t<\/div>\n\t\t\t\t\t\t\t<\/div>\n\t\t\t\t\t\t<\/div>\n\t\t\t\t\t\t\t\t\t\t\t<div class=\"col-sm-6 col-md-4 col-grid\" role=\"group\" aria-roledescription=\"slide\" aria-label=\"Destaque da comunidade de sa\u00fade de Southcoast\">\n\t\t\t\t\t\t\t<div class=\"cardBasic noBorder left Vertical\">\n\t\t\t\t\t\t\t\t<div class=\"cardImage\" style=\"background-image:url('https:\/\/www.southcoast.org\/wp-content\/uploads\/2025\/06\/podcast_page_hero.webp');\">\n\t\t\t\t\t\t\t\t\t\t\t\t\t\t\t\t\t<\/div>\n\t\t\t\t\t\t\t\t<div class=\"cardBasicBody\">\n\t\t\t\t\t\t\t\t\t\t\t\t\t\t\t\t\t\t<p class=\"cardBasicBodyTitle\">Destaque da comunidade de sa\u00fade de Southcoast<\/p>\n\t\t\t\t\t\t\t\t\t\t\t\t\t\t\t\t\t\t\t\t\t\t\t\t\t\t\t\t\t\t\t\t\t\t\t\t\t\t\t<!-- Use post permalink if no external link -->\n\t\t\t\t\t\t\t\t\t\t\t<a aria-label=\"liga\u00e7\u00e3o para Southcoast Health Community Spotlight\" title=\"liga\u00e7\u00e3o para Southcoast Health Community Spotlight\" href=\"https:\/\/www.southcoast.org\/pt\/community\/community-spotlight\/\" class=\"readMore\"><i class=\"fa-regular fa-arrow-up-right readMoreIcon\"><\/i> Ler mais<\/a>\n\t\t\t\t\t\t\t\t\t\t\t\t\t\t\t\t\t\t\t\t\t\t\t\t\t\t\t<\/div>\n\t\t\t\t\t\t\t<\/div>\n\t\t\t\t\t\t<\/div>\n\t\t\t\t\t\t\t\t\t\t\t\t<\/div>\n\t\t\t<\/div>\n\t\t\t<div class=\"introCTAs introBottomCTAs\">\n\t\t\t\t\t<\/div>\n\t<\/div>\n\n<\/div>","protected":false},"excerpt":{"rendered":"","protected":false},"author":7,"featured_media":21749,"parent":10737,"menu_order":0,"comment_status":"closed","ping_status":"closed","template":"","meta":{"_acf_changed":false,"footnotes":""},"class_list":["post-10743","page","type-page","status-publish","has-post-thumbnail","hentry"],"acf":[],"yoast_head":"<!-- This site is optimized with the Yoast SEO plugin v26.0 - https:\/\/yoast.com\/wordpress\/plugins\/seo\/ -->\n<title>Population Health - Southcoast Health<\/title>\n<meta name=\"description\" content=\"Southcoast Health\u2019s Population Health team is committed to improving care quality, access, and equity for patients and communities across the South Coast region.\" \/>\n<meta name=\"robots\" content=\"index, follow, max-snippet:-1, max-image-preview:large, max-video-preview:-1\" \/>\n<link rel=\"canonical\" href=\"https:\/\/www.southcoast.org\/pt\/community\/population-health\/\" \/>\n<meta property=\"og:locale\" content=\"pt_PT\" \/>\n<meta property=\"og:type\" content=\"article\" \/>\n<meta property=\"og:title\" content=\"Population Health - Southcoast Health\" \/>\n<meta property=\"og:description\" content=\"Southcoast Health\u2019s Population Health team is committed to improving care quality, access, and equity for patients and communities across the South Coast region.\" \/>\n<meta property=\"og:url\" content=\"https:\/\/www.southcoast.org\/pt\/community\/population-health\/\" \/>\n<meta property=\"og:site_name\" content=\"Southcoast Health\" \/>\n<meta property=\"article:modified_time\" content=\"2025-08-21T20:06:16+00:00\" \/>\n<meta name=\"twitter:card\" content=\"summary_large_image\" \/>\n<script type=\"application\/ld+json\" class=\"yoast-schema-graph\">{\"@context\":\"https:\/\/schema.org\",\"@graph\":[{\"@type\":\"WebPage\",\"@id\":\"https:\/\/www.southcoast.org\/community\/population-health\/\",\"url\":\"https:\/\/www.southcoast.org\/community\/population-health\/\",\"name\":\"Population Health - Southcoast Health\",\"isPartOf\":{\"@id\":\"https:\/\/www.southcoast.org\/#website\"},\"primaryImageOfPage\":{\"@id\":\"https:\/\/www.southcoast.org\/community\/population-health\/#primaryimage\"},\"image\":{\"@id\":\"https:\/\/www.southcoast.org\/community\/population-health\/#primaryimage\"},\"thumbnailUrl\":\"https:\/\/www.southcoast.org\/wp-content\/uploads\/2025\/07\/Population-Health-People.jpg\",\"datePublished\":\"2025-06-12T04:46:16+00:00\",\"dateModified\":\"2025-08-21T20:06:16+00:00\",\"description\":\"Southcoast Health\u2019s Population Health team is committed to improving care quality, access, and equity for patients and communities across the South Coast region.\",\"breadcrumb\":{\"@id\":\"https:\/\/www.southcoast.org\/community\/population-health\/#breadcrumb\"},\"inLanguage\":\"pt-PT\",\"potentialAction\":[{\"@type\":\"ReadAction\",\"target\":[\"https:\/\/www.southcoast.org\/community\/population-health\/\"]}]},{\"@type\":\"ImageObject\",\"inLanguage\":\"pt-PT\",\"@id\":\"https:\/\/www.southcoast.org\/community\/population-health\/#primaryimage\",\"url\":\"https:\/\/www.southcoast.org\/wp-content\/uploads\/2025\/07\/Population-Health-People.jpg\",\"contentUrl\":\"https:\/\/www.southcoast.org\/wp-content\/uploads\/2025\/07\/Population-Health-People.jpg\",\"width\":2309,\"height\":1299,\"caption\":\"A bustling crowd of 18 people pass by an oversized stethoscope to illustrate the medical field of Public Health. Some walk, jog, or ride past while others stand as if they are out in public. Conceptual vector illustration presented in isometric view over a blue background on a 16x9 artboard. Colors include warm off-white, gray, turquoise\/teal, and magenta\"},{\"@type\":\"BreadcrumbList\",\"@id\":\"https:\/\/www.southcoast.org\/community\/population-health\/#breadcrumb\",\"itemListElement\":[{\"@type\":\"ListItem\",\"position\":1,\"name\":\"\",\"item\":\"https:\/\/www.southcoast.org\/\"},{\"@type\":\"ListItem\",\"position\":2,\"name\":\"Community\",\"item\":\"https:\/\/www.southcoast.org\/community\/\"},{\"@type\":\"ListItem\",\"position\":3,\"name\":\"Population Health\"}]},{\"@type\":\"WebSite\",\"@id\":\"https:\/\/www.southcoast.org\/#website\",\"url\":\"https:\/\/www.southcoast.org\/\",\"name\":\"Southcoast Health\",\"description\":\"More than medicine.\",\"potentialAction\":[{\"@type\":\"SearchAction\",\"target\":{\"@type\":\"EntryPoint\",\"urlTemplate\":\"https:\/\/www.southcoast.org\/?s={search_term_string}\"},\"query-input\":{\"@type\":\"PropertyValueSpecification\",\"valueRequired\":true,\"valueName\":\"search_term_string\"}}],\"inLanguage\":\"pt-PT\"}]}<\/script>\n<!-- \/ Yoast SEO plugin. -->","yoast_head_json":{"title":"Population Health - Southcoast Health","description":"Southcoast Health\u2019s Population Health team is committed to improving care quality, access, and equity for patients and communities across the South Coast region.","robots":{"index":"index","follow":"follow","max-snippet":"max-snippet:-1","max-image-preview":"max-image-preview:large","max-video-preview":"max-video-preview:-1"},"canonical":"https:\/\/www.southcoast.org\/pt\/community\/population-health\/","og_locale":"pt_PT","og_type":"article","og_title":"Population Health - Southcoast Health","og_description":"Southcoast Health\u2019s Population Health team is committed to improving care quality, access, and equity for patients and communities across the South Coast region.","og_url":"https:\/\/www.southcoast.org\/pt\/community\/population-health\/","og_site_name":"Southcoast Health","article_modified_time":"2025-08-21T20:06:16+00:00","twitter_card":"summary_large_image","schema":{"@context":"https:\/\/schema.org","@graph":[{"@type":"WebPage","@id":"https:\/\/www.southcoast.org\/community\/population-health\/","url":"https:\/\/www.southcoast.org\/community\/population-health\/","name":"Population Health - Southcoast Health","isPartOf":{"@id":"https:\/\/www.southcoast.org\/#website"},"primaryImageOfPage":{"@id":"https:\/\/www.southcoast.org\/community\/population-health\/#primaryimage"},"image":{"@id":"https:\/\/www.southcoast.org\/community\/population-health\/#primaryimage"},"thumbnailUrl":"https:\/\/www.southcoast.org\/wp-content\/uploads\/2025\/07\/Population-Health-People.jpg","datePublished":"2025-06-12T04:46:16+00:00","dateModified":"2025-08-21T20:06:16+00:00","description":"Southcoast Health\u2019s Population Health team is committed to improving care quality, access, and equity for patients and communities across the South Coast region.","breadcrumb":{"@id":"https:\/\/www.southcoast.org\/community\/population-health\/#breadcrumb"},"inLanguage":"pt-PT","potentialAction":[{"@type":"ReadAction","target":["https:\/\/www.southcoast.org\/community\/population-health\/"]}]},{"@type":"ImageObject","inLanguage":"pt-PT","@id":"https:\/\/www.southcoast.org\/community\/population-health\/#primaryimage","url":"https:\/\/www.southcoast.org\/wp-content\/uploads\/2025\/07\/Population-Health-People.jpg","contentUrl":"https:\/\/www.southcoast.org\/wp-content\/uploads\/2025\/07\/Population-Health-People.jpg","width":2309,"height":1299,"caption":"A bustling crowd of 18 people pass by an oversized stethoscope to illustrate the medical field of Public Health. Some walk, jog, or ride past while others stand as if they are out in public. Conceptual vector illustration presented in isometric view over a blue background on a 16x9 artboard. Colors include warm off-white, gray, turquoise\/teal, and magenta"},{"@type":"BreadcrumbList","@id":"https:\/\/www.southcoast.org\/community\/population-health\/#breadcrumb","itemListElement":[{"@type":"ListItem","position":1,"name":"","item":"https:\/\/www.southcoast.org\/"},{"@type":"ListItem","position":2,"name":"Community","item":"https:\/\/www.southcoast.org\/community\/"},{"@type":"ListItem","position":3,"name":"Population Health"}]},{"@type":"WebSite","@id":"https:\/\/www.southcoast.org\/#website","url":"https:\/\/www.southcoast.org\/","name":"Sa\u00fade no Sudeste","description":"Mais do que medicamentos.","potentialAction":[{"@type":"SearchAction","target":{"@type":"EntryPoint","urlTemplate":"https:\/\/www.southcoast.org\/?s={search_term_string}"},"query-input":{"@type":"PropertyValueSpecification","valueRequired":true,"valueName":"search_term_string"}}],"inLanguage":"pt-PT"}]}},"_links":{"self":[{"href":"https:\/\/www.southcoast.org\/pt\/wp-json\/wp\/v2\/pages\/10743","targetHints":{"allow":["GET"]}}],"collection":[{"href":"https:\/\/www.southcoast.org\/pt\/wp-json\/wp\/v2\/pages"}],"about":[{"href":"https:\/\/www.southcoast.org\/pt\/wp-json\/wp\/v2\/types\/page"}],"author":[{"embeddable":true,"href":"https:\/\/www.southcoast.org\/pt\/wp-json\/wp\/v2\/users\/7"}],"replies":[{"embeddable":true,"href":"https:\/\/www.southcoast.org\/pt\/wp-json\/wp\/v2\/comments?post=10743"}],"version-history":[{"count":14,"href":"https:\/\/www.southcoast.org\/pt\/wp-json\/wp\/v2\/pages\/10743\/revisions"}],"predecessor-version":[{"id":38894,"href":"https:\/\/www.southcoast.org\/pt\/wp-json\/wp\/v2\/pages\/10743\/revisions\/38894"}],"up":[{"embeddable":true,"href":"https:\/\/www.southcoast.org\/pt\/wp-json\/wp\/v2\/pages\/10737"}],"wp:featuredmedia":[{"embeddable":true,"href":"https:\/\/www.southcoast.org\/pt\/wp-json\/wp\/v2\/media\/21749"}],"wp:attachment":[{"href":"https:\/\/www.southcoast.org\/pt\/wp-json\/wp\/v2\/media?parent=10743"}],"curies":[{"name":"wp","href":"https:\/\/api.w.org\/{rel}","templated":true}]}}