{"id":39296,"date":"2025-08-28T19:47:11","date_gmt":"2025-08-28T19:47:11","guid":{"rendered":"https:\/\/live-southcoast-health-multi.southcoast-health.org\/?page_id=39296"},"modified":"2026-01-21T15:40:05","modified_gmt":"2026-01-21T20:40:05","slug":"heart-vascular","status":"publish","type":"page","link":"https:\/\/www.southcoast.org\/es\/giving\/heart-vascular\/","title":{"rendered":"Coraz\u00f3n y Vascular"},"content":{"rendered":"<div  class=\"blockSettings    hero-main-block show-breadcrumbs\" style=\"\"><div class=\"background\"><\/div>\n<div class=\"container\">\n\n    <div class=\"breadcrumbsWrapper desktop-breadcrumbs\"><nav id=\"breadcrumbs\" aria-label=\"Migas de pan\"><ol><li><a href=\"https:\/\/www.southcoast.org\/es\/\"><i class=\"fa-light fa-house\"><\/i><span class=\"visually-hidden\">Inicio<\/span><\/a><\/li><\/ol><\/nav><\/div><div class=\"breadcrumbsWrapper mobile-breadcrumbs\"><p id=\"mobile-breadcrumbs\"><span><span><a href=\"https:\/\/www.southcoast.org\/es\"><i class=\"far fa-home\"><\/i><\/a><\/span> <i class=\"fa-solid fa-chevron-right separator\"><\/i> <span><a href=\"https:\/\/www.southcoast.org\/es\/giving\/\">Dar<\/a><\/span><\/span><\/p><\/div>    <div class=\"grid\">\n        <div class=\"col-bleed-y\">\n            <div class=\"inner-wrap\">\n                <div class=\"content-col\">\n                                            <h1>Coraz\u00f3n y Vascular<\/h1>\n                                        <div class=\"copy-wrap\">\n                                                    <p>Su apoyo a Southcoast Health Heart &amp; Vascular<span class=\"TextRun SCXW175878052 BCX8\" lang=\"EN-US\" xml:lang=\"EN-US\" data-contrast=\"auto\"><span class=\"NormalTextRun SCXW175878052 BCX8\"> contribuye a curar 6.000 corazones al a\u00f1o. Nuestro galardonado programa cardiaco y vascular marca la pauta de la atenci\u00f3n cardiaca y vascular en la regi\u00f3n de la costa sur.<\/span><\/span><\/p>\n                                            <\/div>\n                                            <div class=\"cta-wrap\">\n                                                            <a aria-label=\"Enlace a Give Today\" class=\"mainCTA shadow dark1\" href=\"https:\/\/host.nxt.blackbaud.com\/donor-form\/?svcid=renxt&#038;formId=1c03d3da-2583-4e5e-baba-3d44974af95e&#038;envid=p-ErWNnLTD3UGBHCAEwe1t7Q&#038;zone=usa\" target=\"_blank\" title=\"Abre Give Today en una nueva pesta\u00f1a o ventana\" rel=\"noopener noreferrer\">Regala hoy<span class=\"fa-regular fa-up-right-from-square\"><\/span><\/a>                                                                                <\/div>\n                                    <\/div>\n                <div class=\"media-col\">\n                                            <img\n                            class=\"main-img\"\n                            src=\"https:\/\/www.southcoast.org\/wp-content\/uploads\/2025\/07\/Vascular-Image-2.jpg\"\n                                                        srcset=\"https:\/\/www.southcoast.org\/wp-content\/uploads\/2025\/07\/Vascular-Image-2.jpg 2121w, https:\/\/www.southcoast.org\/wp-content\/uploads\/2025\/07\/Vascular-Image-2-300x200.jpg 300w, https:\/\/www.southcoast.org\/wp-content\/uploads\/2025\/07\/Vascular-Image-2-1024x683.jpg 1024w, https:\/\/www.southcoast.org\/wp-content\/uploads\/2025\/07\/Vascular-Image-2-768x512.jpg 768w, https:\/\/www.southcoast.org\/wp-content\/uploads\/2025\/07\/Vascular-Image-2-1536x1024.jpg 1536w, https:\/\/www.southcoast.org\/wp-content\/uploads\/2025\/07\/Vascular-Image-2-2048x1365.jpg 2048w, https:\/\/www.southcoast.org\/wp-content\/uploads\/2025\/07\/Vascular-Image-2-18x12.jpg 18w\"\n                            sizes=\"(max-width: 768px) 100vw, (max-width: 1200px) 50vw, 800px\"\n                                                        alt=\"\"\n                            loading=\"eager\"\n                            decoding=\"async\"\n                            fetchpriority=\"high\">\n                                                            <img decoding=\"async\" class=\"corner-art\" src=\"https:\/\/www.southcoast.org\/wp-content\/themes\/southcoast_multisite\/images\/corner-art.svg\">\n                <\/div>\n            <\/div>\n        <\/div>\n    <\/div>\n<\/div>\n\n<script>\n    document.querySelectorAll('.play-button').forEach(button => {\n        button.addEventListener('click', function() {\n            const modal = this.nextElementSibling;\n            modal.style.display = 'block';\n            document.body.style.overflow = 'hidden';\n        });\n    });\n\n    document.querySelectorAll('.close-modal, .modal-overlay').forEach(element => {\n        element.addEventListener('click', function() {\n            const modal = this.closest('.video-modal');\n            modal.style.display = 'none';\n            document.body.style.overflow = '';\n        });\n    });\n<\/script>\n<\/div>\n\n\n<div  class=\"blockSettings  paddingTopSM paddingBottomSM media-object-block light\" style=\"\"><div class=\"container\">\n\t<div class=\"grid\">\n\t\t<div class=\"col-sm-12\">\n\t\t\t<div class=\"inner image-left list-style-disc inner-white-bg\" style=\"background-color: #fff;\">\n\t\t\t\t<div class=\"copy\">\n\t\t\t\t\t    <div class=\"mainCopyWrap\">\n            <h2>Invierta en cada latido<\/h2>\n    <div class=\"paragraphWrap\"><p><span data-contrast=\"auto\">Heart &amp; Vascular combina conocimientos especializados, las tecnolog\u00edas m\u00e1s avanzadas y tratamientos innovadores para cuidar del coraz\u00f3n que m\u00e1s importa: el suyo.<\/span><span data-ccp-props=\"{}\">\u00a0<\/span><\/p>\n<p><span data-contrast=\"auto\">En <\/span><a href=\"https:\/\/host.nxt.blackbaud.com\/donor-form?svcid=renxt&amp;formId=1c03d3da-2583-4e5e-baba-3d44974af95e&amp;envid=p-ErWNnLTD3UGBHCAEwe1t7Q&amp;zone=usa\">Fondo del Centro de Cuidados Cardiovasculares<\/a><span data-contrast=\"auto\"> impulsa la excelencia cl\u00ednica mediante el apoyo directo a las necesidades de capital y tecnolog\u00eda, la formaci\u00f3n de pacientes y personal, y la prevenci\u00f3n y el compromiso con la comunidad que mejoran los resultados de los pacientes.<\/span><\/p>\n<\/div>    <\/div>\n        <div class=\"ctaWrap\">\n                    <a aria-label=\"enlace para hacer un regalo hoy\" class=\"mainCTA shadow light1\" href=\"https:\/\/host.nxt.blackbaud.com\/donor-form\/?svcid=renxt&#038;formId=1c03d3da-2583-4e5e-baba-3d44974af95e&#038;envid=p-ErWNnLTD3UGBHCAEwe1t7Q&#038;zone=usa\" target=\"_blank\" title=\"Abre Regala hoy en una nueva pesta\u00f1a o ventana\" rel=\"noopener noreferrer\">Regala hoy<span class=\"fa-regular fa-up-right-from-square\"><\/span><\/a>            <\/div>\n    \t\t\t\t<\/div>\n\t\t\t\t\t\t\t\t<div class=\"images\">\n\t\t\t\t\t\t<img decoding=\"async\" class=\"single\" src=\"https:\/\/www.southcoast.org\/wp-content\/uploads\/2025\/08\/Cath-Lab-Benjamin-Zorach-Heart-and-Vascular-1-scaled.png\" alt=\"\">\n\t\t\t\t\t\t\t\t\t\t<\/div>\n\t\t\t\t\n\t\t\t<\/div>\n\t\t<\/div>\n\t<\/div>\n<\/div>\n<\/div>\n\n\n\n\n<div  class=\"blockSettings  paddingTopSM paddingBottomSM bannerFluid light\" style=\"\"><div class=\"container\">\n    <div class=\"grid\">\n        <div class=\"col-sm-12\">\n            <div class=\"inner\">\n                                    <img decoding=\"async\" class=\"pulse\" src=\"https:\/\/www.southcoast.org\/wp-content\/themes\/southcoast_multisite\/images\/pulse.svg\" alt=\"\">\n                                <div class=\"copy\">\n                        <div class=\"mainCopyWrap\">\n        <div class=\"paragraphWrap\"><p>Obtenga m\u00e1s informaci\u00f3n sobre nuestro galardonado programa, que marca la pauta en la atenci\u00f3n de categor\u00eda mundial, combinando conocimientos especializados, las tecnolog\u00edas m\u00e1s avanzadas y tratamientos innovadores para cuidar del coraz\u00f3n que m\u00e1s importa... <strong>tuya.<\/strong><\/p>\n<\/div>    <\/div>\n        <div class=\"ctaWrap\">\n                    <a aria-label=\"Enlace a Southcoast Heart &amp; Vascular Services\" class=\"mainCTA shadow dark1\" href=\"https:\/\/heart.southcoast.org\/\" target=\"_blank\" title=\"Abre Southcoast Heart &amp; Vascular Services en una nueva pesta\u00f1a o ventana\" rel=\"noopener noreferrer\">Southcoast Heart &amp; Vascular Services<span class=\"fa-regular fa-up-right-from-square\"><\/span><\/a>            <\/div>\n                    <\/div>\n                <div class=\"media\">\n                    \n                        <img decoding=\"async\" class=\"doctor\" src=\"https:\/\/www.southcoast.org\/wp-content\/uploads\/2025\/08\/Cardiac-Surgery-Team-Cutout.png\" alt=\"\">\n                        <img decoding=\"async\" class=\"graphical\" src=\"https:\/\/www.southcoast.org\/wp-content\/themes\/southcoast_multisite\/images\/corner-art.svg\" alt=\"\">\n\n\n                                    <\/div>\n            <\/div>\n        <\/div>\n    <\/div>\n<\/div>\n<\/div>\n\n\n<div  class=\"blockSettings  paddingTopSM paddingBottomSM cardImageFluid darkTheme\" style=\"background: linear-gradient(110deg, #0A4A3D 2.57%, rgba(5, 116, 99, 0.99) 59.47%, #009984 99.08%);\"><div class=\"container\" role=\"region\" aria-roledescription=\"carousel\" aria-label=\"Formas de influir\">\n\t<div class=\"grid\">\n\t\t<div class=\"col-sm-12\">\n\t\t\t    <div class=\"introWithSliderControls centerAlign\">\n            <div class=\"mainCopyWrap\">\n            <h2>Formas de influir<\/h2>\n        <\/div>\n            <!-- Desktop + leftAlign Slider arrows -->\n        <div class=\"sliderControls sliderArrows\">\n            <button title=\"diapositiva anterior\" class=\"prev-slide\" aria-label=\"Diapositiva anterior\"><i class=\"fa-light fa-chevron-left\" aria-hidden=\"true\"><\/i><\/button>\n            <button title=\"siguiente diapositiva\" class=\"next-slide\" aria-label=\"Siguiente diapositiva\"><i class=\"fa-light fa-chevron-right\" aria-hidden=\"true\"><\/i><\/button>\n        <\/div>\n            <\/div>\n\n\t\t<\/div>\n\t<\/div>\n\t<div class=\"blockSeparator\"><\/div>\n\t<div class=\"cardImageContentWrap\">\n\t\t\t\t\t<div class=\"sliderControls sliderArrows centerIntroAlign\">\n\t\t\t\t<button title=\"diapositiva anterior\" class=\"prev-slide\" aria-label=\"Diapositiva anterior\"><i class=\"fa-light fa-chevron-left\" aria-hidden=\"true\"><\/i><\/button>\n\t\t\t\t<button title=\"siguiente diapositiva\" class=\"next-slide\" aria-label=\"Siguiente diapositiva\"><i class=\"fa-light fa-chevron-right\" aria-hidden=\"true\"><\/i><\/button>\n\t\t\t<\/div>\n\t\t\t\t\t\t\t<div class=\"grid  cardSlider\" data-slide-cols=\"4\" >\n\t\t\t\t\t\t\t\t\t\t\t\t\t\t\t<div class=\"col-sm-6 col-md-3 col-grid\" role=\"group\" aria-roledescription=\"slide\" aria-label=\"Sociedad de Donaci\u00f3n de Liderazgo\">\n\t\t\t\t\t\t\t<div class=\"cardBasic border center Vertical\">\n\t\t\t\t\t\t\t\t<div class=\"cardImage\" style=\"background-image:url('https:\/\/www.southcoast.org\/wp-content\/uploads\/2025\/08\/leadership-giving-hero.jpg');\">\n\t\t\t\t\t\t\t\t\t\t\t\t\t\t\t\t\t<\/div>\n\t\t\t\t\t\t\t\t<div class=\"cardBasicBody\">\n\t\t\t\t\t\t\t\t\t\t\t\t\t\t\t\t\t\t<p class=\"cardBasicBodyTitle\">Sociedad de Donaci\u00f3n de Liderazgo<\/p>\n\t\t\t\t\t\t\t\t\t\t\t\t\t\t\t\t\t\t\t\t\t\t\t\t\t\t\t\t\t\t\t\t\t\t\t\t\t\t\t<!-- Use post permalink if no external link -->\n\t\t\t\t\t\t\t\t\t\t\t<a aria-label=\"enlace a Leadership Giving Society\" title=\"enlace a Leadership Giving Society\" href=\"https:\/\/www.southcoast.org\/es\/giving\/leadership-giving-society\/\" class=\"readMore\"><i class=\"fa-regular fa-arrow-up-right readMoreIcon\"><\/i> Seguir leyendo<\/a>\n\t\t\t\t\t\t\t\t\t\t\t\t\t\t\t\t\t\t\t\t\t\t\t\t\t\t\t<\/div>\n\t\t\t\t\t\t\t<\/div>\n\t\t\t\t\t\t<\/div>\n\t\t\t\t\t\t\t\t\t\t\t<div class=\"col-sm-6 col-md-3 col-grid\" role=\"group\" aria-roledescription=\"slide\" aria-label=\"Paciente agradecido\">\n\t\t\t\t\t\t\t<div class=\"cardBasic border center Vertical\">\n\t\t\t\t\t\t\t\t<div class=\"cardImage\" style=\"background-image:url('https:\/\/www.southcoast.org\/wp-content\/uploads\/2025\/01\/Kari-Star_Grateful-Patient_Southcoast-Star-scaled-1.jpg');\">\n\t\t\t\t\t\t\t\t\t\t\t\t\t\t\t\t\t<\/div>\n\t\t\t\t\t\t\t\t<div class=\"cardBasicBody\">\n\t\t\t\t\t\t\t\t\t\t\t\t\t\t\t\t\t\t<p class=\"cardBasicBodyTitle\">Paciente agradecido<\/p>\n\t\t\t\t\t\t\t\t\t\t\t\t\t\t\t\t\t\t\t\t\t\t\t\t\t\t\t\t\t\t\t\t\t\t\t\t\t\t\t<!-- Use post permalink if no external link -->\n\t\t\t\t\t\t\t\t\t\t\t<a aria-label=\"enlace a Paciente Agradecido\" title=\"enlace a Paciente Agradecido\" href=\"https:\/\/www.southcoast.org\/es\/giving\/grateful-patient\/\" class=\"readMore\"><i class=\"fa-regular fa-arrow-up-right readMoreIcon\"><\/i> Seguir leyendo<\/a>\n\t\t\t\t\t\t\t\t\t\t\t\t\t\t\t\t\t\t\t\t\t\t\t\t\t\t\t<\/div>\n\t\t\t\t\t\t\t<\/div>\n\t\t\t\t\t\t<\/div>\n\t\t\t\t\t\t\t\t\t\t\t<div class=\"col-sm-6 col-md-3 col-grid\" role=\"group\" aria-roledescription=\"slide\" aria-label=\"Homenajes y conmemoraciones\">\n\t\t\t\t\t\t\t<div class=\"cardBasic border center Vertical\">\n\t\t\t\t\t\t\t\t<div class=\"cardImage\" style=\"background-image:url('https:\/\/www.southcoast.org\/wp-content\/uploads\/2025\/08\/at-Home-Patient-with-Staff-scaled.jpg');\">\n\t\t\t\t\t\t\t\t\t\t\t\t\t\t\t\t\t<\/div>\n\t\t\t\t\t\t\t\t<div class=\"cardBasicBody\">\n\t\t\t\t\t\t\t\t\t\t\t\t\t\t\t\t\t\t<p class=\"cardBasicBodyTitle\">Homenajes y conmemoraciones<\/p>\n\t\t\t\t\t\t\t\t\t\t\t\t\t\t\t\t\t\t\t\t\t\t\t\t\t\t\t\t\t\t\t\t\t\t\t\t\t\t\t<!-- Use post permalink if no external link -->\n\t\t\t\t\t\t\t\t\t\t\t<a aria-label=\"enlace a Homenajes y Conmemoraciones\" title=\"enlace a Homenajes y Conmemoraciones\" href=\"https:\/\/www.southcoast.org\/es\/giving\/tribute-giving\/\" class=\"readMore\"><i class=\"fa-regular fa-arrow-up-right readMoreIcon\"><\/i> Seguir leyendo<\/a>\n\t\t\t\t\t\t\t\t\t\t\t\t\t\t\t\t\t\t\t\t\t\t\t\t\t\t\t<\/div>\n\t\t\t\t\t\t\t<\/div>\n\t\t\t\t\t\t<\/div>\n\t\t\t\t\t\t\t\t\t\t\t<div class=\"col-sm-6 col-md-3 col-grid\" role=\"group\" aria-roledescription=\"slide\" aria-label=\"Legado\">\n\t\t\t\t\t\t\t<div class=\"cardBasic border center Vertical\">\n\t\t\t\t\t\t\t\t<div class=\"cardImage\" style=\"background-image:url('https:\/\/www.southcoast.org\/wp-content\/uploads\/2025\/08\/Couto-Fund-Scarf-Donation-2024-Cancer-Care-scaled.jpg');\">\n\t\t\t\t\t\t\t\t\t\t\t\t\t\t\t\t\t<\/div>\n\t\t\t\t\t\t\t\t<div class=\"cardBasicBody\">\n\t\t\t\t\t\t\t\t\t\t\t\t\t\t\t\t\t\t<p class=\"cardBasicBodyTitle\">Legado<\/p>\n\t\t\t\t\t\t\t\t\t\t\t\t\t\t\t\t\t\t\t\t\t\t\t\t\t\t\t\t\t\t\t\t\t\t\t\t\t\t\t<!-- Use post permalink if no external link -->\n\t\t\t\t\t\t\t\t\t\t\t<a aria-label=\"enlace a Legacy Giving\" title=\"enlace a Legacy Giving\" href=\"https:\/\/www.southcoast.org\/es\/giving\/legacy\/\" class=\"readMore\"><i class=\"fa-regular fa-arrow-up-right readMoreIcon\"><\/i> Seguir leyendo<\/a>\n\t\t\t\t\t\t\t\t\t\t\t\t\t\t\t\t\t\t\t\t\t\t\t\t\t\t\t<\/div>\n\t\t\t\t\t\t\t<\/div>\n\t\t\t\t\t\t<\/div>\n\t\t\t\t\t\t\t\t\t\t\t<div class=\"col-sm-6 col-md-3 col-grid\" role=\"group\" aria-roledescription=\"slide\" aria-label=\"Eventos y patrocinios\">\n\t\t\t\t\t\t\t<div class=\"cardBasic border center Vertical\">\n\t\t\t\t\t\t\t\t<div class=\"cardImage\" style=\"background-image:url('https:\/\/www.southcoast.org\/wp-content\/uploads\/2025\/08\/2024-Nicole-Podkowa-Race-Day-171-scaled.jpg');\">\n\t\t\t\t\t\t\t\t\t\t\t\t\t\t\t\t\t<\/div>\n\t\t\t\t\t\t\t\t<div class=\"cardBasicBody\">\n\t\t\t\t\t\t\t\t\t\t\t\t\t\t\t\t\t\t<p class=\"cardBasicBodyTitle\">Eventos y patrocinios<\/p>\n\t\t\t\t\t\t\t\t\t\t\t\t\t\t\t\t\t\t\t\t\t\t\t\t\t\t\t\t\t\t\t\t\t\t\t\t\t\t\t<!-- Use post permalink if no external link -->\n\t\t\t\t\t\t\t\t\t\t\t<a aria-label=\"enlace a Eventos y patrocinios\" title=\"enlace a Eventos y patrocinios\" href=\"https:\/\/www.southcoast.org\/es\/giving\/events-and-sponsorships\/\" class=\"readMore\"><i class=\"fa-regular fa-arrow-up-right readMoreIcon\"><\/i> Seguir leyendo<\/a>\n\t\t\t\t\t\t\t\t\t\t\t\t\t\t\t\t\t\t\t\t\t\t\t\t\t\t\t<\/div>\n\t\t\t\t\t\t\t<\/div>\n\t\t\t\t\t\t<\/div>\n\t\t\t\t\t\t\t\t\t\t\t<div class=\"col-sm-6 col-md-3 col-grid\" role=\"group\" aria-roledescription=\"slide\" aria-label=\"Otras formas de donar\">\n\t\t\t\t\t\t\t<div class=\"cardBasic border center Vertical\">\n\t\t\t\t\t\t\t\t<div class=\"cardImage\" style=\"background-image:url('https:\/\/www.southcoast.org\/wp-content\/uploads\/2025\/08\/Other-Ways-to-Give-giving-Page-Laura-Brain-and-Spine-Patient.jpg');\">\n\t\t\t\t\t\t\t\t\t\t\t\t\t\t\t\t\t<\/div>\n\t\t\t\t\t\t\t\t<div class=\"cardBasicBody\">\n\t\t\t\t\t\t\t\t\t\t\t\t\t\t\t\t\t\t<p class=\"cardBasicBodyTitle\">Otras formas de donar<\/p>\n\t\t\t\t\t\t\t\t\t\t\t\t\t\t\t\t\t\t\t\t\t\t\t\t\t\t\t\t\t\t\t\t\t\t\t\t\t\t\t<!-- Use post permalink if no external link -->\n\t\t\t\t\t\t\t\t\t\t\t<a aria-label=\"enlace a Otras formas de donar\" title=\"enlace a Otras formas de donar\" href=\"https:\/\/www.southcoast.org\/es\/giving\/other-ways-to-give\/\" class=\"readMore\"><i class=\"fa-regular fa-arrow-up-right readMoreIcon\"><\/i> Seguir leyendo<\/a>\n\t\t\t\t\t\t\t\t\t\t\t\t\t\t\t\t\t\t\t\t\t\t\t\t\t\t\t<\/div>\n\t\t\t\t\t\t\t<\/div>\n\t\t\t\t\t\t<\/div>\n\t\t\t\t\t\t\t\t\t\t\t<div class=\"col-sm-6 col-md-3 col-grid\" role=\"group\" aria-roledescription=\"slide\" aria-label=\"Voluntario\">\n\t\t\t\t\t\t\t<div class=\"cardBasic border center Vertical\">\n\t\t\t\t\t\t\t\t<div class=\"cardImage\" style=\"background-image:url('https:\/\/www.southcoast.org\/wp-content\/uploads\/2025\/07\/Untitled-design.png');\">\n\t\t\t\t\t\t\t\t\t\t\t\t\t\t\t\t\t<\/div>\n\t\t\t\t\t\t\t\t<div class=\"cardBasicBody\">\n\t\t\t\t\t\t\t\t\t\t\t\t\t\t\t\t\t\t<p class=\"cardBasicBodyTitle\">Voluntario<\/p>\n\t\t\t\t\t\t\t\t\t\t\t\t\t\t\t\t\t\t\t\t\t\t\t\t\t\t\t\t\t\t\t\t\t\t\t\t\t\t\t<!-- Use post permalink if no external link -->\n\t\t\t\t\t\t\t\t\t\t\t<a aria-label=\"Enlace a Voluntarios\" title=\"Enlace a Voluntarios\" href=\"https:\/\/www.southcoast.org\/es\/volunteer\/\" class=\"readMore\"><i class=\"fa-regular fa-arrow-up-right readMoreIcon\"><\/i> Seguir leyendo<\/a>\n\t\t\t\t\t\t\t\t\t\t\t\t\t\t\t\t\t\t\t\t\t\t\t\t\t\t\t<\/div>\n\t\t\t\t\t\t\t<\/div>\n\t\t\t\t\t\t<\/div>\n\t\t\t\t\t\t\t\t\t\t\t\t<\/div>\n\t\t\t<\/div>\n\t<\/div>\n\n<\/div>","protected":false},"excerpt":{"rendered":"","protected":false},"author":11,"featured_media":39299,"parent":10815,"menu_order":0,"comment_status":"closed","ping_status":"closed","template":"","meta":{"_acf_changed":false,"footnotes":""},"class_list":["post-39296","page","type-page","status-publish","has-post-thumbnail","hentry"],"acf":[],"yoast_head":"<!-- This site is optimized with the Yoast SEO plugin v26.0 - https:\/\/yoast.com\/wordpress\/plugins\/seo\/ -->\n<title>Heart &amp; Vascular - Southcoast Health<\/title>\n<meta name=\"description\" content=\"Your generosity supports breakthrough procedures, prevention programs and the teams who care with skill and compassion.\" \/>\n<meta name=\"robots\" content=\"index, follow, max-snippet:-1, max-image-preview:large, max-video-preview:-1\" \/>\n<link rel=\"canonical\" href=\"https:\/\/www.southcoast.org\/es\/giving\/heart-vascular\/\" \/>\n<meta property=\"og:locale\" content=\"es_MX\" \/>\n<meta property=\"og:type\" content=\"article\" \/>\n<meta property=\"og:title\" content=\"Heart &amp; Vascular - Southcoast Health\" \/>\n<meta property=\"og:description\" content=\"Your generosity supports breakthrough procedures, prevention programs and the teams who care with skill and compassion.\" \/>\n<meta property=\"og:url\" content=\"https:\/\/www.southcoast.org\/es\/giving\/heart-vascular\/\" \/>\n<meta property=\"og:site_name\" content=\"Southcoast Health\" \/>\n<meta property=\"article:modified_time\" content=\"2026-01-21T20:40:05+00:00\" \/>\n<meta property=\"og:image\" content=\"https:\/\/www.southcoast.org\/wp-content\/uploads\/2025\/08\/Cath-Lab-Benjamin-Zorach-Heart-and-Vascular-1-scaled.png\" \/>\n\t<meta property=\"og:image:width\" content=\"2560\" \/>\n\t<meta property=\"og:image:height\" content=\"1707\" \/>\n\t<meta property=\"og:image:type\" content=\"image\/png\" \/>\n<meta name=\"twitter:card\" content=\"summary_large_image\" \/>\n<meta name=\"twitter:label1\" content=\"Est. reading time\" \/>\n\t<meta name=\"twitter:data1\" content=\"1 minute\" \/>\n<script type=\"application\/ld+json\" class=\"yoast-schema-graph\">{\"@context\":\"https:\/\/schema.org\",\"@graph\":[{\"@type\":\"WebPage\",\"@id\":\"https:\/\/www.southcoast.org\/giving\/heart-vascular\/\",\"url\":\"https:\/\/www.southcoast.org\/giving\/heart-vascular\/\",\"name\":\"Heart &amp; Vascular - Southcoast Health\",\"isPartOf\":{\"@id\":\"https:\/\/www.southcoast.org\/#website\"},\"primaryImageOfPage\":{\"@id\":\"https:\/\/www.southcoast.org\/giving\/heart-vascular\/#primaryimage\"},\"image\":{\"@id\":\"https:\/\/www.southcoast.org\/giving\/heart-vascular\/#primaryimage\"},\"thumbnailUrl\":\"https:\/\/www.southcoast.org\/wp-content\/uploads\/2025\/08\/Cath-Lab-Benjamin-Zorach-Heart-and-Vascular-1-scaled.png\",\"datePublished\":\"2025-08-28T19:47:11+00:00\",\"dateModified\":\"2026-01-21T20:40:05+00:00\",\"description\":\"Your generosity supports breakthrough procedures, prevention programs and the teams who care with skill and compassion.\",\"breadcrumb\":{\"@id\":\"https:\/\/www.southcoast.org\/giving\/heart-vascular\/#breadcrumb\"},\"inLanguage\":\"es-MX\",\"potentialAction\":[{\"@type\":\"ReadAction\",\"target\":[\"https:\/\/www.southcoast.org\/giving\/heart-vascular\/\"]}]},{\"@type\":\"ImageObject\",\"inLanguage\":\"es-MX\",\"@id\":\"https:\/\/www.southcoast.org\/giving\/heart-vascular\/#primaryimage\",\"url\":\"https:\/\/www.southcoast.org\/wp-content\/uploads\/2025\/08\/Cath-Lab-Benjamin-Zorach-Heart-and-Vascular-1-scaled.png\",\"contentUrl\":\"https:\/\/www.southcoast.org\/wp-content\/uploads\/2025\/08\/Cath-Lab-Benjamin-Zorach-Heart-and-Vascular-1-scaled.png\",\"width\":2560,\"height\":1707},{\"@type\":\"BreadcrumbList\",\"@id\":\"https:\/\/www.southcoast.org\/giving\/heart-vascular\/#breadcrumb\",\"itemListElement\":[{\"@type\":\"ListItem\",\"position\":1,\"name\":\"\",\"item\":\"https:\/\/www.southcoast.org\/\"},{\"@type\":\"ListItem\",\"position\":2,\"name\":\"Giving\",\"item\":\"https:\/\/www.southcoast.org\/giving\/\"},{\"@type\":\"ListItem\",\"position\":3,\"name\":\"Heart &amp; Vascular\"}]},{\"@type\":\"WebSite\",\"@id\":\"https:\/\/www.southcoast.org\/#website\",\"url\":\"https:\/\/www.southcoast.org\/\",\"name\":\"Southcoast Health\",\"description\":\"More than medicine.\",\"potentialAction\":[{\"@type\":\"SearchAction\",\"target\":{\"@type\":\"EntryPoint\",\"urlTemplate\":\"https:\/\/www.southcoast.org\/?s={search_term_string}\"},\"query-input\":{\"@type\":\"PropertyValueSpecification\",\"valueRequired\":true,\"valueName\":\"search_term_string\"}}],\"inLanguage\":\"es-MX\"}]}<\/script>\n<!-- \/ Yoast SEO plugin. -->","yoast_head_json":{"title":"Heart &amp; Vascular - Southcoast Health","description":"Su generosidad apoya procedimientos innovadores, programas de prevenci\u00f3n y a los equipos que cuidan de los pacientes con habilidad y compasi\u00f3n.","robots":{"index":"index","follow":"follow","max-snippet":"max-snippet:-1","max-image-preview":"max-image-preview:large","max-video-preview":"max-video-preview:-1"},"canonical":"https:\/\/www.southcoast.org\/es\/giving\/heart-vascular\/","og_locale":"es_MX","og_type":"article","og_title":"Heart &amp; Vascular - Southcoast Health","og_description":"Your generosity supports breakthrough procedures, prevention programs and the teams who care with skill and compassion.","og_url":"https:\/\/www.southcoast.org\/es\/giving\/heart-vascular\/","og_site_name":"Southcoast Health","article_modified_time":"2026-01-21T20:40:05+00:00","og_image":[{"width":2560,"height":1707,"url":"https:\/\/www.southcoast.org\/wp-content\/uploads\/2025\/08\/Cath-Lab-Benjamin-Zorach-Heart-and-Vascular-1-scaled.png","type":"image\/png"}],"twitter_card":"summary_large_image","twitter_misc":{"Est. reading time":"1 minute"},"schema":{"@context":"https:\/\/schema.org","@graph":[{"@type":"WebPage","@id":"https:\/\/www.southcoast.org\/giving\/heart-vascular\/","url":"https:\/\/www.southcoast.org\/giving\/heart-vascular\/","name":"Heart &amp; Vascular - Southcoast Health","isPartOf":{"@id":"https:\/\/www.southcoast.org\/#website"},"primaryImageOfPage":{"@id":"https:\/\/www.southcoast.org\/giving\/heart-vascular\/#primaryimage"},"image":{"@id":"https:\/\/www.southcoast.org\/giving\/heart-vascular\/#primaryimage"},"thumbnailUrl":"https:\/\/www.southcoast.org\/wp-content\/uploads\/2025\/08\/Cath-Lab-Benjamin-Zorach-Heart-and-Vascular-1-scaled.png","datePublished":"2025-08-28T19:47:11+00:00","dateModified":"2026-01-21T20:40:05+00:00","description":"Su generosidad apoya procedimientos innovadores, programas de prevenci\u00f3n y a los equipos que cuidan de los pacientes con habilidad y compasi\u00f3n.","breadcrumb":{"@id":"https:\/\/www.southcoast.org\/giving\/heart-vascular\/#breadcrumb"},"inLanguage":"es-MX","potentialAction":[{"@type":"ReadAction","target":["https:\/\/www.southcoast.org\/giving\/heart-vascular\/"]}]},{"@type":"ImageObject","inLanguage":"es-MX","@id":"https:\/\/www.southcoast.org\/giving\/heart-vascular\/#primaryimage","url":"https:\/\/www.southcoast.org\/wp-content\/uploads\/2025\/08\/Cath-Lab-Benjamin-Zorach-Heart-and-Vascular-1-scaled.png","contentUrl":"https:\/\/www.southcoast.org\/wp-content\/uploads\/2025\/08\/Cath-Lab-Benjamin-Zorach-Heart-and-Vascular-1-scaled.png","width":2560,"height":1707},{"@type":"BreadcrumbList","@id":"https:\/\/www.southcoast.org\/giving\/heart-vascular\/#breadcrumb","itemListElement":[{"@type":"ListItem","position":1,"name":"","item":"https:\/\/www.southcoast.org\/"},{"@type":"ListItem","position":2,"name":"Giving","item":"https:\/\/www.southcoast.org\/giving\/"},{"@type":"ListItem","position":3,"name":"Heart &amp; Vascular"}]},{"@type":"WebSite","@id":"https:\/\/www.southcoast.org\/#website","url":"https:\/\/www.southcoast.org\/","name":"Southcoast Health","description":"M\u00e1s que medicina.","potentialAction":[{"@type":"SearchAction","target":{"@type":"EntryPoint","urlTemplate":"https:\/\/www.southcoast.org\/?s={search_term_string}"},"query-input":{"@type":"PropertyValueSpecification","valueRequired":true,"valueName":"search_term_string"}}],"inLanguage":"es-MX"}]}},"_links":{"self":[{"href":"https:\/\/www.southcoast.org\/es\/wp-json\/wp\/v2\/pages\/39296","targetHints":{"allow":["GET"]}}],"collection":[{"href":"https:\/\/www.southcoast.org\/es\/wp-json\/wp\/v2\/pages"}],"about":[{"href":"https:\/\/www.southcoast.org\/es\/wp-json\/wp\/v2\/types\/page"}],"author":[{"embeddable":true,"href":"https:\/\/www.southcoast.org\/es\/wp-json\/wp\/v2\/users\/11"}],"replies":[{"embeddable":true,"href":"https:\/\/www.southcoast.org\/es\/wp-json\/wp\/v2\/comments?post=39296"}],"version-history":[{"count":10,"href":"https:\/\/www.southcoast.org\/es\/wp-json\/wp\/v2\/pages\/39296\/revisions"}],"predecessor-version":[{"id":284154,"href":"https:\/\/www.southcoast.org\/es\/wp-json\/wp\/v2\/pages\/39296\/revisions\/284154"}],"up":[{"embeddable":true,"href":"https:\/\/www.southcoast.org\/es\/wp-json\/wp\/v2\/pages\/10815"}],"wp:featuredmedia":[{"embeddable":true,"href":"https:\/\/www.southcoast.org\/es\/wp-json\/wp\/v2\/media\/39299"}],"wp:attachment":[{"href":"https:\/\/www.southcoast.org\/es\/wp-json\/wp\/v2\/media?parent=39296"}],"curies":[{"name":"wp","href":"https:\/\/api.w.org\/{rel}","templated":true}]}}