{"id":39255,"date":"2025-08-28T18:02:09","date_gmt":"2025-08-28T18:02:09","guid":{"rendered":"https:\/\/live-southcoast-health-multi.southcoast-health.org\/?page_id=39255"},"modified":"2025-10-08T19:35:44","modified_gmt":"2025-10-08T19:35:44","slug":"other-ways-to-give","status":"publish","type":"page","link":"https:\/\/www.southcoast.org\/es\/giving\/other-ways-to-give\/","title":{"rendered":"Otras formas de donar"},"content":{"rendered":"<div  class=\"blockSettings  paddingTopSM paddingBottomMD heroBasicFluid darkTheme\" style=\"background-image:url(https:\/\/www.southcoast.org\/wp-content\/uploads\/2025\/06\/career_eras_tour_hero.webp);background-size:cover;background-position:center center;\"><div class=\"overlay\"><\/div><div class=\"container\">\n            <div class=\"grid\">\n            <div class=\"col-sm-12 col-bleed-y\">\n                <div class=\"Center\">\n                    <div class=\"breadcrumbsWrapper desktop-breadcrumbs\"><nav id=\"breadcrumbs\" aria-label=\"Migas de pan\"><ol><li><a href=\"https:\/\/www.southcoast.org\/es\/\"><i class=\"fa-light fa-house\"><\/i><span class=\"visually-hidden\">Inicio<\/span><\/a><\/li><\/ol><\/nav><\/div><div class=\"breadcrumbsWrapper mobile-breadcrumbs\"><p id=\"mobile-breadcrumbs\"><span><span><a href=\"https:\/\/www.southcoast.org\/es\"><i class=\"far fa-home\"><\/i><\/a><\/span> <i class=\"fa-solid fa-chevron-right separator\"><\/i> <span><a href=\"https:\/\/www.southcoast.org\/es\/giving\/\">Dar<\/a><\/span><\/span><\/p><\/div>                <\/div>\n            <\/div>\n        <\/div>\n        <div class=\"grid align-center\">\n        <div class=\"col-sm-10\">\n            <div class=\"Center\">\n\n                    <div class=\"mainCopyWrap\">\n            <h1>Otras formas de donar<\/h1>\n    <div class=\"paragraphWrap\"><p>Desde distribuciones ben\u00e9ficas cualificadas de una cuenta de jubilaci\u00f3n hasta fondos asesorados por donantes, Southcoast Health ofrece m\u00faltiples formas de donar. <\/p><\/div>    <\/div>\n    \n                \n            <\/div>\n        <\/div>\n    <\/div>\n<\/div>\n    <div class=\"cornerArtWrapper cornerArt-small\">\n        <img decoding=\"async\" class=\"cornerArt\" src=\"https:\/\/www.southcoast.org\/wp-content\/themes\/southcoast_multisite\/images\/corner-art.svg\" alt=\"\">\n    <\/div>\n<\/div>\n\n\n\n\n<div  class=\"blockSettings  paddingTopMD paddingBottomSM media-object-block light\" style=\"background-color:#fff;\"><div class=\"container\">\n\t<div class=\"grid\">\n\t\t<div class=\"col-sm-12\">\n\t\t\t<div class=\"inner image-right list-style-disc inner-white-bg\" style=\"background-color: #fff;\">\n\t\t\t\t<div class=\"copy\">\n\t\t\t\t\t    <div class=\"mainCopyWrap\">\n            <h2>La curaci\u00f3n empieza por ti<\/h2>\n    <div class=\"paragraphWrap\"><p><span class=\"TextRun SCXW174920741 BCX8\" lang=\"EN-US\" xml:lang=\"EN-US\" data-contrast=\"auto\"><span class=\"NormalTextRun SCXW174920741 BCX8\">Donaciones de su plan de jubilaci\u00f3n<\/span><span class=\"NormalTextRun SCXW174920741 BCX8\"> (como una distribuci\u00f3n m\u00ednima obligatoria)<\/span><span class=\"NormalTextRun SCXW174920741 BCX8\"> o fondo asesorado por donantes son <\/span><span class=\"NormalTextRun SCXW174920741 BCX8\">una gran manera<\/span><span class=\"NormalTextRun SCXW174920741 BCX8\"> para hacer una donaci\u00f3n significativa a Southcoast Health y, a menudo, beneficiarse de ventajas y ahorros fiscales.<\/span><span class=\"NormalTextRun SCXW174920741 BCX8\">. <\/span><span class=\"NormalTextRun SCXW174920741 BCX8\">P\u00f3ngase en contacto con <a href=\"mailto:traci.r.calabrese@southcoast.org\">Traci Calabrese <\/a><\/span><\/span><span class=\"TextRun SCXW174920741 BCX8\" lang=\"EN-US\" xml:lang=\"EN-US\" data-contrast=\"auto\"><span class=\"NormalTextRun SCXW174920741 BCX8\">con cualquier <\/span><span class=\"NormalTextRun SCXW174920741 BCX8\">adicional<\/span><span class=\"NormalTextRun SCXW174920741 BCX8\"> preguntas.<\/span><\/span><span class=\"EOP SCXW174920741 BCX8\" data-ccp-props=\"{}\">\u00a0<\/span><\/p>\n<p><span class=\"NormalTextRun SCXW26469188 BCX8\">Southcoast Health acepta con gratitud donaciones de contrapartida de las empresas. Compruebe <\/span><span class=\"NormalTextRun SCXW26469188 BCX8\">para ver si su empresa ofrece una igualaci\u00f3n<\/span><span class=\"NormalTextRun SCXW26469188 BCX8\"> o p\u00f3ngase en contacto con <a href=\"mailto:chrystal.l.walsh@southcoast.org\">Chrystal Walsh<\/a>.<\/span><\/p>\n<\/div>    <\/div>\n        <div class=\"ctaWrap\">\n                    <a aria-label=\"Enlace al correo electr\u00f3nico de Traci Calabrese\" class=\"mainCTA shadow light1\" href=\"mailto:traci.r.calabrese@southcoast.org\" target=\"_blank\" title=\"Abre Email Traci Calabrese en una nueva pesta\u00f1a o ventana\" rel=\"noopener noreferrer\">Correo electr\u00f3nico de Traci Calabrese<span class=\"fa-regular fa-up-right-from-square\"><\/span><\/a>                    <a aria-label=\"Enlace al correo electr\u00f3nico de Chrystal Walsh\" class=\"mainCTA shadow light1\" href=\"mailto:chrystal.l.walsh@southcoast.org\" target=\"_blank\" title=\"Abre Email Chrystal Walsh en una ventana o pesta\u00f1a nueva\" rel=\"noopener noreferrer\">Correo electr\u00f3nico: Chrystal Walsh<span class=\"fa-regular fa-up-right-from-square\"><\/span><\/a>            <\/div>\n    \t\t\t\t<\/div>\n\t\t\t\t\t\t\t\t<div class=\"images\">\n\t\t\t\t\t\t<img decoding=\"async\" class=\"single\" src=\"https:\/\/www.southcoast.org\/wp-content\/uploads\/2025\/08\/Pediatric-Rehabilitation.jpg\" alt=\"\">\n\t\t\t\t\t\t\t\t\t\t<\/div>\n\t\t\t\t\n\t\t\t<\/div>\n\t\t<\/div>\n\t<\/div>\n<\/div>\n<\/div>\n\n\n<div  class=\"blockSettings  paddingTopSM paddingBottomSM cardImageFluid darkTheme\" style=\"background: linear-gradient(110deg, #0A4A3D 2.57%, rgba(5, 116, 99, 0.99) 59.47%, #009984 99.08%);\"><div class=\"container\" role=\"region\" aria-roledescription=\"carousel\" aria-label=\"C\u00f3mo puede marcar la diferencia\">\n\t<div class=\"grid\">\n\t\t<div class=\"col-sm-12\">\n\t\t\t    <div class=\"introWithSliderControls centerAlign\">\n            <div class=\"mainCopyWrap\">\n            <h2>C\u00f3mo puede marcar la diferencia<\/h2>\n        <\/div>\n            <!-- Desktop + leftAlign Slider arrows -->\n        <div class=\"sliderControls sliderArrows\">\n            <button title=\"diapositiva anterior\" class=\"prev-slide\" aria-label=\"Diapositiva anterior\"><i class=\"fa-light fa-chevron-left\" aria-hidden=\"true\"><\/i><\/button>\n            <button title=\"siguiente diapositiva\" class=\"next-slide\" aria-label=\"Siguiente diapositiva\"><i class=\"fa-light fa-chevron-right\" aria-hidden=\"true\"><\/i><\/button>\n        <\/div>\n            <\/div>\n\n\t\t<\/div>\n\t<\/div>\n\t<div class=\"blockSeparator\"><\/div>\n\t<div class=\"cardImageContentWrap\">\n\t\t\t\t\t<div class=\"sliderControls sliderArrows centerIntroAlign\">\n\t\t\t\t<button title=\"diapositiva anterior\" class=\"prev-slide\" aria-label=\"Diapositiva anterior\"><i class=\"fa-light fa-chevron-left\" aria-hidden=\"true\"><\/i><\/button>\n\t\t\t\t<button title=\"siguiente diapositiva\" class=\"next-slide\" aria-label=\"Siguiente diapositiva\"><i class=\"fa-light fa-chevron-right\" aria-hidden=\"true\"><\/i><\/button>\n\t\t\t<\/div>\n\t\t\t\t\t\t\t<div class=\"grid  cardSlider\" data-slide-cols=\"4\" >\n\t\t\t\t\t\t\t\t\t\t\t\t\t\t\t<div class=\"col-sm-6 col-md-3 col-grid\" role=\"group\" aria-roledescription=\"slide\" aria-label=\"Sociedad de Donaci\u00f3n de Liderazgo\">\n\t\t\t\t\t\t\t<div class=\"cardBasic border center Vertical\">\n\t\t\t\t\t\t\t\t<div class=\"cardImage\" style=\"background-image:url('https:\/\/www.southcoast.org\/wp-content\/uploads\/2025\/08\/leadership-giving-hero.jpg');\">\n\t\t\t\t\t\t\t\t\t\t\t\t\t\t\t\t\t<\/div>\n\t\t\t\t\t\t\t\t<div class=\"cardBasicBody\">\n\t\t\t\t\t\t\t\t\t\t\t\t\t\t\t\t\t\t<p class=\"cardBasicBodyTitle\">Sociedad de Donaci\u00f3n de Liderazgo<\/p>\n\t\t\t\t\t\t\t\t\t\t\t\t\t\t\t\t\t\t\t\t\t\t\t\t\t\t\t\t\t\t\t\t\t\t\t\t\t\t\t<!-- Use post permalink if no external link -->\n\t\t\t\t\t\t\t\t\t\t\t<a aria-label=\"enlace a Leadership Giving Society\" title=\"enlace a Leadership Giving Society\" href=\"https:\/\/www.southcoast.org\/es\/giving\/leadership-giving-society\/\" class=\"readMore\"><i class=\"fa-regular fa-arrow-up-right readMoreIcon\"><\/i> Seguir leyendo<\/a>\n\t\t\t\t\t\t\t\t\t\t\t\t\t\t\t\t\t\t\t\t\t\t\t\t\t\t\t<\/div>\n\t\t\t\t\t\t\t<\/div>\n\t\t\t\t\t\t<\/div>\n\t\t\t\t\t\t\t\t\t\t\t<div class=\"col-sm-6 col-md-3 col-grid\" role=\"group\" aria-roledescription=\"slide\" aria-label=\"Paciente agradecido\">\n\t\t\t\t\t\t\t<div class=\"cardBasic border center Vertical\">\n\t\t\t\t\t\t\t\t<div class=\"cardImage\" style=\"background-image:url('https:\/\/www.southcoast.org\/wp-content\/uploads\/2025\/01\/Kari-Star_Grateful-Patient_Southcoast-Star-scaled-1.jpg');\">\n\t\t\t\t\t\t\t\t\t\t\t\t\t\t\t\t\t<\/div>\n\t\t\t\t\t\t\t\t<div class=\"cardBasicBody\">\n\t\t\t\t\t\t\t\t\t\t\t\t\t\t\t\t\t\t<p class=\"cardBasicBodyTitle\">Paciente agradecido<\/p>\n\t\t\t\t\t\t\t\t\t\t\t\t\t\t\t\t\t\t\t\t\t\t\t\t\t\t\t\t\t\t\t\t\t\t\t\t\t\t\t<!-- Use post permalink if no external link -->\n\t\t\t\t\t\t\t\t\t\t\t<a aria-label=\"enlace a Paciente Agradecido\" title=\"enlace a Paciente Agradecido\" href=\"https:\/\/www.southcoast.org\/es\/giving\/grateful-patient\/\" class=\"readMore\"><i class=\"fa-regular fa-arrow-up-right readMoreIcon\"><\/i> Seguir leyendo<\/a>\n\t\t\t\t\t\t\t\t\t\t\t\t\t\t\t\t\t\t\t\t\t\t\t\t\t\t\t<\/div>\n\t\t\t\t\t\t\t<\/div>\n\t\t\t\t\t\t<\/div>\n\t\t\t\t\t\t\t\t\t\t\t<div class=\"col-sm-6 col-md-3 col-grid\" role=\"group\" aria-roledescription=\"slide\" aria-label=\"Homenajes y conmemoraciones\">\n\t\t\t\t\t\t\t<div class=\"cardBasic border center Vertical\">\n\t\t\t\t\t\t\t\t<div class=\"cardImage\" style=\"background-image:url('https:\/\/www.southcoast.org\/wp-content\/uploads\/2025\/08\/at-Home-Patient-with-Staff-scaled.jpg');\">\n\t\t\t\t\t\t\t\t\t\t\t\t\t\t\t\t\t<\/div>\n\t\t\t\t\t\t\t\t<div class=\"cardBasicBody\">\n\t\t\t\t\t\t\t\t\t\t\t\t\t\t\t\t\t\t<p class=\"cardBasicBodyTitle\">Homenajes y conmemoraciones<\/p>\n\t\t\t\t\t\t\t\t\t\t\t\t\t\t\t\t\t\t\t\t\t\t\t\t\t\t\t\t\t\t\t\t\t\t\t\t\t\t\t<!-- Use post permalink if no external link -->\n\t\t\t\t\t\t\t\t\t\t\t<a aria-label=\"enlace a Homenajes y Conmemoraciones\" title=\"enlace a Homenajes y Conmemoraciones\" href=\"https:\/\/www.southcoast.org\/es\/giving\/tribute-giving\/\" class=\"readMore\"><i class=\"fa-regular fa-arrow-up-right readMoreIcon\"><\/i> Seguir leyendo<\/a>\n\t\t\t\t\t\t\t\t\t\t\t\t\t\t\t\t\t\t\t\t\t\t\t\t\t\t\t<\/div>\n\t\t\t\t\t\t\t<\/div>\n\t\t\t\t\t\t<\/div>\n\t\t\t\t\t\t\t\t\t\t\t<div class=\"col-sm-6 col-md-3 col-grid\" role=\"group\" aria-roledescription=\"slide\" aria-label=\"Legado\">\n\t\t\t\t\t\t\t<div class=\"cardBasic border center Vertical\">\n\t\t\t\t\t\t\t\t<div class=\"cardImage\" style=\"background-image:url('https:\/\/www.southcoast.org\/wp-content\/uploads\/2025\/08\/Couto-Fund-Scarf-Donation-2024-Cancer-Care-scaled.jpg');\">\n\t\t\t\t\t\t\t\t\t\t\t\t\t\t\t\t\t<\/div>\n\t\t\t\t\t\t\t\t<div class=\"cardBasicBody\">\n\t\t\t\t\t\t\t\t\t\t\t\t\t\t\t\t\t\t<p class=\"cardBasicBodyTitle\">Legado<\/p>\n\t\t\t\t\t\t\t\t\t\t\t\t\t\t\t\t\t\t\t\t\t\t\t\t\t\t\t\t\t\t\t\t\t\t\t\t\t\t\t<!-- Use post permalink if no external link -->\n\t\t\t\t\t\t\t\t\t\t\t<a aria-label=\"enlace a Legacy Giving\" title=\"enlace a Legacy Giving\" href=\"https:\/\/www.southcoast.org\/es\/giving\/legacy\/\" class=\"readMore\"><i class=\"fa-regular fa-arrow-up-right readMoreIcon\"><\/i> Seguir leyendo<\/a>\n\t\t\t\t\t\t\t\t\t\t\t\t\t\t\t\t\t\t\t\t\t\t\t\t\t\t\t<\/div>\n\t\t\t\t\t\t\t<\/div>\n\t\t\t\t\t\t<\/div>\n\t\t\t\t\t\t\t\t\t\t\t<div class=\"col-sm-6 col-md-3 col-grid\" role=\"group\" aria-roledescription=\"slide\" aria-label=\"Eventos y patrocinios\">\n\t\t\t\t\t\t\t<div class=\"cardBasic border center Vertical\">\n\t\t\t\t\t\t\t\t<div class=\"cardImage\" style=\"background-image:url('https:\/\/www.southcoast.org\/wp-content\/uploads\/2025\/08\/2024-Nicole-Podkowa-Race-Day-171-scaled.jpg');\">\n\t\t\t\t\t\t\t\t\t\t\t\t\t\t\t\t\t<\/div>\n\t\t\t\t\t\t\t\t<div class=\"cardBasicBody\">\n\t\t\t\t\t\t\t\t\t\t\t\t\t\t\t\t\t\t<p class=\"cardBasicBodyTitle\">Eventos y patrocinios<\/p>\n\t\t\t\t\t\t\t\t\t\t\t\t\t\t\t\t\t\t\t\t\t\t\t\t\t\t\t\t\t\t\t\t\t\t\t\t\t\t\t<!-- Use post permalink if no external link -->\n\t\t\t\t\t\t\t\t\t\t\t<a aria-label=\"enlace a Eventos y patrocinios\" title=\"enlace a Eventos y patrocinios\" href=\"https:\/\/www.southcoast.org\/es\/giving\/events-and-sponsorships\/\" class=\"readMore\"><i class=\"fa-regular fa-arrow-up-right readMoreIcon\"><\/i> Seguir leyendo<\/a>\n\t\t\t\t\t\t\t\t\t\t\t\t\t\t\t\t\t\t\t\t\t\t\t\t\t\t\t<\/div>\n\t\t\t\t\t\t\t<\/div>\n\t\t\t\t\t\t<\/div>\n\t\t\t\t\t\t\t\t\t\t\t<div class=\"col-sm-6 col-md-3 col-grid\" role=\"group\" aria-roledescription=\"slide\" aria-label=\"Otras formas de donar\">\n\t\t\t\t\t\t\t<div class=\"cardBasic border center Vertical\">\n\t\t\t\t\t\t\t\t<div class=\"cardImage\" style=\"background-image:url('https:\/\/www.southcoast.org\/wp-content\/uploads\/2025\/08\/Other-Ways-to-Give-giving-Page-Laura-Brain-and-Spine-Patient.jpg');\">\n\t\t\t\t\t\t\t\t\t\t\t\t\t\t\t\t\t<\/div>\n\t\t\t\t\t\t\t\t<div class=\"cardBasicBody\">\n\t\t\t\t\t\t\t\t\t\t\t\t\t\t\t\t\t\t<p class=\"cardBasicBodyTitle\">Otras formas de donar<\/p>\n\t\t\t\t\t\t\t\t\t\t\t\t\t\t\t\t\t\t\t\t\t\t\t\t\t\t\t\t\t\t\t\t\t\t\t\t\t\t\t<!-- Use post permalink if no external link -->\n\t\t\t\t\t\t\t\t\t\t\t<a aria-label=\"enlace a Otras formas de donar\" title=\"enlace a Otras formas de donar\" href=\"https:\/\/www.southcoast.org\/es\/giving\/other-ways-to-give\/\" class=\"readMore\"><i class=\"fa-regular fa-arrow-up-right readMoreIcon\"><\/i> Seguir leyendo<\/a>\n\t\t\t\t\t\t\t\t\t\t\t\t\t\t\t\t\t\t\t\t\t\t\t\t\t\t\t<\/div>\n\t\t\t\t\t\t\t<\/div>\n\t\t\t\t\t\t<\/div>\n\t\t\t\t\t\t\t\t\t\t\t<div class=\"col-sm-6 col-md-3 col-grid\" role=\"group\" aria-roledescription=\"slide\" aria-label=\"Voluntario\">\n\t\t\t\t\t\t\t<div class=\"cardBasic border center Vertical\">\n\t\t\t\t\t\t\t\t<div class=\"cardImage\" style=\"background-image:url('https:\/\/www.southcoast.org\/wp-content\/uploads\/2025\/07\/Untitled-design.png');\">\n\t\t\t\t\t\t\t\t\t\t\t\t\t\t\t\t\t<\/div>\n\t\t\t\t\t\t\t\t<div class=\"cardBasicBody\">\n\t\t\t\t\t\t\t\t\t\t\t\t\t\t\t\t\t\t<p class=\"cardBasicBodyTitle\">Voluntario<\/p>\n\t\t\t\t\t\t\t\t\t\t\t\t\t\t\t\t\t\t\t\t\t\t\t\t\t\t\t\t\t\t\t\t\t\t\t\t\t\t\t<!-- Use post permalink if no external link -->\n\t\t\t\t\t\t\t\t\t\t\t<a aria-label=\"Enlace a Voluntarios\" title=\"Enlace a Voluntarios\" href=\"https:\/\/www.southcoast.org\/es\/volunteer\/\" class=\"readMore\"><i class=\"fa-regular fa-arrow-up-right readMoreIcon\"><\/i> Seguir leyendo<\/a>\n\t\t\t\t\t\t\t\t\t\t\t\t\t\t\t\t\t\t\t\t\t\t\t\t\t\t\t<\/div>\n\t\t\t\t\t\t\t<\/div>\n\t\t\t\t\t\t<\/div>\n\t\t\t\t\t\t\t\t\t\t\t\t<\/div>\n\t\t\t<\/div>\n\t<\/div>\n\n<\/div>","protected":false},"excerpt":{"rendered":"","protected":false},"author":11,"featured_media":39256,"parent":10815,"menu_order":0,"comment_status":"closed","ping_status":"closed","template":"","meta":{"_acf_changed":false,"footnotes":""},"class_list":["post-39255","page","type-page","status-publish","has-post-thumbnail","hentry"],"acf":[],"yoast_head":"<!-- This site is optimized with the Yoast SEO plugin v26.0 - https:\/\/yoast.com\/wordpress\/plugins\/seo\/ -->\n<title>Other Ways to Give - Southcoast Health<\/title>\n<meta name=\"description\" content=\"From qualified charitable distributions from a retirement account to donor-advised funds, Southcoast Health offers multiple ways you can give.\" \/>\n<meta name=\"robots\" content=\"index, follow, max-snippet:-1, max-image-preview:large, max-video-preview:-1\" \/>\n<link rel=\"canonical\" href=\"https:\/\/www.southcoast.org\/es\/giving\/other-ways-to-give\/\" \/>\n<meta property=\"og:locale\" content=\"es_MX\" \/>\n<meta property=\"og:type\" content=\"article\" \/>\n<meta property=\"og:title\" content=\"Other Ways to Give - Southcoast Health\" \/>\n<meta property=\"og:description\" content=\"From qualified charitable distributions from a retirement account to donor-advised funds, Southcoast Health offers multiple ways you can give.\" \/>\n<meta property=\"og:url\" content=\"https:\/\/www.southcoast.org\/es\/giving\/other-ways-to-give\/\" \/>\n<meta property=\"og:site_name\" content=\"Southcoast Health\" \/>\n<meta property=\"article:modified_time\" content=\"2025-10-08T19:35:44+00:00\" \/>\n<meta property=\"og:image\" content=\"https:\/\/www.southcoast.org\/wp-content\/uploads\/2025\/08\/Other-Ways-to-Give-giving-Page-Laura-Brain-and-Spine-Patient.jpg\" \/>\n\t<meta property=\"og:image:width\" content=\"1200\" \/>\n\t<meta property=\"og:image:height\" content=\"800\" \/>\n\t<meta property=\"og:image:type\" content=\"image\/jpeg\" \/>\n<meta name=\"twitter:card\" content=\"summary_large_image\" \/>\n<meta name=\"twitter:label1\" content=\"Est. reading time\" \/>\n\t<meta name=\"twitter:data1\" content=\"1 minute\" \/>\n<script type=\"application\/ld+json\" class=\"yoast-schema-graph\">{\"@context\":\"https:\/\/schema.org\",\"@graph\":[{\"@type\":\"WebPage\",\"@id\":\"https:\/\/www.southcoast.org\/giving\/other-ways-to-give\/\",\"url\":\"https:\/\/www.southcoast.org\/giving\/other-ways-to-give\/\",\"name\":\"Other Ways to Give - Southcoast Health\",\"isPartOf\":{\"@id\":\"https:\/\/www.southcoast.org\/#website\"},\"primaryImageOfPage\":{\"@id\":\"https:\/\/www.southcoast.org\/giving\/other-ways-to-give\/#primaryimage\"},\"image\":{\"@id\":\"https:\/\/www.southcoast.org\/giving\/other-ways-to-give\/#primaryimage\"},\"thumbnailUrl\":\"https:\/\/www.southcoast.org\/wp-content\/uploads\/2025\/08\/Other-Ways-to-Give-giving-Page-Laura-Brain-and-Spine-Patient.jpg\",\"datePublished\":\"2025-08-28T18:02:09+00:00\",\"dateModified\":\"2025-10-08T19:35:44+00:00\",\"description\":\"From qualified charitable distributions from a retirement account to donor-advised funds, Southcoast Health offers multiple ways you can give.\",\"breadcrumb\":{\"@id\":\"https:\/\/www.southcoast.org\/giving\/other-ways-to-give\/#breadcrumb\"},\"inLanguage\":\"es-MX\",\"potentialAction\":[{\"@type\":\"ReadAction\",\"target\":[\"https:\/\/www.southcoast.org\/giving\/other-ways-to-give\/\"]}]},{\"@type\":\"ImageObject\",\"inLanguage\":\"es-MX\",\"@id\":\"https:\/\/www.southcoast.org\/giving\/other-ways-to-give\/#primaryimage\",\"url\":\"https:\/\/www.southcoast.org\/wp-content\/uploads\/2025\/08\/Other-Ways-to-Give-giving-Page-Laura-Brain-and-Spine-Patient.jpg\",\"contentUrl\":\"https:\/\/www.southcoast.org\/wp-content\/uploads\/2025\/08\/Other-Ways-to-Give-giving-Page-Laura-Brain-and-Spine-Patient.jpg\",\"width\":1200,\"height\":800},{\"@type\":\"BreadcrumbList\",\"@id\":\"https:\/\/www.southcoast.org\/giving\/other-ways-to-give\/#breadcrumb\",\"itemListElement\":[{\"@type\":\"ListItem\",\"position\":1,\"name\":\"\",\"item\":\"https:\/\/www.southcoast.org\/\"},{\"@type\":\"ListItem\",\"position\":2,\"name\":\"Giving\",\"item\":\"https:\/\/www.southcoast.org\/giving\/\"},{\"@type\":\"ListItem\",\"position\":3,\"name\":\"Other Ways to Give\"}]},{\"@type\":\"WebSite\",\"@id\":\"https:\/\/www.southcoast.org\/#website\",\"url\":\"https:\/\/www.southcoast.org\/\",\"name\":\"Southcoast Health\",\"description\":\"More than medicine.\",\"potentialAction\":[{\"@type\":\"SearchAction\",\"target\":{\"@type\":\"EntryPoint\",\"urlTemplate\":\"https:\/\/www.southcoast.org\/?s={search_term_string}\"},\"query-input\":{\"@type\":\"PropertyValueSpecification\",\"valueRequired\":true,\"valueName\":\"search_term_string\"}}],\"inLanguage\":\"es-MX\"}]}<\/script>\n<!-- \/ Yoast SEO plugin. -->","yoast_head_json":{"title":"Other Ways to Give - Southcoast Health","description":"Desde distribuciones ben\u00e9ficas cualificadas de una cuenta de jubilaci\u00f3n hasta fondos asesorados por donantes, Southcoast Health ofrece m\u00faltiples formas de donar.","robots":{"index":"index","follow":"follow","max-snippet":"max-snippet:-1","max-image-preview":"max-image-preview:large","max-video-preview":"max-video-preview:-1"},"canonical":"https:\/\/www.southcoast.org\/es\/giving\/other-ways-to-give\/","og_locale":"es_MX","og_type":"article","og_title":"Other Ways to Give - Southcoast Health","og_description":"From qualified charitable distributions from a retirement account to donor-advised funds, Southcoast Health offers multiple ways you can give.","og_url":"https:\/\/www.southcoast.org\/es\/giving\/other-ways-to-give\/","og_site_name":"Southcoast Health","article_modified_time":"2025-10-08T19:35:44+00:00","og_image":[{"width":1200,"height":800,"url":"https:\/\/www.southcoast.org\/wp-content\/uploads\/2025\/08\/Other-Ways-to-Give-giving-Page-Laura-Brain-and-Spine-Patient.jpg","type":"image\/jpeg"}],"twitter_card":"summary_large_image","twitter_misc":{"Est. reading time":"1 minute"},"schema":{"@context":"https:\/\/schema.org","@graph":[{"@type":"WebPage","@id":"https:\/\/www.southcoast.org\/giving\/other-ways-to-give\/","url":"https:\/\/www.southcoast.org\/giving\/other-ways-to-give\/","name":"Other Ways to Give - Southcoast Health","isPartOf":{"@id":"https:\/\/www.southcoast.org\/#website"},"primaryImageOfPage":{"@id":"https:\/\/www.southcoast.org\/giving\/other-ways-to-give\/#primaryimage"},"image":{"@id":"https:\/\/www.southcoast.org\/giving\/other-ways-to-give\/#primaryimage"},"thumbnailUrl":"https:\/\/www.southcoast.org\/wp-content\/uploads\/2025\/08\/Other-Ways-to-Give-giving-Page-Laura-Brain-and-Spine-Patient.jpg","datePublished":"2025-08-28T18:02:09+00:00","dateModified":"2025-10-08T19:35:44+00:00","description":"Desde distribuciones ben\u00e9ficas cualificadas de una cuenta de jubilaci\u00f3n hasta fondos asesorados por donantes, Southcoast Health ofrece m\u00faltiples formas de donar.","breadcrumb":{"@id":"https:\/\/www.southcoast.org\/giving\/other-ways-to-give\/#breadcrumb"},"inLanguage":"es-MX","potentialAction":[{"@type":"ReadAction","target":["https:\/\/www.southcoast.org\/giving\/other-ways-to-give\/"]}]},{"@type":"ImageObject","inLanguage":"es-MX","@id":"https:\/\/www.southcoast.org\/giving\/other-ways-to-give\/#primaryimage","url":"https:\/\/www.southcoast.org\/wp-content\/uploads\/2025\/08\/Other-Ways-to-Give-giving-Page-Laura-Brain-and-Spine-Patient.jpg","contentUrl":"https:\/\/www.southcoast.org\/wp-content\/uploads\/2025\/08\/Other-Ways-to-Give-giving-Page-Laura-Brain-and-Spine-Patient.jpg","width":1200,"height":800},{"@type":"BreadcrumbList","@id":"https:\/\/www.southcoast.org\/giving\/other-ways-to-give\/#breadcrumb","itemListElement":[{"@type":"ListItem","position":1,"name":"","item":"https:\/\/www.southcoast.org\/"},{"@type":"ListItem","position":2,"name":"Giving","item":"https:\/\/www.southcoast.org\/giving\/"},{"@type":"ListItem","position":3,"name":"Other Ways to Give"}]},{"@type":"WebSite","@id":"https:\/\/www.southcoast.org\/#website","url":"https:\/\/www.southcoast.org\/","name":"Southcoast Health","description":"M\u00e1s que medicina.","potentialAction":[{"@type":"SearchAction","target":{"@type":"EntryPoint","urlTemplate":"https:\/\/www.southcoast.org\/?s={search_term_string}"},"query-input":{"@type":"PropertyValueSpecification","valueRequired":true,"valueName":"search_term_string"}}],"inLanguage":"es-MX"}]}},"_links":{"self":[{"href":"https:\/\/www.southcoast.org\/es\/wp-json\/wp\/v2\/pages\/39255","targetHints":{"allow":["GET"]}}],"collection":[{"href":"https:\/\/www.southcoast.org\/es\/wp-json\/wp\/v2\/pages"}],"about":[{"href":"https:\/\/www.southcoast.org\/es\/wp-json\/wp\/v2\/types\/page"}],"author":[{"embeddable":true,"href":"https:\/\/www.southcoast.org\/es\/wp-json\/wp\/v2\/users\/11"}],"replies":[{"embeddable":true,"href":"https:\/\/www.southcoast.org\/es\/wp-json\/wp\/v2\/comments?post=39255"}],"version-history":[{"count":6,"href":"https:\/\/www.southcoast.org\/es\/wp-json\/wp\/v2\/pages\/39255\/revisions"}],"predecessor-version":[{"id":279885,"href":"https:\/\/www.southcoast.org\/es\/wp-json\/wp\/v2\/pages\/39255\/revisions\/279885"}],"up":[{"embeddable":true,"href":"https:\/\/www.southcoast.org\/es\/wp-json\/wp\/v2\/pages\/10815"}],"wp:featuredmedia":[{"embeddable":true,"href":"https:\/\/www.southcoast.org\/es\/wp-json\/wp\/v2\/media\/39256"}],"wp:attachment":[{"href":"https:\/\/www.southcoast.org\/es\/wp-json\/wp\/v2\/media?parent=39255"}],"curies":[{"name":"wp","href":"https:\/\/api.w.org\/{rel}","templated":true}]}}