{"id":32440,"date":"2025-08-15T17:38:28","date_gmt":"2025-08-15T17:38:28","guid":{"rendered":"https:\/\/test-southcoast-health-multi.southcoast-health.org\/?page_id=32440"},"modified":"2025-09-08T16:50:15","modified_gmt":"2025-09-08T16:50:15","slug":"careers","status":"publish","type":"page","link":"https:\/\/www.southcoast.org\/es\/careers\/","title":{"rendered":"Carreras profesionales"},"content":{"rendered":"<div class=\"hero-secondary-block\">\n    <div class=\"background\" style=\"background-color: transparent\"><\/div>\n    <div class=\"container\">\n        <div class=\"grid\">\n            <div class=\"col-bleed-y\">\n                <div class=\"grid intro-text\">\n                    <img decoding=\"async\" class=\"corner-art\" src=\"https:\/\/www.southcoast.org\/wp-content\/themes\/southcoast_multisite\/images\/herobasic-corner-art.png\" alt=\"corner art\">\n                    <div class=\"col-md-9\">\n                                                    <div class=\"breadcrumbsWrapper desktop-breadcrumbs\"><nav id=\"breadcrumbs\" aria-label=\"Migas de pan\"><ol><li><a href=\"https:\/\/www.southcoast.org\/es\/\"><i class=\"fa-light fa-house\"><\/i><span class=\"visually-hidden\">Inicio<\/span><\/a><\/li><\/ol><\/nav><\/div><div class=\"breadcrumbsWrapper mobile-breadcrumbs\"><p id=\"mobile-breadcrumbs\" class=\"mobile-back-nav\"><span><span><a href=\"#\" onclick=\"return handleBackNavigation();\"><i class=\"fa-solid fa-chevron-left back-arrow\"><\/i> Volver<\/a><\/span><\/span><\/p>\t\t<script>\n\t\t\tfunction handleBackNavigation() {\n\t\t\t\tif (window.history.length > 1) {\n\t\t\t\t\twindow.history.back();\n\t\t\t\t} else {\n\t\t\t\t\twindow.location.href = 'https:\/\/www.southcoast.org\/es';\n\t\t\t\t}\n\t\t\t\treturn false;\n\t\t\t}\n\t\t<\/script>\n<\/div>                                                                                                    <h1>Carreras profesionales<\/h1>\n                                                                    <\/div>\n                    \n                <\/div>\n                <div class=\"image\">\n                                            <img decoding=\"async\" class=\"hero-img\" src=\"https:\/\/www.southcoast.org\/wp-content\/uploads\/2025\/08\/careers-08.webp\" alt=\"Collage of diverse professional headshots representing a variety of careers.\">\n                                    <\/div>\n                            <\/div>\n        <\/div>\n    <\/div>\n<\/div>\n\n\n<div  class=\"blockSettings  paddingTopMD paddingBottomMD media-object-block light\" style=\"\"><div class=\"container\">\n\t<div class=\"grid\">\n\t\t<div class=\"col-sm-12\">\n\t\t\t<div class=\"inner image-right list-style-disc inner-white-bg\" style=\"background-color: #fff;\">\n\t\t\t\t<div class=\"copy\">\n\t\t\t\t\t    <div class=\"mainCopyWrap\">\n            <h2>Southcoast Health Careers<\/h2>\n    <div class=\"paragraphWrap\"><p>Southcoast Health es un sistema sanitario ben\u00e9fico sin \u00e1nimo de lucro que cuenta con varios hospitales, cl\u00ednicas e instalaciones en el sureste de Massachusetts y Rhode Island. Enclavado en las comunidades locales, Southcoast Health proporciona lugares de trabajo inclusivos y \u00e9ticos donde nuestros cuidadores altamente cualificados ofrecen una asistencia sanitaria integral de primera clase cerca de casa. \u00danase a Southcoast Health, donde su futuro es tan prometedor como la atenci\u00f3n que ofrecemos. Nuestro compromiso entre nosotros, con nuestros pacientes y con nuestra comunidad es m\u00e1s que una misi\u00f3n: es nuestra forma de vida, y usted estar\u00e1 en el centro de ella.<\/p>\n<\/div>    <\/div>\n        <div class=\"ctaWrap\">\n                    <a aria-label=\"Enlace a los empleados actuales de Southcoast Health\" class=\"mainCTA shadow light1\" href=\"https:\/\/employees-southcoast.icims.com\/jobs\/login?loginOnly=1&#038;redirect=&#038;in_iframe=1&#038;sso_connection=hs-13920-saml\" target=\"_blank\" title=\"Abre Empleados actuales de Southcoast Health en una pesta\u00f1a o ventana nueva\" rel=\"noopener noreferrer\">Empleados actuales de Southcoast Health<span class=\"fa-regular fa-up-right-from-square\"><\/span><\/a>                    <a aria-label=\"Enlace a los solicitantes nuevos o que reingresan\" class=\"mainCTA shadow light2\" href=\"https:\/\/careers-southcoast.icims.com\/\" target=\"_blank\" title=\"Abre una nueva pesta\u00f1a o ventana para los nuevos solicitantes.\" rel=\"noopener noreferrer\">Nuevos solicitantes<span class=\"fa-regular fa-up-right-from-square\"><\/span><\/a>            <\/div>\n    \t\t\t\t<\/div>\n\t\t\t\t\t\t\t\t<div class=\"images\">\n\t\t\t\t\t\t<img decoding=\"async\" class=\"single\" src=\"https:\/\/www.southcoast.org\/wp-content\/uploads\/2025\/08\/careers-07.webp\" alt=\"Three smiling healthcare professionals standing in a hospital hallway.\">\n\t\t\t\t\t\t\t\t\t\t<\/div>\n\t\t\t\t\n\t\t\t<\/div>\n\t\t<\/div>\n\t<\/div>\n<\/div>\n<\/div>\n\n\n<div id=\"jobs\" class=\"bannerFluidTwo paddingTopNone paddingBottomNone\">\n    \n        <div class=\"grid\">\n            <div class=\"col-sm-12 col-bleed\">\n                <div class=\"banner-content-wrap  darkTheme\" style=\"background-image:url(https:\/\/www.southcoast.org\/wp-content\/uploads\/2025\/08\/IMG_3795-scaled.jpg);background-size:cover;background-position:center center; \">\n                    \n                                            <div class=\"overlay\" style=\"\"><\/div>\n                    \n                    <div class=\"banner-content container\">\n                            <div class=\"mainCopyWrap\">\n            <h2>\u00danase a un equipo de proveedores que ofrecen medicina avanzada con m\u00e1s cuidados.<\/h2>\n        <\/div>\n                                <div class=\"ctaWrap\">\n                    <a aria-label=\"enlace a Contrataci\u00f3n de proveedores\" class=\"mainCTA shadow dark1\" href=\"https:\/\/www.southcoast.org\/es\/southcoast-physicians-group\/\" target=\"_blank\" title=\"Abre Provider Recruitment en una nueva pesta\u00f1a o ventana\" rel=\"noopener noreferrer\">Contrataci\u00f3n de proveedores<span class=\"fa-regular fa-up-right-from-square\"><\/span><\/a>            <\/div>\n    \n                    <\/div>\n                <\/div>\n            <\/div>\n        <\/div>\n\n        <\/div>\n\n\n<div  class=\"blockSettings  paddingTopMD paddingBottomSM cardImageFluid light\" style=\"background-color:#f6f7f7;\"><div class=\"container\" role=\"region\"  aria-label=\"Trayectoria profesional\">\n\t<div class=\"grid\">\n\t\t<div class=\"col-sm-12\">\n\t\t\t    <div class=\"introWithCta centerAlign\">\n            <div class=\"mainCopyWrap\">\n            <h2>Trayectoria profesional<\/h2>\n        <\/div>\n        <\/div>\n    \t\t<\/div>\n\t<\/div>\n\t<div class=\"blockSeparator\"><\/div>\n\t<div class=\"cardImageContentWrap\">\n\t\t\t\t\t\t\t<!--Manual Cards-->\n\t\t\t<div class=\"grid\" >\n\t\t\t\t\t\t\t\t\t\t\t<div class=\"col-sm-6 col-md-3 col-grid\" role=\"group\"  aria-label=\"Enfermer\u00eda\">\n\t\t\t\t\t\t\t\t<div class=\"cardBasic noBorder left Vertical\">\n\t\t\t\t\t\t\t\t\t<div class=\"cardImage\" style=\"background-image:url('https:\/\/www.southcoast.org\/wp-content\/uploads\/2025\/08\/careers-06.webp'); \"><\/div>\n\t\t\t\t\t\t\t\t\t<div class=\"cardBasicBody\">\n\t\t\t\t\t\t\t\t\t\t\t\t\t\t\t\t\t\t\t\t<p class=\"cardBasicBodyTitle\">Enfermer\u00eda<\/p>\n\t\t\t\t\t\t\t\t\t\t\t\t\t\t\t\t\t\t\t<\/div>\n\t\t\t\t\t\t\t\t<\/div>\n\t\t\t\t\t\t\t<\/div>\n\t\t\t\t\t\t\t\t\t\t\t\t\t\t\t\t\t<div class=\"col-sm-6 col-md-3 col-grid\" role=\"group\"  aria-label=\"Proveedores\">\n\t\t\t\t\t\t\t\t<div class=\"cardBasic noBorder left Vertical\">\n\t\t\t\t\t\t\t\t\t<div class=\"cardImage\" style=\"background-image:url('https:\/\/www.southcoast.org\/wp-content\/uploads\/2025\/08\/careers-05.webp'); \"><\/div>\n\t\t\t\t\t\t\t\t\t<div class=\"cardBasicBody\">\n\t\t\t\t\t\t\t\t\t\t\t\t\t\t\t\t\t\t\t\t<p class=\"cardBasicBodyTitle\">Proveedores<\/p>\n\t\t\t\t\t\t\t\t\t\t\t\t\t\t\t\t\t\t\t<\/div>\n\t\t\t\t\t\t\t\t<\/div>\n\t\t\t\t\t\t\t<\/div>\n\t\t\t\t\t\t\t\t\t\t\t\t\t\t\t\t\t<div class=\"col-sm-6 col-md-3 col-grid\" role=\"group\"  aria-label=\"Liderazgo\">\n\t\t\t\t\t\t\t\t<div class=\"cardBasic noBorder left Vertical\">\n\t\t\t\t\t\t\t\t\t<div class=\"cardImage\" style=\"background-image:url('https:\/\/www.southcoast.org\/wp-content\/uploads\/2025\/08\/careers-04.webp'); \"><\/div>\n\t\t\t\t\t\t\t\t\t<div class=\"cardBasicBody\">\n\t\t\t\t\t\t\t\t\t\t\t\t\t\t\t\t\t\t\t\t<p class=\"cardBasicBodyTitle\">Liderazgo<\/p>\n\t\t\t\t\t\t\t\t\t\t\t\t\t\t\t\t\t\t\t<\/div>\n\t\t\t\t\t\t\t\t<\/div>\n\t\t\t\t\t\t\t<\/div>\n\t\t\t\t\t\t\t\t\t\t\t\t\t\t\t\t\t<div class=\"col-sm-6 col-md-3 col-grid\" role=\"group\"  aria-label=\"Salud aliada\">\n\t\t\t\t\t\t\t\t<div class=\"cardBasic noBorder left Vertical\">\n\t\t\t\t\t\t\t\t\t<div class=\"cardImage\" style=\"background-image:url('https:\/\/www.southcoast.org\/wp-content\/uploads\/2025\/07\/PET-CT-02-scaled.jpg'); \"><\/div>\n\t\t\t\t\t\t\t\t\t<div class=\"cardBasicBody\">\n\t\t\t\t\t\t\t\t\t\t\t\t\t\t\t\t\t\t\t\t<p class=\"cardBasicBodyTitle\">Salud aliada<\/p>\n\t\t\t\t\t\t\t\t\t\t\t\t\t\t\t\t\t\t\t<\/div>\n\t\t\t\t\t\t\t\t<\/div>\n\t\t\t\t\t\t\t<\/div>\n\t\t\t\t\t\t\t\t\t\t\t\t\t<\/div>\n\t\t\t<\/div>\n\t<\/div>\n\n<\/div>\n\n\n<div id=\"unity\" class=\"blockSettings  paddingTopMD paddingBottomMD media-object-video-block light\" style=\"\"><div class=\"container\">\n    <div class=\"grid\">\n        <div class=\"col-sm-12\">\n            <div class=\"inner video-center-bottom list-style-disc inner-white-bg\">\n                <div class=\"copy intro-Center\">\n                                                                <h2>Unidad en la Comunidad<\/h2>\n                                        \n                    <div class=\"cta-wrap\">\n\n                                                                                                        \n                                                                                                                            <\/div>\n\n                <\/div>\n                <div class=\"video-container\">\n                                            <div class=\"video-wrapper\">\n                                                                                                <a href=\"https:\/\/www.southcoast.org\/wp-content\/uploads\/2025\/08\/Unity-in-the-Community.mp4\" class=\"popup-mp4 video-placeholder\">\n                                        <img decoding=\"async\" src=\"https:\/\/www.southcoast.org\/wp-content\/uploads\/2025\/06\/community_health_and_wellness_southcoast_cares.webp\" alt=\"A smiling man wearing a green sports jersey and cap, holding a diagram on a clipboard while standing on a soccer field.\">\n                                        <div class=\"play-button\">\n                                            <i class=\"fa fa-play-circle\"><\/i>\n                                        <\/div>\n                                    <\/a>\n                                                            \n                                                    <\/div>\n                                    <\/div>\n            <\/div>\n        <\/div>\n    <\/div>\n<\/div>\n<\/div>\n\n\n<div  class=\"blockSettings  paddingTopMD paddingBottomNone copyFullFluid light\" style=\"background-color:#E9F7F4;\">\t<div class=\"container\">\n\t\t<div class=\"grid\">\n            \t\t\t<div class=\"copyFullWrap\">\n\t\t\t\t<div class=\"col-sm-12\">\n                    <div class=\"maincopy\">\n                        <h2 style=\"text-align: center\">Southcoast Health en cifras<\/h2>\n                    <\/div>\n\n                    \n                    <div class=\"ctaWrap ctaCenter\">\n                                                                                                        \n                                                                                                                            <\/div>\n\n\t\t\t\t<\/div>\n\t\t\t<\/div>\n            \n\n            \n\n            \t\t<\/div>\n\t<\/div>\n<\/div>\n\n<div  class=\"blockSettings  paddingTopNone paddingBottomMD statsHorizontal light\" style=\"background-color:#E9F7F4;\"><div class=\"container\">\n    <div class=\"grid align-center\">\n                                    <div class=\"col-md-auto\">\n                    <div class=\"statBoxH\">\n                        <h2>365<\/h2>\n                        <p>A\u00f1os de servicio continuo colectivo del hospital<\/p>\n                    <\/div>\n                <\/div>\n                            <div class=\"col-md-auto\">\n                    <div class=\"statBoxH\">\n                        <h2>$1.6B<\/h2>\n                        <p>en ingresos netos Impulso del crecimiento interanual <\/p>\n                    <\/div>\n                <\/div>\n                            <div class=\"col-md-auto\">\n                    <div class=\"statBoxH\">\n                        <h2>1000<\/h2>\n                        <p>Millas cuadradas de \u00e1rea de servicio en el sur de MA y East Bay, RI <\/p>\n                    <\/div>\n                <\/div>\n                            <div class=\"col-md-auto\">\n                    <div class=\"statBoxH\">\n                        <h2>8,600+ <\/h2>\n                        <p>Empleados M\u00e9dicos, enfermeros, trabajadores sociales, conductores y m\u00e1s <\/p>\n                    <\/div>\n                <\/div>\n                            <div class=\"col-md-auto\">\n                    <div class=\"statBoxH\">\n                        <h2>TOP 10% <\/h2>\n                        <p>de USA Hospitals Newsweek World's Best Hospital durante siete a\u00f1os consecutivos (2019-2025) <\/p>\n                    <\/div>\n                <\/div>\n                    \n    <\/div>\n<\/div>\n<\/div>\n\n\n<div  class=\"blockSettings  paddingTopMD paddingBottomMD cardAwardsFluid light\" style=\"\"><div class=\"container\">\n\t<div class=\"grid\">\n\t\t<div class=\"col-sm-12\">\n\t\t\t    <div class=\"introWithSliderControls centerAlign\">\n            <div class=\"mainCopyWrap\">\n            <h2>Premios<\/h2>\n        <\/div>\n            <!-- Desktop + leftAlign Slider arrows -->\n        <div class=\"sliderControls sliderArrows\">\n            <button title=\"diapositiva anterior\" class=\"prev-slide\" aria-label=\"Diapositiva anterior\"><i class=\"fa-light fa-chevron-left\" aria-hidden=\"true\"><\/i><\/button>\n            <button title=\"siguiente diapositiva\" class=\"next-slide\" aria-label=\"Siguiente diapositiva\"><i class=\"fa-light fa-chevron-right\" aria-hidden=\"true\"><\/i><\/button>\n        <\/div>\n            <\/div>\n\n\t\t<\/div>\n\t<\/div>\n\t<div class=\"blockSeparator\"><\/div>\n\t<div class=\"cardAwardsContentWrap\" role=\"region\" aria-roledescription=\"carousel\" aria-label=\"Premios\">\n\t\t\t\t\t<div class=\"sliderControls sliderArrows centerIntroAlign\">\n\t\t\t\t<button title=\"diapositiva anterior\" class=\"prev-slide\" aria-label=\"Diapositiva anterior\"><i class=\"fa-light fa-chevron-left\" aria-hidden=\"true\"><\/i><\/button>\n\t\t\t\t<button title=\"siguiente diapositiva\" class=\"next-slide\" aria-label=\"Siguiente diapositiva\"><i class=\"fa-light fa-chevron-right\" aria-hidden=\"true\"><\/i><\/button>\n\t\t\t<\/div>\n\t\t\n\t\t<div class=\"grid  cardSlider\" data-slide-cols=\"3\" >\n\t\t\t\t\t\t\t\t<div class=\"col-sm-6 col-md-4 col-grid\" role=\"group\" aria-roledescription=\"slide\" aria-label=\"Newsweek Los mejores lugares de trabajo de Estados Unidos\">\n\t\t\t\t\t\t<div class=\"awardCard\">\n\t\t\t\t\t\t\t<div class=\"awardImage\">\n\t\t\t\t\t\t\t\t<img decoding=\"async\" width=\"174\" height=\"300\" src=\"https:\/\/www.southcoast.org\/wp-content\/uploads\/2025\/07\/Americas_Greatest_Workplaces_2025-05-174x300.png\" class=\"award-img\" alt=\"&quot;America&#039;s Greatest Workplaces 2025 award from Newsweek with 5-star rating and Plant-A Insights Group logo&quot;\" loading=\"lazy\" srcset=\"https:\/\/www.southcoast.org\/wp-content\/uploads\/2025\/07\/Americas_Greatest_Workplaces_2025-05-174x300.png 174w, https:\/\/www.southcoast.org\/wp-content\/uploads\/2025\/07\/Americas_Greatest_Workplaces_2025-05-594x1024.png 594w, https:\/\/www.southcoast.org\/wp-content\/uploads\/2025\/07\/Americas_Greatest_Workplaces_2025-05-768x1325.png 768w, https:\/\/www.southcoast.org\/wp-content\/uploads\/2025\/07\/Americas_Greatest_Workplaces_2025-05-890x1536.png 890w, https:\/\/www.southcoast.org\/wp-content\/uploads\/2025\/07\/Americas_Greatest_Workplaces_2025-05.png 932w\" sizes=\"auto, (max-width: 174px) 100vw, 174px\" \/>\t\t\t\t\t\t\t<\/div>\n\t\t\t\t\t\t\t<div class=\"awardBody\">\n\t\t\t\t\t\t\t\t<h3>Newsweek Los mejores lugares de trabajo de Estados Unidos<\/h3>\n\t\t\t\t\t\t\t\t\t\t\t\t\t\t\t<\/div>\n\t\t\t\t\t\t\t\t\t\t\t\t\t<\/div>\n\t\t\t\t\t<\/div>\n\t\t\t\t\t\t\t\t<div class=\"col-sm-6 col-md-4 col-grid\" role=\"group\" aria-roledescription=\"slide\" aria-label=\"Newsweek Los mejores lugares de trabajo de Estados Unidos para la diversidad 2024\">\n\t\t\t\t\t\t<div class=\"awardCard\">\n\t\t\t\t\t\t\t<div class=\"awardImage\">\n\t\t\t\t\t\t\t\t<img decoding=\"async\" width=\"223\" height=\"300\" src=\"https:\/\/www.southcoast.org\/wp-content\/uploads\/2025\/08\/Americas_Greatest_Workplaces_for-Diversity_2023_Award_Icon-223x300.png\" class=\"award-img\" alt=\"America&#039;s Greatest Workplaces for Diversity 2024 award icon, including the Newsweek and Plant-A Insights Group logos.\" loading=\"lazy\" srcset=\"https:\/\/www.southcoast.org\/wp-content\/uploads\/2025\/08\/Americas_Greatest_Workplaces_for-Diversity_2023_Award_Icon-223x300.png 223w, https:\/\/www.southcoast.org\/wp-content\/uploads\/2025\/08\/Americas_Greatest_Workplaces_for-Diversity_2023_Award_Icon-761x1024.png 761w, https:\/\/www.southcoast.org\/wp-content\/uploads\/2025\/08\/Americas_Greatest_Workplaces_for-Diversity_2023_Award_Icon-768x1033.png 768w, https:\/\/www.southcoast.org\/wp-content\/uploads\/2025\/08\/Americas_Greatest_Workplaces_for-Diversity_2023_Award_Icon.png 933w\" sizes=\"auto, (max-width: 223px) 100vw, 223px\" \/>\t\t\t\t\t\t\t<\/div>\n\t\t\t\t\t\t\t<div class=\"awardBody\">\n\t\t\t\t\t\t\t\t<h3>Newsweek Los mejores lugares de trabajo de Estados Unidos para la diversidad 2024<\/h3>\n\t\t\t\t\t\t\t\t\t\t\t\t\t\t\t<\/div>\n\t\t\t\t\t\t\t\t\t\t\t\t\t<\/div>\n\t\t\t\t\t<\/div>\n\t\t\t\t\t\t\t\t<div class=\"col-sm-6 col-md-4 col-grid\" role=\"group\" aria-roledescription=\"slide\" aria-label=\"Los mejores hospitales del mundo seg\u00fan Newsweek 7 a\u00f1os consecutivos\">\n\t\t\t\t\t\t<div class=\"awardCard\">\n\t\t\t\t\t\t\t<div class=\"awardImage\">\n\t\t\t\t\t\t\t\t<img decoding=\"async\" width=\"150\" height=\"300\" src=\"https:\/\/www.southcoast.org\/wp-content\/uploads\/2025\/06\/Newsweek_WBH2025_7YR_Champ_Basic-150x300.jpg\" class=\"award-img\" alt=\"&quot;Newsweek&#039;s &#039;World&#039;s Best Hospitals 2019-2025&#039; award, recognizing the top hospitals over a 7-year period.&quot;\" loading=\"lazy\" srcset=\"https:\/\/www.southcoast.org\/wp-content\/uploads\/2025\/06\/Newsweek_WBH2025_7YR_Champ_Basic-150x300.jpg 150w, https:\/\/www.southcoast.org\/wp-content\/uploads\/2025\/06\/Newsweek_WBH2025_7YR_Champ_Basic-513x1024.jpg 513w, https:\/\/www.southcoast.org\/wp-content\/uploads\/2025\/06\/Newsweek_WBH2025_7YR_Champ_Basic-768x1534.jpg 768w, https:\/\/www.southcoast.org\/wp-content\/uploads\/2025\/06\/Newsweek_WBH2025_7YR_Champ_Basic-769x1536.jpg 769w, https:\/\/www.southcoast.org\/wp-content\/uploads\/2025\/06\/Newsweek_WBH2025_7YR_Champ_Basic-1025x2048.jpg 1025w, https:\/\/www.southcoast.org\/wp-content\/uploads\/2025\/06\/Newsweek_WBH2025_7YR_Champ_Basic.jpg 1052w\" sizes=\"auto, (max-width: 150px) 100vw, 150px\" \/>\t\t\t\t\t\t\t<\/div>\n\t\t\t\t\t\t\t<div class=\"awardBody\">\n\t\t\t\t\t\t\t\t<h3>Los mejores hospitales del mundo seg\u00fan Newsweek 7 a\u00f1os consecutivos<\/h3>\n\t\t\t\t\t\t\t\t\t\t\t\t\t\t\t<\/div>\n\t\t\t\t\t\t\t\t\t\t\t\t\t<\/div>\n\t\t\t\t\t<\/div>\n\t\t\t\t\t\t\t\t<div class=\"col-sm-6 col-md-4 col-grid\" role=\"group\" aria-roledescription=\"slide\" aria-label=\"Elecci\u00f3n de la Comunidad 2024\">\n\t\t\t\t\t\t<div class=\"awardCard\">\n\t\t\t\t\t\t\t<div class=\"awardImage\">\n\t\t\t\t\t\t\t\t<img decoding=\"async\" width=\"241\" height=\"300\" src=\"https:\/\/www.southcoast.org\/wp-content\/uploads\/2025\/06\/Community_Choice_Southcoast_Winner-241x300.png\" class=\"award-img\" alt=\"Community&#039;s Choice SouthCoast Winner award design with red stars, blue and black stripes, and a white eagle graphic.\" loading=\"lazy\" srcset=\"https:\/\/www.southcoast.org\/wp-content\/uploads\/2025\/06\/Community_Choice_Southcoast_Winner-241x300.png 241w, https:\/\/www.southcoast.org\/wp-content\/uploads\/2025\/06\/Community_Choice_Southcoast_Winner-822x1024.png 822w, https:\/\/www.southcoast.org\/wp-content\/uploads\/2025\/06\/Community_Choice_Southcoast_Winner-768x956.png 768w, https:\/\/www.southcoast.org\/wp-content\/uploads\/2025\/06\/Community_Choice_Southcoast_Winner.png 1200w\" sizes=\"auto, (max-width: 241px) 100vw, 241px\" \/>\t\t\t\t\t\t\t<\/div>\n\t\t\t\t\t\t\t<div class=\"awardBody\">\n\t\t\t\t\t\t\t\t<h3>Elecci\u00f3n de la Comunidad 2024<\/h3>\n\t\t\t\t\t\t\t\t\t\t\t\t\t\t\t<\/div>\n\t\t\t\t\t\t\t\t\t\t\t\t\t<\/div>\n\t\t\t\t\t<\/div>\n\t\t\t\t\t<\/div>\n\t<\/div>\n\t<\/div>\n<\/div>","protected":false},"excerpt":{"rendered":"","protected":false},"author":7,"featured_media":0,"parent":0,"menu_order":0,"comment_status":"closed","ping_status":"closed","template":"","meta":{"_acf_changed":false,"footnotes":""},"class_list":["post-32440","page","type-page","status-publish","hentry"],"acf":[],"yoast_head":"<!-- This site is optimized with the Yoast SEO plugin v26.0 - https:\/\/yoast.com\/wordpress\/plugins\/seo\/ -->\n<title>Careers - Southcoast Health<\/title>\n<meta name=\"robots\" content=\"index, follow, max-snippet:-1, max-image-preview:large, max-video-preview:-1\" \/>\n<link rel=\"canonical\" href=\"https:\/\/www.southcoast.org\/es\/careers\/\" \/>\n<meta property=\"og:locale\" content=\"es_MX\" \/>\n<meta property=\"og:type\" content=\"article\" \/>\n<meta property=\"og:title\" content=\"Careers - Southcoast Health\" \/>\n<meta property=\"og:url\" content=\"https:\/\/www.southcoast.org\/es\/careers\/\" \/>\n<meta property=\"og:site_name\" content=\"Southcoast Health\" \/>\n<meta property=\"article:modified_time\" content=\"2025-09-08T16:50:15+00:00\" \/>\n<meta name=\"twitter:card\" content=\"summary_large_image\" \/>\n<script type=\"application\/ld+json\" class=\"yoast-schema-graph\">{\"@context\":\"https:\/\/schema.org\",\"@graph\":[{\"@type\":\"WebPage\",\"@id\":\"https:\/\/www.southcoast.org\/careers\/\",\"url\":\"https:\/\/www.southcoast.org\/careers\/\",\"name\":\"Careers - Southcoast Health\",\"isPartOf\":{\"@id\":\"https:\/\/www.southcoast.org\/#website\"},\"datePublished\":\"2025-08-15T17:38:28+00:00\",\"dateModified\":\"2025-09-08T16:50:15+00:00\",\"breadcrumb\":{\"@id\":\"https:\/\/www.southcoast.org\/careers\/#breadcrumb\"},\"inLanguage\":\"es-MX\",\"potentialAction\":[{\"@type\":\"ReadAction\",\"target\":[\"https:\/\/www.southcoast.org\/careers\/\"]}]},{\"@type\":\"BreadcrumbList\",\"@id\":\"https:\/\/www.southcoast.org\/careers\/#breadcrumb\",\"itemListElement\":[{\"@type\":\"ListItem\",\"position\":1,\"name\":\"\",\"item\":\"https:\/\/www.southcoast.org\/\"},{\"@type\":\"ListItem\",\"position\":2,\"name\":\"Careers\"}]},{\"@type\":\"WebSite\",\"@id\":\"https:\/\/www.southcoast.org\/#website\",\"url\":\"https:\/\/www.southcoast.org\/\",\"name\":\"Southcoast Health\",\"description\":\"More than medicine.\",\"potentialAction\":[{\"@type\":\"SearchAction\",\"target\":{\"@type\":\"EntryPoint\",\"urlTemplate\":\"https:\/\/www.southcoast.org\/?s={search_term_string}\"},\"query-input\":{\"@type\":\"PropertyValueSpecification\",\"valueRequired\":true,\"valueName\":\"search_term_string\"}}],\"inLanguage\":\"es-MX\"}]}<\/script>\n<!-- \/ Yoast SEO plugin. -->","yoast_head_json":{"title":"Careers - Southcoast Health","robots":{"index":"index","follow":"follow","max-snippet":"max-snippet:-1","max-image-preview":"max-image-preview:large","max-video-preview":"max-video-preview:-1"},"canonical":"https:\/\/www.southcoast.org\/es\/careers\/","og_locale":"es_MX","og_type":"article","og_title":"Careers - Southcoast Health","og_url":"https:\/\/www.southcoast.org\/es\/careers\/","og_site_name":"Southcoast Health","article_modified_time":"2025-09-08T16:50:15+00:00","twitter_card":"summary_large_image","schema":{"@context":"https:\/\/schema.org","@graph":[{"@type":"WebPage","@id":"https:\/\/www.southcoast.org\/careers\/","url":"https:\/\/www.southcoast.org\/careers\/","name":"Careers - Southcoast Health","isPartOf":{"@id":"https:\/\/www.southcoast.org\/#website"},"datePublished":"2025-08-15T17:38:28+00:00","dateModified":"2025-09-08T16:50:15+00:00","breadcrumb":{"@id":"https:\/\/www.southcoast.org\/careers\/#breadcrumb"},"inLanguage":"es-MX","potentialAction":[{"@type":"ReadAction","target":["https:\/\/www.southcoast.org\/careers\/"]}]},{"@type":"BreadcrumbList","@id":"https:\/\/www.southcoast.org\/careers\/#breadcrumb","itemListElement":[{"@type":"ListItem","position":1,"name":"","item":"https:\/\/www.southcoast.org\/"},{"@type":"ListItem","position":2,"name":"Careers"}]},{"@type":"WebSite","@id":"https:\/\/www.southcoast.org\/#website","url":"https:\/\/www.southcoast.org\/","name":"Southcoast Health","description":"M\u00e1s que medicina.","potentialAction":[{"@type":"SearchAction","target":{"@type":"EntryPoint","urlTemplate":"https:\/\/www.southcoast.org\/?s={search_term_string}"},"query-input":{"@type":"PropertyValueSpecification","valueRequired":true,"valueName":"search_term_string"}}],"inLanguage":"es-MX"}]}},"_links":{"self":[{"href":"https:\/\/www.southcoast.org\/es\/wp-json\/wp\/v2\/pages\/32440","targetHints":{"allow":["GET"]}}],"collection":[{"href":"https:\/\/www.southcoast.org\/es\/wp-json\/wp\/v2\/pages"}],"about":[{"href":"https:\/\/www.southcoast.org\/es\/wp-json\/wp\/v2\/types\/page"}],"author":[{"embeddable":true,"href":"https:\/\/www.southcoast.org\/es\/wp-json\/wp\/v2\/users\/7"}],"replies":[{"embeddable":true,"href":"https:\/\/www.southcoast.org\/es\/wp-json\/wp\/v2\/comments?post=32440"}],"version-history":[{"count":28,"href":"https:\/\/www.southcoast.org\/es\/wp-json\/wp\/v2\/pages\/32440\/revisions"}],"predecessor-version":[{"id":274319,"href":"https:\/\/www.southcoast.org\/es\/wp-json\/wp\/v2\/pages\/32440\/revisions\/274319"}],"wp:attachment":[{"href":"https:\/\/www.southcoast.org\/es\/wp-json\/wp\/v2\/media?parent=32440"}],"curies":[{"name":"wp","href":"https:\/\/api.w.org\/{rel}","templated":true}]}}