{"id":32297,"date":"2025-08-14T18:22:32","date_gmt":"2025-08-14T18:22:32","guid":{"rendered":"https:\/\/test-southcoast-health-multi.southcoast-health.org\/?page_id=32297"},"modified":"2026-02-22T15:40:54","modified_gmt":"2026-02-22T20:40:54","slug":"winter-safety","status":"publish","type":"page","link":"https:\/\/www.southcoast.org\/es\/winter-safety\/","title":{"rendered":"Seguridad invernal"},"content":{"rendered":"<div  class=\"blockSettings  paddingTopSM paddingBottomMD media-object-video-block light\" style=\"\"><div class=\"container\">\n    <div class=\"grid\">\n        <div class=\"col-sm-12\">\n            <div class=\"inner video-right list-style-disc inner-gray-bg\">\n                <div class=\"copy\">\n                                                                <h2>Seguridad en invierno<\/h2>\n                                                                <p id=\"h-we-hope-to-serve-each-and-every-one-of-your-medical-needs-with-compassionate-and-advanced-care-in-your-community\" class=\"wp-block-heading\">Los siguientes consejos pueden ayudarle a usted y a sus seres queridos a mantenerse a salvo en condiciones invernales.<\/p>\n                    \n                    <div class=\"cta-wrap\">\n\n                                                                                                        \n                                                                                                                            <\/div>\n\n                <\/div>\n                <div class=\"video-container\">\n                                            <div class=\"video-wrapper\">\n                                                                                                <a href=\"https:\/\/www.southcoast.org\/wp-content\/uploads\/2025\/08\/Know_where_to_go_for_care.mp4\" class=\"popup-mp4 video-placeholder\">\n                                        <img decoding=\"async\" src=\"https:\/\/www.southcoast.org\/wp-content\/uploads\/2025\/08\/Know-Where-to-Go-Image-Placeholder.png\" alt=\"Southcoast Health logo with text &quot;Know where to go&quot;\">\n                                        <div class=\"play-button\">\n                                            <i class=\"fa fa-play-circle\"><\/i>\n                                        <\/div>\n                                    <\/a>\n                                                            \n                                                            <img decoding=\"async\" class=\"corner-art\" src=\"https:\/\/www.southcoast.org\/wp-content\/themes\/southcoast_multisite\/images\/corner-art-wide.svg\" alt=\"corner art\">\n                                                    <\/div>\n                                    <\/div>\n            <\/div>\n        <\/div>\n    <\/div>\n<\/div>\n<\/div>\n\n\n<div  class=\"blockSettings  paddingTopSM paddingBottomNone copyFullFluid light\" style=\"background-color:#e1f5fa;\">\t<div class=\"container\">\n\t\t<div class=\"grid\">\n            \t\t\t<div class=\"copyFullWrap\">\n\t\t\t\t<div class=\"col-sm-12\">\n                    <div class=\"maincopy\">\n                        <h2 style=\"text-align: center;\">Refugios de emergencia y sin cita previa de Fall River y New Bedford<\/h2>\n<p style=\"text-align: center;\">Se ruega a quienes necesiten ayuda que llamen al <strong>(508) 676-3528 <\/strong>la l\u00ednea directa 24 horas para personas sin hogar del Equipo de Respuesta R\u00c1PIDA.<\/p>\n                    <\/div>\n\n                    \n                    <div class=\"ctaWrap ctaCenter\">\n                                                                                                        \n                                                                                                                            <\/div>\n\n\t\t\t\t<\/div>\n\t\t\t<\/div>\n            \n\n            \n\n            \t\t<\/div>\n\t<\/div>\n<\/div>\n\n\n<div  class=\"blockSettings  paddingTopNone paddingBottomSM copyFullFluid darkTheme\" style=\"background-color:#e1f5fa;\">\t<div class=\"container\">\n\t\t<div class=\"grid\">\n            \n\n                            <div class=\"col-sm-6\">\n                    <div class=\"maincopy\">\n                        <p><strong><span style=\"text-decoration: underline;\">R\u00edo Fall<\/span><\/strong><\/p>\n<p><strong>Refugio para climas extremadamente fr\u00edos <\/strong><\/p>\n<p>- Albergue de emergencia proporcionado por <strong>Posada First Step<\/strong> en el 134 de Durfee Street estar\u00e1 abierta a partir del domingo 22 de febrero, a las 16.00 horas.<br \/>\n- Se ruega a quienes necesiten ayuda que llamen al (508) 676-3528, el tel\u00e9fono de atenci\u00f3n a los sin techo del Equipo de Respuesta R\u00c1PIDA, disponible las 24 horas del d\u00eda.<br \/>\n- Para necesidades de refugio permanente llame al First Step in (508) 679-8001.<\/p>\n<p><strong>First Step Inn &amp; Timao Center - Refugios de emergencia<\/strong><\/p>\n<p>508-679-8001 para ser a\u00f1adido a la lista de refugios de emergencia<br \/>\n- El Centro Timao dispone de 25 camas de desbordamiento (s\u00f3lo en invierno).<br \/>\n- Ambos refugios utilizan una lista de espera rotatoria.<br \/>\n- La colocaci\u00f3n depende de la disponibilidad de camas.<br \/>\n<strong>- Documento de identidad con fotograf\u00eda<\/strong><\/p>\n<p><strong>Iglesia de Cristo la Roca<br \/>\n<\/strong>\u00a0414 Rock Street, Fall Roiver<br \/>\n508-617-8245<br \/>\nAbrir\u00e1 un centro de acogida. Pase sin llamar.<\/p>\n<p><strong>Sal\u00f3n parroquial del Buen Pastor<br \/>\n<\/strong>1598 S. Main St, Fall River<br \/>\n508-678-7412<br \/>\n<strong>Abierto de mi\u00e9rcoles a viernes, de 10.00 a 13.00 h.<\/strong> (Espacio interior y comida disponibles)<\/p>\n<p><strong>THRIVE for Humanity<br \/>\n<\/strong>620 Plymouth Ave, Fall River, MA<br \/>\n508-916-8161<br \/>\n<strong>Abierto: <\/strong><strong>Jueves, de 10.00 a 14.00 horas y <\/strong><strong>S\u00e1bado, 11:00-13:00<\/strong><\/p>\n<p><strong>Primera Iglesia Bautista<br \/>\n<\/strong>228 N. Main St, Fall River, MA<br \/>\n508-672-5381<strong><br \/>\nAbierto: <\/strong><strong>Martes y jueves, de 16.00 a 18.00 horas<\/strong><\/p>\n<p><strong>Proyecto FAIHR<\/strong><br \/>\n134 Durfee Street, Fall River, MA<br \/>\n774-992-0655<\/p>\n                    <\/div>\n                <\/div>\n                <div class=\"col-sm-6\">\n                    <div class=\"maincopy\">\n                        <p><span style=\"text-decoration: underline;\"><strong>New Bedford<\/strong><\/span><\/p>\n<p><strong>Refugio de desbordamiento para climas fr\u00edos de New Bedford<br \/>\n<\/strong>(Se activa cuando la temperatura o \"sensaci\u00f3n real\" es de 30 \u00b0F o inferior, por orden de llegada - capacidad para 30 camas)<br \/>\n- Colocaciones separadas por sexo (hombres con hombres, mujeres con mujeres)<br \/>\n- Transporte: Proporcionado a partir de las 15:00<br \/>\n- Salida diaria: Los hu\u00e9spedes deben dejar el motel antes de las 6:00aM<br \/>\n- El transporte devuelve a los hu\u00e9spedes a Merry Meals por la ma\u00f1ana<\/p>\n<p><strong>Sister Rose House (hombres) y Grace House (mujeres)<br \/>\n<\/strong>75 Division St, New Bedford, MA 02744<br \/>\n2 Acushnet Ave, New Bedford, MA 02744<br \/>\nP\u00f3ngase en contacto con Ray Duarte (774) 628-9743 o (508) 997-3202<strong><br \/>\n<\/strong><\/p>\n<p><strong>Centro de Calentamiento PAACA<br \/>\n<\/strong>360 Coggeshall St New Bedford, MA<br \/>\n508-997-9051<br \/>\n<strong>Abrir<\/strong><strong> S\u00e1bado 24 de enero a mediod\u00eda hasta el <\/strong><strong>26 de enero a las 8.00 horas<\/strong><\/p>\n<p><strong><span style=\"text-decoration: underline;\">Wareham, MA<\/span><\/strong><br \/>\n<strong><br \/>\nPunto de inflexi\u00f3n<br \/>\n<\/strong>777 Main St, Wareham, MA<br \/>\n508-291-3562<br \/>\nProporcionar refugio durante la tormenta<\/p>\n<p><strong>Centro Multiservicios de Wareham<br \/>\n<\/strong>48 Marion Road, Wareham, MA<br \/>\n<strong>Abierto de s\u00e1bado a lunes, de 11.00 a 15.00 h.<\/strong><br \/>\n<strong><br \/>\n<\/strong><\/p>\n<p>&nbsp;<\/p>\n                    <\/div>\n                <\/div>\n                                    <div class=\"col-sm-12\">\n                        <div class=\"ctaCenter\">\n                                                                                                                        \n                                                                                                                                                <\/div>\n                    <\/div>\n                            \n\n            \t\t<\/div>\n\t<\/div>\n<\/div>\n\n\n<div  class=\"blockSettings  paddingTopSM paddingBottomSM cardsQuickFluid light\" style=\"background-color:#E9F7F4;\"><div class=\"container\">\n        <div class=\"grid\">\n        <div class=\"col-sm-12 maincopy\">\n                <div class=\"introWithCta leftAlign\">\n            <div class=\"mainCopyWrap\">\n            <h2>Consejos para el invierno<\/h2>\n    <div class=\"paragraphWrap\"><p>Southcoast Health le recuerda que debe mantenerse alerta y no ignorar sus s\u00edntomas o lesiones. Somos su recurso para la atenci\u00f3n de clase mundial cerca de casa, incluyendo el tratamiento de enfermedades estacionales, lesiones menores, y mucho m\u00e1s.<\/p>\n<p>Como siempre, si tiene una urgencia m\u00e9dica, llame al 911 o acuda al servicio de urgencias m\u00e1s cercano. Nuestros centros de atenci\u00f3n urgente tambi\u00e9n est\u00e1n disponibles para lesiones o enfermedades menos graves.<\/p>\n<\/div>    <\/div>\n        <\/div>\n            <\/div>\n\n\n\n    <\/div>\n                <div class=\"blockSeparator\"><\/div>\n        <div class=\"grid\" role=\"list\">\n                                        <div class=\"col-sm-6 col-lg-auto\" role=\"listitem\">\n                        <a href=\"https:\/\/www.mass.gov\/info-details\/warming-centers-guidance\" target=\"_blank\" class=\"quick-link\" style=\"\">\n                                                        <span lang=\"en\">Centros de acogida de Massachusetts<\/span>\n                            <i class=\"fa-solid fa-arrow-up-right\"><\/i>\n                        <\/a>\n                    <\/div>\n                                \n                                                <div class=\"col-sm-6 col-lg-auto\" role=\"listitem\">\n                        <a href=\"https:\/\/riema.ri.gov\/planning-mitigation\/resources-businesses\/warming-centers\" target=\"_blank\" class=\"quick-link\" style=\"\">\n                                                        <span lang=\"en\">Centros de acogida de Rhode Island<\/span>\n                            <i class=\"fa-solid fa-arrow-up-right\"><\/i>\n                        <\/a>\n                    <\/div>\n                                \n                                                <div class=\"col-sm-6 col-lg-auto\" role=\"listitem\">\n                        <a href=\"https:\/\/www.mass.gov\/info-details\/extreme-cold-safety-tips\" target=\"_blank\" class=\"quick-link\" style=\"\">\n                                                        <span lang=\"en\">Seguridad frente al fr\u00edo extremo<\/span>\n                            <i class=\"fa-solid fa-arrow-up-right\"><\/i>\n                        <\/a>\n                    <\/div>\n                                \n                                        <\/div>\n<\/div>\n<\/div>\n\n\n<div id=\"shoveling\" class=\"blockSettings  paddingTopSM paddingBottomNone media-object-block light\" style=\"\"><div class=\"container\">\n\t<div class=\"grid\">\n\t\t<div class=\"col-sm-12\">\n\t\t\t<div class=\"inner image-right list-style-disc inner-white-bg\" style=\"background-color: #fff;\">\n\t\t\t\t<div class=\"copy\">\n\t\t\t\t\t    <div class=\"mainCopyWrap\">\n            <h2>Seguridad al quitar la nieve: Proteja su coraz\u00f3n este invierno<\/h2>\n    <div class=\"paragraphWrap\"><p>Cada a\u00f1o, los servicios de urgencias registran un aumento de los accidentes cardiacos relacionados con la limpieza de la nieve. Tomar unas sencillas precauciones puede ayudarle a mantenerse seguro mientras limpia la calzada o el camino de entrada.<\/p>\n<p><strong>Por qu\u00e9 quitar la nieve puede ser arriesgado<\/strong><br \/>\nEl fr\u00edo hace que los vasos sangu\u00edneos se contraigan, aumentando la presi\u00f3n arterial y haciendo que el coraz\u00f3n trabaje m\u00e1s. Palear nieve pesada y h\u00fameda suele implicar esfuerzos bruscos y levantamientos repetitivos, lo que aumenta el riesgo de infarto, sobre todo en personas con cardiopat\u00edas y otros factores de riesgo.<\/p>\n<\/div>    <\/div>\n    \t\t\t\t<\/div>\n\t\t\t\t\t\t\t\t<div class=\"images\">\n\t\t\t\t\t\t<img decoding=\"async\" class=\"single\" src=\"https:\/\/www.southcoast.org\/wp-content\/uploads\/2026\/01\/Shoveling.png\" alt=\"Shoveling Snow\">\n\t\t\t\t\t\t\t\t\t\t<\/div>\n\t\t\t\t\n\t\t\t<\/div>\n\t\t<\/div>\n\t<\/div>\n<\/div>\n<\/div>\n\n\n<div  class=\"blockSettings  paddingTopNone paddingBottomNone copyFullFluid fullwidth light\" style=\"\">\t<div class=\"container\">\n\t\t<div class=\"grid\">\n            \t\t\t<div class=\"copyFullWrap bg-white\">\n\t\t\t\t<div class=\"col-sm-12\">\n                    <div class=\"maincopy\">\n                        <h2><strong>Consejos para quitar la nieve con seguridad<\/strong><\/h2>\n<ul>\n<li><strong>Primero calienta.<\/strong> Estira o camina en el sitio durante unos minutos para preparar los m\u00fasculos y el coraz\u00f3n.<\/li>\n<li><strong>Haz pausas frecuentes.<\/strong> T\u00f3mate tu tiempo y evita las prisas por acabar r\u00e1pido.<\/li>\n<li><strong>Utiliza la t\u00e9cnica adecuada.<\/strong> Empuje la nieve siempre que sea posible; no la levante. Si es necesario levantar, mantenga las cargas peque\u00f1as y ag\u00e1chese con las rodillas, no con la espalda.<\/li>\n<li><strong>Mant\u00e9ngase hidratado.<\/strong> Incluso en climas fr\u00edos, la deshidrataci\u00f3n puede sobrecargar el coraz\u00f3n.<\/li>\n<li><strong>Conoce tus l\u00edmites.<\/strong> Si su salud se ve comprometida, considere la posibilidad de pedir ayuda.<\/li>\n<\/ul>\n<h3><\/h3>\n<h3><strong>Conozca\u00a0<\/strong><strong>las se\u00f1ales de advertencia<\/strong><\/h3>\n<p>Busque ayuda m\u00e9dica inmediatamente si experimenta <strong>dolor o presi\u00f3n en el pecho, dificultad para respirar, mareos, n\u00e1useas o dolor que se extiende a los brazos, el cuello o la mand\u00edbula. <\/strong>Escuchar a su cuerpo y tomar precauciones puede reducir el riesgo de infarto y ayudarle a mantenerse sano durante el invierno.<\/p>\n                    <\/div>\n\n                    \n                    <div class=\"ctaWrap ctaCenter\">\n                                                                                                        \n                                                                                                                            <\/div>\n\n\t\t\t\t<\/div>\n\t\t\t<\/div>\n            \n\n            \n\n            \t\t<\/div>\n\t<\/div>\n<\/div>\n\n\n<div  class=\"blockSettings  paddingTopSM paddingBottomSM media-object-block light\" style=\"\"><div class=\"container\">\n\t<div class=\"grid\">\n\t\t<div class=\"col-sm-12\">\n\t\t\t<div class=\"inner image-right list-style-disc inner-bg\" style=\"background-color: #E9F7F4;\">\n\t\t\t\t<div class=\"copy\">\n\t\t\t\t\t    <div class=\"mainCopyWrap\">\n            <h2>Atenci\u00f3n urgente cerca de usted<\/h2>\n    <div class=\"paragraphWrap\"><p>Si necesita atenci\u00f3n m\u00e9dica r\u00e1pida en la que usted y su familia puedan confiar, busque su centro de atenci\u00f3n urgente m\u00e1s cercano y reg\u00edstrese en l\u00ednea en cualquier momento. Tambi\u00e9n aceptamos pacientes sin cita previa, por lo que no es necesario pedir cita.<\/p>\n<p><em>Si se trata de una urgencia, llame al 911 o acuda al servicio de urgencias m\u00e1s cercano.<\/em><\/p>\n<\/div>    <\/div>\n        <div class=\"ctaWrap\">\n                    <a aria-label=\"Enlace a Reserve su plaza en l\u00ednea\" class=\"mainCTA shadow light1\" href=\"https:\/\/www.southcoast.org\/es\/urgent-care\/\" title=\"Abrir Save Your Spot Online\" >Reserve su plaza en l\u00ednea<\/a>            <\/div>\n    \t\t\t\t<\/div>\n\t\t\t\t\t\t\t\t<div class=\"images\">\n\t\t\t\t\t\t<img decoding=\"async\" class=\"single\" src=\"https:\/\/www.southcoast.org\/wp-content\/uploads\/2025\/01\/FR-UrgentCare-01-1.jpg\" alt=\"Southcoast Health Urgent Care facility, with storefront signage and windows on a brick building surrounded by trees.\">\n\t\t\t\t\t\t\t\t\t\t<\/div>\n\t\t\t\t\n\t\t\t<\/div>\n\t\t<\/div>\n\t<\/div>\n<\/div>\n<\/div>","protected":false},"excerpt":{"rendered":"","protected":false},"author":20,"featured_media":284303,"parent":0,"menu_order":0,"comment_status":"closed","ping_status":"closed","template":"","meta":{"_acf_changed":false,"footnotes":""},"class_list":["post-32297","page","type-page","status-publish","has-post-thumbnail","hentry"],"acf":[],"yoast_head":"<!-- This site is optimized with the Yoast SEO plugin v26.0 - https:\/\/yoast.com\/wordpress\/plugins\/seo\/ -->\n<title>Winter Safety - Southcoast Health<\/title>\n<meta name=\"description\" content=\"tips that can help you and your loved ones stay safe in winter conditions.\" \/>\n<meta name=\"robots\" content=\"index, follow, max-snippet:-1, max-image-preview:large, max-video-preview:-1\" \/>\n<link rel=\"canonical\" href=\"https:\/\/www.southcoast.org\/es\/winter-safety\/\" \/>\n<meta property=\"og:locale\" content=\"es_MX\" \/>\n<meta property=\"og:type\" content=\"article\" \/>\n<meta property=\"og:title\" content=\"Winter Safety - Southcoast Health\" \/>\n<meta property=\"og:description\" content=\"tips that can help you and your loved ones stay safe in winter conditions.\" \/>\n<meta property=\"og:url\" content=\"https:\/\/www.southcoast.org\/es\/winter-safety\/\" \/>\n<meta property=\"og:site_name\" content=\"Southcoast Health\" \/>\n<meta property=\"article:modified_time\" content=\"2026-02-22T20:40:54+00:00\" \/>\n<meta property=\"og:image\" content=\"https:\/\/www.southcoast.org\/wp-content\/uploads\/2026\/01\/Winter-Safety-Featured-Photo-1024x1024.png\" \/>\n\t<meta property=\"og:image:width\" content=\"1024\" \/>\n\t<meta property=\"og:image:height\" content=\"1024\" \/>\n\t<meta property=\"og:image:type\" content=\"image\/png\" \/>\n<meta name=\"twitter:card\" content=\"summary_large_image\" \/>\n<meta name=\"twitter:label1\" content=\"Est. reading time\" \/>\n\t<meta name=\"twitter:data1\" content=\"1 minute\" \/>\n<script type=\"application\/ld+json\" class=\"yoast-schema-graph\">{\"@context\":\"https:\/\/schema.org\",\"@graph\":[{\"@type\":\"WebPage\",\"@id\":\"https:\/\/www.southcoast.org\/winter-safety\/\",\"url\":\"https:\/\/www.southcoast.org\/winter-safety\/\",\"name\":\"Winter Safety - Southcoast Health\",\"isPartOf\":{\"@id\":\"https:\/\/www.southcoast.org\/#website\"},\"primaryImageOfPage\":{\"@id\":\"https:\/\/www.southcoast.org\/winter-safety\/#primaryimage\"},\"image\":{\"@id\":\"https:\/\/www.southcoast.org\/winter-safety\/#primaryimage\"},\"thumbnailUrl\":\"https:\/\/www.southcoast.org\/wp-content\/uploads\/2026\/01\/Winter-Safety-Featured-Photo.png\",\"datePublished\":\"2025-08-14T18:22:32+00:00\",\"dateModified\":\"2026-02-22T20:40:54+00:00\",\"description\":\"tips that can help you and your loved ones stay safe in winter conditions.\",\"breadcrumb\":{\"@id\":\"https:\/\/www.southcoast.org\/winter-safety\/#breadcrumb\"},\"inLanguage\":\"es-MX\",\"potentialAction\":[{\"@type\":\"ReadAction\",\"target\":[\"https:\/\/www.southcoast.org\/winter-safety\/\"]}]},{\"@type\":\"ImageObject\",\"inLanguage\":\"es-MX\",\"@id\":\"https:\/\/www.southcoast.org\/winter-safety\/#primaryimage\",\"url\":\"https:\/\/www.southcoast.org\/wp-content\/uploads\/2026\/01\/Winter-Safety-Featured-Photo.png\",\"contentUrl\":\"https:\/\/www.southcoast.org\/wp-content\/uploads\/2026\/01\/Winter-Safety-Featured-Photo.png\",\"width\":1080,\"height\":1080},{\"@type\":\"BreadcrumbList\",\"@id\":\"https:\/\/www.southcoast.org\/winter-safety\/#breadcrumb\",\"itemListElement\":[{\"@type\":\"ListItem\",\"position\":1,\"name\":\"\",\"item\":\"https:\/\/www.southcoast.org\/\"},{\"@type\":\"ListItem\",\"position\":2,\"name\":\"Winter Safety\"}]},{\"@type\":\"WebSite\",\"@id\":\"https:\/\/www.southcoast.org\/#website\",\"url\":\"https:\/\/www.southcoast.org\/\",\"name\":\"Southcoast Health\",\"description\":\"More than medicine.\",\"potentialAction\":[{\"@type\":\"SearchAction\",\"target\":{\"@type\":\"EntryPoint\",\"urlTemplate\":\"https:\/\/www.southcoast.org\/?s={search_term_string}\"},\"query-input\":{\"@type\":\"PropertyValueSpecification\",\"valueRequired\":true,\"valueName\":\"search_term_string\"}}],\"inLanguage\":\"es-MX\"}]}<\/script>\n<!-- \/ Yoast SEO plugin. -->","yoast_head_json":{"title":"Seguridad invernal - Southcoast Health","description":"consejos que pueden ayudarle a usted y a los suyos a mantenerse a salvo en condiciones invernales.","robots":{"index":"index","follow":"follow","max-snippet":"max-snippet:-1","max-image-preview":"max-image-preview:large","max-video-preview":"max-video-preview:-1"},"canonical":"https:\/\/www.southcoast.org\/es\/winter-safety\/","og_locale":"es_MX","og_type":"article","og_title":"Winter Safety - Southcoast Health","og_description":"tips that can help you and your loved ones stay safe in winter conditions.","og_url":"https:\/\/www.southcoast.org\/es\/winter-safety\/","og_site_name":"Southcoast Health","article_modified_time":"2026-02-22T20:40:54+00:00","og_image":[{"width":1024,"height":1024,"url":"https:\/\/www.southcoast.org\/wp-content\/uploads\/2026\/01\/Winter-Safety-Featured-Photo-1024x1024.png","type":"image\/png"}],"twitter_card":"summary_large_image","twitter_misc":{"Est. reading time":"1 minute"},"schema":{"@context":"https:\/\/schema.org","@graph":[{"@type":"WebPage","@id":"https:\/\/www.southcoast.org\/winter-safety\/","url":"https:\/\/www.southcoast.org\/winter-safety\/","name":"Seguridad invernal - Southcoast Health","isPartOf":{"@id":"https:\/\/www.southcoast.org\/#website"},"primaryImageOfPage":{"@id":"https:\/\/www.southcoast.org\/winter-safety\/#primaryimage"},"image":{"@id":"https:\/\/www.southcoast.org\/winter-safety\/#primaryimage"},"thumbnailUrl":"https:\/\/www.southcoast.org\/wp-content\/uploads\/2026\/01\/Winter-Safety-Featured-Photo.png","datePublished":"2025-08-14T18:22:32+00:00","dateModified":"2026-02-22T20:40:54+00:00","description":"consejos que pueden ayudarle a usted y a los suyos a mantenerse a salvo en condiciones invernales.","breadcrumb":{"@id":"https:\/\/www.southcoast.org\/winter-safety\/#breadcrumb"},"inLanguage":"es-MX","potentialAction":[{"@type":"ReadAction","target":["https:\/\/www.southcoast.org\/winter-safety\/"]}]},{"@type":"ImageObject","inLanguage":"es-MX","@id":"https:\/\/www.southcoast.org\/winter-safety\/#primaryimage","url":"https:\/\/www.southcoast.org\/wp-content\/uploads\/2026\/01\/Winter-Safety-Featured-Photo.png","contentUrl":"https:\/\/www.southcoast.org\/wp-content\/uploads\/2026\/01\/Winter-Safety-Featured-Photo.png","width":1080,"height":1080},{"@type":"BreadcrumbList","@id":"https:\/\/www.southcoast.org\/winter-safety\/#breadcrumb","itemListElement":[{"@type":"ListItem","position":1,"name":"","item":"https:\/\/www.southcoast.org\/"},{"@type":"ListItem","position":2,"name":"Winter Safety"}]},{"@type":"WebSite","@id":"https:\/\/www.southcoast.org\/#website","url":"https:\/\/www.southcoast.org\/","name":"Southcoast Health","description":"M\u00e1s que medicina.","potentialAction":[{"@type":"SearchAction","target":{"@type":"EntryPoint","urlTemplate":"https:\/\/www.southcoast.org\/?s={search_term_string}"},"query-input":{"@type":"PropertyValueSpecification","valueRequired":true,"valueName":"search_term_string"}}],"inLanguage":"es-MX"}]}},"_links":{"self":[{"href":"https:\/\/www.southcoast.org\/es\/wp-json\/wp\/v2\/pages\/32297","targetHints":{"allow":["GET"]}}],"collection":[{"href":"https:\/\/www.southcoast.org\/es\/wp-json\/wp\/v2\/pages"}],"about":[{"href":"https:\/\/www.southcoast.org\/es\/wp-json\/wp\/v2\/types\/page"}],"author":[{"embeddable":true,"href":"https:\/\/www.southcoast.org\/es\/wp-json\/wp\/v2\/users\/20"}],"replies":[{"embeddable":true,"href":"https:\/\/www.southcoast.org\/es\/wp-json\/wp\/v2\/comments?post=32297"}],"version-history":[{"count":64,"href":"https:\/\/www.southcoast.org\/es\/wp-json\/wp\/v2\/pages\/32297\/revisions"}],"predecessor-version":[{"id":286348,"href":"https:\/\/www.southcoast.org\/es\/wp-json\/wp\/v2\/pages\/32297\/revisions\/286348"}],"wp:featuredmedia":[{"embeddable":true,"href":"https:\/\/www.southcoast.org\/es\/wp-json\/wp\/v2\/media\/284303"}],"wp:attachment":[{"href":"https:\/\/www.southcoast.org\/es\/wp-json\/wp\/v2\/media?parent=32297"}],"curies":[{"name":"wp","href":"https:\/\/api.w.org\/{rel}","templated":true}]}}