{"id":32033,"date":"2025-08-13T16:54:07","date_gmt":"2025-08-13T16:54:07","guid":{"rendered":"https:\/\/test-southcoast-health-multi.southcoast-health.org\/?page_id=32033"},"modified":"2025-10-02T14:18:42","modified_gmt":"2025-10-02T14:18:42","slug":"screenings","status":"publish","type":"page","link":"https:\/\/www.southcoast.org\/es\/screenings\/","title":{"rendered":"Pruebas de detecci\u00f3n del c\u00e1ncer"},"content":{"rendered":"<div  class=\"blockSettings  paddingTopSM paddingBottomMD heroBasicFluid darkTheme\" style=\"background: linear-gradient(110deg, #0A4A3D 2.57%, rgba(5, 116, 99, 0.99) 59.47%, #009984 99.08%);\"><div class=\"container\">\n            <div class=\"grid\">\n            <div class=\"col-sm-12 col-bleed-y\">\n                <div class=\"Center\">\n                    <div class=\"breadcrumbsWrapper desktop-breadcrumbs\"><nav id=\"breadcrumbs\" aria-label=\"Migas de pan\"><ol><li><a href=\"https:\/\/www.southcoast.org\/es\/\"><i class=\"fa-light fa-house\"><\/i><span class=\"visually-hidden\">Inicio<\/span><\/a><\/li><\/ol><\/nav><\/div><div class=\"breadcrumbsWrapper mobile-breadcrumbs\"><p id=\"mobile-breadcrumbs\" class=\"mobile-back-nav\"><span><span><a href=\"#\" onclick=\"return handleBackNavigation();\"><i class=\"fa-solid fa-chevron-left back-arrow\"><\/i> Volver<\/a><\/span><\/span><\/p>\t\t<script>\n\t\t\tfunction handleBackNavigation() {\n\t\t\t\tif (window.history.length > 1) {\n\t\t\t\t\twindow.history.back();\n\t\t\t\t} else {\n\t\t\t\t\twindow.location.href = 'https:\/\/www.southcoast.org\/es';\n\t\t\t\t}\n\t\t\t\treturn false;\n\t\t\t}\n\t\t<\/script>\n<\/div>                <\/div>\n            <\/div>\n        <\/div>\n        <div class=\"grid align-center\">\n        <div class=\"col-sm-10\">\n            <div class=\"Center\">\n\n                    <div class=\"mainCopyWrap\">\n            <h1>Pruebas de detecci\u00f3n del c\u00e1ncer<\/h1>\n    <div class=\"paragraphWrap\"><p>Su salud es su activo m\u00e1s valioso, y las revisiones peri\u00f3dicas son una de las herramientas m\u00e1s eficaces para protegerla.<\/p><\/div>    <\/div>\n    \n                \n            <\/div>\n        <\/div>\n    <\/div>\n<\/div>\n    <div class=\"cornerArtWrapper cornerArt-small\">\n        <img decoding=\"async\" class=\"cornerArt\" src=\"https:\/\/www.southcoast.org\/wp-content\/themes\/southcoast_multisite\/images\/corner-art.svg\" alt=\"\">\n    <\/div>\n<\/div>\n\n\n\n\n<div id=\"prioritizeyourhealth\" class=\"blockSettings  paddingTopSM paddingBottomMD media-object-block light\" style=\"\"><div class=\"container\">\n\t<div class=\"grid\">\n\t\t<div class=\"col-sm-12\">\n\t\t\t<div class=\"inner image-right list-style-disc inner-bg\" style=\"background-color: #f6f7f7;\">\n\t\t\t\t<div class=\"copy\">\n\t\t\t\t\t    <div class=\"mainCopyWrap\">\n            <h2>Priorice su salud con revisiones preventivas<\/h2>\n    <div class=\"paragraphWrap\"><p>Muchas enfermedades graves, incluido el c\u00e1ncer, no suelen presentar s\u00edntomas en sus primeras fases. Los cribados pueden detectar problemas antes de que se agraven, ofreci\u00e9ndole las mejores posibilidades de \u00e9xito en el tratamiento y la recuperaci\u00f3n.<\/p>\n<p>Su m\u00e9dico de cabecera desempe\u00f1a un papel fundamental a la hora de orientar su atenci\u00f3n sanitaria preventiva. Conoce su historial m\u00e9dico personal y familiar y puede ayudarle a determinar qu\u00e9 pruebas son adecuadas para usted en funci\u00f3n de su edad, factores de riesgo y estilo de vida. Si a\u00fan no se ha hecho su chequeo anual, ahora es el momento perfecto para programarlo: es la puerta de entrada a una actitud proactiva con respecto a su salud.<\/p>\n<\/div>    <\/div>\n    \t\t\t\t<\/div>\n\t\t\t\t\t\t\t\t<div class=\"images\">\n\t\t\t\t\t\t<img decoding=\"async\" class=\"single\" src=\"https:\/\/www.southcoast.org\/wp-content\/uploads\/2025\/07\/Stock-Photo-Female-Patient-Provider-OBGYN.jpg\" alt=\"Young woman in patterned scrubs smiles warmly at a provider.\">\n\t\t\t\t\t\t\t\t\t\t<\/div>\n\t\t\t\t\n\t\t\t<\/div>\n\t\t<\/div>\n\t<\/div>\n<\/div>\n<\/div>\n\n\n<div id=\"screeningofferings\" class=\"blockSettings  paddingTopSM paddingBottomMD cardIconsFluid cardIconsImageFluid light\" style=\"background-color:#E9F7F4;\">\t<div class=\"container\">\n\t\t\t\t\t<div class=\"grid\">\n\t\t\t\t<div class=\"col-sm-12\">\n\t\t\t\t\t<div class=\"introCenter\">\n\t\t\t\t\t\t<div class=\"maincopy intro\">\n\t\t\t\t\t\t\t<h2>Southcoast Health Pruebas de detecci\u00f3n del c\u00e1ncer<\/h2>\n\t\t\t\t\t\t\t\t\t\t\t\t\t\t\t<p><p>En la lucha contra el c\u00e1ncer, la detecci\u00f3n precoz puede ser una defensa clave, permitiendo un tratamiento m\u00e1s temprano y mejores resultados. Southcoast Health est\u00e1 aqu\u00ed para ayudar a informarle sobre la importancia de las pruebas de detecci\u00f3n del c\u00e1ncer con una programaci\u00f3n conveniente y pruebas avanzadas.<\/p>\n<\/p>\n\t\t\t\t\t\t\t\t\t\t\t\t\t<\/div>\n\t\t\t\t\t\t\t\t\t\t\t\t\t\t\t\t\t\t\t\t\t\t\t\t\t\t                                                                                                        \t\t\t\t\t<\/div>\n\t\t\t\t<\/div>\n\t\t\t<\/div>\n\t\t\n\t\t\t\t\t<!--Manual Cards-->\n\t\t\t<div class=\"grid\">\n\t\t\t\t\t\t\t\t\t\t\t<div class=\"col-sm-6 col-md-4 col-grid\">\n\t\t\t\t\t\t\t\t<div class=\"cardBasic  Left Vertical\">\n\t\t\t\t\t\t\t\t\t\t\t\t\t\t\t\t\t\t\t<span class=\"icon fa-classic fa-light fa-stomach\"><\/span>\n\t\t\t\t\t\t\t\t\t\t\t\t\t\t\t\t\t\t\n\t\t\t\t\t\t\t\t\t<div class=\"cardBasicBody\">\n\t\t\t\t\t\t\t\t\t\t<div class=\"cardBasicBodyTitle\" role=\"title\">Pruebas de detecci\u00f3n del c\u00e1ncer colorrectal<\/div>\n\t\t\t\t\t\t\t\t\t\t\t\t\t\t\t\t\t\t\t\t<div class=\"excerpt\">\n\t\t\t\t\t\t\t\t\t\t\t<p>Southcoast Health ofrece pruebas de detecci\u00f3n de c\u00e1ncer colorrectal para aumentar sus posibilidades de detecci\u00f3n precoz. Nuestras revisiones pueden ayudar a encontrar p\u00f3lipos precancerosos, para que puedan ser extirpados quir\u00fargicamente antes de que tengan la oportunidad de convertirse en c\u00e1ncer. Las revisiones peri\u00f3dicas tambi\u00e9n pueden ayudar a detectar el c\u00e1ncer colorrectal en las primeras fases, cuando los tratamientos para este tipo de c\u00e1ncer son m\u00e1s eficaces.<\/p>\n<p>Ciertos factores de riesgo aumentan la probabilidad de desarrollar c\u00e1ncer de colon, entre ellos:<\/p>\n<ul class=\"wp-block-list\">\n<li>Edad - 90% de los c\u00e1nceres de colon se producen en personas de 45 a\u00f1os o m\u00e1s<\/li>\n<li>Antecedentes familiares o personales de p\u00f3lipos o c\u00e1ncer colorrectal<\/li>\n<li>Gen\u00e9tica - entre 5 y 10% de los c\u00e1nceres de colon est\u00e1n relacionados con mutaciones en genes y s\u00edndromes gen\u00e9ticos<\/li>\n<li>Antecedentes personales de enfermedad inflamatoria intestinal: colitis ulcerosa y enfermedad de Crohn.<\/li>\n<li>Diabetes de tipo 2<\/li>\n<li>Factores relacionados con el estilo de vida, como obesidad, falta de ejercicio, tabaquismo, mala alimentaci\u00f3n y consumo excesivo de alcohol.<\/li>\n<\/ul>\n\t\t\t\t\t\t\t\t\t\t<\/div>\n\t\t\t\t\t\t\t\t\t\t\t\t\t\t\t\t\t\t\t\t\t\t\t\t\t\t\t\t\t<\/div>\n\t\t\t\t\t\t\t\t<\/div>\n\t\t\t\t\t\t\t<\/div>\n\t\t\t\t\t\t\t\t\t\t\t\t<div class=\"col-sm-6 col-md-4 col-grid\">\n\t\t\t\t\t\t\t\t<div class=\"cardBasic  Left Vertical\">\n\t\t\t\t\t\t\t\t\t\t\t\t\t\t\t\t\t\t\t<span class=\"icon fa-classic fa-light fa-lungs\"><\/span>\n\t\t\t\t\t\t\t\t\t\t\t\t\t\t\t\t\t\t\n\t\t\t\t\t\t\t\t\t<div class=\"cardBasicBody\">\n\t\t\t\t\t\t\t\t\t\t<div class=\"cardBasicBodyTitle\" role=\"title\">C\u00e1ncer de pulm\u00f3n<\/div>\n\t\t\t\t\t\t\t\t\t\t\t\t\t\t\t\t\t\t\t\t<div class=\"excerpt\">\n\t\t\t\t\t\t\t\t\t\t\t<p>Southcoast Health ofrece pruebas de detecci\u00f3n del c\u00e1ncer de pulm\u00f3n para aumentar sus posibilidades de detecci\u00f3n precoz y tratamiento. Ofrecemos tomograf\u00edas computarizadas de baja dosis (LDCT), una prueba de detecci\u00f3n cubierta por la mayor\u00eda de los seguros, para pacientes con un alto riesgo de desarrollar c\u00e1ncer de pulm\u00f3n.<\/p>\n<p>Ciertos factores de riesgo aumentan la probabilidad de desarrollar c\u00e1ncer de pulm\u00f3n, entre ellos:<\/p>\n<ul>\n<li>De 50 a 80 a\u00f1os<\/li>\n<li>Historial de tabaquismo igual o superior a 20 paquetes al a\u00f1o<\/li>\n<li>Si es ex fumador y lo ha dejado en los \u00faltimos 15 a\u00f1os<\/li>\n<li>Ning\u00fan TAC tor\u00e1cico en el \u00faltimo a\u00f1o<\/li>\n<\/ul>\n<p>&nbsp;<\/p>\n\t\t\t\t\t\t\t\t\t\t<\/div>\n\t\t\t\t\t\t\t\t\t\t\t\t\t\t\t\t\t\t\t\t\t\t\t\t\t\t\t\t\t<\/div>\n\t\t\t\t\t\t\t\t<\/div>\n\t\t\t\t\t\t\t<\/div>\n\t\t\t\t\t\t\t\t\t\t\t\t<div class=\"col-sm-6 col-md-4 col-grid\">\n\t\t\t\t\t\t\t\t<div class=\"cardBasic  Left Vertical\">\n\t\t\t\t\t\t\t\t\t\t\t\t\t\t\t\t\t\t\t<span class=\"icon fa-classic fa-light fa-person-breastfeeding\"><\/span>\n\t\t\t\t\t\t\t\t\t\t\t\t\t\t\t\t\t\t\n\t\t\t\t\t\t\t\t\t<div class=\"cardBasicBody\">\n\t\t\t\t\t\t\t\t\t\t<div class=\"cardBasicBodyTitle\" role=\"title\">Pruebas de detecci\u00f3n del c\u00e1ncer de mama<\/div>\n\t\t\t\t\t\t\t\t\t\t\t\t\t\t\t\t\t\t\t\t<div class=\"excerpt\">\n\t\t\t\t\t\t\t\t\t\t\t<p data-start=\"124\" data-end=\"434\">Las mamograf\u00edas pueden detectar muchos c\u00e1nceres de mama antes de que aparezcan los s\u00edntomas. La mayor\u00eda de las mujeres deber\u00edan empezar a hacerse mamograf\u00edas anuales entre los 40 y los 45 a\u00f1os, dependiendo de sus factores de riesgo individuales. Las revisiones peri\u00f3dicas, normalmente una vez al a\u00f1o, deben continuar siempre que lo recomiende el m\u00e9dico.<\/p>\n<p data-start=\"436\" data-end=\"560\">Aunque el c\u00e1ncer de mama precoz no suele presentar s\u00edntomas, el signo m\u00e1s frecuente es un bulto o masa. Otros s\u00edntomas pueden ser:<\/p>\n<ul>\n<li>Cambios en el tama\u00f1o, la forma o el aspecto de la mama o el pez\u00f3n.<\/li>\n<li>Un pez\u00f3n que se invierte o desarrolla una secreci\u00f3n inusual (no leche materna).<\/li>\n<li>Cambios en la piel de la mama o el pez\u00f3n, como hoyuelos, enrojecimiento o engrosamiento.<\/li>\n<li>Hinchaz\u00f3n total o parcial de la mama, aunque no se perciba ning\u00fan bulto.<\/li>\n<\/ul>\n\t\t\t\t\t\t\t\t\t\t<\/div>\n\t\t\t\t\t\t\t\t\t\t\t\t\t\t\t\t\t\t\t\t\t\t\t\t\t\t\t\t\t<\/div>\n\t\t\t\t\t\t\t\t<\/div>\n\t\t\t\t\t\t\t<\/div>\n\t\t\t\t\t\t\t\t<\/div>\n\t\t\t<\/div>\n<\/div>\n\n\n<div id=\"\" class=\"bannerFluidTwo paddingTopNone paddingBottomMD\">\n    \n        <div class=\"grid\">\n            <div class=\"col-sm-12 col-bleed\">\n                <div class=\"banner-content-wrap  darkTheme\" style=\"background-image:url(https:\/\/www.southcoast.org\/wp-content\/uploads\/2025\/07\/SCH-Cancer-Banner-2209267.jpg);background-size:cover;background-position:center center; \">\n                    \n                                            <div class=\"overlay\" style=\"\"><\/div>\n                    \n                    <div class=\"banner-content container\">\n                            <div class=\"mainCopyWrap\">\n            <h2>Atenci\u00f3n oncol\u00f3gica de Southcoast Health<\/h2>\n    <div class=\"paragraphWrap\"><p>Southcoast Health Cancer Care cubre todas sus necesidades de detecci\u00f3n del c\u00e1ncer. Para hablar sobre las mejores opciones de detecci\u00f3n para usted, hable con su proveedor de atenci\u00f3n primaria para conocer sus opciones. <\/p><\/div>    <\/div>\n                                <div class=\"ctaWrap\">\n                    <a aria-label=\"Enlace a Southcoast Health Cancer Care\" class=\"mainCTA shadow dark1\" href=\"http:\/\/cancer.southcoast.org\" target=\"_blank\" title=\"Abre Southcoast Health Cancer Care en una nueva pesta\u00f1a o ventana\" rel=\"noopener noreferrer\">Atenci\u00f3n oncol\u00f3gica de Southcoast Health<span class=\"fa-regular fa-up-right-from-square\"><\/span><\/a>            <\/div>\n    \n                    <\/div>\n                <\/div>\n            <\/div>\n        <\/div>\n\n        <\/div>","protected":false},"excerpt":{"rendered":"","protected":false},"author":11,"featured_media":32024,"parent":0,"menu_order":0,"comment_status":"closed","ping_status":"closed","template":"","meta":{"_acf_changed":false,"footnotes":""},"class_list":["post-32033","page","type-page","status-publish","has-post-thumbnail","hentry"],"acf":[],"yoast_head":"<!-- This site is optimized with the Yoast SEO plugin v26.0 - https:\/\/yoast.com\/wordpress\/plugins\/seo\/ -->\n<title>Cancer Screenings - Southcoast Health<\/title>\n<meta name=\"description\" content=\"To discuss the best screening options for you, talk to your primary care provider to learn your options.\" \/>\n<meta name=\"robots\" content=\"index, follow, max-snippet:-1, max-image-preview:large, max-video-preview:-1\" \/>\n<link rel=\"canonical\" href=\"https:\/\/www.southcoast.org\/es\/screenings\/\" \/>\n<meta property=\"og:locale\" content=\"es_MX\" \/>\n<meta property=\"og:type\" content=\"article\" \/>\n<meta property=\"og:title\" content=\"Cancer Screenings - Southcoast Health\" \/>\n<meta property=\"og:description\" content=\"To discuss the best screening options for you, talk to your primary care provider to learn your options.\" \/>\n<meta property=\"og:url\" content=\"https:\/\/www.southcoast.org\/es\/screenings\/\" \/>\n<meta property=\"og:site_name\" content=\"Southcoast Health\" \/>\n<meta property=\"article:modified_time\" content=\"2025-10-02T14:18:42+00:00\" \/>\n<meta property=\"og:image\" content=\"https:\/\/www.southcoast.org\/wp-content\/uploads\/2025\/07\/Stock-Photo-Female-Patient-Provider-OBGYN.jpg\" \/>\n\t<meta property=\"og:image:width\" content=\"2121\" \/>\n\t<meta property=\"og:image:height\" content=\"1414\" \/>\n\t<meta property=\"og:image:type\" content=\"image\/jpeg\" \/>\n<meta name=\"twitter:card\" content=\"summary_large_image\" \/>\n<meta name=\"twitter:label1\" content=\"Est. reading time\" \/>\n\t<meta name=\"twitter:data1\" content=\"1 minute\" \/>\n<script type=\"application\/ld+json\" class=\"yoast-schema-graph\">{\"@context\":\"https:\/\/schema.org\",\"@graph\":[{\"@type\":\"WebPage\",\"@id\":\"https:\/\/www.southcoast.org\/screenings\/\",\"url\":\"https:\/\/www.southcoast.org\/screenings\/\",\"name\":\"Cancer Screenings - Southcoast Health\",\"isPartOf\":{\"@id\":\"https:\/\/www.southcoast.org\/#website\"},\"primaryImageOfPage\":{\"@id\":\"https:\/\/www.southcoast.org\/screenings\/#primaryimage\"},\"image\":{\"@id\":\"https:\/\/www.southcoast.org\/screenings\/#primaryimage\"},\"thumbnailUrl\":\"https:\/\/www.southcoast.org\/wp-content\/uploads\/2025\/07\/Stock-Photo-Female-Patient-Provider-OBGYN.jpg\",\"datePublished\":\"2025-08-13T16:54:07+00:00\",\"dateModified\":\"2025-10-02T14:18:42+00:00\",\"description\":\"To discuss the best screening options for you, talk to your primary care provider to learn your options.\",\"breadcrumb\":{\"@id\":\"https:\/\/www.southcoast.org\/screenings\/#breadcrumb\"},\"inLanguage\":\"es-MX\",\"potentialAction\":[{\"@type\":\"ReadAction\",\"target\":[\"https:\/\/www.southcoast.org\/screenings\/\"]}]},{\"@type\":\"ImageObject\",\"inLanguage\":\"es-MX\",\"@id\":\"https:\/\/www.southcoast.org\/screenings\/#primaryimage\",\"url\":\"https:\/\/www.southcoast.org\/wp-content\/uploads\/2025\/07\/Stock-Photo-Female-Patient-Provider-OBGYN.jpg\",\"contentUrl\":\"https:\/\/www.southcoast.org\/wp-content\/uploads\/2025\/07\/Stock-Photo-Female-Patient-Provider-OBGYN.jpg\",\"width\":2121,\"height\":1414,\"caption\":\"The young adult woman smiles at provider.\"},{\"@type\":\"BreadcrumbList\",\"@id\":\"https:\/\/www.southcoast.org\/screenings\/#breadcrumb\",\"itemListElement\":[{\"@type\":\"ListItem\",\"position\":1,\"name\":\"\",\"item\":\"https:\/\/www.southcoast.org\/\"},{\"@type\":\"ListItem\",\"position\":2,\"name\":\"Cancer Screenings\"}]},{\"@type\":\"WebSite\",\"@id\":\"https:\/\/www.southcoast.org\/#website\",\"url\":\"https:\/\/www.southcoast.org\/\",\"name\":\"Southcoast Health\",\"description\":\"More than medicine.\",\"potentialAction\":[{\"@type\":\"SearchAction\",\"target\":{\"@type\":\"EntryPoint\",\"urlTemplate\":\"https:\/\/www.southcoast.org\/?s={search_term_string}\"},\"query-input\":{\"@type\":\"PropertyValueSpecification\",\"valueRequired\":true,\"valueName\":\"search_term_string\"}}],\"inLanguage\":\"es-MX\"}]}<\/script>\n<!-- \/ Yoast SEO plugin. -->","yoast_head_json":{"title":"Pruebas de detecci\u00f3n del c\u00e1ncer - Southcoast Health","description":"Para saber cu\u00e1les son las mejores opciones de cribado para usted, hable con su m\u00e9dico de atenci\u00f3n primaria.","robots":{"index":"index","follow":"follow","max-snippet":"max-snippet:-1","max-image-preview":"max-image-preview:large","max-video-preview":"max-video-preview:-1"},"canonical":"https:\/\/www.southcoast.org\/es\/screenings\/","og_locale":"es_MX","og_type":"article","og_title":"Cancer Screenings - Southcoast Health","og_description":"To discuss the best screening options for you, talk to your primary care provider to learn your options.","og_url":"https:\/\/www.southcoast.org\/es\/screenings\/","og_site_name":"Southcoast Health","article_modified_time":"2025-10-02T14:18:42+00:00","og_image":[{"width":2121,"height":1414,"url":"https:\/\/www.southcoast.org\/wp-content\/uploads\/2025\/07\/Stock-Photo-Female-Patient-Provider-OBGYN.jpg","type":"image\/jpeg"}],"twitter_card":"summary_large_image","twitter_misc":{"Est. reading time":"1 minute"},"schema":{"@context":"https:\/\/schema.org","@graph":[{"@type":"WebPage","@id":"https:\/\/www.southcoast.org\/screenings\/","url":"https:\/\/www.southcoast.org\/screenings\/","name":"Pruebas de detecci\u00f3n del c\u00e1ncer - Southcoast Health","isPartOf":{"@id":"https:\/\/www.southcoast.org\/#website"},"primaryImageOfPage":{"@id":"https:\/\/www.southcoast.org\/screenings\/#primaryimage"},"image":{"@id":"https:\/\/www.southcoast.org\/screenings\/#primaryimage"},"thumbnailUrl":"https:\/\/www.southcoast.org\/wp-content\/uploads\/2025\/07\/Stock-Photo-Female-Patient-Provider-OBGYN.jpg","datePublished":"2025-08-13T16:54:07+00:00","dateModified":"2025-10-02T14:18:42+00:00","description":"Para saber cu\u00e1les son las mejores opciones de cribado para usted, hable con su m\u00e9dico de atenci\u00f3n primaria.","breadcrumb":{"@id":"https:\/\/www.southcoast.org\/screenings\/#breadcrumb"},"inLanguage":"es-MX","potentialAction":[{"@type":"ReadAction","target":["https:\/\/www.southcoast.org\/screenings\/"]}]},{"@type":"ImageObject","inLanguage":"es-MX","@id":"https:\/\/www.southcoast.org\/screenings\/#primaryimage","url":"https:\/\/www.southcoast.org\/wp-content\/uploads\/2025\/07\/Stock-Photo-Female-Patient-Provider-OBGYN.jpg","contentUrl":"https:\/\/www.southcoast.org\/wp-content\/uploads\/2025\/07\/Stock-Photo-Female-Patient-Provider-OBGYN.jpg","width":2121,"height":1414,"caption":"The young adult woman smiles at provider."},{"@type":"BreadcrumbList","@id":"https:\/\/www.southcoast.org\/screenings\/#breadcrumb","itemListElement":[{"@type":"ListItem","position":1,"name":"","item":"https:\/\/www.southcoast.org\/"},{"@type":"ListItem","position":2,"name":"Cancer Screenings"}]},{"@type":"WebSite","@id":"https:\/\/www.southcoast.org\/#website","url":"https:\/\/www.southcoast.org\/","name":"Southcoast Health","description":"M\u00e1s que medicina.","potentialAction":[{"@type":"SearchAction","target":{"@type":"EntryPoint","urlTemplate":"https:\/\/www.southcoast.org\/?s={search_term_string}"},"query-input":{"@type":"PropertyValueSpecification","valueRequired":true,"valueName":"search_term_string"}}],"inLanguage":"es-MX"}]}},"_links":{"self":[{"href":"https:\/\/www.southcoast.org\/es\/wp-json\/wp\/v2\/pages\/32033","targetHints":{"allow":["GET"]}}],"collection":[{"href":"https:\/\/www.southcoast.org\/es\/wp-json\/wp\/v2\/pages"}],"about":[{"href":"https:\/\/www.southcoast.org\/es\/wp-json\/wp\/v2\/types\/page"}],"author":[{"embeddable":true,"href":"https:\/\/www.southcoast.org\/es\/wp-json\/wp\/v2\/users\/11"}],"replies":[{"embeddable":true,"href":"https:\/\/www.southcoast.org\/es\/wp-json\/wp\/v2\/comments?post=32033"}],"version-history":[{"count":19,"href":"https:\/\/www.southcoast.org\/es\/wp-json\/wp\/v2\/pages\/32033\/revisions"}],"predecessor-version":[{"id":278449,"href":"https:\/\/www.southcoast.org\/es\/wp-json\/wp\/v2\/pages\/32033\/revisions\/278449"}],"wp:featuredmedia":[{"embeddable":true,"href":"https:\/\/www.southcoast.org\/es\/wp-json\/wp\/v2\/media\/32024"}],"wp:attachment":[{"href":"https:\/\/www.southcoast.org\/es\/wp-json\/wp\/v2\/media?parent=32033"}],"curies":[{"name":"wp","href":"https:\/\/api.w.org\/{rel}","templated":true}]}}