{"id":286871,"date":"2026-03-12T15:33:27","date_gmt":"2026-03-12T20:33:27","guid":{"rendered":"https:\/\/www.southcoast.org\/?page_id=286871"},"modified":"2026-03-12T15:38:49","modified_gmt":"2026-03-12T20:38:49","slug":"mens-health","status":"publish","type":"page","link":"https:\/\/www.southcoast.org\/es\/mens-health\/","title":{"rendered":"Salud masculina"},"content":{"rendered":"<div  class=\"blockSettings  paddingTopSM paddingBottomMD heroBasicFluid darkTheme\" style=\"background: linear-gradient(110deg, #0A4A3D 2.57%, rgba(5, 116, 99, 0.99) 59.47%, #009984 99.08%);\"><div class=\"container\">\n            <div class=\"grid\">\n            <div class=\"col-sm-12 col-bleed-y\">\n                <div class=\"Center\">\n                    <div class=\"breadcrumbsWrapper desktop-breadcrumbs\"><nav id=\"breadcrumbs\" aria-label=\"Migas de pan\"><ol><li><a href=\"https:\/\/www.southcoast.org\/es\/\"><i class=\"fa-light fa-house\"><\/i><span class=\"visually-hidden\">Inicio<\/span><\/a><\/li><\/ol><\/nav><\/div><div class=\"breadcrumbsWrapper mobile-breadcrumbs\"><p id=\"mobile-breadcrumbs\" class=\"mobile-back-nav\"><span><span><a href=\"#\" onclick=\"return handleBackNavigation();\"><i class=\"fa-solid fa-chevron-left back-arrow\"><\/i> Volver<\/a><\/span><\/span><\/p>\t\t<script>\n\t\t\tfunction handleBackNavigation() {\n\t\t\t\tif (window.history.length > 1) {\n\t\t\t\t\twindow.history.back();\n\t\t\t\t} else {\n\t\t\t\t\twindow.location.href = 'https:\/\/www.southcoast.org\/es';\n\t\t\t\t}\n\t\t\t\treturn false;\n\t\t\t}\n\t\t<\/script>\n<\/div>                <\/div>\n            <\/div>\n        <\/div>\n        <div class=\"grid align-center\">\n        <div class=\"col-sm-10\">\n            <div class=\"Center\">\n\n                    <div class=\"mainCopyWrap\">\n            <h1>Salud del Hombre<\/h1>\n        <\/div>\n    \n                \n            <\/div>\n        <\/div>\n    <\/div>\n<\/div>\n    <div class=\"cornerArtWrapper cornerArt-small\">\n        <img decoding=\"async\" class=\"cornerArt\" src=\"https:\/\/www.southcoast.org\/wp-content\/themes\/southcoast_multisite\/images\/corner-art.svg\" alt=\"\">\n    <\/div>\n<\/div>\n\n\n\n\n<div  class=\"blockSettings  paddingTopSM paddingBottomSM media-object-block light\" style=\"background-color:#fff;\"><div class=\"container\">\n\t<div class=\"grid\">\n\t\t<div class=\"col-sm-12\">\n\t\t\t<div class=\"inner image-left list-style-disc inner-white-bg\" style=\"background-color: #fff;\">\n\t\t\t\t<div class=\"copy\">\n\t\t\t\t\t    <div class=\"mainCopyWrap\">\n            <h2>Protege tu salud en cada etapa de la vida<\/h2>\n    <div class=\"paragraphWrap\"><p>Los hombres a menudo retrasan la atenci\u00f3n m\u00e9dica, omiten ex\u00e1menes de detecci\u00f3n o ignoran las se\u00f1ales de advertencia tempranas. Pero adoptar un enfoque proactivo hacia su salud puede ayudar a prevenir afecciones graves y garantizar que se mantenga activo y saludable durante muchos a\u00f1os.<\/p>\n<p>En Southcoast Health, nuestros proveedores de atenci\u00f3n primaria y especialistas trabajan juntos para ayudar a los hombres a controlar su salud con ex\u00e1menes preventivos, tratamientos avanzados y atenci\u00f3n experta en una amplia gama de servicios.<\/p>\n<\/div>    <\/div>\n    \t\t\t\t<\/div>\n\t\t\t\t\t\t\t\t<div class=\"images\">\n\t\t\t\t\t\t<img decoding=\"async\" class=\"single\" src=\"https:\/\/www.southcoast.org\/wp-content\/uploads\/2026\/03\/Mens-Health.png\" alt=\"Mens Health\">\n\t\t\t\t\t\t\t\t\t\t<\/div>\n\t\t\t\t\n\t\t\t<\/div>\n\t\t<\/div>\n\t<\/div>\n<\/div>\n<\/div>\n\n\n<div  class=\"blockSettings  paddingTopNone paddingBottomNone media-object-block light\" style=\"\"><div class=\"container\">\n\t<div class=\"grid\">\n\t\t<div class=\"col-sm-12\">\n\t\t\t<div class=\"inner image-right list-style-disc inner-bg\" style=\"background-color: #f6f7f7;\">\n\t\t\t\t<div class=\"copy\">\n\t\t\t\t\t    <div class=\"mainCopyWrap\">\n            <h2>\u00bfCu\u00e1ndo deben los hombres acudir al m\u00e9dico?<\/h2>\n    <div class=\"paragraphWrap\"><p>Los chequeos regulares ayudan a detectar problemas de salud antes de que se vuelvan graves.<\/p>\n<p>Los hombres deben acudir a un proveedor de atenci\u00f3n primaria anualmente y programar ex\u00e1menes de detecci\u00f3n seg\u00fan la edad y los factores de riesgo.<\/p>\n<p>Los ex\u00e1menes de salud clave para los hombres incluyen:<\/p>\n<ul>\n<li>Controles de presi\u00f3n arterial<\/li>\n<li>An\u00e1lisis de colesterol<\/li>\n<li>Detecci\u00f3n de diabetes<\/li>\n<li>La detecci\u00f3n del c\u00e1ncer de colon<\/li>\n<li>Evaluaci\u00f3n de la salud de la pr\u00f3stata<\/li>\n<\/ul>\n<\/div>    <\/div>\n    \t\t\t\t<\/div>\n\t\t\t\t\t\t\t\t<div class=\"images\">\n\t\t\t\t\t\t<img decoding=\"async\" class=\"single\" src=\"https:\/\/www.southcoast.org\/wp-content\/uploads\/2026\/03\/5.png\" alt=\"Doctor men&#039;s health\">\n\t\t\t\t\t\t\t\t\t\t<\/div>\n\t\t\t\t\n\t\t\t<\/div>\n\t\t<\/div>\n\t<\/div>\n<\/div>\n<\/div>\n\n\n<div  class=\"blockSettings  paddingTopMD paddingBottomNone tabsFluid light\" style=\"\"><div class=\"container\">\n\n            <div class=\"grid\">\n            <div class=\"col-sm-12\">\n                <div class=\"introCenter intro-content\">\n                        <div class=\"mainCopyWrap\">\n            <h2>Temas de Salud Masculina<\/h2>\n        <\/div>\n    \n\n                <\/div>\n            <\/div>\n        <\/div>\n    \n   \n        <div class=\"blockSeparator\"><\/div>\n    \n\n    <!--Desktop Tabs-->\n    <div class=\"grid tab tabHorizontal\">\n        <div class=\"col-sm-12\">\n            <ul class=\"tab__head\" role=\"tablist\" aria-label=\"Temas de Salud Masculina - Pesta\u00f1as\">\n                                                            <li role=\"tab\" class=\"is-open\"><a href=\"#tabH1\" id=\"tabH1-tab\" title=\"\"\n                                                                    role=\"tab\"\n                                                                    aria-controls=\"tabH1\"\n                                                                    aria-selected=\"true\">Salud del coraz\u00f3n para hombres<\/a><\/li>\n                                            <li role=\"tab\" class=\"\"><a href=\"#tabH2\" id=\"tabH2-tab\" title=\"\"\n                                                                    role=\"tab\"\n                                                                    aria-controls=\"tabH2\"\n                                                                    aria-selected=\"false\">Salud de la Pr\u00f3stata y Detecci\u00f3n de C\u00e1ncer<\/a><\/li>\n                                            <li role=\"tab\" class=\"\"><a href=\"#tabH3\" id=\"tabH3-tab\" title=\"\"\n                                                                    role=\"tab\"\n                                                                    aria-controls=\"tabH3\"\n                                                                    aria-selected=\"false\">Detecci\u00f3n de C\u00e1ncer de Colon<\/a><\/li>\n                                                <\/ul>\n        <\/div>\n        <div class=\"col-sm-12\">\n                                                <div class=\"beefup tab__item tabH is-open\" id=\"tabH1\" role=\"tabpanel\" aria-labelledby=\"tabH1-tab\" aria-hidden=\"false\">\n                                                    <div class=\"grid justify-center\">\n                                                                                                            <div class=\"col-sm-6\">\n                                            <div class=\"beefup__image\">\n                                                <img loading=\"lazy\" decoding=\"async\" width=\"1024\" height=\"1024\" src=\"https:\/\/www.southcoast.org\/wp-content\/uploads\/2026\/03\/3.png\" class=\"attachment-full size-full\" alt=\"Heart Health for Men\" srcset=\"https:\/\/www.southcoast.org\/wp-content\/uploads\/2026\/03\/3.png 1024w, https:\/\/www.southcoast.org\/wp-content\/uploads\/2026\/03\/3-300x300.png 300w, https:\/\/www.southcoast.org\/wp-content\/uploads\/2026\/03\/3-150x150.png 150w, https:\/\/www.southcoast.org\/wp-content\/uploads\/2026\/03\/3-768x768.png 768w, https:\/\/www.southcoast.org\/wp-content\/uploads\/2026\/03\/3-12x12.png 12w\" sizes=\"auto, (max-width: 1024px) 100vw, 1024px\" \/>                                            <\/div>\n                                        <\/div>\n                                                                        <div class=\"col-sm-6\">\n                                        <article aria-labelledby=\"Heart Health for Men content.\" class=\"beefup__body\" role=\"region\" style=\"overflow: hidden;\">\n                                            <div class=\"maincopy intro\">\n                                                <p>Las enfermedades card\u00edacas son la principal causa de muerte en hombres en los Estados Unidos. Los ex\u00e1menes regulares y las opciones de estilo de vida saludable pueden reducir significativamente su riesgo.<\/p>\n<p>Los factores de riesgo comunes incluyen:<\/p>\n<ul>\n<li>Hipertensi\u00f3n arterial<\/li>\n<li>Colesterol alto<\/li>\n<li>Fumar<\/li>\n<li>Diabetes<\/li>\n<li>Obesidad<\/li>\n<li>Historial familiar de cardiopat\u00eda<\/li>\n<\/ul>\n<p>Nuestros especialistas en cardiolog\u00eda ofrecen pruebas de diagn\u00f3stico avanzadas, estrategias de prevenci\u00f3n y tratamientos de vanguardia para enfermedades card\u00edacas.<\/p>\n                                            <\/div>\n                                        <\/article>\n                                            <div class=\"ctaWrap\">\n                    <a aria-label=\"enlace a M\u00e1s informaci\u00f3n\" class=\"mainCTA shadow light1\" href=\"https:\/\/heart.southcoast.org\/%20\" title=\"Abrir M\u00e1s informaci\u00f3n\" >M\u00e1s informaci\u00f3n<\/a>            <\/div>\n                                        <\/div>\n                                                            <\/div>\n                                            <\/div>\n                                    <div class=\"beefup tab__item tabH\" id=\"tabH2\" role=\"tabpanel\" aria-labelledby=\"tabH2-tab\" aria-hidden=\"true\">\n                                                    <div class=\"grid justify-center\">\n                                                                                                            <div class=\"col-sm-6\">\n                                            <div class=\"beefup__image\">\n                                                <img loading=\"lazy\" decoding=\"async\" width=\"1024\" height=\"1024\" src=\"https:\/\/www.southcoast.org\/wp-content\/uploads\/2026\/03\/Prostrate.png\" class=\"attachment-full size-full\" alt=\"Prostate\" srcset=\"https:\/\/www.southcoast.org\/wp-content\/uploads\/2026\/03\/Prostrate.png 1024w, https:\/\/www.southcoast.org\/wp-content\/uploads\/2026\/03\/Prostrate-300x300.png 300w, https:\/\/www.southcoast.org\/wp-content\/uploads\/2026\/03\/Prostrate-150x150.png 150w, https:\/\/www.southcoast.org\/wp-content\/uploads\/2026\/03\/Prostrate-768x768.png 768w, https:\/\/www.southcoast.org\/wp-content\/uploads\/2026\/03\/Prostrate-12x12.png 12w\" sizes=\"auto, (max-width: 1024px) 100vw, 1024px\" \/>                                            <\/div>\n                                        <\/div>\n                                                                        <div class=\"col-sm-6\">\n                                        <article aria-labelledby=\"Prostate Health &amp; Cancer Screening content.\" class=\"beefup__body\" role=\"region\" style=\"overflow: none;\">\n                                            <div class=\"maincopy intro\">\n                                                <p>El c\u00e1ncer de pr\u00f3stata es uno de los c\u00e1nceres m\u00e1s comunes entre los hombres, pero cuando se detecta a tiempo, es altamente tratable.<\/p>\n<p>Nuestros especialistas en urolog\u00eda ofrecen opciones avanzadas de detecci\u00f3n y tratamiento para condiciones de la pr\u00f3stata, incluyendo procedimientos m\u00ednimamente invasivos y atenci\u00f3n personalizada.<\/p>\n<p>Hable con su proveedor de atenci\u00f3n primaria sobre la detecci\u00f3n del c\u00e1ncer de pr\u00f3stata si usted:<\/p>\n<ul>\n<li>Son mayores de 50 a\u00f1os<\/li>\n<li>Tener antecedentes familiares de c\u00e1ncer de pr\u00f3stata<\/li>\n<li>\u00bfEst\u00e1 experimentando s\u00edntomas urinarios?<\/li>\n<\/ul>\n                                            <\/div>\n                                        <\/article>\n                                            <div class=\"ctaWrap\">\n                    <a aria-label=\"enlace a M\u00e1s informaci\u00f3n\" class=\"mainCTA shadow light1\" href=\"https:\/\/www.southcoast.org\/es\/services\/urology\/#\/slot-search\/specialtyGroup\/8AA27185-C038-4039-B571-197C30613201%20\" title=\"Abrir M\u00e1s informaci\u00f3n\" >M\u00e1s informaci\u00f3n<\/a>            <\/div>\n                                        <\/div>\n                                                            <\/div>\n                                            <\/div>\n                                    <div class=\"beefup tab__item tabH\" id=\"tabH3\" role=\"tabpanel\" aria-labelledby=\"tabH3-tab\" aria-hidden=\"true\">\n                                                    <div class=\"grid justify-center\">\n                                                                                                            <div class=\"col-sm-6\">\n                                            <div class=\"beefup__image\">\n                                                <img loading=\"lazy\" decoding=\"async\" width=\"1024\" height=\"1024\" src=\"https:\/\/www.southcoast.org\/wp-content\/uploads\/2026\/03\/Intestines.png\" class=\"attachment-full size-full\" alt=\"colon cancer\" srcset=\"https:\/\/www.southcoast.org\/wp-content\/uploads\/2026\/03\/Intestines.png 1024w, https:\/\/www.southcoast.org\/wp-content\/uploads\/2026\/03\/Intestines-300x300.png 300w, https:\/\/www.southcoast.org\/wp-content\/uploads\/2026\/03\/Intestines-150x150.png 150w, https:\/\/www.southcoast.org\/wp-content\/uploads\/2026\/03\/Intestines-768x768.png 768w, https:\/\/www.southcoast.org\/wp-content\/uploads\/2026\/03\/Intestines-12x12.png 12w\" sizes=\"auto, (max-width: 1024px) 100vw, 1024px\" \/>                                            <\/div>\n                                        <\/div>\n                                                                        <div class=\"col-sm-6\">\n                                        <article aria-labelledby=\"Colon Cancer Screening content.\" class=\"beefup__body\" role=\"region\" style=\"overflow: none;\">\n                                            <div class=\"maincopy intro\">\n                                                <p>El c\u00e1ncer de colon es altamente prevenible con ex\u00e1menes tempranos. Las colonoscopias y otras opciones de detecci\u00f3n pueden detectar p\u00f3lipos precancerosos antes de que se conviertan en c\u00e1ncer.<\/p>\n<p>La mayor\u00eda de los hombres deber\u00edan comenzar a hacerse ex\u00e1menes de detecci\u00f3n a partir de los 45 a\u00f1os, o antes si tienen factores de riesgo:<\/p>\n<ul>\n<li>Antecedentes familiares de c\u00e1ncer colorrectal o p\u00f3lipos<\/li>\n<li>Antecedentes personales de c\u00e1ncer<\/li>\n<li>Padece colitis ulcerosa o enfermedad de Crohn<\/li>\n<li>Dieta poco saludable<\/li>\n<li>Inactividad y obesidad<\/li>\n<li>Fumar cigarrillos<\/li>\n<li>Mayores de 50 a\u00f1os<\/li>\n<\/ul>\n                                            <\/div>\n                                        <\/article>\n                                            <div class=\"ctaWrap\">\n                    <a aria-label=\"enlace a M\u00e1s informaci\u00f3n\" class=\"mainCTA shadow light1\" href=\"https:\/\/cancer.southcoast.org\/digestive-cancer\/colorectal-cancer\/%20\" title=\"Abrir M\u00e1s informaci\u00f3n\" >M\u00e1s informaci\u00f3n<\/a>            <\/div>\n                                        <\/div>\n                                                            <\/div>\n                                            <\/div>\n                                    <\/div>\n    <\/div>\n<\/div>\n<\/div>\n\n\n<div  class=\"blockSettings  paddingTopMD paddingBottomMD media-object-block light\" style=\"\"><div class=\"container\">\n\t<div class=\"grid\">\n\t\t<div class=\"col-sm-12\">\n\t\t\t<div class=\"inner image-right list-style-disc inner-bg\" style=\"background-color: #f6f7f7;\">\n\t\t\t\t<div class=\"copy\">\n\t\t\t\t\t    <div class=\"mainCopyWrap\">\n            <h2>Dolor articular, movilidad y atenci\u00f3n ortop\u00e9dica<\/h2>\n    <div class=\"paragraphWrap\"><p>Mantenerse activo es importante para la salud a largo plazo. Nuestros especialistas en ortopedia tratan lesiones deportivas, artritis y dolor articular utilizando opciones no quir\u00fargicas y quir\u00fargicas avanzadas.<\/p>\n<p>Nuestro apoyo va mucho m\u00e1s all\u00e1 de la cirug\u00eda. Desde su consulta inicial hasta cada etapa de la recuperaci\u00f3n, todo nuestro equipo de atenci\u00f3n est\u00e1 a su lado.<\/p>\n<p><strong>Da el Siguiente Paso Hacia una Mejor Salud<\/strong><\/p>\n<p>Tu salud es importante y tomar medidas hoy puede ayudar a proteger tu futuro.<\/p>\n<\/div>    <\/div>\n        <div class=\"ctaWrap\">\n                    <a aria-label=\"enlace a M\u00e1s informaci\u00f3n\" class=\"mainCTA shadow light1\" href=\"https:\/\/orthopedics.southcoast.org\/\" title=\"Abrir M\u00e1s informaci\u00f3n\" >M\u00e1s informaci\u00f3n<\/a>            <\/div>\n    \t\t\t\t<\/div>\n\t\t\t\t\t\t\t\t<div class=\"images\">\n\t\t\t\t\t\t<img decoding=\"async\" class=\"single\" src=\"https:\/\/www.southcoast.org\/wp-content\/uploads\/2026\/03\/orthopedic.png\" alt=\"orthopedic\">\n\t\t\t\t\t\t\t\t\t\t<\/div>\n\t\t\t\t\n\t\t\t<\/div>\n\t\t<\/div>\n\t<\/div>\n<\/div>\n<\/div>","protected":false},"excerpt":{"rendered":"","protected":false},"author":27,"featured_media":0,"parent":0,"menu_order":0,"comment_status":"closed","ping_status":"closed","template":"","meta":{"_acf_changed":false,"footnotes":""},"class_list":["post-286871","page","type-page","status-publish","hentry"],"acf":[],"yoast_head":"<!-- This site is optimized with the Yoast SEO plugin v26.0 - https:\/\/yoast.com\/wordpress\/plugins\/seo\/ -->\n<title>Men&#039;s Health - Southcoast Health<\/title>\n<meta name=\"robots\" content=\"index, follow, max-snippet:-1, max-image-preview:large, max-video-preview:-1\" \/>\n<link rel=\"canonical\" href=\"https:\/\/www.southcoast.org\/es\/mens-health\/\" \/>\n<meta property=\"og:locale\" content=\"es_MX\" \/>\n<meta property=\"og:type\" content=\"article\" \/>\n<meta property=\"og:title\" content=\"Men&#039;s Health - Southcoast Health\" \/>\n<meta property=\"og:url\" content=\"https:\/\/www.southcoast.org\/es\/mens-health\/\" \/>\n<meta property=\"og:site_name\" content=\"Southcoast Health\" \/>\n<meta property=\"article:modified_time\" content=\"2026-03-12T20:38:49+00:00\" \/>\n<meta name=\"twitter:card\" content=\"summary_large_image\" \/>\n<script type=\"application\/ld+json\" class=\"yoast-schema-graph\">{\"@context\":\"https:\/\/schema.org\",\"@graph\":[{\"@type\":\"WebPage\",\"@id\":\"https:\/\/www.southcoast.org\/mens-health\/\",\"url\":\"https:\/\/www.southcoast.org\/mens-health\/\",\"name\":\"Men's Health - Southcoast Health\",\"isPartOf\":{\"@id\":\"https:\/\/www.southcoast.org\/#website\"},\"datePublished\":\"2026-03-12T20:33:27+00:00\",\"dateModified\":\"2026-03-12T20:38:49+00:00\",\"breadcrumb\":{\"@id\":\"https:\/\/www.southcoast.org\/mens-health\/#breadcrumb\"},\"inLanguage\":\"es-MX\",\"potentialAction\":[{\"@type\":\"ReadAction\",\"target\":[\"https:\/\/www.southcoast.org\/mens-health\/\"]}]},{\"@type\":\"BreadcrumbList\",\"@id\":\"https:\/\/www.southcoast.org\/mens-health\/#breadcrumb\",\"itemListElement\":[{\"@type\":\"ListItem\",\"position\":1,\"name\":\"\",\"item\":\"https:\/\/www.southcoast.org\/\"},{\"@type\":\"ListItem\",\"position\":2,\"name\":\"Men&#8217;s Health\"}]},{\"@type\":\"WebSite\",\"@id\":\"https:\/\/www.southcoast.org\/#website\",\"url\":\"https:\/\/www.southcoast.org\/\",\"name\":\"Southcoast Health\",\"description\":\"More than medicine.\",\"potentialAction\":[{\"@type\":\"SearchAction\",\"target\":{\"@type\":\"EntryPoint\",\"urlTemplate\":\"https:\/\/www.southcoast.org\/?s={search_term_string}\"},\"query-input\":{\"@type\":\"PropertyValueSpecification\",\"valueRequired\":true,\"valueName\":\"search_term_string\"}}],\"inLanguage\":\"es-MX\"}]}<\/script>\n<!-- \/ Yoast SEO plugin. -->","yoast_head_json":{"title":"Men's Health - Southcoast Health","robots":{"index":"index","follow":"follow","max-snippet":"max-snippet:-1","max-image-preview":"max-image-preview:large","max-video-preview":"max-video-preview:-1"},"canonical":"https:\/\/www.southcoast.org\/es\/mens-health\/","og_locale":"es_MX","og_type":"article","og_title":"Men's Health - Southcoast Health","og_url":"https:\/\/www.southcoast.org\/es\/mens-health\/","og_site_name":"Southcoast Health","article_modified_time":"2026-03-12T20:38:49+00:00","twitter_card":"summary_large_image","schema":{"@context":"https:\/\/schema.org","@graph":[{"@type":"WebPage","@id":"https:\/\/www.southcoast.org\/mens-health\/","url":"https:\/\/www.southcoast.org\/mens-health\/","name":"Men's Health - Southcoast Health","isPartOf":{"@id":"https:\/\/www.southcoast.org\/#website"},"datePublished":"2026-03-12T20:33:27+00:00","dateModified":"2026-03-12T20:38:49+00:00","breadcrumb":{"@id":"https:\/\/www.southcoast.org\/mens-health\/#breadcrumb"},"inLanguage":"es-MX","potentialAction":[{"@type":"ReadAction","target":["https:\/\/www.southcoast.org\/mens-health\/"]}]},{"@type":"BreadcrumbList","@id":"https:\/\/www.southcoast.org\/mens-health\/#breadcrumb","itemListElement":[{"@type":"ListItem","position":1,"name":"","item":"https:\/\/www.southcoast.org\/"},{"@type":"ListItem","position":2,"name":"Men&#8217;s Health"}]},{"@type":"WebSite","@id":"https:\/\/www.southcoast.org\/#website","url":"https:\/\/www.southcoast.org\/","name":"Southcoast Health","description":"M\u00e1s que medicina.","potentialAction":[{"@type":"SearchAction","target":{"@type":"EntryPoint","urlTemplate":"https:\/\/www.southcoast.org\/?s={search_term_string}"},"query-input":{"@type":"PropertyValueSpecification","valueRequired":true,"valueName":"search_term_string"}}],"inLanguage":"es-MX"}]}},"_links":{"self":[{"href":"https:\/\/www.southcoast.org\/es\/wp-json\/wp\/v2\/pages\/286871","targetHints":{"allow":["GET"]}}],"collection":[{"href":"https:\/\/www.southcoast.org\/es\/wp-json\/wp\/v2\/pages"}],"about":[{"href":"https:\/\/www.southcoast.org\/es\/wp-json\/wp\/v2\/types\/page"}],"author":[{"embeddable":true,"href":"https:\/\/www.southcoast.org\/es\/wp-json\/wp\/v2\/users\/27"}],"replies":[{"embeddable":true,"href":"https:\/\/www.southcoast.org\/es\/wp-json\/wp\/v2\/comments?post=286871"}],"version-history":[{"count":24,"href":"https:\/\/www.southcoast.org\/es\/wp-json\/wp\/v2\/pages\/286871\/revisions"}],"predecessor-version":[{"id":286906,"href":"https:\/\/www.southcoast.org\/es\/wp-json\/wp\/v2\/pages\/286871\/revisions\/286906"}],"wp:attachment":[{"href":"https:\/\/www.southcoast.org\/es\/wp-json\/wp\/v2\/media?parent=286871"}],"curies":[{"name":"wp","href":"https:\/\/api.w.org\/{rel}","templated":true}]}}