{"id":285193,"date":"2026-02-12T14:32:41","date_gmt":"2026-02-12T19:32:41","guid":{"rendered":"https:\/\/www.southcoast.org\/?page_id=285193"},"modified":"2026-02-13T17:02:23","modified_gmt":"2026-02-13T22:02:23","slug":"accessibility-statement","status":"publish","type":"page","link":"https:\/\/www.southcoast.org\/es\/accessibility-statement\/","title":{"rendered":"Declaraci\u00f3n de accesibilidad"},"content":{"rendered":"<div  class=\"blockSettings  paddingTopSM paddingBottomSM heroBasicFluid darkTheme\" style=\"background: linear-gradient(110deg, #0A4A3D 2.57%, rgba(5, 116, 99, 0.99) 59.47%, #009984 99.08%);\"><div class=\"container\">\n            <div class=\"grid\">\n            <div class=\"col-sm-12 col-bleed-y\">\n                <div class=\"Center\">\n                    <div class=\"breadcrumbsWrapper desktop-breadcrumbs\"><nav id=\"breadcrumbs\" aria-label=\"Migas de pan\"><ol><li><a href=\"https:\/\/www.southcoast.org\/es\/\"><i class=\"fa-light fa-house\"><\/i><span class=\"visually-hidden\">Inicio<\/span><\/a><\/li><\/ol><\/nav><\/div><div class=\"breadcrumbsWrapper mobile-breadcrumbs\"><p id=\"mobile-breadcrumbs\" class=\"mobile-back-nav\"><span><span><a href=\"#\" onclick=\"return handleBackNavigation();\"><i class=\"fa-solid fa-chevron-left back-arrow\"><\/i> Volver<\/a><\/span><\/span><\/p>\t\t<script>\n\t\t\tfunction handleBackNavigation() {\n\t\t\t\tif (window.history.length > 1) {\n\t\t\t\t\twindow.history.back();\n\t\t\t\t} else {\n\t\t\t\t\twindow.location.href = 'https:\/\/www.southcoast.org\/es';\n\t\t\t\t}\n\t\t\t\treturn false;\n\t\t\t}\n\t\t<\/script>\n<\/div>                <\/div>\n            <\/div>\n        <\/div>\n        <div class=\"grid align-center\">\n        <div class=\"col-sm-10\">\n            <div class=\"Center\">\n\n                    <div class=\"mainCopyWrap\">\n            <h1>Declaraci\u00f3n de accesibilidad<\/h1>\n        <\/div>\n    \n                \n            <\/div>\n        <\/div>\n    <\/div>\n<\/div>\n    <div class=\"cornerArtWrapper cornerArt-small\">\n        <img decoding=\"async\" class=\"cornerArt\" src=\"https:\/\/www.southcoast.org\/wp-content\/themes\/southcoast_multisite\/images\/corner-art.svg\" alt=\"\">\n    <\/div>\n<\/div>\n\n\n\n\n<div  class=\"blockSettings  paddingTopSM paddingBottomSM copyFullFluid light\" style=\"\">\t<div class=\"container\">\n\t\t<div class=\"grid\">\n            \t\t\t<div class=\"copyFullWrap bg-white\">\n\t\t\t\t<div class=\"col-sm-12\">\n                    <div class=\"maincopy\">\n                        <p>Southcoast Health se compromete a garantizar que su sitio web sea accesible para sus usuarios, incluidas las personas con discapacidad. Nos esforzamos por ofrecer una experiencia digital inclusiva a todos los visitantes del sitio web.<\/p>\n<h2>Nuestro compromiso<\/h2>\n<p>Southcoast Health ha dise\u00f1ado y desarrollado su sitio web siguiendo las Pautas de Accesibilidad al Contenido en la Web (WCAG) 2.2 Niveles A y AA. Estas pautas ayudan a garantizar que el contenido del sitio web sea:<\/p>\n<ul>\n<li>Perceptible - La informaci\u00f3n puede presentarse de diferentes maneras<\/li>\n<li>Operable - Los componentes de la interfaz son funcionales para todos los usuarios.<\/li>\n<li>Comprensible - La informaci\u00f3n y el funcionamiento son claros<\/li>\n<li>Robusto: el contenido funciona con varias tecnolog\u00edas de apoyo.<\/li>\n<\/ul>\n<h2><strong>Conformidad de accesibilidad <\/strong><\/h2>\n<p>Una auditor\u00eda exhaustiva de la accesibilidad del sitio web, <a href=\"https:\/\/www.southcoast.org\/es\/\">southcoast.org<\/a> se llev\u00f3 a cabo en 2025 para evaluar el cumplimiento de:<\/p>\n<ul>\n<li>WCAG 2.2 (Niveles A y AA)<\/li>\n<li>Secci\u00f3n 508 de la Ley de Rehabilitaci\u00f3n<\/li>\n<\/ul>\n<p>La auditor\u00eda de accesibilidad incluy\u00f3 pruebas automatizadas y una evaluaci\u00f3n manual mediante lectores de pantalla (NVDA, JAWS, VoiceOver, TalkBack) y navegaci\u00f3n por teclado en m\u00faltiples navegadores y sistemas operativos.<\/p>\n<h2>Plantilla Voluntaria de Accesibilidad de los Productos (VPAT)<\/h2>\n<p>Un VPAT documenta la conformidad del sitio web con las normas de accesibilidad.<\/p>\n<h3><a href=\"https:\/\/www.southcoast.org\/wp-content\/uploads\/2026\/02\/Accessibility-Conformance-Report-November-2025.pdf\"><u>Leer el Informe de Conformidad de Accesibilidad (VPAT) actual del sitio web<\/u><\/a><\/h3>\n<p><strong><br \/>\nMejoras en curso <\/strong><\/p>\n<p>Nos dedicamos a revisar y comprobar continuamente la accesibilidad del sitio web:<\/p>\n<ul>\n<li>Soluci\u00f3n prioritaria de los problemas detectados<\/li>\n<li>Auditor\u00edas y controles peri\u00f3dicos de accesibilidad<\/li>\n<li>Formaci\u00f3n del personal en buenas pr\u00e1cticas de accesibilidad<\/li>\n<li>Integraci\u00f3n de los comentarios de los usuarios<\/li>\n<\/ul>\n<p><strong><br \/>\nContacte con nosotros <\/strong><\/p>\n<p>Sus comentarios nos ayudan a mejorar. Si encuentra alguna barrera de accesibilidad o tiene sugerencias para mejorar, p\u00f3ngase en contacto con nosotros a trav\u00e9s de nuestro <a href=\"https:\/\/southcoast.wufoo.com\/forms\/m1ts8rbr0ojwdqx\">formulario de opini\u00f3n del paciente<\/a>.<\/p>\n<p>Responderemos a los comentarios sobre accesibilidad en un plazo de 5 d\u00edas laborables y trabajaremos para resolver los problemas identificados con prontitud.<\/p>\n<p><em>Esta declaraci\u00f3n se actualiz\u00f3 por \u00faltima vez en febrero de 2026.<\/em><\/p>\n<h2><strong>Declaraci\u00f3n de MyChart<\/strong><\/h2>\n<p>Epic tiene como objetivo la conformidad con los est\u00e1ndares WCAG 2.1 AA en sus aplicaciones de experiencia del paciente basadas en web y en plataformas m\u00f3viles. Tenga en cuenta que las aplicaciones basadas en plataformas m\u00f3viles de Epic dependen de las capacidades de los sistemas operativos iOS y Android para cumplir algunas partes de los est\u00e1ndares. En la actualidad, MyChart tiene como objetivo la conformidad con estos est\u00e1ndares como parte de la plataforma MyChart Mobile en smartphones iOS y Android.<\/p>\n<p>MyChart utiliza tanto herramientas de pruebas automatizadas como procesos de pruebas manuales a lo largo de nuestro ciclo de desarrollo. El principal conjunto de criterios de comprobaci\u00f3n se basa en los criterios de nivel AA de la norma<a href=\"https:\/\/www.w3.org\/TR\/WCAG21\/\">\u00a0Pautas de Accesibilidad al Contenido en la Web (WCAG) 2.1<\/a>. Una evaluaci\u00f3n suplementaria frente a\u00a0<a href=\"https:\/\/www.access-board.gov\/ict\/#d22\">Secci\u00f3n 508 de la Ley Federal de Rehabilitaci\u00f3n<\/a>\u00a0tambi\u00e9n est\u00e1 incluido.<\/p>\n                    <\/div>\n\n                    \n                    <div class=\"ctaWrap ctaCenter\">\n                                                                                        <a aria-label=\"enlace al Informe de conformidad sobre accesibilidad\" class=\"mainCTA shadow light1 ctaRight\" href=\"https:\/\/www.southcoast.org\/wp-content\/uploads\/2026\/02\/Accessibility-Conformance-Report-November-2025.pdf\" target=\"_blank\" title=\"Abre el Informe de Conformidad de Accesibilidad en una nueva pesta\u00f1a o ventana\" rel=\"noopener noreferrer\">Informe de conformidad sobre accesibilidad<span class=\"fa-regular fa-download\"><\/span><\/a>                                                                                    \n                                                                                                                            <\/div>\n\n\t\t\t\t<\/div>\n\t\t\t<\/div>\n            \n\n            \n\n            \t\t<\/div>\n\t<\/div>\n<\/div>","protected":false},"excerpt":{"rendered":"","protected":false},"author":11,"featured_media":0,"parent":0,"menu_order":0,"comment_status":"closed","ping_status":"closed","template":"","meta":{"_acf_changed":false,"footnotes":""},"class_list":["post-285193","page","type-page","status-publish","hentry"],"acf":[],"yoast_head":"<!-- This site is optimized with the Yoast SEO plugin v26.0 - https:\/\/yoast.com\/wordpress\/plugins\/seo\/ -->\n<title>Accessibility Statement - Southcoast Health<\/title>\n<meta name=\"description\" content=\"Southcoast health is committed to ensuring our website is accessible to its users, including individuals with disabilities. We strive to provide an inclusive digital experience for all website visitors.\" \/>\n<meta name=\"robots\" content=\"index, follow, max-snippet:-1, max-image-preview:large, max-video-preview:-1\" \/>\n<link rel=\"canonical\" href=\"https:\/\/www.southcoast.org\/es\/accessibility-statement\/\" \/>\n<meta property=\"og:locale\" content=\"es_MX\" \/>\n<meta property=\"og:type\" content=\"article\" \/>\n<meta property=\"og:title\" content=\"Accessibility Statement - Southcoast Health\" \/>\n<meta property=\"og:description\" content=\"Southcoast health is committed to ensuring our website is accessible to its users, including individuals with disabilities. We strive to provide an inclusive digital experience for all website visitors.\" \/>\n<meta property=\"og:url\" content=\"https:\/\/www.southcoast.org\/es\/accessibility-statement\/\" \/>\n<meta property=\"og:site_name\" content=\"Southcoast Health\" \/>\n<meta property=\"article:modified_time\" content=\"2026-02-13T22:02:23+00:00\" \/>\n<meta name=\"twitter:card\" content=\"summary_large_image\" \/>\n<script type=\"application\/ld+json\" class=\"yoast-schema-graph\">{\"@context\":\"https:\/\/schema.org\",\"@graph\":[{\"@type\":\"WebPage\",\"@id\":\"https:\/\/www.southcoast.org\/accessibility-statement\/\",\"url\":\"https:\/\/www.southcoast.org\/accessibility-statement\/\",\"name\":\"Accessibility Statement - Southcoast Health\",\"isPartOf\":{\"@id\":\"https:\/\/www.southcoast.org\/#website\"},\"datePublished\":\"2026-02-12T19:32:41+00:00\",\"dateModified\":\"2026-02-13T22:02:23+00:00\",\"description\":\"Southcoast health is committed to ensuring our website is accessible to its users, including individuals with disabilities. We strive to provide an inclusive digital experience for all website visitors.\",\"breadcrumb\":{\"@id\":\"https:\/\/www.southcoast.org\/accessibility-statement\/#breadcrumb\"},\"inLanguage\":\"es-MX\",\"potentialAction\":[{\"@type\":\"ReadAction\",\"target\":[\"https:\/\/www.southcoast.org\/accessibility-statement\/\"]}]},{\"@type\":\"BreadcrumbList\",\"@id\":\"https:\/\/www.southcoast.org\/accessibility-statement\/#breadcrumb\",\"itemListElement\":[{\"@type\":\"ListItem\",\"position\":1,\"name\":\"\",\"item\":\"https:\/\/www.southcoast.org\/\"},{\"@type\":\"ListItem\",\"position\":2,\"name\":\"Accessibility Statement\"}]},{\"@type\":\"WebSite\",\"@id\":\"https:\/\/www.southcoast.org\/#website\",\"url\":\"https:\/\/www.southcoast.org\/\",\"name\":\"Southcoast Health\",\"description\":\"More than medicine.\",\"potentialAction\":[{\"@type\":\"SearchAction\",\"target\":{\"@type\":\"EntryPoint\",\"urlTemplate\":\"https:\/\/www.southcoast.org\/?s={search_term_string}\"},\"query-input\":{\"@type\":\"PropertyValueSpecification\",\"valueRequired\":true,\"valueName\":\"search_term_string\"}}],\"inLanguage\":\"es-MX\"}]}<\/script>\n<!-- \/ Yoast SEO plugin. -->","yoast_head_json":{"title":"Declaraci\u00f3n de accesibilidad - Southcoast Health","description":"Southcoast Health se compromete a garantizar que su sitio web sea accesible a los usuarios, incluidas las personas con discapacidad. Nos esforzamos por ofrecer una experiencia digital inclusiva a todos los visitantes del sitio web.","robots":{"index":"index","follow":"follow","max-snippet":"max-snippet:-1","max-image-preview":"max-image-preview:large","max-video-preview":"max-video-preview:-1"},"canonical":"https:\/\/www.southcoast.org\/es\/accessibility-statement\/","og_locale":"es_MX","og_type":"article","og_title":"Accessibility Statement - Southcoast Health","og_description":"Southcoast health is committed to ensuring our website is accessible to its users, including individuals with disabilities. We strive to provide an inclusive digital experience for all website visitors.","og_url":"https:\/\/www.southcoast.org\/es\/accessibility-statement\/","og_site_name":"Southcoast Health","article_modified_time":"2026-02-13T22:02:23+00:00","twitter_card":"summary_large_image","schema":{"@context":"https:\/\/schema.org","@graph":[{"@type":"WebPage","@id":"https:\/\/www.southcoast.org\/accessibility-statement\/","url":"https:\/\/www.southcoast.org\/accessibility-statement\/","name":"Declaraci\u00f3n de accesibilidad - Southcoast Health","isPartOf":{"@id":"https:\/\/www.southcoast.org\/#website"},"datePublished":"2026-02-12T19:32:41+00:00","dateModified":"2026-02-13T22:02:23+00:00","description":"Southcoast Health se compromete a garantizar que su sitio web sea accesible a los usuarios, incluidas las personas con discapacidad. Nos esforzamos por ofrecer una experiencia digital inclusiva a todos los visitantes del sitio web.","breadcrumb":{"@id":"https:\/\/www.southcoast.org\/accessibility-statement\/#breadcrumb"},"inLanguage":"es-MX","potentialAction":[{"@type":"ReadAction","target":["https:\/\/www.southcoast.org\/accessibility-statement\/"]}]},{"@type":"BreadcrumbList","@id":"https:\/\/www.southcoast.org\/accessibility-statement\/#breadcrumb","itemListElement":[{"@type":"ListItem","position":1,"name":"","item":"https:\/\/www.southcoast.org\/"},{"@type":"ListItem","position":2,"name":"Accessibility Statement"}]},{"@type":"WebSite","@id":"https:\/\/www.southcoast.org\/#website","url":"https:\/\/www.southcoast.org\/","name":"Southcoast Health","description":"M\u00e1s que medicina.","potentialAction":[{"@type":"SearchAction","target":{"@type":"EntryPoint","urlTemplate":"https:\/\/www.southcoast.org\/?s={search_term_string}"},"query-input":{"@type":"PropertyValueSpecification","valueRequired":true,"valueName":"search_term_string"}}],"inLanguage":"es-MX"}]}},"_links":{"self":[{"href":"https:\/\/www.southcoast.org\/es\/wp-json\/wp\/v2\/pages\/285193","targetHints":{"allow":["GET"]}}],"collection":[{"href":"https:\/\/www.southcoast.org\/es\/wp-json\/wp\/v2\/pages"}],"about":[{"href":"https:\/\/www.southcoast.org\/es\/wp-json\/wp\/v2\/types\/page"}],"author":[{"embeddable":true,"href":"https:\/\/www.southcoast.org\/es\/wp-json\/wp\/v2\/users\/11"}],"replies":[{"embeddable":true,"href":"https:\/\/www.southcoast.org\/es\/wp-json\/wp\/v2\/comments?post=285193"}],"version-history":[{"count":4,"href":"https:\/\/www.southcoast.org\/es\/wp-json\/wp\/v2\/pages\/285193\/revisions"}],"predecessor-version":[{"id":286227,"href":"https:\/\/www.southcoast.org\/es\/wp-json\/wp\/v2\/pages\/285193\/revisions\/286227"}],"wp:attachment":[{"href":"https:\/\/www.southcoast.org\/es\/wp-json\/wp\/v2\/media?parent=285193"}],"curies":[{"name":"wp","href":"https:\/\/api.w.org\/{rel}","templated":true}]}}