{"id":282093,"date":"2025-11-10T16:42:19","date_gmt":"2025-11-10T16:42:19","guid":{"rendered":"https:\/\/www.southcoast.org\/?page_id=282093"},"modified":"2026-02-04T10:41:17","modified_gmt":"2026-02-04T15:41:17","slug":"sms-reminders-terms-of-service-and-privacy-policy","status":"publish","type":"page","link":"https:\/\/www.southcoast.org\/es\/sms-reminders-terms-of-service-and-privacy-policy\/","title":{"rendered":"SMS Recordatorios Condiciones del servicio y Pol\u00edtica de privacidad"},"content":{"rendered":"<div  class=\"blockSettings  paddingTopSM paddingBottomMD heroBasicFluid darkTheme\" style=\"background: linear-gradient(110deg, #0A4A3D 2.57%, rgba(5, 116, 99, 0.99) 59.47%, #009984 99.08%);\"><div class=\"container\">\n            <div class=\"grid\">\n            <div class=\"col-sm-12 col-bleed-y\">\n                <div class=\"Center\">\n                    <div class=\"breadcrumbsWrapper desktop-breadcrumbs\"><nav id=\"breadcrumbs\" aria-label=\"Migas de pan\"><ol><li><a href=\"https:\/\/www.southcoast.org\/es\/\"><i class=\"fa-light fa-house\"><\/i><span class=\"visually-hidden\">Inicio<\/span><\/a><\/li><\/ol><\/nav><\/div><div class=\"breadcrumbsWrapper mobile-breadcrumbs\"><p id=\"mobile-breadcrumbs\" class=\"mobile-back-nav\"><span><span><a href=\"#\" onclick=\"return handleBackNavigation();\"><i class=\"fa-solid fa-chevron-left back-arrow\"><\/i> Volver<\/a><\/span><\/span><\/p>\t\t<script>\n\t\t\tfunction handleBackNavigation() {\n\t\t\t\tif (window.history.length > 1) {\n\t\t\t\t\twindow.history.back();\n\t\t\t\t} else {\n\t\t\t\t\twindow.location.href = 'https:\/\/www.southcoast.org\/es';\n\t\t\t\t}\n\t\t\t\treturn false;\n\t\t\t}\n\t\t<\/script>\n<\/div>                <\/div>\n            <\/div>\n        <\/div>\n        <div class=\"grid align-center\">\n        <div class=\"col-sm-10\">\n            <div class=\"Center\">\n\n                    <div class=\"mainCopyWrap\">\n            <h1>SMS Recordatorios Condiciones del servicio y Pol\u00edtica de privacidad<\/h1>\n        <\/div>\n    \n                \n            <\/div>\n        <\/div>\n    <\/div>\n<\/div>\n    <div class=\"cornerArtWrapper cornerArt-small\">\n        <img decoding=\"async\" class=\"cornerArt\" src=\"https:\/\/www.southcoast.org\/wp-content\/themes\/southcoast_multisite\/images\/corner-art.svg\" alt=\"\">\n    <\/div>\n<\/div>\n\n\n\n\n<div  class=\"blockSettings  paddingTopSM paddingBottomSM tabsFluid light\" style=\"\"><div class=\"container\">\n\n    \n   \n        <div class=\"blockSeparator\"><\/div>\n    \n\n    <!--Desktop Tabs-->\n    <div class=\"grid tab tabHorizontal\">\n        <div class=\"col-sm-12\">\n            <ul class=\"tab__head\" role=\"tablist\" aria-label=\"Seaction - Fichas\">\n                                                            <li role=\"tab\" class=\"is-open\"><a href=\"#tabH1\" id=\"tabH1-tab\" title=\"\"\n                                                                    role=\"tab\"\n                                                                    aria-controls=\"tabH1\"\n                                                                    aria-selected=\"true\">31060<\/a><\/li>\n                                            <li role=\"tab\" class=\"\"><a href=\"#tabH2\" id=\"tabH2-tab\" title=\"\"\n                                                                    role=\"tab\"\n                                                                    aria-controls=\"tabH2\"\n                                                                    aria-selected=\"false\">639104<\/a><\/li>\n                                                <\/ul>\n        <\/div>\n        <div class=\"col-sm-12\">\n                                                <div class=\"beefup tab__item tabH is-open\" id=\"tabH1\" role=\"tabpanel\" aria-labelledby=\"tabH1-tab\" aria-hidden=\"false\">\n                                                    <div class=\"grid justify-center\">\n                                                                                                        <div class=\"col-sm-8\">\n                                        <article aria-labelledby=\"31060 content.\" class=\"beefup__body\" role=\"region\" style=\"overflow: hidden;\">\n                                            <div class=\"maincopy intro\">\n                                                <p><strong>Southcoast Health Recordatorios<\/strong>\u00a0(C\u00f3digo corto: 31060)<\/p>\n<p><strong>Contacto principal:\u00a0<\/strong>Southcoast Health System, Inc. 844-744-5544<\/p>\n<ol class=\"wp-block-list\">\n<li>El servicio Southcoast Health Reminders le enviar\u00e1 alertas por SMS relacionadas con su cita. Por ejemplo, record\u00e1ndole su pr\u00f3xima cita o cancelaciones meteorol\u00f3gicas que puedan afectar a la hora de su cita.<\/li>\n<li><strong>Opt-in del usuario:<\/strong>\n<ul>\n<li>\u00a0Cuando concierte una cita por tel\u00e9fono, le pediremos su n\u00famero de tel\u00e9fono m\u00f3vil y le preguntaremos verbalmente si desea recibir nuestro servicio de recordatorio por SMS.<\/li>\n<li>Cuando concierte una cita por Internet, le pediremos su n\u00famero de tel\u00e9fono m\u00f3vil y le solicitaremos que confirme que desea recibir nuestro servicio de recordatorio por SMS.<\/li>\n<li>A trav\u00e9s del portal del paciente MyChart, en la secci\u00f3n de preferencias de comunicaci\u00f3n, puede optar por recibir comunicaciones por SMS.<\/li>\n<\/ul>\n<\/li>\n<li><strong>Exclusi\u00f3n voluntaria del usuario:<\/strong>\n<ul>\n<li>Puedes cancelar el servicio de SMS en cualquier momento. S\u00f3lo tiene que enviar el mensaje \"STOP\" al c\u00f3digo corto. Despu\u00e9s de que nos env\u00ede el mensaje SMS \"STOP\", le enviaremos un mensaje SMS para confirmar que se ha dado de baja. A partir de ese momento, dejar\u00e1s de recibir mensajes SMS nuestros. Si quieres volver a suscribirte, s\u00f3lo tienes que volver a hacerlo mediante los m\u00e9todos indicados en la secci\u00f3n de suscripci\u00f3n anterior.<\/li>\n<\/ul>\n<\/li>\n<li>Si en alg\u00fan momento olvida qu\u00e9 palabras clave son compatibles, s\u00f3lo tiene que enviar un SMS con la palabra \"AYUDA\" al c\u00f3digo corto. Despu\u00e9s de enviarnos el mensaje SMS \"AYUDA\", le responderemos con instrucciones sobre c\u00f3mo utilizar nuestro servicio, as\u00ed como sobre c\u00f3mo darse de baja.<\/li>\n<li>Podemos enviar mensajes a los siguientes operadores de telefon\u00eda m\u00f3vil: Principales operadores: AT&amp;T, Verizon Wireless, Sprint, T-Mobile, MetroPCS, U.S. Cellular, Alltel, Boost Mobile, Nextel y Virgin Mobile. Operadores menores: Alaska Communications Systems (ACS), Appalachian Wireless (EKN), Bluegrass Cellular, Cellular One of East Central IL (ECIT), Cellular One of Northeast Pennsylvania, Cincinnati Bell Wireless, Cricket, Coral Wireless (Mobi PCS), COX, Cross, Element Mobile (Flat Wireless), Epic Touch (Elkhart Telephone), GCI, Golden State, Hawkeye (Chat Mobility), Hawkeye (NW Missouri), Illinois Valley Cellular, Inland Cellular, iWireless (Iowa Wireless), Keystone Wireless (Immix Wireless\/PC Man), Mosaic (Consolidated o CTC Telecom), Nex-Tech Wireless, NTelos, Panhandle Communications, Pioneer, Plateau (Texas RSA 3 Ltd), Revol, RINA, Simmetry (TMP Corporation), Thumb Cellular, Union Wireless, United Wireless, Viaero Wireless y West Central (WCC o 5 Star Wireless).\u00a0<strong><em>Los transportistas no son responsables de los mensajes retrasados o no entregados.<\/em><\/strong><\/li>\n<li>Como siempre, pueden aplicarse tarifas de mensajes y datos a cualquier mensaje que le enviemos y que usted nos env\u00ede. La frecuencia de los mensajes var\u00eda. Si tienes alguna pregunta sobre tu plan de mensajes o de datos, lo mejor es que te pongas en contacto con tu proveedor de telefon\u00eda m\u00f3vil. Para todas las preguntas sobre los servicios prestados por este c\u00f3digo corto, puede enviar un correo electr\u00f3nico a helpdesk@southcoast.org.<\/li>\n<\/ol>\n<p><strong>POL\u00cdTICA DE PRIVACIDAD:<\/strong><\/p>\n<p>Southcoast Health s\u00f3lo utilizar\u00e1 su n\u00famero de m\u00f3vil para transmitir alertas m\u00f3viles y mensajes de texto de acuerdo con el servicio de recordatorio de Southcoast Health. Southcoast Health, se reserva el derecho en todo momento de revelar cualquier informaci\u00f3n que sea necesaria para cumplir con cualquier ley, reglamento o solicitud gubernamental, para evitar responsabilidades, o para proteger sus derechos y propiedad.<\/p>\n<p><strong>MODIFICACIONES:<\/strong><\/p>\n<p>Southcoast Health se reserva el derecho a modificar estas condiciones de uso en cualquier momento mediante la publicaci\u00f3n de las condiciones de uso revisadas en este sitio web. Su uso continuado de los Recordatorios de Southcoast Health se considerar\u00e1 una aceptaci\u00f3n irrevocable de dichas revisiones despu\u00e9s de que dichas revisiones de las condiciones de uso se hayan publicado en este sitio web. Si no acepta (o no puede cumplir) estas condiciones de uso, en su versi\u00f3n modificada, deber\u00e1 \"darse de baja\" del servicio Southcoast Health Reminder. Consulte la secci\u00f3n \"Exclusi\u00f3n voluntaria del usuario\" m\u00e1s arriba. Southcoast Health se reserva el derecho a cambiar, modificar, suspender o interrumpir todos o cualquiera de los aspectos del servicio Southcoast Health Reminder en cualquier momento y sin previo aviso.<\/p>\n                                            <\/div>\n                                        <\/article>\n                                                                            <\/div>\n                                                            <\/div>\n                                            <\/div>\n                                    <div class=\"beefup tab__item tabH\" id=\"tabH2\" role=\"tabpanel\" aria-labelledby=\"tabH2-tab\" aria-hidden=\"true\">\n                                                    <div class=\"grid justify-center\">\n                                                                                                        <div class=\"col-sm-8\">\n                                        <article aria-labelledby=\"639104 content.\" class=\"beefup__body\" role=\"region\" style=\"overflow: none;\">\n                                            <div class=\"maincopy intro\">\n                                                <p><strong>Southcoast Health Recordatorios<\/strong>\u00a0(C\u00f3digo corto: 639104)<\/p>\n<p><strong>Contacto principal:\u00a0<\/strong>Southcoast Health System, Inc. 844-744-5544<\/p>\n<ol>\n<li>El servicio Southcoast Health Reminders le enviar\u00e1 alertas por SMS que incluyen actualizaciones de sus citas, cuenta MyChart, c\u00f3digo de acceso de un solo uso, notificaciones de facturaci\u00f3n, recordatorios de recetas y gesti\u00f3n de cuidados.<\/li>\n<li><strong>Opt-in del usuario:<\/strong>\n<ul>\n<li>Cuando concierte una cita por tel\u00e9fono, le pediremos su n\u00famero de tel\u00e9fono m\u00f3vil y le preguntaremos verbalmente si desea recibir nuestro servicio de recordatorio por SMS.<\/li>\n<li>Cuando concierte una cita por Internet, le pediremos su n\u00famero de tel\u00e9fono m\u00f3vil y le solicitaremos que confirme que desea recibir nuestro servicio de recordatorio por SMS.<\/li>\n<li>A trav\u00e9s del portal del paciente MyChart, en la secci\u00f3n de preferencias de comunicaci\u00f3n, puede optar por recibir comunicaciones por SMS.<\/li>\n<\/ul>\n<\/li>\n<li><strong>Exclusi\u00f3n voluntaria del usuario:<\/strong>\n<ul>\n<li>Puedes cancelar el servicio de SMS en cualquier momento. S\u00f3lo tiene que enviar el mensaje \"STOP\" al c\u00f3digo corto. Despu\u00e9s de que nos env\u00ede el mensaje SMS \"STOP\", le enviaremos un mensaje SMS para confirmar que se ha dado de baja. A partir de ese momento, dejar\u00e1s de recibir mensajes SMS nuestros. Si quieres volver a suscribirte, s\u00f3lo tienes que volver a hacerlo mediante los m\u00e9todos indicados en la secci\u00f3n de suscripci\u00f3n anterior.<\/li>\n<\/ul>\n<\/li>\n<li>Si en alg\u00fan momento olvida qu\u00e9 palabras clave son compatibles, s\u00f3lo tiene que enviar un SMS con la palabra \"AYUDA\" al c\u00f3digo corto. Despu\u00e9s de enviarnos el mensaje SMS \"AYUDA\", le responderemos con instrucciones sobre c\u00f3mo utilizar nuestro servicio, as\u00ed como sobre c\u00f3mo darse de baja.<\/li>\n<li>Los transportistas no son responsables de los mensajes retrasados o no entregados.<\/li>\n<li>Como siempre, pueden aplicarse tarifas de mensajes y datos a cualquier mensaje que le enviemos y que usted nos env\u00ede. La frecuencia de los mensajes var\u00eda. Si tienes alguna pregunta sobre tu plan de mensajes o de datos, lo mejor es que te pongas en contacto con tu proveedor de telefon\u00eda m\u00f3vil. Para todas las preguntas sobre los servicios prestados por este c\u00f3digo corto, puede enviar un correo electr\u00f3nico a helpdesk@southcoast.org.<\/li>\n<\/ol>\n<p><strong>POL\u00cdTICA DE PRIVACIDAD:<\/strong><\/p>\n<p>Southcoast Health s\u00f3lo utilizar\u00e1 su n\u00famero de m\u00f3vil para transmitir alertas m\u00f3viles y mensajes de texto de acuerdo con el servicio de recordatorio de Southcoast Health. Southcoast Health, se reserva el derecho en todo momento de revelar cualquier informaci\u00f3n que sea necesaria para cumplir con cualquier ley, reglamento o solicitud gubernamental, para evitar responsabilidades, o para proteger sus derechos y propiedad.<\/p>\n<p><strong>MODIFICACIONES:<\/strong><\/p>\n<p>Southcoast Health se reserva el derecho a modificar estas condiciones de uso en cualquier momento mediante la publicaci\u00f3n de las condiciones de uso revisadas en este sitio web. Su uso continuado de los Recordatorios de Southcoast Health se considerar\u00e1 una aceptaci\u00f3n irrevocable de dichas revisiones despu\u00e9s de que dichas revisiones de las condiciones de uso se hayan publicado en este sitio web. Si no acepta (o no puede cumplir) estas condiciones de uso, en su versi\u00f3n modificada, deber\u00e1 \"darse de baja\" del servicio Southcoast Health Reminder. Consulte la secci\u00f3n \"Exclusi\u00f3n voluntaria del usuario\" m\u00e1s arriba. Southcoast Health se reserva el derecho a cambiar, modificar, suspender o interrumpir todos o cualquiera de los aspectos del servicio Southcoast Health Reminder en cualquier momento y sin previo aviso.<\/p>\n                                            <\/div>\n                                        <\/article>\n                                                                            <\/div>\n                                                            <\/div>\n                                            <\/div>\n                                    <\/div>\n    <\/div>\n<\/div>\n<\/div>","protected":false},"excerpt":{"rendered":"","protected":false},"author":14,"featured_media":0,"parent":0,"menu_order":0,"comment_status":"closed","ping_status":"closed","template":"","meta":{"_acf_changed":false,"footnotes":""},"class_list":["post-282093","page","type-page","status-publish","hentry"],"acf":[],"yoast_head":"<!-- This site is optimized with the Yoast SEO plugin v26.0 - https:\/\/yoast.com\/wordpress\/plugins\/seo\/ -->\n<title>SMS Reminders Terms of Service and Privacy Policy - Southcoast Health<\/title>\n<meta name=\"description\" content=\"Southcoast Health SMS Reminders Terms of Service and Privacy Policies,\" \/>\n<meta name=\"robots\" content=\"index, follow, max-snippet:-1, max-image-preview:large, max-video-preview:-1\" \/>\n<link rel=\"canonical\" href=\"https:\/\/www.southcoast.org\/es\/sms-reminders-terms-of-service-and-privacy-policy\/\" \/>\n<meta property=\"og:locale\" content=\"es_MX\" \/>\n<meta property=\"og:type\" content=\"article\" \/>\n<meta property=\"og:title\" content=\"SMS Reminders Terms of Service and Privacy Policy - Southcoast Health\" \/>\n<meta property=\"og:description\" content=\"Southcoast Health SMS Reminders Terms of Service and Privacy Policies,\" \/>\n<meta property=\"og:url\" content=\"https:\/\/www.southcoast.org\/es\/sms-reminders-terms-of-service-and-privacy-policy\/\" \/>\n<meta property=\"og:site_name\" content=\"Southcoast Health\" \/>\n<meta property=\"article:modified_time\" content=\"2026-02-04T15:41:17+00:00\" \/>\n<meta name=\"twitter:card\" content=\"summary_large_image\" \/>\n<script type=\"application\/ld+json\" class=\"yoast-schema-graph\">{\"@context\":\"https:\/\/schema.org\",\"@graph\":[{\"@type\":\"WebPage\",\"@id\":\"https:\/\/www.southcoast.org\/sms-reminders-terms-of-service-and-privacy-policy\/\",\"url\":\"https:\/\/www.southcoast.org\/sms-reminders-terms-of-service-and-privacy-policy\/\",\"name\":\"SMS Reminders Terms of Service and Privacy Policy - Southcoast Health\",\"isPartOf\":{\"@id\":\"https:\/\/www.southcoast.org\/#website\"},\"datePublished\":\"2025-11-10T16:42:19+00:00\",\"dateModified\":\"2026-02-04T15:41:17+00:00\",\"description\":\"Southcoast Health SMS Reminders Terms of Service and Privacy Policies,\",\"breadcrumb\":{\"@id\":\"https:\/\/www.southcoast.org\/sms-reminders-terms-of-service-and-privacy-policy\/#breadcrumb\"},\"inLanguage\":\"es-MX\",\"potentialAction\":[{\"@type\":\"ReadAction\",\"target\":[\"https:\/\/www.southcoast.org\/sms-reminders-terms-of-service-and-privacy-policy\/\"]}]},{\"@type\":\"BreadcrumbList\",\"@id\":\"https:\/\/www.southcoast.org\/sms-reminders-terms-of-service-and-privacy-policy\/#breadcrumb\",\"itemListElement\":[{\"@type\":\"ListItem\",\"position\":1,\"name\":\"\",\"item\":\"https:\/\/www.southcoast.org\/\"},{\"@type\":\"ListItem\",\"position\":2,\"name\":\"SMS Reminders Terms of Service and Privacy Policy\"}]},{\"@type\":\"WebSite\",\"@id\":\"https:\/\/www.southcoast.org\/#website\",\"url\":\"https:\/\/www.southcoast.org\/\",\"name\":\"Southcoast Health\",\"description\":\"More than medicine.\",\"potentialAction\":[{\"@type\":\"SearchAction\",\"target\":{\"@type\":\"EntryPoint\",\"urlTemplate\":\"https:\/\/www.southcoast.org\/?s={search_term_string}\"},\"query-input\":{\"@type\":\"PropertyValueSpecification\",\"valueRequired\":true,\"valueName\":\"search_term_string\"}}],\"inLanguage\":\"es-MX\"}]}<\/script>\n<!-- \/ Yoast SEO plugin. -->","yoast_head_json":{"title":"T\u00e9rminos del servicio y pol\u00edtica de privacidad de SMS Reminders - Southcoast Health","description":"Southcoast Health SMS Reminders Condiciones de servicio y pol\u00edticas de privacidad,","robots":{"index":"index","follow":"follow","max-snippet":"max-snippet:-1","max-image-preview":"max-image-preview:large","max-video-preview":"max-video-preview:-1"},"canonical":"https:\/\/www.southcoast.org\/es\/sms-reminders-terms-of-service-and-privacy-policy\/","og_locale":"es_MX","og_type":"article","og_title":"SMS Reminders Terms of Service and Privacy Policy - Southcoast Health","og_description":"Southcoast Health SMS Reminders Terms of Service and Privacy Policies,","og_url":"https:\/\/www.southcoast.org\/es\/sms-reminders-terms-of-service-and-privacy-policy\/","og_site_name":"Southcoast Health","article_modified_time":"2026-02-04T15:41:17+00:00","twitter_card":"summary_large_image","schema":{"@context":"https:\/\/schema.org","@graph":[{"@type":"WebPage","@id":"https:\/\/www.southcoast.org\/sms-reminders-terms-of-service-and-privacy-policy\/","url":"https:\/\/www.southcoast.org\/sms-reminders-terms-of-service-and-privacy-policy\/","name":"T\u00e9rminos del servicio y pol\u00edtica de privacidad de SMS Reminders - Southcoast Health","isPartOf":{"@id":"https:\/\/www.southcoast.org\/#website"},"datePublished":"2025-11-10T16:42:19+00:00","dateModified":"2026-02-04T15:41:17+00:00","description":"Southcoast Health SMS Reminders Condiciones de servicio y pol\u00edticas de privacidad,","breadcrumb":{"@id":"https:\/\/www.southcoast.org\/sms-reminders-terms-of-service-and-privacy-policy\/#breadcrumb"},"inLanguage":"es-MX","potentialAction":[{"@type":"ReadAction","target":["https:\/\/www.southcoast.org\/sms-reminders-terms-of-service-and-privacy-policy\/"]}]},{"@type":"BreadcrumbList","@id":"https:\/\/www.southcoast.org\/sms-reminders-terms-of-service-and-privacy-policy\/#breadcrumb","itemListElement":[{"@type":"ListItem","position":1,"name":"","item":"https:\/\/www.southcoast.org\/"},{"@type":"ListItem","position":2,"name":"SMS Reminders Terms of Service and Privacy Policy"}]},{"@type":"WebSite","@id":"https:\/\/www.southcoast.org\/#website","url":"https:\/\/www.southcoast.org\/","name":"Southcoast Health","description":"M\u00e1s que medicina.","potentialAction":[{"@type":"SearchAction","target":{"@type":"EntryPoint","urlTemplate":"https:\/\/www.southcoast.org\/?s={search_term_string}"},"query-input":{"@type":"PropertyValueSpecification","valueRequired":true,"valueName":"search_term_string"}}],"inLanguage":"es-MX"}]}},"_links":{"self":[{"href":"https:\/\/www.southcoast.org\/es\/wp-json\/wp\/v2\/pages\/282093","targetHints":{"allow":["GET"]}}],"collection":[{"href":"https:\/\/www.southcoast.org\/es\/wp-json\/wp\/v2\/pages"}],"about":[{"href":"https:\/\/www.southcoast.org\/es\/wp-json\/wp\/v2\/types\/page"}],"author":[{"embeddable":true,"href":"https:\/\/www.southcoast.org\/es\/wp-json\/wp\/v2\/users\/14"}],"replies":[{"embeddable":true,"href":"https:\/\/www.southcoast.org\/es\/wp-json\/wp\/v2\/comments?post=282093"}],"version-history":[{"count":6,"href":"https:\/\/www.southcoast.org\/es\/wp-json\/wp\/v2\/pages\/282093\/revisions"}],"predecessor-version":[{"id":284954,"href":"https:\/\/www.southcoast.org\/es\/wp-json\/wp\/v2\/pages\/282093\/revisions\/284954"}],"wp:attachment":[{"href":"https:\/\/www.southcoast.org\/es\/wp-json\/wp\/v2\/media?parent=282093"}],"curies":[{"name":"wp","href":"https:\/\/api.w.org\/{rel}","templated":true}]}}