{"id":279685,"date":"2025-10-07T17:46:04","date_gmt":"2025-10-07T17:46:04","guid":{"rendered":"https:\/\/www.southcoast.org\/?page_id=279685"},"modified":"2025-12-30T13:48:48","modified_gmt":"2025-12-30T18:48:48","slug":"caregiver-resources","status":"publish","type":"page","link":"https:\/\/www.southcoast.org\/es\/patient-information\/caregiver-resources\/","title":{"rendered":"Recursos para cuidadores"},"content":{"rendered":"<div  class=\"blockSettings  paddingTopSM paddingBottomMD heroBasicFluid darkTheme\" style=\"background-image:url(https:\/\/www.southcoast.org\/wp-content\/uploads\/2025\/10\/GettyImages-2225338639-scaled.jpg);background-size:cover;background-position:center center;\"><div class=\"overlay\"><\/div><div class=\"container\">\n            <div class=\"grid\">\n            <div class=\"col-sm-12 col-bleed-y\">\n                <div class=\"Center\">\n                    <div class=\"breadcrumbsWrapper desktop-breadcrumbs\"><nav id=\"breadcrumbs\" aria-label=\"Migas de pan\"><ol><li><a href=\"https:\/\/www.southcoast.org\/es\/\"><i class=\"fa-light fa-house\"><\/i><span class=\"visually-hidden\">Inicio<\/span><\/a><\/li><\/ol><\/nav><\/div><div class=\"breadcrumbsWrapper mobile-breadcrumbs\"><p id=\"mobile-breadcrumbs\"><span><span><a href=\"https:\/\/www.southcoast.org\/es\"><i class=\"far fa-home\"><\/i><\/a><\/span> <i class=\"fa-solid fa-chevron-right separator\"><\/i> <span><a href=\"https:\/\/www.southcoast.org\/es\/patient-information\/\">Informaci\u00f3n para el paciente<\/a><\/span><\/span><\/p><\/div>                <\/div>\n            <\/div>\n        <\/div>\n        <div class=\"grid align-center\">\n        <div class=\"col-sm-10\">\n            <div class=\"Center\">\n\n                    <div class=\"mainCopyWrap\">\n            <h1>Recursos para cuidadores<\/h1>\n        <\/div>\n    \n                \n            <\/div>\n        <\/div>\n    <\/div>\n<\/div>\n    <div class=\"cornerArtWrapper cornerArt-small\">\n        <img decoding=\"async\" class=\"cornerArt\" src=\"https:\/\/www.southcoast.org\/wp-content\/themes\/southcoast_multisite\/images\/corner-art.svg\" alt=\"\">\n    <\/div>\n<\/div>\n\n\n\n\n<div  class=\"blockSettings  paddingTopSM paddingBottomSM media-object-block light\" style=\"\"><div class=\"container\">\n\t<div class=\"grid\">\n\t\t<div class=\"col-sm-12\">\n\t\t\t<div class=\"inner image-left list-style-disc inner-white-bg\" style=\"background-color: #fff;\">\n\t\t\t\t<div class=\"copy\">\n\t\t\t\t\t    <div class=\"mainCopyWrap\">\n            <h2>Planificaci\u00f3n anticipada de la atenci\u00f3n sanitaria<\/h2>\n    <div class=\"paragraphWrap\"><p>Tanto si est\u00e1 planificando sus propios cuidados futuros como si est\u00e1 cuidando a un ser querido anciano, es esencial contar con los recursos y el apoyo adecuados. Esta gu\u00eda proporciona informaci\u00f3n valiosa sobre los pasos que puede dar ahora para estar preparado para gestionar las decisiones m\u00e9dicas y legales para usted o un ser querido.<\/p>\n<p>Esto es de vital importancia porque\u00a0<strong>Los m\u00e9dicos y enfermeros de Southcoast Health no pueden compartir informaci\u00f3n con nadie que no sea el apoderado sanitario del paciente si \u00e9ste no puede dar su permiso.<\/strong><\/p>\n<\/div>    <\/div>\n    \t\t\t\t<\/div>\n\t\t\t\t\t\t\t\t<div class=\"images\">\n\t\t\t\t\t\t<img decoding=\"async\" class=\"single\" src=\"https:\/\/www.southcoast.org\/wp-content\/uploads\/2025\/10\/GettyImages-1938542936-scaled.jpg\" alt=\"Advance Cared Planning\">\n\t\t\t\t\t\t\t\t\t\t<\/div>\n\t\t\t\t\n\t\t\t<\/div>\n\t\t<\/div>\n\t<\/div>\n<\/div>\n<\/div>\n\n\n<div id=\"documents\" class=\"blockSettings  paddingTopSM paddingBottomMD cardIconsFluid cardIconsDocument light\" style=\"background-color:#e9ecec;\"><div class=\"container\">\n            <div class=\"grid\">\n            <div class=\"col-sm-12\">\n                <div class=\"introCenter\">\n                    <div class=\"maincopy intro\">\n                        <h2>Documentos de apoderamiento sanitario<\/h2>\n                                            <\/div>\n                                                                                                                                                                                                <\/div>\n            <\/div>\n        <\/div>\n    \n    <!-- Documents -->\n                        <div class=\"card-item\">\n                                <div class=\"grid\">\n                                                                                                            <div class=\"col-sm-6 col-md-4 col-grid\">\n                                        <a title=\"Enlace al formulario de delegaci\u00f3n de asistencia sanitaria e instrucciones de Massachusetts\" href=\"https:\/\/www.southcoast.org\/wp-content\/uploads\/2025\/10\/MA-Healthcare-Proxy-English.pdf\" class=\"cardBasic cardBasicText\" target=\"_blank\">\n                                            <span class=\"icon icon fa-regular fa-file-pdf\"><\/span>\n                                            <div class=\"cardBasicBody\">\n                                                <h2>Formulario e instrucciones para la delegaci\u00f3n de asistencia sanitaria en Massachusetts<\/h2>\n                                                <div class=\"excerpt\">\n                                                <p class=\"fileType\">(<span>pdf<\/span>, 740 KB)<\/p>\n                                                <\/div>\n                                            <\/div>\n                                        <\/a>\n                                    <\/div>\n                                                                                                <div class=\"col-sm-6 col-md-4 col-grid\">\n                                        <a title=\"Enlace a la informaci\u00f3n en espa\u00f1ol\" href=\"https:\/\/www.southcoast.org\/wp-content\/uploads\/2025\/10\/What-Is-a-Healthcare-Proxy-Spanish.pdf\" class=\"cardBasic cardBasicText\" target=\"_blank\">\n                                            <span class=\"icon icon fa-regular fa-file-pdf\"><\/span>\n                                            <div class=\"cardBasicBody\">\n                                                <h2>Informaci\u00f3n en espa\u00f1ol<\/h2>\n                                                <div class=\"excerpt\">\n                                                <p class=\"fileType\">(<span>pdf<\/span>, 123 KB)<\/p>\n                                                <\/div>\n                                            <\/div>\n                                        <\/a>\n                                    <\/div>\n                                                                                                <div class=\"col-sm-6 col-md-4 col-grid\">\n                                        <a title=\"Enlace a la informaci\u00f3n en portugu\u00e9s\" href=\"https:\/\/www.southcoast.org\/wp-content\/uploads\/2025\/10\/What-Is-a-Healthcare-Proxy-Portuguese.pdf\" class=\"cardBasic cardBasicText\" target=\"_blank\">\n                                            <span class=\"icon icon fa-regular fa-file-pdf\"><\/span>\n                                            <div class=\"cardBasicBody\">\n                                                <h2>Informaci\u00f3n en portugu\u00e9s<\/h2>\n                                                <div class=\"excerpt\">\n                                                <p class=\"fileType\">(<span>pdf<\/span>, 124 KB)<\/p>\n                                                <\/div>\n                                            <\/div>\n                                        <\/a>\n                                    <\/div>\n                                                                                                                        <\/div>\n            <\/div>\n                    <div class=\"card-item\">\n                                <div class=\"grid\">\n                                                                                                            <div class=\"col-sm-6 col-md-4 col-grid\">\n                                        <a title=\"enlace al formulario de poder notarial duradero e instrucciones de Rhode Island\" href=\"https:\/\/www.southcoast.org\/wp-content\/uploads\/2025\/10\/Durable-Power-Of-Attorney-For-Healthcare.pdf\" class=\"cardBasic cardBasicText\" target=\"_blank\">\n                                            <span class=\"icon icon fa-regular fa-file-pdf\"><\/span>\n                                            <div class=\"cardBasicBody\">\n                                                <h2>Formulario de poder notarial duradero e instrucciones de Rhode Island<\/h2>\n                                                <div class=\"excerpt\">\n                                                <p class=\"fileType\">(<span>pdf<\/span>, 144 KB)<\/p>\n                                                <\/div>\n                                            <\/div>\n                                        <\/a>\n                                    <\/div>\n                                                                                                <div class=\"col-sm-6 col-md-4 col-grid\">\n                                        <a title=\"enlace a la hoja de consejos: C\u00f3mo cargar su poder sanitario en MyChart\" href=\"https:\/\/www.southcoast.org\/wp-content\/uploads\/2025\/10\/MyChart-Tip-Sheet-How-To-Add-Proxy-Documents.pdf\" class=\"cardBasic cardBasicText\" target=\"_blank\">\n                                            <span class=\"icon icon fa-regular fa-file-pdf\"><\/span>\n                                            <div class=\"cardBasicBody\">\n                                                <h2>Hoja de consejos: C\u00f3mo cargar su poder sanitario en MyChart<\/h2>\n                                                <div class=\"excerpt\">\n                                                <p class=\"fileType\">(<span>pdf<\/span>, 244 KB)<\/p>\n                                                <\/div>\n                                            <\/div>\n                                        <\/a>\n                                    <\/div>\n                                                                                                                        <\/div>\n            <\/div>\n            <\/div>\n<\/div>\n\n\n<div  class=\"blockSettings  paddingTopSM paddingBottomSM media-object-block light\" style=\"\"><div class=\"container\">\n\t<div class=\"grid\">\n\t\t<div class=\"col-sm-12\">\n\t\t\t<div class=\"inner image-right list-style-disc inner-white-bg\" style=\"background-color: #fff;\">\n\t\t\t\t<div class=\"copy\">\n\t\t\t\t\t    <div class=\"mainCopyWrap\">\n            <h2>\u00bfQu\u00e9 es la planificaci\u00f3n anticipada de la asistencia sanitaria?<\/h2>\n    <div class=\"paragraphWrap\"><p>La planificaci\u00f3n anticipada de la atenci\u00f3n sanitaria le permite tomar decisiones sobre la atenci\u00f3n sanitaria ahora en caso de que no pueda comunicarlas m\u00e1s adelante. Ayuda a reducir el estr\u00e9s de sus seres queridos y le da tiempo para reflexionar sobre sus valores, compartir sus deseos y documentarlos en formularios legales como:<\/p>\n<ul>\n<li><strong>Voluntades anticipadas<\/strong> son documentos legales que establecen sus deseos de atenci\u00f3n m\u00e9dica, nombran a un apoderado y gu\u00edan la atenci\u00f3n si usted no puede hablar por s\u00ed mismo. Si tiene preguntas, hable con su m\u00e9dico de atenci\u00f3n primaria de Southcoast Health en su pr\u00f3xima visita.<\/li>\n<li><strong>Apoderado sanitario<\/strong>\u00a0le permite designar a alguien para que tome decisiones m\u00e9dicas en caso de que usted no pueda hacerlo. Conocido como Poder Notarial Duradero en Rhode Island, garantiza que sus cuidados se ajusten a sus deseos y valores. El formulario es sencillo, no necesita certificaci\u00f3n notarial, pero debe estar fechado. C\u00e1rguelo en MyChart para que su equipo de atenci\u00f3n m\u00e9dica conozca sus preferencias.<\/li>\n<li><strong>Testamento vital<\/strong> garantiza que usted reciba los cuidados que desea si cae gravemente enfermo y no puede comunicar sus deseos. Especifica los tipos de tratamientos m\u00e9dicos que desea o no desea y puede dar instrucciones a los proveedores m\u00e9dicos sobre los tratamientos de soporte vital.<\/li>\n<\/ul>\n<\/div>    <\/div>\n    \t\t\t\t<\/div>\n\t\t\t\t\t\t\t\t<div class=\"images\">\n\t\t\t\t\t\t<img decoding=\"async\" class=\"single\" src=\"https:\/\/www.southcoast.org\/wp-content\/uploads\/2025\/10\/GettyImages-1423004675.jpg\" alt=\"Caregiver - Advance Directives\">\n\t\t\t\t\t\t\t\t\t\t<\/div>\n\t\t\t\t\n\t\t\t<\/div>\n\t\t<\/div>\n\t<\/div>\n<\/div>\n<\/div>\n\n\n<div  class=\"blockSettings  paddingTopNone paddingBottomNone calloutbannerminiFluid layout-full darkTheme\" style=\"background: linear-gradient(250deg, #0A4A3D 2.57%, rgba(5, 116, 99, 0.99) 59.47%, #009984 99.08%);\"><div class=\"container-full\">\n    <div class=\"grid\">\n        <div class=\"col-sm-12 col-bleed\">\n            <div class=\"banner-content container ctas-1\">\n                                    <div class=\"copy\">\n                        <p><span data-olk-copy-source=\"MessageBody\">\u00bfQuiere saber m\u00e1s? Visite nuestra p\u00e1gina de informaci\u00f3n al paciente.<\/span><\/p>\n                    <\/div>\n                                    <div class=\"ctaWrap\">\n                    <a aria-label=\"Enlace a la informaci\u00f3n para pacientes\" class=\"mainCTA shadow light2\" href=\"https:\/\/www.southcoast.org\/es\/patient-information\/\" title=\"Abrir informaci\u00f3n al paciente\" >Informaci\u00f3n para el paciente<\/a>            <\/div>\n                <\/div>\n        <\/div>\n    <\/div>\n<\/div>\n<\/div>\n\n\n<div  class=\"blockSettings  paddingTopSM paddingBottomSM media-object-block light\" style=\"\"><div class=\"container\">\n\t<div class=\"grid\">\n\t\t<div class=\"col-sm-12\">\n\t\t\t<div class=\"inner image-left list-style-disc inner-white-bg\" style=\"background-color: #fff;\">\n\t\t\t\t<div class=\"copy\">\n\t\t\t\t\t    <div class=\"mainCopyWrap\">\n            <h2>Su papel como cuidador: Apoyar a sus seres queridos<\/h2>\n    <div class=\"paragraphWrap\"><p>Como cuidador, dar prioridad a su propio bienestar es esencial para proporcionar los mejores cuidados a los dem\u00e1s. Tomarse descansos, mantener una dieta sana, descansar lo suficiente y buscar apoyo emocional pueden prevenir el agotamiento y minimizar el estr\u00e9s. Relacionarse con grupos de apoyo, establecer l\u00edmites y pedir ayuda cuando sea necesario son formas importantes de cuidar de uno mismo.\u00a0<strong>Recuerda que cuidarte no es ego\u00edsta: es necesario para que t\u00fa y tu ser querido est\u00e9is lo mejor posible.<\/strong><\/p>\n<h4 class=\"wp-block-heading\"><strong>Cuidar a un ser querido anciano<br \/>\n<\/strong><\/h4>\n<p>Cuidar de un ser querido que envejece puede ser un reto que requiere apoyo emocional, f\u00edsico y financiero. Afortunadamente, existe una gran variedad de recursos para ayudarle en este viaje. Haga clic en los enlaces siguientes para empezar y encontrar la ayuda que necesita como cuidador.<\/p>\n<\/div>    <\/div>\n    \t\t\t\t<\/div>\n\t\t\t\t\t\t\t\t<div class=\"images\">\n\t\t\t\t\t\t<img decoding=\"async\" class=\"single\" src=\"https:\/\/www.southcoast.org\/wp-content\/uploads\/2025\/10\/GettyImages-2212374819.jpg\" alt=\"Caring for an Aging Loved One\">\n\t\t\t\t\t\t\t\t\t\t<\/div>\n\t\t\t\t\n\t\t\t<\/div>\n\t\t<\/div>\n\t<\/div>\n<\/div>\n<\/div>\n\n\n<div  class=\"blockSettings  paddingTopSM paddingBottomSM cardsQuickFluid light\" style=\"background-color:#E9F7F4;\"><div class=\"container\">\n        <div class=\"grid\">\n        <div class=\"col-sm-12 maincopy\">\n                <div class=\"introWithCta leftAlign\">\n            <div class=\"mainCopyWrap\">\n            <h2>Enlaces \u00fatiles<\/h2>\n        <\/div>\n        <\/div>\n            <\/div>\n\n\n\n    <\/div>\n                <div class=\"blockSeparator\"><\/div>\n        <div class=\"grid\" role=\"list\">\n                                        <div class=\"col-sm-6 col-lg-3\" role=\"listitem\">\n                        <a href=\"https:\/\/www.nia.nih.gov\/health\/advance-care-planning\/preparing-living-will\" target=\"_self\" class=\"quick-link\" style=\"\">\n                                                        <span lang=\"en\">Preparar un testamento vital<\/span>\n                            <i class=\"fa-solid fa-arrow-up-right\"><\/i>\n                        <\/a>\n                    <\/div>\n                                \n                                                <div class=\"col-sm-6 col-lg-3\" role=\"listitem\">\n                        <a href=\"https:\/\/www.nia.nih.gov\/health\/advance-care-planning\/advance-care-planning-advance-directives-health-care\" target=\"_blank\" class=\"quick-link\" style=\"\">\n                                                        <span lang=\"en\">Directrices anticipadas para la asistencia sanitaria<\/span>\n                            <i class=\"fa-solid fa-arrow-up-right\"><\/i>\n                        <\/a>\n                    <\/div>\n                                \n                                                <div class=\"col-sm-6 col-lg-3\" role=\"listitem\">\n                        <a href=\"https:\/\/www.nia.nih.gov\/health\/caregiving\/getting-started-caregiving\" target=\"_blank\" class=\"quick-link\" style=\"\">\n                                                        <span lang=\"en\">Primeros pasos como cuidador<\/span>\n                            <i class=\"fa-solid fa-arrow-up-right\"><\/i>\n                        <\/a>\n                    <\/div>\n                                \n                                                <div class=\"col-sm-6 col-lg-3\" role=\"listitem\">\n                        <a href=\"https:\/\/www.nia.nih.gov\/health\/alzheimers-caregiving\" target=\"_blank\" class=\"quick-link\" style=\"\">\n                                                        <span lang=\"en\">Cuidar a un enfermo de Alzheimer<\/span>\n                            <i class=\"fa-solid fa-arrow-up-right\"><\/i>\n                        <\/a>\n                    <\/div>\n                                \n                                                <div class=\"col-sm-6 col-lg-3\" role=\"listitem\">\n                        <a href=\"https:\/\/www.nia.nih.gov\/health\/caregiving\/services-older-adults-living-home\" target=\"_blank\" class=\"quick-link\" style=\"\">\n                                                        <span lang=\"en\">Servicios para personas mayores que viven de forma independiente<\/span>\n                            <i class=\"fa-solid fa-arrow-up-right\"><\/i>\n                        <\/a>\n                    <\/div>\n                                \n                                                <div class=\"col-sm-6 col-lg-3\" role=\"listitem\">\n                        <a href=\"https:\/\/www.nia.nih.gov\/health\/long-term-care\/what-long-term-care\" target=\"_self\" class=\"quick-link\" style=\"\">\n                                                        <span lang=\"en\">Cuidados de larga duraci\u00f3n<\/span>\n                            <i class=\"fa-solid fa-arrow-up-right\"><\/i>\n                        <\/a>\n                    <\/div>\n                                \n                                                <div class=\"col-sm-6 col-lg-3\" role=\"listitem\">\n                        <a href=\"https:\/\/www.nia.nih.gov\/health\/caregiving\/caregiver-worksheets\" target=\"_self\" class=\"quick-link\" style=\"\">\n                                                        <span lang=\"en\">Hojas de trabajo para cuidadores<\/span>\n                            <i class=\"fa-solid fa-arrow-up-right\"><\/i>\n                        <\/a>\n                    <\/div>\n                                \n                                                <div class=\"col-sm-6 col-lg-3\" role=\"listitem\">\n                        <a href=\"https:\/\/www.nia.nih.gov\/health\/caregiving\/frequently-asked-questions-about-caregiving\" target=\"_self\" class=\"quick-link\" style=\"\">\n                                                        <span lang=\"en\">Preguntas frecuentes sobre cuidadores<\/span>\n                            <i class=\"fa-solid fa-arrow-up-right\"><\/i>\n                        <\/a>\n                    <\/div>\n                                \n                                                <div class=\"col-sm-6 col-lg-3\" role=\"listitem\">\n                        <a href=\"https:\/\/www.nia.nih.gov\/health\/long-term-care\/paying-long-term-care\" target=\"_blank\" class=\"quick-link\" style=\"\">\n                                                        <span lang=\"en\">Pagar los cuidados de larga duraci\u00f3n<\/span>\n                            <i class=\"fa-solid fa-arrow-up-right\"><\/i>\n                        <\/a>\n                    <\/div>\n                                \n                                        <\/div>\n<\/div>\n<\/div>","protected":false},"excerpt":{"rendered":"","protected":false},"author":27,"featured_media":0,"parent":15989,"menu_order":0,"comment_status":"closed","ping_status":"closed","template":"","meta":{"_acf_changed":false,"footnotes":""},"class_list":["post-279685","page","type-page","status-publish","hentry"],"acf":[],"yoast_head":"<!-- This site is optimized with the Yoast SEO plugin v26.0 - https:\/\/yoast.com\/wordpress\/plugins\/seo\/ -->\n<title>Caregiver Resources - Southcoast Health<\/title>\n<meta name=\"robots\" content=\"index, follow, max-snippet:-1, max-image-preview:large, max-video-preview:-1\" \/>\n<link rel=\"canonical\" href=\"https:\/\/www.southcoast.org\/es\/patient-information\/caregiver-resources\/\" \/>\n<meta property=\"og:locale\" content=\"es_MX\" \/>\n<meta property=\"og:type\" content=\"article\" \/>\n<meta property=\"og:title\" content=\"Caregiver Resources - Southcoast Health\" \/>\n<meta property=\"og:url\" content=\"https:\/\/www.southcoast.org\/es\/patient-information\/caregiver-resources\/\" \/>\n<meta property=\"og:site_name\" content=\"Southcoast Health\" \/>\n<meta property=\"article:modified_time\" content=\"2025-12-30T18:48:48+00:00\" \/>\n<meta name=\"twitter:card\" content=\"summary_large_image\" \/>\n<script type=\"application\/ld+json\" class=\"yoast-schema-graph\">{\"@context\":\"https:\/\/schema.org\",\"@graph\":[{\"@type\":\"WebPage\",\"@id\":\"https:\/\/www.southcoast.org\/patient-information\/caregiver-resources\/\",\"url\":\"https:\/\/www.southcoast.org\/patient-information\/caregiver-resources\/\",\"name\":\"Caregiver Resources - Southcoast Health\",\"isPartOf\":{\"@id\":\"https:\/\/www.southcoast.org\/#website\"},\"datePublished\":\"2025-10-07T17:46:04+00:00\",\"dateModified\":\"2025-12-30T18:48:48+00:00\",\"breadcrumb\":{\"@id\":\"https:\/\/www.southcoast.org\/patient-information\/caregiver-resources\/#breadcrumb\"},\"inLanguage\":\"es-MX\",\"potentialAction\":[{\"@type\":\"ReadAction\",\"target\":[\"https:\/\/www.southcoast.org\/patient-information\/caregiver-resources\/\"]}]},{\"@type\":\"BreadcrumbList\",\"@id\":\"https:\/\/www.southcoast.org\/patient-information\/caregiver-resources\/#breadcrumb\",\"itemListElement\":[{\"@type\":\"ListItem\",\"position\":1,\"name\":\"\",\"item\":\"https:\/\/www.southcoast.org\/\"},{\"@type\":\"ListItem\",\"position\":2,\"name\":\"Patient Information\",\"item\":\"https:\/\/www.southcoast.org\/patient-information\/\"},{\"@type\":\"ListItem\",\"position\":3,\"name\":\"Caregiver Resources\"}]},{\"@type\":\"WebSite\",\"@id\":\"https:\/\/www.southcoast.org\/#website\",\"url\":\"https:\/\/www.southcoast.org\/\",\"name\":\"Southcoast Health\",\"description\":\"More than medicine.\",\"potentialAction\":[{\"@type\":\"SearchAction\",\"target\":{\"@type\":\"EntryPoint\",\"urlTemplate\":\"https:\/\/www.southcoast.org\/?s={search_term_string}\"},\"query-input\":{\"@type\":\"PropertyValueSpecification\",\"valueRequired\":true,\"valueName\":\"search_term_string\"}}],\"inLanguage\":\"es-MX\"}]}<\/script>\n<!-- \/ Yoast SEO plugin. -->","yoast_head_json":{"title":"Recursos para cuidadores - Southcoast Health","robots":{"index":"index","follow":"follow","max-snippet":"max-snippet:-1","max-image-preview":"max-image-preview:large","max-video-preview":"max-video-preview:-1"},"canonical":"https:\/\/www.southcoast.org\/es\/patient-information\/caregiver-resources\/","og_locale":"es_MX","og_type":"article","og_title":"Caregiver Resources - Southcoast Health","og_url":"https:\/\/www.southcoast.org\/es\/patient-information\/caregiver-resources\/","og_site_name":"Southcoast Health","article_modified_time":"2025-12-30T18:48:48+00:00","twitter_card":"summary_large_image","schema":{"@context":"https:\/\/schema.org","@graph":[{"@type":"WebPage","@id":"https:\/\/www.southcoast.org\/patient-information\/caregiver-resources\/","url":"https:\/\/www.southcoast.org\/patient-information\/caregiver-resources\/","name":"Recursos para cuidadores - Southcoast Health","isPartOf":{"@id":"https:\/\/www.southcoast.org\/#website"},"datePublished":"2025-10-07T17:46:04+00:00","dateModified":"2025-12-30T18:48:48+00:00","breadcrumb":{"@id":"https:\/\/www.southcoast.org\/patient-information\/caregiver-resources\/#breadcrumb"},"inLanguage":"es-MX","potentialAction":[{"@type":"ReadAction","target":["https:\/\/www.southcoast.org\/patient-information\/caregiver-resources\/"]}]},{"@type":"BreadcrumbList","@id":"https:\/\/www.southcoast.org\/patient-information\/caregiver-resources\/#breadcrumb","itemListElement":[{"@type":"ListItem","position":1,"name":"","item":"https:\/\/www.southcoast.org\/"},{"@type":"ListItem","position":2,"name":"Patient Information","item":"https:\/\/www.southcoast.org\/patient-information\/"},{"@type":"ListItem","position":3,"name":"Caregiver Resources"}]},{"@type":"WebSite","@id":"https:\/\/www.southcoast.org\/#website","url":"https:\/\/www.southcoast.org\/","name":"Southcoast Health","description":"M\u00e1s que medicina.","potentialAction":[{"@type":"SearchAction","target":{"@type":"EntryPoint","urlTemplate":"https:\/\/www.southcoast.org\/?s={search_term_string}"},"query-input":{"@type":"PropertyValueSpecification","valueRequired":true,"valueName":"search_term_string"}}],"inLanguage":"es-MX"}]}},"_links":{"self":[{"href":"https:\/\/www.southcoast.org\/es\/wp-json\/wp\/v2\/pages\/279685","targetHints":{"allow":["GET"]}}],"collection":[{"href":"https:\/\/www.southcoast.org\/es\/wp-json\/wp\/v2\/pages"}],"about":[{"href":"https:\/\/www.southcoast.org\/es\/wp-json\/wp\/v2\/types\/page"}],"author":[{"embeddable":true,"href":"https:\/\/www.southcoast.org\/es\/wp-json\/wp\/v2\/users\/27"}],"replies":[{"embeddable":true,"href":"https:\/\/www.southcoast.org\/es\/wp-json\/wp\/v2\/comments?post=279685"}],"version-history":[{"count":56,"href":"https:\/\/www.southcoast.org\/es\/wp-json\/wp\/v2\/pages\/279685\/revisions"}],"predecessor-version":[{"id":279858,"href":"https:\/\/www.southcoast.org\/es\/wp-json\/wp\/v2\/pages\/279685\/revisions\/279858"}],"up":[{"embeddable":true,"href":"https:\/\/www.southcoast.org\/es\/wp-json\/wp\/v2\/pages\/15989"}],"wp:attachment":[{"href":"https:\/\/www.southcoast.org\/es\/wp-json\/wp\/v2\/media?parent=279685"}],"curies":[{"name":"wp","href":"https:\/\/api.w.org\/{rel}","templated":true}]}}