{"id":278486,"date":"2025-10-02T21:06:34","date_gmt":"2025-10-02T21:06:34","guid":{"rendered":"https:\/\/www.southcoast.org\/?page_id=278486"},"modified":"2026-02-20T17:54:54","modified_gmt":"2026-02-20T22:54:54","slug":"southcoast-health-care-charges","status":"publish","type":"page","link":"https:\/\/www.southcoast.org\/es\/southcoast-health-care-charges\/","title":{"rendered":"Southcoast Health Care Gastos"},"content":{"rendered":"<div  class=\"blockSettings  paddingTopSM paddingBottomSM heroBasicFluid darkTheme\" style=\"background: linear-gradient(110deg, #0A4A3D 2.57%, rgba(5, 116, 99, 0.99) 59.47%, #009984 99.08%);\"><div class=\"container\">\n            <div class=\"grid\">\n            <div class=\"col-sm-12 col-bleed-y\">\n                <div class=\"Center\">\n                    <div class=\"breadcrumbsWrapper desktop-breadcrumbs\"><nav id=\"breadcrumbs\" aria-label=\"Migas de pan\"><ol><li><a href=\"https:\/\/www.southcoast.org\/es\/\"><i class=\"fa-light fa-house\"><\/i><span class=\"visually-hidden\">Inicio<\/span><\/a><\/li><\/ol><\/nav><\/div><div class=\"breadcrumbsWrapper mobile-breadcrumbs\"><p id=\"mobile-breadcrumbs\" class=\"mobile-back-nav\"><span><span><a href=\"#\" onclick=\"return handleBackNavigation();\"><i class=\"fa-solid fa-chevron-left back-arrow\"><\/i> Volver<\/a><\/span><\/span><\/p>\t\t<script>\n\t\t\tfunction handleBackNavigation() {\n\t\t\t\tif (window.history.length > 1) {\n\t\t\t\t\twindow.history.back();\n\t\t\t\t} else {\n\t\t\t\t\twindow.location.href = 'https:\/\/www.southcoast.org\/es';\n\t\t\t\t}\n\t\t\t\treturn false;\n\t\t\t}\n\t\t<\/script>\n<\/div>                <\/div>\n            <\/div>\n        <\/div>\n        <div class=\"grid align-center\">\n        <div class=\"col-sm-10\">\n            <div class=\"Center\">\n\n                    <div class=\"mainCopyWrap\">\n            <h1>Southcoast Health Care Gastos<\/h1>\n        <\/div>\n    \n                \n            <\/div>\n        <\/div>\n    <\/div>\n<\/div>\n    <div class=\"cornerArtWrapper cornerArt-small\">\n        <img decoding=\"async\" class=\"cornerArt\" src=\"https:\/\/www.southcoast.org\/wp-content\/themes\/southcoast_multisite\/images\/corner-art.svg\" alt=\"\">\n    <\/div>\n<\/div>\n\n\n\n\n<div  class=\"blockSettings  paddingTopSM paddingBottomNone copyFullFluid light\" style=\"\">\t<div class=\"container\">\n\t\t<div class=\"grid\">\n            \t\t\t<div class=\"copyFullWrap bg-white\">\n\t\t\t\t<div class=\"col-sm-12\">\n                    <div class=\"maincopy\">\n                        <h2><strong>Comprender los cargos por procedimientos y servicios m\u00e9dicos prestados en Southcoast Health.<\/strong><\/h2>\n<p><strong><em>Southcoast Health se compromete a aumentar la transparencia en torno a los gastos sanitarios para nuestros pacientes.<\/em><\/strong><\/p>\n<p>Cuando tome las riendas de su atenci\u00f3n sanitaria, es importante que conozca los gastos asociados a su plan de tratamiento, as\u00ed como sus planes de cuidados para antes y despu\u00e9s de cualquier intervenci\u00f3n quir\u00fargica.<\/p>\n<h2>\u00bfQu\u00e9 es un sistema de facturaci\u00f3n hospitalaria?<\/h2>\n<p>La lista de cargos de un hospital es una lista exhaustiva de todos los servicios y art\u00edculos facturables prestados por un hospital. La lista de cargos incluye los cargos de cada procedimiento, servicio, suministro, medicamento con receta y prueba diagn\u00f3stica realizada en el hospital. Nuestros hospitales funcionan 24 horas al d\u00eda, siete d\u00edas a la semana, por lo que una lista de cargos puede contener miles de servicios y cargos relacionados.<\/p>\n<p>Los importes de las facturas casi nunca se facturan al paciente ni el hospital los recibe como pago. Estos importes se facturan a una compa\u00f1\u00eda de seguros, Medicare o MassHealth.  Estos pagadores aplican entonces sus condiciones de reembolso o tarifas contratadas a los servicios facturados. Si el paciente debe abonar un copago, un coseguro o una franquicia, la mayor\u00eda de las veces \u00e9stos no se basan en los importes facturados, sino en las condiciones de pago determinadas por la aseguradora o el programa gubernamental.<\/p>\n<p>Con las listas de Cargos por Atenci\u00f3n* que aparecen a continuaci\u00f3n, podr\u00e1 encontrar el cargo de Southcoast Health por un servicio espec\u00edfico. Tambi\u00e9n puede ponerse en contacto con nuestro equipo de atenci\u00f3n al cliente llamando al 508-973-1212 o al 844-500-1212 (llamada gratuita) para preguntar sobre cuestiones de facturaci\u00f3n.<\/p>\n<ul>\n<li><a href=\"https:\/\/www.southcoast.org\/wp-content\/uploads\/2026\/02\/222592333_charlton-memorial-hospital_standardcharges.csv.zip\">Tarifas est\u00e1ndar del Charlton Memorial Hospital<\/a><\/li>\n<li><a href=\"https:\/\/www.southcoast.org\/wp-content\/uploads\/2026\/02\/222592333_st-lukes-hospital_standardcharges.csv.zip\">Hospital St. Luke's Tarifas est\u00e1ndar<\/a><\/li>\n<li><a href=\"https:\/\/www.southcoast.org\/es\/222592333_tobey-hospital_standardcharges\/\">Tarifas est\u00e1ndar del Hospital de Tobey<\/a><\/li>\n<\/ul>\n<p><em>*En la facturaci\u00f3n hospitalaria, la palabra \"cargo\" se utiliza para identificar el precio global que cobra un hospital por sus servicios. La \"tabla de tarifas\" de un hospital proporciona una lista completa de todos los servicios y art\u00edculos facturables prestados por el hospital, y detalla los cargos por cada procedimiento, servicio, suministro, medicamento recetado y prueba diagn\u00f3stica prestados en un centro hospitalario autorizado.<\/em><\/p>\n<p>Su plan de salud tambi\u00e9n puede ayudarle a comprender la cobertura de su seguro, qu\u00e9 gastos se cubrir\u00e1n, cu\u00e1nto se le facturar\u00e1, informaci\u00f3n sobre las franquicias y los gastos de su bolsillo previstos. Consulte nuestro\u00a0<a href=\"https:\/\/www.southcoast.org\/wp-content\/uploads\/2025\/10\/FAQs-Chargemaster.pdf\" target=\"_blank\" rel=\"noopener noreferrer\">Preguntas frecuentes sobre Chargemaster (FAQ)<\/a>.<\/p>\n<p>&nbsp;<\/p>\n                    <\/div>\n\n                    \n                    <div class=\"ctaWrap ctaCenter\">\n                                                                                                        \n                                                                                                                            <\/div>\n\n\t\t\t\t<\/div>\n\t\t\t<\/div>\n            \n\n            \n\n            \t\t<\/div>\n\t<\/div>\n<\/div>\n\n\n<div  class=\"blockSettings  paddingTopNone paddingBottomNone cardsQuickFluid light\" style=\"\"><div class=\"container\">\n            <div class=\"grid\" role=\"list\">\n                                        <div class=\"col-sm-6 col-lg-auto\" role=\"listitem\">\n                        <a href=\"https:\/\/www.southcoast.org\/es\/pay-a-bill\/surprise-billing-rights\/\" target=\"_self\" class=\"quick-link\" style=\"\">\n                                                        <span lang=\"en\">Derechos de facturaci\u00f3n sorpresa<\/span>\n                            <i class=\"fa-solid fa-arrow-up-right\"><\/i>\n                        <\/a>\n                    <\/div>\n                                \n                                        <\/div>\n<\/div>\n<\/div>","protected":false},"excerpt":{"rendered":"","protected":false},"author":11,"featured_media":0,"parent":0,"menu_order":0,"comment_status":"closed","ping_status":"closed","template":"","meta":{"_acf_changed":false,"footnotes":""},"class_list":["post-278486","page","type-page","status-publish","hentry"],"acf":[],"yoast_head":"<!-- This site is optimized with the Yoast SEO plugin v26.0 - https:\/\/yoast.com\/wordpress\/plugins\/seo\/ -->\n<title>Southcoast Health Care Charges - Southcoast Health<\/title>\n<meta name=\"robots\" content=\"index, follow, max-snippet:-1, max-image-preview:large, max-video-preview:-1\" \/>\n<link rel=\"canonical\" href=\"https:\/\/www.southcoast.org\/es\/southcoast-health-care-charges\/\" \/>\n<meta property=\"og:locale\" content=\"es_MX\" \/>\n<meta property=\"og:type\" content=\"article\" \/>\n<meta property=\"og:title\" content=\"Southcoast Health Care Charges - Southcoast Health\" \/>\n<meta property=\"og:url\" content=\"https:\/\/www.southcoast.org\/es\/southcoast-health-care-charges\/\" \/>\n<meta property=\"og:site_name\" content=\"Southcoast Health\" \/>\n<meta property=\"article:modified_time\" content=\"2026-02-20T22:54:54+00:00\" \/>\n<meta name=\"twitter:card\" content=\"summary_large_image\" \/>\n<script type=\"application\/ld+json\" class=\"yoast-schema-graph\">{\"@context\":\"https:\/\/schema.org\",\"@graph\":[{\"@type\":\"WebPage\",\"@id\":\"https:\/\/www.southcoast.org\/southcoast-health-care-charges\/\",\"url\":\"https:\/\/www.southcoast.org\/southcoast-health-care-charges\/\",\"name\":\"Southcoast Health Care Charges - Southcoast Health\",\"isPartOf\":{\"@id\":\"https:\/\/www.southcoast.org\/#website\"},\"datePublished\":\"2025-10-02T21:06:34+00:00\",\"dateModified\":\"2026-02-20T22:54:54+00:00\",\"breadcrumb\":{\"@id\":\"https:\/\/www.southcoast.org\/southcoast-health-care-charges\/#breadcrumb\"},\"inLanguage\":\"es-MX\",\"potentialAction\":[{\"@type\":\"ReadAction\",\"target\":[\"https:\/\/www.southcoast.org\/southcoast-health-care-charges\/\"]}]},{\"@type\":\"BreadcrumbList\",\"@id\":\"https:\/\/www.southcoast.org\/southcoast-health-care-charges\/#breadcrumb\",\"itemListElement\":[{\"@type\":\"ListItem\",\"position\":1,\"name\":\"\",\"item\":\"https:\/\/www.southcoast.org\/\"},{\"@type\":\"ListItem\",\"position\":2,\"name\":\"Southcoast Health Care Charges\"}]},{\"@type\":\"WebSite\",\"@id\":\"https:\/\/www.southcoast.org\/#website\",\"url\":\"https:\/\/www.southcoast.org\/\",\"name\":\"Southcoast Health\",\"description\":\"More than medicine.\",\"potentialAction\":[{\"@type\":\"SearchAction\",\"target\":{\"@type\":\"EntryPoint\",\"urlTemplate\":\"https:\/\/www.southcoast.org\/?s={search_term_string}\"},\"query-input\":{\"@type\":\"PropertyValueSpecification\",\"valueRequired\":true,\"valueName\":\"search_term_string\"}}],\"inLanguage\":\"es-MX\"}]}<\/script>\n<!-- \/ Yoast SEO plugin. -->","yoast_head_json":{"title":"Southcoast Health Care Charges - Southcoast Health","robots":{"index":"index","follow":"follow","max-snippet":"max-snippet:-1","max-image-preview":"max-image-preview:large","max-video-preview":"max-video-preview:-1"},"canonical":"https:\/\/www.southcoast.org\/es\/southcoast-health-care-charges\/","og_locale":"es_MX","og_type":"article","og_title":"Southcoast Health Care Charges - Southcoast Health","og_url":"https:\/\/www.southcoast.org\/es\/southcoast-health-care-charges\/","og_site_name":"Southcoast Health","article_modified_time":"2026-02-20T22:54:54+00:00","twitter_card":"summary_large_image","schema":{"@context":"https:\/\/schema.org","@graph":[{"@type":"WebPage","@id":"https:\/\/www.southcoast.org\/southcoast-health-care-charges\/","url":"https:\/\/www.southcoast.org\/southcoast-health-care-charges\/","name":"Southcoast Health Care Charges - Southcoast Health","isPartOf":{"@id":"https:\/\/www.southcoast.org\/#website"},"datePublished":"2025-10-02T21:06:34+00:00","dateModified":"2026-02-20T22:54:54+00:00","breadcrumb":{"@id":"https:\/\/www.southcoast.org\/southcoast-health-care-charges\/#breadcrumb"},"inLanguage":"es-MX","potentialAction":[{"@type":"ReadAction","target":["https:\/\/www.southcoast.org\/southcoast-health-care-charges\/"]}]},{"@type":"BreadcrumbList","@id":"https:\/\/www.southcoast.org\/southcoast-health-care-charges\/#breadcrumb","itemListElement":[{"@type":"ListItem","position":1,"name":"","item":"https:\/\/www.southcoast.org\/"},{"@type":"ListItem","position":2,"name":"Southcoast Health Care Charges"}]},{"@type":"WebSite","@id":"https:\/\/www.southcoast.org\/#website","url":"https:\/\/www.southcoast.org\/","name":"Southcoast Health","description":"M\u00e1s que medicina.","potentialAction":[{"@type":"SearchAction","target":{"@type":"EntryPoint","urlTemplate":"https:\/\/www.southcoast.org\/?s={search_term_string}"},"query-input":{"@type":"PropertyValueSpecification","valueRequired":true,"valueName":"search_term_string"}}],"inLanguage":"es-MX"}]}},"_links":{"self":[{"href":"https:\/\/www.southcoast.org\/es\/wp-json\/wp\/v2\/pages\/278486","targetHints":{"allow":["GET"]}}],"collection":[{"href":"https:\/\/www.southcoast.org\/es\/wp-json\/wp\/v2\/pages"}],"about":[{"href":"https:\/\/www.southcoast.org\/es\/wp-json\/wp\/v2\/types\/page"}],"author":[{"embeddable":true,"href":"https:\/\/www.southcoast.org\/es\/wp-json\/wp\/v2\/users\/11"}],"replies":[{"embeddable":true,"href":"https:\/\/www.southcoast.org\/es\/wp-json\/wp\/v2\/comments?post=278486"}],"version-history":[{"count":14,"href":"https:\/\/www.southcoast.org\/es\/wp-json\/wp\/v2\/pages\/278486\/revisions"}],"predecessor-version":[{"id":287330,"href":"https:\/\/www.southcoast.org\/es\/wp-json\/wp\/v2\/pages\/278486\/revisions\/287330"}],"wp:attachment":[{"href":"https:\/\/www.southcoast.org\/es\/wp-json\/wp\/v2\/media?parent=278486"}],"curies":[{"name":"wp","href":"https:\/\/api.w.org\/{rel}","templated":true}]}}