{"id":276795,"date":"2025-09-29T16:23:55","date_gmt":"2025-09-29T16:23:55","guid":{"rendered":"https:\/\/live-southcoast-health-multi.southcoast-health.org\/?page_id=276795"},"modified":"2025-10-31T17:38:35","modified_gmt":"2025-10-31T17:38:35","slug":"breast-cancer-awareness-month","status":"publish","type":"page","link":"https:\/\/www.southcoast.org\/es\/breast-cancer-awareness-month\/","title":{"rendered":"Mes de sensibilizaci\u00f3n sobre el c\u00e1ncer de mama"},"content":{"rendered":"<div  class=\"blockSettings    hero-main-block\" style=\"\"><div class=\"background\"><\/div>\n<div class=\"container\">\n\n        <div class=\"grid\">\n        <div class=\"col-bleed-y\">\n            <div class=\"inner-wrap\">\n                <div class=\"content-col\">\n                                            <h1>Mes de sensibilizaci\u00f3n sobre el c\u00e1ncer de mama<\/h1>\n                                        <div class=\"copy-wrap\">\n                                                    <p>1 de cada 8 mujeres en EE.UU. desarrollar\u00e1 c\u00e1ncer de mama a lo largo de su vida. Una simple mamograf\u00eda es su mejor defensa en la lucha contra el c\u00e1ncer de mama, ya que permite una detecci\u00f3n precoz cuando el tratamiento es m\u00e1s eficaz.<\/p>\n                                            <\/div>\n                                            <div class=\"cta-wrap\">\n                                                            <a aria-label=\"Enlace al Programa de C\u00e1ncer de Mama de Southcoast Health\" class=\"mainCTA shadow dark1\" href=\"https:\/\/cancer.southcoast.org\/breast-cancer\/\" target=\"_blank\" title=\"Abre el Programa de C\u00e1ncer de Mama de Southcoast Health en una nueva pesta\u00f1a o ventana\" rel=\"noopener noreferrer\">Programa de c\u00e1ncer de mama de Southcoast Health<span class=\"fa-regular fa-up-right-from-square\"><\/span><\/a>                                                                                <\/div>\n                                    <\/div>\n                <div class=\"media-col\">\n                                            <img\n                            class=\"main-img\"\n                            src=\"https:\/\/www.southcoast.org\/wp-content\/uploads\/2025\/09\/Breast-Cancer-Banner.png\"\n                                                        srcset=\"\"\n                            sizes=\"(max-width: 768px) 100vw, (max-width: 1200px) 50vw, 800px\"\n                                                        alt=\"\"\n                            loading=\"eager\"\n                            decoding=\"async\"\n                            fetchpriority=\"high\">\n                                                            <img decoding=\"async\" class=\"corner-art\" src=\"https:\/\/www.southcoast.org\/wp-content\/themes\/southcoast_multisite\/images\/corner-art.svg\">\n                <\/div>\n            <\/div>\n        <\/div>\n    <\/div>\n<\/div>\n\n<script>\n    document.querySelectorAll('.play-button').forEach(button => {\n        button.addEventListener('click', function() {\n            const modal = this.nextElementSibling;\n            modal.style.display = 'block';\n            document.body.style.overflow = 'hidden';\n        });\n    });\n\n    document.querySelectorAll('.close-modal, .modal-overlay').forEach(element => {\n        element.addEventListener('click', function() {\n            const modal = this.closest('.video-modal');\n            modal.style.display = 'none';\n            document.body.style.overflow = '';\n        });\n    });\n<\/script>\n<\/div>\n\n\n<div  class=\"blockSettings  paddingTopSM paddingBottomSM media-object-video-block light\" style=\"\"><div class=\"container\">\n    <div class=\"grid\">\n        <div class=\"col-sm-12\">\n            <div class=\"inner video-right list-style-disc inner-white-bg\">\n                <div class=\"copy\">\n                                                                <h2>M\u00e1s atenci\u00f3n. M\u00e1s respuestas.<\/h2>\n                                                                <p>Salud en la Costa Sur\u00a0<a href=\"https:\/\/cancer.southcoast.org\/breast-cancer\/\">Cuidado de los senos<\/a>\u00a0ha redefinido el cuidado de la mama, ofreciendo a las pacientes opciones de cribado privadas y c\u00f3modas, informaci\u00f3n puntual y un equipo de especialistas que anteponen las necesidades f\u00edsicas y emocionales de nuestras pacientes.<\/p>\n                    \n                    <div class=\"cta-wrap\">\n\n                                                                                                        \n                                                                                                                            <\/div>\n\n                <\/div>\n                <div class=\"video-container\">\n                                            <div class=\"video-wrapper\">\n                                                                                                <a href=\"https:\/\/www.youtube.com\/watch?v=DI_NkcquAlU\" class=\"popup-youtube video-placeholder\">\n                                        <img decoding=\"async\" src=\"https:\/\/www.southcoast.org\/wp-content\/uploads\/2025\/09\/Southcoast-Health-Breast-Care-Program-Video-Thumbnail.png\" alt=\"\">\n                                        <div class=\"play-button\">\n                                            <i class=\"fa fa-play-circle\"><\/i>\n                                        <\/div>\n                                    <\/a>\n                                                            \n                                                    <\/div>\n                                    <\/div>\n            <\/div>\n        <\/div>\n    <\/div>\n<\/div>\n<\/div>\n\n\n<div  class=\"blockSettings  paddingTopSM paddingBottomSM cardIconsFluid cardIconsImageFluid darkTheme\" style=\"background: linear-gradient(110deg, #0A4A3D 2.57%, rgba(5, 116, 99, 0.99) 59.47%, #009984 99.08%);\">\t<div class=\"container\">\n\t\t\t\t\t<div class=\"grid\">\n\t\t\t\t<div class=\"col-sm-12\">\n\t\t\t\t\t<div class=\"introCenter\">\n\t\t\t\t\t\t<div class=\"maincopy intro\">\n\t\t\t\t\t\t\t<h2>Recordatorios importantes<\/h2>\n\t\t\t\t\t\t\t\t\t\t\t\t\t<\/div>\n\t\t\t\t\t\t\t\t\t\t\t\t\t\t\t\t\t\t\t\t\t\t\t\t\t\t                                                                                                        \t\t\t\t\t<\/div>\n\t\t\t\t<\/div>\n\t\t\t<\/div>\n\t\t\n\t\t\t\t\t<!--Manual Cards-->\n\t\t\t<div class=\"grid smallGrid\">\n\t\t\t\t\t\t\t\t\t\t\t<div class=\"col-sm-6 col-md-6 col-grid\">\n\t\t\t\t\t\t\t\t<div class=\"cardBasic  Center Vertical\">\n\t\t\t\t\t\t\t\t\t<span class='icon image-icon'><img loading=\"lazy\" decoding=\"async\" width=\"1251\" height=\"1251\" src=\"https:\/\/www.southcoast.org\/wp-content\/uploads\/2025\/09\/Mammogram-Icon.png\" class=\"attachment-full size-full\" alt=\"\" srcset=\"https:\/\/www.southcoast.org\/wp-content\/uploads\/2025\/09\/Mammogram-Icon.png 1251w, https:\/\/www.southcoast.org\/wp-content\/uploads\/2025\/09\/Mammogram-Icon-300x300.png 300w, https:\/\/www.southcoast.org\/wp-content\/uploads\/2025\/09\/Mammogram-Icon-1024x1024.png 1024w, https:\/\/www.southcoast.org\/wp-content\/uploads\/2025\/09\/Mammogram-Icon-150x150.png 150w, https:\/\/www.southcoast.org\/wp-content\/uploads\/2025\/09\/Mammogram-Icon-768x768.png 768w, https:\/\/www.southcoast.org\/wp-content\/uploads\/2025\/09\/Mammogram-Icon-12x12.png 12w\" sizes=\"auto, (max-width: 1251px) 100vw, 1251px\" \/><\/span>\t\t\t\t\t\t\t\t\t\t\t\t\t\t\t\t\t\t\n\t\t\t\t\t\t\t\t\t<div class=\"cardBasicBody\">\n\t\t\t\t\t\t\t\t\t\t<div class=\"cardBasicBodyTitle\" role=\"title\">Directrices sobre mamograf\u00edas<\/div>\n\t\t\t\t\t\t\t\t\t\t\t\t\t\t\t\t\t\t\t\t<div class=\"excerpt\">\n\t\t\t\t\t\t\t\t\t\t\t<p><strong>Las mamograf\u00edas a partir de los 40 a\u00f1os son una parte rutinaria del cuidado de los senos en Southcoast Health.<\/strong>\u00a0- En mayo de 2023, el Grupo de Trabajo de Prevenci\u00f3n de EE.UU. (USPSTF) sum\u00f3 su voz a la de la mayor\u00eda de asociaciones m\u00e9dicas nacionales al publicar un borrador de directrices que rebaja de 50 a 40 a\u00f1os la edad recomendada para empezar a hacerse mamograf\u00edas. Se uni\u00f3 as\u00ed a la\u00a0<a href=\"https:\/\/www.cancer.org\/\">Sociedad Americana contra el C\u00e1ncer<\/a>,\u00a0<a href=\"https:\/\/www.breastsurgeons.org\/\">Sociedad Americana de Cirujanos de la Mama<\/a>,\u00a0<a href=\"https:\/\/www.acog.org\/\">Colegio Americano de Obstetras y Ginec\u00f3logos<\/a>,\u00a0<a href=\"https:\/\/www.acr.org\/\">Colegio Americano de Radiolog\u00eda<\/a>y\u00a0<a href=\"https:\/\/www.sbi-online.org\/\">Sociedad de Imagen Mamaria<\/a>que siguen directrices similares.<\/p>\n\t\t\t\t\t\t\t\t\t\t<\/div>\n\t\t\t\t\t\t\t\t\t\t\t\t\t\t\t\t\t\t\t\t\t\t\t\t\t\t\t\t\t\t\t<div class=\"cardLinks\">\n\t\t\t\t\t\t\t\t\t\t\t\t\t\t\t\t\t\t\t\t\t\t\t<a aria-label=\"link to Southcoast Health recomienda desde hace tiempo las mamograf\u00edas a los 40 a\u00f1os de las directrices sobre mamograf\u00edas\" title=\"link to Southcoast Health recomienda desde hace tiempo las mamograf\u00edas a los 40 a\u00f1os\" href=\"https:\/\/www.southcoast.org\/es\/annual-mammograms\/\" target=\"_self\" class=\"mainCTA light3\">\n\t\t\t\t\t\t\t\t\t\t\t\t\t<span class=\"icon-cta fa-regular fa-arrow-up-right\" aria-hidden=\"true\"><\/span>\n\t\t\t\t\t\t\t\t\t\t\t\t\tSouthcoast Health recomienda desde hace tiempo las mamograf\u00edas a los 40 a\u00f1os\t\t\t\t\t\t\t\t\t\t\t\t<\/a>\n\t\t\t\t\t\t\t\t\t\t\t\t\t\t\t\t\t\t\t\t\t\t\t\n\t\t\t\t\t\t\t\t\t\t\t\t\t\t\t\t\t\t\t\t\t\t<\/div>\n\t\t\t\t\t\t\t\t\t\t\t\t\t\t\t\t\t\t\t<\/div>\n\t\t\t\t\t\t\t\t<\/div>\n\t\t\t\t\t\t\t<\/div>\n\t\t\t\t\t\t\t\t\t\t\t\t<div class=\"col-sm-6 col-md-6 col-grid\">\n\t\t\t\t\t\t\t\t<div class=\"cardBasic  Center Vertical\">\n\t\t\t\t\t\t\t\t\t<span class='icon image-icon'><img loading=\"lazy\" decoding=\"async\" width=\"1251\" height=\"1251\" src=\"https:\/\/www.southcoast.org\/wp-content\/uploads\/2025\/09\/Breast-Cancer-Icon.png\" class=\"attachment-full size-full\" alt=\"\" srcset=\"https:\/\/www.southcoast.org\/wp-content\/uploads\/2025\/09\/Breast-Cancer-Icon.png 1251w, https:\/\/www.southcoast.org\/wp-content\/uploads\/2025\/09\/Breast-Cancer-Icon-300x300.png 300w, https:\/\/www.southcoast.org\/wp-content\/uploads\/2025\/09\/Breast-Cancer-Icon-1024x1024.png 1024w, https:\/\/www.southcoast.org\/wp-content\/uploads\/2025\/09\/Breast-Cancer-Icon-150x150.png 150w, https:\/\/www.southcoast.org\/wp-content\/uploads\/2025\/09\/Breast-Cancer-Icon-768x768.png 768w, https:\/\/www.southcoast.org\/wp-content\/uploads\/2025\/09\/Breast-Cancer-Icon-12x12.png 12w\" sizes=\"auto, (max-width: 1251px) 100vw, 1251px\" \/><\/span>\t\t\t\t\t\t\t\t\t\t\t\t\t\t\t\t\t\t\n\t\t\t\t\t\t\t\t\t<div class=\"cardBasicBody\">\n\t\t\t\t\t\t\t\t\t\t<div class=\"cardBasicBodyTitle\" role=\"title\">C\u00e1ncer de mama<\/div>\n\t\t\t\t\t\t\t\t\t\t\t\t\t\t\t\t\t\t\t\t<div class=\"excerpt\">\n\t\t\t\t\t\t\t\t\t\t\t<p><strong>\u00bfCu\u00e1les son los s\u00edntomas del c\u00e1ncer de mama?<\/strong>\u00a0- La detecci\u00f3n precoz del c\u00e1ncer de mama es vital para aumentar sus probabilidades de \u00e9xito.<\/p>\n\t\t\t\t\t\t\t\t\t\t<\/div>\n\t\t\t\t\t\t\t\t\t\t\t\t\t\t\t\t\t\t\t\t\t\t\t\t\t\t\t\t\t\t\t<div class=\"cardLinks\">\n\t\t\t\t\t\t\t\t\t\t\t\t\t\t\t\t\t\t\t\t\t\t\t<a aria-label=\"link to C\u00e1ncer de mama S\u00edntomas del c\u00e1ncer de mama\" title=\"enlace a S\u00edntomas del c\u00e1ncer de mama\" href=\"https:\/\/library.southcoast.org\/Search\/34,8530-1\" target=\"_blank\" class=\"mainCTA light3\">\n\t\t\t\t\t\t\t\t\t\t\t\t\t<span class=\"icon-cta fa-regular fa-arrow-up-right\" aria-hidden=\"true\"><\/span>\n\t\t\t\t\t\t\t\t\t\t\t\t\tS\u00edntomas del c\u00e1ncer de mama <span class=\"fa-regular fa-arrow-up-right-from-square readMoreIconTarget\"><\/span>\t\t\t\t\t\t\t\t\t\t\t\t<\/a>\n\t\t\t\t\t\t\t\t\t\t\t\t\t\t\t\t\t\t\t\t\t\t\t\n\t\t\t\t\t\t\t\t\t\t\t\t\t\t\t\t\t\t\t\t\t\t<\/div>\n\t\t\t\t\t\t\t\t\t\t\t\t\t\t\t\t\t\t\t<\/div>\n\t\t\t\t\t\t\t\t<\/div>\n\t\t\t\t\t\t\t<\/div>\n\t\t\t\t\t\t\t\t\t\t\t\t<div class=\"col-sm-6 col-md-6 col-grid\">\n\t\t\t\t\t\t\t\t<div class=\"cardBasic  Center Vertical\">\n\t\t\t\t\t\t\t\t\t<span class='icon image-icon'><img loading=\"lazy\" decoding=\"async\" width=\"1251\" height=\"1251\" src=\"https:\/\/www.southcoast.org\/wp-content\/uploads\/2025\/09\/Breast-Exam-Icon.png\" class=\"attachment-full size-full\" alt=\"\" srcset=\"https:\/\/www.southcoast.org\/wp-content\/uploads\/2025\/09\/Breast-Exam-Icon.png 1251w, https:\/\/www.southcoast.org\/wp-content\/uploads\/2025\/09\/Breast-Exam-Icon-300x300.png 300w, https:\/\/www.southcoast.org\/wp-content\/uploads\/2025\/09\/Breast-Exam-Icon-1024x1024.png 1024w, https:\/\/www.southcoast.org\/wp-content\/uploads\/2025\/09\/Breast-Exam-Icon-150x150.png 150w, https:\/\/www.southcoast.org\/wp-content\/uploads\/2025\/09\/Breast-Exam-Icon-768x768.png 768w, https:\/\/www.southcoast.org\/wp-content\/uploads\/2025\/09\/Breast-Exam-Icon-12x12.png 12w\" sizes=\"auto, (max-width: 1251px) 100vw, 1251px\" \/><\/span>\t\t\t\t\t\t\t\t\t\t\t\t\t\t\t\t\t\t\n\t\t\t\t\t\t\t\t\t<div class=\"cardBasicBody\">\n\t\t\t\t\t\t\t\t\t\t<div class=\"cardBasicBodyTitle\" role=\"title\">Evaluaci\u00f3n de la salud mamaria<\/div>\n\t\t\t\t\t\t\t\t\t\t\t\t\t\t\t\t\t\t\t\t<div class=\"excerpt\">\n\t\t\t\t\t\t\t\t\t\t\t<p><strong>Evaluaci\u00f3n de la salud mamaria<\/strong>\u00a0- Esta breve evaluaci\u00f3n le ayudar\u00e1 a saber si tiene factores de riesgo que puedan aumentar su riesgo de c\u00e1ncer de mama. No es una revisi\u00f3n completa de todos los riesgos de c\u00e1ncer de mama. Para una evaluaci\u00f3n completa de sus riesgos, consulte a su profesional sanitario.<\/p>\n\t\t\t\t\t\t\t\t\t\t<\/div>\n\t\t\t\t\t\t\t\t\t\t\t\t\t\t\t\t\t\t\t\t\t\t\t\t\t\t\t\t\t\t\t<div class=\"cardLinks\">\n\t\t\t\t\t\t\t\t\t\t\t\t\t\t\t\t\t\t\t\t\t\t\t<a aria-label=\"enlace a Breast Health Assessment of Breast Health Assesment\" title=\"enlace a Evaluaci\u00f3n de la salud mamaria\" href=\"https:\/\/library.southcoast.org\/42,BreastCancerRisk\" target=\"_blank\" class=\"mainCTA light3\">\n\t\t\t\t\t\t\t\t\t\t\t\t\t<span class=\"icon-cta fa-regular fa-arrow-up-right\" aria-hidden=\"true\"><\/span>\n\t\t\t\t\t\t\t\t\t\t\t\t\tEvaluaci\u00f3n de la salud mamaria <span class=\"fa-regular fa-arrow-up-right-from-square readMoreIconTarget\"><\/span>\t\t\t\t\t\t\t\t\t\t\t\t<\/a>\n\t\t\t\t\t\t\t\t\t\t\t\t\t\t\t\t\t\t\t\t\t\t\t\n\t\t\t\t\t\t\t\t\t\t\t\t\t\t\t\t\t\t\t\t\t\t<\/div>\n\t\t\t\t\t\t\t\t\t\t\t\t\t\t\t\t\t\t\t<\/div>\n\t\t\t\t\t\t\t\t<\/div>\n\t\t\t\t\t\t\t<\/div>\n\t\t\t\t\t\t\t\t\t\t\t\t<div class=\"col-sm-6 col-md-6 col-grid\">\n\t\t\t\t\t\t\t\t<div class=\"cardBasic  Center Vertical\">\n\t\t\t\t\t\t\t\t\t<span class='icon image-icon'><img loading=\"lazy\" decoding=\"async\" width=\"1251\" height=\"1251\" src=\"https:\/\/www.southcoast.org\/wp-content\/uploads\/2025\/09\/Doctor-and-Patient-Icon.png\" class=\"attachment-full size-full\" alt=\"\" srcset=\"https:\/\/www.southcoast.org\/wp-content\/uploads\/2025\/09\/Doctor-and-Patient-Icon.png 1251w, https:\/\/www.southcoast.org\/wp-content\/uploads\/2025\/09\/Doctor-and-Patient-Icon-300x300.png 300w, https:\/\/www.southcoast.org\/wp-content\/uploads\/2025\/09\/Doctor-and-Patient-Icon-1024x1024.png 1024w, https:\/\/www.southcoast.org\/wp-content\/uploads\/2025\/09\/Doctor-and-Patient-Icon-150x150.png 150w, https:\/\/www.southcoast.org\/wp-content\/uploads\/2025\/09\/Doctor-and-Patient-Icon-768x768.png 768w, https:\/\/www.southcoast.org\/wp-content\/uploads\/2025\/09\/Doctor-and-Patient-Icon-12x12.png 12w\" sizes=\"auto, (max-width: 1251px) 100vw, 1251px\" \/><\/span>\t\t\t\t\t\t\t\t\t\t\t\t\t\t\t\t\t\t\n\t\t\t\t\t\t\t\t\t<div class=\"cardBasicBody\">\n\t\t\t\t\t\t\t\t\t\t<div class=\"cardBasicBodyTitle\" role=\"title\">Programe su mamograf\u00eda anual<\/div>\n\t\t\t\t\t\t\t\t\t\t\t\t\t\t\t\t\t\t\t\t<div class=\"excerpt\">\n\t\t\t\t\t\t\t\t\t\t\t<p><strong>Programe su mamograf\u00eda anual<\/strong>\u00a0- La detecci\u00f3n precoz puede ser una defensa clave en la lucha contra el c\u00e1ncer, permitiendo un tratamiento m\u00e1s temprano y mejores resultados. Southcoast Health est\u00e1 aqu\u00ed para ayudar con la programaci\u00f3n conveniente para estas pruebas de detecci\u00f3n importantes.<\/p>\n\t\t\t\t\t\t\t\t\t\t<\/div>\n\t\t\t\t\t\t\t\t\t\t\t\t\t\t\t\t\t\t\t\t\t\t\t\t\t\t\t\t\t\t\t<div class=\"cardLinks\">\n\t\t\t\t\t\t\t\t\t\t\t\t\t\t\t\t\t\t\t\t\t\t\t<a aria-label=\"enlace a Solicitud para programar una mamograf\u00eda de Programe su mamograf\u00eda anual\" title=\"enlace a Solicitud para programar una mamograf\u00eda\" href=\"https:\/\/www.southcoast.org\/es\/request-to-schedule-a-mammogram\/\" target=\"_self\" class=\"mainCTA light3\">\n\t\t\t\t\t\t\t\t\t\t\t\t\t<span class=\"icon-cta fa-regular fa-arrow-up-right\" aria-hidden=\"true\"><\/span>\n\t\t\t\t\t\t\t\t\t\t\t\t\tSolicitud para programar una mamograf\u00eda\t\t\t\t\t\t\t\t\t\t\t\t<\/a>\n\t\t\t\t\t\t\t\t\t\t\t\t\t\t\t\t\t\t\t\t\t\t\t\n\t\t\t\t\t\t\t\t\t\t\t\t\t\t\t\t\t\t\t\t\t\t<\/div>\n\t\t\t\t\t\t\t\t\t\t\t\t\t\t\t\t\t\t\t<\/div>\n\t\t\t\t\t\t\t\t<\/div>\n\t\t\t\t\t\t\t<\/div>\n\t\t\t\t\t\t\t\t<\/div>\n\t\t\t<\/div>\n<\/div>\n\n\n<div  class=\"blockSettings  paddingTopSM paddingBottomSM cardBlogFluid light\" style=\"\">    <div class=\"container\">\n        <div class=\"grid\">\n            <div class=\"col-md-5\">\n                <div class=\"stickyWrapper\">\n                        <div class=\"mainCopyWrap\">\n            <h2>Historias y tecnolog\u00edas sobre el c\u00e1ncer de mama<\/h2>\n        <\/div>\n                    <\/div>\n            <\/div>\n\n            <div class=\"col-md-7\">\n                <div class=\"grid\">\n\n                    \n                                                                                    <div class=\"col-sm-6 col-grid\">\n                                    <div class=\"cardBasic cardBlog\">\n                                        <div class=\"cardImage\" style=\"background-image:url('');\">\n                                            <div class=\"cardImagePill\"><\/div>\n                                        <\/div>\n                                        <div class=\"cardBasicBody\">\n                                            <p class=\"preHeadline\"><\/p>\n                                            <h2><\/h2>\n                                                                                        <a title=\"enlace a \" href=\"\" target=\"_blank\" class=\"mainCTA light3\"><span class=\"fa-regular fa-arrow-up-right icon-cta\"><\/span> Seguir leyendo<span class=\"fa-regular fa-arrow-up-right-from-square readMoreIconTarget\"><\/span><\/a>\n                                        <\/div>\n                                    <\/div>\n                                <\/div>\n                                                            <div class=\"col-sm-6 col-grid\">\n                                    <div class=\"cardBasic cardBlog\">\n                                        <div class=\"cardImage\" style=\"background-image:url('');\">\n                                            <div class=\"cardImagePill\"><\/div>\n                                        <\/div>\n                                        <div class=\"cardBasicBody\">\n                                            <p class=\"preHeadline\"><\/p>\n                                            <h2><\/h2>\n                                                                                        <a title=\"enlace a \" href=\"\" target=\"_blank\" class=\"mainCTA light3\"><span class=\"fa-regular fa-arrow-up-right icon-cta\"><\/span> Seguir leyendo<span class=\"fa-regular fa-arrow-up-right-from-square readMoreIconTarget\"><\/span><\/a>\n                                        <\/div>\n                                    <\/div>\n                                <\/div>\n                                                            <div class=\"col-sm-6 col-grid\">\n                                    <div class=\"cardBasic cardBlog\">\n                                        <div class=\"cardImage\" style=\"background-image:url('');\">\n                                            <div class=\"cardImagePill\"><\/div>\n                                        <\/div>\n                                        <div class=\"cardBasicBody\">\n                                            <p class=\"preHeadline\"><\/p>\n                                            <h2><\/h2>\n                                                                                        <a title=\"enlace a \" href=\"\" target=\"_blank\" class=\"mainCTA light3\"><span class=\"fa-regular fa-arrow-up-right icon-cta\"><\/span> Seguir leyendo<span class=\"fa-regular fa-arrow-up-right-from-square readMoreIconTarget\"><\/span><\/a>\n                                        <\/div>\n                                    <\/div>\n                                <\/div>\n                                                                                        <\/div>\n            <\/div>\n        <\/div>\n    <\/div>\n<\/div>\n<\/div>","protected":false},"excerpt":{"rendered":"","protected":false},"author":11,"featured_media":0,"parent":0,"menu_order":0,"comment_status":"closed","ping_status":"closed","template":"","meta":{"_acf_changed":false,"footnotes":""},"class_list":["post-276795","page","type-page","status-publish","hentry"],"acf":[],"yoast_head":"<!-- This site is optimized with the Yoast SEO plugin v26.0 - https:\/\/yoast.com\/wordpress\/plugins\/seo\/ -->\n<title>Breast Cancer Awareness Month - Southcoast Health<\/title>\n<meta name=\"robots\" content=\"index, follow, max-snippet:-1, max-image-preview:large, max-video-preview:-1\" \/>\n<link rel=\"canonical\" href=\"https:\/\/www.southcoast.org\/es\/breast-cancer-awareness-month\/\" \/>\n<meta property=\"og:locale\" content=\"es_MX\" \/>\n<meta property=\"og:type\" content=\"article\" \/>\n<meta property=\"og:title\" content=\"Breast Cancer Awareness Month - Southcoast Health\" \/>\n<meta property=\"og:url\" content=\"https:\/\/www.southcoast.org\/es\/breast-cancer-awareness-month\/\" \/>\n<meta property=\"og:site_name\" content=\"Southcoast Health\" \/>\n<meta property=\"article:modified_time\" content=\"2025-10-31T17:38:35+00:00\" \/>\n<meta name=\"twitter:card\" content=\"summary_large_image\" \/>\n<script type=\"application\/ld+json\" class=\"yoast-schema-graph\">{\"@context\":\"https:\/\/schema.org\",\"@graph\":[{\"@type\":\"WebPage\",\"@id\":\"https:\/\/www.southcoast.org\/breast-cancer-awareness-month\/\",\"url\":\"https:\/\/www.southcoast.org\/breast-cancer-awareness-month\/\",\"name\":\"Breast Cancer Awareness Month - Southcoast Health\",\"isPartOf\":{\"@id\":\"https:\/\/www.southcoast.org\/#website\"},\"datePublished\":\"2025-09-29T16:23:55+00:00\",\"dateModified\":\"2025-10-31T17:38:35+00:00\",\"breadcrumb\":{\"@id\":\"https:\/\/www.southcoast.org\/breast-cancer-awareness-month\/#breadcrumb\"},\"inLanguage\":\"es-MX\",\"potentialAction\":[{\"@type\":\"ReadAction\",\"target\":[\"https:\/\/www.southcoast.org\/breast-cancer-awareness-month\/\"]}]},{\"@type\":\"BreadcrumbList\",\"@id\":\"https:\/\/www.southcoast.org\/breast-cancer-awareness-month\/#breadcrumb\",\"itemListElement\":[{\"@type\":\"ListItem\",\"position\":1,\"name\":\"\",\"item\":\"https:\/\/www.southcoast.org\/\"},{\"@type\":\"ListItem\",\"position\":2,\"name\":\"Breast Cancer Awareness Month\"}]},{\"@type\":\"WebSite\",\"@id\":\"https:\/\/www.southcoast.org\/#website\",\"url\":\"https:\/\/www.southcoast.org\/\",\"name\":\"Southcoast Health\",\"description\":\"More than medicine.\",\"potentialAction\":[{\"@type\":\"SearchAction\",\"target\":{\"@type\":\"EntryPoint\",\"urlTemplate\":\"https:\/\/www.southcoast.org\/?s={search_term_string}\"},\"query-input\":{\"@type\":\"PropertyValueSpecification\",\"valueRequired\":true,\"valueName\":\"search_term_string\"}}],\"inLanguage\":\"es-MX\"}]}<\/script>\n<!-- \/ Yoast SEO plugin. -->","yoast_head_json":{"title":"Breast Cancer Awareness Month - Southcoast Health","robots":{"index":"index","follow":"follow","max-snippet":"max-snippet:-1","max-image-preview":"max-image-preview:large","max-video-preview":"max-video-preview:-1"},"canonical":"https:\/\/www.southcoast.org\/es\/breast-cancer-awareness-month\/","og_locale":"es_MX","og_type":"article","og_title":"Breast Cancer Awareness Month - Southcoast Health","og_url":"https:\/\/www.southcoast.org\/es\/breast-cancer-awareness-month\/","og_site_name":"Southcoast Health","article_modified_time":"2025-10-31T17:38:35+00:00","twitter_card":"summary_large_image","schema":{"@context":"https:\/\/schema.org","@graph":[{"@type":"WebPage","@id":"https:\/\/www.southcoast.org\/breast-cancer-awareness-month\/","url":"https:\/\/www.southcoast.org\/breast-cancer-awareness-month\/","name":"Breast Cancer Awareness Month - Southcoast Health","isPartOf":{"@id":"https:\/\/www.southcoast.org\/#website"},"datePublished":"2025-09-29T16:23:55+00:00","dateModified":"2025-10-31T17:38:35+00:00","breadcrumb":{"@id":"https:\/\/www.southcoast.org\/breast-cancer-awareness-month\/#breadcrumb"},"inLanguage":"es-MX","potentialAction":[{"@type":"ReadAction","target":["https:\/\/www.southcoast.org\/breast-cancer-awareness-month\/"]}]},{"@type":"BreadcrumbList","@id":"https:\/\/www.southcoast.org\/breast-cancer-awareness-month\/#breadcrumb","itemListElement":[{"@type":"ListItem","position":1,"name":"","item":"https:\/\/www.southcoast.org\/"},{"@type":"ListItem","position":2,"name":"Breast Cancer Awareness Month"}]},{"@type":"WebSite","@id":"https:\/\/www.southcoast.org\/#website","url":"https:\/\/www.southcoast.org\/","name":"Southcoast Health","description":"M\u00e1s que medicina.","potentialAction":[{"@type":"SearchAction","target":{"@type":"EntryPoint","urlTemplate":"https:\/\/www.southcoast.org\/?s={search_term_string}"},"query-input":{"@type":"PropertyValueSpecification","valueRequired":true,"valueName":"search_term_string"}}],"inLanguage":"es-MX"}]}},"_links":{"self":[{"href":"https:\/\/www.southcoast.org\/es\/wp-json\/wp\/v2\/pages\/276795","targetHints":{"allow":["GET"]}}],"collection":[{"href":"https:\/\/www.southcoast.org\/es\/wp-json\/wp\/v2\/pages"}],"about":[{"href":"https:\/\/www.southcoast.org\/es\/wp-json\/wp\/v2\/types\/page"}],"author":[{"embeddable":true,"href":"https:\/\/www.southcoast.org\/es\/wp-json\/wp\/v2\/users\/11"}],"replies":[{"embeddable":true,"href":"https:\/\/www.southcoast.org\/es\/wp-json\/wp\/v2\/comments?post=276795"}],"version-history":[{"count":15,"href":"https:\/\/www.southcoast.org\/es\/wp-json\/wp\/v2\/pages\/276795\/revisions"}],"predecessor-version":[{"id":281772,"href":"https:\/\/www.southcoast.org\/es\/wp-json\/wp\/v2\/pages\/276795\/revisions\/281772"}],"wp:attachment":[{"href":"https:\/\/www.southcoast.org\/es\/wp-json\/wp\/v2\/media?parent=276795"}],"curies":[{"name":"wp","href":"https:\/\/api.w.org\/{rel}","templated":true}]}}