{"id":276702,"date":"2025-09-28T17:16:02","date_gmt":"2025-09-28T17:16:02","guid":{"rendered":"https:\/\/live-southcoast-health-multi.southcoast-health.org\/?page_id=276702"},"modified":"2025-09-28T17:16:04","modified_gmt":"2025-09-28T17:16:04","slug":"about-david-o-mccready","status":"publish","type":"page","link":"https:\/\/www.southcoast.org\/es\/about-david-o-mccready\/","title":{"rendered":"Acerca de David O. McCready"},"content":{"rendered":"<div  class=\"blockSettings    hero-main-block\" style=\"\"><div class=\"background\"><\/div>\n<div class=\"container\">\n\n        <div class=\"grid\">\n        <div class=\"col-bleed-y\">\n            <div class=\"inner-wrap\">\n                <div class=\"content-col\">\n                                            <h1>David O. McCready<\/h1>\n                                        <div class=\"copy-wrap\">\n                                                    <p>Presidente y Consejero Delegado de Southcoast Health<\/p>\n                                            <\/div>\n                                    <\/div>\n                <div class=\"media-col\">\n                                            <img\n                            class=\"main-img\"\n                            src=\"https:\/\/www.southcoast.org\/wp-content\/uploads\/2025\/09\/David-O.-McCready-Headshot-scaled.jpg\"\n                                                        srcset=\"https:\/\/www.southcoast.org\/wp-content\/uploads\/2025\/09\/David-O.-McCready-Headshot-scaled.jpg 2560w, https:\/\/www.southcoast.org\/wp-content\/uploads\/2025\/09\/David-O.-McCready-Headshot-300x200.jpg 300w, https:\/\/www.southcoast.org\/wp-content\/uploads\/2025\/09\/David-O.-McCready-Headshot-1024x683.jpg 1024w, https:\/\/www.southcoast.org\/wp-content\/uploads\/2025\/09\/David-O.-McCready-Headshot-768x512.jpg 768w, https:\/\/www.southcoast.org\/wp-content\/uploads\/2025\/09\/David-O.-McCready-Headshot-1536x1024.jpg 1536w, https:\/\/www.southcoast.org\/wp-content\/uploads\/2025\/09\/David-O.-McCready-Headshot-2048x1365.jpg 2048w, https:\/\/www.southcoast.org\/wp-content\/uploads\/2025\/09\/David-O.-McCready-Headshot-18x12.jpg 18w\"\n                            sizes=\"(max-width: 768px) 100vw, (max-width: 1200px) 50vw, 800px\"\n                                                        alt=\"\"\n                            loading=\"eager\"\n                            decoding=\"async\"\n                            fetchpriority=\"high\">\n                                                            <img decoding=\"async\" class=\"corner-art\" src=\"https:\/\/www.southcoast.org\/wp-content\/themes\/southcoast_multisite\/images\/corner-art.svg\">\n                <\/div>\n            <\/div>\n        <\/div>\n    <\/div>\n<\/div>\n\n<script>\n    document.querySelectorAll('.play-button').forEach(button => {\n        button.addEventListener('click', function() {\n            const modal = this.nextElementSibling;\n            modal.style.display = 'block';\n            document.body.style.overflow = 'hidden';\n        });\n    });\n\n    document.querySelectorAll('.close-modal, .modal-overlay').forEach(element => {\n        element.addEventListener('click', function() {\n            const modal = this.closest('.video-modal');\n            modal.style.display = 'none';\n            document.body.style.overflow = '';\n        });\n    });\n<\/script>\n<\/div>\n\n\n<div  class=\"blockSettings  paddingTopSM paddingBottomSM copyFullFluid light\" style=\"\">\t<div class=\"container\">\n\t\t<div class=\"grid\">\n            \t\t\t<div class=\"copyFullWrap bg-white\">\n\t\t\t\t<div class=\"col-sm-12\">\n                    <div class=\"maincopy\">\n                        <p>David McCready es Presidente y Director General de Southcoast Health.<\/p>\n<p>Southcoast Health atiende a las comunidades del sureste de Massachusetts y Rhode Island como el mayor proveedor de atenci\u00f3n primaria y especializada de la regi\u00f3n. Este sistema ben\u00e9fico sin \u00e1nimo de lucro cuenta con tres hospitales de agudos -el Charlton Memorial de Fall River, el St. Luke's de New Bedford (un centro de traumatolog\u00eda de nivel II) y el Tobey de Wareham- y una red de m\u00e1s de 900 m\u00e9dicos, hospitalistas y profesionales de nivel intermedio.<\/p>\n<p>David se incorpor\u00f3 a Southcoast en octubre de 2023 procedente del Brigham and Women's Faulkner Hospital, donde ocup\u00f3 el cargo de presidente durante 5 a\u00f1os. Adem\u00e1s, David se desempe\u00f1\u00f3 durante 18 a\u00f1os como miembro del equipo de liderazgo en Brigham and Women's Hospital, incluso como vicepresidente s\u00e9nior de una variedad de departamentos cl\u00ednicos y no cl\u00ednicos que incluyen servicios de hospitalizaci\u00f3n, servicios quir\u00fargicos y de procedimientos, operaciones ambulatorias, im\u00e1genes, bienes ra\u00edces, instalaciones\/ingenier\u00eda y todos los servicios de apoyo. David se desempe\u00f1\u00f3 como instructor en el programa de Maestr\u00eda en Operaciones de Servicios Cl\u00ednicos en la Facultad de Medicina de Harvard de 2019 a 2022.<\/p>\n<p>Con una s\u00f3lida formaci\u00f3n y enfoque en operaciones, estrategia y finanzas, David trabaj\u00f3 como jefe de proyectos financieros para Partners HealthCare System antes de convertirse en administrador ejecutivo y, posteriormente, vicepresidente de administraci\u00f3n y finanzas del Departamento de Medicina del Brigham and Women's Hospital, que cuenta con 1.200 miembros.<\/p>\n<p>Adem\u00e1s de su amplia experiencia hospitalaria, David es actualmente miembro del\u00a0<a href=\"https:\/\/www.mhalink.org\/\">Asociaciones de Salud y Hospitales de Massachusetts (MHA)<\/a>Es miembro del Consejo de Administraci\u00f3n de la American Hospital Association y delegado pol\u00edtico de la regi\u00f3n de Nueva Inglaterra de dicha asociaci\u00f3n. Al principio de su carrera desempe\u00f1\u00f3 funciones directivas en PricewaterhouseCoopers y Highmark Blue Cross Blue Shield. Estudi\u00f3 en la Universidad de Pittsburgh, donde obtuvo una licenciatura, un m\u00e1ster en Administraci\u00f3n de Empresas y un m\u00e1ster en Administraci\u00f3n Sanitaria. Entre 1994 y 1996 fue becario William H. Ford de Administraci\u00f3n Sanitaria.<\/p>\n                    <\/div>\n\n                    \n                    <div class=\"ctaWrap ctaCenter\">\n                                                                                                        \n                                                                                                                            <\/div>\n\n\t\t\t\t<\/div>\n\t\t\t<\/div>\n            \n\n            \n\n            \t\t<\/div>\n\t<\/div>\n<\/div>","protected":false},"excerpt":{"rendered":"","protected":false},"author":11,"featured_media":0,"parent":0,"menu_order":0,"comment_status":"closed","ping_status":"closed","template":"","meta":{"_acf_changed":false,"footnotes":""},"class_list":["post-276702","page","type-page","status-publish","hentry"],"acf":[],"yoast_head":"<!-- This site is optimized with the Yoast SEO plugin v26.0 - https:\/\/yoast.com\/wordpress\/plugins\/seo\/ -->\n<title>About David O. McCready - Southcoast Health<\/title>\n<meta name=\"robots\" content=\"index, follow, max-snippet:-1, max-image-preview:large, max-video-preview:-1\" \/>\n<link rel=\"canonical\" href=\"https:\/\/www.southcoast.org\/es\/about-david-o-mccready\/\" \/>\n<meta property=\"og:locale\" content=\"es_MX\" \/>\n<meta property=\"og:type\" content=\"article\" \/>\n<meta property=\"og:title\" content=\"About David O. McCready - Southcoast Health\" \/>\n<meta property=\"og:url\" content=\"https:\/\/www.southcoast.org\/es\/about-david-o-mccready\/\" \/>\n<meta property=\"og:site_name\" content=\"Southcoast Health\" \/>\n<meta property=\"article:modified_time\" content=\"2025-09-28T17:16:04+00:00\" \/>\n<meta name=\"twitter:card\" content=\"summary_large_image\" \/>\n<script type=\"application\/ld+json\" class=\"yoast-schema-graph\">{\"@context\":\"https:\/\/schema.org\",\"@graph\":[{\"@type\":\"WebPage\",\"@id\":\"https:\/\/www.southcoast.org\/about-david-o-mccready\/\",\"url\":\"https:\/\/www.southcoast.org\/about-david-o-mccready\/\",\"name\":\"About David O. McCready - Southcoast Health\",\"isPartOf\":{\"@id\":\"https:\/\/www.southcoast.org\/#website\"},\"datePublished\":\"2025-09-28T17:16:02+00:00\",\"dateModified\":\"2025-09-28T17:16:04+00:00\",\"breadcrumb\":{\"@id\":\"https:\/\/www.southcoast.org\/about-david-o-mccready\/#breadcrumb\"},\"inLanguage\":\"es-MX\",\"potentialAction\":[{\"@type\":\"ReadAction\",\"target\":[\"https:\/\/www.southcoast.org\/about-david-o-mccready\/\"]}]},{\"@type\":\"BreadcrumbList\",\"@id\":\"https:\/\/www.southcoast.org\/about-david-o-mccready\/#breadcrumb\",\"itemListElement\":[{\"@type\":\"ListItem\",\"position\":1,\"name\":\"\",\"item\":\"https:\/\/www.southcoast.org\/\"},{\"@type\":\"ListItem\",\"position\":2,\"name\":\"About David O. McCready\"}]},{\"@type\":\"WebSite\",\"@id\":\"https:\/\/www.southcoast.org\/#website\",\"url\":\"https:\/\/www.southcoast.org\/\",\"name\":\"Southcoast Health\",\"description\":\"More than medicine.\",\"potentialAction\":[{\"@type\":\"SearchAction\",\"target\":{\"@type\":\"EntryPoint\",\"urlTemplate\":\"https:\/\/www.southcoast.org\/?s={search_term_string}\"},\"query-input\":{\"@type\":\"PropertyValueSpecification\",\"valueRequired\":true,\"valueName\":\"search_term_string\"}}],\"inLanguage\":\"es-MX\"}]}<\/script>\n<!-- \/ Yoast SEO plugin. -->","yoast_head_json":{"title":"About David O. McCready - Southcoast Health","robots":{"index":"index","follow":"follow","max-snippet":"max-snippet:-1","max-image-preview":"max-image-preview:large","max-video-preview":"max-video-preview:-1"},"canonical":"https:\/\/www.southcoast.org\/es\/about-david-o-mccready\/","og_locale":"es_MX","og_type":"article","og_title":"About David O. McCready - Southcoast Health","og_url":"https:\/\/www.southcoast.org\/es\/about-david-o-mccready\/","og_site_name":"Southcoast Health","article_modified_time":"2025-09-28T17:16:04+00:00","twitter_card":"summary_large_image","schema":{"@context":"https:\/\/schema.org","@graph":[{"@type":"WebPage","@id":"https:\/\/www.southcoast.org\/about-david-o-mccready\/","url":"https:\/\/www.southcoast.org\/about-david-o-mccready\/","name":"About David O. McCready - Southcoast Health","isPartOf":{"@id":"https:\/\/www.southcoast.org\/#website"},"datePublished":"2025-09-28T17:16:02+00:00","dateModified":"2025-09-28T17:16:04+00:00","breadcrumb":{"@id":"https:\/\/www.southcoast.org\/about-david-o-mccready\/#breadcrumb"},"inLanguage":"es-MX","potentialAction":[{"@type":"ReadAction","target":["https:\/\/www.southcoast.org\/about-david-o-mccready\/"]}]},{"@type":"BreadcrumbList","@id":"https:\/\/www.southcoast.org\/about-david-o-mccready\/#breadcrumb","itemListElement":[{"@type":"ListItem","position":1,"name":"","item":"https:\/\/www.southcoast.org\/"},{"@type":"ListItem","position":2,"name":"About David O. McCready"}]},{"@type":"WebSite","@id":"https:\/\/www.southcoast.org\/#website","url":"https:\/\/www.southcoast.org\/","name":"Southcoast Health","description":"M\u00e1s que medicina.","potentialAction":[{"@type":"SearchAction","target":{"@type":"EntryPoint","urlTemplate":"https:\/\/www.southcoast.org\/?s={search_term_string}"},"query-input":{"@type":"PropertyValueSpecification","valueRequired":true,"valueName":"search_term_string"}}],"inLanguage":"es-MX"}]}},"_links":{"self":[{"href":"https:\/\/www.southcoast.org\/es\/wp-json\/wp\/v2\/pages\/276702","targetHints":{"allow":["GET"]}}],"collection":[{"href":"https:\/\/www.southcoast.org\/es\/wp-json\/wp\/v2\/pages"}],"about":[{"href":"https:\/\/www.southcoast.org\/es\/wp-json\/wp\/v2\/types\/page"}],"author":[{"embeddable":true,"href":"https:\/\/www.southcoast.org\/es\/wp-json\/wp\/v2\/users\/11"}],"replies":[{"embeddable":true,"href":"https:\/\/www.southcoast.org\/es\/wp-json\/wp\/v2\/comments?post=276702"}],"version-history":[{"count":3,"href":"https:\/\/www.southcoast.org\/es\/wp-json\/wp\/v2\/pages\/276702\/revisions"}],"predecessor-version":[{"id":276706,"href":"https:\/\/www.southcoast.org\/es\/wp-json\/wp\/v2\/pages\/276702\/revisions\/276706"}],"wp:attachment":[{"href":"https:\/\/www.southcoast.org\/es\/wp-json\/wp\/v2\/media?parent=276702"}],"curies":[{"name":"wp","href":"https:\/\/api.w.org\/{rel}","templated":true}]}}