{"id":275062,"date":"2025-09-23T16:11:03","date_gmt":"2025-09-23T16:11:03","guid":{"rendered":"https:\/\/live-southcoast-health-multi.southcoast-health.org\/?page_id=275062"},"modified":"2025-10-08T15:02:53","modified_gmt":"2025-10-08T15:02:53","slug":"pinkout","status":"publish","type":"page","link":"https:\/\/www.southcoast.org\/es\/pinkout\/","title":{"rendered":"Southcoast Health se ti\u00f1e de rosa para concienciar sobre el c\u00e1ncer de mama"},"content":{"rendered":"<div  class=\"blockSettings  paddingTopSM paddingBottomSM multiple-media-object-block light\" style=\"\"><div class=\"container\">\n    <div class=\"grid\">\n        <div class=\"col-sm-12\">\n            <div class=\"inner right disc\">\n                <div class=\"copy\">\n                        <div class=\"mainCopyWrap\">\n            <h2>Southcoast Health se viste de rosa para concienciar sobre el c\u00e1ncer de mama<\/h2>\n    <div class=\"paragraphWrap\"><p><span data-teams=\"true\">Este mes de octubre, Southcoast Health se enorgullece de formar equipo con los institutos y universidades locales para te\u00f1ir el campo de rosa y unir a nuestra comunidad en la lucha contra el c\u00e1ncer de mama. Pero m\u00e1s all\u00e1 de la equipaci\u00f3n rosa y los v\u00edtores, el verdadero prop\u00f3sito es <strong>apoyar a pacientes y familiares aqu\u00ed mismo, en nuestra comunidad.<\/strong><\/span><\/p>\n<p>Todos los beneficios de cada partido Pink Out de Southcoast Health se destinan directamente a ayudar econ\u00f3micamente a los pacientes que reciben tratamiento contra el c\u00e1ncer en Southcoast Health Cancer Care. Su generosidad les ayuda a centrarse en la curaci\u00f3n, mientras que nosotros les ayudamos con el resto.<\/p>\n<p><span data-teams=\"true\"><strong>C\u00f3mo ayuda su apoyo a los pacientes<\/strong><\/span><\/p>\n<ul>\n<li><span data-teams=\"true\">Comestibles y comidas<\/span><\/li>\n<li>Ayuda con las facturas de servicios p\u00fablicos<\/li>\n<li>Transporte fiable<\/li>\n<li>Gastos b\u00e1sicos de subsistencia<\/li>\n<\/ul>\n<\/div>    <\/div>\n        <div class=\"ctaWrap\">\n                    <a aria-label=\"enlace a Donar\" class=\"mainCTA shadow light1\" href=\"https:\/\/host.nxt.blackbaud.com\/donor-form\/?svcid=tcs&#038;formId=4e4b1757-9953-4f6a-9463-18399a57e21d&#038;envid=p-ErWNnLTD3UGBHCAEwe1t7Q&#038;zone=usa\" target=\"_blank\" title=\"Abre Donar en una nueva pesta\u00f1a o ventana\" rel=\"noopener noreferrer\">Donar<span class=\"fa-regular fa-up-right-from-square\"><\/span><\/a>            <\/div>\n    \n                <\/div>\n                <div class=\"images\">\n                                            <img decoding=\"async\" class=\"first\" src=\"https:\/\/www.southcoast.org\/wp-content\/uploads\/2025\/09\/IMG_3339-scaled.jpeg\" alt=\"\">\n                                                                <img decoding=\"async\" class=\"second\" src=\"https:\/\/www.southcoast.org\/wp-content\/uploads\/2025\/09\/IMG_8459-scaled.jpeg\" alt=\"\">\n                                                                <img decoding=\"async\" class=\"third\" src=\"https:\/\/www.southcoast.org\/wp-content\/uploads\/2025\/09\/Middletown-scaled.jpg\" alt=\"\">\n                                    <\/div>\n\n            <\/div>\n        <\/div>\n    <\/div>\n<\/div>\n<\/div>\n\n\n        <div  class=\"blockSettings  paddingTopSM paddingBottomSM mediaFluidCardIcon mediaFluidCardIconVertical light\" style=\"background-color:#E9F7F4;\">        <div class=\"container\">            <div class=\"grid\">\n                <div class=\"col-md-6 contentGridColumn\">\n                                            <div class=\"maincopy intro\">\n                            <h2>C\u00f3mo puede marcar la diferencia<\/h2>\n                        <\/div>\n                    \n                    \n                    \n                                            <div class=\"iconLists\">\n                                                            <div class=\"iconList\">\n                                    <span class=\"icon fa-classic fa-light fa-megaphone\"><\/span>\n                                    <div class=\"iconContent\">\n                                        <p class=\"iconContentTitle\">Asista a un partido Pink Out y anime con determinaci\u00f3n<\/p>\n                                        <p><\/p>\n                                    <\/div>\n                                                                    <\/div>\n                                                            <div class=\"iconList\">\n                                    <span class=\"icon fa-classic fa-light fa-hands-holding-dollar\"><\/span>\n                                    <div class=\"iconContent\">\n                                        <p class=\"iconContentTitle\">Haga un donativo pulsando el bot\u00f3n \"Donar<\/p>\n                                        <p><\/p>\n                                    <\/div>\n                                                                    <\/div>\n                                                            <div class=\"iconList\">\n                                    <span class=\"icon fa-classic fa-light fa-share-nodes\"><\/span>\n                                    <div class=\"iconContent\">\n                                        <p class=\"iconContentTitle\">Corre la voz en las redes sociales con #SouthcoastHealthPinkOut<\/p>\n                                        <p><\/p>\n                                    <\/div>\n                                                                    <\/div>\n                                                    <\/div>\n                    \n                    \n                        <div class=\"ctaWrap\">\n                    <a aria-label=\"enlace a Donar\" class=\"mainCTA shadow light1\" href=\"https:\/\/host.nxt.blackbaud.com\/donor-form\/?svcid=tcs&#038;formId=4e4b1757-9953-4f6a-9463-18399a57e21d&#038;envid=p-ErWNnLTD3UGBHCAEwe1t7Q&#038;zone=usa\" target=\"_blank\" title=\"Abre Donar en una nueva pesta\u00f1a o ventana\" rel=\"noopener noreferrer\">Donar<span class=\"fa-regular fa-up-right-from-square\"><\/span><\/a>            <\/div>\n                    <\/div>\n\n                <div class=\"col-md-6 imageGridColumn imageRight\">\n                    <div class=\"singleImageMedia\" style=\"background-image: url(https:\/\/www.southcoast.org\/wp-content\/uploads\/2025\/09\/IMG_7366-scaled.jpeg);\"><\/div>\n                <\/div>\n\n            <\/div>\n                        <\/div>        <\/div>        \n\n\n<div  class=\"blockSettings  paddingTopSM paddingBottomSM cardEventsFluid light\" style=\"\"><div class=\"container\">\n\t\t\t<div class=\"grid\">\n\t\t\t<div class=\"col-sm-12\">\n\t\t\t\t<div class=\"introCenter\">\n\t\t\t\t\t    <div class=\"mainCopyWrap\">\n            <h2>Calendario de partidos Pink Out 2025<\/h2>\n        <\/div>\n    \t\t\t\t\t\t\t\t\t<\/div>\n\t\t\t<\/div>\n\t\t<\/div>\n\t\t\t\t<div class=\"blockSeparator\"><\/div>\n\t\t<div class=\"grid smallGrid\">\n\t\t\t\t\t\t\t\t<div class=\"col-sm-6 col-md-6 col-grid\">\n\t\t\t\t\t\t    <div class=\"eventCard\">\n        <div class=\"cardBasicBody\">\n            <h3>Bristol-Plymouth RVT High School Varsity Football Pink Out Game<\/h3>\n            \n                        <div class=\"eventDetails\">\n                                    <div class=\"eventDetail\">\n                        <i class=\"sc-icon sc-icon-teal fa-regular fa-calendar\"><\/i>\n                        <p>10\/03\/2025<\/p>\n                    <\/div>\n                                \n                                    <div class=\"eventDetail\">\n                        <i class=\"sc-icon sc-icon-teal fa-regular fa-clock\"><\/i>\n                        <p>18h30<\/p>\n                    <\/div>\n                                \n                                    <div class=\"eventDetail\">\n                        <i class=\"sc-icon sc-icon-teal fa-regular fa-solid fa-location-crosshairs\"><\/i>\n                        <p>Instituto de Taunton <\/p>\n                    <\/div>\n                            <\/div>\n                        \n                        \n                    <\/div>\n    <\/div>\n    \t\t\t\t\t<\/div>\n\t\t\t\t\t\t\t\t\t\t<div class=\"col-sm-6 col-md-6 col-grid\">\n\t\t\t\t\t\t    <div class=\"eventCard\">\n        <div class=\"cardBasicBody\">\n            <h3>Greater New Bedford VT High School Varsity Football Pink Out Game<\/h3>\n            \n                        <div class=\"eventDetails\">\n                                    <div class=\"eventDetail\">\n                        <i class=\"sc-icon sc-icon-teal fa-regular fa-calendar\"><\/i>\n                        <p>10\/03\/2025<\/p>\n                    <\/div>\n                                \n                                    <div class=\"eventDetail\">\n                        <i class=\"sc-icon sc-icon-teal fa-regular fa-clock\"><\/i>\n                        <p>18h30<\/p>\n                    <\/div>\n                                \n                                    <div class=\"eventDetail\">\n                        <i class=\"sc-icon sc-icon-teal fa-regular fa-solid fa-location-crosshairs\"><\/i>\n                        <p>Escuela secundaria Greater New Bedford VT<\/p>\n                    <\/div>\n                            <\/div>\n                        \n                        \n                    <\/div>\n    <\/div>\n    \t\t\t\t\t<\/div>\n\t\t\t\t\t\t\t\t\t\t<div class=\"col-sm-6 col-md-6 col-grid\">\n\t\t\t\t\t\t    <div class=\"eventCard\">\n        <div class=\"cardBasicBody\">\n            <h3>Apponequet Regional High School Varsity Football Pink Out Game<\/h3>\n            \n                        <div class=\"eventDetails\">\n                                    <div class=\"eventDetail\">\n                        <i class=\"sc-icon sc-icon-teal fa-regular fa-calendar\"><\/i>\n                        <p>10\/10\/2025<\/p>\n                    <\/div>\n                                \n                                    <div class=\"eventDetail\">\n                        <i class=\"sc-icon sc-icon-teal fa-regular fa-clock\"><\/i>\n                        <p>18h30<\/p>\n                    <\/div>\n                                \n                                    <div class=\"eventDetail\">\n                        <i class=\"sc-icon sc-icon-teal fa-regular fa-solid fa-location-crosshairs\"><\/i>\n                        <p>Instituto Regional de Apponequet<\/p>\n                    <\/div>\n                            <\/div>\n                        \n                        \n                    <\/div>\n    <\/div>\n    \t\t\t\t\t<\/div>\n\t\t\t\t\t\t\t\t\t\t<div class=\"col-sm-6 col-md-6 col-grid\">\n\t\t\t\t\t\t    <div class=\"eventCard\">\n        <div class=\"cardBasicBody\">\n            <h3>Partido Pink Out de voleibol femenino de la Mass Maritime Academy<\/h3>\n            \n                        <div class=\"eventDetails\">\n                                    <div class=\"eventDetail\">\n                        <i class=\"sc-icon sc-icon-teal fa-regular fa-calendar\"><\/i>\n                        <p>10\/14\/2025<\/p>\n                    <\/div>\n                                \n                                    <div class=\"eventDetail\">\n                        <i class=\"sc-icon sc-icon-teal fa-regular fa-clock\"><\/i>\n                        <p>19h00<\/p>\n                    <\/div>\n                                \n                                    <div class=\"eventDetail\">\n                        <i class=\"sc-icon sc-icon-teal fa-regular fa-solid fa-location-crosshairs\"><\/i>\n                        <p>Academia Mar\u00edtima de Massachusetts<\/p>\n                    <\/div>\n                            <\/div>\n                        \n                        \n                    <\/div>\n    <\/div>\n    \t\t\t\t\t<\/div>\n\t\t\t\t\t\t\t\t\t\t<div class=\"col-sm-6 col-md-6 col-grid\">\n\t\t\t\t\t\t    <div class=\"eventCard\">\n        <div class=\"cardBasicBody\">\n            <h3>ORR Boys Varsity Soccer Pink Out Game<\/h3>\n            \n                        <div class=\"eventDetails\">\n                                    <div class=\"eventDetail\">\n                        <i class=\"sc-icon sc-icon-teal fa-regular fa-calendar\"><\/i>\n                        <p>10\/15\/2025<\/p>\n                    <\/div>\n                                \n                                    <div class=\"eventDetail\">\n                        <i class=\"sc-icon sc-icon-teal fa-regular fa-clock\"><\/i>\n                        <p>18h30<\/p>\n                    <\/div>\n                                \n                                    <div class=\"eventDetail\">\n                        <i class=\"sc-icon sc-icon-teal fa-regular fa-solid fa-location-crosshairs\"><\/i>\n                        <p>Instituto Regional Old Rochester<\/p>\n                    <\/div>\n                            <\/div>\n                        \n                        \n                    <\/div>\n    <\/div>\n    \t\t\t\t\t<\/div>\n\t\t\t\t\t\t\t\t\t\t<div class=\"col-sm-6 col-md-6 col-grid\">\n\t\t\t\t\t\t    <div class=\"eventCard\">\n        <div class=\"cardBasicBody\">\n            <h3>Fairhaven High School Varsity Football Pink Out Game<\/h3>\n            \n                        <div class=\"eventDetails\">\n                                    <div class=\"eventDetail\">\n                        <i class=\"sc-icon sc-icon-teal fa-regular fa-calendar\"><\/i>\n                        <p>10\/17\/2025<\/p>\n                    <\/div>\n                                \n                                    <div class=\"eventDetail\">\n                        <i class=\"sc-icon sc-icon-teal fa-regular fa-clock\"><\/i>\n                        <p>18h30<\/p>\n                    <\/div>\n                                \n                                    <div class=\"eventDetail\">\n                        <i class=\"sc-icon sc-icon-teal fa-regular fa-solid fa-location-crosshairs\"><\/i>\n                        <p>Instituto de Fairhaven<\/p>\n                    <\/div>\n                            <\/div>\n                        \n                        \n                    <\/div>\n    <\/div>\n    \t\t\t\t\t<\/div>\n\t\t\t\t\t\t\t\t\t\t<div class=\"col-sm-6 col-md-6 col-grid\">\n\t\t\t\t\t\t    <div class=\"eventCard\">\n        <div class=\"cardBasicBody\">\n            <h3>Somerset Berkley Region High School Varsity Football Pink Out Game <\/h3>\n            \n                        <div class=\"eventDetails\">\n                                    <div class=\"eventDetail\">\n                        <i class=\"sc-icon sc-icon-teal fa-regular fa-calendar\"><\/i>\n                        <p>10\/17\/2025<\/p>\n                    <\/div>\n                                \n                                    <div class=\"eventDetail\">\n                        <i class=\"sc-icon sc-icon-teal fa-regular fa-clock\"><\/i>\n                        <p>18h30<\/p>\n                    <\/div>\n                                \n                                    <div class=\"eventDetail\">\n                        <i class=\"sc-icon sc-icon-teal fa-regular fa-solid fa-location-crosshairs\"><\/i>\n                        <p>Escuela Secundaria Regional Somerset Berkley <\/p>\n                    <\/div>\n                            <\/div>\n                        \n                        \n                    <\/div>\n    <\/div>\n    \t\t\t\t\t<\/div>\n\t\t\t\t\t\t\t\t\t\t<div class=\"col-sm-6 col-md-6 col-grid\">\n\t\t\t\t\t\t    <div class=\"eventCard\">\n        <div class=\"cardBasicBody\">\n            <h3>New Bedford High School Varsity Football Pink Out Game <\/h3>\n            \n                        <div class=\"eventDetails\">\n                                    <div class=\"eventDetail\">\n                        <i class=\"sc-icon sc-icon-teal fa-regular fa-calendar\"><\/i>\n                        <p>10\/24\/2025<\/p>\n                    <\/div>\n                                \n                                    <div class=\"eventDetail\">\n                        <i class=\"sc-icon sc-icon-teal fa-regular fa-clock\"><\/i>\n                        <p>18h30<\/p>\n                    <\/div>\n                                \n                                    <div class=\"eventDetail\">\n                        <i class=\"sc-icon sc-icon-teal fa-regular fa-solid fa-location-crosshairs\"><\/i>\n                        <p>New Bedford High School <\/p>\n                    <\/div>\n                            <\/div>\n                        \n                        \n                    <\/div>\n    <\/div>\n    \t\t\t\t\t<\/div>\n\t\t\t\t\t\t\t\t\t\t<div class=\"col-sm-6 col-md-6 col-grid\">\n\t\t\t\t\t\t    <div class=\"eventCard\">\n        <div class=\"cardBasicBody\">\n            <h3>Bishop Stang High School Varsity Football Pink Out Game<\/h3>\n            \n                        <div class=\"eventDetails\">\n                                    <div class=\"eventDetail\">\n                        <i class=\"sc-icon sc-icon-teal fa-regular fa-calendar\"><\/i>\n                        <p>10\/30\/2025<\/p>\n                    <\/div>\n                                \n                                    <div class=\"eventDetail\">\n                        <i class=\"sc-icon sc-icon-teal fa-regular fa-clock\"><\/i>\n                        <p>18h30<\/p>\n                    <\/div>\n                                \n                                    <div class=\"eventDetail\">\n                        <i class=\"sc-icon sc-icon-teal fa-regular fa-solid fa-location-crosshairs\"><\/i>\n                        <p>Instituto Bishop Stang<\/p>\n                    <\/div>\n                            <\/div>\n                        \n                        \n                    <\/div>\n    <\/div>\n    \t\t\t\t\t<\/div>\n\t\t\t\t\t\t\t<\/div>\n\t<\/div>\n<\/div>","protected":false},"excerpt":{"rendered":"","protected":false},"author":13,"featured_media":275066,"parent":0,"menu_order":0,"comment_status":"closed","ping_status":"closed","template":"","meta":{"_acf_changed":false,"footnotes":""},"class_list":["post-275062","page","type-page","status-publish","has-post-thumbnail","hentry"],"acf":[],"yoast_head":"<!-- This site is optimized with the Yoast SEO plugin v26.0 - https:\/\/yoast.com\/wordpress\/plugins\/seo\/ -->\n<title>Southcoast Health Pink Out for Breast Cancer Awareness<\/title>\n<meta name=\"description\" content=\"Southcoast Health is proud to team up with local high schools and colleges to turn the field pink and unite our community in the fight against breast cancer.\" \/>\n<meta name=\"robots\" content=\"index, follow, max-snippet:-1, max-image-preview:large, max-video-preview:-1\" \/>\n<link rel=\"canonical\" href=\"https:\/\/www.southcoast.org\/es\/pinkout\/\" \/>\n<meta property=\"og:locale\" content=\"es_MX\" \/>\n<meta property=\"og:type\" content=\"article\" \/>\n<meta property=\"og:title\" content=\"Southcoast Health Pink Out for Breast Cancer Awareness\" \/>\n<meta property=\"og:description\" content=\"Southcoast Health is proud to team up with local high schools and colleges to turn the field pink and unite our community in the fight against breast cancer.\" \/>\n<meta property=\"og:url\" content=\"https:\/\/www.southcoast.org\/es\/pinkout\/\" \/>\n<meta property=\"og:site_name\" content=\"Southcoast Health\" \/>\n<meta property=\"article:modified_time\" content=\"2025-10-08T15:02:53+00:00\" \/>\n<meta property=\"og:image\" content=\"https:\/\/www.southcoast.org\/wp-content\/uploads\/2025\/09\/IMG_3339-scaled.jpeg\" \/>\n\t<meta property=\"og:image:width\" content=\"1920\" \/>\n\t<meta property=\"og:image:height\" content=\"2560\" \/>\n\t<meta property=\"og:image:type\" content=\"image\/jpeg\" \/>\n<meta name=\"twitter:card\" content=\"summary_large_image\" \/>\n<meta name=\"twitter:label1\" content=\"Est. reading time\" \/>\n\t<meta name=\"twitter:data1\" content=\"1 minute\" \/>\n<script type=\"application\/ld+json\" class=\"yoast-schema-graph\">{\"@context\":\"https:\/\/schema.org\",\"@graph\":[{\"@type\":\"WebPage\",\"@id\":\"https:\/\/www.southcoast.org\/pinkout\/\",\"url\":\"https:\/\/www.southcoast.org\/pinkout\/\",\"name\":\"Southcoast Health Pink Out for Breast Cancer Awareness\",\"isPartOf\":{\"@id\":\"https:\/\/www.southcoast.org\/#website\"},\"primaryImageOfPage\":{\"@id\":\"https:\/\/www.southcoast.org\/pinkout\/#primaryimage\"},\"image\":{\"@id\":\"https:\/\/www.southcoast.org\/pinkout\/#primaryimage\"},\"thumbnailUrl\":\"https:\/\/www.southcoast.org\/wp-content\/uploads\/2025\/09\/IMG_3339-scaled.jpeg\",\"datePublished\":\"2025-09-23T16:11:03+00:00\",\"dateModified\":\"2025-10-08T15:02:53+00:00\",\"description\":\"Southcoast Health is proud to team up with local high schools and colleges to turn the field pink and unite our community in the fight against breast cancer.\",\"breadcrumb\":{\"@id\":\"https:\/\/www.southcoast.org\/pinkout\/#breadcrumb\"},\"inLanguage\":\"es-MX\",\"potentialAction\":[{\"@type\":\"ReadAction\",\"target\":[\"https:\/\/www.southcoast.org\/pinkout\/\"]}]},{\"@type\":\"ImageObject\",\"inLanguage\":\"es-MX\",\"@id\":\"https:\/\/www.southcoast.org\/pinkout\/#primaryimage\",\"url\":\"https:\/\/www.southcoast.org\/wp-content\/uploads\/2025\/09\/IMG_3339-scaled.jpeg\",\"contentUrl\":\"https:\/\/www.southcoast.org\/wp-content\/uploads\/2025\/09\/IMG_3339-scaled.jpeg\",\"width\":1920,\"height\":2560},{\"@type\":\"BreadcrumbList\",\"@id\":\"https:\/\/www.southcoast.org\/pinkout\/#breadcrumb\",\"itemListElement\":[{\"@type\":\"ListItem\",\"position\":1,\"name\":\"\",\"item\":\"https:\/\/www.southcoast.org\/\"},{\"@type\":\"ListItem\",\"position\":2,\"name\":\"Southcoast Health Pink Out of Breast Cancer Awareness\"}]},{\"@type\":\"WebSite\",\"@id\":\"https:\/\/www.southcoast.org\/#website\",\"url\":\"https:\/\/www.southcoast.org\/\",\"name\":\"Southcoast Health\",\"description\":\"More than medicine.\",\"potentialAction\":[{\"@type\":\"SearchAction\",\"target\":{\"@type\":\"EntryPoint\",\"urlTemplate\":\"https:\/\/www.southcoast.org\/?s={search_term_string}\"},\"query-input\":{\"@type\":\"PropertyValueSpecification\",\"valueRequired\":true,\"valueName\":\"search_term_string\"}}],\"inLanguage\":\"es-MX\"}]}<\/script>\n<!-- \/ Yoast SEO plugin. -->","yoast_head_json":{"title":"Southcoast Health se viste de rosa para concienciar sobre el c\u00e1ncer de mama","description":"Southcoast Health is proud to team up with local high schools and colleges to turn the field pink and unite our community in the fight against breast cancer.","robots":{"index":"index","follow":"follow","max-snippet":"max-snippet:-1","max-image-preview":"max-image-preview:large","max-video-preview":"max-video-preview:-1"},"canonical":"https:\/\/www.southcoast.org\/es\/pinkout\/","og_locale":"es_MX","og_type":"article","og_title":"Southcoast Health Pink Out for Breast Cancer Awareness","og_description":"Southcoast Health is proud to team up with local high schools and colleges to turn the field pink and unite our community in the fight against breast cancer.","og_url":"https:\/\/www.southcoast.org\/es\/pinkout\/","og_site_name":"Southcoast Health","article_modified_time":"2025-10-08T15:02:53+00:00","og_image":[{"width":1920,"height":2560,"url":"https:\/\/www.southcoast.org\/wp-content\/uploads\/2025\/09\/IMG_3339-scaled.jpeg","type":"image\/jpeg"}],"twitter_card":"summary_large_image","twitter_misc":{"Est. reading time":"1 minute"},"schema":{"@context":"https:\/\/schema.org","@graph":[{"@type":"WebPage","@id":"https:\/\/www.southcoast.org\/pinkout\/","url":"https:\/\/www.southcoast.org\/pinkout\/","name":"Southcoast Health se viste de rosa para concienciar sobre el c\u00e1ncer de mama","isPartOf":{"@id":"https:\/\/www.southcoast.org\/#website"},"primaryImageOfPage":{"@id":"https:\/\/www.southcoast.org\/pinkout\/#primaryimage"},"image":{"@id":"https:\/\/www.southcoast.org\/pinkout\/#primaryimage"},"thumbnailUrl":"https:\/\/www.southcoast.org\/wp-content\/uploads\/2025\/09\/IMG_3339-scaled.jpeg","datePublished":"2025-09-23T16:11:03+00:00","dateModified":"2025-10-08T15:02:53+00:00","description":"Southcoast Health is proud to team up with local high schools and colleges to turn the field pink and unite our community in the fight against breast cancer.","breadcrumb":{"@id":"https:\/\/www.southcoast.org\/pinkout\/#breadcrumb"},"inLanguage":"es-MX","potentialAction":[{"@type":"ReadAction","target":["https:\/\/www.southcoast.org\/pinkout\/"]}]},{"@type":"ImageObject","inLanguage":"es-MX","@id":"https:\/\/www.southcoast.org\/pinkout\/#primaryimage","url":"https:\/\/www.southcoast.org\/wp-content\/uploads\/2025\/09\/IMG_3339-scaled.jpeg","contentUrl":"https:\/\/www.southcoast.org\/wp-content\/uploads\/2025\/09\/IMG_3339-scaled.jpeg","width":1920,"height":2560},{"@type":"BreadcrumbList","@id":"https:\/\/www.southcoast.org\/pinkout\/#breadcrumb","itemListElement":[{"@type":"ListItem","position":1,"name":"","item":"https:\/\/www.southcoast.org\/"},{"@type":"ListItem","position":2,"name":"Southcoast Health Pink Out of Breast Cancer Awareness"}]},{"@type":"WebSite","@id":"https:\/\/www.southcoast.org\/#website","url":"https:\/\/www.southcoast.org\/","name":"Southcoast Health","description":"M\u00e1s que medicina.","potentialAction":[{"@type":"SearchAction","target":{"@type":"EntryPoint","urlTemplate":"https:\/\/www.southcoast.org\/?s={search_term_string}"},"query-input":{"@type":"PropertyValueSpecification","valueRequired":true,"valueName":"search_term_string"}}],"inLanguage":"es-MX"}]}},"_links":{"self":[{"href":"https:\/\/www.southcoast.org\/es\/wp-json\/wp\/v2\/pages\/275062","targetHints":{"allow":["GET"]}}],"collection":[{"href":"https:\/\/www.southcoast.org\/es\/wp-json\/wp\/v2\/pages"}],"about":[{"href":"https:\/\/www.southcoast.org\/es\/wp-json\/wp\/v2\/types\/page"}],"author":[{"embeddable":true,"href":"https:\/\/www.southcoast.org\/es\/wp-json\/wp\/v2\/users\/13"}],"replies":[{"embeddable":true,"href":"https:\/\/www.southcoast.org\/es\/wp-json\/wp\/v2\/comments?post=275062"}],"version-history":[{"count":32,"href":"https:\/\/www.southcoast.org\/es\/wp-json\/wp\/v2\/pages\/275062\/revisions"}],"predecessor-version":[{"id":279834,"href":"https:\/\/www.southcoast.org\/es\/wp-json\/wp\/v2\/pages\/275062\/revisions\/279834"}],"wp:featuredmedia":[{"embeddable":true,"href":"https:\/\/www.southcoast.org\/es\/wp-json\/wp\/v2\/media\/275066"}],"wp:attachment":[{"href":"https:\/\/www.southcoast.org\/es\/wp-json\/wp\/v2\/media?parent=275062"}],"curies":[{"name":"wp","href":"https:\/\/api.w.org\/{rel}","templated":true}]}}