{"id":275009,"date":"2025-09-22T17:12:49","date_gmt":"2025-09-22T17:12:49","guid":{"rendered":"https:\/\/live-southcoast-health-multi.southcoast-health.org\/?page_id=275009"},"modified":"2025-09-22T17:12:51","modified_gmt":"2025-09-22T17:12:51","slug":"hospitalists-program-at-southcoast-health","status":"publish","type":"page","link":"https:\/\/www.southcoast.org\/es\/hospitalists-program-at-southcoast-health\/","title":{"rendered":"Programa de hospitalistas en Southcoast Health"},"content":{"rendered":"<div  class=\"blockSettings  paddingTopSM paddingBottomMD heroBasicFluid darkTheme\" style=\"background: linear-gradient(250deg, #0A4A3D 2.57%, rgba(5, 116, 99, 0.99) 59.47%, #009984 99.08%);\"><div class=\"container\">\n        <div class=\"grid align-center\">\n        <div class=\"col-sm-10\">\n            <div class=\"Center\">\n\n                    <div class=\"mainCopyWrap\">\n            <h1>Programa de hospitalistas en Southcoast Health<\/h1>\n    <div class=\"paragraphWrap\"><p>Los hospitalistas son m\u00e9dicos internistas o de familia titulados que se especializan en atender a pacientes hospitalizados.<\/p><\/div>    <\/div>\n    \n                \n            <\/div>\n        <\/div>\n    <\/div>\n<\/div>\n    <div class=\"cornerArtWrapper cornerArt-small\">\n        <img decoding=\"async\" class=\"cornerArt\" src=\"https:\/\/www.southcoast.org\/wp-content\/themes\/southcoast_multisite\/images\/corner-art.svg\" alt=\"\">\n    <\/div>\n<\/div>\n\n\n\n\n<div  class=\"blockSettings  paddingTopMD paddingBottomMD media-object-block light\" style=\"\"><div class=\"container\">\n\t<div class=\"grid\">\n\t\t<div class=\"col-sm-12\">\n\t\t\t<div class=\"inner image-right list-style-disc inner-bg\" style=\"background-color: #E9F7F4;\">\n\t\t\t\t<div class=\"copy\">\n\t\t\t\t\t    <div class=\"mainCopyWrap\">\n            <h2>Qui\u00e9nes somos<\/h2>\n    <div class=\"paragraphWrap\"><p>El objetivo de un programa de hospitalistas es brindar a los pacientes atenci\u00f3n m\u00e9dica de vanguardia, justo cuando la necesitan. En Southcoast, queremos brindarle la mejor calidad de atenci\u00f3n m\u00e9dica posible, por eso ofrecemos hospitalistas en Fall River, New Bedford y Wareham, MA para ayudarlo a regresar a su hogar de manera segura y eficiente.<\/p>\n<\/div>    <\/div>\n    \t\t\t\t<\/div>\n\t\t\t\t\t\t\t\t<div class=\"images\">\n\t\t\t\t\t\t<img decoding=\"async\" class=\"single\" src=\"https:\/\/www.southcoast.org\/wp-content\/uploads\/2025\/08\/All-3-Hospitals-Header-Image-1.png\" alt=\"\">\n\t\t\t\t\t\t\t\t\t\t<\/div>\n\t\t\t\t\n\t\t\t<\/div>\n\t\t<\/div>\n\t<\/div>\n<\/div>\n<\/div>\n\n\n<div  class=\"blockSettings  paddingTopNone paddingBottomNone media-object-block light\" style=\"\"><div class=\"container\">\n\t<div class=\"grid\">\n\t\t<div class=\"col-sm-12\">\n\t\t\t<div class=\"inner image-left list-style-disc inner-white-bg\" style=\"background-color: #fff;\">\n\t\t\t\t<div class=\"copy\">\n\t\t\t\t\t    <div class=\"mainCopyWrap\">\n            <h2>Disfrute de diversas ventajas con nuestros hospitalistas<\/h2>\n    <div class=\"paragraphWrap\"><p>\u00bfQu\u00e9 ventajas puede experimentar al trabajar con uno de nuestros hospitalistas de la Costa Sur?<\/p>\n<ul>\n<li>Atenci\u00f3n m\u00e9dica in situ, 24 horas al d\u00eda, siete d\u00edas a la semana<\/li>\n<li>Solicitud y seguimiento de todos los resultados de sus pruebas<\/li>\n<li>Prescripci\u00f3n de medicamentos y tratamientos<\/li>\n<li>Consultar con nuestros especialistas en cualquier momento<\/li>\n<li>Estancias hospitalarias m\u00e1s cortas y altas m\u00e1s r\u00e1pidas<\/li>\n<\/ul>\n<\/div>    <\/div>\n    \t\t\t\t<\/div>\n\t\t\t\t\t\t\t\t<div class=\"images\">\n\t\t\t\t\t\t<img decoding=\"async\" class=\"single\" src=\"https:\/\/www.southcoast.org\/wp-content\/uploads\/2025\/09\/Patient-and-Doctor-Stock.jpg\" alt=\"\">\n\t\t\t\t\t\t\t\t\t\t<\/div>\n\t\t\t\t\n\t\t\t<\/div>\n\t\t<\/div>\n\t<\/div>\n<\/div>\n<\/div>\n\n\n<div  class=\"blockSettings  paddingTopNone paddingBottomNone media-object-block light\" style=\"\"><div class=\"container\">\n\t<div class=\"grid\">\n\t\t<div class=\"col-sm-12\">\n\t\t\t<div class=\"inner image-right list-style-disc inner-white-bg\" style=\"background-color: #fff;\">\n\t\t\t\t<div class=\"copy\">\n\t\t\t\t\t    <div class=\"mainCopyWrap\">\n            <h2>Colaboraci\u00f3n con el m\u00e9dico de cabecera para mejorar la atenci\u00f3n sanitaria<\/h2>\n    <div class=\"paragraphWrap\"><p>Con el fin de ofrecerle la mejor experiencia durante su estancia en uno de nuestros hospitales de Fall River, New Bedford o Wareham, nuestros hospitalistas se comprometen a colaborar estrechamente con su m\u00e9dico de atenci\u00f3n primaria. Una vez ingresado en un hospital de Southcoast, enviaremos una notificaci\u00f3n a su m\u00e9dico de atenci\u00f3n primaria y nos mantendremos en contacto con \u00e9l mientras recopilamos su historial m\u00e9dico y realizamos pruebas. Tras el alta, toda la informaci\u00f3n sobre su hospitalizaci\u00f3n estar\u00e1 a disposici\u00f3n de su m\u00e9dico de atenci\u00f3n primaria.<\/p>\n<p>\u00bfEst\u00e1 interesado en obtener m\u00e1s informaci\u00f3n sobre el programa de hospitalistas que ofrecemos en nuestros hospitales de Southcoast? Para obtener m\u00e1s informaci\u00f3n, llame al<\/p>\n<ul>\n<li><a href=\"https:\/\/www.southcoast.org\/es\/locations\/charlton-memorial-hospital\/\">Hospital Charlton Memorial<\/a>: 508-973-7824<\/li>\n<li><a href=\"https:\/\/www.southcoast.org\/es\/locations\/st-lukes-hospital\/\">Hospital St. Luke<\/a>: 508-973-5919<\/li>\n<li><a href=\"https:\/\/www.southcoast.org\/es\/locations\/tobey-hospital\/\">Hospital de Tobey<\/a>: 508-273-4377<\/li>\n<\/ul>\n<\/div>    <\/div>\n    \t\t\t\t<\/div>\n\t\t\t\t\t\t\t\t<div class=\"images\">\n\t\t\t\t\t\t<img decoding=\"async\" class=\"single\" src=\"https:\/\/www.southcoast.org\/wp-content\/uploads\/2025\/09\/Filler-Photo-for-HV-Site.jpg\" alt=\"\">\n\t\t\t\t\t\t\t\t\t\t<\/div>\n\t\t\t\t\n\t\t\t<\/div>\n\t\t<\/div>\n\t<\/div>\n<\/div>\n<\/div>\n\n\n\n<div  class=\"blockSettings  paddingTopSM paddingBottomSM doctor-specialty-block light\" style=\"\"><div class=\"container\">\n    <div class=\"grid\">\n        <div class=\"col-sm-12\">\n            <div class=\"inner\">\n\n                    <div class=\"introWithCta leftAlign\">\n            <div class=\"mainCopyWrap\">\n            <\/div>\n        <\/div>\n    <div id=\"number-of-doctors\"><\/div>\n\n                                    <div class=\"doctor-wrap\">\n                        <div class=\"doctor-slider\" data-specialties='[\"hospitalist\"]'><\/div>\n                    <\/div>\n                            <\/div>\n        <\/div>\n    <\/div>\n<\/div>\n<\/div>","protected":false},"excerpt":{"rendered":"","protected":false},"author":11,"featured_media":0,"parent":0,"menu_order":0,"comment_status":"closed","ping_status":"closed","template":"","meta":{"_acf_changed":false,"footnotes":""},"class_list":["post-275009","page","type-page","status-publish","hentry"],"acf":[],"yoast_head":"<!-- This site is optimized with the Yoast SEO plugin v26.0 - https:\/\/yoast.com\/wordpress\/plugins\/seo\/ -->\n<title>Hospitalists Program at Southcoast Health - Southcoast Health<\/title>\n<meta name=\"robots\" content=\"index, follow, max-snippet:-1, max-image-preview:large, max-video-preview:-1\" \/>\n<link rel=\"canonical\" href=\"https:\/\/www.southcoast.org\/es\/hospitalists-program-at-southcoast-health\/\" \/>\n<meta property=\"og:locale\" content=\"es_MX\" \/>\n<meta property=\"og:type\" content=\"article\" \/>\n<meta property=\"og:title\" content=\"Hospitalists Program at Southcoast Health - Southcoast Health\" \/>\n<meta property=\"og:url\" content=\"https:\/\/www.southcoast.org\/es\/hospitalists-program-at-southcoast-health\/\" \/>\n<meta property=\"og:site_name\" content=\"Southcoast Health\" \/>\n<meta property=\"article:modified_time\" content=\"2025-09-22T17:12:51+00:00\" \/>\n<meta name=\"twitter:card\" content=\"summary_large_image\" \/>\n<script type=\"application\/ld+json\" class=\"yoast-schema-graph\">{\"@context\":\"https:\/\/schema.org\",\"@graph\":[{\"@type\":\"WebPage\",\"@id\":\"https:\/\/www.southcoast.org\/hospitalists-program-at-southcoast-health\/\",\"url\":\"https:\/\/www.southcoast.org\/hospitalists-program-at-southcoast-health\/\",\"name\":\"Hospitalists Program at Southcoast Health - Southcoast Health\",\"isPartOf\":{\"@id\":\"https:\/\/www.southcoast.org\/#website\"},\"datePublished\":\"2025-09-22T17:12:49+00:00\",\"dateModified\":\"2025-09-22T17:12:51+00:00\",\"breadcrumb\":{\"@id\":\"https:\/\/www.southcoast.org\/hospitalists-program-at-southcoast-health\/#breadcrumb\"},\"inLanguage\":\"es-MX\",\"potentialAction\":[{\"@type\":\"ReadAction\",\"target\":[\"https:\/\/www.southcoast.org\/hospitalists-program-at-southcoast-health\/\"]}]},{\"@type\":\"BreadcrumbList\",\"@id\":\"https:\/\/www.southcoast.org\/hospitalists-program-at-southcoast-health\/#breadcrumb\",\"itemListElement\":[{\"@type\":\"ListItem\",\"position\":1,\"name\":\"\",\"item\":\"https:\/\/www.southcoast.org\/\"},{\"@type\":\"ListItem\",\"position\":2,\"name\":\"Hospitalists Program at Southcoast Health\"}]},{\"@type\":\"WebSite\",\"@id\":\"https:\/\/www.southcoast.org\/#website\",\"url\":\"https:\/\/www.southcoast.org\/\",\"name\":\"Southcoast Health\",\"description\":\"More than medicine.\",\"potentialAction\":[{\"@type\":\"SearchAction\",\"target\":{\"@type\":\"EntryPoint\",\"urlTemplate\":\"https:\/\/www.southcoast.org\/?s={search_term_string}\"},\"query-input\":{\"@type\":\"PropertyValueSpecification\",\"valueRequired\":true,\"valueName\":\"search_term_string\"}}],\"inLanguage\":\"es-MX\"}]}<\/script>\n<!-- \/ Yoast SEO plugin. -->","yoast_head_json":{"title":"Hospitalists Program at Southcoast Health - Southcoast Health","robots":{"index":"index","follow":"follow","max-snippet":"max-snippet:-1","max-image-preview":"max-image-preview:large","max-video-preview":"max-video-preview:-1"},"canonical":"https:\/\/www.southcoast.org\/es\/hospitalists-program-at-southcoast-health\/","og_locale":"es_MX","og_type":"article","og_title":"Hospitalists Program at Southcoast Health - Southcoast Health","og_url":"https:\/\/www.southcoast.org\/es\/hospitalists-program-at-southcoast-health\/","og_site_name":"Southcoast Health","article_modified_time":"2025-09-22T17:12:51+00:00","twitter_card":"summary_large_image","schema":{"@context":"https:\/\/schema.org","@graph":[{"@type":"WebPage","@id":"https:\/\/www.southcoast.org\/hospitalists-program-at-southcoast-health\/","url":"https:\/\/www.southcoast.org\/hospitalists-program-at-southcoast-health\/","name":"Hospitalists Program at Southcoast Health - Southcoast Health","isPartOf":{"@id":"https:\/\/www.southcoast.org\/#website"},"datePublished":"2025-09-22T17:12:49+00:00","dateModified":"2025-09-22T17:12:51+00:00","breadcrumb":{"@id":"https:\/\/www.southcoast.org\/hospitalists-program-at-southcoast-health\/#breadcrumb"},"inLanguage":"es-MX","potentialAction":[{"@type":"ReadAction","target":["https:\/\/www.southcoast.org\/hospitalists-program-at-southcoast-health\/"]}]},{"@type":"BreadcrumbList","@id":"https:\/\/www.southcoast.org\/hospitalists-program-at-southcoast-health\/#breadcrumb","itemListElement":[{"@type":"ListItem","position":1,"name":"","item":"https:\/\/www.southcoast.org\/"},{"@type":"ListItem","position":2,"name":"Hospitalists Program at Southcoast Health"}]},{"@type":"WebSite","@id":"https:\/\/www.southcoast.org\/#website","url":"https:\/\/www.southcoast.org\/","name":"Southcoast Health","description":"M\u00e1s que medicina.","potentialAction":[{"@type":"SearchAction","target":{"@type":"EntryPoint","urlTemplate":"https:\/\/www.southcoast.org\/?s={search_term_string}"},"query-input":{"@type":"PropertyValueSpecification","valueRequired":true,"valueName":"search_term_string"}}],"inLanguage":"es-MX"}]}},"_links":{"self":[{"href":"https:\/\/www.southcoast.org\/es\/wp-json\/wp\/v2\/pages\/275009","targetHints":{"allow":["GET"]}}],"collection":[{"href":"https:\/\/www.southcoast.org\/es\/wp-json\/wp\/v2\/pages"}],"about":[{"href":"https:\/\/www.southcoast.org\/es\/wp-json\/wp\/v2\/types\/page"}],"author":[{"embeddable":true,"href":"https:\/\/www.southcoast.org\/es\/wp-json\/wp\/v2\/users\/11"}],"replies":[{"embeddable":true,"href":"https:\/\/www.southcoast.org\/es\/wp-json\/wp\/v2\/comments?post=275009"}],"version-history":[{"count":5,"href":"https:\/\/www.southcoast.org\/es\/wp-json\/wp\/v2\/pages\/275009\/revisions"}],"predecessor-version":[{"id":279474,"href":"https:\/\/www.southcoast.org\/es\/wp-json\/wp\/v2\/pages\/275009\/revisions\/279474"}],"wp:attachment":[{"href":"https:\/\/www.southcoast.org\/es\/wp-json\/wp\/v2\/media?parent=275009"}],"curies":[{"name":"wp","href":"https:\/\/api.w.org\/{rel}","templated":true}]}}