{"id":274878,"date":"2025-09-12T14:46:58","date_gmt":"2025-09-12T14:46:58","guid":{"rendered":"https:\/\/live-southcoast-health-multi.southcoast-health.org\/?page_id=274878"},"modified":"2026-02-26T11:45:02","modified_gmt":"2026-02-26T16:45:02","slug":"bariatric-support-groups","status":"publish","type":"page","link":"https:\/\/www.southcoast.org\/es\/bariatric-support-groups\/","title":{"rendered":"Grupos de apoyo bari\u00e1trico"},"content":{"rendered":"<div class=\"hero-secondary-block\">\n    <div class=\"background\" style=\"background-color: #E9F7F4\"><\/div>\n    <div class=\"container\">\n        <div class=\"grid\">\n            <div class=\"col-bleed-y\">\n                <div class=\"grid intro-text\">\n                    <img decoding=\"async\" class=\"corner-art\" src=\"https:\/\/www.southcoast.org\/wp-content\/themes\/southcoast_multisite\/images\/herobasic-corner-art.png\" alt=\"corner art\">\n                    <div class=\"col-md-9\">\n                                                                                                    <h1>Grupos de apoyo bari\u00e1trico<\/h1>\n                                                                            <div class=\"copy\">\n                                <p>Sabemos que la p\u00e9rdida de peso es a menudo un viaje a largo plazo, por lo que nos comprometemos a acompa\u00f1ar a nuestros pacientes en cada paso del camino.<\/p>\n                            <\/div>\n                                            <\/div>\n                    \n                <\/div>\n                <div class=\"image\">\n                                            <img decoding=\"async\" class=\"hero-img\" src=\"https:\/\/www.southcoast.org\/wp-content\/uploads\/2025\/09\/Justin-Weight-Loss-Patient-scaled.jpg\" alt=\"\">\n                                    <\/div>\n                            <\/div>\n        <\/div>\n    <\/div>\n<\/div>\n\n\n<div  class=\"blockSettings  paddingTopMD paddingBottomSM copyFullFluid fullwidth light\" style=\"\">\t<div class=\"container\">\n\t\t<div class=\"grid\">\n            \t\t\t<div class=\"copyFullWrap\">\n\t\t\t\t<div class=\"col-sm-12\">\n                    <div class=\"maincopy\">\n                        <h2>Apoyo inagotable durante todo el proceso de p\u00e9rdida de peso<\/h2>\n<p>Una de las formas en que ayudamos a los pacientes a alcanzar sus objetivos de p\u00e9rdida de peso es a trav\u00e9s de la educaci\u00f3n preoperatoria y el apoyo postoperatorio continuo. Si est\u00e1 participando en un programa de p\u00e9rdida de peso en Southcoast Health, esperamos proporcionarle un camino hacia el \u00e9xito con un proceso probado en el tiempo, grupos de apoyo y mucho m\u00e1s.<\/p>\n<h2 id=\"h-explore-our-weight-loss-support-groups-in-fall-river-hyannis-wareham-ma\" class=\"wp-block-heading\">Grupos de apoyo<\/h2>\n<ul class=\"wp-block-list\">\n<li>Tratar temas nutricionales, psicosociales y m\u00e9dicos<\/li>\n<li>Gratis para nuestros pacientes<\/li>\n<li>Sesiones presenciales y virtuales de los equipos<\/li>\n<li>Convenientemente situado en Wareham y Fall River<\/li>\n<\/ul>\n                    <\/div>\n\n                    \n                    <div class=\"ctaWrap ctaLeft\">\n                                                                                        <a aria-label=\"link to Grupos de Apoyo Bari\u00e1trico Marzo 2026 - Septiembre 2026\" class=\"mainCTA shadow light1 ctaRight\" href=\"https:\/\/www.southcoast.org\/wp-content\/uploads\/2026\/02\/Bariatric-Support-Group-March-2026-August-2026.pdf\" title=\"Grupos abiertos de apoyo bari\u00e1trico Marzo 2026 - Septiembre 2026\" rel=\"noopener noreferrer\">Grupos de Apoyo Bari\u00e1trico Marzo 2026 - Septiembre 2026<span class=\"fa-regular fa-download\"><\/span><\/a>                                                                                    \n                                                                                                                            <\/div>\n\n\t\t\t\t<\/div>\n\t\t\t<\/div>\n            \n\n            \n\n            \t\t<\/div>\n\t<\/div>\n<\/div>","protected":false},"excerpt":{"rendered":"","protected":false},"author":11,"featured_media":0,"parent":0,"menu_order":0,"comment_status":"closed","ping_status":"closed","template":"","meta":{"_acf_changed":false,"footnotes":""},"class_list":["post-274878","page","type-page","status-publish","hentry"],"acf":[],"yoast_head":"<!-- This site is optimized with the Yoast SEO plugin v26.0 - https:\/\/yoast.com\/wordpress\/plugins\/seo\/ -->\n<title>Bariatric Support Groups - Southcoast Health<\/title>\n<meta name=\"description\" content=\"At Southcoast Health Weight Loss, we are here to help you feel safe and supported throughout your whole process.\" \/>\n<meta name=\"robots\" content=\"index, follow, max-snippet:-1, max-image-preview:large, max-video-preview:-1\" \/>\n<link rel=\"canonical\" href=\"https:\/\/www.southcoast.org\/es\/bariatric-support-groups\/\" \/>\n<meta property=\"og:locale\" content=\"es_MX\" \/>\n<meta property=\"og:type\" content=\"article\" \/>\n<meta property=\"og:title\" content=\"Bariatric Support Groups - Southcoast Health\" \/>\n<meta property=\"og:description\" content=\"At Southcoast Health Weight Loss, we are here to help you feel safe and supported throughout your whole process.\" \/>\n<meta property=\"og:url\" content=\"https:\/\/www.southcoast.org\/es\/bariatric-support-groups\/\" \/>\n<meta property=\"og:site_name\" content=\"Southcoast Health\" \/>\n<meta property=\"article:modified_time\" content=\"2026-02-26T16:45:02+00:00\" \/>\n<meta name=\"twitter:card\" content=\"summary_large_image\" \/>\n<script type=\"application\/ld+json\" class=\"yoast-schema-graph\">{\"@context\":\"https:\/\/schema.org\",\"@graph\":[{\"@type\":\"WebPage\",\"@id\":\"https:\/\/www.southcoast.org\/bariatric-support-groups\/\",\"url\":\"https:\/\/www.southcoast.org\/bariatric-support-groups\/\",\"name\":\"Bariatric Support Groups - Southcoast Health\",\"isPartOf\":{\"@id\":\"https:\/\/www.southcoast.org\/#website\"},\"datePublished\":\"2025-09-12T14:46:58+00:00\",\"dateModified\":\"2026-02-26T16:45:02+00:00\",\"description\":\"At Southcoast Health Weight Loss, we are here to help you feel safe and supported throughout your whole process.\",\"breadcrumb\":{\"@id\":\"https:\/\/www.southcoast.org\/bariatric-support-groups\/#breadcrumb\"},\"inLanguage\":\"es-MX\",\"potentialAction\":[{\"@type\":\"ReadAction\",\"target\":[\"https:\/\/www.southcoast.org\/bariatric-support-groups\/\"]}]},{\"@type\":\"BreadcrumbList\",\"@id\":\"https:\/\/www.southcoast.org\/bariatric-support-groups\/#breadcrumb\",\"itemListElement\":[{\"@type\":\"ListItem\",\"position\":1,\"name\":\"\",\"item\":\"https:\/\/www.southcoast.org\/\"},{\"@type\":\"ListItem\",\"position\":2,\"name\":\"Bariatric Support Groups\"}]},{\"@type\":\"WebSite\",\"@id\":\"https:\/\/www.southcoast.org\/#website\",\"url\":\"https:\/\/www.southcoast.org\/\",\"name\":\"Southcoast Health\",\"description\":\"More than medicine.\",\"potentialAction\":[{\"@type\":\"SearchAction\",\"target\":{\"@type\":\"EntryPoint\",\"urlTemplate\":\"https:\/\/www.southcoast.org\/?s={search_term_string}\"},\"query-input\":{\"@type\":\"PropertyValueSpecification\",\"valueRequired\":true,\"valueName\":\"search_term_string\"}}],\"inLanguage\":\"es-MX\"}]}<\/script>\n<!-- \/ Yoast SEO plugin. -->","yoast_head_json":{"title":"Bariatric Support Groups - Southcoast Health","description":"En Southcoast Health Weight Loss, estamos aqu\u00ed para ayudarle a sentirse seguro y apoyado durante todo el proceso.","robots":{"index":"index","follow":"follow","max-snippet":"max-snippet:-1","max-image-preview":"max-image-preview:large","max-video-preview":"max-video-preview:-1"},"canonical":"https:\/\/www.southcoast.org\/es\/bariatric-support-groups\/","og_locale":"es_MX","og_type":"article","og_title":"Bariatric Support Groups - Southcoast Health","og_description":"At Southcoast Health Weight Loss, we are here to help you feel safe and supported throughout your whole process.","og_url":"https:\/\/www.southcoast.org\/es\/bariatric-support-groups\/","og_site_name":"Southcoast Health","article_modified_time":"2026-02-26T16:45:02+00:00","twitter_card":"summary_large_image","schema":{"@context":"https:\/\/schema.org","@graph":[{"@type":"WebPage","@id":"https:\/\/www.southcoast.org\/bariatric-support-groups\/","url":"https:\/\/www.southcoast.org\/bariatric-support-groups\/","name":"Bariatric Support Groups - Southcoast Health","isPartOf":{"@id":"https:\/\/www.southcoast.org\/#website"},"datePublished":"2025-09-12T14:46:58+00:00","dateModified":"2026-02-26T16:45:02+00:00","description":"En Southcoast Health Weight Loss, estamos aqu\u00ed para ayudarle a sentirse seguro y apoyado durante todo el proceso.","breadcrumb":{"@id":"https:\/\/www.southcoast.org\/bariatric-support-groups\/#breadcrumb"},"inLanguage":"es-MX","potentialAction":[{"@type":"ReadAction","target":["https:\/\/www.southcoast.org\/bariatric-support-groups\/"]}]},{"@type":"BreadcrumbList","@id":"https:\/\/www.southcoast.org\/bariatric-support-groups\/#breadcrumb","itemListElement":[{"@type":"ListItem","position":1,"name":"","item":"https:\/\/www.southcoast.org\/"},{"@type":"ListItem","position":2,"name":"Bariatric Support Groups"}]},{"@type":"WebSite","@id":"https:\/\/www.southcoast.org\/#website","url":"https:\/\/www.southcoast.org\/","name":"Southcoast Health","description":"M\u00e1s que medicina.","potentialAction":[{"@type":"SearchAction","target":{"@type":"EntryPoint","urlTemplate":"https:\/\/www.southcoast.org\/?s={search_term_string}"},"query-input":{"@type":"PropertyValueSpecification","valueRequired":true,"valueName":"search_term_string"}}],"inLanguage":"es-MX"}]}},"_links":{"self":[{"href":"https:\/\/www.southcoast.org\/es\/wp-json\/wp\/v2\/pages\/274878","targetHints":{"allow":["GET"]}}],"collection":[{"href":"https:\/\/www.southcoast.org\/es\/wp-json\/wp\/v2\/pages"}],"about":[{"href":"https:\/\/www.southcoast.org\/es\/wp-json\/wp\/v2\/types\/page"}],"author":[{"embeddable":true,"href":"https:\/\/www.southcoast.org\/es\/wp-json\/wp\/v2\/users\/11"}],"replies":[{"embeddable":true,"href":"https:\/\/www.southcoast.org\/es\/wp-json\/wp\/v2\/comments?post=274878"}],"version-history":[{"count":3,"href":"https:\/\/www.southcoast.org\/es\/wp-json\/wp\/v2\/pages\/274878\/revisions"}],"predecessor-version":[{"id":286440,"href":"https:\/\/www.southcoast.org\/es\/wp-json\/wp\/v2\/pages\/274878\/revisions\/286440"}],"wp:attachment":[{"href":"https:\/\/www.southcoast.org\/es\/wp-json\/wp\/v2\/media?parent=274878"}],"curies":[{"name":"wp","href":"https:\/\/api.w.org\/{rel}","templated":true}]}}