{"id":274682,"date":"2025-09-11T15:45:20","date_gmt":"2025-09-11T15:45:20","guid":{"rendered":"https:\/\/live-southcoast-health-multi.southcoast-health.org\/?page_id=274682"},"modified":"2025-09-11T20:53:42","modified_gmt":"2025-09-11T20:53:42","slug":"weight-loss-surgery-safety","status":"publish","type":"page","link":"https:\/\/www.southcoast.org\/es\/weight-loss-surgery-safety\/","title":{"rendered":"Seguridad de la cirug\u00eda de p\u00e9rdida de peso"},"content":{"rendered":"<div class=\"hero-secondary-block\">\n    <div class=\"background\" style=\"background-color: #E9F7F4\"><\/div>\n    <div class=\"container\">\n        <div class=\"grid\">\n            <div class=\"col-bleed-y\">\n                <div class=\"grid intro-text\">\n                    <img decoding=\"async\" class=\"corner-art\" src=\"https:\/\/www.southcoast.org\/wp-content\/themes\/southcoast_multisite\/images\/herobasic-corner-art.png\" alt=\"corner art\">\n                    <div class=\"col-md-9\">\n                                                                                                    <h1>Seguridad de la cirug\u00eda de p\u00e9rdida de peso<\/h1>\n                                                                            <div class=\"copy\">\n                                <p><span class=\"TextRun SCXW101634244 BCX8\" lang=\"EN-US\" xml:lang=\"EN-US\" data-contrast=\"none\"><span class=\"NormalTextRun SCXW101634244 BCX8\">En Southcoast Health, su seguridad es nuestra m\u00e1xima prioridad. <\/span><\/span><\/p>\n                            <\/div>\n                                            <\/div>\n                    \n                <\/div>\n                <div class=\"image\">\n                                            <img decoding=\"async\" class=\"hero-img\" src=\"https:\/\/www.southcoast.org\/wp-content\/uploads\/2025\/09\/da-Vinci-Surgical-System-Robotic-Surgery-Weight-Loss-16-Danilo-Decio-scaled.jpg\" alt=\"\">\n                                    <\/div>\n                            <\/div>\n        <\/div>\n    <\/div>\n<\/div>\n\n\n<div  class=\"blockSettings  paddingTopMD paddingBottomSM copyFullFluid fullwidth light\" style=\"\">\t<div class=\"container\">\n\t\t<div class=\"grid\">\n            \t\t\t<div class=\"copyFullWrap\">\n\t\t\t\t<div class=\"col-sm-12\">\n                    <div class=\"maincopy\">\n                        <h2 id=\"h-are-you-eligible-for-weight-loss-surgery-at-southcoast-health\" class=\"wp-block-heading\"><span class=\"TextRun SCXW36573598 BCX8\" lang=\"EN-US\" xml:lang=\"EN-US\" data-contrast=\"none\"><span class=\"NormalTextRun SCXW36573598 BCX8\" data-ccp-parastyle=\"heading 2\">Su seguridad es lo primero en Southcoast Health<\/span><\/span><span class=\"EOP SCXW36573598 BCX8\" data-ccp-props=\"{&quot;134245418&quot;:true,&quot;134245529&quot;:true,&quot;335559738&quot;:160,&quot;335559739&quot;:80}\">\u00a0<\/span><\/h2>\n<p><span class=\"TextRun SCXW101634244 BCX8\" lang=\"EN-US\" xml:lang=\"EN-US\" data-contrast=\"none\"><span class=\"NormalTextRun SCXW101634244 BCX8\">Entendemos que la cirug\u00eda puede ser aterrador pensar, y es por eso que nos aseguramos de un equipo de atenci\u00f3n de apoyo completo a trav\u00e9s de cada paso de su proceso de cirug\u00eda de p\u00e9rdida de peso.<\/span><\/span><\/p>\n<h2>Cirug\u00edas de p\u00e9rdida de peso seguras y fiables<\/h2>\n<p>Ofrecemos dos de las opciones de cirug\u00eda de p\u00e9rdida de peso m\u00e1s fiables y eficaces disponibles en la actualidad. Cada procedimiento es realizado por cirujanos altamente experimentados en un centro bari\u00e1trico acreditado a nivel nacional, siguiendo estrictos protocolos de seguridad.<\/p>\n<p><a href=\"https:\/\/www.southcoast.org\/es\/services\/weight-loss\/roux-en-y-gastric-bypass\/\"><strong>Bypass g\u00e1strico en Y de Roux (RYGB)<\/strong><\/a><\/p>\n<ul>\n<li data-leveltext=\"\uf0b7\" data-font=\"Symbol\" data-listid=\"1\" data-list-defn-props=\"{&quot;335552541&quot;:1,&quot;335559685&quot;:720,&quot;335559991&quot;:360,&quot;469769226&quot;:&quot;Symbol&quot;,&quot;469769242&quot;:[8226],&quot;469777803&quot;:&quot;left&quot;,&quot;469777804&quot;:&quot;\uf0b7&quot;,&quot;469777815&quot;:&quot;hybridMultilevel&quot;}\" data-aria-posinset=\"1\" data-aria-level=\"1\"><span data-contrast=\"none\"><strong>Riesgo bajo:<\/strong> Menos de 5 de cada 100 personas tienen problemas, y la mayor\u00eda son peque\u00f1os y f\u00e1ciles de tratar<\/span><\/li>\n<li data-leveltext=\"\uf0b7\" data-font=\"Symbol\" data-listid=\"1\" data-list-defn-props=\"{&quot;335552541&quot;:1,&quot;335559685&quot;:720,&quot;335559991&quot;:360,&quot;469769226&quot;:&quot;Symbol&quot;,&quot;469769242&quot;:[8226],&quot;469777803&quot;:&quot;left&quot;,&quot;469777804&quot;:&quot;\uf0b7&quot;,&quot;469777815&quot;:&quot;hybridMultilevel&quot;}\" data-aria-posinset=\"1\" data-aria-level=\"1\"><span data-contrast=\"none\"><strong>Muy seguro:<\/strong> La probabilidad de problemas graves es muy baja (aproximadamente 1 de cada 1.000)<\/span><\/li>\n<li data-leveltext=\"\uf0b7\" data-font=\"Symbol\" data-listid=\"1\" data-list-defn-props=\"{&quot;335552541&quot;:1,&quot;335559685&quot;:720,&quot;335559991&quot;:360,&quot;469769226&quot;:&quot;Symbol&quot;,&quot;469769242&quot;:[8226],&quot;469777803&quot;:&quot;left&quot;,&quot;469777804&quot;:&quot;\uf0b7&quot;,&quot;469777815&quot;:&quot;hybridMultilevel&quot;}\" data-aria-posinset=\"1\" data-aria-level=\"1\"><span data-contrast=\"none\"><strong>Recuperaci\u00f3n r\u00e1pida:<\/strong> La mayor\u00eda de las personas permanecen en el hospital dos d\u00edas y se sienten mejor entre dos y cuatro semanas despu\u00e9s.<\/span><\/li>\n<\/ul>\n<p><strong><a href=\"https:\/\/www.southcoast.org\/es\/services\/weight-loss\/laparoscopic-sleeve-gastrectomy\/\">Gastrectom\u00eda en manga:\u00a0<\/a><\/strong><\/p>\n<ul>\n<li data-leveltext=\"\uf0b7\" data-font=\"Symbol\" data-listid=\"2\" data-list-defn-props=\"{&quot;335552541&quot;:1,&quot;335559685&quot;:720,&quot;335559991&quot;:360,&quot;469769226&quot;:&quot;Symbol&quot;,&quot;469769242&quot;:[8226],&quot;469777803&quot;:&quot;left&quot;,&quot;469777804&quot;:&quot;\uf0b7&quot;,&quot;469777815&quot;:&quot;hybridMultilevel&quot;}\" data-aria-posinset=\"1\" data-aria-level=\"1\"><span data-contrast=\"none\"><strong>Muy seguro:<\/strong> S\u00f3lo de 1 a 3 de cada 100 personas tienen problemas<\/span><\/li>\n<li data-leveltext=\"\uf0b7\" data-font=\"Symbol\" data-listid=\"2\" data-list-defn-props=\"{&quot;335552541&quot;:1,&quot;335559685&quot;:720,&quot;335559991&quot;:360,&quot;469769226&quot;:&quot;Symbol&quot;,&quot;469769242&quot;:[8226],&quot;469777803&quot;:&quot;left&quot;,&quot;469777804&quot;:&quot;\uf0b7&quot;,&quot;469777815&quot;:&quot;hybridMultilevel&quot;}\" data-aria-posinset=\"1\" data-aria-level=\"1\"><span data-contrast=\"none\"><strong>Riesgo bajo:<\/strong> Los problemas graves son poco frecuentes (aproximadamente 1 de cada 1.000)<\/span><\/li>\n<li data-leveltext=\"\uf0b7\" data-font=\"Symbol\" data-listid=\"2\" data-list-defn-props=\"{&quot;335552541&quot;:1,&quot;335559685&quot;:720,&quot;335559991&quot;:360,&quot;469769226&quot;:&quot;Symbol&quot;,&quot;469769242&quot;:[8226],&quot;469777803&quot;:&quot;left&quot;,&quot;469777804&quot;:&quot;\uf0b7&quot;,&quot;469777815&quot;:&quot;hybridMultilevel&quot;}\" data-aria-posinset=\"1\" data-aria-level=\"1\"><span data-contrast=\"none\"><strong>Recuperaci\u00f3n r\u00e1pida:<\/strong> La mayor\u00eda de las personas permanecen 1 \u00f3 2 d\u00edas en el hospital y se sienten mejor en 2 \u00f3 3 semanas<\/span><\/li>\n<\/ul>\n<h2><span class=\"TextRun SCXW69217976 BCX8\" lang=\"EN-US\" xml:lang=\"EN-US\" data-contrast=\"none\"><span class=\"NormalTextRun SCXW69217976 BCX8\" data-ccp-parastyle=\"heading 2\">Un equipo que se preocupa por usted<\/span><\/span><span class=\"EOP SCXW69217976 BCX8\" data-ccp-props=\"{&quot;134245418&quot;:true,&quot;134245529&quot;:true,&quot;335559738&quot;:160,&quot;335559739&quot;:80}\">\u00a0<\/span><\/h2>\n<p><span data-contrast=\"none\">Contar\u00e1 con el apoyo de todo un equipo de expertos en <a href=\"https:\/\/www.southcoast.org\/es\/services\/weight-loss\/\">Southcoast Health P\u00e9rdida de peso<\/a> que se preocupan por tu salud y tu \u00e9xito:<\/span><span data-ccp-props=\"{&quot;134233117&quot;:false,&quot;134233118&quot;:false,&quot;335557856&quot;:16777215,&quot;335559738&quot;:120,&quot;335559739&quot;:60}\">\u00a0<\/span><\/p>\n<ul>\n<li><span data-contrast=\"none\"><strong>Personal de oficina:<\/strong> Amables y serviciales, se aseguran de que tus citas est\u00e9n programadas y de que tus preguntas sean respondidas.<\/span><\/li>\n<li><span data-contrast=\"none\"><strong>Cirujanos:<\/strong> Nuestros m\u00e9dicos est\u00e1n altamente cualificados y tienen mucha experiencia. Utilizan las \u00faltimas herramientas y t\u00e9cnicas suaves para ayudarle a curarse m\u00e1s r\u00e1pidamente. Tambi\u00e9n dedican tiempo a escuchar y responder a sus preguntas.<\/span><span data-ccp-props=\"{&quot;134233117&quot;:false,&quot;134233118&quot;:false,&quot;335557856&quot;:16777215,&quot;335559738&quot;:0,&quot;335559739&quot;:0}\">\u00a0<\/span><\/li>\n<li><span data-contrast=\"none\"><strong>Enfermeros y enfermeras:<\/strong> Le ayudan a comprender los cuidados que recibe y le prestan apoyo antes y despu\u00e9s de la intervenci\u00f3n quir\u00fargica.<\/span><\/li>\n<li><span data-contrast=\"none\"><strong>Equipo de atenci\u00f3n a pacientes hospitalizados:<\/strong> Estas son las personas que cuidan de ti mientras est\u00e1s en el hospital<\/span><\/li>\n<li><span data-contrast=\"none\"><strong>Dietistas:<\/strong> Te ense\u00f1an a comer de forma saludable y te ayudan a elaborar un plan alimentario que te funcione<\/span><\/li>\n<li><span data-contrast=\"none\"><strong>Trabajadores Sociales (LICSW):<\/strong> Le ayudan con el aspecto emocional de su viaje y apoyan su salud mental.<\/span><\/li>\n<\/ul>\n<h2>C\u00f3mo le mantenemos seguro<\/h2>\n<ul>\n<li data-leveltext=\"\uf0b7\" data-font=\"Symbol\" data-listid=\"4\" data-list-defn-props=\"{&quot;335552541&quot;:1,&quot;335559685&quot;:720,&quot;335559991&quot;:360,&quot;469769226&quot;:&quot;Symbol&quot;,&quot;469769242&quot;:[8226],&quot;469777803&quot;:&quot;left&quot;,&quot;469777804&quot;:&quot;\uf0b7&quot;,&quot;469777815&quot;:&quot;hybridMultilevel&quot;}\" data-aria-posinset=\"1\" data-aria-level=\"1\"><span data-contrast=\"none\"><strong>Revisiones cuidadosas:<\/strong> Examinamos su estado de salud antes de la operaci\u00f3n para asegurarnos de que es segura para usted.<\/span><\/li>\n<li data-leveltext=\"\uf0b7\" data-font=\"Symbol\" data-listid=\"4\" data-list-defn-props=\"{&quot;335552541&quot;:1,&quot;335559685&quot;:720,&quot;335559991&quot;:360,&quot;469769226&quot;:&quot;Symbol&quot;,&quot;469769242&quot;:[8226],&quot;469777803&quot;:&quot;left&quot;,&quot;469777804&quot;:&quot;\uf0b7&quot;,&quot;469777815&quot;:&quot;hybridMultilevel&quot;}\" data-aria-posinset=\"1\" data-aria-level=\"1\"><span data-contrast=\"none\"><strong>Herramientas modernas:<\/strong> Utilizamos la tecnolog\u00eda m\u00e1s avanzada, incluida la cirug\u00eda rob\u00f3tica, para que la intervenci\u00f3n sea m\u00e1s segura y la recuperaci\u00f3n m\u00e1s r\u00e1pida.<\/span><\/li>\n<li data-leveltext=\"\uf0b7\" data-font=\"Symbol\" data-listid=\"4\" data-list-defn-props=\"{&quot;335552541&quot;:1,&quot;335559685&quot;:720,&quot;335559991&quot;:360,&quot;469769226&quot;:&quot;Symbol&quot;,&quot;469769242&quot;:[8226],&quot;469777803&quot;:&quot;left&quot;,&quot;469777804&quot;:&quot;\uf0b7&quot;,&quot;469777815&quot;:&quot;hybridMultilevel&quot;}\" data-aria-posinset=\"1\" data-aria-level=\"1\"><span data-contrast=\"none\"><strong>Cirujanos expertos:<\/strong> Nuestros m\u00e9dicos son expertos y atentos<\/span><\/li>\n<li data-leveltext=\"\uf0b7\" data-font=\"Symbol\" data-listid=\"4\" data-list-defn-props=\"{&quot;335552541&quot;:1,&quot;335559685&quot;:720,&quot;335559991&quot;:360,&quot;469769226&quot;:&quot;Symbol&quot;,&quot;469769242&quot;:[8226],&quot;469777803&quot;:&quot;left&quot;,&quot;469777804&quot;:&quot;\uf0b7&quot;,&quot;469777815&quot;:&quot;hybridMultilevel&quot;}\" data-aria-posinset=\"1\" data-aria-level=\"1\"><span data-contrast=\"none\"><strong>Apoyo personal:<\/strong> Estamos con usted en todo momento, desde su primera visita hasta su recuperaci\u00f3n.<\/span><\/li>\n<li data-leveltext=\"\uf0b7\" data-font=\"Symbol\" data-listid=\"4\" data-list-defn-props=\"{&quot;335552541&quot;:1,&quot;335559685&quot;:720,&quot;335559991&quot;:360,&quot;469769226&quot;:&quot;Symbol&quot;,&quot;469769242&quot;:[8226],&quot;469777803&quot;:&quot;left&quot;,&quot;469777804&quot;:&quot;\uf0b7&quot;,&quot;469777815&quot;:&quot;hybridMultilevel&quot;}\" data-aria-posinset=\"1\" data-aria-level=\"1\"><span data-contrast=\"none\"><strong>Ayuda a largo plazo:<\/strong> Seguimos ayud\u00e1ndole despu\u00e9s de la operaci\u00f3n con consejos alimentarios, asesoramiento sobre su estilo de vida y controles.<\/span><\/li>\n<\/ul>\n<p><strong><span class=\"TextRun SCXW11176963 BCX8\" lang=\"EN-US\" xml:lang=\"EN-US\" data-contrast=\"none\"><span class=\"NormalTextRun SCXW11176963 BCX8\" data-ccp-parastyle=\"heading 2\">\u00bfListo para comenzar su viaje de p\u00e9rdida de peso con Southcoast Health?<\/span><\/span><span class=\"EOP SCXW11176963 BCX8\" data-ccp-props=\"{&quot;134245418&quot;:true,&quot;134245529&quot;:true,&quot;335559738&quot;:160,&quot;335559739&quot;:80}\">\u00a0<\/span><\/strong><\/p>\n<p>A ver si eres <a href=\"https:\/\/www.southcoast.org\/es\/weight-loss-surgery-eligibility\/\">elegibles para cirug\u00eda de p\u00e9rdida de peso<\/a> y p\u00f3ngase en contacto con nosotros hoy mismo para programar una consulta o para obtener m\u00e1s informaci\u00f3n sobre c\u00f3mo la cirug\u00eda de p\u00e9rdida de peso puede ayudarle a alcanzar sus objetivos de salud.<\/p>\n                    <\/div>\n\n                    \n                    <div class=\"ctaWrap ctaCenter\">\n                                                                                        <a aria-label=\"enlace para solicitar m\u00e1s informaci\u00f3n\" class=\"mainCTA shadow light1 ctaRight\" href=\"https:\/\/www.southcoast.org\/es\/weight-loss-request-more-information\/\" target=\"_blank\" title=\"Abre Solicitar m\u00e1s informaci\u00f3n en una nueva pesta\u00f1a o ventana\" rel=\"noopener noreferrer\">Solicitar m\u00e1s informaci\u00f3n<span class=\"fa-regular fa-up-right-from-square\"><\/span><\/a>                                                                                    \n                                                                                                                            <\/div>\n\n\t\t\t\t<\/div>\n\t\t\t<\/div>\n            \n\n            \n\n            \t\t<\/div>\n\t<\/div>\n<\/div>","protected":false},"excerpt":{"rendered":"","protected":false},"author":11,"featured_media":0,"parent":0,"menu_order":0,"comment_status":"closed","ping_status":"closed","template":"","meta":{"_acf_changed":false,"footnotes":""},"class_list":["post-274682","page","type-page","status-publish","hentry"],"acf":[],"yoast_head":"<!-- This site is optimized with the Yoast SEO plugin v26.0 - https:\/\/yoast.com\/wordpress\/plugins\/seo\/ -->\n<title>Weight Loss Surgery Safety - Southcoast Health<\/title>\n<meta name=\"description\" content=\"At Southcoast Health Weight Loss, we are here to help you feel safe and supported throughout your whole process.\" \/>\n<meta name=\"robots\" content=\"index, follow, max-snippet:-1, max-image-preview:large, max-video-preview:-1\" \/>\n<link rel=\"canonical\" href=\"https:\/\/www.southcoast.org\/es\/weight-loss-surgery-safety\/\" \/>\n<meta property=\"og:locale\" content=\"es_MX\" \/>\n<meta property=\"og:type\" content=\"article\" \/>\n<meta property=\"og:title\" content=\"Weight Loss Surgery Safety - Southcoast Health\" \/>\n<meta property=\"og:description\" content=\"At Southcoast Health Weight Loss, we are here to help you feel safe and supported throughout your whole process.\" \/>\n<meta property=\"og:url\" content=\"https:\/\/www.southcoast.org\/es\/weight-loss-surgery-safety\/\" \/>\n<meta property=\"og:site_name\" content=\"Southcoast Health\" \/>\n<meta property=\"article:modified_time\" content=\"2025-09-11T20:53:42+00:00\" \/>\n<meta name=\"twitter:card\" content=\"summary_large_image\" \/>\n<script type=\"application\/ld+json\" class=\"yoast-schema-graph\">{\"@context\":\"https:\/\/schema.org\",\"@graph\":[{\"@type\":\"WebPage\",\"@id\":\"https:\/\/www.southcoast.org\/weight-loss-surgery-safety\/\",\"url\":\"https:\/\/www.southcoast.org\/weight-loss-surgery-safety\/\",\"name\":\"Weight Loss Surgery Safety - Southcoast Health\",\"isPartOf\":{\"@id\":\"https:\/\/www.southcoast.org\/#website\"},\"datePublished\":\"2025-09-11T15:45:20+00:00\",\"dateModified\":\"2025-09-11T20:53:42+00:00\",\"description\":\"At Southcoast Health Weight Loss, we are here to help you feel safe and supported throughout your whole process.\",\"breadcrumb\":{\"@id\":\"https:\/\/www.southcoast.org\/weight-loss-surgery-safety\/#breadcrumb\"},\"inLanguage\":\"es-MX\",\"potentialAction\":[{\"@type\":\"ReadAction\",\"target\":[\"https:\/\/www.southcoast.org\/weight-loss-surgery-safety\/\"]}]},{\"@type\":\"BreadcrumbList\",\"@id\":\"https:\/\/www.southcoast.org\/weight-loss-surgery-safety\/#breadcrumb\",\"itemListElement\":[{\"@type\":\"ListItem\",\"position\":1,\"name\":\"\",\"item\":\"https:\/\/www.southcoast.org\/\"},{\"@type\":\"ListItem\",\"position\":2,\"name\":\"Weight Loss Surgery Safety\"}]},{\"@type\":\"WebSite\",\"@id\":\"https:\/\/www.southcoast.org\/#website\",\"url\":\"https:\/\/www.southcoast.org\/\",\"name\":\"Southcoast Health\",\"description\":\"More than medicine.\",\"potentialAction\":[{\"@type\":\"SearchAction\",\"target\":{\"@type\":\"EntryPoint\",\"urlTemplate\":\"https:\/\/www.southcoast.org\/?s={search_term_string}\"},\"query-input\":{\"@type\":\"PropertyValueSpecification\",\"valueRequired\":true,\"valueName\":\"search_term_string\"}}],\"inLanguage\":\"es-MX\"}]}<\/script>\n<!-- \/ Yoast SEO plugin. -->","yoast_head_json":{"title":"Weight Loss Surgery Safety - Southcoast Health","description":"En Southcoast Health Weight Loss, estamos aqu\u00ed para ayudarle a sentirse seguro y apoyado durante todo el proceso.","robots":{"index":"index","follow":"follow","max-snippet":"max-snippet:-1","max-image-preview":"max-image-preview:large","max-video-preview":"max-video-preview:-1"},"canonical":"https:\/\/www.southcoast.org\/es\/weight-loss-surgery-safety\/","og_locale":"es_MX","og_type":"article","og_title":"Weight Loss Surgery Safety - Southcoast Health","og_description":"At Southcoast Health Weight Loss, we are here to help you feel safe and supported throughout your whole process.","og_url":"https:\/\/www.southcoast.org\/es\/weight-loss-surgery-safety\/","og_site_name":"Southcoast Health","article_modified_time":"2025-09-11T20:53:42+00:00","twitter_card":"summary_large_image","schema":{"@context":"https:\/\/schema.org","@graph":[{"@type":"WebPage","@id":"https:\/\/www.southcoast.org\/weight-loss-surgery-safety\/","url":"https:\/\/www.southcoast.org\/weight-loss-surgery-safety\/","name":"Weight Loss Surgery Safety - Southcoast Health","isPartOf":{"@id":"https:\/\/www.southcoast.org\/#website"},"datePublished":"2025-09-11T15:45:20+00:00","dateModified":"2025-09-11T20:53:42+00:00","description":"En Southcoast Health Weight Loss, estamos aqu\u00ed para ayudarle a sentirse seguro y apoyado durante todo el proceso.","breadcrumb":{"@id":"https:\/\/www.southcoast.org\/weight-loss-surgery-safety\/#breadcrumb"},"inLanguage":"es-MX","potentialAction":[{"@type":"ReadAction","target":["https:\/\/www.southcoast.org\/weight-loss-surgery-safety\/"]}]},{"@type":"BreadcrumbList","@id":"https:\/\/www.southcoast.org\/weight-loss-surgery-safety\/#breadcrumb","itemListElement":[{"@type":"ListItem","position":1,"name":"","item":"https:\/\/www.southcoast.org\/"},{"@type":"ListItem","position":2,"name":"Weight Loss Surgery Safety"}]},{"@type":"WebSite","@id":"https:\/\/www.southcoast.org\/#website","url":"https:\/\/www.southcoast.org\/","name":"Southcoast Health","description":"M\u00e1s que medicina.","potentialAction":[{"@type":"SearchAction","target":{"@type":"EntryPoint","urlTemplate":"https:\/\/www.southcoast.org\/?s={search_term_string}"},"query-input":{"@type":"PropertyValueSpecification","valueRequired":true,"valueName":"search_term_string"}}],"inLanguage":"es-MX"}]}},"_links":{"self":[{"href":"https:\/\/www.southcoast.org\/es\/wp-json\/wp\/v2\/pages\/274682","targetHints":{"allow":["GET"]}}],"collection":[{"href":"https:\/\/www.southcoast.org\/es\/wp-json\/wp\/v2\/pages"}],"about":[{"href":"https:\/\/www.southcoast.org\/es\/wp-json\/wp\/v2\/types\/page"}],"author":[{"embeddable":true,"href":"https:\/\/www.southcoast.org\/es\/wp-json\/wp\/v2\/users\/11"}],"replies":[{"embeddable":true,"href":"https:\/\/www.southcoast.org\/es\/wp-json\/wp\/v2\/comments?post=274682"}],"version-history":[{"count":7,"href":"https:\/\/www.southcoast.org\/es\/wp-json\/wp\/v2\/pages\/274682\/revisions"}],"predecessor-version":[{"id":274692,"href":"https:\/\/www.southcoast.org\/es\/wp-json\/wp\/v2\/pages\/274682\/revisions\/274692"}],"wp:attachment":[{"href":"https:\/\/www.southcoast.org\/es\/wp-json\/wp\/v2\/media?parent=274682"}],"curies":[{"name":"wp","href":"https:\/\/api.w.org\/{rel}","templated":true}]}}